{"id":18457,"date":"2025-12-19T19:16:58","date_gmt":"2025-12-19T18:16:58","guid":{"rendered":"https:\/\/www.novotek.com\/be\/?page_id=18457"},"modified":"2025-12-19T19:17:00","modified_gmt":"2025-12-19T18:17:00","slug":"opc","status":"publish","type":"page","link":"https:\/\/www.novotek.com\/be\/fr\/solutions-et-produits\/opc\/","title":{"rendered":"OPC"},"content":{"rendered":"  <div class=\"hero\">\n    <div class=\"carousel hero-slider large\" data-flickity data-flickity-options='{\"prevNextButtons\": false}'>\n              <div class=\"carousel-cell\">\n          <div class=\"container\">\n            <div class=\"hero-content\">\n                              <h1>OPC \u2013 Communication industrielle<\/h1>\n<p>Am\u00e9liorez la communication des donn\u00e9es entre les appareils et les syst\u00e8mes de diff\u00e9rents fournisseurs gr\u00e2ce \u00e0 Open Platform Communications (OPC).<\/p>\n              \n                          <\/div>\n          <\/div>\n\n          <img decoding=\"async\" width=\"1024\" height=\"427\" src=\"https:\/\/www.novotek.com\/be\/wp-content\/uploads\/sites\/9\/Novotek_OPC_wires_duotone_1920x800-1024x427.jpg.webp\" class=\"hero-bg\" alt=\"Hero Img\" fetchpriority=\"high\" srcset=\"https:\/\/www.novotek.com\/be\/wp-content\/uploads\/sites\/9\/Novotek_OPC_wires_duotone_1920x800-1024x427.jpg.webp 1024w, https:\/\/www.novotek.com\/be\/wp-content\/uploads\/sites\/9\/Novotek_OPC_wires_duotone_1920x800-300x125.jpg.webp 300w, https:\/\/www.novotek.com\/be\/wp-content\/uploads\/sites\/9\/Novotek_OPC_wires_duotone_1920x800-768x320.jpg.webp 768w, https:\/\/www.novotek.com\/be\/wp-content\/uploads\/sites\/9\/Novotek_OPC_wires_duotone_1920x800-1536x640.jpg.webp 1536w, https:\/\/www.novotek.com\/be\/wp-content\/uploads\/sites\/9\/Novotek_OPC_wires_duotone_1920x800.jpg.webp 1920w\" sizes=\"(max-width: 1024px) 100vw, 1024px\" \/>                  <\/div>\n          <\/div>\n\n      <\/div>\n\n   \n\n\n<div class=\"container-md heading  \">\n<h2 class=\"wp-block-heading\" id=\"betere-communicatie-geeft-betere-resultaten\">Une meilleure communication donne de meilleurs r\u00e9sultats<\/h2>\n<\/div>\n\n<div class=\"container-md paragraph  \">\n<p>Seule une communication plus claire permet de conna\u00eetre le statut d\u2019une machine donn\u00e9e. L\u2019\u00e9change de donn\u00e9es forme la base de maints si pas tous les syst\u00e8mes de num\u00e9risation et de reporting. Si la base n\u2019est pas bonne, le traitement ult\u00e9rieur des donn\u00e9es posera in\u00e9vitablement des probl\u00e8mes.<\/p>\n<\/div>\n\n<div class=\"container-md image  \">\n<figure class=\"wp-block-image size-large\"><img decoding=\"async\" src=\"https:\/\/www.novotek.com\/wp-content\/uploads\/sites\/9\/NovotekBenelux\/SOLUTIONIDUSTRIELECOMMUNICATIE\/OPC-industriele-communicatie.jpg\" alt=\"\" \/><\/figure>\n<\/div>\n\n<div class=\"container-md heading  \">\n<h3 class=\"wp-block-heading\" id=\"hoe-realiseer-je-een-industrieel-communicatieplatform\">Comment r\u00e9aliser une plate-forme de communication industrielle&nbsp;?<\/h3>\n<\/div>\n\n<div class=\"container-md paragraph  \">\n<p>Comme dans le langage ordinaire, une bonne communication suppose l\u2019utilisation d\u2019une norme qui d\u00e9finit des conventions claires. OPC est une telle norme qui est entre-temps utilis\u00e9e par des milliers de fournisseurs.<\/p>\n<\/div>\n\n<div class=\"container-md paragraph  \">\n<p>OPC &#8211; Open Platform Communications &#8211; est une plate-forme de communication s\u00e9curis\u00e9e pour l\u2019\u00e9change de donn\u00e9es dans le monde de l\u2019industrie et de l\u2019automatisation. La plate-forme permet le raccordement, l\u2019activation, la surveillance et la commande de diff\u00e9rents dispositifs d\u2019automatisation via une seule et unique source. Cette solution est ind\u00e9pendante des plates-formes et veille \u00e0 un flux d\u2019information transparent entre les syst\u00e8mes de diff\u00e9rents fournisseurs.<\/p>\n<\/div>\n\n<div class=\"container-md heading  \">\n<h3 class=\"wp-block-heading\" id=\"communicatie-op-basis-van-client-server\">Communication sur base client\/serveur<\/h3>\n<\/div>\n\n<div class=\"container-md paragraph  \">\n<p>OPC fonctionne sur la base de clients et de serveurs, le client demandant des donn\u00e9es que le serveur fournit. C\u2019est ainsi le client qui d\u00e9termine des donn\u00e9es que le serveur doit aller chercher dans les syst\u00e8mes enfants, par ex. un PLC. De cette mani\u00e8re, les PLC et autres dispositifs d\u2019automatisation sont raccord\u00e9s \u00e0 des syst\u00e8mes HMI\/SCADA, des bases de donn\u00e9es de processus et des syst\u00e8mes MES\/ERP. OPC vous donne en toute simplicit\u00e9 acc\u00e8s \u00e0 des donn\u00e9es en temps r\u00e9el, surveille vos alarmes et \u00e9v\u00e9nements et permet l\u2019acc\u00e8s aux donn\u00e9es historiques de diff\u00e9rents syst\u00e8mes.<\/p>\n<\/div>\n\n<div class=\"container-md paragraph  \">\n<p><\/p>\n<\/div>\n\n<div class=\"container-md image  \">\n<figure class=\"wp-block-image size-full\"><img loading=\"lazy\" decoding=\"async\" width=\"1024\" height=\"640\" src=\"https:\/\/www.novotek.com\/nl\/wp-content\/uploads\/sites\/9\/NovotekBenelux\/SOLUTIONIDUSTRIELECOMMUNICATIE\/Novotek_OPC_grafiek-1024x640-1.png\" alt=\"OPC - Client Server communicatie\" class=\"wp-image-3344\" srcset=\"https:\/\/www.novotek.com\/be\/wp-content\/uploads\/sites\/9\/NovotekBenelux\/SOLUTIONIDUSTRIELECOMMUNICATIE\/Novotek_OPC_grafiek-1024x640-1.png 1024w, https:\/\/www.novotek.com\/be\/wp-content\/uploads\/sites\/9\/NovotekBenelux\/SOLUTIONIDUSTRIELECOMMUNICATIE\/Novotek_OPC_grafiek-1024x640-1-300x188.png 300w, https:\/\/www.novotek.com\/be\/wp-content\/uploads\/sites\/9\/NovotekBenelux\/SOLUTIONIDUSTRIELECOMMUNICATIE\/Novotek_OPC_grafiek-1024x640-1-768x480.png 768w\" sizes=\"auto, (max-width: 1024px) 100vw, 1024px\" \/><\/figure>\n<\/div>\n\n<div class=\"container-md paragraph  \">\n<p>Il convient d\u2019op\u00e9rer une distinction entre les diff\u00e9rentes normes OPC. Les normes OPC classiques sont d\u00e9nomm\u00e9es OPC DA (Data Access), OPC A&amp;E (Alarm &amp; Events), OPC HDA (Historical Data Access) et OPC XML \/ CSV \/ DX (Data Exchange). La norme OPC actuelle est \u00e9galement d\u00e9nomm\u00e9e OPC UA (Unified Architecture) et est ind\u00e9pendante des plates-formes. Le serveur peut ainsi tourner sous Apple, Linux ou Windows.<\/p>\n<\/div>\n\n<div class=\"container-md heading  \">\n<h3 class=\"wp-block-heading\" id=\"klassieke-opc-standaarden-en-opc-ua\">Normes OPC classiques et OPC UA.<\/h3>\n<\/div>\n\n<div class=\"container-md paragraph  \">\n<p>OPC est un des modes de communication les plus fr\u00e9quemment utilis\u00e9s dans le monde de l\u2019industrie et de l\u2019automatisation. En utilisant une plate-forme de communication OPC pour relier entre eux diff\u00e9rents dispositifs, appareils d\u2019automatisation, bases de donn\u00e9es de processus et syst\u00e8mes, vous b\u00e9n\u00e9ficiez d\u2019un meilleur flux de communication au sein de votre entreprise. L\u2019acc\u00e8s ais\u00e9 aux informations via une seule et unique source vous donne une vue d\u2019ensemble meilleure et plus rapide.<\/p>\n<\/div>\n\n<div class=\"container-md paragraph  \">\n<p>Une plateforme de communication OPC est une solution adapt\u00e9e \u00e0 tous les types d&rsquo;entreprises de production. Novotek propose diff\u00e9rentes solutions OPC, dont la plateforme de communication OPC leader sur le march\u00e9 : En savoir plus sur KEPServerEX de Kepware.<br>\ufffc<br>Nous proposons \u00e9galement les produits suivants : OPC Router, serveurs OPC et pilotes d&rsquo;E\/S.&nbsp;<\/p>\n<\/div>\n\n<div class=\"container media-text  alignwide\">\n<div class=\"wp-block-media-text alignwide has-media-on-the-right is-stacked-on-mobile\"><div class=\"wp-block-media-text__content\"><div class=\"container-md paragraph  \">\n<p><em>Livre num\u00e9rique<\/em><\/p>\n<\/div>\n\n<div class=\"container-md heading  \">\n<h2 class=\"wp-block-heading\" id=\"uitleg-over-opc-connectiviteit-via-open-standaarden\">Explications relatives \u00e0 l\u2019OPC&nbsp;; la connectivit\u00e9 via des normes ouvertes.<\/h2>\n<\/div>\n\n<div class=\"container-md paragraph  \">\n<p>Le livre num\u00e9rique vous explique les d\u00e9buts de l\u2019OPC Foundation en 1990, l\u2019\u00e9volution de l\u2019OPC Unified Architecture ainsi que les avantages de l\u2019OPC UA. D\u00e9couvrez la norme de communication industrielle largement accept\u00e9e et t\u00e9l\u00e9chargez le livre num\u00e9rique.<\/p>\n<\/div>\n\n<div class=\"container-md\">\n  <div class=\"download-files\">\n          <strong>Download E-Book<\/strong>\n    \n    \n          <ul>\n                  <li>\n                          \n                <div class=\"download-single-file-thumbnail\">\n                  <a href=\"https:\/\/www.novotek.com\/be\/wp-content\/uploads\/sites\/9\/NovotekBenelux\/SOLUTIONIDUSTRIELECOMMUNICATIE\/Uitleg-over-OPC-in-een-e-book.pdf\" download><img decoding=\"async\" class=\"svg-primary\" src=\"https:\/\/www.novotek.com\/be\/wp-content\/themes\/novotek-multi\/assets\/svg\/file.svg\"><\/a>\n                <\/div>\n\n                <div class=\"download-single-file-content\">\n                  <a href=\"https:\/\/www.novotek.com\/be\/wp-content\/uploads\/sites\/9\/NovotekBenelux\/SOLUTIONIDUSTRIELECOMMUNICATIE\/Uitleg-over-OPC-in-een-e-book.pdf\" download><strong>Uitleg over OPC in een e-book<\/strong><\/a>\n\n                  <div class=\"download-single-file-details\">\n                  <a href=\"https:\/\/www.novotek.com\/be\/wp-content\/uploads\/sites\/9\/NovotekBenelux\/SOLUTIONIDUSTRIELECOMMUNICATIE\/Uitleg-over-OPC-in-een-e-book.pdf\" download>PDF<\/a>\n                  <\/div>\n                <\/div>\n\n                          \n          <\/li>\n              <\/ul>\n      <\/div>\n<\/div>\n\n\n<script>\n    function setCookie(key, value, expiry) {\n        var expires = new Date();\n        expires.setTime(expires.getTime() + (expiry * 24 * 60 * 60 * 1000));\n        document.cookie = key + '=' + value + ';expires=' + expires.toUTCString() + '; path=\/';\n    }\n\n    jQuery(document).ready(function($) {\n      $('.btn-primary').click(function() {\n        console.log('yes');\n        setCookie('firstname', $('input.firstname').val(), '30');\n        setCookie('lastname', $('input.lastname').val(), '30');\n        setCookie('email', $('input.email').val(), '30');\n      });\n    });\n<\/script><\/div><figure class=\"wp-block-media-text__media\"><img loading=\"lazy\" decoding=\"async\" width=\"1024\" height=\"662\" src=\"https:\/\/www.novotek.com\/wp-content\/uploads\/sites\/9\/Aanvragen\/OPC-e-book.png\" alt=\"Explications relatives \u00e0 l\u2019OPC dans un livre num\u00e9rique\" class=\"wp-image-4505 size-full\" srcset=\"https:\/\/www.novotek.com\/be\/wp-content\/uploads\/sites\/9\/Aanvragen\/OPC-e-book.png 1024w, https:\/\/www.novotek.com\/be\/wp-content\/uploads\/sites\/9\/Aanvragen\/OPC-e-book-300x194.png 300w, https:\/\/www.novotek.com\/be\/wp-content\/uploads\/sites\/9\/Aanvragen\/OPC-e-book-768x497.png 768w\" sizes=\"auto, (max-width: 1024px) 100vw, 1024px\" \/><\/figure><\/div>\n<\/div>\n\n<div class=\"container-md paragraph  \">\n<p><\/p>\n<\/div>\n\n\n\n  <div class=\"slider-column-parent\">\n    <div class=\"container\">\n      <div class=\"slider-column-title\">Oplossingen voor industri\u00eble communicatie<\/div>\n\n      <div class=\"slider-column\">\n        <div class=\"slider-cell carousel-cell large\"><div class=\"column-box\">\n  \n      <div class=\"title\">\n      KEPServerEX    <\/div>\n  \n      <div class=\"text\">\n      <p><img loading=\"lazy\" decoding=\"async\" class=\"alignnone size-medium wp-image-4602\" src=\"https:\/\/www.novotek.com\/wp-content\/uploads\/sites\/9\/NovotekProducten\/ProductKEPServerEX\/KEPServerEX-productscreen-300x261.png\" alt=\"KEPServerEX OPC communicatieplatform\" width=\"300\" height=\"261\" srcset=\"https:\/\/www.novotek.com\/be\/wp-content\/uploads\/sites\/9\/NovotekProducten\/ProductKEPServerEX\/KEPServerEX-productscreen-300x261.png 300w, https:\/\/www.novotek.com\/be\/wp-content\/uploads\/sites\/9\/NovotekProducten\/ProductKEPServerEX\/KEPServerEX-productscreen.png 600w\" sizes=\"auto, (max-width: 300px) 100vw, 300px\" \/><\/p>\n<p>Het toonaangevende <strong>communicatieplatform<\/strong> van de <strong>industrie<\/strong> en automatisering.<\/p>\n    <\/div>\n  \n      <a class=\"link\"  href=\"https:\/\/www.novotek.com\/be\/fr\/solutions-et-produits\/kepserverex\/\" target=\"\">\n      Lirer plus d&rsquo;KEPServerEX    <\/a>\n  \n  <\/div>\n\n<\/div><div class=\"slider-cell carousel-cell large\"><div class=\"column-box\">\n  \n      <div class=\"title\">\n      OPC Router    <\/div>\n  \n      <div class=\"text\">\n      <p><img loading=\"lazy\" decoding=\"async\" class=\"alignnone size-medium wp-image-4600\" src=\"https:\/\/www.novotek.com\/wp-content\/uploads\/sites\/9\/NovotekProducten\/ProductOPCRouter\/OPC-Router-productscreen-300x261.png\" alt=\"OPC Router voor het uitwisselen van data\" width=\"300\" height=\"261\" srcset=\"https:\/\/www.novotek.com\/be\/wp-content\/uploads\/sites\/9\/NovotekProducten\/ProductOPCRouter\/OPC-Router-productscreen-300x261.png 300w, https:\/\/www.novotek.com\/be\/wp-content\/uploads\/sites\/9\/NovotekProducten\/ProductOPCRouter\/OPC-Router-productscreen.png 600w\" sizes=\"auto, (max-width: 300px) 100vw, 300px\" \/><\/p>\n<p>Een platform voor snelle en gemakkelijke <strong>gegevensuitwisselin<\/strong>g in het hele bedrijf.<\/p>\n    <\/div>\n  \n      <a class=\"link\"  href=\"https:\/\/www.novotek.com\/be\/fr\/solutions-et-produits\/opc-router\/\" target=\"\">\n      Lire plus d&rsquo;OPC Router    <\/a>\n  \n  <\/div>\n\n<\/div><div class=\"slider-cell carousel-cell large\"><div class=\"column-box\">\n  \n      <div class=\"title\">\n      HighByte Intelligence Hub    <\/div>\n  \n      <div class=\"text\">\n      <p><img loading=\"lazy\" decoding=\"async\" class=\"alignnone size-medium wp-image-4606\" src=\"https:\/\/www.novotek.com\/wp-content\/uploads\/sites\/9\/NovotekProducten\/ProductHighByte\/HighByte-Intelligence-Hub-productscreen-300x261.png\" alt=\"HighByte Intelligence Hub\" width=\"300\" height=\"261\" srcset=\"https:\/\/www.novotek.com\/be\/wp-content\/uploads\/sites\/9\/NovotekProducten\/ProductHighByte\/HighByte-Intelligence-Hub-productscreen-300x261.png 300w, https:\/\/www.novotek.com\/be\/wp-content\/uploads\/sites\/9\/NovotekProducten\/ProductHighByte\/HighByte-Intelligence-Hub-productscreen.png 600w\" sizes=\"auto, (max-width: 300px) 100vw, 300px\" \/><\/p>\n<p><strong>Structureer<\/strong>\u00a0en benut uw\u00a0<strong>industri\u00eble data<\/strong>\u00a0beter met een DataOps-oplossing.<\/p>\n    <\/div>\n  \n      <a class=\"link\"  href=\"https:\/\/www.novotek.com\/nl\/fr\/oplossingen-en-producten\/highbyte-intelligence-hub\/\" target=\"\">\n      HighByte Intelligence Hub    <\/a>\n  \n  <\/div>\n\n<\/div><div class=\"slider-cell carousel-cell large\"><div class=\"column-box\">\n  \n      <div class=\"title\">\n      Cogent Datahub    <\/div>\n  \n      <div class=\"text\">\n      <p><img loading=\"lazy\" decoding=\"async\" class=\"alignnone size-medium wp-image-4705\" src=\"https:\/\/www.novotek.com\/wp-content\/uploads\/sites\/9\/NovotekProducten\/ProductCogentDatahub\/Cogent-datahub-product-scherm-300x261.png\" alt=\"Cogent Datahub van Skkynet\" width=\"300\" height=\"261\" srcset=\"https:\/\/www.novotek.com\/be\/wp-content\/uploads\/sites\/9\/NovotekProducten\/ProductCogentDatahub\/Cogent-datahub-product-scherm-300x261.png 300w, https:\/\/www.novotek.com\/be\/wp-content\/uploads\/sites\/9\/NovotekProducten\/ProductCogentDatahub\/Cogent-datahub-product-scherm.png 600w\" sizes=\"auto, (max-width: 300px) 100vw, 300px\" \/><\/p>\n<p>Over de hele wereld veilige <strong>toegang tot realtime fabrieksdata<\/strong> zonder openstaande poorten.<\/p>\n    <\/div>\n  \n      <a class=\"link\"  href=\"https:\/\/www.novotek.com\/be\/fr\/solutions-et-produits\/cogent-datahub\/\" target=\"\">\n      Cogent Datahub    <\/a>\n  \n  <\/div>\n\n<\/div>      <\/div>\n    <\/div>\n  <\/div>\n","protected":false},"excerpt":{"rendered":"<p>La solution de communication industrielle OPC se compose des produits suivants&nbsp;: Produits OPC&nbsp;: HighByte IntelligenceHub OPC Router KepserverEX<\/p>\n","protected":false},"author":11,"featured_media":0,"parent":5512,"menu_order":0,"comment_status":"closed","ping_status":"closed","template":"","meta":{"_acf_changed":false,"_relevanssi_hide_post":"","_relevanssi_pin_for_all":"","_relevanssi_pin_keywords":"","_relevanssi_unpin_keywords":"","_relevanssi_related_keywords":"","_relevanssi_related_include_ids":"","_relevanssi_related_exclude_ids":"","_relevanssi_related_no_append":"","_relevanssi_related_not_related":"","_relevanssi_related_posts":"14806,14496,17337,16588,14599,2827","_relevanssi_noindex_reason":"","footnotes":""},"class_list":["post-18457","page","type-page","status-publish","hentry"],"acf":[],"yoast_head":"<!-- This site is optimized with the Yoast SEO plugin v27.4 - https:\/\/yoast.com\/product\/yoast-seo-wordpress\/ -->\n<title>OPC - Novotek Belgium<\/title>\n<meta name=\"robots\" content=\"index, follow, max-snippet:-1, max-image-preview:large, max-video-preview:-1\" \/>\n<link rel=\"canonical\" href=\"https:\/\/www.novotek.com\/be\/fr\/solutions-et-produits\/opc\/\" \/>\n<meta property=\"og:locale\" content=\"fr_FR\" \/>\n<meta property=\"og:type\" content=\"article\" \/>\n<meta property=\"og:title\" content=\"OPC - Novotek Belgium\" \/>\n<meta property=\"og:description\" content=\"La solution de communication industrielle OPC se compose des produits suivants&nbsp;: Produits OPC&nbsp;: HighByte IntelligenceHub OPC Router KepserverEX\" \/>\n<meta property=\"og:url\" content=\"https:\/\/www.novotek.com\/be\/fr\/solutions-et-produits\/opc\/\" \/>\n<meta property=\"og:site_name\" content=\"Novotek Belgium\" \/>\n<meta property=\"article:modified_time\" content=\"2025-12-19T18:17:00+00:00\" \/>\n<meta property=\"og:image\" content=\"https:\/\/www.novotek.com\/wp-content\/uploads\/sites\/9\/NovotekBenelux\/SOLUTIONIDUSTRIELECOMMUNICATIE\/OPC-industriele-communicatie.jpg\" \/>\n<meta name=\"twitter:card\" content=\"summary_large_image\" \/>\n<meta name=\"twitter:label1\" content=\"Dur\u00e9e de lecture est.\" \/>\n\t<meta name=\"twitter:data1\" content=\"4 minutes\" \/>\n<script type=\"application\/ld+json\" class=\"yoast-schema-graph\">{\"@context\":\"https:\\\/\\\/schema.org\",\"@graph\":[{\"@type\":\"WebPage\",\"@id\":\"https:\\\/\\\/www.novotek.com\\\/be\\\/fr\\\/solutions-et-produits\\\/opc\\\/\",\"url\":\"https:\\\/\\\/www.novotek.com\\\/be\\\/fr\\\/solutions-et-produits\\\/opc\\\/\",\"name\":\"OPC - Novotek Belgium\",\"isPartOf\":{\"@id\":\"https:\\\/\\\/www.novotek.com\\\/be\\\/#website\"},\"primaryImageOfPage\":{\"@id\":\"https:\\\/\\\/www.novotek.com\\\/be\\\/fr\\\/solutions-et-produits\\\/opc\\\/#primaryimage\"},\"image\":{\"@id\":\"https:\\\/\\\/www.novotek.com\\\/be\\\/fr\\\/solutions-et-produits\\\/opc\\\/#primaryimage\"},\"thumbnailUrl\":\"https:\\\/\\\/www.novotek.com\\\/wp-content\\\/uploads\\\/sites\\\/9\\\/NovotekBenelux\\\/SOLUTIONIDUSTRIELECOMMUNICATIE\\\/OPC-industriele-communicatie.jpg\",\"datePublished\":\"2025-12-19T18:16:58+00:00\",\"dateModified\":\"2025-12-19T18:17:00+00:00\",\"breadcrumb\":{\"@id\":\"https:\\\/\\\/www.novotek.com\\\/be\\\/fr\\\/solutions-et-produits\\\/opc\\\/#breadcrumb\"},\"inLanguage\":\"fr-BE\",\"potentialAction\":[{\"@type\":\"ReadAction\",\"target\":[\"https:\\\/\\\/www.novotek.com\\\/be\\\/fr\\\/solutions-et-produits\\\/opc\\\/\"]}]},{\"@type\":\"ImageObject\",\"inLanguage\":\"fr-BE\",\"@id\":\"https:\\\/\\\/www.novotek.com\\\/be\\\/fr\\\/solutions-et-produits\\\/opc\\\/#primaryimage\",\"url\":\"https:\\\/\\\/www.novotek.com\\\/wp-content\\\/uploads\\\/sites\\\/9\\\/NovotekBenelux\\\/SOLUTIONIDUSTRIELECOMMUNICATIE\\\/OPC-industriele-communicatie.jpg\",\"contentUrl\":\"https:\\\/\\\/www.novotek.com\\\/wp-content\\\/uploads\\\/sites\\\/9\\\/NovotekBenelux\\\/SOLUTIONIDUSTRIELECOMMUNICATIE\\\/OPC-industriele-communicatie.jpg\"},{\"@type\":\"BreadcrumbList\",\"@id\":\"https:\\\/\\\/www.novotek.com\\\/be\\\/fr\\\/solutions-et-produits\\\/opc\\\/#breadcrumb\",\"itemListElement\":[{\"@type\":\"ListItem\",\"position\":1,\"name\":\"Home\",\"item\":\"https:\\\/\\\/www.novotek.com\\\/be\\\/fr\\\/\"},{\"@type\":\"ListItem\",\"position\":2,\"name\":\"Solutions et produits\",\"item\":\"https:\\\/\\\/www.novotek.com\\\/be\\\/fr\\\/solutions-et-produits\\\/\"},{\"@type\":\"ListItem\",\"position\":3,\"name\":\"OPC\"}]},{\"@type\":\"WebSite\",\"@id\":\"https:\\\/\\\/www.novotek.com\\\/be\\\/#website\",\"url\":\"https:\\\/\\\/www.novotek.com\\\/be\\\/\",\"name\":\"Novotek Belgium\",\"description\":\"Connecter, Mod\u00e9liser, Archiver, Visualiser, Optimiser\",\"potentialAction\":[{\"@type\":\"SearchAction\",\"target\":{\"@type\":\"EntryPoint\",\"urlTemplate\":\"https:\\\/\\\/www.novotek.com\\\/be\\\/?s={search_term_string}\"},\"query-input\":{\"@type\":\"PropertyValueSpecification\",\"valueRequired\":true,\"valueName\":\"search_term_string\"}}],\"inLanguage\":\"fr-BE\"}]}<\/script>\n<!-- \/ Yoast SEO plugin. -->","yoast_head_json":{"title":"OPC - Novotek Belgium","robots":{"index":"index","follow":"follow","max-snippet":"max-snippet:-1","max-image-preview":"max-image-preview:large","max-video-preview":"max-video-preview:-1"},"canonical":"https:\/\/www.novotek.com\/be\/fr\/solutions-et-produits\/opc\/","og_locale":"fr_FR","og_type":"article","og_title":"OPC - Novotek Belgium","og_description":"La solution de communication industrielle OPC se compose des produits suivants&nbsp;: Produits OPC&nbsp;: HighByte IntelligenceHub OPC Router KepserverEX","og_url":"https:\/\/www.novotek.com\/be\/fr\/solutions-et-produits\/opc\/","og_site_name":"Novotek Belgium","article_modified_time":"2025-12-19T18:17:00+00:00","og_image":[{"url":"https:\/\/www.novotek.com\/wp-content\/uploads\/sites\/9\/NovotekBenelux\/SOLUTIONIDUSTRIELECOMMUNICATIE\/OPC-industriele-communicatie.jpg","type":"","width":"","height":""}],"twitter_card":"summary_large_image","twitter_misc":{"Dur\u00e9e de lecture est.":"4 minutes"},"schema":{"@context":"https:\/\/schema.org","@graph":[{"@type":"WebPage","@id":"https:\/\/www.novotek.com\/be\/fr\/solutions-et-produits\/opc\/","url":"https:\/\/www.novotek.com\/be\/fr\/solutions-et-produits\/opc\/","name":"OPC - Novotek Belgium","isPartOf":{"@id":"https:\/\/www.novotek.com\/be\/#website"},"primaryImageOfPage":{"@id":"https:\/\/www.novotek.com\/be\/fr\/solutions-et-produits\/opc\/#primaryimage"},"image":{"@id":"https:\/\/www.novotek.com\/be\/fr\/solutions-et-produits\/opc\/#primaryimage"},"thumbnailUrl":"https:\/\/www.novotek.com\/wp-content\/uploads\/sites\/9\/NovotekBenelux\/SOLUTIONIDUSTRIELECOMMUNICATIE\/OPC-industriele-communicatie.jpg","datePublished":"2025-12-19T18:16:58+00:00","dateModified":"2025-12-19T18:17:00+00:00","breadcrumb":{"@id":"https:\/\/www.novotek.com\/be\/fr\/solutions-et-produits\/opc\/#breadcrumb"},"inLanguage":"fr-BE","potentialAction":[{"@type":"ReadAction","target":["https:\/\/www.novotek.com\/be\/fr\/solutions-et-produits\/opc\/"]}]},{"@type":"ImageObject","inLanguage":"fr-BE","@id":"https:\/\/www.novotek.com\/be\/fr\/solutions-et-produits\/opc\/#primaryimage","url":"https:\/\/www.novotek.com\/wp-content\/uploads\/sites\/9\/NovotekBenelux\/SOLUTIONIDUSTRIELECOMMUNICATIE\/OPC-industriele-communicatie.jpg","contentUrl":"https:\/\/www.novotek.com\/wp-content\/uploads\/sites\/9\/NovotekBenelux\/SOLUTIONIDUSTRIELECOMMUNICATIE\/OPC-industriele-communicatie.jpg"},{"@type":"BreadcrumbList","@id":"https:\/\/www.novotek.com\/be\/fr\/solutions-et-produits\/opc\/#breadcrumb","itemListElement":[{"@type":"ListItem","position":1,"name":"Home","item":"https:\/\/www.novotek.com\/be\/fr\/"},{"@type":"ListItem","position":2,"name":"Solutions et produits","item":"https:\/\/www.novotek.com\/be\/fr\/solutions-et-produits\/"},{"@type":"ListItem","position":3,"name":"OPC"}]},{"@type":"WebSite","@id":"https:\/\/www.novotek.com\/be\/#website","url":"https:\/\/www.novotek.com\/be\/","name":"Novotek Belgium","description":"Connecter, Mod\u00e9liser, Archiver, Visualiser, Optimiser","potentialAction":[{"@type":"SearchAction","target":{"@type":"EntryPoint","urlTemplate":"https:\/\/www.novotek.com\/be\/?s={search_term_string}"},"query-input":{"@type":"PropertyValueSpecification","valueRequired":true,"valueName":"search_term_string"}}],"inLanguage":"fr-BE"}]}},"_links":{"self":[{"href":"https:\/\/www.novotek.com\/be\/fr\/wp-json\/wp\/v2\/pages\/18457","targetHints":{"allow":["GET"]}}],"collection":[{"href":"https:\/\/www.novotek.com\/be\/fr\/wp-json\/wp\/v2\/pages"}],"about":[{"href":"https:\/\/www.novotek.com\/be\/fr\/wp-json\/wp\/v2\/types\/page"}],"author":[{"embeddable":true,"href":"https:\/\/www.novotek.com\/be\/fr\/wp-json\/wp\/v2\/users\/11"}],"replies":[{"embeddable":true,"href":"https:\/\/www.novotek.com\/be\/fr\/wp-json\/wp\/v2\/comments?post=18457"}],"version-history":[{"count":3,"href":"https:\/\/www.novotek.com\/be\/fr\/wp-json\/wp\/v2\/pages\/18457\/revisions"}],"predecessor-version":[{"id":18460,"href":"https:\/\/www.novotek.com\/be\/fr\/wp-json\/wp\/v2\/pages\/18457\/revisions\/18460"}],"up":[{"embeddable":true,"href":"https:\/\/www.novotek.com\/be\/fr\/wp-json\/wp\/v2\/pages\/5512"}],"wp:attachment":[{"href":"https:\/\/www.novotek.com\/be\/fr\/wp-json\/wp\/v2\/media?parent=18457"}],"curies":[{"name":"wp","href":"https:\/\/api.w.org\/{rel}","templated":true}]}}