{"id":51,"date":"2021-09-26T13:18:00","date_gmt":"2021-09-26T13:18:00","guid":{"rendered":"https:\/\/www.novotek.com\/be\/insights\/"},"modified":"2025-03-03T17:14:18","modified_gmt":"2025-03-03T16:14:18","slug":"insights","status":"publish","type":"page","link":"https:\/\/www.novotek.com\/be\/fr\/insights\/","title":{"rendered":"INSIGHTS"},"content":{"rendered":"<div class=\"container-md heading  \">\n<h2 class=\"wp-block-heading\">Insights<\/h2>\n<\/div>\n\n<div class=\"container-md paragraph  \">\n<p>\u00cates-vous \u00e0 la recherche de plus d&rsquo;informations, d&rsquo;id\u00e9es ou souhaitez-vous acqu\u00e9rir des connaissances ? Vous trouverez ci-dessous des articles ax\u00e9s sur la num\u00e9risation des processus de production. Pour rester inform\u00e9 des nouvelles publications, abonnez-vous \u00e0 notre newsletter.<\/p>\n<\/div>\n\n\n\n  <div class=\"hero\">\n    <div class=\"carousel hero-slider large\" data-flickity data-flickity-options='{\"prevNextButtons\": false}'>\n              <div class=\"carousel-cell\">\n          <div class=\"container\">\n            <div class=\"hero-content\">\n                              <h2>Insights<\/h2>\n<p>\u00cates-vous \u00e0 la recherche de plus d&rsquo;informations, d&rsquo;id\u00e9es ou souhaitez-vous acqu\u00e9rir des connaissances ? Vous trouverez ci-dessous des articles ax\u00e9s sur la num\u00e9risation des processus de production. Pour rester inform\u00e9 des nouvelles publications, abonnez-vous \u00e0 notre newsletter.<\/p>\n              \n                          <\/div>\n          <\/div>\n\n          <img decoding=\"async\" width=\"1024\" height=\"427\" src=\"https:\/\/www.novotek.com\/be\/wp-content\/uploads\/sites\/9\/INSIGHT\/Novotek_Insights_artikelen_1920x9800px-1024x427.jpg\" class=\"hero-bg\" alt=\"Hero Img\" fetchpriority=\"high\" srcset=\"https:\/\/www.novotek.com\/be\/wp-content\/uploads\/sites\/9\/INSIGHT\/Novotek_Insights_artikelen_1920x9800px-1024x427.jpg 1024w, https:\/\/www.novotek.com\/be\/wp-content\/uploads\/sites\/9\/INSIGHT\/Novotek_Insights_artikelen_1920x9800px-300x125.jpg 300w, https:\/\/www.novotek.com\/be\/wp-content\/uploads\/sites\/9\/INSIGHT\/Novotek_Insights_artikelen_1920x9800px-768x320.jpg 768w, https:\/\/www.novotek.com\/be\/wp-content\/uploads\/sites\/9\/INSIGHT\/Novotek_Insights_artikelen_1920x9800px-1536x640.jpg 1536w, https:\/\/www.novotek.com\/be\/wp-content\/uploads\/sites\/9\/INSIGHT\/Novotek_Insights_artikelen_1920x9800px.jpg 1920w\" sizes=\"(max-width: 1024px) 100vw, 1024px\" \/>                  <\/div>\n          <\/div>\n\n      <\/div>\n\n   \n","protected":false},"excerpt":{"rendered":"<p>Insights \u00cates-vous \u00e0 la recherche de plus d&rsquo;informations, d&rsquo;id\u00e9es ou souhaitez-vous acqu\u00e9rir des connaissances ? Vous trouverez ci-dessous des articles ax\u00e9s sur la num\u00e9risation des processus de production. Pour rester inform\u00e9 des nouvelles publications, abonnez-vous \u00e0 notre newsletter.<\/p>\n","protected":false},"author":1,"featured_media":3189,"parent":0,"menu_order":0,"comment_status":"closed","ping_status":"closed","template":"","meta":{"_acf_changed":false,"_relevanssi_hide_post":"","_relevanssi_pin_for_all":"","_relevanssi_pin_keywords":"","_relevanssi_unpin_keywords":"","_relevanssi_related_keywords":"","_relevanssi_related_include_ids":"","_relevanssi_related_exclude_ids":"","_relevanssi_related_no_append":"","_relevanssi_related_not_related":"","_relevanssi_related_posts":"1","_relevanssi_noindex_reason":"","footnotes":""},"class_list":["post-51","page","type-page","status-publish","has-post-thumbnail","hentry"],"acf":[],"yoast_head":"<!-- This site is optimized with the Yoast SEO plugin v27.4 - https:\/\/yoast.com\/product\/yoast-seo-wordpress\/ -->\n<title>INSIGHTS - Novotek Belgium<\/title>\n<meta name=\"description\" content=\"INSIGHTS. Vous cherchez plus d&#039;informations ? Vous trouverez ici des articles consacr\u00e9s \u00e0 l&#039;automatisation et \u00e0 l&#039;informatisation industrielles.\" \/>\n<meta name=\"robots\" content=\"index, follow, max-snippet:-1, max-image-preview:large, max-video-preview:-1\" \/>\n<link rel=\"canonical\" href=\"https:\/\/www.novotek.com\/be\/fr\/insights\/\" \/>\n<meta property=\"og:locale\" content=\"fr_FR\" \/>\n<meta property=\"og:type\" content=\"article\" \/>\n<meta property=\"og:title\" content=\"INSIGHTS - Novotek Belgium\" \/>\n<meta property=\"og:description\" content=\"INSIGHTS. Vous cherchez plus d&#039;informations ? Vous trouverez ici des articles consacr\u00e9s \u00e0 l&#039;automatisation et \u00e0 l&#039;informatisation industrielles.\" \/>\n<meta property=\"og:url\" content=\"https:\/\/www.novotek.com\/be\/fr\/insights\/\" \/>\n<meta property=\"og:site_name\" content=\"Novotek Belgium\" \/>\n<meta property=\"article:modified_time\" content=\"2025-03-03T16:14:18+00:00\" \/>\n<meta property=\"og:image\" content=\"https:\/\/www.novotek.com\/be\/wp-content\/uploads\/sites\/9\/INSIGHT\/Novotek_Insights_artikelen_1920x9800px.jpg\" \/>\n\t<meta property=\"og:image:width\" content=\"1920\" \/>\n\t<meta property=\"og:image:height\" content=\"800\" \/>\n\t<meta property=\"og:image:type\" content=\"image\/jpeg\" \/>\n<meta name=\"twitter:card\" content=\"summary_large_image\" \/>\n<meta name=\"twitter:label1\" content=\"Dur\u00e9e de lecture est.\" \/>\n\t<meta name=\"twitter:data1\" content=\"1 minute\" \/>\n<script type=\"application\/ld+json\" class=\"yoast-schema-graph\">{\"@context\":\"https:\\\/\\\/schema.org\",\"@graph\":[{\"@type\":\"WebPage\",\"@id\":\"https:\\\/\\\/www.novotek.com\\\/be\\\/fr\\\/insights\\\/\",\"url\":\"https:\\\/\\\/www.novotek.com\\\/be\\\/fr\\\/insights\\\/\",\"name\":\"INSIGHTS - Novotek Belgium\",\"isPartOf\":{\"@id\":\"https:\\\/\\\/www.novotek.com\\\/be\\\/#website\"},\"primaryImageOfPage\":{\"@id\":\"https:\\\/\\\/www.novotek.com\\\/be\\\/fr\\\/insights\\\/#primaryimage\"},\"image\":{\"@id\":\"https:\\\/\\\/www.novotek.com\\\/be\\\/fr\\\/insights\\\/#primaryimage\"},\"thumbnailUrl\":\"https:\\\/\\\/www.novotek.com\\\/be\\\/wp-content\\\/uploads\\\/sites\\\/9\\\/INSIGHT\\\/Novotek_Insights_artikelen_1920x9800px.jpg\",\"datePublished\":\"2021-09-26T13:18:00+00:00\",\"dateModified\":\"2025-03-03T16:14:18+00:00\",\"description\":\"INSIGHTS. Vous cherchez plus d'informations ? Vous trouverez ici des articles consacr\u00e9s \u00e0 l'automatisation et \u00e0 l'informatisation industrielles.\",\"breadcrumb\":{\"@id\":\"https:\\\/\\\/www.novotek.com\\\/be\\\/fr\\\/insights\\\/#breadcrumb\"},\"inLanguage\":\"fr-BE\",\"potentialAction\":[{\"@type\":\"ReadAction\",\"target\":[\"https:\\\/\\\/www.novotek.com\\\/be\\\/fr\\\/insights\\\/\"]}]},{\"@type\":\"ImageObject\",\"inLanguage\":\"fr-BE\",\"@id\":\"https:\\\/\\\/www.novotek.com\\\/be\\\/fr\\\/insights\\\/#primaryimage\",\"url\":\"https:\\\/\\\/www.novotek.com\\\/be\\\/wp-content\\\/uploads\\\/sites\\\/9\\\/INSIGHT\\\/Novotek_Insights_artikelen_1920x9800px.jpg\",\"contentUrl\":\"https:\\\/\\\/www.novotek.com\\\/be\\\/wp-content\\\/uploads\\\/sites\\\/9\\\/INSIGHT\\\/Novotek_Insights_artikelen_1920x9800px.jpg\",\"width\":1920,\"height\":800,\"caption\":\"Perspectives dans le domaine de l'automatisation et de l'informatisation industrielles\"},{\"@type\":\"BreadcrumbList\",\"@id\":\"https:\\\/\\\/www.novotek.com\\\/be\\\/fr\\\/insights\\\/#breadcrumb\",\"itemListElement\":[{\"@type\":\"ListItem\",\"position\":1,\"name\":\"Home\",\"item\":\"https:\\\/\\\/www.novotek.com\\\/be\\\/fr\\\/\"},{\"@type\":\"ListItem\",\"position\":2,\"name\":\"INSIGHTS\"}]},{\"@type\":\"WebSite\",\"@id\":\"https:\\\/\\\/www.novotek.com\\\/be\\\/#website\",\"url\":\"https:\\\/\\\/www.novotek.com\\\/be\\\/\",\"name\":\"Novotek Belgium\",\"description\":\"Connecter, Mod\u00e9liser, Archiver, Visualiser, Optimiser\",\"potentialAction\":[{\"@type\":\"SearchAction\",\"target\":{\"@type\":\"EntryPoint\",\"urlTemplate\":\"https:\\\/\\\/www.novotek.com\\\/be\\\/?s={search_term_string}\"},\"query-input\":{\"@type\":\"PropertyValueSpecification\",\"valueRequired\":true,\"valueName\":\"search_term_string\"}}],\"inLanguage\":\"fr-BE\"}]}<\/script>\n<!-- \/ Yoast SEO plugin. -->","yoast_head_json":{"title":"INSIGHTS - Novotek Belgium","description":"INSIGHTS. Vous cherchez plus d'informations ? Vous trouverez ici des articles consacr\u00e9s \u00e0 l'automatisation et \u00e0 l'informatisation industrielles.","robots":{"index":"index","follow":"follow","max-snippet":"max-snippet:-1","max-image-preview":"max-image-preview:large","max-video-preview":"max-video-preview:-1"},"canonical":"https:\/\/www.novotek.com\/be\/fr\/insights\/","og_locale":"fr_FR","og_type":"article","og_title":"INSIGHTS - Novotek Belgium","og_description":"INSIGHTS. Vous cherchez plus d'informations ? Vous trouverez ici des articles consacr\u00e9s \u00e0 l'automatisation et \u00e0 l'informatisation industrielles.","og_url":"https:\/\/www.novotek.com\/be\/fr\/insights\/","og_site_name":"Novotek Belgium","article_modified_time":"2025-03-03T16:14:18+00:00","og_image":[{"width":1920,"height":800,"url":"https:\/\/www.novotek.com\/be\/wp-content\/uploads\/sites\/9\/INSIGHT\/Novotek_Insights_artikelen_1920x9800px.jpg","type":"image\/jpeg"}],"twitter_card":"summary_large_image","twitter_misc":{"Dur\u00e9e de lecture est.":"1 minute"},"schema":{"@context":"https:\/\/schema.org","@graph":[{"@type":"WebPage","@id":"https:\/\/www.novotek.com\/be\/fr\/insights\/","url":"https:\/\/www.novotek.com\/be\/fr\/insights\/","name":"INSIGHTS - Novotek Belgium","isPartOf":{"@id":"https:\/\/www.novotek.com\/be\/#website"},"primaryImageOfPage":{"@id":"https:\/\/www.novotek.com\/be\/fr\/insights\/#primaryimage"},"image":{"@id":"https:\/\/www.novotek.com\/be\/fr\/insights\/#primaryimage"},"thumbnailUrl":"https:\/\/www.novotek.com\/be\/wp-content\/uploads\/sites\/9\/INSIGHT\/Novotek_Insights_artikelen_1920x9800px.jpg","datePublished":"2021-09-26T13:18:00+00:00","dateModified":"2025-03-03T16:14:18+00:00","description":"INSIGHTS. Vous cherchez plus d'informations ? Vous trouverez ici des articles consacr\u00e9s \u00e0 l'automatisation et \u00e0 l'informatisation industrielles.","breadcrumb":{"@id":"https:\/\/www.novotek.com\/be\/fr\/insights\/#breadcrumb"},"inLanguage":"fr-BE","potentialAction":[{"@type":"ReadAction","target":["https:\/\/www.novotek.com\/be\/fr\/insights\/"]}]},{"@type":"ImageObject","inLanguage":"fr-BE","@id":"https:\/\/www.novotek.com\/be\/fr\/insights\/#primaryimage","url":"https:\/\/www.novotek.com\/be\/wp-content\/uploads\/sites\/9\/INSIGHT\/Novotek_Insights_artikelen_1920x9800px.jpg","contentUrl":"https:\/\/www.novotek.com\/be\/wp-content\/uploads\/sites\/9\/INSIGHT\/Novotek_Insights_artikelen_1920x9800px.jpg","width":1920,"height":800,"caption":"Perspectives dans le domaine de l'automatisation et de l'informatisation industrielles"},{"@type":"BreadcrumbList","@id":"https:\/\/www.novotek.com\/be\/fr\/insights\/#breadcrumb","itemListElement":[{"@type":"ListItem","position":1,"name":"Home","item":"https:\/\/www.novotek.com\/be\/fr\/"},{"@type":"ListItem","position":2,"name":"INSIGHTS"}]},{"@type":"WebSite","@id":"https:\/\/www.novotek.com\/be\/#website","url":"https:\/\/www.novotek.com\/be\/","name":"Novotek Belgium","description":"Connecter, Mod\u00e9liser, Archiver, Visualiser, Optimiser","potentialAction":[{"@type":"SearchAction","target":{"@type":"EntryPoint","urlTemplate":"https:\/\/www.novotek.com\/be\/?s={search_term_string}"},"query-input":{"@type":"PropertyValueSpecification","valueRequired":true,"valueName":"search_term_string"}}],"inLanguage":"fr-BE"}]}},"_links":{"self":[{"href":"https:\/\/www.novotek.com\/be\/fr\/wp-json\/wp\/v2\/pages\/51","targetHints":{"allow":["GET"]}}],"collection":[{"href":"https:\/\/www.novotek.com\/be\/fr\/wp-json\/wp\/v2\/pages"}],"about":[{"href":"https:\/\/www.novotek.com\/be\/fr\/wp-json\/wp\/v2\/types\/page"}],"author":[{"embeddable":true,"href":"https:\/\/www.novotek.com\/be\/fr\/wp-json\/wp\/v2\/users\/1"}],"replies":[{"embeddable":true,"href":"https:\/\/www.novotek.com\/be\/fr\/wp-json\/wp\/v2\/comments?post=51"}],"version-history":[{"count":25,"href":"https:\/\/www.novotek.com\/be\/fr\/wp-json\/wp\/v2\/pages\/51\/revisions"}],"predecessor-version":[{"id":16709,"href":"https:\/\/www.novotek.com\/be\/fr\/wp-json\/wp\/v2\/pages\/51\/revisions\/16709"}],"wp:featuredmedia":[{"embeddable":true,"href":"https:\/\/www.novotek.com\/be\/fr\/wp-json\/wp\/v2\/media\/3189"}],"wp:attachment":[{"href":"https:\/\/www.novotek.com\/be\/fr\/wp-json\/wp\/v2\/media?parent=51"}],"curies":[{"name":"wp","href":"https:\/\/api.w.org\/{rel}","templated":true}]}}