{"id":6150,"date":"2022-02-17T13:57:42","date_gmt":"2022-02-17T12:57:42","guid":{"rendered":"https:\/\/www.novotek.com\/be\/oplossingen-en-producten\/reporting\/"},"modified":"2025-04-01T10:22:23","modified_gmt":"2025-04-01T09:22:23","slug":"rapport","status":"publish","type":"page","link":"https:\/\/www.novotek.com\/be\/fr\/solutions-et-produits\/rapport\/","title":{"rendered":"Dashboard Reporting"},"content":{"rendered":"  <div class=\"hero\">\n    <div class=\"carousel hero-slider small\" data-flickity data-flickity-options='{\"prevNextButtons\": false}'>\n              <div class=\"carousel-cell\">\n          <div class=\"container\">\n            <div class=\"hero-content\">\n                              <h1>Dashboard Reporting<\/h1>\n<p>Les informations et les analyses vous aident \u00e0 documenter et \u00e0 optimiser vos processus. Avec des informations pertinentes au bon moment, vous prenez des d\u00e9cisions importantes de mani\u00e8re efficace et cibl\u00e9e.<\/p>\n              \n                          <\/div>\n          <\/div>\n\n          <img decoding=\"async\" width=\"1024\" height=\"684\" src=\"https:\/\/www.novotek.com\/be\/wp-content\/uploads\/sites\/9\/NovotekBenelux\/SOLUTIONBI\/Business_Intelligence_Novotek_1200x800-1024x684-1.jpg\" class=\"hero-bg\" alt=\"Hero Img\" fetchpriority=\"high\" srcset=\"https:\/\/www.novotek.com\/be\/wp-content\/uploads\/sites\/9\/NovotekBenelux\/SOLUTIONBI\/Business_Intelligence_Novotek_1200x800-1024x684-1.jpg 1024w, https:\/\/www.novotek.com\/be\/wp-content\/uploads\/sites\/9\/NovotekBenelux\/SOLUTIONBI\/Business_Intelligence_Novotek_1200x800-1024x684-1-300x200.jpg 300w, https:\/\/www.novotek.com\/be\/wp-content\/uploads\/sites\/9\/NovotekBenelux\/SOLUTIONBI\/Business_Intelligence_Novotek_1200x800-1024x684-1-768x513.jpg 768w\" sizes=\"(max-width: 1024px) 100vw, 1024px\" \/>                  <\/div>\n          <\/div>\n\n      <\/div>\n\n   <div class=\"floating-breadcrumb\"><div class=\"container\"><span><span><a href=\"https:\/\/www.novotek.com\/be\/fr\/\" class=\"breadcrumb-frontpage\">Home<\/a><\/span><\/span><\/div><\/div>\n\n\n<div class=\"container media-text  alignwide\">\n<div class=\"wp-block-media-text alignwide has-media-on-the-right is-stacked-on-mobile\" style=\"grid-template-columns:auto 43%\"><div class=\"wp-block-media-text__content\"><div class=\"container-md heading  \">\n<h2 class=\"wp-block-heading\" id=\"hoe-verzamel-je-procesdata-in-een-overzichtelijk-rapport\">Le dashboarding commence par le stockage des donn\u00e9es<\/h2>\n<\/div>\n\n<div class=\"container-md paragraph  \">\n<p>Le reporting commence par extraire des donn\u00e9es de diff\u00e9rentes sources. Une base de donn\u00e9es de processus est con\u00e7ue pour collecter, stocker et distribuer de grandes quantit\u00e9s de donn\u00e9es de production &#8211; souvent sur la base d&rsquo;un horodatage. De plus, des \u00e9v\u00e9nements tels que des alarmes et des arr\u00eats peuvent \u00eatre r\u00e9cup\u00e9r\u00e9s \u00e0 partir de cette base de donn\u00e9es de processus. Ceux-ci se retrouvent souvent dans une base de donn\u00e9es relationnelle. La fusion de toutes ces donn\u00e9es est le d\u00e9but de la cr\u00e9ation d&rsquo;un aper\u00e7u.<\/p>\n<\/div><\/div><figure class=\"wp-block-media-text__media\"><img loading=\"lazy\" decoding=\"async\" width=\"1024\" height=\"683\" src=\"https:\/\/www.novotek.com\/wp-content\/uploads\/sites\/9\/NovotekBenelux\/SOLUTIONBI\/Data_rapportage_BI_Novotek-1024x683-1.jpg\" alt=\"Le dashboarding commence par le stockage des donn\u00e9es\" class=\"wp-image-1162 size-full\" srcset=\"https:\/\/www.novotek.com\/be\/wp-content\/uploads\/sites\/9\/NovotekBenelux\/SOLUTIONBI\/Data_rapportage_BI_Novotek-1024x683-1.jpg 1024w, https:\/\/www.novotek.com\/be\/wp-content\/uploads\/sites\/9\/NovotekBenelux\/SOLUTIONBI\/Data_rapportage_BI_Novotek-1024x683-1-300x200.jpg 300w, https:\/\/www.novotek.com\/be\/wp-content\/uploads\/sites\/9\/NovotekBenelux\/SOLUTIONBI\/Data_rapportage_BI_Novotek-1024x683-1-768x512.jpg 768w\" sizes=\"auto, (max-width: 1024px) 100vw, 1024px\" \/><\/figure><\/div>\n<\/div>\n\n<div class=\"container media-text  alignwide\">\n<div class=\"wp-block-media-text alignwide is-stacked-on-mobile\" style=\"grid-template-columns:43% auto\"><figure class=\"wp-block-media-text__media\"><img loading=\"lazy\" decoding=\"async\" width=\"800\" height=\"600\" src=\"https:\/\/www.novotek.com\/be\/wp-content\/uploads\/sites\/9\/Dashoboarding-en-productierapportage-Novotek-Benelux-1.jpg\" alt=\"Que montre un rapport de production\u00a0?\" class=\"wp-image-11839 size-full\" srcset=\"https:\/\/www.novotek.com\/be\/wp-content\/uploads\/sites\/9\/Dashoboarding-en-productierapportage-Novotek-Benelux-1.jpg 800w, https:\/\/www.novotek.com\/be\/wp-content\/uploads\/sites\/9\/Dashoboarding-en-productierapportage-Novotek-Benelux-1-300x225.jpg 300w, https:\/\/www.novotek.com\/be\/wp-content\/uploads\/sites\/9\/Dashoboarding-en-productierapportage-Novotek-Benelux-1-768x576.jpg 768w\" sizes=\"auto, (max-width: 800px) 100vw, 800px\" \/><\/figure><div class=\"wp-block-media-text__content\"><div class=\"container-md heading  \">\n<h3 class=\"wp-block-heading\">Que montre un rapport de production&nbsp;?<\/h3>\n<\/div>\n\n<div class=\"container-md paragraph  \">\n<p>Un rapport donne un aper\u00e7u clair des \u00e9v\u00e9nements sur une certaine p\u00e9riode. Cette p\u00e9riode est souvent fixe, comme un jour ou une semaine. Les rapports sont g\u00e9n\u00e9ralement g\u00e9n\u00e9r\u00e9s \u00e0 une heure fixe et enregistr\u00e9s au format PDF et\/ou envoy\u00e9s par e-mail.<\/p>\n<\/div><\/div><\/div>\n<\/div>\n\n<div class=\"container-md heading  \">\n<h2 class=\"wp-block-heading has-text-align-center\">Le pas vers Business Intelligence BI<\/h2>\n<\/div>\n\n<div class=\"container-md paragraph  alignleft\">\n<p class=\"has-text-align-left\">Les outils de Business Intelligence offrent la possibilit\u00e9 de pr\u00e9senter les donn\u00e9es de diff\u00e9rentes mani\u00e8res. Pensez \u00e0 filtrer, \u00e9tablir des liens, \u00e9tablir des coupes transversales et g\u00e9n\u00e9rer les 10 meilleures listes. Pour pouvoir le faire assez efficacement, les donn\u00e9es doivent souvent \u00eatre pr\u00e9trait\u00e9es dans une structure de donn\u00e9es en \u00e9toile ou d\u00e9normalis\u00e9e.<\/p>\n<\/div>\n\n<div class=\"container-md separator  \">\n<hr class=\"wp-block-separator has-alpha-channel-opacity\" \/>\n<\/div>\n\n<div class=\"container-md paragraph  aligncenter\">\n<p class=\"has-text-align-center\"><strong>En savoir plus?<\/strong> Prenez contact avec nous.<\/p>\n<\/div>\n\n<div class=\"container-md buttons  \">\n<div class=\"wp-block-buttons is-layout-flex wp-block-buttons-is-layout-flex\"><div class=\"container-md button  \">\n<div class=\"wp-block-button aligncenter\"><a class=\"wp-block-button__link has-vivid-red-background-color has-background wp-element-button\" href=\"https:\/\/www.novotek.com\/be\/fr\/contact\/\">contact<\/a><\/div>\n<\/div><\/div>\n<\/div>\n\n<div class=\"container-md separator  \">\n<hr class=\"wp-block-separator has-alpha-channel-opacity\" \/>\n<\/div>\n\n  <div class=\"hero\">\n    <div class=\"carousel hero-slider large\" data-flickity data-flickity-options='{\"prevNextButtons\": false}'>\n              <div class=\"carousel-cell\">\n          <div class=\"container\">\n            <div class=\"hero-content\">\n                              <h2 id=\"block-da84eeda-f167-41bc-8801-3d3b9d717d76\" class=\"block-editor-rich-text__editable block-editor-block-list__block wp-block is-selected rich-text\" role=\"group\" aria-label=\"Block: Heading\" data-block=\"da84eeda-f167-41bc-8801-3d3b9d717d76\" data-type=\"core\/heading\" data-title=\"Heading\">Conseil, r\u00e9alisation et formation<\/h2>\n<p>Novotek peut vous aider \u00e0 mettre en place un syst\u00e8me de reporting ou un lien vers un outil BI. De plus, nous offrons des formations dans ce domaine, nous pouvons aider \u00e0 la mise en \u0153uvre et nous offrons un soutien local en cas de besoin<\/p>\n              \n                              <a class=\"btn btn-primary\" href=\"https:\/\/www.novotek.com\/be\/fr\/contact\/\">\n                  Prendre rendez-vous                <\/a>\n                          <\/div>\n          <\/div>\n\n          <img decoding=\"async\" width=\"1024\" height=\"427\" src=\"https:\/\/www.novotek.com\/be\/wp-content\/uploads\/sites\/9\/Novotek_support_training\/novotek-staff-at-meeting-header-duplex-cyan-1024x427.jpg.webp\" class=\"hero-bg\" alt=\"Hero Img\" fetchpriority=\"high\" srcset=\"https:\/\/www.novotek.com\/be\/wp-content\/uploads\/sites\/9\/Novotek_support_training\/novotek-staff-at-meeting-header-duplex-cyan-1024x427.jpg.webp 1024w, https:\/\/www.novotek.com\/be\/wp-content\/uploads\/sites\/9\/Novotek_support_training\/novotek-staff-at-meeting-header-duplex-cyan-300x125.jpg.webp 300w, https:\/\/www.novotek.com\/be\/wp-content\/uploads\/sites\/9\/Novotek_support_training\/novotek-staff-at-meeting-header-duplex-cyan-768x320.jpg.webp 768w, https:\/\/www.novotek.com\/be\/wp-content\/uploads\/sites\/9\/Novotek_support_training\/novotek-staff-at-meeting-header-duplex-cyan-1536x640.jpg.webp 1536w, https:\/\/www.novotek.com\/be\/wp-content\/uploads\/sites\/9\/Novotek_support_training\/novotek-staff-at-meeting-header-duplex-cyan.jpg.webp 1920w\" sizes=\"(max-width: 1024px) 100vw, 1024px\" \/>                  <\/div>\n          <\/div>\n\n      <\/div>\n\n   \n\n\n  <div class=\"slider-column-parent\">\n    <div class=\"container\">\n      <div class=\"slider-column-title\">Nos produits Dashboard Reporting<\/div>\n\n      <div class=\"row\">\n        <div class=\"col-12 col-md-4\"><div class=\"column-box\">\n  \n      <div class=\"title\">\n      Novotek Report+    <\/div>\n  \n      <div class=\"text\">\n      <p><img loading=\"lazy\" decoding=\"async\" class=\"alignnone size-medium wp-image-4604\" src=\"https:\/\/www.novotek.com\/wp-content\/uploads\/sites\/9\/NovotekProducten\/ProductReportPlus\/Report-Plus-Productscreen-300x261.png\" alt=\"Report Plus\" width=\"300\" height=\"261\" srcset=\"https:\/\/www.novotek.com\/be\/wp-content\/uploads\/sites\/9\/NovotekProducten\/ProductReportPlus\/Report-Plus-Productscreen-300x261.png 300w, https:\/\/www.novotek.com\/be\/wp-content\/uploads\/sites\/9\/NovotekProducten\/ProductReportPlus\/Report-Plus-Productscreen.png 600w\" sizes=\"auto, (max-width: 300px) 100vw, 300px\" \/><\/p>\n<p>Un outil de reporting pour les donn\u00e9es en temps r\u00e9el, les donn\u00e9es historiques et les donn\u00e9es relationnelles.<\/p>\n    <\/div>\n  \n      <a class=\"link\"  href=\"https:\/\/www.novotek.com\/be\/fr\/solutions-et-produits\/novotek-report-plus\/\" target=\"\">\n      Novotek Report Plus    <\/a>\n  \n  <\/div>\n\n<\/div><div class=\"col-12 col-md-4\"><div class=\"column-box\">\n  \n      <div class=\"title\">\n      Proficy Operations Hub    <\/div>\n  \n      <div class=\"text\">\n      <p><img loading=\"lazy\" decoding=\"async\" class=\"alignnone size-medium wp-image-1523\" src=\"https:\/\/www.novotek.com\/wp-content\/uploads\/sites\/9\/NovotekProducten\/ProductOperationsHub\/OperationsHub_Novotek_Benelux-300x261.png\" alt=\"Proficy Operations Hub\" width=\"300\" height=\"261\" srcset=\"https:\/\/www.novotek.com\/be\/wp-content\/uploads\/sites\/9\/NovotekProducten\/ProductOperationsHub\/OperationsHub_Novotek_Benelux-300x261.png 300w, https:\/\/www.novotek.com\/be\/wp-content\/uploads\/sites\/9\/NovotekProducten\/ProductOperationsHub\/OperationsHub_Novotek_Benelux.png 600w\" sizes=\"auto, (max-width: 300px) 100vw, 300px\" \/><\/p>\n<p>Pour vos donn\u00e9es de processus historiques, informations MES, donn\u00e9es de base ERP et autres sources de donn\u00e9es.<\/p>\n    <\/div>\n  \n      <a class=\"link\"  href=\"https:\/\/www.novotek.com\/be\/fr\/solutions-et-produits\/proficy-operations-hub\/\" target=\"\">\n      Proficy Operations Hub    <\/a>\n  \n  <\/div>\n\n<\/div>      <\/div>\n    <\/div>\n  <\/div>\n\n\n<div class=\"container-md paragraph  \">\n<p><\/p>\n<\/div>","protected":false},"excerpt":{"rendered":"<p>Le dashboarding commence par le stockage des donn\u00e9es Le reporting commence par extraire des donn\u00e9es de diff\u00e9rentes sources. Une base de donn\u00e9es de processus est con\u00e7ue pour collecter, stocker et distribuer de grandes quantit\u00e9s de donn\u00e9es de production &#8211; souvent sur la base d&rsquo;un horodatage. De plus, des \u00e9v\u00e9nements tels que des alarmes et des [&hellip;]<\/p>\n","protected":false},"author":11,"featured_media":1161,"parent":5512,"menu_order":0,"comment_status":"closed","ping_status":"closed","template":"","meta":{"_acf_changed":false,"_relevanssi_hide_post":"","_relevanssi_pin_for_all":"","_relevanssi_pin_keywords":"","_relevanssi_unpin_keywords":"","_relevanssi_related_keywords":"","_relevanssi_related_include_ids":"","_relevanssi_related_exclude_ids":"","_relevanssi_related_no_append":"","_relevanssi_related_not_related":"","_relevanssi_related_posts":"6323,6327,6337,6125","_relevanssi_noindex_reason":"","footnotes":""},"class_list":["post-6150","page","type-page","status-publish","has-post-thumbnail","hentry"],"acf":[],"yoast_head":"<!-- This site is optimized with the Yoast SEO plugin v27.4 - https:\/\/yoast.com\/product\/yoast-seo-wordpress\/ -->\n<title>Dashboard Reporting - Novotek Belgium<\/title>\n<meta name=\"description\" content=\"Cr\u00e9ez des rapports de production et des tableaux de bord clairs sur base de vos donn\u00e9es gr\u00e2ce \u00e0 un syst\u00e8me de reporting.\" \/>\n<meta name=\"robots\" content=\"index, follow, max-snippet:-1, max-image-preview:large, max-video-preview:-1\" \/>\n<link rel=\"canonical\" href=\"https:\/\/www.novotek.com\/be\/fr\/solutions-et-produits\/rapport\/\" \/>\n<meta property=\"og:locale\" content=\"fr_FR\" \/>\n<meta property=\"og:type\" content=\"article\" \/>\n<meta property=\"og:title\" content=\"Dashboard Reporting - Novotek Belgium\" \/>\n<meta property=\"og:description\" content=\"Cr\u00e9ez des rapports de production et des tableaux de bord clairs sur base de vos donn\u00e9es gr\u00e2ce \u00e0 un syst\u00e8me de reporting.\" \/>\n<meta property=\"og:url\" content=\"https:\/\/www.novotek.com\/be\/fr\/solutions-et-produits\/rapport\/\" \/>\n<meta property=\"og:site_name\" content=\"Novotek Belgium\" \/>\n<meta property=\"article:modified_time\" content=\"2025-04-01T09:22:23+00:00\" \/>\n<meta property=\"og:image\" content=\"https:\/\/www.novotek.com\/be\/wp-content\/uploads\/sites\/9\/NovotekBenelux\/SOLUTIONBI\/Business_Intelligence_Novotek_1200x800-1024x684-1.jpg\" \/>\n\t<meta property=\"og:image:width\" content=\"1024\" \/>\n\t<meta property=\"og:image:height\" content=\"684\" \/>\n\t<meta property=\"og:image:type\" content=\"image\/jpeg\" \/>\n<meta name=\"twitter:card\" content=\"summary_large_image\" \/>\n<meta name=\"twitter:label1\" content=\"Dur\u00e9e de lecture est.\" \/>\n\t<meta name=\"twitter:data1\" content=\"2 minutes\" \/>\n<script type=\"application\/ld+json\" class=\"yoast-schema-graph\">{\"@context\":\"https:\\\/\\\/schema.org\",\"@graph\":[{\"@type\":\"WebPage\",\"@id\":\"https:\\\/\\\/www.novotek.com\\\/be\\\/fr\\\/solutions-et-produits\\\/rapport\\\/\",\"url\":\"https:\\\/\\\/www.novotek.com\\\/be\\\/fr\\\/solutions-et-produits\\\/rapport\\\/\",\"name\":\"Dashboard Reporting - Novotek Belgium\",\"isPartOf\":{\"@id\":\"https:\\\/\\\/www.novotek.com\\\/be\\\/#website\"},\"primaryImageOfPage\":{\"@id\":\"https:\\\/\\\/www.novotek.com\\\/be\\\/fr\\\/solutions-et-produits\\\/rapport\\\/#primaryimage\"},\"image\":{\"@id\":\"https:\\\/\\\/www.novotek.com\\\/be\\\/fr\\\/solutions-et-produits\\\/rapport\\\/#primaryimage\"},\"thumbnailUrl\":\"https:\\\/\\\/www.novotek.com\\\/be\\\/wp-content\\\/uploads\\\/sites\\\/9\\\/NovotekBenelux\\\/SOLUTIONBI\\\/Business_Intelligence_Novotek_1200x800-1024x684-1.jpg\",\"datePublished\":\"2022-02-17T12:57:42+00:00\",\"dateModified\":\"2025-04-01T09:22:23+00:00\",\"description\":\"Cr\u00e9ez des rapports de production et des tableaux de bord clairs sur base de vos donn\u00e9es gr\u00e2ce \u00e0 un syst\u00e8me de reporting.\",\"breadcrumb\":{\"@id\":\"https:\\\/\\\/www.novotek.com\\\/be\\\/fr\\\/solutions-et-produits\\\/rapport\\\/#breadcrumb\"},\"inLanguage\":\"fr-BE\",\"potentialAction\":[{\"@type\":\"ReadAction\",\"target\":[\"https:\\\/\\\/www.novotek.com\\\/be\\\/fr\\\/solutions-et-produits\\\/rapport\\\/\"]}]},{\"@type\":\"ImageObject\",\"inLanguage\":\"fr-BE\",\"@id\":\"https:\\\/\\\/www.novotek.com\\\/be\\\/fr\\\/solutions-et-produits\\\/rapport\\\/#primaryimage\",\"url\":\"https:\\\/\\\/www.novotek.com\\\/be\\\/wp-content\\\/uploads\\\/sites\\\/9\\\/NovotekBenelux\\\/SOLUTIONBI\\\/Business_Intelligence_Novotek_1200x800-1024x684-1.jpg\",\"contentUrl\":\"https:\\\/\\\/www.novotek.com\\\/be\\\/wp-content\\\/uploads\\\/sites\\\/9\\\/NovotekBenelux\\\/SOLUTIONBI\\\/Business_Intelligence_Novotek_1200x800-1024x684-1.jpg\",\"width\":1024,\"height\":684,\"caption\":\"Rapports et intelligence \u00e9conomique\"},{\"@type\":\"BreadcrumbList\",\"@id\":\"https:\\\/\\\/www.novotek.com\\\/be\\\/fr\\\/solutions-et-produits\\\/rapport\\\/#breadcrumb\",\"itemListElement\":[{\"@type\":\"ListItem\",\"position\":1,\"name\":\"Home\",\"item\":\"https:\\\/\\\/www.novotek.com\\\/be\\\/fr\\\/\"},{\"@type\":\"ListItem\",\"position\":2,\"name\":\"Solutions et produits\",\"item\":\"https:\\\/\\\/www.novotek.com\\\/be\\\/fr\\\/solutions-et-produits\\\/\"},{\"@type\":\"ListItem\",\"position\":3,\"name\":\"Dashboard Reporting\"}]},{\"@type\":\"WebSite\",\"@id\":\"https:\\\/\\\/www.novotek.com\\\/be\\\/#website\",\"url\":\"https:\\\/\\\/www.novotek.com\\\/be\\\/\",\"name\":\"Novotek Belgium\",\"description\":\"Connecter, Mod\u00e9liser, Archiver, Visualiser, Optimiser\",\"potentialAction\":[{\"@type\":\"SearchAction\",\"target\":{\"@type\":\"EntryPoint\",\"urlTemplate\":\"https:\\\/\\\/www.novotek.com\\\/be\\\/?s={search_term_string}\"},\"query-input\":{\"@type\":\"PropertyValueSpecification\",\"valueRequired\":true,\"valueName\":\"search_term_string\"}}],\"inLanguage\":\"fr-BE\"}]}<\/script>\n<!-- \/ Yoast SEO plugin. -->","yoast_head_json":{"title":"Dashboard Reporting - Novotek Belgium","description":"Cr\u00e9ez des rapports de production et des tableaux de bord clairs sur base de vos donn\u00e9es gr\u00e2ce \u00e0 un syst\u00e8me de reporting.","robots":{"index":"index","follow":"follow","max-snippet":"max-snippet:-1","max-image-preview":"max-image-preview:large","max-video-preview":"max-video-preview:-1"},"canonical":"https:\/\/www.novotek.com\/be\/fr\/solutions-et-produits\/rapport\/","og_locale":"fr_FR","og_type":"article","og_title":"Dashboard Reporting - Novotek Belgium","og_description":"Cr\u00e9ez des rapports de production et des tableaux de bord clairs sur base de vos donn\u00e9es gr\u00e2ce \u00e0 un syst\u00e8me de reporting.","og_url":"https:\/\/www.novotek.com\/be\/fr\/solutions-et-produits\/rapport\/","og_site_name":"Novotek Belgium","article_modified_time":"2025-04-01T09:22:23+00:00","og_image":[{"width":1024,"height":684,"url":"https:\/\/www.novotek.com\/be\/wp-content\/uploads\/sites\/9\/NovotekBenelux\/SOLUTIONBI\/Business_Intelligence_Novotek_1200x800-1024x684-1.jpg","type":"image\/jpeg"}],"twitter_card":"summary_large_image","twitter_misc":{"Dur\u00e9e de lecture est.":"2 minutes"},"schema":{"@context":"https:\/\/schema.org","@graph":[{"@type":"WebPage","@id":"https:\/\/www.novotek.com\/be\/fr\/solutions-et-produits\/rapport\/","url":"https:\/\/www.novotek.com\/be\/fr\/solutions-et-produits\/rapport\/","name":"Dashboard Reporting - Novotek Belgium","isPartOf":{"@id":"https:\/\/www.novotek.com\/be\/#website"},"primaryImageOfPage":{"@id":"https:\/\/www.novotek.com\/be\/fr\/solutions-et-produits\/rapport\/#primaryimage"},"image":{"@id":"https:\/\/www.novotek.com\/be\/fr\/solutions-et-produits\/rapport\/#primaryimage"},"thumbnailUrl":"https:\/\/www.novotek.com\/be\/wp-content\/uploads\/sites\/9\/NovotekBenelux\/SOLUTIONBI\/Business_Intelligence_Novotek_1200x800-1024x684-1.jpg","datePublished":"2022-02-17T12:57:42+00:00","dateModified":"2025-04-01T09:22:23+00:00","description":"Cr\u00e9ez des rapports de production et des tableaux de bord clairs sur base de vos donn\u00e9es gr\u00e2ce \u00e0 un syst\u00e8me de reporting.","breadcrumb":{"@id":"https:\/\/www.novotek.com\/be\/fr\/solutions-et-produits\/rapport\/#breadcrumb"},"inLanguage":"fr-BE","potentialAction":[{"@type":"ReadAction","target":["https:\/\/www.novotek.com\/be\/fr\/solutions-et-produits\/rapport\/"]}]},{"@type":"ImageObject","inLanguage":"fr-BE","@id":"https:\/\/www.novotek.com\/be\/fr\/solutions-et-produits\/rapport\/#primaryimage","url":"https:\/\/www.novotek.com\/be\/wp-content\/uploads\/sites\/9\/NovotekBenelux\/SOLUTIONBI\/Business_Intelligence_Novotek_1200x800-1024x684-1.jpg","contentUrl":"https:\/\/www.novotek.com\/be\/wp-content\/uploads\/sites\/9\/NovotekBenelux\/SOLUTIONBI\/Business_Intelligence_Novotek_1200x800-1024x684-1.jpg","width":1024,"height":684,"caption":"Rapports et intelligence \u00e9conomique"},{"@type":"BreadcrumbList","@id":"https:\/\/www.novotek.com\/be\/fr\/solutions-et-produits\/rapport\/#breadcrumb","itemListElement":[{"@type":"ListItem","position":1,"name":"Home","item":"https:\/\/www.novotek.com\/be\/fr\/"},{"@type":"ListItem","position":2,"name":"Solutions et produits","item":"https:\/\/www.novotek.com\/be\/fr\/solutions-et-produits\/"},{"@type":"ListItem","position":3,"name":"Dashboard Reporting"}]},{"@type":"WebSite","@id":"https:\/\/www.novotek.com\/be\/#website","url":"https:\/\/www.novotek.com\/be\/","name":"Novotek Belgium","description":"Connecter, Mod\u00e9liser, Archiver, Visualiser, Optimiser","potentialAction":[{"@type":"SearchAction","target":{"@type":"EntryPoint","urlTemplate":"https:\/\/www.novotek.com\/be\/?s={search_term_string}"},"query-input":{"@type":"PropertyValueSpecification","valueRequired":true,"valueName":"search_term_string"}}],"inLanguage":"fr-BE"}]}},"_links":{"self":[{"href":"https:\/\/www.novotek.com\/be\/fr\/wp-json\/wp\/v2\/pages\/6150","targetHints":{"allow":["GET"]}}],"collection":[{"href":"https:\/\/www.novotek.com\/be\/fr\/wp-json\/wp\/v2\/pages"}],"about":[{"href":"https:\/\/www.novotek.com\/be\/fr\/wp-json\/wp\/v2\/types\/page"}],"author":[{"embeddable":true,"href":"https:\/\/www.novotek.com\/be\/fr\/wp-json\/wp\/v2\/users\/11"}],"replies":[{"embeddable":true,"href":"https:\/\/www.novotek.com\/be\/fr\/wp-json\/wp\/v2\/comments?post=6150"}],"version-history":[{"count":15,"href":"https:\/\/www.novotek.com\/be\/fr\/wp-json\/wp\/v2\/pages\/6150\/revisions"}],"predecessor-version":[{"id":16974,"href":"https:\/\/www.novotek.com\/be\/fr\/wp-json\/wp\/v2\/pages\/6150\/revisions\/16974"}],"up":[{"embeddable":true,"href":"https:\/\/www.novotek.com\/be\/fr\/wp-json\/wp\/v2\/pages\/5512"}],"wp:featuredmedia":[{"embeddable":true,"href":"https:\/\/www.novotek.com\/be\/fr\/wp-json\/wp\/v2\/media\/1161"}],"wp:attachment":[{"href":"https:\/\/www.novotek.com\/be\/fr\/wp-json\/wp\/v2\/media?parent=6150"}],"curies":[{"name":"wp","href":"https:\/\/api.w.org\/{rel}","templated":true}]}}