{"id":6152,"date":"2022-02-17T13:57:44","date_gmt":"2022-02-17T12:57:44","guid":{"rendered":"https:\/\/www.novotek.com\/be\/oplossingen-en-producten\/rob-ex-scheduler\/"},"modified":"2025-12-22T15:57:20","modified_gmt":"2025-12-22T14:57:20","slug":"rob-ex-scheduler","status":"publish","type":"page","link":"https:\/\/www.novotek.com\/be\/fr\/solutions-et-produits\/rob-ex-scheduler\/","title":{"rendered":"Proficy Scheduler"},"content":{"rendered":"  <div class=\"hero\">\n    <div class=\"carousel hero-slider small\" data-flickity data-flickity-options='{\"prevNextButtons\": false}'>\n              <div class=\"carousel-cell\">\n          <div class=\"container\">\n            <div class=\"hero-content\">\n                              <h1>Proficy Scheduler<\/h1>\n<p>Optimisez votre planification de production en temps r\u00e9el et anticiper les probl\u00e8mes de capacit\u00e9 avant qu&rsquo;ils ne surviennent.<\/p>\n              \n                          <\/div>\n          <\/div>\n\n          <img decoding=\"async\" width=\"1024\" height=\"427\" src=\"https:\/\/www.novotek.com\/be\/wp-content\/uploads\/sites\/9\/Novotek_produksjonsplanlegging_duotone_1920x800-1024x427.png\" class=\"hero-bg\" alt=\"Hero Img\" fetchpriority=\"high\" srcset=\"https:\/\/www.novotek.com\/be\/wp-content\/uploads\/sites\/9\/Novotek_produksjonsplanlegging_duotone_1920x800-1024x427.png 1024w, https:\/\/www.novotek.com\/be\/wp-content\/uploads\/sites\/9\/Novotek_produksjonsplanlegging_duotone_1920x800-300x125.png 300w, https:\/\/www.novotek.com\/be\/wp-content\/uploads\/sites\/9\/Novotek_produksjonsplanlegging_duotone_1920x800-768x320.png 768w, https:\/\/www.novotek.com\/be\/wp-content\/uploads\/sites\/9\/Novotek_produksjonsplanlegging_duotone_1920x800-1536x640.png 1536w, https:\/\/www.novotek.com\/be\/wp-content\/uploads\/sites\/9\/Novotek_produksjonsplanlegging_duotone_1920x800.png 1920w\" sizes=\"(max-width: 1024px) 100vw, 1024px\" \/>                  <\/div>\n          <\/div>\n\n      <\/div>\n\n   <div class=\"floating-breadcrumb\"><div class=\"container\"><span><span><a href=\"https:\/\/www.novotek.com\/be\/fr\/\" class=\"breadcrumb-frontpage\">Home<\/a><\/span><\/span><\/div><\/div>\n\n\n<div class=\"container-md paragraph  \">\n<p><\/p>\n<\/div>\n\n<div class=\"container media-text  align\">\n<div class=\"wp-block-media-text has-media-on-the-right is-stacked-on-mobile\"><div class=\"wp-block-media-text__content\"><div class=\"container-md heading  \">\n<h2 class=\"wp-block-heading\" id=\"optimaliseer-uw-productie-planning-in-realtime\">Optimisez votre planification de production en temps r\u00e9el<\/h2>\n<\/div>\n\n<div class=\"container-md paragraph  \">\n<p>De nombreuses entreprises de transformation planifient encore leur production sur papier directement \u00e0 partir de l&rsquo;ERP ou avec Excel. Cela bien que la situation sur le terrain change constamment avec des \u00e9v\u00e9nements qui affectent directement la capacit\u00e9&nbsp;: une machine tombe en panne, des mat\u00e9riaux sont livr\u00e9s en retard ou des probl\u00e8mes de qualit\u00e9 surviennent.<\/p>\n<\/div>\n\n<div class=\"container-md paragraph  \">\n<p>Un aper\u00e7u \u00e9lectronique vous permet de r\u00e9pondre plus rapidement aux questions des clients et de mieux g\u00e9rer les changements dans les commandes et la production. Vous ne perdez ainsi pas de temps \u00e0 corriger la planification, celle-ci contient moins d&rsquo;erreurs et vous \u00eates plus efficace, avec en fin de compte un meilleur respect des d\u00e9lais de livraison.<\/p>\n<\/div><\/div><figure class=\"wp-block-media-text__media\"><img loading=\"lazy\" decoding=\"async\" width=\"600\" height=\"522\" src=\"https:\/\/www.novotek.com\/be\/wp-content\/uploads\/sites\/9\/NovotekProducten\/ProductROB-EX\/ROB-EX-Scheduler-product-scherm.png\" alt=\"Productieplanning - Proficy Scheduler\" class=\"wp-image-4635 size-full\" srcset=\"https:\/\/www.novotek.com\/be\/wp-content\/uploads\/sites\/9\/NovotekProducten\/ProductROB-EX\/ROB-EX-Scheduler-product-scherm.png 600w, https:\/\/www.novotek.com\/be\/wp-content\/uploads\/sites\/9\/NovotekProducten\/ProductROB-EX\/ROB-EX-Scheduler-product-scherm-300x261.png 300w\" sizes=\"auto, (max-width: 600px) 100vw, 600px\" \/><\/figure><\/div>\n<\/div>\n\n<div class=\"container-md heading  \">\n<h4 class=\"wp-block-heading\" id=\"rob-ex-scheduler-functies\">Fonctions du ROB-EX Scheduler<\/h4>\n<\/div>\n\n<div class=\"container-md list  \">\n<ul style=\"background-color:#f8f8f8\" class=\"wp-block-list has-background\"><div class=\"container-md list-item  \">\n<li>Aper\u00e7u graphique de toutes les commandes de production en temps r\u00e9el<\/li>\n<\/div>\n\n<div class=\"container-md list-item  \">\n<li>Interfaces standard avec la plupart des syst\u00e8mes ERP pour t\u00e9l\u00e9charger les commandes et donn\u00e9es ma\u00eetres<\/li>\n<\/div>\n\n<div class=\"container-md list-item  \">\n<li>Planification en amont \/ aval selon les capacit\u00e9s finies et non-finies<\/li>\n<\/div>\n\n<div class=\"container-md list-item  \">\n<li>Visualisation automatique des goulots d\u2019\u00e9tranglement dans la planification<\/li>\n<\/div>\n\n<div class=\"container-md list-item  \">\n<li>Fonctions d\u2019assistance pour r\u00e9soudre les goulots d\u2019\u00e9tranglement<\/li>\n<\/div>\n\n<div class=\"container-md list-item  \">\n<li>Fonctions d\u2019optimisation de la planification par rapport aux temps de commutation, aux s\u00e9quences de produits, \u00e0 l\u2019utilisation d\u2019outils communs comme les matrices et aux connaissances des op\u00e9rateurs<\/li>\n<\/div>\n\n<div class=\"container-md list-item  \">\n<li>Interface Web standard pour la distribution actuelle de la planification<\/li>\n<\/div>\n\n<div class=\"container-md list-item  \">\n<li>Rapports standard pour la comparaison des temps pr\u00e9vus avec les temps effectifs<\/li>\n<\/div><\/ul>\n<\/div>\n\n<div class=\"container media-text  align\">\n<div class=\"wp-block-media-text is-stacked-on-mobile\"><figure class=\"wp-block-media-text__media\"><img loading=\"lazy\" decoding=\"async\" width=\"800\" height=\"600\" src=\"https:\/\/www.novotek.com\/be\/wp-content\/uploads\/sites\/9\/NovotekProducten\/ProductROB-EX\/ROB-EX-Scheduler-productscreen.png\" alt=\"Int\u00e9gration des syst\u00e8mes ERP avec Proficy Scheduler\" class=\"wp-image-4631 size-full\" srcset=\"https:\/\/www.novotek.com\/be\/wp-content\/uploads\/sites\/9\/NovotekProducten\/ProductROB-EX\/ROB-EX-Scheduler-productscreen.png 800w, https:\/\/www.novotek.com\/be\/wp-content\/uploads\/sites\/9\/NovotekProducten\/ProductROB-EX\/ROB-EX-Scheduler-productscreen-300x225.png 300w, https:\/\/www.novotek.com\/be\/wp-content\/uploads\/sites\/9\/NovotekProducten\/ProductROB-EX\/ROB-EX-Scheduler-productscreen-768x576.png 768w\" sizes=\"auto, (max-width: 800px) 100vw, 800px\" \/><\/figure><div class=\"wp-block-media-text__content\"><div class=\"container-md heading  \">\n<h2 class=\"wp-block-heading\" id=\"standaard-integratie-met-de-meeste-erp-systemen\">Int\u00e9gration standard dans la plupart des syst\u00e8mes ERP<\/h2>\n<\/div>\n\n<div class=\"container-md paragraph  \">\n<p>ROB-EX peut fonctionner de mani\u00e8re autonome ou \u00eatre connect\u00e9 \u00e0 votre syst\u00e8me ERP. Nous avons d\u00e9velopp\u00e9 des interfaces standard pour tous les fournisseurs ERP majeurs. Elles sont faciles \u00e0 installer et veillent \u00e0 ce que vous soyez rapidement par\u00e9.<\/p>\n<\/div>\n\n<div class=\"container-md paragraph  \">\n<p>Avec la connexion du ROB-EX \u00e0 votre syst\u00e8me ERP, les commandes de production sont automatiquement t\u00e9l\u00e9charg\u00e9es et affich\u00e9es sur le tableau de planification. C\u2019est ici qu\u2019ont ensuite lieu les r\u00e9glages fins et le suivi en temps r\u00e9el. Le syst\u00e8me peut ensuite retourner les dur\u00e9es et consommations de mat\u00e9riel effectives au syst\u00e8me ERP et lui fournir ainsi des informations plus pr\u00e9cises.<\/p>\n<\/div><\/div><\/div>\n<\/div>\n\n<div class=\"container-md spacer  \">\n<div style=\"height:37px\" aria-hidden=\"true\" class=\"wp-block-spacer\"><\/div>\n<\/div>\n\n<div class=\"container-md separator  \">\n<hr class=\"wp-block-separator has-alpha-channel-opacity\" \/>\n<\/div>\n\n<div class=\"container-md spacer  \">\n<div style=\"height:30px\" aria-hidden=\"true\" class=\"wp-block-spacer\"><\/div>\n<\/div>\n\n<div class=\"container-md heading  \">\n<h2 class=\"wp-block-heading has-text-align-center\">Pour plus d&rsquo;information, contactez Novotek.<\/h2>\n<\/div>\n\n<div class=\"container-md buttons  \">\n<div class=\"wp-block-buttons is-content-justification-center is-layout-flex wp-container-core-buttons-is-layout-16018d1d wp-block-buttons-is-layout-flex\"><div class=\"container-md button  \">\n<div class=\"wp-block-button\"><a class=\"wp-block-button__link has-novotek-red-background-color has-background wp-element-button\" href=\"https:\/\/www.novotek.com\/be\/fr\/contact\/\">contact<\/a><\/div>\n<\/div><\/div>\n<\/div>\n\n<div class=\"container-md spacer  \">\n<div style=\"height:31px\" aria-hidden=\"true\" class=\"wp-block-spacer\"><\/div>\n<\/div>\n\n<div class=\"container-md separator  \">\n<hr class=\"wp-block-separator has-alpha-channel-opacity\" \/>\n<\/div>","protected":false},"excerpt":{"rendered":"<p>Optimisez votre planification de production en temps r\u00e9el De nombreuses entreprises de transformation planifient encore leur production sur papier directement \u00e0 partir de l&rsquo;ERP ou avec Excel. Cela bien que la situation sur le terrain change constamment avec des \u00e9v\u00e9nements qui affectent directement la capacit\u00e9&nbsp;: une machine tombe en panne, des mat\u00e9riaux sont livr\u00e9s en [&hellip;]<\/p>\n","protected":false},"author":13,"featured_media":0,"parent":5512,"menu_order":0,"comment_status":"closed","ping_status":"closed","template":"","meta":{"_acf_changed":false,"_relevanssi_hide_post":"","_relevanssi_pin_for_all":"","_relevanssi_pin_keywords":"","_relevanssi_unpin_keywords":"","_relevanssi_related_keywords":"","_relevanssi_related_include_ids":"","_relevanssi_related_exclude_ids":"","_relevanssi_related_no_append":"","_relevanssi_related_not_related":"","_relevanssi_related_posts":"6125","_relevanssi_noindex_reason":"","footnotes":""},"class_list":["post-6152","page","type-page","status-publish","hentry"],"acf":[],"yoast_head":"<!-- This site is optimized with the Yoast SEO plugin v27.4 - https:\/\/yoast.com\/product\/yoast-seo-wordpress\/ -->\n<title>Proficy Scheduler - Novotek Belgium<\/title>\n<meta name=\"description\" content=\"Am\u00e9liorez le service \u00e0 la client\u00e8le et regagnez en capacit\u00e9 gr\u00e2ce \u00e0 des capacit\u00e9s avanc\u00e9es de planification de la production.\" \/>\n<meta name=\"robots\" content=\"index, follow, max-snippet:-1, max-image-preview:large, max-video-preview:-1\" \/>\n<link rel=\"canonical\" href=\"https:\/\/www.novotek.com\/be\/fr\/solutions-et-produits\/rob-ex-scheduler\/\" \/>\n<meta property=\"og:locale\" content=\"fr_FR\" \/>\n<meta property=\"og:type\" content=\"article\" \/>\n<meta property=\"og:title\" content=\"Proficy Scheduler - Novotek Belgium\" \/>\n<meta property=\"og:description\" content=\"Am\u00e9liorez le service \u00e0 la client\u00e8le et regagnez en capacit\u00e9 gr\u00e2ce \u00e0 des capacit\u00e9s avanc\u00e9es de planification de la production.\" \/>\n<meta property=\"og:url\" content=\"https:\/\/www.novotek.com\/be\/fr\/solutions-et-produits\/rob-ex-scheduler\/\" \/>\n<meta property=\"og:site_name\" content=\"Novotek Belgium\" \/>\n<meta property=\"article:modified_time\" content=\"2025-12-22T14:57:20+00:00\" \/>\n<meta property=\"og:image\" content=\"https:\/\/www.novotek.com\/be\/wp-content\/uploads\/sites\/9\/NovotekProducten\/ProductROB-EX\/ROB-EX-Scheduler-product-scherm.png\" \/>\n<meta name=\"twitter:card\" content=\"summary_large_image\" \/>\n<meta name=\"twitter:label1\" content=\"Dur\u00e9e de lecture est.\" \/>\n\t<meta name=\"twitter:data1\" content=\"3 minutes\" \/>\n<script type=\"application\/ld+json\" class=\"yoast-schema-graph\">{\"@context\":\"https:\\\/\\\/schema.org\",\"@graph\":[{\"@type\":\"WebPage\",\"@id\":\"https:\\\/\\\/www.novotek.com\\\/be\\\/fr\\\/solutions-et-produits\\\/rob-ex-scheduler\\\/\",\"url\":\"https:\\\/\\\/www.novotek.com\\\/be\\\/fr\\\/solutions-et-produits\\\/rob-ex-scheduler\\\/\",\"name\":\"Proficy Scheduler - Novotek Belgium\",\"isPartOf\":{\"@id\":\"https:\\\/\\\/www.novotek.com\\\/be\\\/#website\"},\"primaryImageOfPage\":{\"@id\":\"https:\\\/\\\/www.novotek.com\\\/be\\\/fr\\\/solutions-et-produits\\\/rob-ex-scheduler\\\/#primaryimage\"},\"image\":{\"@id\":\"https:\\\/\\\/www.novotek.com\\\/be\\\/fr\\\/solutions-et-produits\\\/rob-ex-scheduler\\\/#primaryimage\"},\"thumbnailUrl\":\"https:\\\/\\\/www.novotek.com\\\/be\\\/wp-content\\\/uploads\\\/sites\\\/9\\\/NovotekProducten\\\/ProductROB-EX\\\/ROB-EX-Scheduler-product-scherm.png\",\"datePublished\":\"2022-02-17T12:57:44+00:00\",\"dateModified\":\"2025-12-22T14:57:20+00:00\",\"description\":\"Am\u00e9liorez le service \u00e0 la client\u00e8le et regagnez en capacit\u00e9 gr\u00e2ce \u00e0 des capacit\u00e9s avanc\u00e9es de planification de la production.\",\"breadcrumb\":{\"@id\":\"https:\\\/\\\/www.novotek.com\\\/be\\\/fr\\\/solutions-et-produits\\\/rob-ex-scheduler\\\/#breadcrumb\"},\"inLanguage\":\"fr-BE\",\"potentialAction\":[{\"@type\":\"ReadAction\",\"target\":[\"https:\\\/\\\/www.novotek.com\\\/be\\\/fr\\\/solutions-et-produits\\\/rob-ex-scheduler\\\/\"]}]},{\"@type\":\"ImageObject\",\"inLanguage\":\"fr-BE\",\"@id\":\"https:\\\/\\\/www.novotek.com\\\/be\\\/fr\\\/solutions-et-produits\\\/rob-ex-scheduler\\\/#primaryimage\",\"url\":\"https:\\\/\\\/www.novotek.com\\\/be\\\/wp-content\\\/uploads\\\/sites\\\/9\\\/NovotekProducten\\\/ProductROB-EX\\\/ROB-EX-Scheduler-product-scherm.png\",\"contentUrl\":\"https:\\\/\\\/www.novotek.com\\\/be\\\/wp-content\\\/uploads\\\/sites\\\/9\\\/NovotekProducten\\\/ProductROB-EX\\\/ROB-EX-Scheduler-product-scherm.png\"},{\"@type\":\"BreadcrumbList\",\"@id\":\"https:\\\/\\\/www.novotek.com\\\/be\\\/fr\\\/solutions-et-produits\\\/rob-ex-scheduler\\\/#breadcrumb\",\"itemListElement\":[{\"@type\":\"ListItem\",\"position\":1,\"name\":\"Home\",\"item\":\"https:\\\/\\\/www.novotek.com\\\/be\\\/fr\\\/\"},{\"@type\":\"ListItem\",\"position\":2,\"name\":\"Solutions et produits\",\"item\":\"https:\\\/\\\/www.novotek.com\\\/be\\\/fr\\\/solutions-et-produits\\\/\"},{\"@type\":\"ListItem\",\"position\":3,\"name\":\"Proficy Scheduler\"}]},{\"@type\":\"WebSite\",\"@id\":\"https:\\\/\\\/www.novotek.com\\\/be\\\/#website\",\"url\":\"https:\\\/\\\/www.novotek.com\\\/be\\\/\",\"name\":\"Novotek Belgium\",\"description\":\"Connecter, Mod\u00e9liser, Archiver, Visualiser, Optimiser\",\"potentialAction\":[{\"@type\":\"SearchAction\",\"target\":{\"@type\":\"EntryPoint\",\"urlTemplate\":\"https:\\\/\\\/www.novotek.com\\\/be\\\/?s={search_term_string}\"},\"query-input\":{\"@type\":\"PropertyValueSpecification\",\"valueRequired\":true,\"valueName\":\"search_term_string\"}}],\"inLanguage\":\"fr-BE\"}]}<\/script>\n<!-- \/ Yoast SEO plugin. -->","yoast_head_json":{"title":"Proficy Scheduler - Novotek Belgium","description":"Am\u00e9liorez le service \u00e0 la client\u00e8le et regagnez en capacit\u00e9 gr\u00e2ce \u00e0 des capacit\u00e9s avanc\u00e9es de planification de la production.","robots":{"index":"index","follow":"follow","max-snippet":"max-snippet:-1","max-image-preview":"max-image-preview:large","max-video-preview":"max-video-preview:-1"},"canonical":"https:\/\/www.novotek.com\/be\/fr\/solutions-et-produits\/rob-ex-scheduler\/","og_locale":"fr_FR","og_type":"article","og_title":"Proficy Scheduler - Novotek Belgium","og_description":"Am\u00e9liorez le service \u00e0 la client\u00e8le et regagnez en capacit\u00e9 gr\u00e2ce \u00e0 des capacit\u00e9s avanc\u00e9es de planification de la production.","og_url":"https:\/\/www.novotek.com\/be\/fr\/solutions-et-produits\/rob-ex-scheduler\/","og_site_name":"Novotek Belgium","article_modified_time":"2025-12-22T14:57:20+00:00","og_image":[{"url":"https:\/\/www.novotek.com\/be\/wp-content\/uploads\/sites\/9\/NovotekProducten\/ProductROB-EX\/ROB-EX-Scheduler-product-scherm.png","type":"","width":"","height":""}],"twitter_card":"summary_large_image","twitter_misc":{"Dur\u00e9e de lecture est.":"3 minutes"},"schema":{"@context":"https:\/\/schema.org","@graph":[{"@type":"WebPage","@id":"https:\/\/www.novotek.com\/be\/fr\/solutions-et-produits\/rob-ex-scheduler\/","url":"https:\/\/www.novotek.com\/be\/fr\/solutions-et-produits\/rob-ex-scheduler\/","name":"Proficy Scheduler - Novotek Belgium","isPartOf":{"@id":"https:\/\/www.novotek.com\/be\/#website"},"primaryImageOfPage":{"@id":"https:\/\/www.novotek.com\/be\/fr\/solutions-et-produits\/rob-ex-scheduler\/#primaryimage"},"image":{"@id":"https:\/\/www.novotek.com\/be\/fr\/solutions-et-produits\/rob-ex-scheduler\/#primaryimage"},"thumbnailUrl":"https:\/\/www.novotek.com\/be\/wp-content\/uploads\/sites\/9\/NovotekProducten\/ProductROB-EX\/ROB-EX-Scheduler-product-scherm.png","datePublished":"2022-02-17T12:57:44+00:00","dateModified":"2025-12-22T14:57:20+00:00","description":"Am\u00e9liorez le service \u00e0 la client\u00e8le et regagnez en capacit\u00e9 gr\u00e2ce \u00e0 des capacit\u00e9s avanc\u00e9es de planification de la production.","breadcrumb":{"@id":"https:\/\/www.novotek.com\/be\/fr\/solutions-et-produits\/rob-ex-scheduler\/#breadcrumb"},"inLanguage":"fr-BE","potentialAction":[{"@type":"ReadAction","target":["https:\/\/www.novotek.com\/be\/fr\/solutions-et-produits\/rob-ex-scheduler\/"]}]},{"@type":"ImageObject","inLanguage":"fr-BE","@id":"https:\/\/www.novotek.com\/be\/fr\/solutions-et-produits\/rob-ex-scheduler\/#primaryimage","url":"https:\/\/www.novotek.com\/be\/wp-content\/uploads\/sites\/9\/NovotekProducten\/ProductROB-EX\/ROB-EX-Scheduler-product-scherm.png","contentUrl":"https:\/\/www.novotek.com\/be\/wp-content\/uploads\/sites\/9\/NovotekProducten\/ProductROB-EX\/ROB-EX-Scheduler-product-scherm.png"},{"@type":"BreadcrumbList","@id":"https:\/\/www.novotek.com\/be\/fr\/solutions-et-produits\/rob-ex-scheduler\/#breadcrumb","itemListElement":[{"@type":"ListItem","position":1,"name":"Home","item":"https:\/\/www.novotek.com\/be\/fr\/"},{"@type":"ListItem","position":2,"name":"Solutions et produits","item":"https:\/\/www.novotek.com\/be\/fr\/solutions-et-produits\/"},{"@type":"ListItem","position":3,"name":"Proficy Scheduler"}]},{"@type":"WebSite","@id":"https:\/\/www.novotek.com\/be\/#website","url":"https:\/\/www.novotek.com\/be\/","name":"Novotek Belgium","description":"Connecter, Mod\u00e9liser, Archiver, Visualiser, Optimiser","potentialAction":[{"@type":"SearchAction","target":{"@type":"EntryPoint","urlTemplate":"https:\/\/www.novotek.com\/be\/?s={search_term_string}"},"query-input":{"@type":"PropertyValueSpecification","valueRequired":true,"valueName":"search_term_string"}}],"inLanguage":"fr-BE"}]}},"_links":{"self":[{"href":"https:\/\/www.novotek.com\/be\/fr\/wp-json\/wp\/v2\/pages\/6152","targetHints":{"allow":["GET"]}}],"collection":[{"href":"https:\/\/www.novotek.com\/be\/fr\/wp-json\/wp\/v2\/pages"}],"about":[{"href":"https:\/\/www.novotek.com\/be\/fr\/wp-json\/wp\/v2\/types\/page"}],"author":[{"embeddable":true,"href":"https:\/\/www.novotek.com\/be\/fr\/wp-json\/wp\/v2\/users\/13"}],"replies":[{"embeddable":true,"href":"https:\/\/www.novotek.com\/be\/fr\/wp-json\/wp\/v2\/comments?post=6152"}],"version-history":[{"count":13,"href":"https:\/\/www.novotek.com\/be\/fr\/wp-json\/wp\/v2\/pages\/6152\/revisions"}],"predecessor-version":[{"id":18485,"href":"https:\/\/www.novotek.com\/be\/fr\/wp-json\/wp\/v2\/pages\/6152\/revisions\/18485"}],"up":[{"embeddable":true,"href":"https:\/\/www.novotek.com\/be\/fr\/wp-json\/wp\/v2\/pages\/5512"}],"wp:attachment":[{"href":"https:\/\/www.novotek.com\/be\/fr\/wp-json\/wp\/v2\/media?parent=6152"}],"curies":[{"name":"wp","href":"https:\/\/api.w.org\/{rel}","templated":true}]}}