{"id":6154,"date":"2022-02-17T13:57:47","date_gmt":"2022-02-17T12:57:47","guid":{"rendered":"https:\/\/www.novotek.com\/be\/oplossingen-en-producten\/planification-de-la-production\/"},"modified":"2025-12-03T13:07:55","modified_gmt":"2025-12-03T12:07:55","slug":"planification-de-la-production","status":"publish","type":"page","link":"https:\/\/www.novotek.com\/be\/fr\/solutions-et-produits\/planification-de-la-production\/","title":{"rendered":"Planification de production"},"content":{"rendered":"  <div class=\"hero\">\n    <div class=\"carousel hero-slider small\" data-flickity data-flickity-options='{\"prevNextButtons\": false}'>\n              <div class=\"carousel-cell\">\n          <div class=\"container\">\n            <div class=\"hero-content\">\n                              <h1>Planification de production<\/h1>\n<p>Optimiser l&rsquo;utilisation de la capacit\u00e9 de production disponible.<\/p>\n              \n                          <\/div>\n          <\/div>\n\n          <img decoding=\"async\" width=\"1024\" height=\"427\" src=\"https:\/\/www.novotek.com\/be\/wp-content\/uploads\/sites\/9\/NovotekBenelux\/SOLUTIONPRODUCTIEPLANNING\/Productieplanning-ROB-EX_Novotek_1920x800px-1024x427.jpg\" class=\"hero-bg\" alt=\"Hero Img\" fetchpriority=\"high\" srcset=\"https:\/\/www.novotek.com\/be\/wp-content\/uploads\/sites\/9\/NovotekBenelux\/SOLUTIONPRODUCTIEPLANNING\/Productieplanning-ROB-EX_Novotek_1920x800px-1024x427.jpg 1024w, https:\/\/www.novotek.com\/be\/wp-content\/uploads\/sites\/9\/NovotekBenelux\/SOLUTIONPRODUCTIEPLANNING\/Productieplanning-ROB-EX_Novotek_1920x800px-300x125.jpg 300w, https:\/\/www.novotek.com\/be\/wp-content\/uploads\/sites\/9\/NovotekBenelux\/SOLUTIONPRODUCTIEPLANNING\/Productieplanning-ROB-EX_Novotek_1920x800px-768x320.jpg 768w, https:\/\/www.novotek.com\/be\/wp-content\/uploads\/sites\/9\/NovotekBenelux\/SOLUTIONPRODUCTIEPLANNING\/Productieplanning-ROB-EX_Novotek_1920x800px-1536x640.jpg 1536w, https:\/\/www.novotek.com\/be\/wp-content\/uploads\/sites\/9\/NovotekBenelux\/SOLUTIONPRODUCTIEPLANNING\/Productieplanning-ROB-EX_Novotek_1920x800px.jpg 1920w\" sizes=\"(max-width: 1024px) 100vw, 1024px\" \/>                  <\/div>\n          <\/div>\n\n      <\/div>\n\n   <div class=\"floating-breadcrumb\"><div class=\"container\"><span><span><a href=\"https:\/\/www.novotek.com\/be\/fr\/\" class=\"breadcrumb-frontpage\">Home<\/a><\/span><\/span><\/div><\/div>\n\n\n<div class=\"container-md heading  \">\n<h2 class=\"wp-block-heading\" id=\"hoe-haal-je-het-maximale-uit-je-machines-materialen-en-mensen\">Comment exploiter de mani\u00e8re optimale les machines, les mat\u00e9riaux et la main-d\u2019\u0153uvre&nbsp;?<\/h2>\n<\/div>\n\n<div class=\"container-md paragraph  \">\n<p>Toute planification de production est sujette \u00e0 des changements continus&nbsp;: des machines tombent en panne, des commandes de production enregistrent des retards en raison de probl\u00e8mes li\u00e9s aux mat\u00e9riaux et la main-d\u2019\u0153uvre n\u2019est pas toujours disponible. Un tableau de planification \u00e9lectronique et graphique permet de percevoir en temps r\u00e9el le statut du processus de production et pr\u00e9sente des fonctions intelligentes pour signaler en temps utile les probl\u00e8mes potentiels et les r\u00e9soudre.<\/p>\n<\/div>\n\n<div class=\"container-md paragraph  \">\n<p>Les syst\u00e8mes de planification sont disponibles dans maintes sortes et tailles. L\u2019outil le plus fr\u00e9quemment utilis\u00e9 reste n\u00e9anmoins Excel mais il n\u2019est en fait pas pr\u00e9vu pour l\u2019\u00e9tablissement de planifications. Il ne permet pas d\u2019environnement multi-utilisateur et n\u2019est pas mis \u00e0 jour en temps r\u00e9el.<\/p>\n<\/div>\n\n<div class=\"container-md spacer  \">\n<div style=\"height:10px\" aria-hidden=\"true\" class=\"wp-block-spacer\"><\/div>\n<\/div>\n\n<div class=\"container media-text  alignwide\">\n<div class=\"wp-block-media-text alignwide is-stacked-on-mobile\"><figure class=\"wp-block-media-text__media\"><img loading=\"lazy\" decoding=\"async\" width=\"1024\" height=\"614\" src=\"https:\/\/www.novotek.com\/wp-content\/uploads\/sites\/9\/Aanvragen\/Demo-aanvraag-Novotek-Benelux.png\" alt=\"Demandez la d\u00e9mo maintenant\" class=\"wp-image-1791 size-full\" srcset=\"https:\/\/www.novotek.com\/be\/wp-content\/uploads\/sites\/9\/Aanvragen\/Demo-aanvraag-Novotek-Benelux.png 1024w, https:\/\/www.novotek.com\/be\/wp-content\/uploads\/sites\/9\/Aanvragen\/Demo-aanvraag-Novotek-Benelux-300x180.png 300w, https:\/\/www.novotek.com\/be\/wp-content\/uploads\/sites\/9\/Aanvragen\/Demo-aanvraag-Novotek-Benelux-768x461.png 768w\" sizes=\"auto, (max-width: 1024px) 100vw, 1024px\" \/><\/figure><div class=\"wp-block-media-text__content\"><div class=\"container-md paragraph  \">\n<p><em>D\u00e9mo du Proficy Scheduler<\/em><\/p>\n<\/div>\n\n<div class=\"container-md heading  \">\n<h2 class=\"wp-block-heading\" id=\"start-de-demo\">Lancer la d\u00e9mo<\/h2>\n<\/div>\n\n<div class=\"container-md group  \">\n<div class=\"wp-block-group\"><div class=\"wp-block-group__inner-container is-layout-flow wp-block-group-is-layout-flow\"><div class=\"container-md paragraph  \">\n<p>D\u00e9couvrez toute la facilit\u00e9 d\u2019emploi d\u2019un outil de planification d\u00e9taill\u00e9 et demandez ici <strong>par e-mail la d\u00e9mo gratuite<\/strong> du Proficy Scheduler.<\/p>\n<\/div><\/div>\n<\/div><\/div>\n\n<div class=\"container-md buttons  \">\n<div class=\"wp-block-buttons is-layout-flex wp-block-buttons-is-layout-flex\"><div class=\"container-md button  \">\n<div class=\"wp-block-button\"><a class=\"wp-block-button__link has-vivid-red-background-color has-background wp-element-button\" href=\"https:\/\/www.novotek.com\/be\/fr\/contact\/\">Demander la d\u00e9mo<\/a><\/div>\n<\/div><\/div>\n<\/div><\/div><\/div>\n<\/div>\n\n  <div class=\"hero\">\n    <div class=\"carousel hero-slider large\" data-flickity data-flickity-options='{\"prevNextButtons\": false}'>\n              <div class=\"carousel-cell\">\n          <div class=\"container\">\n            <div class=\"hero-content\">\n                              <h2>Comment mettre en place un syst\u00e8me de planification ?<\/h2>\n<p>Novotek peut vous aider \u00e0 <strong>cr\u00e9er<\/strong> et \u00e0<strong> mettre en \u0153uvre<\/strong> un syst\u00e8me de planification de production. Suivez la <strong>formation<\/strong> pour la mise en place de ce syst\u00e8me pour plus de renseignements. Nous offrons \u00e9galement un <strong>soutien local<\/strong> en cas de besoin.<\/p>\n              \n                              <a class=\"btn btn-primary\" href=\"https:\/\/www.novotek.com\/be\/fr\/contact\/\">\n                  Demander plus d&rsquo;informations                <\/a>\n                          <\/div>\n          <\/div>\n\n          <img decoding=\"async\" width=\"1024\" height=\"683\" src=\"https:\/\/www.novotek.com\/be\/wp-content\/uploads\/sites\/9\/NovotekBenelux\/SOLUTIONPRODUCTIEPLANNING\/Productieplanning-software-Novotek-1024x683-1.png\" class=\"hero-bg\" alt=\"Hero Img\" fetchpriority=\"high\" srcset=\"https:\/\/www.novotek.com\/be\/wp-content\/uploads\/sites\/9\/NovotekBenelux\/SOLUTIONPRODUCTIEPLANNING\/Productieplanning-software-Novotek-1024x683-1.png 1024w, https:\/\/www.novotek.com\/be\/wp-content\/uploads\/sites\/9\/NovotekBenelux\/SOLUTIONPRODUCTIEPLANNING\/Productieplanning-software-Novotek-1024x683-1-300x200.png 300w, https:\/\/www.novotek.com\/be\/wp-content\/uploads\/sites\/9\/NovotekBenelux\/SOLUTIONPRODUCTIEPLANNING\/Productieplanning-software-Novotek-1024x683-1-768x512.png 768w\" sizes=\"(max-width: 1024px) 100vw, 1024px\" \/>                  <\/div>\n          <\/div>\n\n      <\/div>\n\n   \n\n\n  <div class=\"slider-column-parent\">\n    <div class=\"container\">\n      <div class=\"slider-column-title\">La solution de planification de la production consiste en:<\/div>\n\n      <div class=\"row\">\n        <div class=\"col-12 col-md-4\"><div class=\"column-box\">\n  \n      <div class=\"title\">\n      ROB-EX Scheduler    <\/div>\n  \n      <div class=\"text\">\n      <p><img loading=\"lazy\" decoding=\"async\" class=\"alignnone size-medium wp-image-4635\" src=\"https:\/\/www.novotek.com\/wp-content\/uploads\/sites\/9\/NovotekProducten\/ProductROB-EX\/ROB-EX-Scheduler-product-scherm-300x261.png\" alt=\"Productieplanning - ROB-EX Scheduler\" width=\"300\" height=\"261\" srcset=\"https:\/\/www.novotek.com\/be\/wp-content\/uploads\/sites\/9\/NovotekProducten\/ProductROB-EX\/ROB-EX-Scheduler-product-scherm-300x261.png 300w, https:\/\/www.novotek.com\/be\/wp-content\/uploads\/sites\/9\/NovotekProducten\/ProductROB-EX\/ROB-EX-Scheduler-product-scherm.png 600w\" sizes=\"auto, (max-width: 300px) 100vw, 300px\" \/><\/p>\n<p>Optimisez votre <strong>planification de la production<\/strong> et <strong>pr\u00e9venez les probl\u00e8mes de capacit\u00e9<\/strong> avant qu&rsquo;ils ne surviennent.<\/p>\n    <\/div>\n  \n      <a class=\"link\"  href=\"https:\/\/www.novotek.com\/be\/fr\/solutions-et-produits\/rob-ex-scheduler\/\" target=\"\">\n      Lire plus &#8211; Proficy Scheduler    <\/a>\n  \n  <\/div>\n\n<\/div><div class=\"col-12 col-md-4\"><div class=\"column-box\">\n  \n      <div class=\"title\">\n      Proficy Plant Applications    <\/div>\n  \n      <div class=\"text\">\n      <p><img loading=\"lazy\" decoding=\"async\" class=\"alignnone size-medium wp-image-18007\" src=\"https:\/\/www.novotek.com\/be\/wp-content\/uploads\/sites\/9\/Proficy-Plant-Applications-1-1-300x261.jpg\" alt=\"\" width=\"300\" height=\"261\" srcset=\"https:\/\/www.novotek.com\/be\/wp-content\/uploads\/sites\/9\/Proficy-Plant-Applications-1-1-300x261.jpg 300w, https:\/\/www.novotek.com\/be\/wp-content\/uploads\/sites\/9\/Proficy-Plant-Applications-1-1-86x75.jpg 86w, https:\/\/www.novotek.com\/be\/wp-content\/uploads\/sites\/9\/Proficy-Plant-Applications-1-1-306x266.jpg 306w, https:\/\/www.novotek.com\/be\/wp-content\/uploads\/sites\/9\/Proficy-Plant-Applications-1-1.jpg 600w\" sizes=\"auto, (max-width: 300px) 100vw, 300px\" \/><\/p>\n<p><strong>Gestion de l&rsquo;efficacit\u00e9<\/strong>, <strong>gestion de la production<\/strong> et<strong> gestion de la qualit\u00e9<\/strong> dans un seul syst\u00e8me.<\/p>\n    <\/div>\n  \n      <a class=\"link\"  href=\"https:\/\/www.novotek.com\/be\/fr\/solutions-et-produits\/proficy-plant-applications\/\" target=\"\">\n      Lire plus &#8211; Proficy Plant Applications    <\/a>\n  \n  <\/div>\n\n<\/div>      <\/div>\n    <\/div>\n  <\/div>\n","protected":false},"excerpt":{"rendered":"<p>Comment exploiter de mani\u00e8re optimale les machines, les mat\u00e9riaux et la main-d\u2019\u0153uvre&nbsp;? Toute planification de production est sujette \u00e0 des changements continus&nbsp;: des machines tombent en panne, des commandes de production enregistrent des retards en raison de probl\u00e8mes li\u00e9s aux mat\u00e9riaux et la main-d\u2019\u0153uvre n\u2019est pas toujours disponible. Un tableau de planification \u00e9lectronique et graphique [&hellip;]<\/p>\n","protected":false},"author":11,"featured_media":0,"parent":5512,"menu_order":0,"comment_status":"closed","ping_status":"closed","template":"","meta":{"_acf_changed":false,"_relevanssi_hide_post":"","_relevanssi_pin_for_all":"","_relevanssi_pin_keywords":"","_relevanssi_unpin_keywords":"","_relevanssi_related_keywords":"","_relevanssi_related_include_ids":"","_relevanssi_related_exclude_ids":"","_relevanssi_related_no_append":"","_relevanssi_related_not_related":"","_relevanssi_related_posts":"6327,6337,6125,6323","_relevanssi_noindex_reason":"","footnotes":""},"class_list":["post-6154","page","type-page","status-publish","hentry"],"acf":[],"yoast_head":"<!-- This site is optimized with the Yoast SEO plugin v27.4 - https:\/\/yoast.com\/product\/yoast-seo-wordpress\/ -->\n<title>Planification de production - Novotek Belgium<\/title>\n<meta name=\"description\" content=\"Optimisez votre Planification de production en temps r\u00e9el et pr\u00e9venir les probl\u00e8mes de capacit\u00e9 avant qu&#039;ils ne surviennent.\" \/>\n<meta name=\"robots\" content=\"index, follow, max-snippet:-1, max-image-preview:large, max-video-preview:-1\" \/>\n<link rel=\"canonical\" href=\"https:\/\/www.novotek.com\/be\/fr\/solutions-et-produits\/planification-de-la-production\/\" \/>\n<meta property=\"og:locale\" content=\"fr_FR\" \/>\n<meta property=\"og:type\" content=\"article\" \/>\n<meta property=\"og:title\" content=\"Planification de production - Novotek Belgium\" \/>\n<meta property=\"og:description\" content=\"Optimisez votre Planification de production en temps r\u00e9el et pr\u00e9venir les probl\u00e8mes de capacit\u00e9 avant qu&#039;ils ne surviennent.\" \/>\n<meta property=\"og:url\" content=\"https:\/\/www.novotek.com\/be\/fr\/solutions-et-produits\/planification-de-la-production\/\" \/>\n<meta property=\"og:site_name\" content=\"Novotek Belgium\" \/>\n<meta property=\"article:modified_time\" content=\"2025-12-03T12:07:55+00:00\" \/>\n<meta property=\"og:image\" content=\"https:\/\/www.novotek.com\/wp-content\/uploads\/sites\/9\/Aanvragen\/Demo-aanvraag-Novotek-Benelux.png\" \/>\n<meta name=\"twitter:card\" content=\"summary_large_image\" \/>\n<meta name=\"twitter:label1\" content=\"Dur\u00e9e de lecture est.\" \/>\n\t<meta name=\"twitter:data1\" content=\"1 minute\" \/>\n<script type=\"application\/ld+json\" class=\"yoast-schema-graph\">{\"@context\":\"https:\\\/\\\/schema.org\",\"@graph\":[{\"@type\":\"WebPage\",\"@id\":\"https:\\\/\\\/www.novotek.com\\\/be\\\/fr\\\/solutions-et-produits\\\/planification-de-la-production\\\/\",\"url\":\"https:\\\/\\\/www.novotek.com\\\/be\\\/fr\\\/solutions-et-produits\\\/planification-de-la-production\\\/\",\"name\":\"Planification de production - Novotek Belgium\",\"isPartOf\":{\"@id\":\"https:\\\/\\\/www.novotek.com\\\/be\\\/#website\"},\"primaryImageOfPage\":{\"@id\":\"https:\\\/\\\/www.novotek.com\\\/be\\\/fr\\\/solutions-et-produits\\\/planification-de-la-production\\\/#primaryimage\"},\"image\":{\"@id\":\"https:\\\/\\\/www.novotek.com\\\/be\\\/fr\\\/solutions-et-produits\\\/planification-de-la-production\\\/#primaryimage\"},\"thumbnailUrl\":\"https:\\\/\\\/www.novotek.com\\\/wp-content\\\/uploads\\\/sites\\\/9\\\/Aanvragen\\\/Demo-aanvraag-Novotek-Benelux.png\",\"datePublished\":\"2022-02-17T12:57:47+00:00\",\"dateModified\":\"2025-12-03T12:07:55+00:00\",\"description\":\"Optimisez votre Planification de production en temps r\u00e9el et pr\u00e9venir les probl\u00e8mes de capacit\u00e9 avant qu'ils ne surviennent.\",\"breadcrumb\":{\"@id\":\"https:\\\/\\\/www.novotek.com\\\/be\\\/fr\\\/solutions-et-produits\\\/planification-de-la-production\\\/#breadcrumb\"},\"inLanguage\":\"fr-BE\",\"potentialAction\":[{\"@type\":\"ReadAction\",\"target\":[\"https:\\\/\\\/www.novotek.com\\\/be\\\/fr\\\/solutions-et-produits\\\/planification-de-la-production\\\/\"]}]},{\"@type\":\"ImageObject\",\"inLanguage\":\"fr-BE\",\"@id\":\"https:\\\/\\\/www.novotek.com\\\/be\\\/fr\\\/solutions-et-produits\\\/planification-de-la-production\\\/#primaryimage\",\"url\":\"https:\\\/\\\/www.novotek.com\\\/wp-content\\\/uploads\\\/sites\\\/9\\\/Aanvragen\\\/Demo-aanvraag-Novotek-Benelux.png\",\"contentUrl\":\"https:\\\/\\\/www.novotek.com\\\/wp-content\\\/uploads\\\/sites\\\/9\\\/Aanvragen\\\/Demo-aanvraag-Novotek-Benelux.png\"},{\"@type\":\"BreadcrumbList\",\"@id\":\"https:\\\/\\\/www.novotek.com\\\/be\\\/fr\\\/solutions-et-produits\\\/planification-de-la-production\\\/#breadcrumb\",\"itemListElement\":[{\"@type\":\"ListItem\",\"position\":1,\"name\":\"Home\",\"item\":\"https:\\\/\\\/www.novotek.com\\\/be\\\/fr\\\/\"},{\"@type\":\"ListItem\",\"position\":2,\"name\":\"Solutions et produits\",\"item\":\"https:\\\/\\\/www.novotek.com\\\/be\\\/fr\\\/solutions-et-produits\\\/\"},{\"@type\":\"ListItem\",\"position\":3,\"name\":\"Planification de production\"}]},{\"@type\":\"WebSite\",\"@id\":\"https:\\\/\\\/www.novotek.com\\\/be\\\/#website\",\"url\":\"https:\\\/\\\/www.novotek.com\\\/be\\\/\",\"name\":\"Novotek Belgium\",\"description\":\"Connecter, Mod\u00e9liser, Archiver, Visualiser, Optimiser\",\"potentialAction\":[{\"@type\":\"SearchAction\",\"target\":{\"@type\":\"EntryPoint\",\"urlTemplate\":\"https:\\\/\\\/www.novotek.com\\\/be\\\/?s={search_term_string}\"},\"query-input\":{\"@type\":\"PropertyValueSpecification\",\"valueRequired\":true,\"valueName\":\"search_term_string\"}}],\"inLanguage\":\"fr-BE\"}]}<\/script>\n<!-- \/ Yoast SEO plugin. -->","yoast_head_json":{"title":"Planification de production - Novotek Belgium","description":"Optimisez votre Planification de production en temps r\u00e9el et pr\u00e9venir les probl\u00e8mes de capacit\u00e9 avant qu'ils ne surviennent.","robots":{"index":"index","follow":"follow","max-snippet":"max-snippet:-1","max-image-preview":"max-image-preview:large","max-video-preview":"max-video-preview:-1"},"canonical":"https:\/\/www.novotek.com\/be\/fr\/solutions-et-produits\/planification-de-la-production\/","og_locale":"fr_FR","og_type":"article","og_title":"Planification de production - Novotek Belgium","og_description":"Optimisez votre Planification de production en temps r\u00e9el et pr\u00e9venir les probl\u00e8mes de capacit\u00e9 avant qu'ils ne surviennent.","og_url":"https:\/\/www.novotek.com\/be\/fr\/solutions-et-produits\/planification-de-la-production\/","og_site_name":"Novotek Belgium","article_modified_time":"2025-12-03T12:07:55+00:00","og_image":[{"url":"https:\/\/www.novotek.com\/wp-content\/uploads\/sites\/9\/Aanvragen\/Demo-aanvraag-Novotek-Benelux.png","type":"","width":"","height":""}],"twitter_card":"summary_large_image","twitter_misc":{"Dur\u00e9e de lecture est.":"1 minute"},"schema":{"@context":"https:\/\/schema.org","@graph":[{"@type":"WebPage","@id":"https:\/\/www.novotek.com\/be\/fr\/solutions-et-produits\/planification-de-la-production\/","url":"https:\/\/www.novotek.com\/be\/fr\/solutions-et-produits\/planification-de-la-production\/","name":"Planification de production - Novotek Belgium","isPartOf":{"@id":"https:\/\/www.novotek.com\/be\/#website"},"primaryImageOfPage":{"@id":"https:\/\/www.novotek.com\/be\/fr\/solutions-et-produits\/planification-de-la-production\/#primaryimage"},"image":{"@id":"https:\/\/www.novotek.com\/be\/fr\/solutions-et-produits\/planification-de-la-production\/#primaryimage"},"thumbnailUrl":"https:\/\/www.novotek.com\/wp-content\/uploads\/sites\/9\/Aanvragen\/Demo-aanvraag-Novotek-Benelux.png","datePublished":"2022-02-17T12:57:47+00:00","dateModified":"2025-12-03T12:07:55+00:00","description":"Optimisez votre Planification de production en temps r\u00e9el et pr\u00e9venir les probl\u00e8mes de capacit\u00e9 avant qu'ils ne surviennent.","breadcrumb":{"@id":"https:\/\/www.novotek.com\/be\/fr\/solutions-et-produits\/planification-de-la-production\/#breadcrumb"},"inLanguage":"fr-BE","potentialAction":[{"@type":"ReadAction","target":["https:\/\/www.novotek.com\/be\/fr\/solutions-et-produits\/planification-de-la-production\/"]}]},{"@type":"ImageObject","inLanguage":"fr-BE","@id":"https:\/\/www.novotek.com\/be\/fr\/solutions-et-produits\/planification-de-la-production\/#primaryimage","url":"https:\/\/www.novotek.com\/wp-content\/uploads\/sites\/9\/Aanvragen\/Demo-aanvraag-Novotek-Benelux.png","contentUrl":"https:\/\/www.novotek.com\/wp-content\/uploads\/sites\/9\/Aanvragen\/Demo-aanvraag-Novotek-Benelux.png"},{"@type":"BreadcrumbList","@id":"https:\/\/www.novotek.com\/be\/fr\/solutions-et-produits\/planification-de-la-production\/#breadcrumb","itemListElement":[{"@type":"ListItem","position":1,"name":"Home","item":"https:\/\/www.novotek.com\/be\/fr\/"},{"@type":"ListItem","position":2,"name":"Solutions et produits","item":"https:\/\/www.novotek.com\/be\/fr\/solutions-et-produits\/"},{"@type":"ListItem","position":3,"name":"Planification de production"}]},{"@type":"WebSite","@id":"https:\/\/www.novotek.com\/be\/#website","url":"https:\/\/www.novotek.com\/be\/","name":"Novotek Belgium","description":"Connecter, Mod\u00e9liser, Archiver, Visualiser, Optimiser","potentialAction":[{"@type":"SearchAction","target":{"@type":"EntryPoint","urlTemplate":"https:\/\/www.novotek.com\/be\/?s={search_term_string}"},"query-input":{"@type":"PropertyValueSpecification","valueRequired":true,"valueName":"search_term_string"}}],"inLanguage":"fr-BE"}]}},"_links":{"self":[{"href":"https:\/\/www.novotek.com\/be\/fr\/wp-json\/wp\/v2\/pages\/6154","targetHints":{"allow":["GET"]}}],"collection":[{"href":"https:\/\/www.novotek.com\/be\/fr\/wp-json\/wp\/v2\/pages"}],"about":[{"href":"https:\/\/www.novotek.com\/be\/fr\/wp-json\/wp\/v2\/types\/page"}],"author":[{"embeddable":true,"href":"https:\/\/www.novotek.com\/be\/fr\/wp-json\/wp\/v2\/users\/11"}],"replies":[{"embeddable":true,"href":"https:\/\/www.novotek.com\/be\/fr\/wp-json\/wp\/v2\/comments?post=6154"}],"version-history":[{"count":11,"href":"https:\/\/www.novotek.com\/be\/fr\/wp-json\/wp\/v2\/pages\/6154\/revisions"}],"predecessor-version":[{"id":18098,"href":"https:\/\/www.novotek.com\/be\/fr\/wp-json\/wp\/v2\/pages\/6154\/revisions\/18098"}],"up":[{"embeddable":true,"href":"https:\/\/www.novotek.com\/be\/fr\/wp-json\/wp\/v2\/pages\/5512"}],"wp:attachment":[{"href":"https:\/\/www.novotek.com\/be\/fr\/wp-json\/wp\/v2\/media?parent=6154"}],"curies":[{"name":"wp","href":"https:\/\/api.w.org\/{rel}","templated":true}]}}