{"id":6156,"date":"2022-02-17T13:57:50","date_gmt":"2022-02-17T12:57:50","guid":{"rendered":"https:\/\/www.novotek.com\/be\/oplossingen-en-producten\/gestion-de-versions-pour-plc\/"},"modified":"2025-04-01T12:32:09","modified_gmt":"2025-04-01T11:32:09","slug":"gestion-de-versions-pour-plc","status":"publish","type":"page","link":"https:\/\/www.novotek.com\/be\/fr\/solutions-et-produits\/gestion-de-versions-pour-plc\/","title":{"rendered":"Gestion de versions pour PLC"},"content":{"rendered":"  <div class=\"hero\">\n    <div class=\"carousel hero-slider small\" data-flickity data-flickity-options='{\"prevNextButtons\": false}'>\n              <div class=\"carousel-cell\">\n          <div class=\"container\">\n            <div class=\"hero-content\">\n                              <h1>Gestion des versions pour les automates<\/h1>\n<p>S\u00e9curisez la programmation de vos automates et assurez le fonctionnement continu de votre contr\u00f4le de processus.<\/p>\n              \n                          <\/div>\n          <\/div>\n\n          <img decoding=\"async\" width=\"1024\" height=\"427\" src=\"https:\/\/www.novotek.com\/be\/wp-content\/uploads\/sites\/9\/Novotek_versjonskontroll_harddisker_duotone_1920x800-1024x427.jpg.webp\" class=\"hero-bg\" alt=\"Hero Img\" fetchpriority=\"high\" srcset=\"https:\/\/www.novotek.com\/be\/wp-content\/uploads\/sites\/9\/Novotek_versjonskontroll_harddisker_duotone_1920x800-1024x427.jpg.webp 1024w, https:\/\/www.novotek.com\/be\/wp-content\/uploads\/sites\/9\/Novotek_versjonskontroll_harddisker_duotone_1920x800-300x125.jpg.webp 300w, https:\/\/www.novotek.com\/be\/wp-content\/uploads\/sites\/9\/Novotek_versjonskontroll_harddisker_duotone_1920x800-768x320.jpg.webp 768w, https:\/\/www.novotek.com\/be\/wp-content\/uploads\/sites\/9\/Novotek_versjonskontroll_harddisker_duotone_1920x800-1536x640.jpg.webp 1536w, https:\/\/www.novotek.com\/be\/wp-content\/uploads\/sites\/9\/Novotek_versjonskontroll_harddisker_duotone_1920x800.jpg.webp 1920w\" sizes=\"(max-width: 1024px) 100vw, 1024px\" \/>                  <\/div>\n          <\/div>\n\n      <\/div>\n\n   <div class=\"floating-breadcrumb\"><div class=\"container\"><span><span><a href=\"https:\/\/www.novotek.com\/be\/fr\/\" class=\"breadcrumb-frontpage\">Home<\/a><\/span><\/span><\/div><\/div>\n\n\n<div class=\"container-md heading  \">\n<h2 class=\"wp-block-heading\" id=\"het-hart-van-uw-procesbesturing\">Le c\u0153ur de votre commande de processus<\/h2>\n<\/div>\n\n<div class=\"container-md paragraph  \">\n<p>Le logiciel constitue le c\u0153ur de votre commande de processus. S\u2019il est toujours assez simple de remplacer le mat\u00e9riel, le logiciel est et reste unique. Que faire donc s\u2019il devient inutilisable&nbsp;? Par ailleurs, les pilotes changent constamment, ce qui peut parfois entra\u00eener la circulation de versions incorrectes. Des mises \u00e0 jours non document\u00e9es ou des modifications a priori minimes peuvent \u00eatre lourdes de cons\u00e9quences pour le fonctionnement des syst\u00e8mes de commande. La gestion de versions permet de r\u00e9soudre ces d\u00e9fis avec la sauvegarde automatique de vos solutions d\u2019automatisation.<\/p>\n<\/div>\n\n<div class=\"container-md paragraph  \">\n<p><\/p>\n<\/div>\n\n<div class=\"container media-text  align\">\n<div class=\"wp-block-media-text is-stacked-on-mobile\"><figure class=\"wp-block-media-text__media\"><img loading=\"lazy\" decoding=\"async\" width=\"870\" height=\"563\" src=\"https:\/\/www.novotek.com\/be\/wp-content\/uploads\/sites\/9\/NovotekBenelux\/SOLUTIONVERSIEBEHEERPLC\/Versiebeheer_automatiseringssysteem_Novotek.jpg\" alt=\"Gestion des versions du PLC : syst\u00e8me d'automatisation\" class=\"wp-image-1164 size-full\" srcset=\"https:\/\/www.novotek.com\/be\/wp-content\/uploads\/sites\/9\/NovotekBenelux\/SOLUTIONVERSIEBEHEERPLC\/Versiebeheer_automatiseringssysteem_Novotek.jpg 870w, https:\/\/www.novotek.com\/be\/wp-content\/uploads\/sites\/9\/NovotekBenelux\/SOLUTIONVERSIEBEHEERPLC\/Versiebeheer_automatiseringssysteem_Novotek-300x194.jpg 300w, https:\/\/www.novotek.com\/be\/wp-content\/uploads\/sites\/9\/NovotekBenelux\/SOLUTIONVERSIEBEHEERPLC\/Versiebeheer_automatiseringssysteem_Novotek-768x497.jpg 768w\" sizes=\"auto, (max-width: 870px) 100vw, 870px\" \/><\/figure><div class=\"wp-block-media-text__content\"><div class=\"container-md heading  \">\n<h2 class=\"wp-block-heading\" id=\"hoe-werkt-geautomatiseerd-versiebeheer\">Comment fonctionne la gestion de versions automatis\u00e9e&nbsp;?<\/h2>\n<\/div>\n\n<div class=\"container-md paragraph  \">\n<p>La gestion de versions automatis\u00e9e est un syst\u00e8me qui effectue automatiquement une sauvegarde de vos solutions d\u2019automatisation et vous tient au courant de toute modification (intempestive). La solution est enti\u00e8rement tra\u00e7able et documente tous les incidents et modifications avec horodatage et l\u2019op\u00e9rateur. Les diff\u00e9rentes versions peuvent alors \u00eatre compar\u00e9es et vous pouvez revenir ais\u00e9ment aux versions pr\u00e9c\u00e9dentes. En cas d\u2019erreurs syst\u00e8me ou d\u2019autres probl\u00e8mes, la gestion de versions veille \u00e0 ce que votre syst\u00e8me de commande soit rapidement r\u00e9cup\u00e9r\u00e9 avec les bons param\u00e8tres.<\/p>\n<\/div>\n\n<div class=\"container-md paragraph  \">\n<p><\/p>\n<\/div><\/div><\/div>\n<\/div>\n\n<div class=\"container-md heading  \">\n<h2 class=\"wp-block-heading\" id=\"produceer-veiliger-en-efficienter\">Produisez avec davantage de s\u00e9curit\u00e9 et d\u2019efficacit\u00e9<\/h2>\n<\/div>\n\n<div class=\"container-md paragraph  \">\n<p>La gestion de versions vous donne \u00e0 tout moment acc\u00e8s aux versions pr\u00e9c\u00e9dentes de votre logiciel d&rsquo;exploitation. Elle vous permet &#8211; en toute simplicit\u00e9 &#8211; de comparer les versions, de revenir aux versions pr\u00e9c\u00e9dentes ou de r\u00e9cup\u00e9rer des syst\u00e8mes rapidement en cas de probl\u00e8me &#8211; et ce, sans l\u2019aide des fournisseurs ou des int\u00e9grateurs de syst\u00e8mes. Elle garantit ainsi une gestion d&rsquo;entreprise optimale et plus rentable tout en r\u00e9duisant les temps d\u2019arr\u00eat et de r\u00e9solution de probl\u00e8mes.<\/p>\n<\/div>\n\n  <div class=\"hero\">\n    <div class=\"carousel hero-slider large\" data-flickity data-flickity-options='{\"prevNextButtons\": false}'>\n              <div class=\"carousel-cell\">\n          <div class=\"container\">\n            <div class=\"hero-content\">\n                              <h2>Comment mettre en \u0153uvre l&rsquo;octoplant ?<\/h2>\n<p>Novotek est un fournisseur d&rsquo;octoplant. Le syst\u00e8me de contr\u00f4le de version d&rsquo;AMDT. AMDT est un leader du march\u00e9 avec des milliers de clients dans le monde entier. Nos consultants vous aideront \u00e0 trouver la bonne fa\u00e7on d&rsquo;impl\u00e9menter octoplant dans votre entreprise.<\/p>\n              \n                              <a class=\"btn btn-primary\" href=\"https:\/\/www.novotek.com\/be\/fr\/contact\/\">\n                  Neem contact op                <\/a>\n                          <\/div>\n          <\/div>\n\n          <img decoding=\"async\" width=\"1024\" height=\"427\" src=\"https:\/\/www.novotek.com\/be\/wp-content\/uploads\/sites\/9\/Novotek_support_training\/novotek-staff-at-meeting-header-duplex-cyan-1024x427.jpg.webp\" class=\"hero-bg\" alt=\"Hero Img\" fetchpriority=\"high\" srcset=\"https:\/\/www.novotek.com\/be\/wp-content\/uploads\/sites\/9\/Novotek_support_training\/novotek-staff-at-meeting-header-duplex-cyan-1024x427.jpg.webp 1024w, https:\/\/www.novotek.com\/be\/wp-content\/uploads\/sites\/9\/Novotek_support_training\/novotek-staff-at-meeting-header-duplex-cyan-300x125.jpg.webp 300w, https:\/\/www.novotek.com\/be\/wp-content\/uploads\/sites\/9\/Novotek_support_training\/novotek-staff-at-meeting-header-duplex-cyan-768x320.jpg.webp 768w, https:\/\/www.novotek.com\/be\/wp-content\/uploads\/sites\/9\/Novotek_support_training\/novotek-staff-at-meeting-header-duplex-cyan-1536x640.jpg.webp 1536w, https:\/\/www.novotek.com\/be\/wp-content\/uploads\/sites\/9\/Novotek_support_training\/novotek-staff-at-meeting-header-duplex-cyan.jpg.webp 1920w\" sizes=\"(max-width: 1024px) 100vw, 1024px\" \/>                  <\/div>\n          <\/div>\n\n      <\/div>\n\n   \n\n\n\n\n  <div class=\"slider-column-parent\">\n    <div class=\"container\">\n      <div class=\"slider-column-title\">Notre solution de gestion des versions<\/div>\n\n      <div class=\"row\">\n        <div class=\"col-12 col-md-4\"><div class=\"column-box\">\n  \n      <div class=\"title\">\n      Versiondog    <\/div>\n  \n      <div class=\"text\">\n      <p><img loading=\"lazy\" decoding=\"async\" class=\"alignnone size-medium wp-image-4762\" src=\"https:\/\/www.novotek.com\/wp-content\/uploads\/sites\/9\/Versinodog-product-scherm-300x261.png\" alt=\"Versiondog_versiebeheer\" width=\"300\" height=\"261\" srcset=\"https:\/\/www.novotek.com\/be\/wp-content\/uploads\/sites\/9\/Versinodog-product-scherm-300x261.png 300w, https:\/\/www.novotek.com\/be\/wp-content\/uploads\/sites\/9\/Versinodog-product-scherm.png 600w\" sizes=\"auto, (max-width: 300px) 100vw, 300px\" \/><\/p>\n<p>Octoplant offre un contr\u00f4le de version optimal adapt\u00e9 aux exigences de l&rsquo;automatisation industrielle.<\/p>\n    <\/div>\n  \n      <a class=\"link\"  href=\"https:\/\/www.novotek.com\/be\/fr\/solutions-et-produits\/octoplant\/\" target=\"\">\n      Plus d&rsquo;informations sur octoplant    <\/a>\n  \n  <\/div>\n\n<\/div>      <\/div>\n    <\/div>\n  <\/div>\n","protected":false},"excerpt":{"rendered":"<p>Le c\u0153ur de votre commande de processus Le logiciel constitue le c\u0153ur de votre commande de processus. S\u2019il est toujours assez simple de remplacer le mat\u00e9riel, le logiciel est et reste unique. Que faire donc s\u2019il devient inutilisable&nbsp;? Par ailleurs, les pilotes changent constamment, ce qui peut parfois entra\u00eener la circulation de versions incorrectes. Des [&hellip;]<\/p>\n","protected":false},"author":4,"featured_media":0,"parent":5512,"menu_order":0,"comment_status":"closed","ping_status":"closed","template":"","meta":{"_acf_changed":false,"_relevanssi_hide_post":"","_relevanssi_pin_for_all":"","_relevanssi_pin_keywords":"","_relevanssi_unpin_keywords":"","_relevanssi_related_keywords":"","_relevanssi_related_include_ids":"","_relevanssi_related_exclude_ids":"","_relevanssi_related_no_append":"","_relevanssi_related_not_related":"","_relevanssi_related_posts":"6125","_relevanssi_noindex_reason":"","footnotes":""},"class_list":["post-6156","page","type-page","status-publish","hentry"],"acf":[],"yoast_head":"<!-- This site is optimized with the Yoast SEO plugin v27.4 - https:\/\/yoast.com\/product\/yoast-seo-wordpress\/ -->\n<title>Gestion de versions pour PLC - Novotek Belgium<\/title>\n<meta name=\"description\" content=\"Gestion de versions pour PLC. S\u00e9curisez la programmation de vos PLC et assurez le fonctionnement continu de votre contr\u00f4le de processus.\" \/>\n<meta name=\"robots\" content=\"index, follow, max-snippet:-1, max-image-preview:large, max-video-preview:-1\" \/>\n<link rel=\"canonical\" href=\"https:\/\/www.novotek.com\/be\/fr\/solutions-et-produits\/gestion-de-versions-pour-plc\/\" \/>\n<meta property=\"og:locale\" content=\"fr_FR\" \/>\n<meta property=\"og:type\" content=\"article\" \/>\n<meta property=\"og:title\" content=\"Gestion de versions pour PLC - Novotek Belgium\" \/>\n<meta property=\"og:description\" content=\"Gestion de versions pour PLC. S\u00e9curisez la programmation de vos PLC et assurez le fonctionnement continu de votre contr\u00f4le de processus.\" \/>\n<meta property=\"og:url\" content=\"https:\/\/www.novotek.com\/be\/fr\/solutions-et-produits\/gestion-de-versions-pour-plc\/\" \/>\n<meta property=\"og:site_name\" content=\"Novotek Belgium\" \/>\n<meta property=\"article:modified_time\" content=\"2025-04-01T11:32:09+00:00\" \/>\n<meta property=\"og:image\" content=\"https:\/\/www.novotek.com\/be\/wp-content\/uploads\/sites\/9\/NovotekBenelux\/SOLUTIONVERSIEBEHEERPLC\/Versiebeheer_automatiseringssysteem_Novotek.jpg\" \/>\n<meta name=\"twitter:card\" content=\"summary_large_image\" \/>\n<meta name=\"twitter:label1\" content=\"Dur\u00e9e de lecture est.\" \/>\n\t<meta name=\"twitter:data1\" content=\"2 minutes\" \/>\n<script type=\"application\/ld+json\" class=\"yoast-schema-graph\">{\"@context\":\"https:\\\/\\\/schema.org\",\"@graph\":[{\"@type\":\"WebPage\",\"@id\":\"https:\\\/\\\/www.novotek.com\\\/be\\\/fr\\\/solutions-et-produits\\\/gestion-de-versions-pour-plc\\\/\",\"url\":\"https:\\\/\\\/www.novotek.com\\\/be\\\/fr\\\/solutions-et-produits\\\/gestion-de-versions-pour-plc\\\/\",\"name\":\"Gestion de versions pour PLC - Novotek Belgium\",\"isPartOf\":{\"@id\":\"https:\\\/\\\/www.novotek.com\\\/be\\\/#website\"},\"primaryImageOfPage\":{\"@id\":\"https:\\\/\\\/www.novotek.com\\\/be\\\/fr\\\/solutions-et-produits\\\/gestion-de-versions-pour-plc\\\/#primaryimage\"},\"image\":{\"@id\":\"https:\\\/\\\/www.novotek.com\\\/be\\\/fr\\\/solutions-et-produits\\\/gestion-de-versions-pour-plc\\\/#primaryimage\"},\"thumbnailUrl\":\"https:\\\/\\\/www.novotek.com\\\/be\\\/wp-content\\\/uploads\\\/sites\\\/9\\\/NovotekBenelux\\\/SOLUTIONVERSIEBEHEERPLC\\\/Versiebeheer_automatiseringssysteem_Novotek.jpg\",\"datePublished\":\"2022-02-17T12:57:50+00:00\",\"dateModified\":\"2025-04-01T11:32:09+00:00\",\"description\":\"Gestion de versions pour PLC. S\u00e9curisez la programmation de vos PLC et assurez le fonctionnement continu de votre contr\u00f4le de processus.\",\"breadcrumb\":{\"@id\":\"https:\\\/\\\/www.novotek.com\\\/be\\\/fr\\\/solutions-et-produits\\\/gestion-de-versions-pour-plc\\\/#breadcrumb\"},\"inLanguage\":\"fr-BE\",\"potentialAction\":[{\"@type\":\"ReadAction\",\"target\":[\"https:\\\/\\\/www.novotek.com\\\/be\\\/fr\\\/solutions-et-produits\\\/gestion-de-versions-pour-plc\\\/\"]}]},{\"@type\":\"ImageObject\",\"inLanguage\":\"fr-BE\",\"@id\":\"https:\\\/\\\/www.novotek.com\\\/be\\\/fr\\\/solutions-et-produits\\\/gestion-de-versions-pour-plc\\\/#primaryimage\",\"url\":\"https:\\\/\\\/www.novotek.com\\\/be\\\/wp-content\\\/uploads\\\/sites\\\/9\\\/NovotekBenelux\\\/SOLUTIONVERSIEBEHEERPLC\\\/Versiebeheer_automatiseringssysteem_Novotek.jpg\",\"contentUrl\":\"https:\\\/\\\/www.novotek.com\\\/be\\\/wp-content\\\/uploads\\\/sites\\\/9\\\/NovotekBenelux\\\/SOLUTIONVERSIEBEHEERPLC\\\/Versiebeheer_automatiseringssysteem_Novotek.jpg\"},{\"@type\":\"BreadcrumbList\",\"@id\":\"https:\\\/\\\/www.novotek.com\\\/be\\\/fr\\\/solutions-et-produits\\\/gestion-de-versions-pour-plc\\\/#breadcrumb\",\"itemListElement\":[{\"@type\":\"ListItem\",\"position\":1,\"name\":\"Home\",\"item\":\"https:\\\/\\\/www.novotek.com\\\/be\\\/fr\\\/\"},{\"@type\":\"ListItem\",\"position\":2,\"name\":\"Solutions et produits\",\"item\":\"https:\\\/\\\/www.novotek.com\\\/be\\\/fr\\\/solutions-et-produits\\\/\"},{\"@type\":\"ListItem\",\"position\":3,\"name\":\"Gestion de versions pour PLC\"}]},{\"@type\":\"WebSite\",\"@id\":\"https:\\\/\\\/www.novotek.com\\\/be\\\/#website\",\"url\":\"https:\\\/\\\/www.novotek.com\\\/be\\\/\",\"name\":\"Novotek Belgium\",\"description\":\"Connecter, Mod\u00e9liser, Archiver, Visualiser, Optimiser\",\"potentialAction\":[{\"@type\":\"SearchAction\",\"target\":{\"@type\":\"EntryPoint\",\"urlTemplate\":\"https:\\\/\\\/www.novotek.com\\\/be\\\/?s={search_term_string}\"},\"query-input\":{\"@type\":\"PropertyValueSpecification\",\"valueRequired\":true,\"valueName\":\"search_term_string\"}}],\"inLanguage\":\"fr-BE\"}]}<\/script>\n<!-- \/ Yoast SEO plugin. -->","yoast_head_json":{"title":"Gestion de versions pour PLC - Novotek Belgium","description":"Gestion de versions pour PLC. S\u00e9curisez la programmation de vos PLC et assurez le fonctionnement continu de votre contr\u00f4le de processus.","robots":{"index":"index","follow":"follow","max-snippet":"max-snippet:-1","max-image-preview":"max-image-preview:large","max-video-preview":"max-video-preview:-1"},"canonical":"https:\/\/www.novotek.com\/be\/fr\/solutions-et-produits\/gestion-de-versions-pour-plc\/","og_locale":"fr_FR","og_type":"article","og_title":"Gestion de versions pour PLC - Novotek Belgium","og_description":"Gestion de versions pour PLC. S\u00e9curisez la programmation de vos PLC et assurez le fonctionnement continu de votre contr\u00f4le de processus.","og_url":"https:\/\/www.novotek.com\/be\/fr\/solutions-et-produits\/gestion-de-versions-pour-plc\/","og_site_name":"Novotek Belgium","article_modified_time":"2025-04-01T11:32:09+00:00","og_image":[{"url":"https:\/\/www.novotek.com\/be\/wp-content\/uploads\/sites\/9\/NovotekBenelux\/SOLUTIONVERSIEBEHEERPLC\/Versiebeheer_automatiseringssysteem_Novotek.jpg","type":"","width":"","height":""}],"twitter_card":"summary_large_image","twitter_misc":{"Dur\u00e9e de lecture est.":"2 minutes"},"schema":{"@context":"https:\/\/schema.org","@graph":[{"@type":"WebPage","@id":"https:\/\/www.novotek.com\/be\/fr\/solutions-et-produits\/gestion-de-versions-pour-plc\/","url":"https:\/\/www.novotek.com\/be\/fr\/solutions-et-produits\/gestion-de-versions-pour-plc\/","name":"Gestion de versions pour PLC - Novotek Belgium","isPartOf":{"@id":"https:\/\/www.novotek.com\/be\/#website"},"primaryImageOfPage":{"@id":"https:\/\/www.novotek.com\/be\/fr\/solutions-et-produits\/gestion-de-versions-pour-plc\/#primaryimage"},"image":{"@id":"https:\/\/www.novotek.com\/be\/fr\/solutions-et-produits\/gestion-de-versions-pour-plc\/#primaryimage"},"thumbnailUrl":"https:\/\/www.novotek.com\/be\/wp-content\/uploads\/sites\/9\/NovotekBenelux\/SOLUTIONVERSIEBEHEERPLC\/Versiebeheer_automatiseringssysteem_Novotek.jpg","datePublished":"2022-02-17T12:57:50+00:00","dateModified":"2025-04-01T11:32:09+00:00","description":"Gestion de versions pour PLC. S\u00e9curisez la programmation de vos PLC et assurez le fonctionnement continu de votre contr\u00f4le de processus.","breadcrumb":{"@id":"https:\/\/www.novotek.com\/be\/fr\/solutions-et-produits\/gestion-de-versions-pour-plc\/#breadcrumb"},"inLanguage":"fr-BE","potentialAction":[{"@type":"ReadAction","target":["https:\/\/www.novotek.com\/be\/fr\/solutions-et-produits\/gestion-de-versions-pour-plc\/"]}]},{"@type":"ImageObject","inLanguage":"fr-BE","@id":"https:\/\/www.novotek.com\/be\/fr\/solutions-et-produits\/gestion-de-versions-pour-plc\/#primaryimage","url":"https:\/\/www.novotek.com\/be\/wp-content\/uploads\/sites\/9\/NovotekBenelux\/SOLUTIONVERSIEBEHEERPLC\/Versiebeheer_automatiseringssysteem_Novotek.jpg","contentUrl":"https:\/\/www.novotek.com\/be\/wp-content\/uploads\/sites\/9\/NovotekBenelux\/SOLUTIONVERSIEBEHEERPLC\/Versiebeheer_automatiseringssysteem_Novotek.jpg"},{"@type":"BreadcrumbList","@id":"https:\/\/www.novotek.com\/be\/fr\/solutions-et-produits\/gestion-de-versions-pour-plc\/#breadcrumb","itemListElement":[{"@type":"ListItem","position":1,"name":"Home","item":"https:\/\/www.novotek.com\/be\/fr\/"},{"@type":"ListItem","position":2,"name":"Solutions et produits","item":"https:\/\/www.novotek.com\/be\/fr\/solutions-et-produits\/"},{"@type":"ListItem","position":3,"name":"Gestion de versions pour PLC"}]},{"@type":"WebSite","@id":"https:\/\/www.novotek.com\/be\/#website","url":"https:\/\/www.novotek.com\/be\/","name":"Novotek Belgium","description":"Connecter, Mod\u00e9liser, Archiver, Visualiser, Optimiser","potentialAction":[{"@type":"SearchAction","target":{"@type":"EntryPoint","urlTemplate":"https:\/\/www.novotek.com\/be\/?s={search_term_string}"},"query-input":{"@type":"PropertyValueSpecification","valueRequired":true,"valueName":"search_term_string"}}],"inLanguage":"fr-BE"}]}},"_links":{"self":[{"href":"https:\/\/www.novotek.com\/be\/fr\/wp-json\/wp\/v2\/pages\/6156","targetHints":{"allow":["GET"]}}],"collection":[{"href":"https:\/\/www.novotek.com\/be\/fr\/wp-json\/wp\/v2\/pages"}],"about":[{"href":"https:\/\/www.novotek.com\/be\/fr\/wp-json\/wp\/v2\/types\/page"}],"author":[{"embeddable":true,"href":"https:\/\/www.novotek.com\/be\/fr\/wp-json\/wp\/v2\/users\/4"}],"replies":[{"embeddable":true,"href":"https:\/\/www.novotek.com\/be\/fr\/wp-json\/wp\/v2\/comments?post=6156"}],"version-history":[{"count":7,"href":"https:\/\/www.novotek.com\/be\/fr\/wp-json\/wp\/v2\/pages\/6156\/revisions"}],"predecessor-version":[{"id":17012,"href":"https:\/\/www.novotek.com\/be\/fr\/wp-json\/wp\/v2\/pages\/6156\/revisions\/17012"}],"up":[{"embeddable":true,"href":"https:\/\/www.novotek.com\/be\/fr\/wp-json\/wp\/v2\/pages\/5512"}],"wp:attachment":[{"href":"https:\/\/www.novotek.com\/be\/fr\/wp-json\/wp\/v2\/media?parent=6156"}],"curies":[{"name":"wp","href":"https:\/\/api.w.org\/{rel}","templated":true}]}}