{"id":6158,"date":"2022-02-17T13:57:53","date_gmt":"2022-02-17T12:57:53","guid":{"rendered":"https:\/\/www.novotek.com\/be\/oplossingen-en-producten\/proficy-csense\/"},"modified":"2025-12-22T14:54:10","modified_gmt":"2025-12-22T13:54:10","slug":"proficy-csense","status":"publish","type":"page","link":"https:\/\/www.novotek.com\/be\/fr\/solutions-et-produits\/proficy-csense\/","title":{"rendered":"Proficy CSense"},"content":{"rendered":"  <div class=\"hero\">\n    <div class=\"carousel hero-slider small\" data-flickity data-flickity-options='{\"prevNextButtons\": false}'>\n              <div class=\"carousel-cell\">\n          <div class=\"container\">\n            <div class=\"hero-content\">\n                              <h1>Proficy CSense<\/h1>\n<p>Advanced analytics et machine learning rendus accessibles \u00e0 tous.<\/p>\n              \n                          <\/div>\n          <\/div>\n\n          <img decoding=\"async\" width=\"1024\" height=\"427\" src=\"https:\/\/www.novotek.com\/be\/wp-content\/uploads\/sites\/9\/Novotek_Proficy_CSense_workers_duotone_1920x800-1024x427.jpg.webp\" class=\"hero-bg\" alt=\"Hero Img\" fetchpriority=\"high\" srcset=\"https:\/\/www.novotek.com\/be\/wp-content\/uploads\/sites\/9\/Novotek_Proficy_CSense_workers_duotone_1920x800-1024x427.jpg.webp 1024w, https:\/\/www.novotek.com\/be\/wp-content\/uploads\/sites\/9\/Novotek_Proficy_CSense_workers_duotone_1920x800-300x125.jpg.webp 300w, https:\/\/www.novotek.com\/be\/wp-content\/uploads\/sites\/9\/Novotek_Proficy_CSense_workers_duotone_1920x800-768x320.jpg.webp 768w, https:\/\/www.novotek.com\/be\/wp-content\/uploads\/sites\/9\/Novotek_Proficy_CSense_workers_duotone_1920x800-1536x640.jpg.webp 1536w, https:\/\/www.novotek.com\/be\/wp-content\/uploads\/sites\/9\/Novotek_Proficy_CSense_workers_duotone_1920x800.jpg.webp 1920w\" sizes=\"(max-width: 1024px) 100vw, 1024px\" \/>                  <\/div>\n          <\/div>\n\n      <\/div>\n\n   \n\n\n<div class=\"container-md heading  \">\n<h2 class=\"wp-block-heading\" id=\"gebruik-machine-learning-om-de-productie-verder-te-optimaliseren\">Utilisez l\u2019apprentissage automatique pour optimiser davantage votre production<\/h2>\n<\/div>\n\n<div class=\"container-md paragraph  \">\n<p>Proficy CSense de GE Vernova exploite les techniques avanc\u00e9es de l\u2019apprentissage automatique pour proc\u00e9der \u00e0 une analyse automatique des informations provenant de diff\u00e9rentes sources de donn\u00e9es industrielles. Les ing\u00e9nieurs et techniciens en processus peuvent ainsi d\u00e9tecter rapidement des probl\u00e8mes et en rechercher les causes possibles. Partant des mod\u00e8les g\u00e9n\u00e9r\u00e9s, il est m\u00eame possible d\u2019anticiper les \u00e9v\u00e9nements futurs afin d\u2019am\u00e9liorer la qualit\u00e9 et d\u2019augmenter la productivit\u00e9.<\/p>\n<\/div>\n\n<div class=\"container-md image  \">\n<figure class=\"wp-block-image size-full\"><img loading=\"lazy\" decoding=\"async\" width=\"1024\" height=\"576\" src=\"https:\/\/www.novotek.com\/be\/wp-content\/uploads\/sites\/9\/Proficy_Csense_Novotek.jpg\" alt=\"Proficy CSense\" class=\"wp-image-18413\" srcset=\"https:\/\/www.novotek.com\/be\/wp-content\/uploads\/sites\/9\/Proficy_Csense_Novotek.jpg 1024w, https:\/\/www.novotek.com\/be\/wp-content\/uploads\/sites\/9\/Proficy_Csense_Novotek-300x169.jpg 300w, https:\/\/www.novotek.com\/be\/wp-content\/uploads\/sites\/9\/Proficy_Csense_Novotek-768x432.jpg 768w, https:\/\/www.novotek.com\/be\/wp-content\/uploads\/sites\/9\/Proficy_Csense_Novotek-86x48.jpg 86w, https:\/\/www.novotek.com\/be\/wp-content\/uploads\/sites\/9\/Proficy_Csense_Novotek-306x172.jpg 306w, https:\/\/www.novotek.com\/be\/wp-content\/uploads\/sites\/9\/Proficy_Csense_Novotek-636x358.jpg 636w\" sizes=\"auto, (max-width: 1024px) 100vw, 1024px\" \/><\/figure>\n<\/div>\n\n<div class=\"container-md paragraph  \">\n<p><\/p>\n<\/div>\n\n<div class=\"container media-text  align\">\n<div class=\"wp-block-media-text is-stacked-on-mobile alignwide\" style=\"grid-template-columns:45% auto\"><figure class=\"wp-block-media-text__media\"><img decoding=\"async\" src=\"https:\/\/www.novotek.com\/be\/wp-content\/uploads\/sites\/9\/Proficy_CSense_Troubleshooter_GE-Vernova_Novotek-300x261.png.webp\" alt=\" Troubleshooter CSense \" class=\"wp-image-15772 size-medium\" \/><\/figure><div class=\"wp-block-media-text__content\"><div class=\"container-md heading  \">\n<h4 class=\"wp-block-heading\" id=\"met-de-troubleshooter-kunt-u-procesvariaties-opsporen-en-verminderen\">Le Troubleshooter vous permet de d\u00e9tecter et r\u00e9duire les variations au sein du processus<\/h4>\n<\/div>\n\n<div class=\"container-md paragraph  \">\n<p>Le Troubleshooter CSense vous permet de recueillir les donn\u00e9es historiques et de les visualiser de diff\u00e9rentes mani\u00e8res. Les tendances, histogrammes et nuages de points vous donnent une bonne vue d\u2019ensemble des donn\u00e9es. Vous pouvez ensuite proc\u00e9der ici \u00e0 un <em>nettoyage des donn\u00e9es<\/em> et les pr\u00e9-\u00e9diter pour en poursuivre l\u2019analyse. Le syst\u00e8me peut m\u00eame g\u00e9n\u00e9rer des mod\u00e8les sur la base de 80% des donn\u00e9es historiques et d\u00e9terminer l\u2019ajustement des 20% restants. Ce mod\u00e8le peut ensuite \u00eatre exploit\u00e9 pour des applications pr\u00e9dictives.<\/p>\n<\/div>\n\n<div class=\"container-md paragraph  \">\n<p><\/p>\n<\/div><\/div><\/div>\n<\/div>\n\n<div class=\"container-md heading  \">\n<h4 class=\"wp-block-heading\" id=\"ontwikkel-zelf-digitale-modellen-die-kunnen-helpen-bepaalde-events-te-voorspellen\">D\u00e9veloppez vous-m\u00eame des mod\u00e8les qui contribuent \u00e0 anticiper certains \u00e9v\u00e9nements<\/h4>\n<\/div>\n\n<div class=\"container-md paragraph  \">\n<p>CSense Architect offre \u00e0 l\u2019utilisateur une vaste plate-forme pour le d\u00e9veloppement, l\u2019int\u00e9gration, l\u2019essai et la distribution en temps r\u00e9el de la solution d\u2019analyse g\u00e9n\u00e9r\u00e9e. Ceci permet d\u2019am\u00e9liorer consid\u00e9rablement le d\u00e9bit de production, le rendement, la qualit\u00e9 et l\u2019efficacit\u00e9. Les solutions d\u2019optimisation et de commande peuvent ensuite \u00eatre reli\u00e9es \u00e0 des donn\u00e9es en temps r\u00e9el \u00e0 des fins d\u2019analyse pr\u00e9dictive.<\/p>\n<\/div>\n\n<div class=\"container-md paragraph  \">\n<p><\/p>\n<\/div>\n\n<div class=\"container-md image  \">\n<figure class=\"wp-block-image size-full\"><img loading=\"lazy\" decoding=\"async\" width=\"1024\" height=\"512\" src=\"https:\/\/www.novotek.com\/be\/wp-content\/uploads\/sites\/9\/Proficy_Csense_Architect_Novotek-1024x512-1.png\" alt=\"des modeles\" class=\"wp-image-7344\" srcset=\"https:\/\/www.novotek.com\/be\/wp-content\/uploads\/sites\/9\/Proficy_Csense_Architect_Novotek-1024x512-1.png 1024w, https:\/\/www.novotek.com\/be\/wp-content\/uploads\/sites\/9\/Proficy_Csense_Architect_Novotek-1024x512-1-300x150.png 300w, https:\/\/www.novotek.com\/be\/wp-content\/uploads\/sites\/9\/Proficy_Csense_Architect_Novotek-1024x512-1-768x384.png 768w\" sizes=\"auto, (max-width: 1024px) 100vw, 1024px\" \/><\/figure>\n<\/div>\n\n<div class=\"container-md heading  \">\n<h4 class=\"wp-block-heading\" id=\"wat-kun-je-met-proficy-csense\">Que pouvez-vous faire avec Proficy CSense&nbsp;?<\/h4>\n<\/div>\n\n<div class=\"container-md list  \">\n<ul style=\"background-color:#f8f8f8\" class=\"wp-block-list has-background\"><div class=\"container-md list-item  \">\n<li>Appliquer vous-m\u00eame le Machine Learning \u00e0 des donn\u00e9es industrielles afin d\u2019anticiper certains \u00e9v\u00e9nements<\/li>\n<\/div>\n\n<div class=\"container-md list-item  \">\n<li>Recueillir en toute simplicit\u00e9 des donn\u00e9es sur base du temps et sur base des \u00e9v\u00e9nements<\/li>\n<\/div>\n\n<div class=\"container-md list-item  \">\n<li>G\u00e9n\u00e9rer automatiquement des mod\u00e8les sur la base des donn\u00e9es historiques et les valider<\/li>\n<\/div>\n\n<div class=\"container-md list-item  \">\n<li>Visualiser et nettoyer des donn\u00e9es de diff\u00e9rentes mani\u00e8res<\/li>\n<\/div>\n\n<div class=\"container-md list-item  \">\n<li>Pr\u00e9paration automatique des donn\u00e9es sous Architect<\/li>\n<\/div>\n\n<div class=\"container-md list-item  \">\n<li>Mettre des mod\u00e8les pr\u00e9dictifs en ligne et les surveiller<\/li>\n<\/div>\n\n<div class=\"container-md list-item  \">\n<li>Int\u00e9gration possible avec Python, Matlab ou d\u2019autres programmes .Net<\/li>\n<\/div><\/ul>\n<\/div>\n\n<div class=\"container-md spacer  \">\n<div style=\"height:10px\" aria-hidden=\"true\" class=\"wp-block-spacer\"><\/div>\n<\/div>\n\n<div class=\"container media-text  align\">\n<div class=\"wp-block-media-text is-stacked-on-mobile\" style=\"grid-template-columns:43% auto\"><figure class=\"wp-block-media-text__media\"><img loading=\"lazy\" decoding=\"async\" width=\"600\" height=\"351\" src=\"https:\/\/www.novotek.com\/be\/wp-content\/uploads\/sites\/9\/Proficy_CSense_ObjectManager_Novotek.png.webp\" alt=\"Machine Learning\" class=\"wp-image-15775 size-full\" srcset=\"https:\/\/www.novotek.com\/be\/wp-content\/uploads\/sites\/9\/Proficy_CSense_ObjectManager_Novotek.png 600w, https:\/\/www.novotek.com\/be\/wp-content\/uploads\/sites\/9\/Proficy_CSense_ObjectManager_Novotek-300x176.png 300w, https:\/\/www.novotek.com\/be\/wp-content\/uploads\/sites\/9\/Proficy_CSense_ObjectManager_Novotek-86x50.png 86w, https:\/\/www.novotek.com\/be\/wp-content\/uploads\/sites\/9\/Proficy_CSense_ObjectManager_Novotek-306x179.png 306w\" sizes=\"auto, (max-width: 600px) 100vw, 600px\" \/><\/figure><div class=\"wp-block-media-text__content\"><div class=\"container-md heading  \">\n<h2 class=\"wp-block-heading\" id=\"een-gebruiksvriendelijke-machine-learning-oplossing\">Une solution conviviale de Machine Learning<\/h2>\n<\/div>\n\n<div class=\"container-md paragraph  \">\n<p>Proficy CSense a \u00e9t\u00e9 con\u00e7u pour une utilit\u00e9 optimale avec la fonctionnalit\u00e9 \u00ab&nbsp;glisser-d\u00e9placer&nbsp;\u00bb et une interface utilisateur graphique. L&rsquo;utilisateur peut acc\u00e9der \u00e0 des mod\u00e8les d\u2019analyse sans devoir programmer&nbsp;: calculs simples, donn\u00e9es pr\u00e9par\u00e9es, optimisation en temps r\u00e9el et commande de processus avanc\u00e9e. Action Objects Manager permet de stocker des solutions servant de mod\u00e8le puis de les r\u00e9utiliser pour simple distribution \u00e0 des unit\u00e9s de processus similaires.<\/p>\n<\/div>\n\n<div class=\"container-md paragraph  \">\n<p><\/p>\n<\/div><\/div><\/div>\n<\/div>\n\n<div class=\"container media-text  alignwide\">\n<div class=\"wp-block-media-text alignwide has-media-on-the-right is-stacked-on-mobile\"><div class=\"wp-block-media-text__content\"><div class=\"container-md heading  \">\n<h2 class=\"wp-block-heading\" id=\"vraag-de-gratis-trial-aan\">Demandez la d\u00e9mo gratuite<\/h2>\n<\/div>\n\n<div class=\"container-md paragraph  \">\n<p>Novotek vous propose de d\u00e9couvrir vous-m\u00eame la puissance d\u2019analyse avec une d\u00e9mo qui comprend les \u00e9l\u00e9ments suivants&nbsp;:<\/p>\n<\/div>\n\n<div class=\"container-md list  \">\n<ul class=\"wp-block-list\"><div class=\"container-md list-item  \">\n<li>une licence CSense Process Troubleshooter&nbsp;;<\/li>\n<\/div>\n\n<div class=\"container-md list-item  \">\n<li>une licence CSense Architect&nbsp;;<\/li>\n<\/div>\n\n<div class=\"container-md list-item  \">\n<li>une licence CSense Runtime valable pour 100 balises&nbsp;;<\/li>\n<\/div>\n\n<div class=\"container-md list-item  \">\n<li>une formation en ligne&nbsp;;<\/li>\n<\/div>\n\n<div class=\"container-md list-item  \">\n<li>l\u2019installation gratuite du logiciel par un sp\u00e9cialiste produits&nbsp;;<\/li>\n<\/div>\n\n<div class=\"container-md list-item  \">\n<li>6&nbsp;heures de consultance fonctionnelle.<\/li>\n<\/div><\/ul>\n<\/div>\n\n<div class=\"container-md paragraph  \">\n<p>Voulez-vous d\u00e9couvrir les pr\u00e9visions que vous pouvez faire sur la base de vos donn\u00e9es historiques&nbsp;? Demandez la d\u00e9mo.<\/p>\n<\/div>\n\n<div class=\"container-md buttons  \">\n<div class=\"wp-block-buttons is-layout-flex wp-block-buttons-is-layout-flex\"><div class=\"container-md button  \">\n<div class=\"wp-block-button\"><a class=\"wp-block-button__link has-vivid-red-background-color has-background wp-element-button\" href=\"https:\/\/www.novotek.com\/be\/fr\/contact\/\">Demander la d\u00e9mo<\/a><\/div>\n<\/div><\/div>\n<\/div><\/div><figure class=\"wp-block-media-text__media\"><img loading=\"lazy\" decoding=\"async\" width=\"1024\" height=\"614\" src=\"https:\/\/www.novotek.com\/wp-content\/uploads\/sites\/9\/Aanvragen\/Trial-aanvragen-Novotek-Benelux.png\" alt=\"D\u00e9marrer la d\u00e9mo aujourd\u2019hui\" class=\"wp-image-1793 size-full\" srcset=\"https:\/\/www.novotek.com\/be\/wp-content\/uploads\/sites\/9\/Aanvragen\/Trial-aanvragen-Novotek-Benelux.png 1024w, https:\/\/www.novotek.com\/be\/wp-content\/uploads\/sites\/9\/Aanvragen\/Trial-aanvragen-Novotek-Benelux-300x180.png 300w, https:\/\/www.novotek.com\/be\/wp-content\/uploads\/sites\/9\/Aanvragen\/Trial-aanvragen-Novotek-Benelux-768x461.png 768w\" sizes=\"auto, (max-width: 1024px) 100vw, 1024px\" \/><\/figure><\/div>\n<\/div>\n\n  <div class=\"slider-column-parent\">\n    <div class=\"container\">\n      <div class=\"slider-column-title\">Produits et articles \u00e0 la une<\/div>\n\n      <div class=\"row\">\n        <div class=\"col-12 col-md-4\"><div class=\"column-box\">\n  \n      <div class=\"title\">\n      Predictive Analytics    <\/div>\n  \n      <div class=\"text\">\n      <p>Augmenter l&rsquo;efficacit\u00e9 gr\u00e2ce \u00e0 l&rsquo;analyse pr\u00e9dictive dans le Cloud<\/p>\n    <\/div>\n  \n      <a class=\"link\"  href=\"https:\/\/www.novotek.com\/be\/fr\/solutions-et-produits\/analytics\/\" target=\"\">\n      Lire plus &#8211; d&rsquo;Analytics    <\/a>\n  \n  <\/div>\n\n<\/div>      <\/div>\n    <\/div>\n  <\/div>\n\n\n<div class=\"container-md paragraph  \">\n<p><\/p>\n<\/div>","protected":false},"excerpt":{"rendered":"<p>Utilisez l\u2019apprentissage automatique pour optimiser davantage votre production Proficy CSense de GE Vernova exploite les techniques avanc\u00e9es de l\u2019apprentissage automatique pour proc\u00e9der \u00e0 une analyse automatique des informations provenant de diff\u00e9rentes sources de donn\u00e9es industrielles. Les ing\u00e9nieurs et techniciens en processus peuvent ainsi d\u00e9tecter rapidement des probl\u00e8mes et en rechercher les causes possibles. Partant des [&hellip;]<\/p>\n","protected":false},"author":13,"featured_media":0,"parent":5512,"menu_order":0,"comment_status":"closed","ping_status":"closed","template":"","meta":{"_acf_changed":false,"_relevanssi_hide_post":"","_relevanssi_pin_for_all":"","_relevanssi_pin_keywords":"","_relevanssi_unpin_keywords":"","_relevanssi_related_keywords":"","_relevanssi_related_include_ids":"","_relevanssi_related_exclude_ids":"","_relevanssi_related_no_append":"","_relevanssi_related_not_related":"","_relevanssi_related_posts":"6125","_relevanssi_noindex_reason":"","footnotes":""},"class_list":["post-6158","page","type-page","status-publish","hentry"],"acf":[],"yoast_head":"<!-- This site is optimized with the Yoast SEO plugin v27.4 - https:\/\/yoast.com\/product\/yoast-seo-wordpress\/ -->\n<title>Proficy CSense - Novotek Belgium<\/title>\n<meta name=\"description\" content=\"Proficy CSense est une solution de Machine Learning pour optimiser votre production. Il permet aux ing\u00e9nieurs d&#039;identifier rapidement les probl\u00e8mes.\" \/>\n<meta name=\"robots\" content=\"index, follow, max-snippet:-1, max-image-preview:large, max-video-preview:-1\" \/>\n<link rel=\"canonical\" href=\"https:\/\/www.novotek.com\/be\/fr\/solutions-et-produits\/proficy-csense\/\" \/>\n<meta property=\"og:locale\" content=\"fr_FR\" \/>\n<meta property=\"og:type\" content=\"article\" \/>\n<meta property=\"og:title\" content=\"Proficy CSense - Novotek Belgium\" \/>\n<meta property=\"og:description\" content=\"Proficy CSense est une solution de Machine Learning pour optimiser votre production. Il permet aux ing\u00e9nieurs d&#039;identifier rapidement les probl\u00e8mes.\" \/>\n<meta property=\"og:url\" content=\"https:\/\/www.novotek.com\/be\/fr\/solutions-et-produits\/proficy-csense\/\" \/>\n<meta property=\"og:site_name\" content=\"Novotek Belgium\" \/>\n<meta property=\"article:modified_time\" content=\"2025-12-22T13:54:10+00:00\" \/>\n<meta property=\"og:image\" content=\"https:\/\/www.novotek.com\/be\/wp-content\/uploads\/sites\/9\/Proficy_Csense_Novotek.jpg\" \/>\n<meta name=\"twitter:card\" content=\"summary_large_image\" \/>\n<meta name=\"twitter:label1\" content=\"Dur\u00e9e de lecture est.\" \/>\n\t<meta name=\"twitter:data1\" content=\"4 minutes\" \/>\n<script type=\"application\/ld+json\" class=\"yoast-schema-graph\">{\"@context\":\"https:\\\/\\\/schema.org\",\"@graph\":[{\"@type\":\"WebPage\",\"@id\":\"https:\\\/\\\/www.novotek.com\\\/be\\\/fr\\\/solutions-et-produits\\\/proficy-csense\\\/\",\"url\":\"https:\\\/\\\/www.novotek.com\\\/be\\\/fr\\\/solutions-et-produits\\\/proficy-csense\\\/\",\"name\":\"Proficy CSense - Novotek Belgium\",\"isPartOf\":{\"@id\":\"https:\\\/\\\/www.novotek.com\\\/be\\\/#website\"},\"primaryImageOfPage\":{\"@id\":\"https:\\\/\\\/www.novotek.com\\\/be\\\/fr\\\/solutions-et-produits\\\/proficy-csense\\\/#primaryimage\"},\"image\":{\"@id\":\"https:\\\/\\\/www.novotek.com\\\/be\\\/fr\\\/solutions-et-produits\\\/proficy-csense\\\/#primaryimage\"},\"thumbnailUrl\":\"https:\\\/\\\/www.novotek.com\\\/be\\\/wp-content\\\/uploads\\\/sites\\\/9\\\/Proficy_Csense_Novotek.jpg\",\"datePublished\":\"2022-02-17T12:57:53+00:00\",\"dateModified\":\"2025-12-22T13:54:10+00:00\",\"description\":\"Proficy CSense est une solution de Machine Learning pour optimiser votre production. Il permet aux ing\u00e9nieurs d'identifier rapidement les probl\u00e8mes.\",\"breadcrumb\":{\"@id\":\"https:\\\/\\\/www.novotek.com\\\/be\\\/fr\\\/solutions-et-produits\\\/proficy-csense\\\/#breadcrumb\"},\"inLanguage\":\"fr-BE\",\"potentialAction\":[{\"@type\":\"ReadAction\",\"target\":[\"https:\\\/\\\/www.novotek.com\\\/be\\\/fr\\\/solutions-et-produits\\\/proficy-csense\\\/\"]}]},{\"@type\":\"ImageObject\",\"inLanguage\":\"fr-BE\",\"@id\":\"https:\\\/\\\/www.novotek.com\\\/be\\\/fr\\\/solutions-et-produits\\\/proficy-csense\\\/#primaryimage\",\"url\":\"https:\\\/\\\/www.novotek.com\\\/be\\\/wp-content\\\/uploads\\\/sites\\\/9\\\/Proficy_Csense_Novotek.jpg\",\"contentUrl\":\"https:\\\/\\\/www.novotek.com\\\/be\\\/wp-content\\\/uploads\\\/sites\\\/9\\\/Proficy_Csense_Novotek.jpg\"},{\"@type\":\"BreadcrumbList\",\"@id\":\"https:\\\/\\\/www.novotek.com\\\/be\\\/fr\\\/solutions-et-produits\\\/proficy-csense\\\/#breadcrumb\",\"itemListElement\":[{\"@type\":\"ListItem\",\"position\":1,\"name\":\"Home\",\"item\":\"https:\\\/\\\/www.novotek.com\\\/be\\\/fr\\\/\"},{\"@type\":\"ListItem\",\"position\":2,\"name\":\"Solutions et produits\",\"item\":\"https:\\\/\\\/www.novotek.com\\\/be\\\/fr\\\/solutions-et-produits\\\/\"},{\"@type\":\"ListItem\",\"position\":3,\"name\":\"Proficy CSense\"}]},{\"@type\":\"WebSite\",\"@id\":\"https:\\\/\\\/www.novotek.com\\\/be\\\/#website\",\"url\":\"https:\\\/\\\/www.novotek.com\\\/be\\\/\",\"name\":\"Novotek Belgium\",\"description\":\"Connecter, Mod\u00e9liser, Archiver, Visualiser, Optimiser\",\"potentialAction\":[{\"@type\":\"SearchAction\",\"target\":{\"@type\":\"EntryPoint\",\"urlTemplate\":\"https:\\\/\\\/www.novotek.com\\\/be\\\/?s={search_term_string}\"},\"query-input\":{\"@type\":\"PropertyValueSpecification\",\"valueRequired\":true,\"valueName\":\"search_term_string\"}}],\"inLanguage\":\"fr-BE\"}]}<\/script>\n<!-- \/ Yoast SEO plugin. -->","yoast_head_json":{"title":"Proficy CSense - Novotek Belgium","description":"Proficy CSense est une solution de Machine Learning pour optimiser votre production. Il permet aux ing\u00e9nieurs d'identifier rapidement les probl\u00e8mes.","robots":{"index":"index","follow":"follow","max-snippet":"max-snippet:-1","max-image-preview":"max-image-preview:large","max-video-preview":"max-video-preview:-1"},"canonical":"https:\/\/www.novotek.com\/be\/fr\/solutions-et-produits\/proficy-csense\/","og_locale":"fr_FR","og_type":"article","og_title":"Proficy CSense - Novotek Belgium","og_description":"Proficy CSense est une solution de Machine Learning pour optimiser votre production. Il permet aux ing\u00e9nieurs d'identifier rapidement les probl\u00e8mes.","og_url":"https:\/\/www.novotek.com\/be\/fr\/solutions-et-produits\/proficy-csense\/","og_site_name":"Novotek Belgium","article_modified_time":"2025-12-22T13:54:10+00:00","og_image":[{"url":"https:\/\/www.novotek.com\/be\/wp-content\/uploads\/sites\/9\/Proficy_Csense_Novotek.jpg","type":"","width":"","height":""}],"twitter_card":"summary_large_image","twitter_misc":{"Dur\u00e9e de lecture est.":"4 minutes"},"schema":{"@context":"https:\/\/schema.org","@graph":[{"@type":"WebPage","@id":"https:\/\/www.novotek.com\/be\/fr\/solutions-et-produits\/proficy-csense\/","url":"https:\/\/www.novotek.com\/be\/fr\/solutions-et-produits\/proficy-csense\/","name":"Proficy CSense - Novotek Belgium","isPartOf":{"@id":"https:\/\/www.novotek.com\/be\/#website"},"primaryImageOfPage":{"@id":"https:\/\/www.novotek.com\/be\/fr\/solutions-et-produits\/proficy-csense\/#primaryimage"},"image":{"@id":"https:\/\/www.novotek.com\/be\/fr\/solutions-et-produits\/proficy-csense\/#primaryimage"},"thumbnailUrl":"https:\/\/www.novotek.com\/be\/wp-content\/uploads\/sites\/9\/Proficy_Csense_Novotek.jpg","datePublished":"2022-02-17T12:57:53+00:00","dateModified":"2025-12-22T13:54:10+00:00","description":"Proficy CSense est une solution de Machine Learning pour optimiser votre production. Il permet aux ing\u00e9nieurs d'identifier rapidement les probl\u00e8mes.","breadcrumb":{"@id":"https:\/\/www.novotek.com\/be\/fr\/solutions-et-produits\/proficy-csense\/#breadcrumb"},"inLanguage":"fr-BE","potentialAction":[{"@type":"ReadAction","target":["https:\/\/www.novotek.com\/be\/fr\/solutions-et-produits\/proficy-csense\/"]}]},{"@type":"ImageObject","inLanguage":"fr-BE","@id":"https:\/\/www.novotek.com\/be\/fr\/solutions-et-produits\/proficy-csense\/#primaryimage","url":"https:\/\/www.novotek.com\/be\/wp-content\/uploads\/sites\/9\/Proficy_Csense_Novotek.jpg","contentUrl":"https:\/\/www.novotek.com\/be\/wp-content\/uploads\/sites\/9\/Proficy_Csense_Novotek.jpg"},{"@type":"BreadcrumbList","@id":"https:\/\/www.novotek.com\/be\/fr\/solutions-et-produits\/proficy-csense\/#breadcrumb","itemListElement":[{"@type":"ListItem","position":1,"name":"Home","item":"https:\/\/www.novotek.com\/be\/fr\/"},{"@type":"ListItem","position":2,"name":"Solutions et produits","item":"https:\/\/www.novotek.com\/be\/fr\/solutions-et-produits\/"},{"@type":"ListItem","position":3,"name":"Proficy CSense"}]},{"@type":"WebSite","@id":"https:\/\/www.novotek.com\/be\/#website","url":"https:\/\/www.novotek.com\/be\/","name":"Novotek Belgium","description":"Connecter, Mod\u00e9liser, Archiver, Visualiser, Optimiser","potentialAction":[{"@type":"SearchAction","target":{"@type":"EntryPoint","urlTemplate":"https:\/\/www.novotek.com\/be\/?s={search_term_string}"},"query-input":{"@type":"PropertyValueSpecification","valueRequired":true,"valueName":"search_term_string"}}],"inLanguage":"fr-BE"}]}},"_links":{"self":[{"href":"https:\/\/www.novotek.com\/be\/fr\/wp-json\/wp\/v2\/pages\/6158","targetHints":{"allow":["GET"]}}],"collection":[{"href":"https:\/\/www.novotek.com\/be\/fr\/wp-json\/wp\/v2\/pages"}],"about":[{"href":"https:\/\/www.novotek.com\/be\/fr\/wp-json\/wp\/v2\/types\/page"}],"author":[{"embeddable":true,"href":"https:\/\/www.novotek.com\/be\/fr\/wp-json\/wp\/v2\/users\/13"}],"replies":[{"embeddable":true,"href":"https:\/\/www.novotek.com\/be\/fr\/wp-json\/wp\/v2\/comments?post=6158"}],"version-history":[{"count":22,"href":"https:\/\/www.novotek.com\/be\/fr\/wp-json\/wp\/v2\/pages\/6158\/revisions"}],"predecessor-version":[{"id":18468,"href":"https:\/\/www.novotek.com\/be\/fr\/wp-json\/wp\/v2\/pages\/6158\/revisions\/18468"}],"up":[{"embeddable":true,"href":"https:\/\/www.novotek.com\/be\/fr\/wp-json\/wp\/v2\/pages\/5512"}],"wp:attachment":[{"href":"https:\/\/www.novotek.com\/be\/fr\/wp-json\/wp\/v2\/media?parent=6158"}],"curies":[{"name":"wp","href":"https:\/\/api.w.org\/{rel}","templated":true}]}}