{"id":6168,"date":"2022-02-17T13:58:29","date_gmt":"2022-02-17T12:58:29","guid":{"rendered":"https:\/\/www.novotek.com\/be\/oplossingen-en-producten\/proficy-manufacturing-data-cloud\/"},"modified":"2025-12-22T16:04:03","modified_gmt":"2025-12-22T15:04:03","slug":"proficy-manufacturing-data-cloud","status":"publish","type":"page","link":"https:\/\/www.novotek.com\/be\/fr\/solutions-et-produits\/proficy-manufacturing-data-cloud\/","title":{"rendered":"Proficy Manufacturing Cloud"},"content":{"rendered":"  <div class=\"hero\">\n    <div class=\"carousel hero-slider small\" data-flickity data-flickity-options='{\"prevNextButtons\": false}'>\n              <div class=\"carousel-cell\">\n          <div class=\"container\">\n            <div class=\"hero-content\">\n                              <h1>Proficy Manufacturing Cloud<\/h1>\n<p>Consolidez les donn\u00e9es de production de plusieurs usines dans le cloud pour les comparer et les analyser.<\/p>\n              \n                          <\/div>\n          <\/div>\n\n          <img decoding=\"async\" width=\"1024\" height=\"427\" src=\"https:\/\/www.novotek.com\/be\/wp-content\/uploads\/sites\/9\/Novotek_Proficy_Plant_Applications_duotone_1920x800-1024x427.jpg.webp\" class=\"hero-bg\" alt=\"Hero Img\" fetchpriority=\"high\" srcset=\"https:\/\/www.novotek.com\/be\/wp-content\/uploads\/sites\/9\/Novotek_Proficy_Plant_Applications_duotone_1920x800-1024x427.jpg.webp 1024w, https:\/\/www.novotek.com\/be\/wp-content\/uploads\/sites\/9\/Novotek_Proficy_Plant_Applications_duotone_1920x800-300x125.jpg.webp 300w, https:\/\/www.novotek.com\/be\/wp-content\/uploads\/sites\/9\/Novotek_Proficy_Plant_Applications_duotone_1920x800-768x320.jpg.webp 768w, https:\/\/www.novotek.com\/be\/wp-content\/uploads\/sites\/9\/Novotek_Proficy_Plant_Applications_duotone_1920x800-1536x640.jpg.webp 1536w, https:\/\/www.novotek.com\/be\/wp-content\/uploads\/sites\/9\/Novotek_Proficy_Plant_Applications_duotone_1920x800.jpg.webp 1920w\" sizes=\"(max-width: 1024px) 100vw, 1024px\" \/>                  <\/div>\n          <\/div>\n\n      <\/div>\n\n   \n\n\n<div class=\"container-md heading  \">\n<h2 class=\"wp-block-heading\" id=\"zet-data-om-in-toegevoegde-waarde-met-proficy-manufacturing-data-cloud\">Transformez les donn\u00e9es en plus-value avec Proficy Manufacturing Data Cloud<\/h2>\n<\/div>\n\n<div class=\"container-md paragraph  \">\n<p>Proficy Manufacturing Cloud (Proficy MDC) fait partie de la suite Manufacturing Execution Systems de GE Vernova et vous permet d\u2019accro\u00eetre simplement et rapidement la plus-value en transmettant les donn\u00e9es de production de l\u2019entreprise en toute fiabilit\u00e9 au cloud et en les convertissant en un ensemble de donn\u00e9es structur\u00e9.<\/p>\n<\/div>\n\n<div class=\"container-md paragraph  \">\n<p>Proficy MDC permet de consolider trois ensembles de donn\u00e9es requis pour l\u2019optimisation des processus et les applications analytiques&nbsp;: les donn\u00e9es relatives aux actifs, les donn\u00e9es ERP et les donn\u00e9es de production.<\/p>\n<\/div>\n\n<div class=\"container-md spacer  \">\n<div style=\"height:10px\" aria-hidden=\"true\" class=\"wp-block-spacer\"><\/div>\n<\/div>\n\n<div class=\"container-md image  \">\n<figure class=\"wp-block-image size-large\"><img loading=\"lazy\" decoding=\"async\" width=\"1024\" height=\"473\" src=\"https:\/\/www.novotek.com\/wp-content\/uploads\/sites\/9\/NovotekProducten\/ProductManufacturingDataCloud\/MDC-1024x473.png\" alt=\"Proficy Manufacturing Data Cloud\" class=\"wp-image-1381\" srcset=\"https:\/\/www.novotek.com\/be\/wp-content\/uploads\/sites\/9\/NovotekProducten\/ProductManufacturingDataCloud\/MDC-1024x473.png 1024w, https:\/\/www.novotek.com\/be\/wp-content\/uploads\/sites\/9\/NovotekProducten\/ProductManufacturingDataCloud\/MDC-300x139.png 300w, https:\/\/www.novotek.com\/be\/wp-content\/uploads\/sites\/9\/NovotekProducten\/ProductManufacturingDataCloud\/MDC-768x355.png 768w, https:\/\/www.novotek.com\/be\/wp-content\/uploads\/sites\/9\/NovotekProducten\/ProductManufacturingDataCloud\/MDC.png 1311w\" sizes=\"auto, (max-width: 1024px) 100vw, 1024px\" \/><\/figure>\n<\/div>\n\n<div class=\"container-md paragraph  \">\n<p><\/p>\n<\/div>\n\n<div class=\"container media-text  align\">\n<div class=\"wp-block-media-text is-stacked-on-mobile\"><figure class=\"wp-block-media-text__media\"><img loading=\"lazy\" decoding=\"async\" width=\"892\" height=\"484\" src=\"https:\/\/www.novotek.com\/wp-content\/uploads\/sites\/9\/NovotekProducten\/ProductManufacturingDataCloud\/MDC-2.png\" alt=\"Recueillir les donn\u00e9es provenant de plusieurs emplacements\" class=\"wp-image-1386 size-full\" srcset=\"https:\/\/www.novotek.com\/be\/wp-content\/uploads\/sites\/9\/NovotekProducten\/ProductManufacturingDataCloud\/MDC-2.png 892w, https:\/\/www.novotek.com\/be\/wp-content\/uploads\/sites\/9\/NovotekProducten\/ProductManufacturingDataCloud\/MDC-2-300x163.png 300w, https:\/\/www.novotek.com\/be\/wp-content\/uploads\/sites\/9\/NovotekProducten\/ProductManufacturingDataCloud\/MDC-2-768x417.png 768w\" sizes=\"auto, (max-width: 892px) 100vw, 892px\" \/><\/figure><div class=\"wp-block-media-text__content\"><div class=\"container-md heading  \">\n<h3 class=\"wp-block-heading\" id=\"verzamel-gegevens-vanuit-meerdere-locaties\">Recueillir les donn\u00e9es provenant de plusieurs emplacements<\/h3>\n<\/div>\n\n<div class=\"container-md paragraph  \">\n<p>Proficy Manufacturing Data Cloud dispose de collecteurs de donn\u00e9es intelligents qui peuvent recueillir les donn\u00e9es par site afin de les envoyer vers le cloud. Il est ainsi possible de restreindre le stockage des donn\u00e9es au niveau local tout en permettant une comparaison avec d\u2019autres sites au niveau du cloud.<\/p>\n<\/div><\/div><\/div>\n<\/div>\n\n<div class=\"container media-text  align\">\n<div class=\"wp-block-media-text has-media-on-the-right is-stacked-on-mobile\"><div class=\"wp-block-media-text__content\"><div class=\"container-md heading  \">\n<h3 class=\"wp-block-heading\" id=\"meer-data-betekent-ook-echt-meer-informatie\">Davantage de donn\u00e9es entra\u00eenent \u00e9galement davantage d\u2019informations<\/h3>\n<\/div>\n\n<div class=\"container-md paragraph  \">\n<p>Une comparaison des donn\u00e9es de plusieurs sites permet de mieux percevoir leurs prestations mutuelles et d\u2019\u00e9talonner les sites entre eux. En disposant de davantage de donn\u00e9es, il est plus simple d\u2019analyser les probl\u00e8mes et d\u2019en trouver rapidement la cause.<\/p>\n<\/div><\/div><figure class=\"wp-block-media-text__media\"><img loading=\"lazy\" decoding=\"async\" width=\"636\" height=\"301\" src=\"https:\/\/www.novotek.com\/wp-content\/uploads\/sites\/9\/NovotekProducten\/ProductManufacturingDataCloud\/MDC-3.png\" alt=\"Davantage de donn\u00e9es entra\u00eenent \u00e9galement davantage d\u2019informations\" class=\"wp-image-1388 size-full\" srcset=\"https:\/\/www.novotek.com\/be\/wp-content\/uploads\/sites\/9\/NovotekProducten\/ProductManufacturingDataCloud\/MDC-3.png 636w, https:\/\/www.novotek.com\/be\/wp-content\/uploads\/sites\/9\/NovotekProducten\/ProductManufacturingDataCloud\/MDC-3-300x142.png 300w\" sizes=\"auto, (max-width: 636px) 100vw, 636px\" \/><\/figure><\/div>\n<\/div>\n\n<div class=\"container-md heading  \">\n<h4 class=\"wp-block-heading\" id=\"met-proficy-manufacturing-data-cloud-kunt-u\">Que pouvez-vous faire avec Proficy Manufacturing Data Cloud&nbsp;?<\/h4>\n<\/div>\n\n<div class=\"container-md list  \">\n<ul style=\"background-color:#f8f8f8\" class=\"wp-block-list has-background\"><div class=\"container-md list-item  \">\n<li>Rassembler les donn\u00e9es de plusieurs sites en un ensemble<\/li>\n<\/div>\n\n<div class=\"container-md list-item  \">\n<li>Am\u00e9nager une structure globale, m\u00eame en cas d\u2019\u00e9carts minimes sur le plan local<\/li>\n<\/div>\n\n<div class=\"container-md list-item  \">\n<li>Comparer les performances des usines entre elles<\/li>\n<\/div>\n\n<div class=\"container-md list-item  \">\n<li>Analyser et r\u00e9soudre plus rapidement les probl\u00e8mes gr\u00e2ce \u00e0 la disponibilit\u00e9 de davantage de donn\u00e9es<\/li>\n<\/div>\n\n<div class=\"container-md list-item  \">\n<li>Cr\u00e9er un aper\u00e7u en temps r\u00e9el des performances actuelles de tous les sites sur une carte<\/li>\n<\/div>\n\n<div class=\"container-md list-item  \">\n<li>Partant de cet aper\u00e7u, se concentrer sur un site particulier pour des informations d\u00e9taill\u00e9es<\/li>\n<\/div>\n\n<div class=\"container-md list-item  \">\n<li>Interface utilisateur 100% sur base Web pour navigateur, tablette ou smartphone<\/li>\n<\/div><\/ul>\n<\/div>\n\n<div class=\"container-md spacer  \">\n<div style=\"height:10px\" aria-hidden=\"true\" class=\"wp-block-spacer\"><\/div>\n<\/div>\n\n  <div class=\"slider-column-parent\">\n    <div class=\"container\">\n      <div class=\"slider-column-title\">MDC coop\u00e8re avec<\/div>\n\n      <div class=\"row\">\n        <div class=\"col-12 col-md-4\"><div class=\"column-box\">\n  \n      <div class=\"title\">\n      Proficy Plant Applications    <\/div>\n  \n      <div class=\"text\">\n      <p>Optimisez votre processus de production avec la suite MES compl\u00e8te de GE Digital.<\/p>\n    <\/div>\n  \n      <a class=\"link\"  href=\"https:\/\/www.novotek.com\/be\/fr\/solutions-et-produits\/proficy-plant-applications\/\" target=\"\">\n      Proficy Plant Applications    <\/a>\n  \n  <\/div>\n\n<\/div>      <\/div>\n    <\/div>\n  <\/div>\n","protected":false},"excerpt":{"rendered":"<p>Transformez les donn\u00e9es en plus-value avec Proficy Manufacturing Data Cloud Proficy Manufacturing Cloud (Proficy MDC) fait partie de la suite Manufacturing Execution Systems de GE Vernova et vous permet d\u2019accro\u00eetre simplement et rapidement la plus-value en transmettant les donn\u00e9es de production de l\u2019entreprise en toute fiabilit\u00e9 au cloud et en les convertissant en un ensemble [&hellip;]<\/p>\n","protected":false},"author":13,"featured_media":0,"parent":5512,"menu_order":3,"comment_status":"closed","ping_status":"closed","template":"","meta":{"_acf_changed":false,"_relevanssi_hide_post":"","_relevanssi_pin_for_all":"","_relevanssi_pin_keywords":"","_relevanssi_unpin_keywords":"","_relevanssi_related_keywords":"","_relevanssi_related_include_ids":"","_relevanssi_related_exclude_ids":"","_relevanssi_related_no_append":"","_relevanssi_related_not_related":"","_relevanssi_related_posts":"6337,6125,6323,6327","_relevanssi_noindex_reason":"","footnotes":""},"class_list":["post-6168","page","type-page","status-publish","hentry"],"acf":[],"yoast_head":"<!-- This site is optimized with the Yoast SEO plugin v27.4 - https:\/\/yoast.com\/product\/yoast-seo-wordpress\/ -->\n<title>Proficy Manufacturing Cloud - Novotek Belgium<\/title>\n<meta name=\"description\" content=\"Proficy Manufacturing Cloud rassemble les donn\u00e9es relatives aux actifs, les donn\u00e9es ERP et les donn\u00e9es de fabrication dans le nuage.\" \/>\n<meta name=\"robots\" content=\"index, follow, max-snippet:-1, max-image-preview:large, max-video-preview:-1\" \/>\n<link rel=\"canonical\" href=\"https:\/\/www.novotek.com\/be\/fr\/solutions-et-produits\/proficy-manufacturing-data-cloud\/\" \/>\n<meta property=\"og:locale\" content=\"fr_FR\" \/>\n<meta property=\"og:type\" content=\"article\" \/>\n<meta property=\"og:title\" content=\"Proficy Manufacturing Cloud - Novotek Belgium\" \/>\n<meta property=\"og:description\" content=\"Proficy Manufacturing Cloud rassemble les donn\u00e9es relatives aux actifs, les donn\u00e9es ERP et les donn\u00e9es de fabrication dans le nuage.\" \/>\n<meta property=\"og:url\" content=\"https:\/\/www.novotek.com\/be\/fr\/solutions-et-produits\/proficy-manufacturing-data-cloud\/\" \/>\n<meta property=\"og:site_name\" content=\"Novotek Belgium\" \/>\n<meta property=\"article:modified_time\" content=\"2025-12-22T15:04:03+00:00\" \/>\n<meta property=\"og:image\" content=\"https:\/\/www.novotek.com\/wp-content\/uploads\/sites\/9\/NovotekProducten\/ProductManufacturingDataCloud\/MDC-1024x473.png\" \/>\n<meta name=\"twitter:card\" content=\"summary_large_image\" \/>\n<meta name=\"twitter:label1\" content=\"Dur\u00e9e de lecture est.\" \/>\n\t<meta name=\"twitter:data1\" content=\"3 minutes\" \/>\n<script type=\"application\/ld+json\" class=\"yoast-schema-graph\">{\"@context\":\"https:\\\/\\\/schema.org\",\"@graph\":[{\"@type\":\"WebPage\",\"@id\":\"https:\\\/\\\/www.novotek.com\\\/be\\\/fr\\\/solutions-et-produits\\\/proficy-manufacturing-data-cloud\\\/\",\"url\":\"https:\\\/\\\/www.novotek.com\\\/be\\\/fr\\\/solutions-et-produits\\\/proficy-manufacturing-data-cloud\\\/\",\"name\":\"Proficy Manufacturing Cloud - Novotek Belgium\",\"isPartOf\":{\"@id\":\"https:\\\/\\\/www.novotek.com\\\/be\\\/#website\"},\"primaryImageOfPage\":{\"@id\":\"https:\\\/\\\/www.novotek.com\\\/be\\\/fr\\\/solutions-et-produits\\\/proficy-manufacturing-data-cloud\\\/#primaryimage\"},\"image\":{\"@id\":\"https:\\\/\\\/www.novotek.com\\\/be\\\/fr\\\/solutions-et-produits\\\/proficy-manufacturing-data-cloud\\\/#primaryimage\"},\"thumbnailUrl\":\"https:\\\/\\\/www.novotek.com\\\/wp-content\\\/uploads\\\/sites\\\/9\\\/NovotekProducten\\\/ProductManufacturingDataCloud\\\/MDC-1024x473.png\",\"datePublished\":\"2022-02-17T12:58:29+00:00\",\"dateModified\":\"2025-12-22T15:04:03+00:00\",\"description\":\"Proficy Manufacturing Cloud rassemble les donn\u00e9es relatives aux actifs, les donn\u00e9es ERP et les donn\u00e9es de fabrication dans le nuage.\",\"breadcrumb\":{\"@id\":\"https:\\\/\\\/www.novotek.com\\\/be\\\/fr\\\/solutions-et-produits\\\/proficy-manufacturing-data-cloud\\\/#breadcrumb\"},\"inLanguage\":\"fr-BE\",\"potentialAction\":[{\"@type\":\"ReadAction\",\"target\":[\"https:\\\/\\\/www.novotek.com\\\/be\\\/fr\\\/solutions-et-produits\\\/proficy-manufacturing-data-cloud\\\/\"]}]},{\"@type\":\"ImageObject\",\"inLanguage\":\"fr-BE\",\"@id\":\"https:\\\/\\\/www.novotek.com\\\/be\\\/fr\\\/solutions-et-produits\\\/proficy-manufacturing-data-cloud\\\/#primaryimage\",\"url\":\"https:\\\/\\\/www.novotek.com\\\/wp-content\\\/uploads\\\/sites\\\/9\\\/NovotekProducten\\\/ProductManufacturingDataCloud\\\/MDC-1024x473.png\",\"contentUrl\":\"https:\\\/\\\/www.novotek.com\\\/wp-content\\\/uploads\\\/sites\\\/9\\\/NovotekProducten\\\/ProductManufacturingDataCloud\\\/MDC-1024x473.png\"},{\"@type\":\"BreadcrumbList\",\"@id\":\"https:\\\/\\\/www.novotek.com\\\/be\\\/fr\\\/solutions-et-produits\\\/proficy-manufacturing-data-cloud\\\/#breadcrumb\",\"itemListElement\":[{\"@type\":\"ListItem\",\"position\":1,\"name\":\"Home\",\"item\":\"https:\\\/\\\/www.novotek.com\\\/be\\\/fr\\\/\"},{\"@type\":\"ListItem\",\"position\":2,\"name\":\"Solutions et produits\",\"item\":\"https:\\\/\\\/www.novotek.com\\\/be\\\/fr\\\/solutions-et-produits\\\/\"},{\"@type\":\"ListItem\",\"position\":3,\"name\":\"Proficy Manufacturing Cloud\"}]},{\"@type\":\"WebSite\",\"@id\":\"https:\\\/\\\/www.novotek.com\\\/be\\\/#website\",\"url\":\"https:\\\/\\\/www.novotek.com\\\/be\\\/\",\"name\":\"Novotek Belgium\",\"description\":\"Connecter, Mod\u00e9liser, Archiver, Visualiser, Optimiser\",\"potentialAction\":[{\"@type\":\"SearchAction\",\"target\":{\"@type\":\"EntryPoint\",\"urlTemplate\":\"https:\\\/\\\/www.novotek.com\\\/be\\\/?s={search_term_string}\"},\"query-input\":{\"@type\":\"PropertyValueSpecification\",\"valueRequired\":true,\"valueName\":\"search_term_string\"}}],\"inLanguage\":\"fr-BE\"}]}<\/script>\n<!-- \/ Yoast SEO plugin. -->","yoast_head_json":{"title":"Proficy Manufacturing Cloud - Novotek Belgium","description":"Proficy Manufacturing Cloud rassemble les donn\u00e9es relatives aux actifs, les donn\u00e9es ERP et les donn\u00e9es de fabrication dans le nuage.","robots":{"index":"index","follow":"follow","max-snippet":"max-snippet:-1","max-image-preview":"max-image-preview:large","max-video-preview":"max-video-preview:-1"},"canonical":"https:\/\/www.novotek.com\/be\/fr\/solutions-et-produits\/proficy-manufacturing-data-cloud\/","og_locale":"fr_FR","og_type":"article","og_title":"Proficy Manufacturing Cloud - Novotek Belgium","og_description":"Proficy Manufacturing Cloud rassemble les donn\u00e9es relatives aux actifs, les donn\u00e9es ERP et les donn\u00e9es de fabrication dans le nuage.","og_url":"https:\/\/www.novotek.com\/be\/fr\/solutions-et-produits\/proficy-manufacturing-data-cloud\/","og_site_name":"Novotek Belgium","article_modified_time":"2025-12-22T15:04:03+00:00","og_image":[{"url":"https:\/\/www.novotek.com\/wp-content\/uploads\/sites\/9\/NovotekProducten\/ProductManufacturingDataCloud\/MDC-1024x473.png","type":"","width":"","height":""}],"twitter_card":"summary_large_image","twitter_misc":{"Dur\u00e9e de lecture est.":"3 minutes"},"schema":{"@context":"https:\/\/schema.org","@graph":[{"@type":"WebPage","@id":"https:\/\/www.novotek.com\/be\/fr\/solutions-et-produits\/proficy-manufacturing-data-cloud\/","url":"https:\/\/www.novotek.com\/be\/fr\/solutions-et-produits\/proficy-manufacturing-data-cloud\/","name":"Proficy Manufacturing Cloud - Novotek Belgium","isPartOf":{"@id":"https:\/\/www.novotek.com\/be\/#website"},"primaryImageOfPage":{"@id":"https:\/\/www.novotek.com\/be\/fr\/solutions-et-produits\/proficy-manufacturing-data-cloud\/#primaryimage"},"image":{"@id":"https:\/\/www.novotek.com\/be\/fr\/solutions-et-produits\/proficy-manufacturing-data-cloud\/#primaryimage"},"thumbnailUrl":"https:\/\/www.novotek.com\/wp-content\/uploads\/sites\/9\/NovotekProducten\/ProductManufacturingDataCloud\/MDC-1024x473.png","datePublished":"2022-02-17T12:58:29+00:00","dateModified":"2025-12-22T15:04:03+00:00","description":"Proficy Manufacturing Cloud rassemble les donn\u00e9es relatives aux actifs, les donn\u00e9es ERP et les donn\u00e9es de fabrication dans le nuage.","breadcrumb":{"@id":"https:\/\/www.novotek.com\/be\/fr\/solutions-et-produits\/proficy-manufacturing-data-cloud\/#breadcrumb"},"inLanguage":"fr-BE","potentialAction":[{"@type":"ReadAction","target":["https:\/\/www.novotek.com\/be\/fr\/solutions-et-produits\/proficy-manufacturing-data-cloud\/"]}]},{"@type":"ImageObject","inLanguage":"fr-BE","@id":"https:\/\/www.novotek.com\/be\/fr\/solutions-et-produits\/proficy-manufacturing-data-cloud\/#primaryimage","url":"https:\/\/www.novotek.com\/wp-content\/uploads\/sites\/9\/NovotekProducten\/ProductManufacturingDataCloud\/MDC-1024x473.png","contentUrl":"https:\/\/www.novotek.com\/wp-content\/uploads\/sites\/9\/NovotekProducten\/ProductManufacturingDataCloud\/MDC-1024x473.png"},{"@type":"BreadcrumbList","@id":"https:\/\/www.novotek.com\/be\/fr\/solutions-et-produits\/proficy-manufacturing-data-cloud\/#breadcrumb","itemListElement":[{"@type":"ListItem","position":1,"name":"Home","item":"https:\/\/www.novotek.com\/be\/fr\/"},{"@type":"ListItem","position":2,"name":"Solutions et produits","item":"https:\/\/www.novotek.com\/be\/fr\/solutions-et-produits\/"},{"@type":"ListItem","position":3,"name":"Proficy Manufacturing Cloud"}]},{"@type":"WebSite","@id":"https:\/\/www.novotek.com\/be\/#website","url":"https:\/\/www.novotek.com\/be\/","name":"Novotek Belgium","description":"Connecter, Mod\u00e9liser, Archiver, Visualiser, Optimiser","potentialAction":[{"@type":"SearchAction","target":{"@type":"EntryPoint","urlTemplate":"https:\/\/www.novotek.com\/be\/?s={search_term_string}"},"query-input":{"@type":"PropertyValueSpecification","valueRequired":true,"valueName":"search_term_string"}}],"inLanguage":"fr-BE"}]}},"_links":{"self":[{"href":"https:\/\/www.novotek.com\/be\/fr\/wp-json\/wp\/v2\/pages\/6168","targetHints":{"allow":["GET"]}}],"collection":[{"href":"https:\/\/www.novotek.com\/be\/fr\/wp-json\/wp\/v2\/pages"}],"about":[{"href":"https:\/\/www.novotek.com\/be\/fr\/wp-json\/wp\/v2\/types\/page"}],"author":[{"embeddable":true,"href":"https:\/\/www.novotek.com\/be\/fr\/wp-json\/wp\/v2\/users\/13"}],"replies":[{"embeddable":true,"href":"https:\/\/www.novotek.com\/be\/fr\/wp-json\/wp\/v2\/comments?post=6168"}],"version-history":[{"count":9,"href":"https:\/\/www.novotek.com\/be\/fr\/wp-json\/wp\/v2\/pages\/6168\/revisions"}],"predecessor-version":[{"id":18487,"href":"https:\/\/www.novotek.com\/be\/fr\/wp-json\/wp\/v2\/pages\/6168\/revisions\/18487"}],"up":[{"embeddable":true,"href":"https:\/\/www.novotek.com\/be\/fr\/wp-json\/wp\/v2\/pages\/5512"}],"wp:attachment":[{"href":"https:\/\/www.novotek.com\/be\/fr\/wp-json\/wp\/v2\/media?parent=6168"}],"curies":[{"name":"wp","href":"https:\/\/api.w.org\/{rel}","templated":true}]}}