{"id":6174,"date":"2022-02-17T13:58:47","date_gmt":"2022-02-17T12:58:47","guid":{"rendered":"https:\/\/www.novotek.com\/be\/oplossingen-en-producten\/proficy-cimplicity\/"},"modified":"2025-12-22T16:10:46","modified_gmt":"2025-12-22T15:10:46","slug":"proficy-cimplicity","status":"publish","type":"page","link":"https:\/\/www.novotek.com\/be\/fr\/solutions-et-produits\/proficy-cimplicity\/","title":{"rendered":"Proficy Cimplicity"},"content":{"rendered":"  <div class=\"hero\">\n    <div class=\"carousel hero-slider small\" data-flickity data-flickity-options='{\"prevNextButtons\": false}'>\n              <div class=\"carousel-cell\">\n          <div class=\"container\">\n            <div class=\"hero-content\">\n                              <h1>Proficy Cimplicity<\/h1>\n<p>G\u00e9rez la production avec l\u2019une des principales solutions de production discr\u00e8tes HMI\/SCADA sur le march\u00e9.<\/p>\n              \n                          <\/div>\n          <\/div>\n\n          <img decoding=\"async\" width=\"1024\" height=\"427\" src=\"https:\/\/www.novotek.com\/be\/wp-content\/uploads\/sites\/9\/Novotek_Cimplicity_duotone_1920x800-1024x427.jpg.webp\" class=\"hero-bg\" alt=\"Hero Img\" fetchpriority=\"high\" srcset=\"https:\/\/www.novotek.com\/be\/wp-content\/uploads\/sites\/9\/Novotek_Cimplicity_duotone_1920x800-1024x427.jpg.webp 1024w, https:\/\/www.novotek.com\/be\/wp-content\/uploads\/sites\/9\/Novotek_Cimplicity_duotone_1920x800-300x125.jpg.webp 300w, https:\/\/www.novotek.com\/be\/wp-content\/uploads\/sites\/9\/Novotek_Cimplicity_duotone_1920x800-768x320.jpg.webp 768w, https:\/\/www.novotek.com\/be\/wp-content\/uploads\/sites\/9\/Novotek_Cimplicity_duotone_1920x800-1536x640.jpg.webp 1536w, https:\/\/www.novotek.com\/be\/wp-content\/uploads\/sites\/9\/Novotek_Cimplicity_duotone_1920x800.jpg.webp 1920w\" sizes=\"(max-width: 1024px) 100vw, 1024px\" \/>                  <\/div>\n          <\/div>\n\n      <\/div>\n\n   <div class=\"floating-breadcrumb\"><div class=\"container\"><span><span><a href=\"https:\/\/www.novotek.com\/be\/fr\/\" class=\"breadcrumb-frontpage\">Home<\/a><\/span><\/span><\/div><\/div>\n\n\n<div class=\"container-md heading  \">\n<h2 class=\"wp-block-heading\" id=\"krijg-nauwkeurige-controle-met-proficy-cimplicity\">Une commande minutieuse avec Proficy Cimplicity<\/h2>\n<\/div>\n\n<div class=\"container-md paragraph  \">\n<p>Proficy HMI\/SCADA Cimplicity de GE Vernova est une puissante solution client\/serveur sur base HMI\/SCADA id\u00e9ale pour les environnements de fabrication discr\u00e8te. Fruit de dizaines d\u2019ann\u00e9es d\u2019analyse et d\u2019un d\u00e9veloppement en interne par GE Vernova, Proficy Cimplicity constitue une des solutions majeures les plus anciennes sur le march\u00e9 de l\u2019automatisation. La solution convient avant tout pour des secteurs industriels comme par ex. l\u2019automobile, la marine, la construction de machines, l\u2019\u00e9lectronique et la CNC.<\/p>\n<\/div>\n\n<div class=\"container media-text  alignwide\">\n<div class=\"wp-block-media-text alignwide is-stacked-on-mobile\"><figure class=\"wp-block-media-text__media\"><img loading=\"lazy\" decoding=\"async\" width=\"600\" height=\"429\" src=\"https:\/\/www.novotek.com\/be\/wp-content\/uploads\/sites\/9\/Cimplicity_Novotek-BV-1.jpg\" alt=\"\" class=\"wp-image-18025 size-full\" srcset=\"https:\/\/www.novotek.com\/be\/wp-content\/uploads\/sites\/9\/Cimplicity_Novotek-BV-1.jpg 600w, https:\/\/www.novotek.com\/be\/wp-content\/uploads\/sites\/9\/Cimplicity_Novotek-BV-1-300x215.jpg 300w, https:\/\/www.novotek.com\/be\/wp-content\/uploads\/sites\/9\/Cimplicity_Novotek-BV-1-86x61.jpg 86w, https:\/\/www.novotek.com\/be\/wp-content\/uploads\/sites\/9\/Cimplicity_Novotek-BV-1-306x219.jpg 306w\" sizes=\"auto, (max-width: 600px) 100vw, 600px\" \/><\/figure><div class=\"wp-block-media-text__content\"><div class=\"container-md heading  \">\n<h4 class=\"wp-block-heading\" id=\"high-performance-hmi-levert-snellere-reactie\">High Performance HMI avec r\u00e9action plus rapide<\/h4>\n<\/div>\n\n<div class=\"container-md paragraph  \">\n<p>Les op\u00e9rateurs et ing\u00e9nieurs peuvent contr\u00f4ler et surveiller de mani\u00e8re pr\u00e9cise tous les aspects de la production. Ceci permet entre autres une r\u00e9action plus rapide aux probl\u00e8mes op\u00e9rationnels, des d\u00e9faillances et des co\u00fbts r\u00e9duits, une meilleure qualit\u00e9, des d\u00e9lais de mise sur le march\u00e9 plus courts et une rentabilit\u00e9 accrue.<\/p>\n<\/div>\n\n<div class=\"container-md paragraph  \">\n<p>L\u2019interface utilisateur moderne et aboutie facilite les t\u00e2ches quotidiennes de l\u2019op\u00e9rateur tout en r\u00e9duisant le risque de mauvaise d\u00e9cision. Vous avez acc\u00e8s \u00e0 des fonctions qui permettent d\u2019optimiser votre production&nbsp;: d\u00e9tection d\u2019alarmes, tendances, commande de processus statistique et High Performance HMI.<\/p>\n<\/div><\/div><\/div>\n<\/div>\n\n<div class=\"container-md heading  \">\n<h4 class=\"wp-block-heading\" id=\"wat-kun-je-met-proficy-cimplicity\">Que pouvez-vous faire avec Proficy Cimplicity&nbsp;?<\/h4>\n<\/div>\n\n<div class=\"container-md list  \">\n<ul class=\"wp-block-list\"><div class=\"container-md list-item  \">\n<li>Technologie client\/serveur puissante<\/li>\n<\/div>\n\n<div class=\"container-md list-item  \">\n<li>Traitement E\/S hors pair sur la base des \u00e9v\u00e9nements<\/li>\n<\/div>\n\n<div class=\"container-md list-item  \">\n<li>Fonctions pour alarmes et tendances.<\/li>\n<\/div>\n\n<div class=\"container-md list-item  \">\n<li>Graphiques vectoriels avec mise \u00e0 l\u2019\u00e9chelle ais\u00e9e \u00e0 diff\u00e9rents rapports d\u2019aspect<\/li>\n<\/div>\n\n<div class=\"container-md list-item  \">\n<li>Construction rapide d\u2019applications gr\u00e2ce aux classes d\u2019objets et instances.<\/li>\n<\/div>\n\n<div class=\"container-md list-item  \">\n<li>Possibilit\u00e9 de faire tourner plusieurs projets sur un serveur<\/li>\n<\/div>\n\n<div class=\"container-md list-item  \">\n<li>Int\u00e9gration transparente \u00e0 d\u2019autres applications sur la base de normes ouvertes comme par ex. <a href=\"https:\/\/www.novotek.com\/be\/fr\/solutions-et-produits\/opc\/\">OPC<\/a>, ODBC et REST.<\/li>\n<\/div>\n\n<div class=\"container-md list-item  \">\n<li>La nouvelle version est int\u00e9gr\u00e9e avec Proficy Operations Hub et Proficy Historian pour acc\u00e8s Web et stockage de donn\u00e9es centralis\u00e9s.<\/li>\n<\/div>\n\n<div class=\"container-md list-item  \">\n<li>S\u00e9curit\u00e9 accrue avec la communication certifi\u00e9e.<\/li>\n<\/div>\n\n<div class=\"container-md list-item  \">\n<li>Interface utilisateur graphique avec High Performance HMI.<\/li>\n<\/div>\n\n<div class=\"container-md list-item  \">\n<li>Acc\u00e8s \u00e0 partir de PC, smartphone et tablette.<\/li>\n<\/div><\/ul>\n<\/div>\n\n<div class=\"container-md spacer  \">\n<div style=\"height:10px\" aria-hidden=\"true\" class=\"wp-block-spacer\"><\/div>\n<\/div>\n\n<div class=\"container media-text  alignwide\">\n<div class=\"wp-block-media-text alignwide has-media-on-the-right is-stacked-on-mobile\"><div class=\"wp-block-media-text__content\"><div class=\"container-md heading  \">\n<h2 class=\"wp-block-heading\" id=\"gebruiksvriendelijk-met-gemakkelijke-toegang\">Convivialit\u00e9 avec acc\u00e8s ais\u00e9<\/h2>\n<\/div>\n\n<div class=\"container-md paragraph  \">\n<p>L\u2019interface utilisateur graphique et la navigation garantissent une utilit\u00e9 optimale tant pour les nouveaux utilisateurs que pour les utilisateurs exp\u00e9riment\u00e9s. Avec la possibilit\u00e9 d\u2019acc\u00e8s via PC, smartphone et tablette, les op\u00e9rateurs disposent du syst\u00e8me \u00e0 tout moment et partout.<\/p>\n<\/div>\n\n<div class=\"container-md paragraph  \">\n<p>La solution est fournie par GE Vernova, un des leaders mondiaux des syst\u00e8mes adapt\u00e9s \u00e0 l\u2019automatisation industrielle et la num\u00e9risation. <\/p>\n<\/div>\n\n<div class=\"container-md paragraph  \">\n<p>Novotek fournit des solutions HMI\/SCADA depuis plus de 35 ans. Nos conseillers vous aident volontiers pour l\u2019introduction correcte de Proficy Cimplicity dans votre entreprise.<\/p>\n<\/div><\/div><figure class=\"wp-block-media-text__media\"><img loading=\"lazy\" decoding=\"async\" width=\"600\" height=\"429\" src=\"https:\/\/www.novotek.com\/be\/wp-content\/uploads\/sites\/9\/Cimplicity_voor-de-operator_NovotekBV-1.jpg\" alt=\"\" class=\"wp-image-18030 size-full\" srcset=\"https:\/\/www.novotek.com\/be\/wp-content\/uploads\/sites\/9\/Cimplicity_voor-de-operator_NovotekBV-1.jpg 600w, https:\/\/www.novotek.com\/be\/wp-content\/uploads\/sites\/9\/Cimplicity_voor-de-operator_NovotekBV-1-300x215.jpg 300w, https:\/\/www.novotek.com\/be\/wp-content\/uploads\/sites\/9\/Cimplicity_voor-de-operator_NovotekBV-1-86x61.jpg 86w, https:\/\/www.novotek.com\/be\/wp-content\/uploads\/sites\/9\/Cimplicity_voor-de-operator_NovotekBV-1-306x219.jpg 306w\" sizes=\"auto, (max-width: 600px) 100vw, 600px\" \/><\/figure><\/div>\n<\/div>\n\n<div class=\"container-md spacer  \">\n<div style=\"height:50px\" aria-hidden=\"true\" class=\"wp-block-spacer\"><\/div>\n<\/div>\n\n  <div class=\"slider-column-parent\">\n    <div class=\"container\">\n      <div class=\"slider-column-title\">Combinez Proficy Cimplicity avec<\/div>\n\n      <div class=\"row\">\n        <div class=\"col-12 col-md-4\"><div class=\"column-box\">\n  \n      <div class=\"title\">\n      Proficy Operations Hub    <\/div>\n  \n      <div class=\"text\">\n      <p><img loading=\"lazy\" decoding=\"async\" class=\"alignnone size-medium wp-image-1523\" src=\"https:\/\/www.novotek.com\/wp-content\/uploads\/sites\/9\/NovotekProducten\/ProductOperationsHub\/OperationsHub_Novotek_Benelux-300x261.png\" alt=\"Proficy Operations Hub\" width=\"300\" height=\"261\" srcset=\"https:\/\/www.novotek.com\/be\/wp-content\/uploads\/sites\/9\/NovotekProducten\/ProductOperationsHub\/OperationsHub_Novotek_Benelux-300x261.png 300w, https:\/\/www.novotek.com\/be\/wp-content\/uploads\/sites\/9\/NovotekProducten\/ProductOperationsHub\/OperationsHub_Novotek_Benelux.png 600w\" sizes=\"auto, (max-width: 300px) 100vw, 300px\" \/><\/p>\n<p>Plate-forme de d\u00e9veloppement d&rsquo;applications Web permettant d&rsquo;acc\u00e9der \u00e0 des donn\u00e9es de processus en temps r\u00e9el et historiques.<\/p>\n    <\/div>\n  \n      <a class=\"link\"  href=\"https:\/\/www.novotek.com\/be\/fr\/solutions-et-produits\/proficy-operations-hub\/\" target=\"\">\n      Proficy Operations Hub    <\/a>\n  \n  <\/div>\n\n<\/div><div class=\"col-12 col-md-4\"><div class=\"column-box\">\n  \n      <div class=\"title\">\n      Proficy Historian    <\/div>\n  \n      <div class=\"text\">\n      <p><img loading=\"lazy\" decoding=\"async\" class=\"alignnone size-medium wp-image-18000\" src=\"https:\/\/www.novotek.com\/be\/wp-content\/uploads\/sites\/9\/Proficy_Historian_Novotek-Benelux-2-300x261.jpg\" alt=\"\" width=\"300\" height=\"261\" srcset=\"https:\/\/www.novotek.com\/be\/wp-content\/uploads\/sites\/9\/Proficy_Historian_Novotek-Benelux-2-300x261.jpg 300w, https:\/\/www.novotek.com\/be\/wp-content\/uploads\/sites\/9\/Proficy_Historian_Novotek-Benelux-2-86x75.jpg 86w, https:\/\/www.novotek.com\/be\/wp-content\/uploads\/sites\/9\/Proficy_Historian_Novotek-Benelux-2-306x266.jpg 306w, https:\/\/www.novotek.com\/be\/wp-content\/uploads\/sites\/9\/Proficy_Historian_Novotek-Benelux-2.jpg 600w\" sizes=\"auto, (max-width: 300px) 100vw, 300px\" \/><\/p>\n<p>Une puissante base de donn\u00e9es de processus pour le stockage des donn\u00e9es historiques.<\/p>\n    <\/div>\n  \n      <a class=\"link\"  href=\"https:\/\/www.novotek.com\/be\/fr\/solutions-et-produits\/proficy-historian\/\" target=\"\">\n      Proficy Historian    <\/a>\n  \n  <\/div>\n\n<\/div><div class=\"col-12 col-md-4\"><div class=\"column-box\">\n  \n      <div class=\"title\">\n      KEPServerEX    <\/div>\n  \n      <div class=\"text\">\n      <p><img loading=\"lazy\" decoding=\"async\" class=\"alignnone size-medium wp-image-4602\" src=\"https:\/\/www.novotek.com\/wp-content\/uploads\/sites\/9\/NovotekProducten\/ProductKEPServerEX\/KEPServerEX-productscreen-300x261.png\" alt=\"KEPServerEX OPC communicatieplatform\" width=\"300\" height=\"261\" srcset=\"https:\/\/www.novotek.com\/be\/wp-content\/uploads\/sites\/9\/NovotekProducten\/ProductKEPServerEX\/KEPServerEX-productscreen-300x261.png 300w, https:\/\/www.novotek.com\/be\/wp-content\/uploads\/sites\/9\/NovotekProducten\/ProductKEPServerEX\/KEPServerEX-productscreen.png 600w\" sizes=\"auto, (max-width: 300px) 100vw, 300px\" \/><\/p>\n<p>Plate-forme de communication OPC compl\u00e8te pour la communication entre PLC et SCADA.<\/p>\n    <\/div>\n  \n      <a class=\"link\"  href=\"https:\/\/www.novotek.com\/be\/fr\/solutions-et-produits\/kepserverex\/\" target=\"\">\n      KEPServerEX    <\/a>\n  \n  <\/div>\n\n<\/div>      <\/div>\n    <\/div>\n  <\/div>\n","protected":false},"excerpt":{"rendered":"<p>Une commande minutieuse avec Proficy Cimplicity Proficy HMI\/SCADA Cimplicity de GE Vernova est une puissante solution client\/serveur sur base HMI\/SCADA id\u00e9ale pour les environnements de fabrication discr\u00e8te. Fruit de dizaines d\u2019ann\u00e9es d\u2019analyse et d\u2019un d\u00e9veloppement en interne par GE Vernova, Proficy Cimplicity constitue une des solutions majeures les plus anciennes sur le march\u00e9 de l\u2019automatisation. [&hellip;]<\/p>\n","protected":false},"author":13,"featured_media":0,"parent":5512,"menu_order":0,"comment_status":"closed","ping_status":"closed","template":"","meta":{"_acf_changed":false,"_relevanssi_hide_post":"","_relevanssi_pin_for_all":"","_relevanssi_pin_keywords":"","_relevanssi_unpin_keywords":"","_relevanssi_related_keywords":"","_relevanssi_related_include_ids":"","_relevanssi_related_exclude_ids":"","_relevanssi_related_no_append":"","_relevanssi_related_not_related":"","_relevanssi_related_posts":"6125","_relevanssi_noindex_reason":"","footnotes":""},"class_list":["post-6174","page","type-page","status-publish","hentry"],"acf":[],"yoast_head":"<!-- This site is optimized with the Yoast SEO plugin v27.4 - https:\/\/yoast.com\/product\/yoast-seo-wordpress\/ -->\n<title>Proficy Cimplicity - Novotek Belgium<\/title>\n<meta name=\"description\" content=\"G\u00e9rez la production avec l&#039;une des meilleures solutions HMI\/SCADA du march\u00e9 pour la fabrication de produits discrets. Proficy Cimplicity\" \/>\n<meta name=\"robots\" content=\"index, follow, max-snippet:-1, max-image-preview:large, max-video-preview:-1\" \/>\n<link rel=\"canonical\" href=\"https:\/\/www.novotek.com\/be\/fr\/solutions-et-produits\/proficy-cimplicity\/\" \/>\n<meta property=\"og:locale\" content=\"fr_FR\" \/>\n<meta property=\"og:type\" content=\"article\" \/>\n<meta property=\"og:title\" content=\"Proficy Cimplicity - Novotek Belgium\" \/>\n<meta property=\"og:description\" content=\"G\u00e9rez la production avec l&#039;une des meilleures solutions HMI\/SCADA du march\u00e9 pour la fabrication de produits discrets. Proficy Cimplicity\" \/>\n<meta property=\"og:url\" content=\"https:\/\/www.novotek.com\/be\/fr\/solutions-et-produits\/proficy-cimplicity\/\" \/>\n<meta property=\"og:site_name\" content=\"Novotek Belgium\" \/>\n<meta property=\"article:modified_time\" content=\"2025-12-22T15:10:46+00:00\" \/>\n<meta property=\"og:image\" content=\"https:\/\/www.novotek.com\/be\/wp-content\/uploads\/sites\/9\/Cimplicity_Novotek-BV-1.jpg\" \/>\n<meta name=\"twitter:card\" content=\"summary_large_image\" \/>\n<meta name=\"twitter:label1\" content=\"Dur\u00e9e de lecture est.\" \/>\n\t<meta name=\"twitter:data1\" content=\"3 minutes\" \/>\n<script type=\"application\/ld+json\" class=\"yoast-schema-graph\">{\"@context\":\"https:\\\/\\\/schema.org\",\"@graph\":[{\"@type\":\"WebPage\",\"@id\":\"https:\\\/\\\/www.novotek.com\\\/be\\\/fr\\\/solutions-et-produits\\\/proficy-cimplicity\\\/\",\"url\":\"https:\\\/\\\/www.novotek.com\\\/be\\\/fr\\\/solutions-et-produits\\\/proficy-cimplicity\\\/\",\"name\":\"Proficy Cimplicity - Novotek Belgium\",\"isPartOf\":{\"@id\":\"https:\\\/\\\/www.novotek.com\\\/be\\\/#website\"},\"primaryImageOfPage\":{\"@id\":\"https:\\\/\\\/www.novotek.com\\\/be\\\/fr\\\/solutions-et-produits\\\/proficy-cimplicity\\\/#primaryimage\"},\"image\":{\"@id\":\"https:\\\/\\\/www.novotek.com\\\/be\\\/fr\\\/solutions-et-produits\\\/proficy-cimplicity\\\/#primaryimage\"},\"thumbnailUrl\":\"https:\\\/\\\/www.novotek.com\\\/be\\\/wp-content\\\/uploads\\\/sites\\\/9\\\/Cimplicity_Novotek-BV-1.jpg\",\"datePublished\":\"2022-02-17T12:58:47+00:00\",\"dateModified\":\"2025-12-22T15:10:46+00:00\",\"description\":\"G\u00e9rez la production avec l'une des meilleures solutions HMI\\\/SCADA du march\u00e9 pour la fabrication de produits discrets. Proficy Cimplicity\",\"breadcrumb\":{\"@id\":\"https:\\\/\\\/www.novotek.com\\\/be\\\/fr\\\/solutions-et-produits\\\/proficy-cimplicity\\\/#breadcrumb\"},\"inLanguage\":\"fr-BE\",\"potentialAction\":[{\"@type\":\"ReadAction\",\"target\":[\"https:\\\/\\\/www.novotek.com\\\/be\\\/fr\\\/solutions-et-produits\\\/proficy-cimplicity\\\/\"]}]},{\"@type\":\"ImageObject\",\"inLanguage\":\"fr-BE\",\"@id\":\"https:\\\/\\\/www.novotek.com\\\/be\\\/fr\\\/solutions-et-produits\\\/proficy-cimplicity\\\/#primaryimage\",\"url\":\"https:\\\/\\\/www.novotek.com\\\/be\\\/wp-content\\\/uploads\\\/sites\\\/9\\\/Cimplicity_Novotek-BV-1.jpg\",\"contentUrl\":\"https:\\\/\\\/www.novotek.com\\\/be\\\/wp-content\\\/uploads\\\/sites\\\/9\\\/Cimplicity_Novotek-BV-1.jpg\"},{\"@type\":\"BreadcrumbList\",\"@id\":\"https:\\\/\\\/www.novotek.com\\\/be\\\/fr\\\/solutions-et-produits\\\/proficy-cimplicity\\\/#breadcrumb\",\"itemListElement\":[{\"@type\":\"ListItem\",\"position\":1,\"name\":\"Home\",\"item\":\"https:\\\/\\\/www.novotek.com\\\/be\\\/fr\\\/\"},{\"@type\":\"ListItem\",\"position\":2,\"name\":\"Solutions et produits\",\"item\":\"https:\\\/\\\/www.novotek.com\\\/be\\\/fr\\\/solutions-et-produits\\\/\"},{\"@type\":\"ListItem\",\"position\":3,\"name\":\"Proficy Cimplicity\"}]},{\"@type\":\"WebSite\",\"@id\":\"https:\\\/\\\/www.novotek.com\\\/be\\\/#website\",\"url\":\"https:\\\/\\\/www.novotek.com\\\/be\\\/\",\"name\":\"Novotek Belgium\",\"description\":\"Connecter, Mod\u00e9liser, Archiver, Visualiser, Optimiser\",\"potentialAction\":[{\"@type\":\"SearchAction\",\"target\":{\"@type\":\"EntryPoint\",\"urlTemplate\":\"https:\\\/\\\/www.novotek.com\\\/be\\\/?s={search_term_string}\"},\"query-input\":{\"@type\":\"PropertyValueSpecification\",\"valueRequired\":true,\"valueName\":\"search_term_string\"}}],\"inLanguage\":\"fr-BE\"}]}<\/script>\n<!-- \/ Yoast SEO plugin. -->","yoast_head_json":{"title":"Proficy Cimplicity - Novotek Belgium","description":"G\u00e9rez la production avec l'une des meilleures solutions HMI\/SCADA du march\u00e9 pour la fabrication de produits discrets. Proficy Cimplicity","robots":{"index":"index","follow":"follow","max-snippet":"max-snippet:-1","max-image-preview":"max-image-preview:large","max-video-preview":"max-video-preview:-1"},"canonical":"https:\/\/www.novotek.com\/be\/fr\/solutions-et-produits\/proficy-cimplicity\/","og_locale":"fr_FR","og_type":"article","og_title":"Proficy Cimplicity - Novotek Belgium","og_description":"G\u00e9rez la production avec l'une des meilleures solutions HMI\/SCADA du march\u00e9 pour la fabrication de produits discrets. Proficy Cimplicity","og_url":"https:\/\/www.novotek.com\/be\/fr\/solutions-et-produits\/proficy-cimplicity\/","og_site_name":"Novotek Belgium","article_modified_time":"2025-12-22T15:10:46+00:00","og_image":[{"url":"https:\/\/www.novotek.com\/be\/wp-content\/uploads\/sites\/9\/Cimplicity_Novotek-BV-1.jpg","type":"","width":"","height":""}],"twitter_card":"summary_large_image","twitter_misc":{"Dur\u00e9e de lecture est.":"3 minutes"},"schema":{"@context":"https:\/\/schema.org","@graph":[{"@type":"WebPage","@id":"https:\/\/www.novotek.com\/be\/fr\/solutions-et-produits\/proficy-cimplicity\/","url":"https:\/\/www.novotek.com\/be\/fr\/solutions-et-produits\/proficy-cimplicity\/","name":"Proficy Cimplicity - Novotek Belgium","isPartOf":{"@id":"https:\/\/www.novotek.com\/be\/#website"},"primaryImageOfPage":{"@id":"https:\/\/www.novotek.com\/be\/fr\/solutions-et-produits\/proficy-cimplicity\/#primaryimage"},"image":{"@id":"https:\/\/www.novotek.com\/be\/fr\/solutions-et-produits\/proficy-cimplicity\/#primaryimage"},"thumbnailUrl":"https:\/\/www.novotek.com\/be\/wp-content\/uploads\/sites\/9\/Cimplicity_Novotek-BV-1.jpg","datePublished":"2022-02-17T12:58:47+00:00","dateModified":"2025-12-22T15:10:46+00:00","description":"G\u00e9rez la production avec l'une des meilleures solutions HMI\/SCADA du march\u00e9 pour la fabrication de produits discrets. Proficy Cimplicity","breadcrumb":{"@id":"https:\/\/www.novotek.com\/be\/fr\/solutions-et-produits\/proficy-cimplicity\/#breadcrumb"},"inLanguage":"fr-BE","potentialAction":[{"@type":"ReadAction","target":["https:\/\/www.novotek.com\/be\/fr\/solutions-et-produits\/proficy-cimplicity\/"]}]},{"@type":"ImageObject","inLanguage":"fr-BE","@id":"https:\/\/www.novotek.com\/be\/fr\/solutions-et-produits\/proficy-cimplicity\/#primaryimage","url":"https:\/\/www.novotek.com\/be\/wp-content\/uploads\/sites\/9\/Cimplicity_Novotek-BV-1.jpg","contentUrl":"https:\/\/www.novotek.com\/be\/wp-content\/uploads\/sites\/9\/Cimplicity_Novotek-BV-1.jpg"},{"@type":"BreadcrumbList","@id":"https:\/\/www.novotek.com\/be\/fr\/solutions-et-produits\/proficy-cimplicity\/#breadcrumb","itemListElement":[{"@type":"ListItem","position":1,"name":"Home","item":"https:\/\/www.novotek.com\/be\/fr\/"},{"@type":"ListItem","position":2,"name":"Solutions et produits","item":"https:\/\/www.novotek.com\/be\/fr\/solutions-et-produits\/"},{"@type":"ListItem","position":3,"name":"Proficy Cimplicity"}]},{"@type":"WebSite","@id":"https:\/\/www.novotek.com\/be\/#website","url":"https:\/\/www.novotek.com\/be\/","name":"Novotek Belgium","description":"Connecter, Mod\u00e9liser, Archiver, Visualiser, Optimiser","potentialAction":[{"@type":"SearchAction","target":{"@type":"EntryPoint","urlTemplate":"https:\/\/www.novotek.com\/be\/?s={search_term_string}"},"query-input":{"@type":"PropertyValueSpecification","valueRequired":true,"valueName":"search_term_string"}}],"inLanguage":"fr-BE"}]}},"_links":{"self":[{"href":"https:\/\/www.novotek.com\/be\/fr\/wp-json\/wp\/v2\/pages\/6174","targetHints":{"allow":["GET"]}}],"collection":[{"href":"https:\/\/www.novotek.com\/be\/fr\/wp-json\/wp\/v2\/pages"}],"about":[{"href":"https:\/\/www.novotek.com\/be\/fr\/wp-json\/wp\/v2\/types\/page"}],"author":[{"embeddable":true,"href":"https:\/\/www.novotek.com\/be\/fr\/wp-json\/wp\/v2\/users\/13"}],"replies":[{"embeddable":true,"href":"https:\/\/www.novotek.com\/be\/fr\/wp-json\/wp\/v2\/comments?post=6174"}],"version-history":[{"count":12,"href":"https:\/\/www.novotek.com\/be\/fr\/wp-json\/wp\/v2\/pages\/6174\/revisions"}],"predecessor-version":[{"id":18032,"href":"https:\/\/www.novotek.com\/be\/fr\/wp-json\/wp\/v2\/pages\/6174\/revisions\/18032"}],"up":[{"embeddable":true,"href":"https:\/\/www.novotek.com\/be\/fr\/wp-json\/wp\/v2\/pages\/5512"}],"wp:attachment":[{"href":"https:\/\/www.novotek.com\/be\/fr\/wp-json\/wp\/v2\/media?parent=6174"}],"curies":[{"name":"wp","href":"https:\/\/api.w.org\/{rel}","templated":true}]}}