{"id":6178,"date":"2022-02-17T13:58:58","date_gmt":"2022-02-17T12:58:58","guid":{"rendered":"https:\/\/www.novotek.com\/be\/oplossingen-en-producten\/pc-industriels-ipc\/"},"modified":"2022-11-09T15:43:02","modified_gmt":"2022-11-09T14:43:02","slug":"pc-industriels-ipc","status":"publish","type":"page","link":"https:\/\/www.novotek.com\/be\/fr\/solutions-et-produits\/pc-industriels-ipc\/","title":{"rendered":"PC Industriels (IPC)"},"content":{"rendered":"  <div class=\"hero\">\n    <div class=\"carousel hero-slider small\" data-flickity data-flickity-options='{\"prevNextButtons\": false}'>\n              <div class=\"carousel-cell\">\n          <div class=\"container\">\n            <div class=\"hero-content\">\n                              <h1>\u00a0PC Industriels (IPC)<\/h1>\n<p>Nous fournissons des ordinateurs industriels puissants, sp\u00e9cialement con\u00e7us pour les environnements de production.<\/p>\n              \n                          <\/div>\n          <\/div>\n\n          <img decoding=\"async\" width=\"1024\" height=\"427\" src=\"https:\/\/www.novotek.com\/be\/wp-content\/uploads\/sites\/9\/PC_duotone_1920x800-1024x427.jpg.webp\" class=\"hero-bg\" alt=\"Hero Img\" fetchpriority=\"high\" srcset=\"https:\/\/www.novotek.com\/be\/wp-content\/uploads\/sites\/9\/PC_duotone_1920x800-1024x427.jpg.webp 1024w, https:\/\/www.novotek.com\/be\/wp-content\/uploads\/sites\/9\/PC_duotone_1920x800-300x125.jpg.webp 300w, https:\/\/www.novotek.com\/be\/wp-content\/uploads\/sites\/9\/PC_duotone_1920x800-768x320.jpg.webp 768w, https:\/\/www.novotek.com\/be\/wp-content\/uploads\/sites\/9\/PC_duotone_1920x800-1536x640.jpg.webp 1536w, https:\/\/www.novotek.com\/be\/wp-content\/uploads\/sites\/9\/PC_duotone_1920x800.jpg.webp 1920w\" sizes=\"(max-width: 1024px) 100vw, 1024px\" \/>                  <\/div>\n          <\/div>\n\n      <\/div>\n\n   <div class=\"floating-breadcrumb\"><div class=\"container\"><span><span><a href=\"https:\/\/www.novotek.com\/be\/fr\/\" class=\"breadcrumb-frontpage\">Home<\/a><\/span><\/span><\/div><\/div>\n\n\n<div class=\"container-md heading  \">\n<h2 class=\"wp-block-heading\" id=\"betrouwbare-systemen-voor-onder-zware-omstandigheden\">Syst\u00e8mes fiables pour environnements rudes<\/h2>\n<\/div>\n\n<div class=\"container-md paragraph  \">\n<p>Notre industrie actuelle exige une technologie de haut de gamme capable de g\u00e9rer tous les types d\u2019environnements de production et d&rsquo;applications rudes. Les PC Industriels d\u2019Emerson ont \u00e9t\u00e9 d\u00e9velopp\u00e9s sp\u00e9cialement \u00e0 ces fins.<\/p>\n<\/div>\n\n<div class=\"container-md paragraph  \">\n<p>Le portfolio RXi d&rsquo;Emerson comprend une large gamme de PC robustes qui peuvent fonctionner dans des environnements poussi\u00e9reux et r\u00e9sister aux vibrations et aux grands changements de temp\u00e9rature. Cela permet d&rsquo;assurer un niveau \u00e9lev\u00e9 de fiabilit\u00e9 op\u00e9rationnelle et d&rsquo;\u00e9viter les arr\u00eats non d\u00e9sir\u00e9s des processus et des machines.<\/p>\n<\/div>\n\n<div class=\"container-md paragraph  \">\n<p><\/p>\n<\/div>\n\n<div class=\"container media-text  \">\n<div class=\"wp-block-media-text alignwide is-stacked-on-mobile\"><figure class=\"wp-block-media-text__media\"><img loading=\"lazy\" decoding=\"async\" width=\"300\" height=\"186\" src=\"https:\/\/www.novotek.com\/be\/wp-content\/uploads\/sites\/9\/NovotekProducten\/ProductIndustrialPC\/Industrial-PC-IPC_Emerson_RXi2BP_IPC-e1644245563115.jpg\" alt=\"Industrial PC IPC Emerson RXiBP\" class=\"wp-image-5845 size-full\" \/><\/figure><div class=\"wp-block-media-text__content\"><div class=\"container-md heading  \">\n<h2 class=\"wp-block-heading\" id=\"rxi2-industriele-pc-s\">PC Industriels RXi2<\/h2>\n<\/div>\n\n<div class=\"container-md paragraph  \">\n<p>Tout PC Industriel doit fournir des performances de haut niveau dans des environnements rudes. Les IPC d\u2019Emerson combinent une puissance de traitement \u00e9lev\u00e9e avec la solidit\u00e9 industrielle et sont con\u00e7us pour la durabilit\u00e9. La technologie de processeur \u00e0 deux ou quatre c\u0153urs, sans ventilateur et les composants r\u00e9sistants aux chocs prolongent largement la dur\u00e9e de vie du PC Industriel.<\/p>\n<\/div>\n\n<div class=\"container-md paragraph  \">\n<p>Les PC Industriels d\u2019Emerson sont livr\u00e9s avec une grande puissance de calcul pour des applications qui doivent charger, traiter et stocker de grandes quantit\u00e9s de donn\u00e9es tout en ex\u00e9cutant ais\u00e9ment des applications HMI, d\u2019archivage et d\u2019analyse. Les ports Ethernet haute vitesse offrent une puissante fonction de communication et les nouveaux ports USB 3.0 assurent la transmission rapide des donn\u00e9es et une meilleure s\u00e9curit\u00e9 pour les p\u00e9riph\u00e9riques.<\/p>\n<\/div><\/div><\/div>\n<\/div>\n\n<div class=\"container media-text  \">\n<div class=\"wp-block-media-text alignwide has-media-on-the-right is-stacked-on-mobile\"><div class=\"wp-block-media-text__content\"><div class=\"container-md heading  \">\n<h2 class=\"wp-block-heading\" id=\"rxi-industriele-schermen\">\u00c9crans industriels RXi<\/h2>\n<\/div>\n\n<div class=\"container-md paragraph  \">\n<p>Emerson fournit des \u00e9crans tactiles robustes et modulaires con\u00e7us pour une utilisation dans des environnements industriels tr\u00e8s exigeants. Les \u00e9crans industriels combinent une grande facilit\u00e9 d\u2019utilisation pour les op\u00e9rateurs avec une durabilit\u00e9 au niveau industriel. Les \u00e9crans sont modulaires et peuvent \u00eatre raccord\u00e9s sans interruption afin de simplifier l\u2019architecture de traitement des donn\u00e9es.<\/p>\n<\/div>\n\n<div class=\"container-md paragraph  \">\n<p>La gamme RXi Industrial Display propose des \u00e9crans industriels 7&Prime;- 24&Prime; au format large. Ils sont \u00e9galement disponibles dans des dimensions de 12&Prime; et 15&Prime; avec un \u00e9cran parfaitement lisible \u00e0 la lumi\u00e8re du soleil. L\u2019\u00e9cran tactile propose la m\u00eame facilit\u00e9 d\u2019utilisation qu\u2019un smartphone et permet aux op\u00e9rateurs une prise de d\u00e9cision plus rapide et plus intelligente.<\/p>\n<\/div><\/div><figure class=\"wp-block-media-text__media\"><img loading=\"lazy\" decoding=\"async\" width=\"1024\" height=\"662\" src=\"https:\/\/www.novotek.com\/be\/wp-content\/uploads\/sites\/9\/NovotekProducten\/ProductIndustrialPC\/Industrial-display.png\" alt=\"Industrial Display schermen van Emerson\" class=\"wp-image-2455 size-full\" srcset=\"https:\/\/www.novotek.com\/be\/wp-content\/uploads\/sites\/9\/NovotekProducten\/ProductIndustrialPC\/Industrial-display.png 1024w, https:\/\/www.novotek.com\/be\/wp-content\/uploads\/sites\/9\/NovotekProducten\/ProductIndustrialPC\/Industrial-display-300x194.png 300w, https:\/\/www.novotek.com\/be\/wp-content\/uploads\/sites\/9\/NovotekProducten\/ProductIndustrialPC\/Industrial-display-768x497.png 768w\" sizes=\"auto, (max-width: 1024px) 100vw, 1024px\" \/><\/figure><\/div>\n<\/div>\n\n<div class=\"container media-text  \">\n<div class=\"wp-block-media-text alignwide is-stacked-on-mobile\"><figure class=\"wp-block-media-text__media\"><img loading=\"lazy\" decoding=\"async\" width=\"555\" height=\"555\" src=\"https:\/\/www.novotek.com\/be\/wp-content\/uploads\/sites\/9\/Emerson_industrial_panel_pc.jpg\" alt=\"Industrieel scherm\" class=\"wp-image-5847 size-full\" srcset=\"https:\/\/www.novotek.com\/be\/wp-content\/uploads\/sites\/9\/Emerson_industrial_panel_pc.jpg 555w, https:\/\/www.novotek.com\/be\/wp-content\/uploads\/sites\/9\/Emerson_industrial_panel_pc-300x300.jpg 300w, https:\/\/www.novotek.com\/be\/wp-content\/uploads\/sites\/9\/Emerson_industrial_panel_pc-150x150.jpg 150w\" sizes=\"auto, (max-width: 555px) 100vw, 555px\" \/><\/figure><div class=\"wp-block-media-text__content\"><div class=\"container-md heading  \">\n<h2 class=\"wp-block-heading\" id=\"rxi-panel-pc\">Panel PC RXi<\/h2>\n<\/div>\n\n<div class=\"container-md paragraph  \">\n<p>La gamme RXi Panel PC d\u2019Emerson comprend des appareils flexibles ax\u00e9s sur les performances avec une grande puissance de calcul et une vaste m\u00e9moire, ils sont ainsi compatibles avec une large palette d\u2019applications. Le Panel PC est fourni dans un bo\u00eetier tr\u00e8s fin parfaitement adapt\u00e9 \u00e0 l\u2019emplacement de montage dans l\u2019installation ou l\u2019usine.<\/p>\n<\/div>\n\n<div class=\"container-md paragraph  \">\n<p>Le Panel PC a \u00e9t\u00e9 con\u00e7u pour travailler plus rapidement et de mani\u00e8re plus \u00ab&nbsp;fluide&nbsp;\u00bb tout en restant \u00e0 tout moment connect\u00e9 aux donn\u00e9es. Avec un processeur \u00e0 deux c\u0153urs 1,0 GHz, un processeur \u00e0 quatre c\u0153urs 1,2 GHz, une m\u00e9moire DDR3 RAM 4 ou 8 Go et un syst\u00e8me d\u2019exploitation Windows 10 IoT Enterprise LTSB install\u00e9 de s\u00e9rie, le Panel PC est par\u00e9 pour r\u00e9pondre \u00e0 vos exigences informatiques.<\/p>\n<\/div><\/div><\/div>\n<\/div>\n\n<div class=\"container media-text  \">\n<div class=\"wp-block-media-text alignwide has-media-on-the-right is-stacked-on-mobile\"><div class=\"wp-block-media-text__content\"><div class=\"container-md heading  \">\n<h2 class=\"wp-block-heading\" id=\"rxi-industriele-webpanels\">Panneaux Web industriels RXi<\/h2>\n<\/div>\n\n<div class=\"container-md paragraph  \">\n<p>Les panneaux Web industriels d\u2019Emerson permettent de repr\u00e9senter des applications sur base Web sans grands frais. Les panneaux Web sont modulaires et peuvent \u00eatre connect\u00e9s entre eux pour davantage de clart\u00e9 visuelle. Le panneau est fourni avec un \u00e9cran tactile capacitif qui r\u00e9agit au toucher m\u00eame si le personnel porte un \u00e9quipement de protection.<\/p>\n<\/div>\n\n<div class=\"container-md paragraph  \">\n<p>La gamme de panneaux Web RXi propose des \u00e9crans industriels 7&Prime;- 24&Prime; au format large, avec \u00e9cran SLR pour l\u2019int\u00e9rieur et l\u2019ext\u00e9rieur. L\u2019\u00e9cran est prot\u00e9g\u00e9 contre les poussi\u00e8res, l\u2019humidit\u00e9 et les projections d\u2019eau directes. Le panneau Web est compatible avec une large palette d\u2019applications et a \u00e9t\u00e9 con\u00e7u pour r\u00e9sister aux rudes environnements industriels. Le panneau Web RXi combine convivialit\u00e9 et durabilit\u00e9 industrielle \u00e0 un tr\u00e8s haut niveau.<\/p>\n<\/div><\/div><figure class=\"wp-block-media-text__media\"><img loading=\"lazy\" decoding=\"async\" width=\"555\" height=\"555\" src=\"https:\/\/www.novotek.com\/be\/wp-content\/uploads\/sites\/9\/Emerson_industrial_panel_pc.jpg\" alt=\"Industrieel scherm\" class=\"wp-image-5847 size-full\" srcset=\"https:\/\/www.novotek.com\/be\/wp-content\/uploads\/sites\/9\/Emerson_industrial_panel_pc.jpg 555w, https:\/\/www.novotek.com\/be\/wp-content\/uploads\/sites\/9\/Emerson_industrial_panel_pc-300x300.jpg 300w, https:\/\/www.novotek.com\/be\/wp-content\/uploads\/sites\/9\/Emerson_industrial_panel_pc-150x150.jpg 150w\" sizes=\"auto, (max-width: 555px) 100vw, 555px\" \/><\/figure><\/div>\n<\/div>","protected":false},"excerpt":{"rendered":"<p>Syst\u00e8mes fiables pour environnements rudes Notre industrie actuelle exige une technologie de haut de gamme capable de g\u00e9rer tous les types d\u2019environnements de production et d&rsquo;applications rudes. Les PC Industriels d\u2019Emerson ont \u00e9t\u00e9 d\u00e9velopp\u00e9s sp\u00e9cialement \u00e0 ces fins. Le portfolio RXi d&rsquo;Emerson comprend une large gamme de PC robustes qui peuvent fonctionner dans des environnements [&hellip;]<\/p>\n","protected":false},"author":13,"featured_media":0,"parent":5512,"menu_order":0,"comment_status":"closed","ping_status":"closed","template":"","meta":{"_acf_changed":false,"_relevanssi_hide_post":"","_relevanssi_pin_for_all":"","_relevanssi_pin_keywords":"","_relevanssi_unpin_keywords":"","_relevanssi_related_keywords":"","_relevanssi_related_include_ids":"","_relevanssi_related_exclude_ids":"","_relevanssi_related_no_append":"","_relevanssi_related_not_related":"","_relevanssi_related_posts":"6125","_relevanssi_noindex_reason":"","footnotes":""},"class_list":["post-6178","page","type-page","status-publish","hentry"],"acf":[],"yoast_head":"<!-- This site is optimized with the Yoast SEO plugin v27.4 - https:\/\/yoast.com\/product\/yoast-seo-wordpress\/ -->\n<title>PC Industriels (IPC) - Novotek Belgium<\/title>\n<meta name=\"description\" content=\"Novotek Belgium fournit des ordinateurs industriels (IPC) de haute performance sp\u00e9cialement con\u00e7us pour les environnements de fabrication.\" \/>\n<meta name=\"robots\" content=\"index, follow, max-snippet:-1, max-image-preview:large, max-video-preview:-1\" \/>\n<link rel=\"canonical\" href=\"https:\/\/www.novotek.com\/be\/fr\/solutions-et-produits\/pc-industriels-ipc\/\" \/>\n<meta property=\"og:locale\" content=\"fr_FR\" \/>\n<meta property=\"og:type\" content=\"article\" \/>\n<meta property=\"og:title\" content=\"PC Industriels (IPC) - Novotek Belgium\" \/>\n<meta property=\"og:description\" content=\"Novotek Belgium fournit des ordinateurs industriels (IPC) de haute performance sp\u00e9cialement con\u00e7us pour les environnements de fabrication.\" \/>\n<meta property=\"og:url\" content=\"https:\/\/www.novotek.com\/be\/fr\/solutions-et-produits\/pc-industriels-ipc\/\" \/>\n<meta property=\"og:site_name\" content=\"Novotek Belgium\" \/>\n<meta property=\"article:modified_time\" content=\"2022-11-09T14:43:02+00:00\" \/>\n<meta property=\"og:image\" content=\"https:\/\/www.novotek.com\/be\/wp-content\/uploads\/sites\/9\/NovotekProducten\/ProductIndustrialPC\/Industrial-PC-IPC_Emerson_RXi2BP_IPC-e1644245563115.jpg\" \/>\n<meta name=\"twitter:card\" content=\"summary_large_image\" \/>\n<meta name=\"twitter:label1\" content=\"Dur\u00e9e de lecture est.\" \/>\n\t<meta name=\"twitter:data1\" content=\"5 minutes\" \/>\n<script type=\"application\/ld+json\" class=\"yoast-schema-graph\">{\"@context\":\"https:\\\/\\\/schema.org\",\"@graph\":[{\"@type\":\"WebPage\",\"@id\":\"https:\\\/\\\/www.novotek.com\\\/be\\\/fr\\\/solutions-et-produits\\\/pc-industriels-ipc\\\/\",\"url\":\"https:\\\/\\\/www.novotek.com\\\/be\\\/fr\\\/solutions-et-produits\\\/pc-industriels-ipc\\\/\",\"name\":\"PC Industriels (IPC) - Novotek Belgium\",\"isPartOf\":{\"@id\":\"https:\\\/\\\/www.novotek.com\\\/be\\\/#website\"},\"primaryImageOfPage\":{\"@id\":\"https:\\\/\\\/www.novotek.com\\\/be\\\/fr\\\/solutions-et-produits\\\/pc-industriels-ipc\\\/#primaryimage\"},\"image\":{\"@id\":\"https:\\\/\\\/www.novotek.com\\\/be\\\/fr\\\/solutions-et-produits\\\/pc-industriels-ipc\\\/#primaryimage\"},\"thumbnailUrl\":\"https:\\\/\\\/www.novotek.com\\\/be\\\/wp-content\\\/uploads\\\/sites\\\/9\\\/NovotekProducten\\\/ProductIndustrialPC\\\/Industrial-PC-IPC_Emerson_RXi2BP_IPC-e1644245563115.jpg\",\"datePublished\":\"2022-02-17T12:58:58+00:00\",\"dateModified\":\"2022-11-09T14:43:02+00:00\",\"description\":\"Novotek Belgium fournit des ordinateurs industriels (IPC) de haute performance sp\u00e9cialement con\u00e7us pour les environnements de fabrication.\",\"breadcrumb\":{\"@id\":\"https:\\\/\\\/www.novotek.com\\\/be\\\/fr\\\/solutions-et-produits\\\/pc-industriels-ipc\\\/#breadcrumb\"},\"inLanguage\":\"fr-BE\",\"potentialAction\":[{\"@type\":\"ReadAction\",\"target\":[\"https:\\\/\\\/www.novotek.com\\\/be\\\/fr\\\/solutions-et-produits\\\/pc-industriels-ipc\\\/\"]}]},{\"@type\":\"ImageObject\",\"inLanguage\":\"fr-BE\",\"@id\":\"https:\\\/\\\/www.novotek.com\\\/be\\\/fr\\\/solutions-et-produits\\\/pc-industriels-ipc\\\/#primaryimage\",\"url\":\"https:\\\/\\\/www.novotek.com\\\/be\\\/wp-content\\\/uploads\\\/sites\\\/9\\\/NovotekProducten\\\/ProductIndustrialPC\\\/Industrial-PC-IPC_Emerson_RXi2BP_IPC-e1644245563115.jpg\",\"contentUrl\":\"https:\\\/\\\/www.novotek.com\\\/be\\\/wp-content\\\/uploads\\\/sites\\\/9\\\/NovotekProducten\\\/ProductIndustrialPC\\\/Industrial-PC-IPC_Emerson_RXi2BP_IPC-e1644245563115.jpg\"},{\"@type\":\"BreadcrumbList\",\"@id\":\"https:\\\/\\\/www.novotek.com\\\/be\\\/fr\\\/solutions-et-produits\\\/pc-industriels-ipc\\\/#breadcrumb\",\"itemListElement\":[{\"@type\":\"ListItem\",\"position\":1,\"name\":\"Home\",\"item\":\"https:\\\/\\\/www.novotek.com\\\/be\\\/fr\\\/\"},{\"@type\":\"ListItem\",\"position\":2,\"name\":\"Solutions et produits\",\"item\":\"https:\\\/\\\/www.novotek.com\\\/be\\\/fr\\\/solutions-et-produits\\\/\"},{\"@type\":\"ListItem\",\"position\":3,\"name\":\"PC Industriels (IPC)\"}]},{\"@type\":\"WebSite\",\"@id\":\"https:\\\/\\\/www.novotek.com\\\/be\\\/#website\",\"url\":\"https:\\\/\\\/www.novotek.com\\\/be\\\/\",\"name\":\"Novotek Belgium\",\"description\":\"Connecter, Mod\u00e9liser, Archiver, Visualiser, Optimiser\",\"potentialAction\":[{\"@type\":\"SearchAction\",\"target\":{\"@type\":\"EntryPoint\",\"urlTemplate\":\"https:\\\/\\\/www.novotek.com\\\/be\\\/?s={search_term_string}\"},\"query-input\":{\"@type\":\"PropertyValueSpecification\",\"valueRequired\":true,\"valueName\":\"search_term_string\"}}],\"inLanguage\":\"fr-BE\"}]}<\/script>\n<!-- \/ Yoast SEO plugin. -->","yoast_head_json":{"title":"PC Industriels (IPC) - Novotek Belgium","description":"Novotek Belgium fournit des ordinateurs industriels (IPC) de haute performance sp\u00e9cialement con\u00e7us pour les environnements de fabrication.","robots":{"index":"index","follow":"follow","max-snippet":"max-snippet:-1","max-image-preview":"max-image-preview:large","max-video-preview":"max-video-preview:-1"},"canonical":"https:\/\/www.novotek.com\/be\/fr\/solutions-et-produits\/pc-industriels-ipc\/","og_locale":"fr_FR","og_type":"article","og_title":"PC Industriels (IPC) - Novotek Belgium","og_description":"Novotek Belgium fournit des ordinateurs industriels (IPC) de haute performance sp\u00e9cialement con\u00e7us pour les environnements de fabrication.","og_url":"https:\/\/www.novotek.com\/be\/fr\/solutions-et-produits\/pc-industriels-ipc\/","og_site_name":"Novotek Belgium","article_modified_time":"2022-11-09T14:43:02+00:00","og_image":[{"url":"https:\/\/www.novotek.com\/be\/wp-content\/uploads\/sites\/9\/NovotekProducten\/ProductIndustrialPC\/Industrial-PC-IPC_Emerson_RXi2BP_IPC-e1644245563115.jpg","type":"","width":"","height":""}],"twitter_card":"summary_large_image","twitter_misc":{"Dur\u00e9e de lecture est.":"5 minutes"},"schema":{"@context":"https:\/\/schema.org","@graph":[{"@type":"WebPage","@id":"https:\/\/www.novotek.com\/be\/fr\/solutions-et-produits\/pc-industriels-ipc\/","url":"https:\/\/www.novotek.com\/be\/fr\/solutions-et-produits\/pc-industriels-ipc\/","name":"PC Industriels (IPC) - Novotek Belgium","isPartOf":{"@id":"https:\/\/www.novotek.com\/be\/#website"},"primaryImageOfPage":{"@id":"https:\/\/www.novotek.com\/be\/fr\/solutions-et-produits\/pc-industriels-ipc\/#primaryimage"},"image":{"@id":"https:\/\/www.novotek.com\/be\/fr\/solutions-et-produits\/pc-industriels-ipc\/#primaryimage"},"thumbnailUrl":"https:\/\/www.novotek.com\/be\/wp-content\/uploads\/sites\/9\/NovotekProducten\/ProductIndustrialPC\/Industrial-PC-IPC_Emerson_RXi2BP_IPC-e1644245563115.jpg","datePublished":"2022-02-17T12:58:58+00:00","dateModified":"2022-11-09T14:43:02+00:00","description":"Novotek Belgium fournit des ordinateurs industriels (IPC) de haute performance sp\u00e9cialement con\u00e7us pour les environnements de fabrication.","breadcrumb":{"@id":"https:\/\/www.novotek.com\/be\/fr\/solutions-et-produits\/pc-industriels-ipc\/#breadcrumb"},"inLanguage":"fr-BE","potentialAction":[{"@type":"ReadAction","target":["https:\/\/www.novotek.com\/be\/fr\/solutions-et-produits\/pc-industriels-ipc\/"]}]},{"@type":"ImageObject","inLanguage":"fr-BE","@id":"https:\/\/www.novotek.com\/be\/fr\/solutions-et-produits\/pc-industriels-ipc\/#primaryimage","url":"https:\/\/www.novotek.com\/be\/wp-content\/uploads\/sites\/9\/NovotekProducten\/ProductIndustrialPC\/Industrial-PC-IPC_Emerson_RXi2BP_IPC-e1644245563115.jpg","contentUrl":"https:\/\/www.novotek.com\/be\/wp-content\/uploads\/sites\/9\/NovotekProducten\/ProductIndustrialPC\/Industrial-PC-IPC_Emerson_RXi2BP_IPC-e1644245563115.jpg"},{"@type":"BreadcrumbList","@id":"https:\/\/www.novotek.com\/be\/fr\/solutions-et-produits\/pc-industriels-ipc\/#breadcrumb","itemListElement":[{"@type":"ListItem","position":1,"name":"Home","item":"https:\/\/www.novotek.com\/be\/fr\/"},{"@type":"ListItem","position":2,"name":"Solutions et produits","item":"https:\/\/www.novotek.com\/be\/fr\/solutions-et-produits\/"},{"@type":"ListItem","position":3,"name":"PC Industriels (IPC)"}]},{"@type":"WebSite","@id":"https:\/\/www.novotek.com\/be\/#website","url":"https:\/\/www.novotek.com\/be\/","name":"Novotek Belgium","description":"Connecter, Mod\u00e9liser, Archiver, Visualiser, Optimiser","potentialAction":[{"@type":"SearchAction","target":{"@type":"EntryPoint","urlTemplate":"https:\/\/www.novotek.com\/be\/?s={search_term_string}"},"query-input":{"@type":"PropertyValueSpecification","valueRequired":true,"valueName":"search_term_string"}}],"inLanguage":"fr-BE"}]}},"_links":{"self":[{"href":"https:\/\/www.novotek.com\/be\/fr\/wp-json\/wp\/v2\/pages\/6178","targetHints":{"allow":["GET"]}}],"collection":[{"href":"https:\/\/www.novotek.com\/be\/fr\/wp-json\/wp\/v2\/pages"}],"about":[{"href":"https:\/\/www.novotek.com\/be\/fr\/wp-json\/wp\/v2\/types\/page"}],"author":[{"embeddable":true,"href":"https:\/\/www.novotek.com\/be\/fr\/wp-json\/wp\/v2\/users\/13"}],"replies":[{"embeddable":true,"href":"https:\/\/www.novotek.com\/be\/fr\/wp-json\/wp\/v2\/comments?post=6178"}],"version-history":[{"count":9,"href":"https:\/\/www.novotek.com\/be\/fr\/wp-json\/wp\/v2\/pages\/6178\/revisions"}],"predecessor-version":[{"id":10504,"href":"https:\/\/www.novotek.com\/be\/fr\/wp-json\/wp\/v2\/pages\/6178\/revisions\/10504"}],"up":[{"embeddable":true,"href":"https:\/\/www.novotek.com\/be\/fr\/wp-json\/wp\/v2\/pages\/5512"}],"wp:attachment":[{"href":"https:\/\/www.novotek.com\/be\/fr\/wp-json\/wp\/v2\/media?parent=6178"}],"curies":[{"name":"wp","href":"https:\/\/api.w.org\/{rel}","templated":true}]}}