{"id":6180,"date":"2022-02-17T13:59:03","date_gmt":"2022-02-17T12:59:03","guid":{"rendered":"https:\/\/www.novotek.com\/be\/oplossingen-en-producten\/novotek-report-plus\/"},"modified":"2025-12-24T09:25:54","modified_gmt":"2025-12-24T08:25:54","slug":"novotek-report-plus","status":"publish","type":"page","link":"https:\/\/www.novotek.com\/be\/fr\/solutions-et-produits\/novotek-report-plus\/","title":{"rendered":"Novotek Report Plus"},"content":{"rendered":"  <div class=\"hero\">\n    <div class=\"carousel hero-slider small\" data-flickity data-flickity-options='{\"prevNextButtons\": false}'>\n              <div class=\"carousel-cell\">\n          <div class=\"container\">\n            <div class=\"hero-content\">\n                              <h1>Novotek Report Plus<\/h1>\n<p>Un outil de reporting pour les donn\u00e9es en temps r\u00e9el, les donn\u00e9es historiques et les donn\u00e9es relationnelles.<\/p>\n              \n                          <\/div>\n          <\/div>\n\n          <img decoding=\"async\" width=\"1024\" height=\"427\" src=\"https:\/\/www.novotek.com\/be\/wp-content\/uploads\/sites\/9\/Novotek_Report_Plus_1920x800-1024x427.jpg.webp\" class=\"hero-bg\" alt=\"Hero Img\" fetchpriority=\"high\" srcset=\"https:\/\/www.novotek.com\/be\/wp-content\/uploads\/sites\/9\/Novotek_Report_Plus_1920x800-1024x427.jpg.webp 1024w, https:\/\/www.novotek.com\/be\/wp-content\/uploads\/sites\/9\/Novotek_Report_Plus_1920x800-300x125.jpg.webp 300w, https:\/\/www.novotek.com\/be\/wp-content\/uploads\/sites\/9\/Novotek_Report_Plus_1920x800-768x320.jpg.webp 768w, https:\/\/www.novotek.com\/be\/wp-content\/uploads\/sites\/9\/Novotek_Report_Plus_1920x800-1536x641.jpg.webp 1536w, https:\/\/www.novotek.com\/be\/wp-content\/uploads\/sites\/9\/Novotek_Report_Plus_1920x800.jpg.webp 1920w\" sizes=\"(max-width: 1024px) 100vw, 1024px\" \/>                  <\/div>\n          <\/div>\n\n      <\/div>\n\n   <div class=\"floating-breadcrumb\"><div class=\"container\"><span><span><a href=\"https:\/\/www.novotek.com\/be\/fr\/\" class=\"breadcrumb-frontpage\">Home<\/a><\/span><\/span><\/div><\/div>\n\n\n<div class=\"container-md heading  \">\n<h2 class=\"wp-block-heading\" id=\"krachtige-en-laagdrempelige-rapportage\">Puissant reporting ais\u00e9ment accessible<\/h2>\n<\/div>\n\n<div class=\"container-md paragraph  \">\n<p>Les entreprises de production tous niveaux confondus doivent pouvoir fournir des rapports de processus et de production corrects et actuels, \u00e0 l\u2019attention des autorit\u00e9s, du responsable de la production et du personnel de service. Novotek Report Plus vous donne acc\u00e8s \u00e0 une large s\u00e9lection de rapports standard adapt\u00e9s \u00e0 diff\u00e9rents secteurs industriels et vous permet si n\u00e9cessaire d\u2019adapter vous-m\u00eame ces rapports.<\/p>\n<\/div>\n\n<div class=\"container-md paragraph  \">\n<p>Novotek Report Plus exploite les entrep\u00f4ts de donn\u00e9es de GE Vernova et peut aller chercher les informations dans les solutions HMI\/SCADA Proficy iFIX, CIMPLICITY et la base de donn\u00e9es Proficy Historian. Un plug-in pour Microsoft SQL Server permet de collecter ais\u00e9ment et rapidement ces donn\u00e9es et d\u2019en faire un rapport.<\/p>\n<\/div>\n\n<div class=\"container media-text  alignwide\">\n<div class=\"wp-block-media-text alignwide is-stacked-on-mobile\"><figure class=\"wp-block-media-text__media\"><img loading=\"lazy\" decoding=\"async\" width=\"600\" height=\"522\" src=\"https:\/\/www.novotek.com\/be\/wp-content\/uploads\/sites\/9\/NovotekProducten\/ProductReportPlus\/Report-Plus-Productscreen.png\" alt=\"Report Plus\" class=\"wp-image-4604 size-full\" srcset=\"https:\/\/www.novotek.com\/be\/wp-content\/uploads\/sites\/9\/NovotekProducten\/ProductReportPlus\/Report-Plus-Productscreen.png 600w, https:\/\/www.novotek.com\/be\/wp-content\/uploads\/sites\/9\/NovotekProducten\/ProductReportPlus\/Report-Plus-Productscreen-300x261.png 300w\" sizes=\"auto, (max-width: 600px) 100vw, 600px\" \/><\/figure><div class=\"wp-block-media-text__content\"><div class=\"container-md heading  \">\n<h2 class=\"wp-block-heading\" id=\"toegang-tot-correcte-data-in-realtime\">Acc\u00e8s aux donn\u00e9es correctes en temps r\u00e9el<\/h2>\n<\/div>\n\n<div class=\"container-md paragraph  \">\n<p>Novotek Report Plus dispose de connexions en temps r\u00e9el avec toutes ses sources de donn\u00e9es. Les donn\u00e9es recueillies sont rapidement comprim\u00e9es et pr\u00e9par\u00e9es pour le reporting. Ainsi, les rapports sont toujours g\u00e9n\u00e9r\u00e9s sur la base des donn\u00e9es disponibles les plus r\u00e9centes et vous avez acc\u00e8s en temps r\u00e9el aux rapports actuels.<\/p>\n<\/div>\n\n<div class=\"container-md paragraph  \">\n<p>Les donn\u00e9es incorrectes constituent un probl\u00e8me r\u00e9current dans le reporting de processus. Elles peuvent \u00eatre dues \u00e0 des erreurs d\u2019\u00e9talonnage, des d\u00e9faillances de capteurs ou des perturbations de la communication. Novotek Report Plus r\u00e9sout ce probl\u00e8me en identifiant et excluant les mauvaises donn\u00e9es, l\u2019utilisateur a alors la possibilit\u00e9 de corriger les donn\u00e9es non-\u00e9dit\u00e9es. La correction peut \u00eatre suivie et visualis\u00e9e dans les rapports.<\/p>\n<\/div><\/div><\/div>\n<\/div>\n\n<div class=\"container-md heading  \">\n<h4 class=\"wp-block-heading\" id=\"wat-kunt-u-met-novotek-report-plus\">Que pouvez-vous faire avec Novotek Report Plus&nbsp;?<\/h4>\n<\/div>\n\n<div class=\"container-md list  \">\n<ul class=\"wp-block-list\"><div class=\"container-md list-item  \">\n<li>R\u00e9diger des rapports standard adapt\u00e9s aux diff\u00e9rents secteurs industriels et r\u00e9diger vos propres rapports.<\/li>\n<\/div>\n\n<div class=\"container-md list-item  \">\n<li>Recevoir des rapports \u00e9dit\u00e9s en temps r\u00e9el.<\/li>\n<\/div>\n\n<div class=\"container-md list-item  \">\n<li>Identification et exclusion des mauvaises donn\u00e9es, avec la possibilit\u00e9 de corriger manuellement les donn\u00e9es non-\u00e9dit\u00e9es.<\/li>\n<\/div>\n\n<div class=\"container-md list-item  \">\n<li>Collecter des informations dans HMI\/SCADA et la base de donn\u00e9es Proficy Historian.<\/li>\n<\/div>\n\n<div class=\"container-md list-item  \">\n<li>Report Plus est un plug-in au sein de Microsoft SQL Server. Les donn\u00e9es de processus et de production sont ainsi accessibles pour les outils compatibles avec SQL. Ce sont par ex. les outils BI comme QlikView, Power BI, MatLab, etc.<\/li>\n<\/div>\n\n<div class=\"container-md list-item  \">\n<li>Les donn\u00e9es peuvent \u00eatre collect\u00e9es via OPC ou d\u2019autres solutions de communication.<\/li>\n<\/div>\n\n<div class=\"container-md list-item  \">\n<li>Possibilit\u00e9 d\u2019enregistrer manuellement les donn\u00e9es puis de les lire manuellement \u00e0 l\u2019aide d\u2019une app avec lecteur de code barre.<\/li>\n<\/div>\n\n<div class=\"container-md list-item  \">\n<li>Solution ouverte et porteuse d\u2019avenir \u00e0 plusieurs niveaux.<\/li>\n<\/div><\/ul>\n<\/div>\n\n<div class=\"container-md spacer  \">\n<div style=\"height:100px\" aria-hidden=\"true\" class=\"wp-block-spacer\"><\/div>\n<\/div>\n\n<div class=\"container-md heading  \">\n<h2 class=\"wp-block-heading\" id=\"eigen-ontwikkeling\">D\u00e9veloppement en interne<\/h2>\n<\/div>\n\n<div class=\"container-md paragraph  \">\n<p>Novotek Report Plus est un produit qui a \u00e9t\u00e9 soigneusement d\u00e9velopp\u00e9 par Novotek afin d\u2019offrir aux entreprises de production l\u2019outil de reporting dont elles ont besoin. La solution s\u2019int\u00e8gre en transparence avec HMI\/SCADA et Proficy Historian.<\/p>\n<\/div>\n\n<div class=\"container-md paragraph  \">\n<p>Nos conseillers vous aident volontiers dans l\u2019impl\u00e9mentation correcte de Novotek Report Plus au sein de votre entreprise.<\/p>\n<\/div>\n\n  <div class=\"slider-column-parent\">\n    <div class=\"container\">\n      <div class=\"slider-column-title\">Combinez Novotek Report Plus avec<\/div>\n\n      <div class=\"row\">\n        <div class=\"col-12 col-md-4\"><div class=\"column-box\">\n  \n      <div class=\"title\">\n      Proficy iFIX    <\/div>\n  \n      <div class=\"text\">\n      <p><img loading=\"lazy\" decoding=\"async\" class=\"alignnone size-medium wp-image-18005\" src=\"https:\/\/www.novotek.com\/be\/wp-content\/uploads\/sites\/9\/Proficy-iFIX2-Novotek-1-300x259.jpg\" alt=\"\" width=\"300\" height=\"259\" srcset=\"https:\/\/www.novotek.com\/be\/wp-content\/uploads\/sites\/9\/Proficy-iFIX2-Novotek-1-300x259.jpg 300w, https:\/\/www.novotek.com\/be\/wp-content\/uploads\/sites\/9\/Proficy-iFIX2-Novotek-1-86x74.jpg 86w, https:\/\/www.novotek.com\/be\/wp-content\/uploads\/sites\/9\/Proficy-iFIX2-Novotek-1-306x264.jpg 306w, https:\/\/www.novotek.com\/be\/wp-content\/uploads\/sites\/9\/Proficy-iFIX2-Novotek-1-636x548.jpg 636w, https:\/\/www.novotek.com\/be\/wp-content\/uploads\/sites\/9\/Proficy-iFIX2-Novotek-1.jpg 645w\" sizes=\"auto, (max-width: 300px) 100vw, 300px\" \/><\/p>\n<p>Le syst\u00e8me HMI\/SCADA le plus complet du march\u00e9.<\/p>\n    <\/div>\n  \n      <a class=\"link\"  href=\"https:\/\/www.novotek.com\/be\/fr\/solutions-et-produits\/proficy-ifix\/\" target=\"\">\n      Proficy iFIX    <\/a>\n  \n  <\/div>\n\n<\/div><div class=\"col-12 col-md-4\"><div class=\"column-box\">\n  \n      <div class=\"title\">\n      Proficy Historian    <\/div>\n  \n      <div class=\"text\">\n      <p><img loading=\"lazy\" decoding=\"async\" class=\"alignnone wp-image-1517 size-medium\" src=\"https:\/\/www.novotek.com\/be\/wp-content\/uploads\/sites\/9\/NovotekProducten\/ProductHistorian\/Proficy_Historian_Novotek-Benelux-300x261.jpg\" alt=\"Proficy Historian\" width=\"300\" height=\"261\" srcset=\"https:\/\/www.novotek.com\/be\/wp-content\/uploads\/sites\/9\/NovotekProducten\/ProductHistorian\/Proficy_Historian_Novotek-Benelux-300x261.jpg 300w, https:\/\/www.novotek.com\/be\/wp-content\/uploads\/sites\/9\/NovotekProducten\/ProductHistorian\/Proficy_Historian_Novotek-Benelux.jpg 600w\" sizes=\"auto, (max-width: 300px) 100vw, 300px\" \/><\/p>\n<p>La base de donn\u00e9es de processus la plus puissante du march\u00e9, d\u00e9velopp\u00e9e pour les donn\u00e9es de production.<\/p>\n    <\/div>\n  \n      <a class=\"link\"  href=\"https:\/\/www.novotek.com\/be\/fr\/solutions-et-produits\/proficy-cimplicity\/\" target=\"\">\n      Proficy Cimplicity    <\/a>\n  \n  <\/div>\n\n<\/div>      <\/div>\n    <\/div>\n  <\/div>\n","protected":false},"excerpt":{"rendered":"<p>Puissant reporting ais\u00e9ment accessible Les entreprises de production tous niveaux confondus doivent pouvoir fournir des rapports de processus et de production corrects et actuels, \u00e0 l\u2019attention des autorit\u00e9s, du responsable de la production et du personnel de service. Novotek Report Plus vous donne acc\u00e8s \u00e0 une large s\u00e9lection de rapports standard adapt\u00e9s \u00e0 diff\u00e9rents secteurs [&hellip;]<\/p>\n","protected":false},"author":13,"featured_media":0,"parent":5512,"menu_order":0,"comment_status":"closed","ping_status":"closed","template":"","meta":{"_acf_changed":false,"_relevanssi_hide_post":"","_relevanssi_pin_for_all":"","_relevanssi_pin_keywords":"","_relevanssi_unpin_keywords":"","_relevanssi_related_keywords":"","_relevanssi_related_include_ids":"","_relevanssi_related_exclude_ids":"","_relevanssi_related_no_append":"","_relevanssi_related_not_related":"","_relevanssi_related_posts":"6125","_relevanssi_noindex_reason":"","footnotes":""},"class_list":["post-6180","page","type-page","status-publish","hentry"],"acf":[],"yoast_head":"<!-- This site is optimized with the Yoast SEO plugin v27.4 - https:\/\/yoast.com\/product\/yoast-seo-wordpress\/ -->\n<title>Novotek Report Plus - Novotek Belgium<\/title>\n<meta name=\"description\" content=\"Novotek Report Plus a \u00e9t\u00e9 d\u00e9velopp\u00e9 par Novotek. Il s&#039;agit d&#039;un outil de reporting pour les donn\u00e9es en temps r\u00e9el, les donn\u00e9es historiques et les donn\u00e9es relationnelles.\" \/>\n<meta name=\"robots\" content=\"index, follow, max-snippet:-1, max-image-preview:large, max-video-preview:-1\" \/>\n<link rel=\"canonical\" href=\"https:\/\/www.novotek.com\/be\/fr\/solutions-et-produits\/novotek-report-plus\/\" \/>\n<meta property=\"og:locale\" content=\"fr_FR\" \/>\n<meta property=\"og:type\" content=\"article\" \/>\n<meta property=\"og:title\" content=\"Novotek Report Plus - Novotek Belgium\" \/>\n<meta property=\"og:description\" content=\"Novotek Report Plus a \u00e9t\u00e9 d\u00e9velopp\u00e9 par Novotek. Il s&#039;agit d&#039;un outil de reporting pour les donn\u00e9es en temps r\u00e9el, les donn\u00e9es historiques et les donn\u00e9es relationnelles.\" \/>\n<meta property=\"og:url\" content=\"https:\/\/www.novotek.com\/be\/fr\/solutions-et-produits\/novotek-report-plus\/\" \/>\n<meta property=\"og:site_name\" content=\"Novotek Belgium\" \/>\n<meta property=\"article:modified_time\" content=\"2025-12-24T08:25:54+00:00\" \/>\n<meta property=\"og:image\" content=\"https:\/\/www.novotek.com\/be\/wp-content\/uploads\/sites\/9\/NovotekProducten\/ProductReportPlus\/Report-Plus-Productscreen.png\" \/>\n<meta name=\"twitter:card\" content=\"summary_large_image\" \/>\n<meta name=\"twitter:label1\" content=\"Dur\u00e9e de lecture est.\" \/>\n\t<meta name=\"twitter:data1\" content=\"3 minutes\" \/>\n<script type=\"application\/ld+json\" class=\"yoast-schema-graph\">{\"@context\":\"https:\\\/\\\/schema.org\",\"@graph\":[{\"@type\":\"WebPage\",\"@id\":\"https:\\\/\\\/www.novotek.com\\\/be\\\/fr\\\/solutions-et-produits\\\/novotek-report-plus\\\/\",\"url\":\"https:\\\/\\\/www.novotek.com\\\/be\\\/fr\\\/solutions-et-produits\\\/novotek-report-plus\\\/\",\"name\":\"Novotek Report Plus - Novotek Belgium\",\"isPartOf\":{\"@id\":\"https:\\\/\\\/www.novotek.com\\\/be\\\/#website\"},\"primaryImageOfPage\":{\"@id\":\"https:\\\/\\\/www.novotek.com\\\/be\\\/fr\\\/solutions-et-produits\\\/novotek-report-plus\\\/#primaryimage\"},\"image\":{\"@id\":\"https:\\\/\\\/www.novotek.com\\\/be\\\/fr\\\/solutions-et-produits\\\/novotek-report-plus\\\/#primaryimage\"},\"thumbnailUrl\":\"https:\\\/\\\/www.novotek.com\\\/be\\\/wp-content\\\/uploads\\\/sites\\\/9\\\/NovotekProducten\\\/ProductReportPlus\\\/Report-Plus-Productscreen.png\",\"datePublished\":\"2022-02-17T12:59:03+00:00\",\"dateModified\":\"2025-12-24T08:25:54+00:00\",\"description\":\"Novotek Report Plus a \u00e9t\u00e9 d\u00e9velopp\u00e9 par Novotek. Il s'agit d'un outil de reporting pour les donn\u00e9es en temps r\u00e9el, les donn\u00e9es historiques et les donn\u00e9es relationnelles.\",\"breadcrumb\":{\"@id\":\"https:\\\/\\\/www.novotek.com\\\/be\\\/fr\\\/solutions-et-produits\\\/novotek-report-plus\\\/#breadcrumb\"},\"inLanguage\":\"fr-BE\",\"potentialAction\":[{\"@type\":\"ReadAction\",\"target\":[\"https:\\\/\\\/www.novotek.com\\\/be\\\/fr\\\/solutions-et-produits\\\/novotek-report-plus\\\/\"]}]},{\"@type\":\"ImageObject\",\"inLanguage\":\"fr-BE\",\"@id\":\"https:\\\/\\\/www.novotek.com\\\/be\\\/fr\\\/solutions-et-produits\\\/novotek-report-plus\\\/#primaryimage\",\"url\":\"https:\\\/\\\/www.novotek.com\\\/be\\\/wp-content\\\/uploads\\\/sites\\\/9\\\/NovotekProducten\\\/ProductReportPlus\\\/Report-Plus-Productscreen.png\",\"contentUrl\":\"https:\\\/\\\/www.novotek.com\\\/be\\\/wp-content\\\/uploads\\\/sites\\\/9\\\/NovotekProducten\\\/ProductReportPlus\\\/Report-Plus-Productscreen.png\"},{\"@type\":\"BreadcrumbList\",\"@id\":\"https:\\\/\\\/www.novotek.com\\\/be\\\/fr\\\/solutions-et-produits\\\/novotek-report-plus\\\/#breadcrumb\",\"itemListElement\":[{\"@type\":\"ListItem\",\"position\":1,\"name\":\"Home\",\"item\":\"https:\\\/\\\/www.novotek.com\\\/be\\\/fr\\\/\"},{\"@type\":\"ListItem\",\"position\":2,\"name\":\"Solutions et produits\",\"item\":\"https:\\\/\\\/www.novotek.com\\\/be\\\/fr\\\/solutions-et-produits\\\/\"},{\"@type\":\"ListItem\",\"position\":3,\"name\":\"Novotek Report Plus\"}]},{\"@type\":\"WebSite\",\"@id\":\"https:\\\/\\\/www.novotek.com\\\/be\\\/#website\",\"url\":\"https:\\\/\\\/www.novotek.com\\\/be\\\/\",\"name\":\"Novotek Belgium\",\"description\":\"Connecter, Mod\u00e9liser, Archiver, Visualiser, Optimiser\",\"potentialAction\":[{\"@type\":\"SearchAction\",\"target\":{\"@type\":\"EntryPoint\",\"urlTemplate\":\"https:\\\/\\\/www.novotek.com\\\/be\\\/?s={search_term_string}\"},\"query-input\":{\"@type\":\"PropertyValueSpecification\",\"valueRequired\":true,\"valueName\":\"search_term_string\"}}],\"inLanguage\":\"fr-BE\"}]}<\/script>\n<!-- \/ Yoast SEO plugin. -->","yoast_head_json":{"title":"Novotek Report Plus - Novotek Belgium","description":"Novotek Report Plus a \u00e9t\u00e9 d\u00e9velopp\u00e9 par Novotek. Il s'agit d'un outil de reporting pour les donn\u00e9es en temps r\u00e9el, les donn\u00e9es historiques et les donn\u00e9es relationnelles.","robots":{"index":"index","follow":"follow","max-snippet":"max-snippet:-1","max-image-preview":"max-image-preview:large","max-video-preview":"max-video-preview:-1"},"canonical":"https:\/\/www.novotek.com\/be\/fr\/solutions-et-produits\/novotek-report-plus\/","og_locale":"fr_FR","og_type":"article","og_title":"Novotek Report Plus - Novotek Belgium","og_description":"Novotek Report Plus a \u00e9t\u00e9 d\u00e9velopp\u00e9 par Novotek. Il s'agit d'un outil de reporting pour les donn\u00e9es en temps r\u00e9el, les donn\u00e9es historiques et les donn\u00e9es relationnelles.","og_url":"https:\/\/www.novotek.com\/be\/fr\/solutions-et-produits\/novotek-report-plus\/","og_site_name":"Novotek Belgium","article_modified_time":"2025-12-24T08:25:54+00:00","og_image":[{"url":"https:\/\/www.novotek.com\/be\/wp-content\/uploads\/sites\/9\/NovotekProducten\/ProductReportPlus\/Report-Plus-Productscreen.png","type":"","width":"","height":""}],"twitter_card":"summary_large_image","twitter_misc":{"Dur\u00e9e de lecture est.":"3 minutes"},"schema":{"@context":"https:\/\/schema.org","@graph":[{"@type":"WebPage","@id":"https:\/\/www.novotek.com\/be\/fr\/solutions-et-produits\/novotek-report-plus\/","url":"https:\/\/www.novotek.com\/be\/fr\/solutions-et-produits\/novotek-report-plus\/","name":"Novotek Report Plus - Novotek Belgium","isPartOf":{"@id":"https:\/\/www.novotek.com\/be\/#website"},"primaryImageOfPage":{"@id":"https:\/\/www.novotek.com\/be\/fr\/solutions-et-produits\/novotek-report-plus\/#primaryimage"},"image":{"@id":"https:\/\/www.novotek.com\/be\/fr\/solutions-et-produits\/novotek-report-plus\/#primaryimage"},"thumbnailUrl":"https:\/\/www.novotek.com\/be\/wp-content\/uploads\/sites\/9\/NovotekProducten\/ProductReportPlus\/Report-Plus-Productscreen.png","datePublished":"2022-02-17T12:59:03+00:00","dateModified":"2025-12-24T08:25:54+00:00","description":"Novotek Report Plus a \u00e9t\u00e9 d\u00e9velopp\u00e9 par Novotek. Il s'agit d'un outil de reporting pour les donn\u00e9es en temps r\u00e9el, les donn\u00e9es historiques et les donn\u00e9es relationnelles.","breadcrumb":{"@id":"https:\/\/www.novotek.com\/be\/fr\/solutions-et-produits\/novotek-report-plus\/#breadcrumb"},"inLanguage":"fr-BE","potentialAction":[{"@type":"ReadAction","target":["https:\/\/www.novotek.com\/be\/fr\/solutions-et-produits\/novotek-report-plus\/"]}]},{"@type":"ImageObject","inLanguage":"fr-BE","@id":"https:\/\/www.novotek.com\/be\/fr\/solutions-et-produits\/novotek-report-plus\/#primaryimage","url":"https:\/\/www.novotek.com\/be\/wp-content\/uploads\/sites\/9\/NovotekProducten\/ProductReportPlus\/Report-Plus-Productscreen.png","contentUrl":"https:\/\/www.novotek.com\/be\/wp-content\/uploads\/sites\/9\/NovotekProducten\/ProductReportPlus\/Report-Plus-Productscreen.png"},{"@type":"BreadcrumbList","@id":"https:\/\/www.novotek.com\/be\/fr\/solutions-et-produits\/novotek-report-plus\/#breadcrumb","itemListElement":[{"@type":"ListItem","position":1,"name":"Home","item":"https:\/\/www.novotek.com\/be\/fr\/"},{"@type":"ListItem","position":2,"name":"Solutions et produits","item":"https:\/\/www.novotek.com\/be\/fr\/solutions-et-produits\/"},{"@type":"ListItem","position":3,"name":"Novotek Report Plus"}]},{"@type":"WebSite","@id":"https:\/\/www.novotek.com\/be\/#website","url":"https:\/\/www.novotek.com\/be\/","name":"Novotek Belgium","description":"Connecter, Mod\u00e9liser, Archiver, Visualiser, Optimiser","potentialAction":[{"@type":"SearchAction","target":{"@type":"EntryPoint","urlTemplate":"https:\/\/www.novotek.com\/be\/?s={search_term_string}"},"query-input":{"@type":"PropertyValueSpecification","valueRequired":true,"valueName":"search_term_string"}}],"inLanguage":"fr-BE"}]}},"_links":{"self":[{"href":"https:\/\/www.novotek.com\/be\/fr\/wp-json\/wp\/v2\/pages\/6180","targetHints":{"allow":["GET"]}}],"collection":[{"href":"https:\/\/www.novotek.com\/be\/fr\/wp-json\/wp\/v2\/pages"}],"about":[{"href":"https:\/\/www.novotek.com\/be\/fr\/wp-json\/wp\/v2\/types\/page"}],"author":[{"embeddable":true,"href":"https:\/\/www.novotek.com\/be\/fr\/wp-json\/wp\/v2\/users\/13"}],"replies":[{"embeddable":true,"href":"https:\/\/www.novotek.com\/be\/fr\/wp-json\/wp\/v2\/comments?post=6180"}],"version-history":[{"count":11,"href":"https:\/\/www.novotek.com\/be\/fr\/wp-json\/wp\/v2\/pages\/6180\/revisions"}],"predecessor-version":[{"id":18496,"href":"https:\/\/www.novotek.com\/be\/fr\/wp-json\/wp\/v2\/pages\/6180\/revisions\/18496"}],"up":[{"embeddable":true,"href":"https:\/\/www.novotek.com\/be\/fr\/wp-json\/wp\/v2\/pages\/5512"}],"wp:attachment":[{"href":"https:\/\/www.novotek.com\/be\/fr\/wp-json\/wp\/v2\/media?parent=6180"}],"curies":[{"name":"wp","href":"https:\/\/api.w.org\/{rel}","templated":true}]}}