{"id":6186,"date":"2022-02-17T13:59:29","date_gmt":"2022-02-17T12:59:29","guid":{"rendered":"https:\/\/www.novotek.com\/be\/produits-alimentaires\/"},"modified":"2025-12-22T14:44:01","modified_gmt":"2025-12-22T13:44:01","slug":"produits-alimentaires","status":"publish","type":"page","link":"https:\/\/www.novotek.com\/be\/fr\/secteurs\/produits-alimentaires\/","title":{"rendered":"Produits alimentaires"},"content":{"rendered":"  <div class=\"hero\">\n    <div class=\"carousel hero-slider large\" data-flickity data-flickity-options='{\"prevNextButtons\": false}'>\n              <div class=\"carousel-cell\">\n          <div class=\"container\">\n            <div class=\"hero-content\">\n                              <h1>Produits alimentaires<\/h1>\n<p>La garantie de qualit\u00e9 et la tra\u00e7abilit\u00e9 sont essentielles dans la production alimentaire.<\/p>\n              \n                          <\/div>\n          <\/div>\n\n          <img decoding=\"async\" width=\"1024\" height=\"427\" src=\"https:\/\/www.novotek.com\/be\/wp-content\/uploads\/sites\/9\/NovotekSectoren\/Voedingsmiddelen\/shutterstock_622172558_Duplexton_header_FnB-1024x427.png.webp\" class=\"hero-bg\" alt=\"Hero Img\" fetchpriority=\"high\" srcset=\"https:\/\/www.novotek.com\/be\/wp-content\/uploads\/sites\/9\/NovotekSectoren\/Voedingsmiddelen\/shutterstock_622172558_Duplexton_header_FnB-1024x427.png.webp 1024w, https:\/\/www.novotek.com\/be\/wp-content\/uploads\/sites\/9\/NovotekSectoren\/Voedingsmiddelen\/shutterstock_622172558_Duplexton_header_FnB-300x125.png.webp 300w, https:\/\/www.novotek.com\/be\/wp-content\/uploads\/sites\/9\/NovotekSectoren\/Voedingsmiddelen\/shutterstock_622172558_Duplexton_header_FnB-768x320.png.webp 768w, https:\/\/www.novotek.com\/be\/wp-content\/uploads\/sites\/9\/NovotekSectoren\/Voedingsmiddelen\/shutterstock_622172558_Duplexton_header_FnB-1536x640.png.webp 1536w, https:\/\/www.novotek.com\/be\/wp-content\/uploads\/sites\/9\/NovotekSectoren\/Voedingsmiddelen\/shutterstock_622172558_Duplexton_header_FnB.png.webp 1920w\" sizes=\"(max-width: 1024px) 100vw, 1024px\" \/>                  <\/div>\n          <\/div>\n\n      <\/div>\n\n   <div class=\"floating-breadcrumb\"><div class=\"container\"><span><span><a href=\"https:\/\/www.novotek.com\/be\/fr\/\" class=\"breadcrumb-frontpage\">Home<\/a><\/span><\/span><\/div><\/div>\n\n\n<div class=\"container-md heading  \">\n<h3 class=\"wp-block-heading\" id=\"realtime-inzicht-in-het-productieproces-om-direct-bij-te-kunnen-sturen-waar-nodig\">Perception en temps r\u00e9el du processus de production afin de pouvoir r\u00e9agir directement en cas de besoin<\/h3>\n<\/div>\n\n<div class=\"container-md paragraph  \">\n<p id=\"tw-target-text\">L\u2019usine est un environnement dynamique dans lequel beaucoup de choses se produisent. Comme les op\u00e9rateurs per\u00e7oivent en temps r\u00e9el le statut du processus de production, ils sont en mesure d\u2019identifier rapidement les probl\u00e8mes et de les r\u00e9soudre. Ceci s\u2019accompagne d\u2019une r\u00e9duction des probl\u00e8mes li\u00e9s \u00e0 la qualit\u00e9 et des temps morts intempestifs.<\/p>\n<\/div>\n\n  <div class=\"hero\">\n    <div class=\"carousel hero-slider large\" data-flickity data-flickity-options='{\"prevNextButtons\": false}'>\n              <div class=\"carousel-cell\">\n          <div class=\"container\">\n            <div class=\"hero-content\">\n                              <h2>Bolletje transforme chaque op\u00e9rateur en expert<\/h2>\n<p>\u00ab\u00a0La digitalisation nous a surtout apport\u00e9 une r\u00e9gularit\u00e9 et un rythme dans la production\u00a0\u00bb. Le responsable des TIC Harry Lentferink et son coll\u00e8gue Jan Spijkerman de Bolletje parlent de leurs exp\u00e9riences en mati\u00e8re de num\u00e9risation du processus de production.<\/p>\n              \n                              <a class=\"btn btn-primary\" href=\"https:\/\/www.novotek.com\/be\/fr\/contact\/\">\n                  En savoir plus. Contactez-nous                <\/a>\n                          <\/div>\n          <\/div>\n\n          <img decoding=\"async\" width=\"1024\" height=\"535\" src=\"https:\/\/www.novotek.com\/be\/wp-content\/uploads\/sites\/9\/bolletje-2-1024x535.jpg.webp\" class=\"hero-bg\" alt=\"Hero Img\" fetchpriority=\"high\" srcset=\"https:\/\/www.novotek.com\/be\/wp-content\/uploads\/sites\/9\/bolletje-2-1024x535.jpg.webp 1024w, https:\/\/www.novotek.com\/be\/wp-content\/uploads\/sites\/9\/bolletje-2-300x157.jpg.webp 300w, https:\/\/www.novotek.com\/be\/wp-content\/uploads\/sites\/9\/bolletje-2-768x401.jpg.webp 768w, https:\/\/www.novotek.com\/be\/wp-content\/uploads\/sites\/9\/bolletje-2.jpg.webp 1200w\" sizes=\"(max-width: 1024px) 100vw, 1024px\" \/>                  <\/div>\n          <\/div>\n\n      <\/div>\n\n   \n\n\n<div class=\"container-md spacer  \">\n<div style=\"height:33px\" aria-hidden=\"true\" class=\"wp-block-spacer\"><\/div>\n<\/div>\n\n<div class=\"container media-text  align\">\n<div class=\"wp-block-media-text has-media-on-the-right is-stacked-on-mobile is-image-fill-element\"><div class=\"wp-block-media-text__content\"><div class=\"container-md heading  \">\n<h3 class=\"wp-block-heading\" id=\"digitaliseren-vereenvoudigt-het-auditproces-enorm\">La num\u00e9risation simplifie largement le processus d\u2019audit<\/h3>\n<\/div>\n\n<div class=\"container-md paragraph  \">\n<p>La num\u00e9risation des donn\u00e9es de processus permet de clarifier les am\u00e9liorations tout au long du processus de production. Le rendement est surveill\u00e9, les arr\u00eats sont document\u00e9s et la qualit\u00e9 est une fois de plus contr\u00f4l\u00e9e. Vous pouvez ainsi atteindre pas \u00e0 pas l\u2019excellence op\u00e9rationnelle. La num\u00e9risation simplifie \u00e9galement le processus d\u2019audit. Il suffit d\u2019appuyer sur un bouton pour consulter les donn\u00e9es de processus requises.<\/p>\n<\/div><\/div><figure class=\"wp-block-media-text__media\"><img loading=\"lazy\" decoding=\"async\" width=\"1024\" height=\"427\" src=\"https:\/\/www.novotek.com\/be\/wp-content\/uploads\/sites\/9\/NovotekSectoren\/Voedingsmiddelen\/Food-KPI-OEE-1-1024x427.jpg\" alt=\"La num\u00e9risation simplifie largement le processus d\u2019audit\" class=\"wp-image-13242 size-full\" style=\"object-position:50% 50%\" srcset=\"https:\/\/www.novotek.com\/be\/wp-content\/uploads\/sites\/9\/NovotekSectoren\/Voedingsmiddelen\/Food-KPI-OEE-1-1024x427.jpg 1024w, https:\/\/www.novotek.com\/be\/wp-content\/uploads\/sites\/9\/NovotekSectoren\/Voedingsmiddelen\/Food-KPI-OEE-1-300x125.jpg 300w, https:\/\/www.novotek.com\/be\/wp-content\/uploads\/sites\/9\/NovotekSectoren\/Voedingsmiddelen\/Food-KPI-OEE-1-768x320.jpg 768w, https:\/\/www.novotek.com\/be\/wp-content\/uploads\/sites\/9\/NovotekSectoren\/Voedingsmiddelen\/Food-KPI-OEE-1-1536x640.jpg 1536w, https:\/\/www.novotek.com\/be\/wp-content\/uploads\/sites\/9\/NovotekSectoren\/Voedingsmiddelen\/Food-KPI-OEE-1-2048x853.jpg 2048w\" sizes=\"auto, (max-width: 1024px) 100vw, 1024px\" \/><\/figure><\/div>\n<\/div>\n\n<div class=\"container-md spacer  \">\n<div style=\"height:33px\" aria-hidden=\"true\" class=\"wp-block-spacer\"><\/div>\n<\/div>\n\n  <div class=\"hero\">\n    <div class=\"carousel hero-slider large\" data-flickity data-flickity-options='{\"prevNextButtons\": false}'>\n              <div class=\"carousel-cell\">\n          <div class=\"container\">\n            <div class=\"hero-content\">\n                              <h6>R\u00e9f\u00e9rence<\/h6>\n<h2>ABInBev standardise les donn\u00e9es de processus sur OPC<\/h2>\n<p>\u00ab\u00a0Avec Kepware, la communication est si rapide que nous avons maintenant une vision en temps r\u00e9el. Cela nous permet d&rsquo;intervenir imm\u00e9diatement si quelque chose ne va pas\u00a0\u00bb, explique Werner Verstrepen d&rsquo;ABInBev<\/p>\n              \n                          <\/div>\n          <\/div>\n\n          <img decoding=\"async\" width=\"694\" height=\"505\" src=\"https:\/\/www.novotek.com\/be\/wp-content\/uploads\/sites\/9\/abinbev-3.jpeg.webp\" class=\"hero-bg\" alt=\"Hero Img\" fetchpriority=\"high\" srcset=\"https:\/\/www.novotek.com\/be\/wp-content\/uploads\/sites\/9\/abinbev-3.jpeg.webp 694w, https:\/\/www.novotek.com\/be\/wp-content\/uploads\/sites\/9\/abinbev-3-300x218.jpeg.webp 300w\" sizes=\"(max-width: 694px) 100vw, 694px\" \/>                  <\/div>\n          <\/div>\n\n      <\/div>\n\n   \n\n\n<div class=\"container-md spacer  \">\n<div style=\"height:67px\" aria-hidden=\"true\" class=\"wp-block-spacer\"><\/div>\n<\/div>\n\n<div class=\"container-md heading  \">\n<h3 class=\"wp-block-heading\" id=\"maak-operators-mobiel-en-geef-ze-informatie-daar-waar-ze-het-nodig-hebben\">Rendez les op\u00e9rateurs mobiles et donnez-leur toutes les informations dont ils ont besoin<\/h3>\n<\/div>\n\n<div class=\"container-md paragraph  \">\n<p>De nombreuses usines disposent encore d\u2019une salle de commande traditionnelle \u00e0 partir de laquelle le processus est surveill\u00e9 et pilot\u00e9. Parfois, il est n\u00e9anmoins plus s\u00fbr et plus rapide de pouvoir consulter les donn\u00e9es de processus sur place. Avec une configuration sur base Web de votre interface utilisateur, ces donn\u00e9es peuvent \u00e9galement \u00eatre consult\u00e9es \u00e0 partir d\u2019une tablette ou d\u2019un smartphone.<\/p>\n<\/div>\n\n<div class=\"container-md spacer  \">\n<div style=\"height:100px\" aria-hidden=\"true\" class=\"wp-block-spacer\"><\/div>\n<\/div>\n\n<div class=\"container-md heading  \">\n<h2 class=\"wp-block-heading\">Vandemoortele compare les performances plants en ligne<\/h2>\n<\/div>\n\n<div class=\"container-md paragraph  \">\n<p id=\"block-7b6c6ffb-8ed5-4ae4-8e94-d39c493c85ee\">Op\u00e9rant depuis plusieurs pays, il est souvent difficile de comparer les diff\u00e9rentes performances. C&rsquo;est pourquoi Vandemoortele a mis en place un syst\u00e8me MES\/OEE central auquel les Plants sont li\u00e9s. Le syst\u00e8me enregistre les donn\u00e9es relatives \u00e0 la <strong>production<\/strong>, <strong>aux temps d&rsquo;arr\u00eat<\/strong> et \u00e0 la <strong>qualit\u00e9<\/strong>, et montre ainsi o\u00f9 des am\u00e9liorations peuvent encore \u00eatre apport\u00e9es.<\/p>\n<\/div>\n\n  <div class=\"hero\">\n    <div class=\"carousel hero-slider large\" data-flickity data-flickity-options='{\"prevNextButtons\": false}'>\n              <div class=\"carousel-cell\">\n          <div class=\"container\">\n            <div class=\"hero-content\">\n              \n                          <\/div>\n          <\/div>\n\n                  <\/div>\n          <\/div>\n\n      <\/div>\n\n   \n\n\n<div class=\"container-md paragraph  \">\n<p><\/p>\n<\/div>\n\n  <div class=\"slider-column-parent\">\n    <div class=\"container\">\n      <div class=\"slider-column-title\">Nos solutions pour l&rsquo;industrie alimentaire<\/div>\n\n      <div class=\"slider-column\">\n        <div class=\"slider-cell carousel-cell large\"><div class=\"column-box\">\n  \n      <div class=\"title\">\n      MES    <\/div>\n  \n      <div class=\"text\">\n      <p>Atteindre l&rsquo;Excellence Operational avec un syst\u00e8me MES num\u00e9rique<\/p>\n<p><a href=\"https:\/\/www.novotek.com\/be\/fr\/solutions-et-produits\/mes\/\"><img loading=\"lazy\" decoding=\"async\" class=\"alignnone size-medium wp-image-961\" src=\"https:\/\/www.novotek.com\/be\/wp-content\/uploads\/sites\/9\/NovotekBenelux\/SOLUTIONMES\/MES-Systeem-Novotek_1920x800px-300x125.jpg\" alt=\"MES syst\u00e8me\" width=\"300\" height=\"125\" srcset=\"https:\/\/www.novotek.com\/be\/wp-content\/uploads\/sites\/9\/NovotekBenelux\/SOLUTIONMES\/MES-Systeem-Novotek_1920x800px-300x125.jpg 300w, https:\/\/www.novotek.com\/be\/wp-content\/uploads\/sites\/9\/NovotekBenelux\/SOLUTIONMES\/MES-Systeem-Novotek_1920x800px-1024x427.jpg 1024w, https:\/\/www.novotek.com\/be\/wp-content\/uploads\/sites\/9\/NovotekBenelux\/SOLUTIONMES\/MES-Systeem-Novotek_1920x800px-768x320.jpg 768w, https:\/\/www.novotek.com\/be\/wp-content\/uploads\/sites\/9\/NovotekBenelux\/SOLUTIONMES\/MES-Systeem-Novotek_1920x800px-1536x640.jpg 1536w, https:\/\/www.novotek.com\/be\/wp-content\/uploads\/sites\/9\/NovotekBenelux\/SOLUTIONMES\/MES-Systeem-Novotek_1920x800px.jpg 1920w\" sizes=\"auto, (max-width: 300px) 100vw, 300px\" \/><\/a><\/p>\n    <\/div>\n  \n      <a class=\"link\"  href=\"https:\/\/www.novotek.com\/be\/fr\/solutions-et-produits\/mes\/\" target=\"\">\n      Lire plus &#8211; MES    <\/a>\n  \n  <\/div>\n\n<\/div><div class=\"slider-cell carousel-cell large\"><div class=\"column-box\">\n  \n      <div class=\"title\">\n      HMI\/SCADA    <\/div>\n  \n      <div class=\"text\">\n      <p>Visualisation en temps r\u00e9el, alarmes et contr\u00f4le du processus.<\/p>\n<p><a href=\"https:\/\/www.novotek.com\/be\/fr\/solutions-et-produits\/hmi-scada\/\"><img decoding=\"async\" src=\"https:\/\/www.novotek.com\/wp-content\/uploads\/sites\/9\/NovotekBenelux\/SOLUTIONHMISCADA\/SCADA_systemen_Novotek_1920x800px-300x125.jpg\" alt=\"HMI SCADA\" \/><\/a><\/p>\n    <\/div>\n  \n      <a class=\"link\"  href=\"https:\/\/www.novotek.com\/be\/fr\/solutions-et-produits\/hmi-scada\/\" target=\"\">\n      En savoir plus    <\/a>\n  \n  <\/div>\n\n<\/div><div class=\"slider-cell carousel-cell large\"><div class=\"column-box\">\n  \n      <div class=\"title\">\n      OPC    <\/div>\n  \n      <div class=\"text\">\n      <p>Optimiser la communication entre les appareils et les syst\u00e8mes<\/p>\n<p><a href=\"https:\/\/www.novotek.com\/be\/fr\/solutions-et-produits\/opc\/\"><img loading=\"lazy\" decoding=\"async\" class=\"alignnone size-full wp-image-2518\" src=\"https:\/\/www.novotek.com\/wp-content\/uploads\/sites\/9\/NovotekBenelux\/SOLUTIONIDUSTRIELECOMMUNICATIE\/Novotek_OPC_wires_duotone_1920x800-300x125-1.jpg\" alt=\"OPC - optimaliseer de communicatie tussen apparaten en systemen\" width=\"300\" height=\"125\" \/><\/a><\/p>\n    <\/div>\n  \n      <a class=\"link\"  href=\"https:\/\/www.novotek.com\/be\/fr\/solutions-et-produits\/opc\/\" target=\"\">\n      En savoir plus    <\/a>\n  \n  <\/div>\n\n<\/div><div class=\"slider-cell carousel-cell large\"><div class=\"column-box\">\n  \n      <div class=\"title\">\n      Data Historian    <\/div>\n  \n      <div class=\"text\">\n      <p>Stockage de grandes quantit\u00e9s de donn\u00e9es de processus et d&rsquo;alarmes.<\/p>\n<p><a href=\"https:\/\/www.novotek.com\/be\/fr\/solutions-et-produits\/data-historian\/\"><img loading=\"lazy\" decoding=\"async\" class=\"alignnone wp-image-951 size-medium\" src=\"https:\/\/www.novotek.com\/wp-content\/uploads\/sites\/9\/NovotekBenelux\/SOLUTIONDATAHISTORIAN\/Data-Historian_1920x800px-300x125.png\" alt=\"Data Historian oplossing\" width=\"300\" height=\"125\" srcset=\"https:\/\/www.novotek.com\/be\/wp-content\/uploads\/sites\/9\/NovotekBenelux\/SOLUTIONDATAHISTORIAN\/Data-Historian_1920x800px-300x125.png 300w, https:\/\/www.novotek.com\/be\/wp-content\/uploads\/sites\/9\/NovotekBenelux\/SOLUTIONDATAHISTORIAN\/Data-Historian_1920x800px-1024x427.png 1024w, https:\/\/www.novotek.com\/be\/wp-content\/uploads\/sites\/9\/NovotekBenelux\/SOLUTIONDATAHISTORIAN\/Data-Historian_1920x800px-768x320.png 768w, https:\/\/www.novotek.com\/be\/wp-content\/uploads\/sites\/9\/NovotekBenelux\/SOLUTIONDATAHISTORIAN\/Data-Historian_1920x800px-1536x640.png 1536w, https:\/\/www.novotek.com\/be\/wp-content\/uploads\/sites\/9\/NovotekBenelux\/SOLUTIONDATAHISTORIAN\/Data-Historian_1920x800px.png 1920w\" sizes=\"auto, (max-width: 300px) 100vw, 300px\" \/><\/a><\/p>\n    <\/div>\n  \n      <a class=\"link\"  href=\"https:\/\/www.novotek.com\/be\/fr\/solutions-et-produits\/data-historian\/\" target=\"\">\n      En savoir plus    <\/a>\n  \n  <\/div>\n\n<\/div>      <\/div>\n    <\/div>\n  <\/div>\n\n\n<div class=\"container-md paragraph  \">\n<p><\/p>\n<\/div>","protected":false},"excerpt":{"rendered":"<p>Garantir la qualit&eacute; et la tra&ccedil;abilit&eacute; est essentiel dans la production de denr&eacute;es alimentaires.<\/p>\n","protected":false},"author":13,"featured_media":2399,"parent":6351,"menu_order":0,"comment_status":"closed","ping_status":"closed","template":"","meta":{"_acf_changed":false,"_relevanssi_hide_post":"","_relevanssi_pin_for_all":"","_relevanssi_pin_keywords":"","_relevanssi_unpin_keywords":"","_relevanssi_related_keywords":"","_relevanssi_related_include_ids":"","_relevanssi_related_exclude_ids":"","_relevanssi_related_no_append":"","_relevanssi_related_not_related":"","_relevanssi_related_posts":"6125","_relevanssi_noindex_reason":"","footnotes":""},"class_list":["post-6186","page","type-page","status-publish","has-post-thumbnail","hentry"],"acf":[],"yoast_head":"<!-- This site is optimized with the Yoast SEO plugin v27.4 - https:\/\/yoast.com\/product\/yoast-seo-wordpress\/ -->\n<title>Produits alimentaires - Novotek Belgium<\/title>\n<meta name=\"description\" content=\"La digitalisation dans le secteur de l&#039;industrie alimentaire garantit la qualit\u00e9 et la tra\u00e7abilit\u00e9. Essentiel dans la production alimentaire.\" \/>\n<meta name=\"robots\" content=\"index, follow, max-snippet:-1, max-image-preview:large, max-video-preview:-1\" \/>\n<link rel=\"canonical\" href=\"https:\/\/www.novotek.com\/be\/fr\/secteurs\/produits-alimentaires\/\" \/>\n<meta property=\"og:locale\" content=\"fr_FR\" \/>\n<meta property=\"og:type\" content=\"article\" \/>\n<meta property=\"og:title\" content=\"Produits alimentaires - Novotek Belgium\" \/>\n<meta property=\"og:description\" content=\"La digitalisation dans le secteur de l&#039;industrie alimentaire garantit la qualit\u00e9 et la tra\u00e7abilit\u00e9. Essentiel dans la production alimentaire.\" \/>\n<meta property=\"og:url\" content=\"https:\/\/www.novotek.com\/be\/fr\/secteurs\/produits-alimentaires\/\" \/>\n<meta property=\"og:site_name\" content=\"Novotek Belgium\" \/>\n<meta property=\"article:modified_time\" content=\"2025-12-22T13:44:01+00:00\" \/>\n<meta property=\"og:image\" content=\"https:\/\/www.novotek.com\/be\/wp-content\/uploads\/sites\/9\/NovotekSectoren\/Voedingsmiddelen\/Voedingsmiddelen-sector.jpg\" \/>\n\t<meta property=\"og:image:width\" content=\"1920\" \/>\n\t<meta property=\"og:image:height\" content=\"800\" \/>\n\t<meta property=\"og:image:type\" content=\"image\/jpeg\" \/>\n<meta name=\"twitter:card\" content=\"summary_large_image\" \/>\n<meta name=\"twitter:label1\" content=\"Dur\u00e9e de lecture est.\" \/>\n\t<meta name=\"twitter:data1\" content=\"2 minutes\" \/>\n<script type=\"application\/ld+json\" class=\"yoast-schema-graph\">{\"@context\":\"https:\\\/\\\/schema.org\",\"@graph\":[{\"@type\":\"WebPage\",\"@id\":\"https:\\\/\\\/www.novotek.com\\\/be\\\/fr\\\/secteurs\\\/produits-alimentaires\\\/\",\"url\":\"https:\\\/\\\/www.novotek.com\\\/be\\\/fr\\\/secteurs\\\/produits-alimentaires\\\/\",\"name\":\"Produits alimentaires - Novotek Belgium\",\"isPartOf\":{\"@id\":\"https:\\\/\\\/www.novotek.com\\\/be\\\/#website\"},\"primaryImageOfPage\":{\"@id\":\"https:\\\/\\\/www.novotek.com\\\/be\\\/fr\\\/secteurs\\\/produits-alimentaires\\\/#primaryimage\"},\"image\":{\"@id\":\"https:\\\/\\\/www.novotek.com\\\/be\\\/fr\\\/secteurs\\\/produits-alimentaires\\\/#primaryimage\"},\"thumbnailUrl\":\"https:\\\/\\\/www.novotek.com\\\/be\\\/wp-content\\\/uploads\\\/sites\\\/9\\\/NovotekSectoren\\\/Voedingsmiddelen\\\/Voedingsmiddelen-sector.jpg\",\"datePublished\":\"2022-02-17T12:59:29+00:00\",\"dateModified\":\"2025-12-22T13:44:01+00:00\",\"description\":\"La digitalisation dans le secteur de l'industrie alimentaire garantit la qualit\u00e9 et la tra\u00e7abilit\u00e9. Essentiel dans la production alimentaire.\",\"breadcrumb\":{\"@id\":\"https:\\\/\\\/www.novotek.com\\\/be\\\/fr\\\/secteurs\\\/produits-alimentaires\\\/#breadcrumb\"},\"inLanguage\":\"fr-BE\",\"potentialAction\":[{\"@type\":\"ReadAction\",\"target\":[\"https:\\\/\\\/www.novotek.com\\\/be\\\/fr\\\/secteurs\\\/produits-alimentaires\\\/\"]}]},{\"@type\":\"ImageObject\",\"inLanguage\":\"fr-BE\",\"@id\":\"https:\\\/\\\/www.novotek.com\\\/be\\\/fr\\\/secteurs\\\/produits-alimentaires\\\/#primaryimage\",\"url\":\"https:\\\/\\\/www.novotek.com\\\/be\\\/wp-content\\\/uploads\\\/sites\\\/9\\\/NovotekSectoren\\\/Voedingsmiddelen\\\/Voedingsmiddelen-sector.jpg\",\"contentUrl\":\"https:\\\/\\\/www.novotek.com\\\/be\\\/wp-content\\\/uploads\\\/sites\\\/9\\\/NovotekSectoren\\\/Voedingsmiddelen\\\/Voedingsmiddelen-sector.jpg\",\"width\":1920,\"height\":800,\"caption\":\"Produits alimentaires\"},{\"@type\":\"BreadcrumbList\",\"@id\":\"https:\\\/\\\/www.novotek.com\\\/be\\\/fr\\\/secteurs\\\/produits-alimentaires\\\/#breadcrumb\",\"itemListElement\":[{\"@type\":\"ListItem\",\"position\":1,\"name\":\"Home\",\"item\":\"https:\\\/\\\/www.novotek.com\\\/be\\\/fr\\\/\"},{\"@type\":\"ListItem\",\"position\":2,\"name\":\"Secteurs\",\"item\":\"https:\\\/\\\/www.novotek.com\\\/be\\\/fr\\\/secteurs\\\/\"},{\"@type\":\"ListItem\",\"position\":3,\"name\":\"Produits alimentaires\"}]},{\"@type\":\"WebSite\",\"@id\":\"https:\\\/\\\/www.novotek.com\\\/be\\\/#website\",\"url\":\"https:\\\/\\\/www.novotek.com\\\/be\\\/\",\"name\":\"Novotek Belgium\",\"description\":\"Connecter, Mod\u00e9liser, Archiver, Visualiser, Optimiser\",\"potentialAction\":[{\"@type\":\"SearchAction\",\"target\":{\"@type\":\"EntryPoint\",\"urlTemplate\":\"https:\\\/\\\/www.novotek.com\\\/be\\\/?s={search_term_string}\"},\"query-input\":{\"@type\":\"PropertyValueSpecification\",\"valueRequired\":true,\"valueName\":\"search_term_string\"}}],\"inLanguage\":\"fr-BE\"}]}<\/script>\n<!-- \/ Yoast SEO plugin. -->","yoast_head_json":{"title":"Produits alimentaires - Novotek Belgium","description":"La digitalisation dans le secteur de l'industrie alimentaire garantit la qualit\u00e9 et la tra\u00e7abilit\u00e9. Essentiel dans la production alimentaire.","robots":{"index":"index","follow":"follow","max-snippet":"max-snippet:-1","max-image-preview":"max-image-preview:large","max-video-preview":"max-video-preview:-1"},"canonical":"https:\/\/www.novotek.com\/be\/fr\/secteurs\/produits-alimentaires\/","og_locale":"fr_FR","og_type":"article","og_title":"Produits alimentaires - Novotek Belgium","og_description":"La digitalisation dans le secteur de l'industrie alimentaire garantit la qualit\u00e9 et la tra\u00e7abilit\u00e9. Essentiel dans la production alimentaire.","og_url":"https:\/\/www.novotek.com\/be\/fr\/secteurs\/produits-alimentaires\/","og_site_name":"Novotek Belgium","article_modified_time":"2025-12-22T13:44:01+00:00","og_image":[{"width":1920,"height":800,"url":"https:\/\/www.novotek.com\/be\/wp-content\/uploads\/sites\/9\/NovotekSectoren\/Voedingsmiddelen\/Voedingsmiddelen-sector.jpg","type":"image\/jpeg"}],"twitter_card":"summary_large_image","twitter_misc":{"Dur\u00e9e de lecture est.":"2 minutes"},"schema":{"@context":"https:\/\/schema.org","@graph":[{"@type":"WebPage","@id":"https:\/\/www.novotek.com\/be\/fr\/secteurs\/produits-alimentaires\/","url":"https:\/\/www.novotek.com\/be\/fr\/secteurs\/produits-alimentaires\/","name":"Produits alimentaires - Novotek Belgium","isPartOf":{"@id":"https:\/\/www.novotek.com\/be\/#website"},"primaryImageOfPage":{"@id":"https:\/\/www.novotek.com\/be\/fr\/secteurs\/produits-alimentaires\/#primaryimage"},"image":{"@id":"https:\/\/www.novotek.com\/be\/fr\/secteurs\/produits-alimentaires\/#primaryimage"},"thumbnailUrl":"https:\/\/www.novotek.com\/be\/wp-content\/uploads\/sites\/9\/NovotekSectoren\/Voedingsmiddelen\/Voedingsmiddelen-sector.jpg","datePublished":"2022-02-17T12:59:29+00:00","dateModified":"2025-12-22T13:44:01+00:00","description":"La digitalisation dans le secteur de l'industrie alimentaire garantit la qualit\u00e9 et la tra\u00e7abilit\u00e9. Essentiel dans la production alimentaire.","breadcrumb":{"@id":"https:\/\/www.novotek.com\/be\/fr\/secteurs\/produits-alimentaires\/#breadcrumb"},"inLanguage":"fr-BE","potentialAction":[{"@type":"ReadAction","target":["https:\/\/www.novotek.com\/be\/fr\/secteurs\/produits-alimentaires\/"]}]},{"@type":"ImageObject","inLanguage":"fr-BE","@id":"https:\/\/www.novotek.com\/be\/fr\/secteurs\/produits-alimentaires\/#primaryimage","url":"https:\/\/www.novotek.com\/be\/wp-content\/uploads\/sites\/9\/NovotekSectoren\/Voedingsmiddelen\/Voedingsmiddelen-sector.jpg","contentUrl":"https:\/\/www.novotek.com\/be\/wp-content\/uploads\/sites\/9\/NovotekSectoren\/Voedingsmiddelen\/Voedingsmiddelen-sector.jpg","width":1920,"height":800,"caption":"Produits alimentaires"},{"@type":"BreadcrumbList","@id":"https:\/\/www.novotek.com\/be\/fr\/secteurs\/produits-alimentaires\/#breadcrumb","itemListElement":[{"@type":"ListItem","position":1,"name":"Home","item":"https:\/\/www.novotek.com\/be\/fr\/"},{"@type":"ListItem","position":2,"name":"Secteurs","item":"https:\/\/www.novotek.com\/be\/fr\/secteurs\/"},{"@type":"ListItem","position":3,"name":"Produits alimentaires"}]},{"@type":"WebSite","@id":"https:\/\/www.novotek.com\/be\/#website","url":"https:\/\/www.novotek.com\/be\/","name":"Novotek Belgium","description":"Connecter, Mod\u00e9liser, Archiver, Visualiser, Optimiser","potentialAction":[{"@type":"SearchAction","target":{"@type":"EntryPoint","urlTemplate":"https:\/\/www.novotek.com\/be\/?s={search_term_string}"},"query-input":{"@type":"PropertyValueSpecification","valueRequired":true,"valueName":"search_term_string"}}],"inLanguage":"fr-BE"}]}},"_links":{"self":[{"href":"https:\/\/www.novotek.com\/be\/fr\/wp-json\/wp\/v2\/pages\/6186","targetHints":{"allow":["GET"]}}],"collection":[{"href":"https:\/\/www.novotek.com\/be\/fr\/wp-json\/wp\/v2\/pages"}],"about":[{"href":"https:\/\/www.novotek.com\/be\/fr\/wp-json\/wp\/v2\/types\/page"}],"author":[{"embeddable":true,"href":"https:\/\/www.novotek.com\/be\/fr\/wp-json\/wp\/v2\/users\/13"}],"replies":[{"embeddable":true,"href":"https:\/\/www.novotek.com\/be\/fr\/wp-json\/wp\/v2\/comments?post=6186"}],"version-history":[{"count":28,"href":"https:\/\/www.novotek.com\/be\/fr\/wp-json\/wp\/v2\/pages\/6186\/revisions"}],"predecessor-version":[{"id":18467,"href":"https:\/\/www.novotek.com\/be\/fr\/wp-json\/wp\/v2\/pages\/6186\/revisions\/18467"}],"up":[{"embeddable":true,"href":"https:\/\/www.novotek.com\/be\/fr\/wp-json\/wp\/v2\/pages\/6351"}],"wp:featuredmedia":[{"embeddable":true,"href":"https:\/\/www.novotek.com\/be\/fr\/wp-json\/wp\/v2\/media\/2399"}],"wp:attachment":[{"href":"https:\/\/www.novotek.com\/be\/fr\/wp-json\/wp\/v2\/media?parent=6186"}],"curies":[{"name":"wp","href":"https:\/\/api.w.org\/{rel}","templated":true}]}}