{"id":6212,"date":"2022-02-17T13:59:39","date_gmt":"2022-02-17T12:59:39","guid":{"rendered":"https:\/\/www.novotek.com\/be\/oplossingen-en-producten\/mes\/"},"modified":"2025-12-03T12:39:33","modified_gmt":"2025-12-03T11:39:33","slug":"mes","status":"publish","type":"page","link":"https:\/\/www.novotek.com\/be\/fr\/solutions-et-produits\/mes\/","title":{"rendered":"MES"},"content":{"rendered":"  <div class=\"hero\">\n    <div class=\"carousel hero-slider small\" data-flickity data-flickity-options='{\"prevNextButtons\": false}'>\n              <div class=\"carousel-cell\">\n          <div class=\"container\">\n            <div class=\"hero-content\">\n                              <h1>MES &#8211; Smart Factory<\/h1>\n<p>Visez l&rsquo;excellence op\u00e9rationnelle gr\u00e2ce \u00e0 un syst\u00e8me num\u00e9rique d&rsquo;ex\u00e9cution de la fabrication. <strong>Manufacturing Execution System<\/strong><\/p>\n              \n                              <a class=\"btn btn-primary\" href=\"https:\/\/www.novotek.com\/be\/fr\/contact\/\">\n                  Pour plus d&rsquo;information contactez nous                <\/a>\n                          <\/div>\n          <\/div>\n\n          <img decoding=\"async\" width=\"1024\" height=\"427\" src=\"https:\/\/www.novotek.com\/be\/wp-content\/uploads\/sites\/9\/Novotek_MES_tank_duotone_1920x800-1024x427.jpg.webp\" class=\"hero-bg\" alt=\"Hero Img\" fetchpriority=\"high\" srcset=\"https:\/\/www.novotek.com\/be\/wp-content\/uploads\/sites\/9\/Novotek_MES_tank_duotone_1920x800-1024x427.jpg.webp 1024w, https:\/\/www.novotek.com\/be\/wp-content\/uploads\/sites\/9\/Novotek_MES_tank_duotone_1920x800-300x125.jpg.webp 300w, https:\/\/www.novotek.com\/be\/wp-content\/uploads\/sites\/9\/Novotek_MES_tank_duotone_1920x800-768x320.jpg.webp 768w, https:\/\/www.novotek.com\/be\/wp-content\/uploads\/sites\/9\/Novotek_MES_tank_duotone_1920x800-1536x640.jpg.webp 1536w, https:\/\/www.novotek.com\/be\/wp-content\/uploads\/sites\/9\/Novotek_MES_tank_duotone_1920x800.jpg.webp 1920w\" sizes=\"(max-width: 1024px) 100vw, 1024px\" \/>                  <\/div>\n          <\/div>\n\n      <\/div>\n\n   <div class=\"floating-breadcrumb\"><div class=\"container\"><span><span><a href=\"https:\/\/www.novotek.com\/be\/fr\/\" class=\"breadcrumb-frontpage\">Home<\/a><\/span><\/span><\/div><\/div>\n\n\n<div class=\"container-md heading  \">\n<h2 class=\"wp-block-heading\" id=\"wat-is-een-mes-systeem\">Qu\u2019est-ce qu\u2019un syst\u00e8me MES&nbsp;?<\/h2>\n<\/div>\n\n<div class=\"container-md paragraph  \">\n<p>Un syst\u00e8me MES prend en charge toutes les op\u00e9rations du processus de production, depuis les mati\u00e8res premi\u00e8res jusqu\u2019au produit fini. Le syst\u00e8me fournit des informations aux op\u00e9rateurs et aux machines lorsque cela s\u2019av\u00e8re n\u00e9cessaire et enregistre ensuite minutieusement tout ce qui se passe lors du processus de production. Si vous souhaitez optimiser en permanence vos processus, cet outil est indispensable.<\/p>\n<\/div>\n\n<div class=\"container-md heading  \">\n<h3 class=\"wp-block-heading\" id=\"oee-meten-met-een-mes-systeem\">Mesurer l\u2019OEE avec un syst\u00e8me MES<\/h3>\n<\/div>\n\n<div class=\"container-md paragraph  \">\n<p>Le syst\u00e8me MES observe les prestations des machines et les r\u00e9sume dans un taux de rendement global ou OEE (Overall Equipment Effectiveness). \u00c1 cet \u00e9gard, les arr\u00eats sont automatiquement enregistr\u00e9s, ainsi que les pertes de vitesse et de qualit\u00e9. L\u2019objectif est une cadence de production optimale.<\/p>\n<\/div>\n\n<div class=\"container-md spacer  \">\n<div style=\"height:5px\" aria-hidden=\"true\" class=\"wp-block-spacer\"><\/div>\n<\/div>\n\n<div class=\"container-md image  \">\n<figure class=\"wp-block-image size-large\"><img loading=\"lazy\" decoding=\"async\" width=\"904\" height=\"683\" src=\"https:\/\/www.novotek.com\/wp-content\/uploads\/sites\/9\/NovotekBenelux\/SOLUTIONMES\/Met-MES-Systeem-uw-productieproces-optimaliseren.png\" alt=\"ERP et MES\" class=\"wp-image-327\" srcset=\"https:\/\/www.novotek.com\/be\/wp-content\/uploads\/sites\/9\/NovotekBenelux\/SOLUTIONMES\/Met-MES-Systeem-uw-productieproces-optimaliseren.png 904w, https:\/\/www.novotek.com\/be\/wp-content\/uploads\/sites\/9\/NovotekBenelux\/SOLUTIONMES\/Met-MES-Systeem-uw-productieproces-optimaliseren-300x227.png 300w, https:\/\/www.novotek.com\/be\/wp-content\/uploads\/sites\/9\/NovotekBenelux\/SOLUTIONMES\/Met-MES-Systeem-uw-productieproces-optimaliseren-768x580.png 768w\" sizes=\"auto, (max-width: 904px) 100vw, 904px\" \/><figcaption class=\"wp-element-caption\">Optimiser le processus de production avec un syst\u00e8me MES<\/figcaption><\/figure>\n<\/div>\n\n<div class=\"container-md spacer  \">\n<div style=\"height:5px\" aria-hidden=\"true\" class=\"wp-block-spacer\"><\/div>\n<\/div>\n\n<div class=\"container media-text  alignwide\">\n<div class=\"wp-block-media-text alignwide is-stacked-on-mobile\"><figure class=\"wp-block-media-text__media\"><img loading=\"lazy\" decoding=\"async\" width=\"1024\" height=\"614\" src=\"https:\/\/www.novotek.com\/wp-content\/uploads\/sites\/9\/Aanvragen\/Demo-aanvraag-Novotek-Benelux.png\" alt=\"Demandez la d\u00e9mo\" class=\"wp-image-1791 size-full\" srcset=\"https:\/\/www.novotek.com\/be\/wp-content\/uploads\/sites\/9\/Aanvragen\/Demo-aanvraag-Novotek-Benelux.png 1024w, https:\/\/www.novotek.com\/be\/wp-content\/uploads\/sites\/9\/Aanvragen\/Demo-aanvraag-Novotek-Benelux-300x180.png 300w, https:\/\/www.novotek.com\/be\/wp-content\/uploads\/sites\/9\/Aanvragen\/Demo-aanvraag-Novotek-Benelux-768x461.png 768w\" sizes=\"auto, (max-width: 1024px) 100vw, 1024px\" \/><\/figure><div class=\"wp-block-media-text__content\"><div class=\"container-md paragraph  \">\n<p><em>D\u00e9mo<\/em><\/p>\n<\/div>\n\n<div class=\"container-md heading  \">\n<h3 class=\"wp-block-heading\" id=\"mes-demo\">Lancer la d\u00e9mo MES<\/h3>\n<\/div>\n\n<div class=\"container-md paragraph  \">\n<p>En tant que directeur d\u2019usine ou op\u00e9rateur, d\u00e9couvrez le fonctionnement d\u2019un syst\u00e8me MES (Manufacturing Execution System). Compl\u00e9tez le formulaire sur le <strong>site Web de GE Vernova<\/strong> et acc\u00e9dez \u00e0 la d\u00e9mo MES.<\/p>\n<\/div>\n\n<div class=\"cta-block\">\n  <div class=\"container\">\n          <h2>Lancer la d\u00e9mo MES<\/h2>\n    \n          <div><p><!-- wp:heading {\"level\":3} --><!-- \/wp:heading --><!-- wp:paragraph -->En tant que directeur d\u2019usine ou op\u00e9rateur, d\u00e9couvrez le fonctionnement d\u2019un syst\u00e8me MES (Manufacturing Execution System). Contactez-nous pour recevoir un demonstration.<\/p>\n<p><!-- \/wp:paragraph --><\/p>\n<\/div>\n    \n          <a class=\"btn btn-primary\" href=\"https:\/\/www.novotek.com\/be\/fr\/contact\/\">Contact avec Novotek<\/a>\n      <\/div>\n<\/div>\n\n\n<div class=\"container-md paragraph  \">\n<p><\/p>\n<\/div>\n\n<div class=\"container-md buttons  \">\n<div class=\"wp-block-buttons is-layout-flex wp-block-buttons-is-layout-flex\"><div class=\"container-md button  \">\n<div class=\"wp-block-button\"><a class=\"wp-block-button__link has-vivid-red-background-color has-background wp-element-button\" href=\"https:\/\/www.gevernova.com\/software\/tour-product-demos\/proficy-mes\" target=\"_blank\" rel=\"noreferrer noopener\">Demander ma d\u00e9mo MES<\/a><\/div>\n<\/div><\/div>\n<\/div><\/div><\/div>\n<\/div>\n\n  <div class=\"hero\">\n    <div class=\"carousel hero-slider large\" data-flickity data-flickity-options='{\"prevNextButtons\": false}'>\n              <div class=\"carousel-cell\">\n          <div class=\"container\">\n            <div class=\"hero-content\">\n                              <h2>Des conseils personnalis\u00e9s<\/h2>\n<p>Novotek peut vous aider \u00e0 mettre en place un<strong> syst\u00e8me MES<\/strong>. Par le biais d&rsquo;un <strong>Solution Scan<\/strong>, nous identifions les besoins de votre situation et y projetons un plan d&rsquo;action afin que vous sachiez rapidement o\u00f9 vous en \u00eates.<\/p>\n              \n                              <a class=\"btn btn-primary\" href=\"https:\/\/www.novotek.com\/be\/fr\/contact\/\">\n                  Contactez nous                <\/a>\n                          <\/div>\n          <\/div>\n\n          <img decoding=\"async\" width=\"1024\" height=\"427\" src=\"https:\/\/www.novotek.com\/be\/wp-content\/uploads\/sites\/9\/Novotek_support_training\/novotek-staff-at-meeting-header-duplex-cyan-1024x427.jpg.webp\" class=\"hero-bg\" alt=\"Hero Img\" fetchpriority=\"high\" srcset=\"https:\/\/www.novotek.com\/be\/wp-content\/uploads\/sites\/9\/Novotek_support_training\/novotek-staff-at-meeting-header-duplex-cyan-1024x427.jpg.webp 1024w, https:\/\/www.novotek.com\/be\/wp-content\/uploads\/sites\/9\/Novotek_support_training\/novotek-staff-at-meeting-header-duplex-cyan-300x125.jpg.webp 300w, https:\/\/www.novotek.com\/be\/wp-content\/uploads\/sites\/9\/Novotek_support_training\/novotek-staff-at-meeting-header-duplex-cyan-768x320.jpg.webp 768w, https:\/\/www.novotek.com\/be\/wp-content\/uploads\/sites\/9\/Novotek_support_training\/novotek-staff-at-meeting-header-duplex-cyan-1536x640.jpg.webp 1536w, https:\/\/www.novotek.com\/be\/wp-content\/uploads\/sites\/9\/Novotek_support_training\/novotek-staff-at-meeting-header-duplex-cyan.jpg.webp 1920w\" sizes=\"(max-width: 1024px) 100vw, 1024px\" \/>                  <\/div>\n          <\/div>\n\n      <\/div>\n\n   \n\n\n  <div class=\"slider-column-parent\">\n    <div class=\"container\">\n      <div class=\"slider-column-title\">Les syst\u00e8mes MES sont modulaires et se composent de:<\/div>\n\n      <div class=\"slider-column\">\n        <div class=\"slider-cell carousel-cell large\"><div class=\"column-box\">\n  \n      <div class=\"title\">\n      Proficy Plant Applications    <\/div>\n  \n      <div class=\"text\">\n      <p><strong>Gestion de l&rsquo;efficacit\u00e9<\/strong>, <strong>gestion de la production<\/strong> et <strong>gestion de la qualit\u00e9<\/strong> dans un seul syst\u00e8me.<\/p>\n    <\/div>\n  \n      <a class=\"link\"  href=\"https:\/\/www.novotek.com\/be\/fr\/solutions-et-produits\/proficy-plant-applications\/\" target=\"\">\n      Proficy Plant Applications    <\/a>\n  \n  <\/div>\n\n<\/div><div class=\"slider-cell carousel-cell large\"><div class=\"column-box\">\n  \n      <div class=\"title\">\n      Proficy Historian    <\/div>\n  \n      <div class=\"text\">\n      <p>La solution pour la <strong>collecte<\/strong>, le <strong>stockage<\/strong> et <strong>l&rsquo;analyse<\/strong> des <strong>donn\u00e9es de processus<\/strong>.<\/p>\n    <\/div>\n  \n      <a class=\"link\"  href=\"https:\/\/www.novotek.com\/be\/fr\/solutions-et-produits\/proficy-historian\/\" target=\"\">\n      Proficy Historian    <\/a>\n  \n  <\/div>\n\n<\/div><div class=\"slider-cell carousel-cell large\"><div class=\"column-box\">\n  \n      <div class=\"title\">\n      ROB-EX Scheduler    <\/div>\n  \n      <div class=\"text\">\n      <p>Optimisez votre <strong>planification de la production<\/strong> et <strong>pr\u00e9venez les probl\u00e8mes de capacit\u00e9<\/strong> avant qu&rsquo;ils ne surviennent.<\/p>\n    <\/div>\n  \n      <a class=\"link\"  href=\"https:\/\/www.novotek.com\/be\/fr\/solutions-et-produits\/rob-ex-scheduler\/\" target=\"\">\n      ROB-EX Scheduler    <\/a>\n  \n  <\/div>\n\n<\/div><div class=\"slider-cell carousel-cell large\"><div class=\"column-box\">\n  \n      <div class=\"title\">\n      Proficy Manufacturing Data Cloud    <\/div>\n  \n      <div class=\"text\">\n      <p>Consolidez les <strong>donn\u00e9es de production<\/strong> <strong>de plusieurs usines<\/strong> dans le <strong>cloud<\/strong> pour les comparer et les analyser<\/p>\n    <\/div>\n  \n      <a class=\"link\"  href=\"https:\/\/www.novotek.com\/be\/fr\/solutions-et-produits\/proficy-manufacturing-data-cloud\/\" target=\"\">\n      Proficy Manufacturing Data Cloud    <\/a>\n  \n  <\/div>\n\n<\/div><div class=\"slider-cell carousel-cell large\"><div class=\"column-box\">\n  \n      <div class=\"title\">\n      Proficy Workflow    <\/div>\n  \n      <div class=\"text\">\n      <p><strong>Num\u00e9risez les t\u00e2ches<\/strong> et am\u00e9liorez la coh\u00e9rence et la pr\u00e9visibilit\u00e9 de la production.<\/p>\n    <\/div>\n  \n      <a class=\"link\"  href=\"https:\/\/www.novotek.com\/be\/fr\/solutions-et-produits\/proficy-workflow\/\" target=\"\">\n      Proficy Workflow    <\/a>\n  \n  <\/div>\n\n<\/div>      <\/div>\n    <\/div>\n  <\/div>\n\n\n<div class=\"container-md paragraph  \">\n<p><\/p>\n<\/div>","protected":false},"excerpt":{"rendered":"<p>Qu\u2019est-ce qu\u2019un syst\u00e8me MES&nbsp;? Un syst\u00e8me MES prend en charge toutes les op\u00e9rations du processus de production, depuis les mati\u00e8res premi\u00e8res jusqu\u2019au produit fini. Le syst\u00e8me fournit des informations aux op\u00e9rateurs et aux machines lorsque cela s\u2019av\u00e8re n\u00e9cessaire et enregistre ensuite minutieusement tout ce qui se passe lors du processus de production. Si vous souhaitez [&hellip;]<\/p>\n","protected":false},"author":11,"featured_media":0,"parent":5512,"menu_order":0,"comment_status":"closed","ping_status":"closed","template":"","meta":{"_acf_changed":false,"_relevanssi_hide_post":"","_relevanssi_pin_for_all":"","_relevanssi_pin_keywords":"","_relevanssi_unpin_keywords":"","_relevanssi_related_keywords":"","_relevanssi_related_include_ids":"","_relevanssi_related_exclude_ids":"","_relevanssi_related_no_append":"","_relevanssi_related_not_related":"","_relevanssi_related_posts":"6125,6327,6337,6323","_relevanssi_noindex_reason":"","footnotes":""},"class_list":["post-6212","page","type-page","status-publish","hentry"],"acf":[],"yoast_head":"<!-- This site is optimized with the Yoast SEO plugin v27.4 - https:\/\/yoast.com\/product\/yoast-seo-wordpress\/ -->\n<title>MES - Novotek Belgium<\/title>\n<meta name=\"description\" content=\"Visez l&#039;excellence op\u00e9rationnelle gr\u00e2ce \u00e0 un syst\u00e8me num\u00e9rique d&#039;ex\u00e9cution de la production Manufacturing Execution System - MES.\" \/>\n<meta name=\"robots\" content=\"index, follow, max-snippet:-1, max-image-preview:large, max-video-preview:-1\" \/>\n<link rel=\"canonical\" href=\"https:\/\/www.novotek.com\/be\/fr\/solutions-et-produits\/mes\/\" \/>\n<meta property=\"og:locale\" content=\"fr_FR\" \/>\n<meta property=\"og:type\" content=\"article\" \/>\n<meta property=\"og:title\" content=\"MES - Novotek Belgium\" \/>\n<meta property=\"og:description\" content=\"Visez l&#039;excellence op\u00e9rationnelle gr\u00e2ce \u00e0 un syst\u00e8me num\u00e9rique d&#039;ex\u00e9cution de la production Manufacturing Execution System - MES.\" \/>\n<meta property=\"og:url\" content=\"https:\/\/www.novotek.com\/be\/fr\/solutions-et-produits\/mes\/\" \/>\n<meta property=\"og:site_name\" content=\"Novotek Belgium\" \/>\n<meta property=\"article:modified_time\" content=\"2025-12-03T11:39:33+00:00\" \/>\n<meta property=\"og:image\" content=\"https:\/\/www.novotek.com\/wp-content\/uploads\/sites\/9\/NovotekBenelux\/SOLUTIONMES\/Met-MES-Systeem-uw-productieproces-optimaliseren.png\" \/>\n<meta name=\"twitter:card\" content=\"summary_large_image\" \/>\n<meta name=\"twitter:label1\" content=\"Dur\u00e9e de lecture est.\" \/>\n\t<meta name=\"twitter:data1\" content=\"2 minutes\" \/>\n<script type=\"application\/ld+json\" class=\"yoast-schema-graph\">{\"@context\":\"https:\\\/\\\/schema.org\",\"@graph\":[{\"@type\":\"WebPage\",\"@id\":\"https:\\\/\\\/www.novotek.com\\\/be\\\/fr\\\/solutions-et-produits\\\/mes\\\/\",\"url\":\"https:\\\/\\\/www.novotek.com\\\/be\\\/fr\\\/solutions-et-produits\\\/mes\\\/\",\"name\":\"MES - Novotek Belgium\",\"isPartOf\":{\"@id\":\"https:\\\/\\\/www.novotek.com\\\/be\\\/#website\"},\"primaryImageOfPage\":{\"@id\":\"https:\\\/\\\/www.novotek.com\\\/be\\\/fr\\\/solutions-et-produits\\\/mes\\\/#primaryimage\"},\"image\":{\"@id\":\"https:\\\/\\\/www.novotek.com\\\/be\\\/fr\\\/solutions-et-produits\\\/mes\\\/#primaryimage\"},\"thumbnailUrl\":\"https:\\\/\\\/www.novotek.com\\\/wp-content\\\/uploads\\\/sites\\\/9\\\/NovotekBenelux\\\/SOLUTIONMES\\\/Met-MES-Systeem-uw-productieproces-optimaliseren.png\",\"datePublished\":\"2022-02-17T12:59:39+00:00\",\"dateModified\":\"2025-12-03T11:39:33+00:00\",\"description\":\"Visez l'excellence op\u00e9rationnelle gr\u00e2ce \u00e0 un syst\u00e8me num\u00e9rique d'ex\u00e9cution de la production Manufacturing Execution System - MES.\",\"breadcrumb\":{\"@id\":\"https:\\\/\\\/www.novotek.com\\\/be\\\/fr\\\/solutions-et-produits\\\/mes\\\/#breadcrumb\"},\"inLanguage\":\"fr-BE\",\"potentialAction\":[{\"@type\":\"ReadAction\",\"target\":[\"https:\\\/\\\/www.novotek.com\\\/be\\\/fr\\\/solutions-et-produits\\\/mes\\\/\"]}]},{\"@type\":\"ImageObject\",\"inLanguage\":\"fr-BE\",\"@id\":\"https:\\\/\\\/www.novotek.com\\\/be\\\/fr\\\/solutions-et-produits\\\/mes\\\/#primaryimage\",\"url\":\"https:\\\/\\\/www.novotek.com\\\/wp-content\\\/uploads\\\/sites\\\/9\\\/NovotekBenelux\\\/SOLUTIONMES\\\/Met-MES-Systeem-uw-productieproces-optimaliseren.png\",\"contentUrl\":\"https:\\\/\\\/www.novotek.com\\\/wp-content\\\/uploads\\\/sites\\\/9\\\/NovotekBenelux\\\/SOLUTIONMES\\\/Met-MES-Systeem-uw-productieproces-optimaliseren.png\"},{\"@type\":\"BreadcrumbList\",\"@id\":\"https:\\\/\\\/www.novotek.com\\\/be\\\/fr\\\/solutions-et-produits\\\/mes\\\/#breadcrumb\",\"itemListElement\":[{\"@type\":\"ListItem\",\"position\":1,\"name\":\"Home\",\"item\":\"https:\\\/\\\/www.novotek.com\\\/be\\\/fr\\\/\"},{\"@type\":\"ListItem\",\"position\":2,\"name\":\"Solutions et produits\",\"item\":\"https:\\\/\\\/www.novotek.com\\\/be\\\/fr\\\/solutions-et-produits\\\/\"},{\"@type\":\"ListItem\",\"position\":3,\"name\":\"MES\"}]},{\"@type\":\"WebSite\",\"@id\":\"https:\\\/\\\/www.novotek.com\\\/be\\\/#website\",\"url\":\"https:\\\/\\\/www.novotek.com\\\/be\\\/\",\"name\":\"Novotek Belgium\",\"description\":\"Connecter, Mod\u00e9liser, Archiver, Visualiser, Optimiser\",\"potentialAction\":[{\"@type\":\"SearchAction\",\"target\":{\"@type\":\"EntryPoint\",\"urlTemplate\":\"https:\\\/\\\/www.novotek.com\\\/be\\\/?s={search_term_string}\"},\"query-input\":{\"@type\":\"PropertyValueSpecification\",\"valueRequired\":true,\"valueName\":\"search_term_string\"}}],\"inLanguage\":\"fr-BE\"}]}<\/script>\n<!-- \/ Yoast SEO plugin. -->","yoast_head_json":{"title":"MES - Novotek Belgium","description":"Visez l'excellence op\u00e9rationnelle gr\u00e2ce \u00e0 un syst\u00e8me num\u00e9rique d'ex\u00e9cution de la production Manufacturing Execution System - MES.","robots":{"index":"index","follow":"follow","max-snippet":"max-snippet:-1","max-image-preview":"max-image-preview:large","max-video-preview":"max-video-preview:-1"},"canonical":"https:\/\/www.novotek.com\/be\/fr\/solutions-et-produits\/mes\/","og_locale":"fr_FR","og_type":"article","og_title":"MES - Novotek Belgium","og_description":"Visez l'excellence op\u00e9rationnelle gr\u00e2ce \u00e0 un syst\u00e8me num\u00e9rique d'ex\u00e9cution de la production Manufacturing Execution System - MES.","og_url":"https:\/\/www.novotek.com\/be\/fr\/solutions-et-produits\/mes\/","og_site_name":"Novotek Belgium","article_modified_time":"2025-12-03T11:39:33+00:00","og_image":[{"url":"https:\/\/www.novotek.com\/wp-content\/uploads\/sites\/9\/NovotekBenelux\/SOLUTIONMES\/Met-MES-Systeem-uw-productieproces-optimaliseren.png","type":"","width":"","height":""}],"twitter_card":"summary_large_image","twitter_misc":{"Dur\u00e9e de lecture est.":"2 minutes"},"schema":{"@context":"https:\/\/schema.org","@graph":[{"@type":"WebPage","@id":"https:\/\/www.novotek.com\/be\/fr\/solutions-et-produits\/mes\/","url":"https:\/\/www.novotek.com\/be\/fr\/solutions-et-produits\/mes\/","name":"MES - Novotek Belgium","isPartOf":{"@id":"https:\/\/www.novotek.com\/be\/#website"},"primaryImageOfPage":{"@id":"https:\/\/www.novotek.com\/be\/fr\/solutions-et-produits\/mes\/#primaryimage"},"image":{"@id":"https:\/\/www.novotek.com\/be\/fr\/solutions-et-produits\/mes\/#primaryimage"},"thumbnailUrl":"https:\/\/www.novotek.com\/wp-content\/uploads\/sites\/9\/NovotekBenelux\/SOLUTIONMES\/Met-MES-Systeem-uw-productieproces-optimaliseren.png","datePublished":"2022-02-17T12:59:39+00:00","dateModified":"2025-12-03T11:39:33+00:00","description":"Visez l'excellence op\u00e9rationnelle gr\u00e2ce \u00e0 un syst\u00e8me num\u00e9rique d'ex\u00e9cution de la production Manufacturing Execution System - MES.","breadcrumb":{"@id":"https:\/\/www.novotek.com\/be\/fr\/solutions-et-produits\/mes\/#breadcrumb"},"inLanguage":"fr-BE","potentialAction":[{"@type":"ReadAction","target":["https:\/\/www.novotek.com\/be\/fr\/solutions-et-produits\/mes\/"]}]},{"@type":"ImageObject","inLanguage":"fr-BE","@id":"https:\/\/www.novotek.com\/be\/fr\/solutions-et-produits\/mes\/#primaryimage","url":"https:\/\/www.novotek.com\/wp-content\/uploads\/sites\/9\/NovotekBenelux\/SOLUTIONMES\/Met-MES-Systeem-uw-productieproces-optimaliseren.png","contentUrl":"https:\/\/www.novotek.com\/wp-content\/uploads\/sites\/9\/NovotekBenelux\/SOLUTIONMES\/Met-MES-Systeem-uw-productieproces-optimaliseren.png"},{"@type":"BreadcrumbList","@id":"https:\/\/www.novotek.com\/be\/fr\/solutions-et-produits\/mes\/#breadcrumb","itemListElement":[{"@type":"ListItem","position":1,"name":"Home","item":"https:\/\/www.novotek.com\/be\/fr\/"},{"@type":"ListItem","position":2,"name":"Solutions et produits","item":"https:\/\/www.novotek.com\/be\/fr\/solutions-et-produits\/"},{"@type":"ListItem","position":3,"name":"MES"}]},{"@type":"WebSite","@id":"https:\/\/www.novotek.com\/be\/#website","url":"https:\/\/www.novotek.com\/be\/","name":"Novotek Belgium","description":"Connecter, Mod\u00e9liser, Archiver, Visualiser, Optimiser","potentialAction":[{"@type":"SearchAction","target":{"@type":"EntryPoint","urlTemplate":"https:\/\/www.novotek.com\/be\/?s={search_term_string}"},"query-input":{"@type":"PropertyValueSpecification","valueRequired":true,"valueName":"search_term_string"}}],"inLanguage":"fr-BE"}]}},"_links":{"self":[{"href":"https:\/\/www.novotek.com\/be\/fr\/wp-json\/wp\/v2\/pages\/6212","targetHints":{"allow":["GET"]}}],"collection":[{"href":"https:\/\/www.novotek.com\/be\/fr\/wp-json\/wp\/v2\/pages"}],"about":[{"href":"https:\/\/www.novotek.com\/be\/fr\/wp-json\/wp\/v2\/types\/page"}],"author":[{"embeddable":true,"href":"https:\/\/www.novotek.com\/be\/fr\/wp-json\/wp\/v2\/users\/11"}],"replies":[{"embeddable":true,"href":"https:\/\/www.novotek.com\/be\/fr\/wp-json\/wp\/v2\/comments?post=6212"}],"version-history":[{"count":14,"href":"https:\/\/www.novotek.com\/be\/fr\/wp-json\/wp\/v2\/pages\/6212\/revisions"}],"predecessor-version":[{"id":18095,"href":"https:\/\/www.novotek.com\/be\/fr\/wp-json\/wp\/v2\/pages\/6212\/revisions\/18095"}],"up":[{"embeddable":true,"href":"https:\/\/www.novotek.com\/be\/fr\/wp-json\/wp\/v2\/pages\/5512"}],"wp:attachment":[{"href":"https:\/\/www.novotek.com\/be\/fr\/wp-json\/wp\/v2\/media?parent=6212"}],"curies":[{"name":"wp","href":"https:\/\/api.w.org\/{rel}","templated":true}]}}