{"id":6224,"date":"2022-02-17T14:01:27","date_gmt":"2022-02-17T13:01:27","guid":{"rendered":"https:\/\/www.novotek.com\/be\/fournisseurs\/"},"modified":"2025-02-06T14:54:01","modified_gmt":"2025-02-06T13:54:01","slug":"fournisseurs","status":"publish","type":"page","link":"https:\/\/www.novotek.com\/be\/fr\/presentation\/fournisseurs\/","title":{"rendered":"Fournisseurs"},"content":{"rendered":"\n\n  <div class=\"hero\">\n    <div class=\"carousel hero-slider large\" data-flickity data-flickity-options='{\"prevNextButtons\": false}'>\n              <div class=\"carousel-cell\">\n          <div class=\"container\">\n            <div class=\"hero-content\">\n                              <h1>Fournisseurs<\/h1>\n<p>Novotek travaille avec des fournisseurs mondiaux de solutions d&rsquo;automatisation industrielle et leur fournit un<strong> soutien local<\/strong> sous forme de ventes, d&rsquo;assistance et de formation.<\/p>\n              \n                          <\/div>\n          <\/div>\n\n          <img decoding=\"async\" width=\"1024\" height=\"427\" src=\"https:\/\/www.novotek.com\/be\/wp-content\/uploads\/sites\/9\/NovotekSuppliers\/Leveranciers-Novotek-1920_800pix-1024x427.jpg\" class=\"hero-bg\" alt=\"Hero Img\" fetchpriority=\"high\" srcset=\"https:\/\/www.novotek.com\/be\/wp-content\/uploads\/sites\/9\/NovotekSuppliers\/Leveranciers-Novotek-1920_800pix-1024x427.jpg 1024w, https:\/\/www.novotek.com\/be\/wp-content\/uploads\/sites\/9\/NovotekSuppliers\/Leveranciers-Novotek-1920_800pix-300x125.jpg 300w, https:\/\/www.novotek.com\/be\/wp-content\/uploads\/sites\/9\/NovotekSuppliers\/Leveranciers-Novotek-1920_800pix-768x320.jpg 768w, https:\/\/www.novotek.com\/be\/wp-content\/uploads\/sites\/9\/NovotekSuppliers\/Leveranciers-Novotek-1920_800pix-1536x640.jpg 1536w, https:\/\/www.novotek.com\/be\/wp-content\/uploads\/sites\/9\/NovotekSuppliers\/Leveranciers-Novotek-1920_800pix.jpg 1920w\" sizes=\"(max-width: 1024px) 100vw, 1024px\" \/>                  <\/div>\n          <\/div>\n\n      <\/div>\n\n   \n\n\n<div class=\"container media-text  alignwide\">\n<div class=\"wp-block-media-text alignwide has-media-on-the-right is-stacked-on-mobile\" style=\"grid-template-columns:auto 15%\"><div class=\"wp-block-media-text__content\"><div class=\"container-md paragraph  \">\n<p class=\"has-large-font-size\">GE Vernova<\/p>\n<\/div>\n\n<div class=\"container-md paragraph  \">\n<p>GE Vernova faisait partie de la soci\u00e9t\u00e9 General Electric fond\u00e9e en 1892 par Thomas Edison et propose ses logiciels innovants et ses services pour les entreprises industrielles souhaitant optimiser leurs processus de production.<\/p>\n<\/div>\n\n<div class=\"container-md paragraph  \">\n<p><a href=\"https:\/\/www.gevernova.com\/software\/\">www.gevernova.com<\/a><\/p>\n<\/div><\/div><figure class=\"wp-block-media-text__media\"><img loading=\"lazy\" decoding=\"async\" width=\"1024\" height=\"451\" src=\"https:\/\/www.novotek.com\/be\/wp-content\/uploads\/sites\/9\/GE-Vernova-Partner-Logo_Distributor-1024x451-1.png\" alt=\"GE Vernova\" class=\"wp-image-15881 size-medium\" srcset=\"https:\/\/www.novotek.com\/be\/wp-content\/uploads\/sites\/9\/GE-Vernova-Partner-Logo_Distributor-1024x451-1.png 1024w, https:\/\/www.novotek.com\/be\/wp-content\/uploads\/sites\/9\/GE-Vernova-Partner-Logo_Distributor-1024x451-1-300x132.png 300w, https:\/\/www.novotek.com\/be\/wp-content\/uploads\/sites\/9\/GE-Vernova-Partner-Logo_Distributor-1024x451-1-768x338.png 768w, https:\/\/www.novotek.com\/be\/wp-content\/uploads\/sites\/9\/GE-Vernova-Partner-Logo_Distributor-1024x451-1-86x38.png 86w, https:\/\/www.novotek.com\/be\/wp-content\/uploads\/sites\/9\/GE-Vernova-Partner-Logo_Distributor-1024x451-1-306x135.png 306w, https:\/\/www.novotek.com\/be\/wp-content\/uploads\/sites\/9\/GE-Vernova-Partner-Logo_Distributor-1024x451-1-636x280.png 636w\" sizes=\"auto, (max-width: 1024px) 100vw, 1024px\" \/><\/figure><\/div>\n<\/div>\n\n<div class=\"container media-text  alignwide\">\n<div class=\"wp-block-media-text alignwide has-media-on-the-right is-stacked-on-mobile\" style=\"grid-template-columns:auto 15%\"><div class=\"wp-block-media-text__content\"><div class=\"container-md paragraph  \">\n<p class=\"has-large-font-size\">Emerson<\/p>\n<\/div>\n\n<div class=\"container-md paragraph  \">\n<p>Emerson est un fournisseur majeur dans le domaine de l\u2019automatisation et des technologies d\u2019exploitation \u00e0 l\u2019attention des clients qui souhaitent automatiser et optimiser leurs syst\u00e8mes de production et leurs processus.<\/p>\n<\/div>\n\n<div class=\"container-md paragraph  \">\n<p> <a href=\"https:\/\/www.emerson.com\/nl-nl\" target=\"_blank\" rel=\"noreferrer noopener\">www.emerson.co<\/a><a href=\"https:\/\/www.emerson.com\/nl-nl\">m<\/a><\/p>\n<\/div><\/div><figure class=\"wp-block-media-text__media\"><a href=\"https:\/\/www.emerson.com\/global\" target=\"_blank\" rel=\"noopener\"><img loading=\"lazy\" decoding=\"async\" width=\"300\" height=\"126\" src=\"https:\/\/www.novotek.com\/wp-content\/uploads\/sites\/9\/Emerson-logo-300x126.png\" alt=\"Emerson\" class=\"wp-image-4218 size-medium\" srcset=\"https:\/\/www.novotek.com\/be\/wp-content\/uploads\/sites\/9\/Emerson-logo-300x126.png 300w, https:\/\/www.novotek.com\/be\/wp-content\/uploads\/sites\/9\/Emerson-logo-768x322.png 768w, https:\/\/www.novotek.com\/be\/wp-content\/uploads\/sites\/9\/Emerson-logo.png 800w\" sizes=\"auto, (max-width: 300px) 100vw, 300px\" \/><\/a><\/figure><\/div>\n<\/div>\n\n<div class=\"container media-text  alignwide\">\n<div class=\"wp-block-media-text alignwide has-media-on-the-right is-stacked-on-mobile\" style=\"grid-template-columns:auto 15%\"><div class=\"wp-block-media-text__content\"><div class=\"container-md paragraph  \">\n<p class=\"has-large-font-size\">AMDT<\/p>\n<\/div>\n\n<div class=\"container-md paragraph  \">\n<p>La soci\u00e9t\u00e9 allemande AMDT est avec son produit octoplant le leader sur le march\u00e9 de la gestion de versions industrielle. La soci\u00e9t\u00e9 dispose \u00e9galement de son Automation Solution Center, une solution compl\u00e8te pour la gestion des actifs dans le domaine de l\u2019OT.<\/p>\n<\/div>\n\n<div class=\"container-md paragraph  \">\n<p><a href=\"https:\/\/www.emerson.com\/nl-nl\"><\/a><a href=\"https:\/\/amdt.com\/en\/\">www.amdt.com<\/a><\/p>\n<\/div><\/div><figure class=\"wp-block-media-text__media\"><img loading=\"lazy\" decoding=\"async\" width=\"1024\" height=\"290\" src=\"https:\/\/www.novotek.com\/be\/wp-content\/uploads\/sites\/9\/OVERONS\/AMDT-2024-main--1024x290.png\" alt=\"\" class=\"wp-image-15887 size-medium\" srcset=\"https:\/\/www.novotek.com\/be\/wp-content\/uploads\/sites\/9\/OVERONS\/AMDT-2024-main--1024x290.png 1024w, https:\/\/www.novotek.com\/be\/wp-content\/uploads\/sites\/9\/OVERONS\/AMDT-2024-main--300x85.png 300w, https:\/\/www.novotek.com\/be\/wp-content\/uploads\/sites\/9\/OVERONS\/AMDT-2024-main--768x217.png 768w, https:\/\/www.novotek.com\/be\/wp-content\/uploads\/sites\/9\/OVERONS\/AMDT-2024-main--86x24.png 86w, https:\/\/www.novotek.com\/be\/wp-content\/uploads\/sites\/9\/OVERONS\/AMDT-2024-main--306x87.png 306w, https:\/\/www.novotek.com\/be\/wp-content\/uploads\/sites\/9\/OVERONS\/AMDT-2024-main--636x180.png 636w, https:\/\/www.novotek.com\/be\/wp-content\/uploads\/sites\/9\/OVERONS\/AMDT-2024-main-.png 1123w\" sizes=\"auto, (max-width: 1024px) 100vw, 1024px\" \/><\/figure><\/div>\n<\/div>\n\n<div class=\"container media-text  alignwide\">\n<div class=\"wp-block-media-text alignwide has-media-on-the-right is-stacked-on-mobile\" style=\"grid-template-columns:auto 15%\"><div class=\"wp-block-media-text__content\"><div class=\"container-md paragraph  \">\n<p class=\"has-large-font-size\">HighByte Intelligence Hub<\/p>\n<\/div>\n\n<div class=\"container-md paragraph  \">\n<p>Issu de Kepware, HighByte propose avec HighByte Intelligence Hub le premier produit DataOps industriel permettant de jeter un pont entre les domaines de l\u2019IT et de l\u2019OT.<\/p>\n<\/div>\n\n<div class=\"container-md paragraph  \">\n<p> <a href=\"http:\/\/www.highbyte.com\" target=\"_blank\" rel=\"noreferrer noopener\">www.highbyte.com<\/a><\/p>\n<\/div><\/div><figure class=\"wp-block-media-text__media\"><img loading=\"lazy\" decoding=\"async\" width=\"178\" height=\"53\" src=\"https:\/\/www.novotek.com\/wp-content\/uploads\/sites\/9\/highbyte-logo.png\" alt=\"HighByte\" class=\"wp-image-4220 size-medium\" \/><\/figure><\/div>\n<\/div>\n\n<div class=\"container media-text  alignwide\">\n<div class=\"wp-block-media-text alignwide has-media-on-the-right is-stacked-on-mobile\" style=\"grid-template-columns:auto 15%\"><div class=\"wp-block-media-text__content\"><div class=\"container-md paragraph  \">\n<p class=\"has-large-font-size\">Microsoft<\/p>\n<\/div>\n\n<div class=\"container-md paragraph  \">\n<p>Microsoft est le plus grand fournisseur mondial de syst\u00e8mes d\u2019exploitation et de bases de donn\u00e9es. En sa qualit\u00e9 de Partenaire certifi\u00e9, Novotek est autoris\u00e9 \u00e0 prodiguer des conseils sur et distribuer ces syst\u00e8mes au sein d\u2019environnements de production.<\/p>\n<\/div>\n\n<div class=\"container-md paragraph  \">\n<p><a href=\"http:\/\/www.microsoft.com\">www.microsoft.com<\/a><\/p>\n<\/div><\/div><figure class=\"wp-block-media-text__media\"><img loading=\"lazy\" decoding=\"async\" width=\"392\" height=\"220\" src=\"https:\/\/www.novotek.com\/wp-content\/uploads\/sites\/9\/Microsoft-logo.jpg\" alt=\"Microsoft\" class=\"wp-image-4226 size-medium\" srcset=\"https:\/\/www.novotek.com\/be\/wp-content\/uploads\/sites\/9\/Microsoft-logo.jpg 392w, https:\/\/www.novotek.com\/be\/wp-content\/uploads\/sites\/9\/Microsoft-logo-300x168.jpg 300w\" sizes=\"auto, (max-width: 392px) 100vw, 392px\" \/><\/figure><\/div>\n<\/div>\n\n<div class=\"container media-text  alignwide\">\n<div class=\"wp-block-media-text alignwide has-media-on-the-right is-stacked-on-mobile\" style=\"grid-template-columns:auto 20%\"><div class=\"wp-block-media-text__content\"><div class=\"container-md paragraph  \">\n<p class=\"has-large-font-size\">Kepware<\/p>\n<\/div>\n\n<div class=\"container-md paragraph  \">\n<p>Kepware est une organisation de PTC qui d\u00e9veloppe des logiciels dans le domaine de la transmission de donn\u00e9es pour l\u2019automatisation industrielle. Elle est dans le monde entier le plus grand fournisseur de transmission de donn\u00e9es OPC.<\/p>\n<\/div>\n\n<div class=\"container-md paragraph  \">\n<p> <a href=\"https:\/\/www.ptc.com\/\" target=\"_blank\" rel=\"noreferrer noopener\">www.kepware.com<\/a><\/p>\n<\/div><\/div><figure class=\"wp-block-media-text__media\"><img loading=\"lazy\" decoding=\"async\" width=\"600\" height=\"139\" src=\"https:\/\/www.novotek.com\/wp-content\/uploads\/sites\/9\/Kepware-logo.png\" alt=\"Kepware\" class=\"wp-image-4224 size-medium\" srcset=\"https:\/\/www.novotek.com\/be\/wp-content\/uploads\/sites\/9\/Kepware-logo.png 600w, https:\/\/www.novotek.com\/be\/wp-content\/uploads\/sites\/9\/Kepware-logo-300x70.png 300w\" sizes=\"auto, (max-width: 600px) 100vw, 600px\" \/><\/figure><\/div>\n<\/div>\n\n<div class=\"container media-text  alignwide\">\n<div class=\"wp-block-media-text alignwide has-media-on-the-right is-stacked-on-mobile\" style=\"grid-template-columns:auto 15%\"><div class=\"wp-block-media-text__content\"><div class=\"container-md paragraph  \">\n<p class=\"has-large-font-size\">PTC<\/p>\n<\/div>\n\n<div class=\"container-md paragraph  \">\n<p>PTC fournit dans le monde entier des technologies dans le domaine de l\u2019Internet of things industriel, avec des solutions \u00e9prouv\u00e9es aidant les organisations \u00e0 d\u00e9velopper elles-m\u00eames des applications.<\/p>\n<\/div>\n\n<div class=\"container-md paragraph  \">\n<p><a href=\"https:\/\/www.ptc.com\/\" target=\"_blank\" rel=\"noreferrer noopener\">www.ptc.com<\/a><\/p>\n<\/div><\/div><figure class=\"wp-block-media-text__media\"><img loading=\"lazy\" decoding=\"async\" width=\"1024\" height=\"576\" src=\"https:\/\/www.novotek.com\/wp-content\/uploads\/sites\/9\/PTC-logo.png\" alt=\"PTC\" class=\"wp-image-4228 size-medium\" srcset=\"https:\/\/www.novotek.com\/be\/wp-content\/uploads\/sites\/9\/PTC-logo.png 1024w, https:\/\/www.novotek.com\/be\/wp-content\/uploads\/sites\/9\/PTC-logo-300x169.png 300w, https:\/\/www.novotek.com\/be\/wp-content\/uploads\/sites\/9\/PTC-logo-768x432.png 768w\" sizes=\"auto, (max-width: 1024px) 100vw, 1024px\" \/><\/figure><\/div>\n<\/div>\n\n<div class=\"container media-text  alignwide\">\n<div class=\"wp-block-media-text alignwide has-media-on-the-right is-stacked-on-mobile\" style=\"grid-template-columns:auto 15%\"><div class=\"wp-block-media-text__content\"><div class=\"container-md paragraph  \">\n<p class=\"has-large-font-size\">Inray<\/p>\n<\/div>\n\n<div class=\"container-md paragraph  \">\n<p>Inray est une soci\u00e9t\u00e9 allemande sp\u00e9cialis\u00e9e dans la transmission des donn\u00e9es de processus et avec OPC Router, elle propose une solution middleware universelle permettant de partager les donn\u00e9es de processus avec d\u2019autres applications.<\/p>\n<\/div>\n\n<div class=\"container-md paragraph  \">\n<p><a href=\"https:\/\/www.inray.de\/en\/\" target=\"_blank\" rel=\"noreferrer noopener\">www.inray.de<\/a><\/p>\n<\/div><\/div><figure class=\"wp-block-media-text__media\"><img loading=\"lazy\" decoding=\"async\" width=\"374\" height=\"156\" src=\"https:\/\/www.novotek.com\/wp-content\/uploads\/sites\/9\/Inray-logo.png\" alt=\"Inray\" class=\"wp-image-4222 size-medium\" srcset=\"https:\/\/www.novotek.com\/be\/wp-content\/uploads\/sites\/9\/Inray-logo.png 374w, https:\/\/www.novotek.com\/be\/wp-content\/uploads\/sites\/9\/Inray-logo-300x125.png 300w\" sizes=\"auto, (max-width: 374px) 100vw, 374px\" \/><\/figure><\/div>\n<\/div>\n\n<div class=\"container media-text  alignwide\">\n<div class=\"wp-block-media-text alignwide has-media-on-the-right is-stacked-on-mobile\" style=\"grid-template-columns:auto 15%\"><div class=\"wp-block-media-text__content\"><div class=\"container-md paragraph  \">\n<p class=\"has-large-font-size\">Dell<\/p>\n<\/div>\n\n<div class=\"container-md paragraph  \">\n<p>Dell fabrique des ordinateurs et fournit des solutions de stockage et de p\u00e9riph\u00e9rie.<\/p>\n<\/div>\n\n<div class=\"container-md paragraph  \">\n<p><a href=\"https:\/\/www.dell.com\/nl-nl\" target=\"_blank\" rel=\"noreferrer noopener\">www.dell.com<\/a><\/p>\n<\/div><\/div><figure class=\"wp-block-media-text__media\"><img loading=\"lazy\" decoding=\"async\" width=\"392\" height=\"220\" src=\"https:\/\/www.novotek.com\/wp-content\/uploads\/sites\/9\/Dell-logo.jpg\" alt=\"Dell\" class=\"wp-image-4214 size-medium\" srcset=\"https:\/\/www.novotek.com\/be\/wp-content\/uploads\/sites\/9\/Dell-logo.jpg 392w, https:\/\/www.novotek.com\/be\/wp-content\/uploads\/sites\/9\/Dell-logo-300x168.jpg 300w\" sizes=\"auto, (max-width: 392px) 100vw, 392px\" \/><\/figure><\/div>\n<\/div>\n\n<div class=\"container media-text  alignwide\">\n<div class=\"wp-block-media-text alignwide has-media-on-the-right is-stacked-on-mobile\" style=\"grid-template-columns:auto 19%\"><div class=\"wp-block-media-text__content\"><div class=\"container-md paragraph  \">\n<p class=\"has-large-font-size\">SKKynet<\/p>\n<\/div>\n\n<div class=\"container-md paragraph  \">\n<p>SKKynet est un fournisseur canadien de solutions haute performance et haute s\u00e9curit\u00e9 dans le domaine de la transmission de donn\u00e9es via internet et avec Cogent Datahub, il propose une technologie brevet\u00e9e dans ce domaine.<\/p>\n<\/div>\n\n<div class=\"container-md paragraph  \">\n<p><a href=\"https:\/\/cogentdatahub.com\/download\/\" target=\"_blank\" rel=\"noreferrer noopener\">www.cogentdatahub.com<\/a><\/p>\n<\/div><\/div><figure class=\"wp-block-media-text__media\"><img loading=\"lazy\" decoding=\"async\" width=\"644\" height=\"161\" src=\"https:\/\/www.novotek.com\/wp-content\/uploads\/sites\/9\/Skkynet.jpg\" alt=\"Skkynet - Cogent Datahub\" class=\"wp-image-4232 size-medium\" srcset=\"https:\/\/www.novotek.com\/be\/wp-content\/uploads\/sites\/9\/Skkynet.jpg 644w, https:\/\/www.novotek.com\/be\/wp-content\/uploads\/sites\/9\/Skkynet-300x75.jpg 300w\" sizes=\"auto, (max-width: 644px) 100vw, 644px\" \/><\/figure><\/div>\n<\/div>\n\n<div class=\"container media-text  alignwide\">\n<div class=\"wp-block-media-text alignwide has-media-on-the-right is-stacked-on-mobile\" style=\"grid-template-columns:auto 20%\"><div class=\"wp-block-media-text__content\"><div class=\"container-md paragraph  \">\n<p class=\"has-large-font-size\">ROB-EX A\/S<\/p>\n<\/div>\n\n<div class=\"container-md paragraph  \">\n<p>ROB-EX A\/S est une soci\u00e9t\u00e9 danoise qui d\u00e9veloppe des logiciels pour la planification d\u00e9taill\u00e9e de la production, afin de programmer automatiquement les commandes de production et de les suivre visuellement. Le produit est \u00e9galement int\u00e9gr\u00e9 dans la Proficy Suite de GE Vernova.<\/p>\n<\/div>\n\n<div class=\"container-md paragraph  \">\n<p><a href=\"https:\/\/www.gevernova.com\/software\/products\/proficy\/manufacturing-production-scheduling\">www.gevernova.com<\/a><\/p>\n<\/div><\/div><figure class=\"wp-block-media-text__media\"><img loading=\"lazy\" decoding=\"async\" width=\"612\" height=\"127\" src=\"https:\/\/www.novotek.com\/wp-content\/uploads\/sites\/9\/Rob-ex-Scheduler-logo.png\" alt=\"ROB-EX\" class=\"wp-image-4230 size-medium\" srcset=\"https:\/\/www.novotek.com\/be\/wp-content\/uploads\/sites\/9\/Rob-ex-Scheduler-logo.png 612w, https:\/\/www.novotek.com\/be\/wp-content\/uploads\/sites\/9\/Rob-ex-Scheduler-logo-300x62.png 300w\" sizes=\"auto, (max-width: 612px) 100vw, 612px\" \/><\/figure><\/div>\n<\/div>\n\n<div class=\"container-md paragraph  \">\n<p><\/p>\n<\/div>","protected":false},"excerpt":{"rendered":"<p>GE Vernova GE Vernova faisait partie de la soci\u00e9t\u00e9 General Electric fond\u00e9e en 1892 par Thomas Edison et propose ses logiciels innovants et ses services pour les entreprises industrielles souhaitant optimiser leurs processus de production. www.gevernova.com Emerson Emerson est un fournisseur majeur dans le domaine de l\u2019automatisation et des technologies d\u2019exploitation \u00e0 l\u2019attention des clients [&hellip;]<\/p>\n","protected":false},"author":4,"featured_media":0,"parent":6230,"menu_order":0,"comment_status":"closed","ping_status":"closed","template":"","meta":{"_acf_changed":false,"_relevanssi_hide_post":"","_relevanssi_pin_for_all":"","_relevanssi_pin_keywords":"","_relevanssi_unpin_keywords":"","_relevanssi_related_keywords":"","_relevanssi_related_include_ids":"","_relevanssi_related_exclude_ids":"","_relevanssi_related_no_append":"","_relevanssi_related_not_related":"","_relevanssi_related_posts":"6323,6327,6337,6125","_relevanssi_noindex_reason":"","footnotes":""},"class_list":["post-6224","page","type-page","status-publish","hentry"],"acf":[],"yoast_head":"<!-- This site is optimized with the Yoast SEO plugin v27.4 - https:\/\/yoast.com\/product\/yoast-seo-wordpress\/ -->\n<title>Fournisseurs - Novotek Belgium<\/title>\n<meta name=\"description\" content=\"Novotek travaille avec des fournisseurs mondiaux de solutions d&#039;automatisation industrielle et leur fournit un soutien local.\" \/>\n<meta name=\"robots\" content=\"index, follow, max-snippet:-1, max-image-preview:large, max-video-preview:-1\" \/>\n<link rel=\"canonical\" href=\"https:\/\/www.novotek.com\/be\/fr\/presentation\/fournisseurs\/\" \/>\n<meta property=\"og:locale\" content=\"fr_FR\" \/>\n<meta property=\"og:type\" content=\"article\" \/>\n<meta property=\"og:title\" content=\"Fournisseurs - Novotek Belgium\" \/>\n<meta property=\"og:description\" content=\"Novotek travaille avec des fournisseurs mondiaux de solutions d&#039;automatisation industrielle et leur fournit un soutien local.\" \/>\n<meta property=\"og:url\" content=\"https:\/\/www.novotek.com\/be\/fr\/presentation\/fournisseurs\/\" \/>\n<meta property=\"og:site_name\" content=\"Novotek Belgium\" \/>\n<meta property=\"article:modified_time\" content=\"2025-02-06T13:54:01+00:00\" \/>\n<meta property=\"og:image\" content=\"https:\/\/www.novotek.com\/be\/wp-content\/uploads\/sites\/9\/GE-Vernova-Partner-Logo_Distributor-1024x451-1.png\" \/>\n<meta name=\"twitter:card\" content=\"summary_large_image\" \/>\n<meta name=\"twitter:label1\" content=\"Dur\u00e9e de lecture est.\" \/>\n\t<meta name=\"twitter:data1\" content=\"4 minutes\" \/>\n<script type=\"application\/ld+json\" class=\"yoast-schema-graph\">{\"@context\":\"https:\\\/\\\/schema.org\",\"@graph\":[{\"@type\":\"WebPage\",\"@id\":\"https:\\\/\\\/www.novotek.com\\\/be\\\/fr\\\/presentation\\\/fournisseurs\\\/\",\"url\":\"https:\\\/\\\/www.novotek.com\\\/be\\\/fr\\\/presentation\\\/fournisseurs\\\/\",\"name\":\"Fournisseurs - Novotek Belgium\",\"isPartOf\":{\"@id\":\"https:\\\/\\\/www.novotek.com\\\/be\\\/#website\"},\"primaryImageOfPage\":{\"@id\":\"https:\\\/\\\/www.novotek.com\\\/be\\\/fr\\\/presentation\\\/fournisseurs\\\/#primaryimage\"},\"image\":{\"@id\":\"https:\\\/\\\/www.novotek.com\\\/be\\\/fr\\\/presentation\\\/fournisseurs\\\/#primaryimage\"},\"thumbnailUrl\":\"https:\\\/\\\/www.novotek.com\\\/be\\\/wp-content\\\/uploads\\\/sites\\\/9\\\/GE-Vernova-Partner-Logo_Distributor-1024x451-1.png\",\"datePublished\":\"2022-02-17T13:01:27+00:00\",\"dateModified\":\"2025-02-06T13:54:01+00:00\",\"description\":\"Novotek travaille avec des fournisseurs mondiaux de solutions d'automatisation industrielle et leur fournit un soutien local.\",\"breadcrumb\":{\"@id\":\"https:\\\/\\\/www.novotek.com\\\/be\\\/fr\\\/presentation\\\/fournisseurs\\\/#breadcrumb\"},\"inLanguage\":\"fr-BE\",\"potentialAction\":[{\"@type\":\"ReadAction\",\"target\":[\"https:\\\/\\\/www.novotek.com\\\/be\\\/fr\\\/presentation\\\/fournisseurs\\\/\"]}]},{\"@type\":\"ImageObject\",\"inLanguage\":\"fr-BE\",\"@id\":\"https:\\\/\\\/www.novotek.com\\\/be\\\/fr\\\/presentation\\\/fournisseurs\\\/#primaryimage\",\"url\":\"https:\\\/\\\/www.novotek.com\\\/be\\\/wp-content\\\/uploads\\\/sites\\\/9\\\/GE-Vernova-Partner-Logo_Distributor-1024x451-1.png\",\"contentUrl\":\"https:\\\/\\\/www.novotek.com\\\/be\\\/wp-content\\\/uploads\\\/sites\\\/9\\\/GE-Vernova-Partner-Logo_Distributor-1024x451-1.png\"},{\"@type\":\"BreadcrumbList\",\"@id\":\"https:\\\/\\\/www.novotek.com\\\/be\\\/fr\\\/presentation\\\/fournisseurs\\\/#breadcrumb\",\"itemListElement\":[{\"@type\":\"ListItem\",\"position\":1,\"name\":\"Home\",\"item\":\"https:\\\/\\\/www.novotek.com\\\/be\\\/fr\\\/\"},{\"@type\":\"ListItem\",\"position\":2,\"name\":\"Pr&eacute;sentation\",\"item\":\"https:\\\/\\\/www.novotek.com\\\/be\\\/fr\\\/presentation\\\/\"},{\"@type\":\"ListItem\",\"position\":3,\"name\":\"Fournisseurs\"}]},{\"@type\":\"WebSite\",\"@id\":\"https:\\\/\\\/www.novotek.com\\\/be\\\/#website\",\"url\":\"https:\\\/\\\/www.novotek.com\\\/be\\\/\",\"name\":\"Novotek Belgium\",\"description\":\"Connecter, Mod\u00e9liser, Archiver, Visualiser, Optimiser\",\"potentialAction\":[{\"@type\":\"SearchAction\",\"target\":{\"@type\":\"EntryPoint\",\"urlTemplate\":\"https:\\\/\\\/www.novotek.com\\\/be\\\/?s={search_term_string}\"},\"query-input\":{\"@type\":\"PropertyValueSpecification\",\"valueRequired\":true,\"valueName\":\"search_term_string\"}}],\"inLanguage\":\"fr-BE\"}]}<\/script>\n<!-- \/ Yoast SEO plugin. -->","yoast_head_json":{"title":"Fournisseurs - Novotek Belgium","description":"Novotek travaille avec des fournisseurs mondiaux de solutions d'automatisation industrielle et leur fournit un soutien local.","robots":{"index":"index","follow":"follow","max-snippet":"max-snippet:-1","max-image-preview":"max-image-preview:large","max-video-preview":"max-video-preview:-1"},"canonical":"https:\/\/www.novotek.com\/be\/fr\/presentation\/fournisseurs\/","og_locale":"fr_FR","og_type":"article","og_title":"Fournisseurs - Novotek Belgium","og_description":"Novotek travaille avec des fournisseurs mondiaux de solutions d'automatisation industrielle et leur fournit un soutien local.","og_url":"https:\/\/www.novotek.com\/be\/fr\/presentation\/fournisseurs\/","og_site_name":"Novotek Belgium","article_modified_time":"2025-02-06T13:54:01+00:00","og_image":[{"url":"https:\/\/www.novotek.com\/be\/wp-content\/uploads\/sites\/9\/GE-Vernova-Partner-Logo_Distributor-1024x451-1.png","type":"","width":"","height":""}],"twitter_card":"summary_large_image","twitter_misc":{"Dur\u00e9e de lecture est.":"4 minutes"},"schema":{"@context":"https:\/\/schema.org","@graph":[{"@type":"WebPage","@id":"https:\/\/www.novotek.com\/be\/fr\/presentation\/fournisseurs\/","url":"https:\/\/www.novotek.com\/be\/fr\/presentation\/fournisseurs\/","name":"Fournisseurs - Novotek Belgium","isPartOf":{"@id":"https:\/\/www.novotek.com\/be\/#website"},"primaryImageOfPage":{"@id":"https:\/\/www.novotek.com\/be\/fr\/presentation\/fournisseurs\/#primaryimage"},"image":{"@id":"https:\/\/www.novotek.com\/be\/fr\/presentation\/fournisseurs\/#primaryimage"},"thumbnailUrl":"https:\/\/www.novotek.com\/be\/wp-content\/uploads\/sites\/9\/GE-Vernova-Partner-Logo_Distributor-1024x451-1.png","datePublished":"2022-02-17T13:01:27+00:00","dateModified":"2025-02-06T13:54:01+00:00","description":"Novotek travaille avec des fournisseurs mondiaux de solutions d'automatisation industrielle et leur fournit un soutien local.","breadcrumb":{"@id":"https:\/\/www.novotek.com\/be\/fr\/presentation\/fournisseurs\/#breadcrumb"},"inLanguage":"fr-BE","potentialAction":[{"@type":"ReadAction","target":["https:\/\/www.novotek.com\/be\/fr\/presentation\/fournisseurs\/"]}]},{"@type":"ImageObject","inLanguage":"fr-BE","@id":"https:\/\/www.novotek.com\/be\/fr\/presentation\/fournisseurs\/#primaryimage","url":"https:\/\/www.novotek.com\/be\/wp-content\/uploads\/sites\/9\/GE-Vernova-Partner-Logo_Distributor-1024x451-1.png","contentUrl":"https:\/\/www.novotek.com\/be\/wp-content\/uploads\/sites\/9\/GE-Vernova-Partner-Logo_Distributor-1024x451-1.png"},{"@type":"BreadcrumbList","@id":"https:\/\/www.novotek.com\/be\/fr\/presentation\/fournisseurs\/#breadcrumb","itemListElement":[{"@type":"ListItem","position":1,"name":"Home","item":"https:\/\/www.novotek.com\/be\/fr\/"},{"@type":"ListItem","position":2,"name":"Pr&eacute;sentation","item":"https:\/\/www.novotek.com\/be\/fr\/presentation\/"},{"@type":"ListItem","position":3,"name":"Fournisseurs"}]},{"@type":"WebSite","@id":"https:\/\/www.novotek.com\/be\/#website","url":"https:\/\/www.novotek.com\/be\/","name":"Novotek Belgium","description":"Connecter, Mod\u00e9liser, Archiver, Visualiser, Optimiser","potentialAction":[{"@type":"SearchAction","target":{"@type":"EntryPoint","urlTemplate":"https:\/\/www.novotek.com\/be\/?s={search_term_string}"},"query-input":{"@type":"PropertyValueSpecification","valueRequired":true,"valueName":"search_term_string"}}],"inLanguage":"fr-BE"}]}},"_links":{"self":[{"href":"https:\/\/www.novotek.com\/be\/fr\/wp-json\/wp\/v2\/pages\/6224","targetHints":{"allow":["GET"]}}],"collection":[{"href":"https:\/\/www.novotek.com\/be\/fr\/wp-json\/wp\/v2\/pages"}],"about":[{"href":"https:\/\/www.novotek.com\/be\/fr\/wp-json\/wp\/v2\/types\/page"}],"author":[{"embeddable":true,"href":"https:\/\/www.novotek.com\/be\/fr\/wp-json\/wp\/v2\/users\/4"}],"replies":[{"embeddable":true,"href":"https:\/\/www.novotek.com\/be\/fr\/wp-json\/wp\/v2\/comments?post=6224"}],"version-history":[{"count":8,"href":"https:\/\/www.novotek.com\/be\/fr\/wp-json\/wp\/v2\/pages\/6224\/revisions"}],"predecessor-version":[{"id":15889,"href":"https:\/\/www.novotek.com\/be\/fr\/wp-json\/wp\/v2\/pages\/6224\/revisions\/15889"}],"up":[{"embeddable":true,"href":"https:\/\/www.novotek.com\/be\/fr\/wp-json\/wp\/v2\/pages\/6230"}],"wp:attachment":[{"href":"https:\/\/www.novotek.com\/be\/fr\/wp-json\/wp\/v2\/media?parent=6224"}],"curies":[{"name":"wp","href":"https:\/\/api.w.org\/{rel}","templated":true}]}}