{"id":6230,"date":"2022-02-17T14:02:01","date_gmt":"2022-02-17T13:02:01","guid":{"rendered":"https:\/\/www.novotek.com\/be\/prsentation\/"},"modified":"2025-02-21T13:39:53","modified_gmt":"2025-02-21T12:39:53","slug":"presentation","status":"publish","type":"page","link":"https:\/\/www.novotek.com\/be\/fr\/presentation\/","title":{"rendered":"Pr&eacute;sentation"},"content":{"rendered":"<div class=\"container-md heading  \">\n<h1 class=\"wp-block-heading\" id=\"h-qui-sommes-nous\">Qui sommes-nous?<\/h1>\n<\/div>\n\n<div class=\"container-md heading  \">\n<h3 class=\"wp-block-heading\" id=\"novotek-levert-oplossingen-op-het-gebied-van-industriele-automatisering-en-informatisering\">Novotek fournit des solutions dans le domaine de l\u2019automatisation industrielle et de l\u2019informatisation<\/h3>\n<\/div>\n\n<div class=\"container-md paragraph  \">\n<p>Avec ses partenaires, Novotek propose des solutions dans le domaine de l\u2019automatisation industrielle et de l\u2019informatisation. Ces solutions se basent sur des produits et composants standard. Novotek s\u2019engage \u00e0 fournir la solution OPTIMALE pour chaque client dans son domaine sp\u00e9cifique. Nous nous concentrons sur les environnements de production, depuis l\u2019industrie des denr\u00e9es alimentaires et le traitement de l\u2019eau jusqu\u2019\u00e0 l\u2019industrie pharmaceutique. Nous veillons \u00e0 ce que nos clients puissent relever leurs propres d\u00e9fis en optimisant leurs processus de production. Notre objectif est de garantir votre succ\u00e8s et de maintenir votre comp\u00e9titivit\u00e9.<\/p>\n<\/div>\n\n<div class=\"container-md heading  \">\n<h3 class=\"wp-block-heading\" id=\"uw-succes-is-ons-doel\">Votre succ\u00e8s, notre objectif&nbsp;!<\/h3>\n<\/div>\n\n<div class=\"container-md paragraph  \">\n<p>Notre concept qui consiste \u00e0 toujours fournir la solution OPTIMALE repose sur trois conditions caract\u00e9ristiques&nbsp;:&nbsp;<\/p>\n<\/div>\n\n<div class=\"container-md paragraph  \">\n<p><strong>appropri\u00e9e &#8211;&nbsp;fiable &#8211;&nbsp;brillante<\/strong><\/p>\n<\/div>\n\n<div class=\"container-md paragraph  \">\n<p>Novotek et ses partenaires fournissent des solutions qui sont \u00e0 tous \u00e9gards id\u00e9alement <strong>adapt\u00e9es<\/strong> au client.&nbsp; Ces solutions ne sont jamais exag\u00e9r\u00e9es ni trop limit\u00e9es ou inutilement complexes.&nbsp; Gr\u00e2ce au contact permanent avec le client, celui-ci se sent pleinement <strong>confiant<\/strong>.&nbsp; C\u2019est l\u00e0 notre promesse envers nos clients, outre cette touche sp\u00e9ciale qui rend la solution <strong>brillante<\/strong>.<\/p>\n<\/div>\n\n<div class=\"container-md paragraph  \">\n<p>Pour \u00eatre en mesure de&nbsp;fournir la solution <strong>OPTIMALE<\/strong>, nous avons identifi\u00e9 trois facteurs de succ\u00e8s&nbsp;:<\/p>\n<\/div>\n\n<div class=\"container-md paragraph  \">\n<p><strong>Personnes<\/strong>&nbsp;&#8211;&nbsp;<strong>Produits<\/strong>&nbsp;&#8211;&nbsp;<strong>Besoins du client<\/strong>.<\/p>\n<\/div>\n\n<div class=\"container-md paragraph  \">\n<p>Les <strong>personnes<\/strong>&nbsp;sont l\u2019atout majeur de Novotek, avec un large groupe d\u2019ing\u00e9nieurs comp\u00e9tents, d\u00e9vou\u00e9s et enthousiastes qui \u00e9laborent jour apr\u00e8s jour des solutions industrielles pour nos clients.<\/p>\n<\/div>\n\n<div class=\"container-md paragraph  \">\n<p>Ces solutions reposent toujours sur une combinaison des <strong>produits<\/strong> les plus appropri\u00e9s. Nous avons d\u00e9j\u00e0 compris de longue date qu\u2019il est judicieux d\u2019utiliser des composants standard afin de ma\u00eetriser les co\u00fbts sur le cycle de vie complet.<\/p>\n<\/div>\n\n<div class=\"container-md paragraph  \">\n<p>Les meilleures personnes et les meilleurs produits sont toutefois inutiles si l\u2019on ne cerne pas les <strong>besoins sp\u00e9cifiques du client<\/strong>. Cela fait d\u00e9j\u00e0 plus de vingt ans que nous \u0153uvrons dans ce domaine et avons toujours \u00e9t\u00e9 des pionniers. L\u2019objectif est et reste la consolidation de la comp\u00e9titivit\u00e9 de nos clients tout en leur donnant les moyens pour concevoir, commander et optimiser leur processus de production.<\/p>\n<\/div>\n\n<div class=\"container-md paragraph  \">\n<p>Nous nous devons de garantir le succ\u00e8s de nos clients, c\u2019est l\u00e0 la seule mani\u00e8re pour construire des relations durables.&nbsp;<br>C\u2019est pourquoi nous affirmons&nbsp;<strong>:&nbsp; \u00ab&nbsp;Votre succ\u00e8s, notre objectif&nbsp;\u00bb.<\/strong><\/p>\n<\/div>\n\n<div class=\"container-md spacer  \">\n<div style=\"height:100px\" aria-hidden=\"true\" class=\"wp-block-spacer\"><\/div>\n<\/div>\n\n  <div class=\"slider-column-parent\">\n    <div class=\"container\">\n      <div class=\"slider-column-title\">Meer over Novotek<\/div>\n\n      <div class=\"row\">\n        <div class=\"col-12 col-md-4\"><div class=\"column-box\">\n  \n      <div class=\"title\">\n      Partners    <\/div>\n  \n      <div class=\"text\">\n      <p>Novotek travaille avec des int\u00e9grateurs de syst\u00e8mes. Voir l&rsquo;aper\u00e7u des partenaires affili\u00e9s.<\/p>\n    <\/div>\n  \n      <a class=\"link\"  href=\"https:\/\/www.novotek.com\/be\/fr\/contact\/\" target=\"\">\n      Contactez-nous    <\/a>\n  \n  <\/div>\n\n<\/div><div class=\"col-12 col-md-4\"><div class=\"column-box\">\n  \n      <div class=\"title\">\n      Les fournisseurs.    <\/div>\n  \n      <div class=\"text\">\n      <p>Novotek travaille en \u00e9troite collaboration avec les principaux fournisseurs.<\/p>\n    <\/div>\n  \n      <a class=\"link\"  href=\"https:\/\/www.novotek.com\/be\/fr\/presentation\/fournisseurs\/\" target=\"\">\n      Fournisseurs    <\/a>\n  \n  <\/div>\n\n<\/div><div class=\"col-12 col-md-4\"><div class=\"column-box\">\n  \n      <div class=\"title\">\n      Vacatures    <\/div>\n  \n      <div class=\"text\">\n      <p>Consultez les postes vacants. S&rsquo;il n&rsquo;y a pas de poste vacant, vous pouvez toujours envoyer une candidature spontan\u00e9e.<\/p>\n    <\/div>\n  \n      <a class=\"link\"  href=\"https:\/\/www.novotek.com\/be\/fr\/contact\/\" target=\"\">\n      Stuur een open sollcitatie    <\/a>\n  \n  <\/div>\n\n<\/div>      <\/div>\n    <\/div>\n  <\/div>\n","protected":false},"excerpt":{"rendered":"<p>Qui sommes-nous? Novotek fournit des solutions dans le domaine de l\u2019automatisation industrielle et de l\u2019informatisation Avec ses partenaires, Novotek propose des solutions dans le domaine de l\u2019automatisation industrielle et de l\u2019informatisation. Ces solutions se basent sur des produits et composants standard. Novotek s\u2019engage \u00e0 fournir la solution OPTIMALE pour chaque client dans son domaine sp\u00e9cifique. [&hellip;]<\/p>\n","protected":false},"author":11,"featured_media":0,"parent":0,"menu_order":0,"comment_status":"closed","ping_status":"closed","template":"","meta":{"_acf_changed":false,"_relevanssi_hide_post":"","_relevanssi_pin_for_all":"","_relevanssi_pin_keywords":"","_relevanssi_unpin_keywords":"","_relevanssi_related_keywords":"","_relevanssi_related_include_ids":"","_relevanssi_related_exclude_ids":"","_relevanssi_related_no_append":"","_relevanssi_related_not_related":"","_relevanssi_related_posts":"6337,6323,6327,6125","_relevanssi_noindex_reason":"","footnotes":""},"class_list":["post-6230","page","type-page","status-publish","hentry"],"acf":[],"yoast_head":"<!-- This site is optimized with the Yoast SEO plugin v27.4 - https:\/\/yoast.com\/product\/yoast-seo-wordpress\/ -->\n<title>Pr&eacute;sentation - Novotek Belgium<\/title>\n<meta name=\"description\" content=\"Novotek, en collaboration avec ses partenaires, fournit des solutions dans le domaine de l&#039;automatisation et de l&#039;informatisation industrielles. Votre succ\u00e8s, c&#039;est notre objectif !\" \/>\n<meta name=\"robots\" content=\"index, follow, max-snippet:-1, max-image-preview:large, max-video-preview:-1\" \/>\n<link rel=\"canonical\" href=\"https:\/\/www.novotek.com\/be\/fr\/presentation\/\" \/>\n<meta property=\"og:locale\" content=\"fr_FR\" \/>\n<meta property=\"og:type\" content=\"article\" \/>\n<meta property=\"og:title\" content=\"Pr&eacute;sentation - Novotek Belgium\" \/>\n<meta property=\"og:description\" content=\"Novotek, en collaboration avec ses partenaires, fournit des solutions dans le domaine de l&#039;automatisation et de l&#039;informatisation industrielles. Votre succ\u00e8s, c&#039;est notre objectif !\" \/>\n<meta property=\"og:url\" content=\"https:\/\/www.novotek.com\/be\/fr\/presentation\/\" \/>\n<meta property=\"og:site_name\" content=\"Novotek Belgium\" \/>\n<meta property=\"article:modified_time\" content=\"2025-02-21T12:39:53+00:00\" \/>\n<meta name=\"twitter:card\" content=\"summary_large_image\" \/>\n<meta name=\"twitter:label1\" content=\"Dur\u00e9e de lecture est.\" \/>\n\t<meta name=\"twitter:data1\" content=\"2 minutes\" \/>\n<script type=\"application\/ld+json\" class=\"yoast-schema-graph\">{\"@context\":\"https:\\\/\\\/schema.org\",\"@graph\":[{\"@type\":\"WebPage\",\"@id\":\"https:\\\/\\\/www.novotek.com\\\/be\\\/fr\\\/presentation\\\/\",\"url\":\"https:\\\/\\\/www.novotek.com\\\/be\\\/fr\\\/presentation\\\/\",\"name\":\"Pr&eacute;sentation - Novotek Belgium\",\"isPartOf\":{\"@id\":\"https:\\\/\\\/www.novotek.com\\\/be\\\/#website\"},\"datePublished\":\"2022-02-17T13:02:01+00:00\",\"dateModified\":\"2025-02-21T12:39:53+00:00\",\"description\":\"Novotek, en collaboration avec ses partenaires, fournit des solutions dans le domaine de l'automatisation et de l'informatisation industrielles. Votre succ\u00e8s, c'est notre objectif !\",\"breadcrumb\":{\"@id\":\"https:\\\/\\\/www.novotek.com\\\/be\\\/fr\\\/presentation\\\/#breadcrumb\"},\"inLanguage\":\"fr-BE\",\"potentialAction\":[{\"@type\":\"ReadAction\",\"target\":[\"https:\\\/\\\/www.novotek.com\\\/be\\\/fr\\\/presentation\\\/\"]}]},{\"@type\":\"BreadcrumbList\",\"@id\":\"https:\\\/\\\/www.novotek.com\\\/be\\\/fr\\\/presentation\\\/#breadcrumb\",\"itemListElement\":[{\"@type\":\"ListItem\",\"position\":1,\"name\":\"Home\",\"item\":\"https:\\\/\\\/www.novotek.com\\\/be\\\/fr\\\/\"},{\"@type\":\"ListItem\",\"position\":2,\"name\":\"Pr&eacute;sentation\"}]},{\"@type\":\"WebSite\",\"@id\":\"https:\\\/\\\/www.novotek.com\\\/be\\\/#website\",\"url\":\"https:\\\/\\\/www.novotek.com\\\/be\\\/\",\"name\":\"Novotek Belgium\",\"description\":\"Connecter, Mod\u00e9liser, Archiver, Visualiser, Optimiser\",\"potentialAction\":[{\"@type\":\"SearchAction\",\"target\":{\"@type\":\"EntryPoint\",\"urlTemplate\":\"https:\\\/\\\/www.novotek.com\\\/be\\\/?s={search_term_string}\"},\"query-input\":{\"@type\":\"PropertyValueSpecification\",\"valueRequired\":true,\"valueName\":\"search_term_string\"}}],\"inLanguage\":\"fr-BE\"}]}<\/script>\n<!-- \/ Yoast SEO plugin. -->","yoast_head_json":{"title":"Pr&eacute;sentation - Novotek Belgium","description":"Novotek, en collaboration avec ses partenaires, fournit des solutions dans le domaine de l'automatisation et de l'informatisation industrielles. Votre succ\u00e8s, c'est notre objectif !","robots":{"index":"index","follow":"follow","max-snippet":"max-snippet:-1","max-image-preview":"max-image-preview:large","max-video-preview":"max-video-preview:-1"},"canonical":"https:\/\/www.novotek.com\/be\/fr\/presentation\/","og_locale":"fr_FR","og_type":"article","og_title":"Pr&eacute;sentation - Novotek Belgium","og_description":"Novotek, en collaboration avec ses partenaires, fournit des solutions dans le domaine de l'automatisation et de l'informatisation industrielles. Votre succ\u00e8s, c'est notre objectif !","og_url":"https:\/\/www.novotek.com\/be\/fr\/presentation\/","og_site_name":"Novotek Belgium","article_modified_time":"2025-02-21T12:39:53+00:00","twitter_card":"summary_large_image","twitter_misc":{"Dur\u00e9e de lecture est.":"2 minutes"},"schema":{"@context":"https:\/\/schema.org","@graph":[{"@type":"WebPage","@id":"https:\/\/www.novotek.com\/be\/fr\/presentation\/","url":"https:\/\/www.novotek.com\/be\/fr\/presentation\/","name":"Pr&eacute;sentation - Novotek Belgium","isPartOf":{"@id":"https:\/\/www.novotek.com\/be\/#website"},"datePublished":"2022-02-17T13:02:01+00:00","dateModified":"2025-02-21T12:39:53+00:00","description":"Novotek, en collaboration avec ses partenaires, fournit des solutions dans le domaine de l'automatisation et de l'informatisation industrielles. Votre succ\u00e8s, c'est notre objectif !","breadcrumb":{"@id":"https:\/\/www.novotek.com\/be\/fr\/presentation\/#breadcrumb"},"inLanguage":"fr-BE","potentialAction":[{"@type":"ReadAction","target":["https:\/\/www.novotek.com\/be\/fr\/presentation\/"]}]},{"@type":"BreadcrumbList","@id":"https:\/\/www.novotek.com\/be\/fr\/presentation\/#breadcrumb","itemListElement":[{"@type":"ListItem","position":1,"name":"Home","item":"https:\/\/www.novotek.com\/be\/fr\/"},{"@type":"ListItem","position":2,"name":"Pr&eacute;sentation"}]},{"@type":"WebSite","@id":"https:\/\/www.novotek.com\/be\/#website","url":"https:\/\/www.novotek.com\/be\/","name":"Novotek Belgium","description":"Connecter, Mod\u00e9liser, Archiver, Visualiser, Optimiser","potentialAction":[{"@type":"SearchAction","target":{"@type":"EntryPoint","urlTemplate":"https:\/\/www.novotek.com\/be\/?s={search_term_string}"},"query-input":{"@type":"PropertyValueSpecification","valueRequired":true,"valueName":"search_term_string"}}],"inLanguage":"fr-BE"}]}},"_links":{"self":[{"href":"https:\/\/www.novotek.com\/be\/fr\/wp-json\/wp\/v2\/pages\/6230","targetHints":{"allow":["GET"]}}],"collection":[{"href":"https:\/\/www.novotek.com\/be\/fr\/wp-json\/wp\/v2\/pages"}],"about":[{"href":"https:\/\/www.novotek.com\/be\/fr\/wp-json\/wp\/v2\/types\/page"}],"author":[{"embeddable":true,"href":"https:\/\/www.novotek.com\/be\/fr\/wp-json\/wp\/v2\/users\/11"}],"replies":[{"embeddable":true,"href":"https:\/\/www.novotek.com\/be\/fr\/wp-json\/wp\/v2\/comments?post=6230"}],"version-history":[{"count":11,"href":"https:\/\/www.novotek.com\/be\/fr\/wp-json\/wp\/v2\/pages\/6230\/revisions"}],"predecessor-version":[{"id":16580,"href":"https:\/\/www.novotek.com\/be\/fr\/wp-json\/wp\/v2\/pages\/6230\/revisions\/16580"}],"wp:attachment":[{"href":"https:\/\/www.novotek.com\/be\/fr\/wp-json\/wp\/v2\/media?parent=6230"}],"curies":[{"name":"wp","href":"https:\/\/api.w.org\/{rel}","templated":true}]}}