{"id":6234,"date":"2022-02-17T14:02:43","date_gmt":"2022-02-17T13:02:43","guid":{"rendered":"https:\/\/www.novotek.com\/be\/oplossingen-en-producten\/hmi-scada\/"},"modified":"2025-12-22T16:17:20","modified_gmt":"2025-12-22T15:17:20","slug":"hmi-scada","status":"publish","type":"page","link":"https:\/\/www.novotek.com\/be\/fr\/solutions-et-produits\/hmi-scada\/","title":{"rendered":"HMI\/SCADA"},"content":{"rendered":"  <div class=\"hero\">\n    <div class=\"carousel hero-slider small\" data-flickity data-flickity-options='{\"prevNextButtons\": false}'>\n              <div class=\"carousel-cell\">\n          <div class=\"container\">\n            <div class=\"hero-content\">\n                              <h1>SCADA<\/h1>\n<p>Visualisation en temps r\u00e9el, mesure des alarmes et acquisition de donn\u00e9es pour suivre vos processus.<\/p>\n              \n                          <\/div>\n          <\/div>\n\n          <img decoding=\"async\" width=\"1024\" height=\"427\" src=\"https:\/\/www.novotek.com\/be\/wp-content\/uploads\/sites\/9\/NovotekBenelux\/SOLUTIONHMISCADA\/SCADA_systemen_Novotek_1920x800px-1024x427.jpg\" class=\"hero-bg\" alt=\"Hero Img\" fetchpriority=\"high\" srcset=\"https:\/\/www.novotek.com\/be\/wp-content\/uploads\/sites\/9\/NovotekBenelux\/SOLUTIONHMISCADA\/SCADA_systemen_Novotek_1920x800px-1024x427.jpg 1024w, https:\/\/www.novotek.com\/be\/wp-content\/uploads\/sites\/9\/NovotekBenelux\/SOLUTIONHMISCADA\/SCADA_systemen_Novotek_1920x800px-300x125.jpg 300w, https:\/\/www.novotek.com\/be\/wp-content\/uploads\/sites\/9\/NovotekBenelux\/SOLUTIONHMISCADA\/SCADA_systemen_Novotek_1920x800px-768x320.jpg 768w, https:\/\/www.novotek.com\/be\/wp-content\/uploads\/sites\/9\/NovotekBenelux\/SOLUTIONHMISCADA\/SCADA_systemen_Novotek_1920x800px-1536x640.jpg 1536w, https:\/\/www.novotek.com\/be\/wp-content\/uploads\/sites\/9\/NovotekBenelux\/SOLUTIONHMISCADA\/SCADA_systemen_Novotek_1920x800px-2048x853.jpg 2048w\" sizes=\"(max-width: 1024px) 100vw, 1024px\" \/>                  <\/div>\n          <\/div>\n\n      <\/div>\n\n   <div class=\"floating-breadcrumb\"><div class=\"container\"><span><span><a href=\"https:\/\/www.novotek.com\/be\/fr\/\" class=\"breadcrumb-frontpage\">Home<\/a><\/span><\/span><\/div><\/div>\n\n\n<div class=\"container-md heading  \">\n<h2 class=\"wp-block-heading\" id=\"wat-is-hmi-scada\">Qu\u2019est-ce que HMI \/ SCADA&nbsp;?<\/h2>\n<\/div>\n\n<div class=\"container-md paragraph  \">\n<p>La supervision et le suivi du processus de production sont pour un syst\u00e8me HMI\/SCADA une t\u00e2che centrale. L\u2019<strong>Interface Homme Machine<\/strong> intuitive veille \u00e0 ce que les op\u00e9rateurs sachent toujours exactement o\u00f9, quand et \u00e0 quoi ils doivent r\u00e9agir. Un syst\u00e8me SCADA doit \u00eatre <strong>fiable et modulable<\/strong> afin de pouvoir anticiper les d\u00e9faillances et les extensions.<\/p>\n<\/div>\n\n<div class=\"container-md heading  \">\n<h3 class=\"wp-block-heading\" id=\"high-performance-hmi\">High Performance HMI<\/h3>\n<\/div>\n\n<div class=\"container-md paragraph  \">\n<p>High Performance HMI est la nouvelle norme en mati\u00e8re de d\u00e9veloppement d\u2019interfaces utilisateur intuitives. L\u2019utilisation intelligente des couleurs et de la navigation peut am\u00e9liorer l\u2019<strong>efficacit\u00e9 d\u2019un op\u00e9rateur<\/strong> jusqu\u2019\u00e0 40%. Le fait de <strong>pouvoir r\u00e9agir plus rapidement<\/strong> r\u00e9duit le risque de probl\u00e8mes.<\/p>\n<\/div>\n\n<div class=\"container media-text  align\">\n<div class=\"wp-block-media-text is-stacked-on-mobile\" style=\"grid-template-columns:45% auto\"><figure class=\"wp-block-media-text__media\"><img loading=\"lazy\" decoding=\"async\" width=\"1024\" height=\"536\" src=\"https:\/\/www.novotek.com\/be\/wp-content\/uploads\/sites\/9\/\/HMI-SCADA-1024x536.jpg\" alt=\"HMI\/SCADA\" class=\"wp-image-18107 size-full\" srcset=\"https:\/\/www.novotek.com\/be\/wp-content\/uploads\/sites\/9\/HMI-SCADA-1024x536.jpg 1024w, https:\/\/www.novotek.com\/be\/wp-content\/uploads\/sites\/9\/HMI-SCADA-300x157.jpg 300w, https:\/\/www.novotek.com\/be\/wp-content\/uploads\/sites\/9\/HMI-SCADA-768x402.jpg 768w, https:\/\/www.novotek.com\/be\/wp-content\/uploads\/sites\/9\/HMI-SCADA-86x45.jpg 86w, https:\/\/www.novotek.com\/be\/wp-content\/uploads\/sites\/9\/HMI-SCADA-306x160.jpg 306w, https:\/\/www.novotek.com\/be\/wp-content\/uploads\/sites\/9\/HMI-SCADA-636x333.jpg 636w, https:\/\/www.novotek.com\/be\/wp-content\/uploads\/sites\/9\/HMI-SCADA.jpg 1200w\" sizes=\"auto, (max-width: 1024px) 100vw, 1024px\" \/><\/figure><div class=\"wp-block-media-text__content\"><div class=\"container-md heading  \">\n<h3 class=\"wp-block-heading\" id=\"voordelen-van-hmi-scada\">Avantages de HMI\/SCADA&nbsp;:<\/h3>\n<\/div>\n\n<div class=\"container-md list  \">\n<ul id=\"block-1d647b62-ae5a-42a4-8a8c-f9581cb206b7\" class=\"wp-block-list\"><div class=\"container-md list-item  \">\n<li>Navigation intuitive<\/li>\n<\/div>\n\n<div class=\"container-md list-item  \">\n<li>D\u00e9veloppement plus rapide<\/li>\n<\/div>\n\n<div class=\"container-md list-item  \">\n<li>Orient\u00e9 objet<\/li>\n<\/div>\n\n<div class=\"container-md list-item  \">\n<li>HTML5 compatible Web<\/li>\n<\/div>\n\n<div class=\"container-md list-item  \">\n<li>Modulable<\/li>\n<\/div>\n\n<div class=\"container-md list-item  \">\n<li>Fiable<\/li>\n<\/div><\/ul>\n<\/div>\n\n<div class=\"container-md paragraph  \">\n<p><\/p>\n<\/div><\/div><\/div>\n<\/div>\n\n<div class=\"container media-text  align\">\n<div class=\"wp-block-media-text has-media-on-the-right is-stacked-on-mobile\" style=\"grid-template-columns:auto 41%\"><div class=\"wp-block-media-text__content\"><div class=\"container-md paragraph  \">\n<p><em>Guide pratique<\/em><\/p>\n<\/div>\n\n<div class=\"container-md paragraph  \">\n<p id=\"digitaliseren-is-meer-dan-informatie-op-een-tablet-ontvangen\"><br>La num\u00e9risation ne se limite pas \u00e0 la simple r\u00e9ception d&rsquo;informations sur une tablette.<br><br>Num\u00e9risez votre usine gr\u00e2ce \u00e0 un syst\u00e8me SCADA IHM. Ce guide vous explique comment y parvenir et pourquoi c&rsquo;est possible d\u00e8s aujourd&rsquo;hui.<\/p>\n<\/div>\n\n<div class=\"container-md\">\n  <div class=\"download-files\">\n          <strong>T\u00e9l\u00e9charger le guide<\/strong>\n    \n    \n          <ul>\n                  <li>\n                          \n\n              <div class=\"download-single-file-thumbnail\">\n                <a href=\"javascript:void(0);\" data-file=\"18251\" class=\"ajax-download-file\"><img decoding=\"async\" class=\"svg-primary\" src=\"https:\/\/www.novotek.com\/be\/wp-content\/themes\/novotek-multi\/assets\/svg\/file.svg\"><\/a>\n              <\/div>\n\n                <div class=\"download-single-file-content\">\n                <a href=\"javascript:void(0);\" data-file=\"18251\" class=\"ajax-download-file\"><strong>Moderne HMI SCADA guidebook<\/strong><\/a>\n\n                  <div class=\"download-single-file-details\">\n                    PDF                  <\/div>\n                <\/div>\n\n                <div data-file=\"18251\" class=\"download-file-modal cover-bg-modal mobile-fullscreen\">\n                  <div class=\"cover-modal\">\n                    <div class=\"container\">\n                      <img decoding=\"async\" class=\"close close-cover-modal\" src=\"https:\/\/www.novotek.com\/be\/wp-content\/themes\/novotek-multi\/assets\/svg\/close.svg\" alt=\"Close\">\n\n                      <h4>T\u00e9l\u00e9charger le fichier<\/h4>\n\n                      \n                      <div class=\"content\">\n                        <form method=\"POST\" action=\"\">\n                          <div class=\"mb-3\">\n                            <label for=\"firstname18251\">Firstname<\/label>\n                            <input value=\"\" required class=\"w-100 firstname\" id=\"firstname18251\" name=\"firstname\" type=\"text\" placeholder=\"Firstname\">\n                          <\/div>\n\n                          <div class=\"mb-3\">\n                            <label for=\"lastname18251\">Lastname<\/label>\n                            <input value=\"\" required class=\"w-100 lastname\" id=\"lastname18251\" name=\"lastname\" type=\"text\" placeholder=\"Lastname\">\n                          <\/div>\n\n                          <div class=\"mb-3\">\n                            <label for=\"email18251\">Email<\/label>\n                            <input value=\"\" required class=\"w-100 email\" id=\"email18251\" name=\"email\" type=\"email\" placeholder=\"Email\">\n                          <\/div>\n\n                                                      <div class=\"mb-3 d-flex\">\n                              <input value=\"1\" style=\"width: 18px;height: 18px;flex-shrink:0;flex-grow:0;margin-top: 6px;\" id=\"download_form_gdpr_checkbox18251\" name=\"download_form_gdpr_checkbox\" type=\"checkbox\">\n                              <label class=\"ml-3 text-left download_form_gdpr_checkbox-label\" for=\"download_form_gdpr_checkbox18251\"><p>J&rsquo;accepte que mes donn\u00e9es soient trait\u00e9es conform\u00e9ment \u00e0 <a href=\"https:\/\/www.novotek.com\/about-novotek\/privacy-policy\/\">Privacy Policy<\/a> de Novotek.<\/p>\n<\/label>\n                              <style>.download_form_gdpr_checkbox-label p{ text-align: left !important }<\/style>\n                            <\/div>\n                          \n                          <div>\n                            <button type=\"button\" data-file=\"18251\" class=\"download-file-button btn btn-primary\">Download<\/button>\n                          <\/div>\n                        <\/form>\n                      <\/div>\n                    <\/div>\n                  <\/div>\n                <\/div>\n                          \n          <\/li>\n              <\/ul>\n      <\/div>\n<\/div>\n\n\n<script>\n    function setCookie(key, value, expiry) {\n        var expires = new Date();\n        expires.setTime(expires.getTime() + (expiry * 24 * 60 * 60 * 1000));\n        document.cookie = key + '=' + value + ';expires=' + expires.toUTCString() + '; path=\/';\n    }\n\n    jQuery(document).ready(function($) {\n      $('.btn-primary').click(function() {\n        console.log('yes');\n        setCookie('firstname', $('input.firstname').val(), '30');\n        setCookie('lastname', $('input.lastname').val(), '30');\n        setCookie('email', $('input.email').val(), '30');\n      });\n    });\n<\/script><\/div><figure class=\"wp-block-media-text__media\"><a href=\"https:\/\/www.novotek.com\/wp-content\/uploads\/sites\/9\/NovotekBenelux\/SOLUTIONHMISCADA\/Automation-as-the-Edge-Node-of-the-Industrial-Internet-1.pdf\" target=\"_blank\" rel=\"noopener\"><img loading=\"lazy\" decoding=\"async\" width=\"1024\" height=\"489\" src=\"https:\/\/www.novotek.com\/be\/wp-content\/uploads\/sites\/9\/\/Guidebook-scada-preview-1-1024x489.jpg\" alt=\"SCADA Guide\" class=\"wp-image-18441 size-full\" srcset=\"https:\/\/www.novotek.com\/be\/wp-content\/uploads\/sites\/9\/Guidebook-scada-preview-1-1024x489.jpg 1024w, https:\/\/www.novotek.com\/be\/wp-content\/uploads\/sites\/9\/Guidebook-scada-preview-1-300x143.jpg 300w, https:\/\/www.novotek.com\/be\/wp-content\/uploads\/sites\/9\/Guidebook-scada-preview-1-768x367.jpg 768w, https:\/\/www.novotek.com\/be\/wp-content\/uploads\/sites\/9\/Guidebook-scada-preview-1-1536x734.jpg 1536w, https:\/\/www.novotek.com\/be\/wp-content\/uploads\/sites\/9\/Guidebook-scada-preview-1-2048x978.jpg 2048w, https:\/\/www.novotek.com\/be\/wp-content\/uploads\/sites\/9\/Guidebook-scada-preview-1-86x41.jpg 86w, https:\/\/www.novotek.com\/be\/wp-content\/uploads\/sites\/9\/Guidebook-scada-preview-1-306x146.jpg 306w, https:\/\/www.novotek.com\/be\/wp-content\/uploads\/sites\/9\/Guidebook-scada-preview-1-636x304.jpg 636w, https:\/\/www.novotek.com\/be\/wp-content\/uploads\/sites\/9\/Guidebook-scada-preview-1-1632x780.jpg 1632w\" sizes=\"auto, (max-width: 1024px) 100vw, 1024px\" \/><\/a><\/figure><\/div>\n<\/div>\n\n  <div class=\"slider-column-parent\">\n    <div class=\"container\">\n      <div class=\"slider-column-title\">Autres produits<\/div>\n\n      <div class=\"row\">\n        <div class=\"col-12 col-md-4\"><div class=\"column-box\">\n  \n      <div class=\"title\">\n      Proficy iFIX    <\/div>\n  \n      <div class=\"text\">\n      <p><img loading=\"lazy\" decoding=\"async\" class=\"alignnone size-medium wp-image-18005\" src=\"https:\/\/www.novotek.com\/be\/wp-content\/uploads\/sites\/9\/Proficy-iFIX2-Novotek-1-300x259.jpg\" alt=\"\" width=\"300\" height=\"259\" srcset=\"https:\/\/www.novotek.com\/be\/wp-content\/uploads\/sites\/9\/Proficy-iFIX2-Novotek-1-300x259.jpg 300w, https:\/\/www.novotek.com\/be\/wp-content\/uploads\/sites\/9\/Proficy-iFIX2-Novotek-1-86x74.jpg 86w, https:\/\/www.novotek.com\/be\/wp-content\/uploads\/sites\/9\/Proficy-iFIX2-Novotek-1-306x264.jpg 306w, https:\/\/www.novotek.com\/be\/wp-content\/uploads\/sites\/9\/Proficy-iFIX2-Novotek-1-636x548.jpg 636w, https:\/\/www.novotek.com\/be\/wp-content\/uploads\/sites\/9\/Proficy-iFIX2-Novotek-1.jpg 645w\" sizes=\"auto, (max-width: 300px) 100vw, 300px\" \/><\/p>\n<p>Surveillez et contr\u00f4lez le processus de production avec la solution HMI\/SCADA la plus compl\u00e8te du march\u00e9.<\/p>\n    <\/div>\n  \n      <a class=\"link\"  href=\"https:\/\/www.novotek.com\/be\/fr\/solutions-et-produits\/proficy-ifix\/\" target=\"\">\n      Lire plus    <\/a>\n  \n  <\/div>\n\n<\/div><div class=\"col-12 col-md-4\"><div class=\"column-box\">\n  \n      <div class=\"title\">\n      Proficy CIMPLICITY    <\/div>\n  \n      <div class=\"text\">\n      <p><img loading=\"lazy\" decoding=\"async\" class=\"alignnone size-medium wp-image-17996\" src=\"https:\/\/www.novotek.com\/be\/wp-content\/uploads\/sites\/9\/Cimplicity_Novotek-BV-300x215.jpg\" alt=\"\" width=\"300\" height=\"215\" srcset=\"https:\/\/www.novotek.com\/be\/wp-content\/uploads\/sites\/9\/Cimplicity_Novotek-BV-300x215.jpg 300w, https:\/\/www.novotek.com\/be\/wp-content\/uploads\/sites\/9\/Cimplicity_Novotek-BV-86x61.jpg 86w, https:\/\/www.novotek.com\/be\/wp-content\/uploads\/sites\/9\/Cimplicity_Novotek-BV-306x219.jpg 306w, https:\/\/www.novotek.com\/be\/wp-content\/uploads\/sites\/9\/Cimplicity_Novotek-BV.jpg 600w\" sizes=\"auto, (max-width: 300px) 100vw, 300px\" \/><\/p>\n<p>G\u00e9rez la production avec l\u2019une des principales solutions de production discr\u00e8tes HMI\/SCADA sur le march\u00e9.<\/p>\n<p>&nbsp;<\/p>\n    <\/div>\n  \n      <a class=\"link\"  href=\"https:\/\/www.novotek.com\/be\/fr\/solutions-et-produits\/proficy-cimplicity\/\" target=\"\">\n      Lire plus    <\/a>\n  \n  <\/div>\n\n<\/div>      <\/div>\n    <\/div>\n  <\/div>\n","protected":false},"excerpt":{"rendered":"<p>Qu\u2019est-ce que HMI \/ SCADA&nbsp;? La supervision et le suivi du processus de production sont pour un syst\u00e8me HMI\/SCADA une t\u00e2che centrale. L\u2019Interface Homme Machine intuitive veille \u00e0 ce que les op\u00e9rateurs sachent toujours exactement o\u00f9, quand et \u00e0 quoi ils doivent r\u00e9agir. Un syst\u00e8me SCADA doit \u00eatre fiable et modulable afin de pouvoir anticiper [&hellip;]<\/p>\n","protected":false},"author":11,"featured_media":0,"parent":5512,"menu_order":0,"comment_status":"closed","ping_status":"closed","template":"","meta":{"_acf_changed":false,"_relevanssi_hide_post":"","_relevanssi_pin_for_all":"","_relevanssi_pin_keywords":"","_relevanssi_unpin_keywords":"","_relevanssi_related_keywords":"","_relevanssi_related_include_ids":"","_relevanssi_related_exclude_ids":"","_relevanssi_related_no_append":"","_relevanssi_related_not_related":"","_relevanssi_related_posts":"6323,6125,6327,6337","_relevanssi_noindex_reason":"","footnotes":""},"class_list":["post-6234","page","type-page","status-publish","hentry"],"acf":[],"yoast_head":"<!-- This site is optimized with the Yoast SEO plugin v27.4 - https:\/\/yoast.com\/product\/yoast-seo-wordpress\/ -->\n<title>HMI\/SCADA - Novotek Belgium<\/title>\n<meta name=\"description\" content=\"Lancez-vous avec un syst\u00e8me HMI\/SCADA. Le syst\u00e8me qui permet \u00e0 l\u2019op\u00e9rateur de surveiller et superviser le processus de production.\" \/>\n<meta name=\"robots\" content=\"index, follow, max-snippet:-1, max-image-preview:large, max-video-preview:-1\" \/>\n<link rel=\"canonical\" href=\"https:\/\/www.novotek.com\/be\/fr\/solutions-et-produits\/hmi-scada\/\" \/>\n<meta property=\"og:locale\" content=\"fr_FR\" \/>\n<meta property=\"og:type\" content=\"article\" \/>\n<meta property=\"og:title\" content=\"HMI\/SCADA - Novotek Belgium\" \/>\n<meta property=\"og:description\" content=\"Lancez-vous avec un syst\u00e8me HMI\/SCADA. Le syst\u00e8me qui permet \u00e0 l\u2019op\u00e9rateur de surveiller et superviser le processus de production.\" \/>\n<meta property=\"og:url\" content=\"https:\/\/www.novotek.com\/be\/fr\/solutions-et-produits\/hmi-scada\/\" \/>\n<meta property=\"og:site_name\" content=\"Novotek Belgium\" \/>\n<meta property=\"article:modified_time\" content=\"2025-12-22T15:17:20+00:00\" \/>\n<meta property=\"og:image\" content=\"https:\/\/www.novotek.com\/be\/wp-content\/uploads\/sites\/9\/\/HMI-SCADA-1024x536.jpg\" \/>\n<meta name=\"twitter:card\" content=\"summary_large_image\" \/>\n<meta name=\"twitter:label1\" content=\"Dur\u00e9e de lecture est.\" \/>\n\t<meta name=\"twitter:data1\" content=\"2 minutes\" \/>\n<script type=\"application\/ld+json\" class=\"yoast-schema-graph\">{\"@context\":\"https:\\\/\\\/schema.org\",\"@graph\":[{\"@type\":\"WebPage\",\"@id\":\"https:\\\/\\\/www.novotek.com\\\/be\\\/fr\\\/solutions-et-produits\\\/hmi-scada\\\/\",\"url\":\"https:\\\/\\\/www.novotek.com\\\/be\\\/fr\\\/solutions-et-produits\\\/hmi-scada\\\/\",\"name\":\"HMI\\\/SCADA - Novotek Belgium\",\"isPartOf\":{\"@id\":\"https:\\\/\\\/www.novotek.com\\\/be\\\/#website\"},\"primaryImageOfPage\":{\"@id\":\"https:\\\/\\\/www.novotek.com\\\/be\\\/fr\\\/solutions-et-produits\\\/hmi-scada\\\/#primaryimage\"},\"image\":{\"@id\":\"https:\\\/\\\/www.novotek.com\\\/be\\\/fr\\\/solutions-et-produits\\\/hmi-scada\\\/#primaryimage\"},\"thumbnailUrl\":\"https:\\\/\\\/www.novotek.com\\\/be\\\/wp-content\\\/uploads\\\/sites\\\/9\\\/\\\/HMI-SCADA-1024x536.jpg\",\"datePublished\":\"2022-02-17T13:02:43+00:00\",\"dateModified\":\"2025-12-22T15:17:20+00:00\",\"description\":\"Lancez-vous avec un syst\u00e8me HMI\\\/SCADA. Le syst\u00e8me qui permet \u00e0 l\u2019op\u00e9rateur de surveiller et superviser le processus de production.\",\"breadcrumb\":{\"@id\":\"https:\\\/\\\/www.novotek.com\\\/be\\\/fr\\\/solutions-et-produits\\\/hmi-scada\\\/#breadcrumb\"},\"inLanguage\":\"fr-BE\",\"potentialAction\":[{\"@type\":\"ReadAction\",\"target\":[\"https:\\\/\\\/www.novotek.com\\\/be\\\/fr\\\/solutions-et-produits\\\/hmi-scada\\\/\"]}]},{\"@type\":\"ImageObject\",\"inLanguage\":\"fr-BE\",\"@id\":\"https:\\\/\\\/www.novotek.com\\\/be\\\/fr\\\/solutions-et-produits\\\/hmi-scada\\\/#primaryimage\",\"url\":\"https:\\\/\\\/www.novotek.com\\\/be\\\/wp-content\\\/uploads\\\/sites\\\/9\\\/\\\/HMI-SCADA-1024x536.jpg\",\"contentUrl\":\"https:\\\/\\\/www.novotek.com\\\/be\\\/wp-content\\\/uploads\\\/sites\\\/9\\\/\\\/HMI-SCADA-1024x536.jpg\"},{\"@type\":\"BreadcrumbList\",\"@id\":\"https:\\\/\\\/www.novotek.com\\\/be\\\/fr\\\/solutions-et-produits\\\/hmi-scada\\\/#breadcrumb\",\"itemListElement\":[{\"@type\":\"ListItem\",\"position\":1,\"name\":\"Home\",\"item\":\"https:\\\/\\\/www.novotek.com\\\/be\\\/fr\\\/\"},{\"@type\":\"ListItem\",\"position\":2,\"name\":\"Solutions et produits\",\"item\":\"https:\\\/\\\/www.novotek.com\\\/be\\\/fr\\\/solutions-et-produits\\\/\"},{\"@type\":\"ListItem\",\"position\":3,\"name\":\"HMI\\\/SCADA\"}]},{\"@type\":\"WebSite\",\"@id\":\"https:\\\/\\\/www.novotek.com\\\/be\\\/#website\",\"url\":\"https:\\\/\\\/www.novotek.com\\\/be\\\/\",\"name\":\"Novotek Belgium\",\"description\":\"Connecter, Mod\u00e9liser, Archiver, Visualiser, Optimiser\",\"potentialAction\":[{\"@type\":\"SearchAction\",\"target\":{\"@type\":\"EntryPoint\",\"urlTemplate\":\"https:\\\/\\\/www.novotek.com\\\/be\\\/?s={search_term_string}\"},\"query-input\":{\"@type\":\"PropertyValueSpecification\",\"valueRequired\":true,\"valueName\":\"search_term_string\"}}],\"inLanguage\":\"fr-BE\"}]}<\/script>\n<!-- \/ Yoast SEO plugin. -->","yoast_head_json":{"title":"HMI\/SCADA - Novotek Belgium","description":"Lancez-vous avec un syst\u00e8me HMI\/SCADA. Le syst\u00e8me qui permet \u00e0 l\u2019op\u00e9rateur de surveiller et superviser le processus de production.","robots":{"index":"index","follow":"follow","max-snippet":"max-snippet:-1","max-image-preview":"max-image-preview:large","max-video-preview":"max-video-preview:-1"},"canonical":"https:\/\/www.novotek.com\/be\/fr\/solutions-et-produits\/hmi-scada\/","og_locale":"fr_FR","og_type":"article","og_title":"HMI\/SCADA - Novotek Belgium","og_description":"Lancez-vous avec un syst\u00e8me HMI\/SCADA. Le syst\u00e8me qui permet \u00e0 l\u2019op\u00e9rateur de surveiller et superviser le processus de production.","og_url":"https:\/\/www.novotek.com\/be\/fr\/solutions-et-produits\/hmi-scada\/","og_site_name":"Novotek Belgium","article_modified_time":"2025-12-22T15:17:20+00:00","og_image":[{"url":"https:\/\/www.novotek.com\/be\/wp-content\/uploads\/sites\/9\/\/HMI-SCADA-1024x536.jpg","type":"","width":"","height":""}],"twitter_card":"summary_large_image","twitter_misc":{"Dur\u00e9e de lecture est.":"2 minutes"},"schema":{"@context":"https:\/\/schema.org","@graph":[{"@type":"WebPage","@id":"https:\/\/www.novotek.com\/be\/fr\/solutions-et-produits\/hmi-scada\/","url":"https:\/\/www.novotek.com\/be\/fr\/solutions-et-produits\/hmi-scada\/","name":"HMI\/SCADA - Novotek Belgium","isPartOf":{"@id":"https:\/\/www.novotek.com\/be\/#website"},"primaryImageOfPage":{"@id":"https:\/\/www.novotek.com\/be\/fr\/solutions-et-produits\/hmi-scada\/#primaryimage"},"image":{"@id":"https:\/\/www.novotek.com\/be\/fr\/solutions-et-produits\/hmi-scada\/#primaryimage"},"thumbnailUrl":"https:\/\/www.novotek.com\/be\/wp-content\/uploads\/sites\/9\/\/HMI-SCADA-1024x536.jpg","datePublished":"2022-02-17T13:02:43+00:00","dateModified":"2025-12-22T15:17:20+00:00","description":"Lancez-vous avec un syst\u00e8me HMI\/SCADA. Le syst\u00e8me qui permet \u00e0 l\u2019op\u00e9rateur de surveiller et superviser le processus de production.","breadcrumb":{"@id":"https:\/\/www.novotek.com\/be\/fr\/solutions-et-produits\/hmi-scada\/#breadcrumb"},"inLanguage":"fr-BE","potentialAction":[{"@type":"ReadAction","target":["https:\/\/www.novotek.com\/be\/fr\/solutions-et-produits\/hmi-scada\/"]}]},{"@type":"ImageObject","inLanguage":"fr-BE","@id":"https:\/\/www.novotek.com\/be\/fr\/solutions-et-produits\/hmi-scada\/#primaryimage","url":"https:\/\/www.novotek.com\/be\/wp-content\/uploads\/sites\/9\/\/HMI-SCADA-1024x536.jpg","contentUrl":"https:\/\/www.novotek.com\/be\/wp-content\/uploads\/sites\/9\/\/HMI-SCADA-1024x536.jpg"},{"@type":"BreadcrumbList","@id":"https:\/\/www.novotek.com\/be\/fr\/solutions-et-produits\/hmi-scada\/#breadcrumb","itemListElement":[{"@type":"ListItem","position":1,"name":"Home","item":"https:\/\/www.novotek.com\/be\/fr\/"},{"@type":"ListItem","position":2,"name":"Solutions et produits","item":"https:\/\/www.novotek.com\/be\/fr\/solutions-et-produits\/"},{"@type":"ListItem","position":3,"name":"HMI\/SCADA"}]},{"@type":"WebSite","@id":"https:\/\/www.novotek.com\/be\/#website","url":"https:\/\/www.novotek.com\/be\/","name":"Novotek Belgium","description":"Connecter, Mod\u00e9liser, Archiver, Visualiser, Optimiser","potentialAction":[{"@type":"SearchAction","target":{"@type":"EntryPoint","urlTemplate":"https:\/\/www.novotek.com\/be\/?s={search_term_string}"},"query-input":{"@type":"PropertyValueSpecification","valueRequired":true,"valueName":"search_term_string"}}],"inLanguage":"fr-BE"}]}},"_links":{"self":[{"href":"https:\/\/www.novotek.com\/be\/fr\/wp-json\/wp\/v2\/pages\/6234","targetHints":{"allow":["GET"]}}],"collection":[{"href":"https:\/\/www.novotek.com\/be\/fr\/wp-json\/wp\/v2\/pages"}],"about":[{"href":"https:\/\/www.novotek.com\/be\/fr\/wp-json\/wp\/v2\/types\/page"}],"author":[{"embeddable":true,"href":"https:\/\/www.novotek.com\/be\/fr\/wp-json\/wp\/v2\/users\/11"}],"replies":[{"embeddable":true,"href":"https:\/\/www.novotek.com\/be\/fr\/wp-json\/wp\/v2\/comments?post=6234"}],"version-history":[{"count":23,"href":"https:\/\/www.novotek.com\/be\/fr\/wp-json\/wp\/v2\/pages\/6234\/revisions"}],"predecessor-version":[{"id":18493,"href":"https:\/\/www.novotek.com\/be\/fr\/wp-json\/wp\/v2\/pages\/6234\/revisions\/18493"}],"up":[{"embeddable":true,"href":"https:\/\/www.novotek.com\/be\/fr\/wp-json\/wp\/v2\/pages\/5512"}],"wp:attachment":[{"href":"https:\/\/www.novotek.com\/be\/fr\/wp-json\/wp\/v2\/media?parent=6234"}],"curies":[{"name":"wp","href":"https:\/\/api.w.org\/{rel}","templated":true}]}}