{"id":6237,"date":"2022-02-17T14:02:56","date_gmt":"2022-02-17T13:02:56","guid":{"rendered":"https:\/\/www.novotek.com\/be\/oplossingen-en-producten\/oee\/"},"modified":"2025-12-22T16:20:57","modified_gmt":"2025-12-22T15:20:57","slug":"oee","status":"publish","type":"page","link":"https:\/\/www.novotek.com\/be\/fr\/solutions-et-produits\/oee\/","title":{"rendered":"OEE"},"content":{"rendered":"  <div class=\"hero\">\n    <div class=\"carousel hero-slider small\" data-flickity data-flickity-options='{\"prevNextButtons\": false}'>\n              <div class=\"carousel-cell\">\n          <div class=\"container\">\n            <div class=\"hero-content\">\n                              <h1>OEE<\/h1>\n<p>Mesurez la performance de vos machines avec OEE.<\/p>\n              \n                              <a class=\"btn btn-primary\" href=\"https:\/\/www.novotek.com\/be\/fr\/contact\/\">\n                  Demander la d\u00e9mo                <\/a>\n                          <\/div>\n          <\/div>\n\n          <img decoding=\"async\" width=\"1024\" height=\"427\" src=\"https:\/\/www.novotek.com\/be\/wp-content\/uploads\/sites\/9\/Novotek_OEE_duotone_1920x800-1024x427.jpg\" class=\"hero-bg\" alt=\"Hero Img\" fetchpriority=\"high\" srcset=\"https:\/\/www.novotek.com\/be\/wp-content\/uploads\/sites\/9\/Novotek_OEE_duotone_1920x800-1024x427.jpg 1024w, https:\/\/www.novotek.com\/be\/wp-content\/uploads\/sites\/9\/Novotek_OEE_duotone_1920x800-300x125.jpg 300w, https:\/\/www.novotek.com\/be\/wp-content\/uploads\/sites\/9\/Novotek_OEE_duotone_1920x800-768x320.jpg 768w, https:\/\/www.novotek.com\/be\/wp-content\/uploads\/sites\/9\/Novotek_OEE_duotone_1920x800-1536x640.jpg 1536w, https:\/\/www.novotek.com\/be\/wp-content\/uploads\/sites\/9\/Novotek_OEE_duotone_1920x800.jpg 1920w\" sizes=\"(max-width: 1024px) 100vw, 1024px\" \/>                  <\/div>\n          <\/div>\n\n      <\/div>\n\n   <div class=\"floating-breadcrumb\"><div class=\"container\"><span><span><a href=\"https:\/\/www.novotek.com\/be\/fr\/\" class=\"breadcrumb-frontpage\">Home<\/a><\/span><\/span><\/div><\/div>\n\n\n<div class=\"container-md heading  \">\n<h2 class=\"wp-block-heading\" id=\"wat-is-oee\">Qu\u2019est-ce que l\u2019OEE&nbsp;?<\/h2>\n<\/div>\n\n<div class=\"container-md paragraph  \">\n<p><br>OEE signifie <strong>Overall Equipment Effectiveness<\/strong> ou taux de rendement global. \u00c1 cet \u00e9gard, les arr\u00eats sont automatiquement enregistr\u00e9s, ainsi que les pertes de vitesse et de qualit\u00e9. L\u2019objectif est une cadence de production optimale. Lisez l\u2019article sur l\u2019OEE avec davantage d\u2019explications sur la structure des KPI.<\/p>\n<\/div>\n\n<div class=\"container-md buttons  \">\n<div class=\"wp-block-buttons is-layout-flex wp-block-buttons-is-layout-flex\"><div class=\"container-md button  \">\n<div class=\"wp-block-button\"><a class=\"wp-block-button__link has-white-color has-black-background-color has-text-color has-background wp-element-button\" href=\"https:\/\/www.novotek.com\/be\/insight\/wat-is-oee\/\">Article sur l\u2019OEE<\/a><\/div>\n<\/div><\/div>\n<\/div>\n\n<div class=\"container-md paragraph  \">\n<p><\/p>\n<\/div>\n\n<div class=\"container-md paragraph  \">\n<p class=\"has-black-color has-text-color\">Apr\u00e8s l&rsquo;OEE, vous pouvez \u00e9galement vous int\u00e9resser \u00e0 la planification d\u00e9taill\u00e9e et au <a href=\"https:\/\/www.novotek.com\/be\/fr\/solutions-et-produits\/mes\/\">MES.<\/a><\/p>\n<\/div>\n\n<div class=\"container-md image  \">\n<figure class=\"wp-block-image size-full\"><img loading=\"lazy\" decoding=\"async\" width=\"1024\" height=\"461\" src=\"https:\/\/www.novotek.com\/be\/wp-content\/uploads\/sites\/9\/NovotekBenelux\/SOLUTIONOEE\/OEE_KPI_1300px-1024x461-1.png\" alt=\"L'OEE comme indicateur cl\u00e9 de performance pour atteindre une vitesse de production optimale\" class=\"wp-image-965\" srcset=\"https:\/\/www.novotek.com\/be\/wp-content\/uploads\/sites\/9\/NovotekBenelux\/SOLUTIONOEE\/OEE_KPI_1300px-1024x461-1.png 1024w, https:\/\/www.novotek.com\/be\/wp-content\/uploads\/sites\/9\/NovotekBenelux\/SOLUTIONOEE\/OEE_KPI_1300px-1024x461-1-300x135.png 300w, https:\/\/www.novotek.com\/be\/wp-content\/uploads\/sites\/9\/NovotekBenelux\/SOLUTIONOEE\/OEE_KPI_1300px-1024x461-1-768x346.png 768w\" sizes=\"auto, (max-width: 1024px) 100vw, 1024px\" \/><\/figure>\n<\/div>\n\n<div class=\"container media-text  align\">\n<div class=\"wp-block-media-text is-stacked-on-mobile\"><figure class=\"wp-block-media-text__media\"><img loading=\"lazy\" decoding=\"async\" width=\"1024\" height=\"614\" src=\"https:\/\/www.novotek.com\/wp-content\/uploads\/sites\/9\/Aanvragen\/Demo-aanvraag-Novotek-Benelux.png\" alt=\"Demandez la d\u00e9mo\" class=\"wp-image-1791 size-full\" srcset=\"https:\/\/www.novotek.com\/be\/wp-content\/uploads\/sites\/9\/Aanvragen\/Demo-aanvraag-Novotek-Benelux.png 1024w, https:\/\/www.novotek.com\/be\/wp-content\/uploads\/sites\/9\/Aanvragen\/Demo-aanvraag-Novotek-Benelux-300x180.png 300w, https:\/\/www.novotek.com\/be\/wp-content\/uploads\/sites\/9\/Aanvragen\/Demo-aanvraag-Novotek-Benelux-768x461.png 768w\" sizes=\"auto, (max-width: 1024px) 100vw, 1024px\" \/><\/figure><div class=\"wp-block-media-text__content\"><div class=\"container-md paragraph  \">\n<p>Demande de d\u00e9mo<\/p>\n<\/div>\n\n<div class=\"container-md heading  \">\n<h2 class=\"wp-block-heading\" id=\"ervaar-zelf-hoe-u-uw-productieproces-kunt-optimaliseren\">D\u00e9couvrez comment optimiser votre processus de production<\/h2>\n<\/div>\n\n<div class=\"container-md paragraph  \">\n<p>Lancez la d\u00e9mo OEE et regardez comment travailler avec un logiciel OEE en votre qualit\u00e9 de directeur d\u2019usine ou d\u2019op\u00e9rateur.<\/p>\n<\/div>\n\n<div class=\"container-md buttons  \">\n<div class=\"wp-block-buttons is-layout-flex wp-block-buttons-is-layout-flex\"><div class=\"container-md button  \">\n<div class=\"wp-block-button\"><a class=\"wp-block-button__link has-vivid-red-background-color has-background wp-element-button\" href=\"https:\/\/www.gevernova.com\/software\/products\/manufacturing-execution-systems\/cloud-oee\">D\u00c9MO OEE<\/a><\/div>\n<\/div><\/div>\n<\/div>\n\n<div class=\"container-md paragraph  \">\n<p><\/p>\n<\/div><\/div><\/div>\n<\/div>\n\n  <div class=\"hero\">\n    <div class=\"carousel hero-slider small\" data-flickity data-flickity-options='{\"prevNextButtons\": false}'>\n              <div class=\"carousel-cell\">\n          <div class=\"container\">\n            <div class=\"hero-content\">\n                              <h2 id=\"block-970dccce-d228-456b-b051-486efb08d884\" class=\"block-editor-rich-text__editable block-editor-block-list__block wp-block is-selected rich-text\" role=\"group\" aria-label=\"Block: Heading\" data-block=\"970dccce-d228-456b-b051-486efb08d884\" data-type=\"core\/heading\" data-title=\"Heading\">Des conseils sur mesure<\/h2>\n<p>Novotek peut vous aider <strong>\u00e0 mettre en place<\/strong> un <strong>syst\u00e8me OEE<\/strong>. Avec un <strong>Proof-of-Concept<\/strong>, nous pouvons rapidement d\u00e9montrer la valeur ajout\u00e9e pour vous et voir comment nous pouvons ensuite d\u00e9ployer le syst\u00e8me.<\/p>\n              \n                              <a class=\"btn btn-primary\" href=\"https:\/\/www.novotek.com\/be\/fr\/contact\/\">\n                  Plus d&rsquo;informations                <\/a>\n                          <\/div>\n          <\/div>\n\n          <img decoding=\"async\" width=\"1024\" height=\"427\" src=\"https:\/\/www.novotek.com\/be\/wp-content\/uploads\/sites\/9\/Novotek_support_training\/novotek-staff-at-meeting-header-duplex-cyan-1024x427.jpg.webp\" class=\"hero-bg\" alt=\"Hero Img\" fetchpriority=\"high\" srcset=\"https:\/\/www.novotek.com\/be\/wp-content\/uploads\/sites\/9\/Novotek_support_training\/novotek-staff-at-meeting-header-duplex-cyan-1024x427.jpg.webp 1024w, https:\/\/www.novotek.com\/be\/wp-content\/uploads\/sites\/9\/Novotek_support_training\/novotek-staff-at-meeting-header-duplex-cyan-300x125.jpg.webp 300w, https:\/\/www.novotek.com\/be\/wp-content\/uploads\/sites\/9\/Novotek_support_training\/novotek-staff-at-meeting-header-duplex-cyan-768x320.jpg.webp 768w, https:\/\/www.novotek.com\/be\/wp-content\/uploads\/sites\/9\/Novotek_support_training\/novotek-staff-at-meeting-header-duplex-cyan-1536x640.jpg.webp 1536w, https:\/\/www.novotek.com\/be\/wp-content\/uploads\/sites\/9\/Novotek_support_training\/novotek-staff-at-meeting-header-duplex-cyan.jpg.webp 1920w\" sizes=\"(max-width: 1024px) 100vw, 1024px\" \/>                  <\/div>\n          <\/div>\n\n      <\/div>\n\n   \n\n\n  <div class=\"slider-column-parent\">\n    <div class=\"container\">\n      <div class=\"slider-column-title\">Produits OEE <\/div>\n\n      <div class=\"row\">\n        <div class=\"col-12 col-md-4\"><div class=\"column-box\">\n  \n      <div class=\"title\">\n      Proficy Historian    <\/div>\n  \n      <div class=\"text\">\n      <p>&nbsp;<\/p>\n<p><img loading=\"lazy\" decoding=\"async\" class=\"alignnone size-medium wp-image-18000\" src=\"https:\/\/www.novotek.com\/be\/wp-content\/uploads\/sites\/9\/Proficy_Historian_Novotek-Benelux-2-300x261.jpg\" alt=\"\" width=\"300\" height=\"261\" srcset=\"https:\/\/www.novotek.com\/be\/wp-content\/uploads\/sites\/9\/Proficy_Historian_Novotek-Benelux-2-300x261.jpg 300w, https:\/\/www.novotek.com\/be\/wp-content\/uploads\/sites\/9\/Proficy_Historian_Novotek-Benelux-2-86x75.jpg 86w, https:\/\/www.novotek.com\/be\/wp-content\/uploads\/sites\/9\/Proficy_Historian_Novotek-Benelux-2-306x266.jpg 306w, https:\/\/www.novotek.com\/be\/wp-content\/uploads\/sites\/9\/Proficy_Historian_Novotek-Benelux-2.jpg 600w\" sizes=\"auto, (max-width: 300px) 100vw, 300px\" \/><\/p>\n<p>Krachtige data-opslag met standaard buffering en cloud-connectiviteit<\/p>\n    <\/div>\n  \n      <a class=\"link\"  href=\"https:\/\/www.novotek.com\/be\/fr\/solutions-et-produits\/proficy-historian\/\" target=\"\">\n      Informations sur Proficy Historian    <\/a>\n  \n  <\/div>\n\n<\/div><div class=\"col-12 col-md-4\"><div class=\"column-box\">\n  \n      <div class=\"title\">\n      Plant Applications    <\/div>\n  \n      <div class=\"text\">\n      <p><a href=\"https:\/\/www.novotek.com\/be\/fr\/solutions-et-produits\/proficy-plant-applications\/\"><img loading=\"lazy\" decoding=\"async\" class=\"alignnone size-medium wp-image-18007\" src=\"https:\/\/www.novotek.com\/be\/wp-content\/uploads\/sites\/9\/Proficy-Plant-Applications-1-1-300x261.jpg\" alt=\"\" width=\"300\" height=\"261\" srcset=\"https:\/\/www.novotek.com\/be\/wp-content\/uploads\/sites\/9\/Proficy-Plant-Applications-1-1-300x261.jpg 300w, https:\/\/www.novotek.com\/be\/wp-content\/uploads\/sites\/9\/Proficy-Plant-Applications-1-1-86x75.jpg 86w, https:\/\/www.novotek.com\/be\/wp-content\/uploads\/sites\/9\/Proficy-Plant-Applications-1-1-306x266.jpg 306w, https:\/\/www.novotek.com\/be\/wp-content\/uploads\/sites\/9\/Proficy-Plant-Applications-1-1.jpg 600w\" sizes=\"auto, (max-width: 300px) 100vw, 300px\" \/><\/a><\/p>\n<p>Optimisez votre processus de production avec la suite MES compl\u00e8te de GE Vernova.<\/p>\n    <\/div>\n  \n      <a class=\"link\"  href=\"https:\/\/www.novotek.com\/be\/fr\/solutions-et-produits\/proficy-plant-applications\/\" target=\"\">\n      Proficy Plant Applications    <\/a>\n  \n  <\/div>\n\n<\/div><div class=\"col-12 col-md-4\"><div class=\"column-box\">\n  \n      <div class=\"title\">\n      Proficy Operations Hub    <\/div>\n  \n      <div class=\"text\">\n      <p>Cr\u00e9ez vos propres tableaux de bord pour visualiser les donn\u00e9es rapidement et facilement.<\/p>\n    <\/div>\n  \n      <a class=\"link\"  href=\"https:\/\/www.novotek.com\/be\/fr\/solutions-et-produits\/proficy-operations-hub\/\" target=\"\">\n      Informations sur Operations Hub    <\/a>\n  \n  <\/div>\n\n<\/div>      <\/div>\n    <\/div>\n  <\/div>\n\n\n<div class=\"container-md paragraph  \">\n<p><\/p>\n<\/div>","protected":false},"excerpt":{"rendered":"<p>Qu&rsquo;est-ce que l&rsquo;OEE&nbsp;?<\/p>\n","protected":false},"author":11,"featured_media":965,"parent":5512,"menu_order":0,"comment_status":"closed","ping_status":"closed","template":"","meta":{"_acf_changed":false,"_relevanssi_hide_post":"","_relevanssi_pin_for_all":"","_relevanssi_pin_keywords":"","_relevanssi_unpin_keywords":"","_relevanssi_related_keywords":"","_relevanssi_related_include_ids":"","_relevanssi_related_exclude_ids":"","_relevanssi_related_no_append":"","_relevanssi_related_not_related":"","_relevanssi_related_posts":"6323,6327,6125,6337","_relevanssi_noindex_reason":"","footnotes":""},"class_list":["post-6237","page","type-page","status-publish","has-post-thumbnail","hentry"],"acf":[],"yoast_head":"<!-- This site is optimized with the Yoast SEO plugin v27.4 - https:\/\/yoast.com\/product\/yoast-seo-wordpress\/ -->\n<title>OEE - Novotek Belgium<\/title>\n<meta name=\"description\" content=\"La solution OEE - Overall Equipment Effectiveness - permet d\u2019atteindre une vitesse de production optimale, consultez la d\u00e9mo.\" \/>\n<meta name=\"robots\" content=\"index, follow, max-snippet:-1, max-image-preview:large, max-video-preview:-1\" \/>\n<link rel=\"canonical\" href=\"https:\/\/www.novotek.com\/be\/fr\/solutions-et-produits\/oee\/\" \/>\n<meta property=\"og:locale\" content=\"fr_FR\" \/>\n<meta property=\"og:type\" content=\"article\" \/>\n<meta property=\"og:title\" content=\"OEE - Novotek Belgium\" \/>\n<meta property=\"og:description\" content=\"La solution OEE - Overall Equipment Effectiveness - permet d\u2019atteindre une vitesse de production optimale, consultez la d\u00e9mo.\" \/>\n<meta property=\"og:url\" content=\"https:\/\/www.novotek.com\/be\/fr\/solutions-et-produits\/oee\/\" \/>\n<meta property=\"og:site_name\" content=\"Novotek Belgium\" \/>\n<meta property=\"article:modified_time\" content=\"2025-12-22T15:20:57+00:00\" \/>\n<meta property=\"og:image\" content=\"https:\/\/www.novotek.com\/be\/wp-content\/uploads\/sites\/9\/NovotekBenelux\/SOLUTIONOEE\/OEE_KPI_1300px-1024x461-1.png\" \/>\n\t<meta property=\"og:image:width\" content=\"1024\" \/>\n\t<meta property=\"og:image:height\" content=\"461\" \/>\n\t<meta property=\"og:image:type\" content=\"image\/png\" \/>\n<meta name=\"twitter:card\" content=\"summary_large_image\" \/>\n<meta name=\"twitter:label1\" content=\"Dur\u00e9e de lecture est.\" \/>\n\t<meta name=\"twitter:data1\" content=\"2 minutes\" \/>\n<script type=\"application\/ld+json\" class=\"yoast-schema-graph\">{\"@context\":\"https:\\\/\\\/schema.org\",\"@graph\":[{\"@type\":\"WebPage\",\"@id\":\"https:\\\/\\\/www.novotek.com\\\/be\\\/fr\\\/solutions-et-produits\\\/oee\\\/\",\"url\":\"https:\\\/\\\/www.novotek.com\\\/be\\\/fr\\\/solutions-et-produits\\\/oee\\\/\",\"name\":\"OEE - Novotek Belgium\",\"isPartOf\":{\"@id\":\"https:\\\/\\\/www.novotek.com\\\/be\\\/#website\"},\"primaryImageOfPage\":{\"@id\":\"https:\\\/\\\/www.novotek.com\\\/be\\\/fr\\\/solutions-et-produits\\\/oee\\\/#primaryimage\"},\"image\":{\"@id\":\"https:\\\/\\\/www.novotek.com\\\/be\\\/fr\\\/solutions-et-produits\\\/oee\\\/#primaryimage\"},\"thumbnailUrl\":\"https:\\\/\\\/www.novotek.com\\\/be\\\/wp-content\\\/uploads\\\/sites\\\/9\\\/NovotekBenelux\\\/SOLUTIONOEE\\\/OEE_KPI_1300px-1024x461-1.png\",\"datePublished\":\"2022-02-17T13:02:56+00:00\",\"dateModified\":\"2025-12-22T15:20:57+00:00\",\"description\":\"La solution OEE - Overall Equipment Effectiveness - permet d\u2019atteindre une vitesse de production optimale, consultez la d\u00e9mo.\",\"breadcrumb\":{\"@id\":\"https:\\\/\\\/www.novotek.com\\\/be\\\/fr\\\/solutions-et-produits\\\/oee\\\/#breadcrumb\"},\"inLanguage\":\"fr-BE\",\"potentialAction\":[{\"@type\":\"ReadAction\",\"target\":[\"https:\\\/\\\/www.novotek.com\\\/be\\\/fr\\\/solutions-et-produits\\\/oee\\\/\"]}]},{\"@type\":\"ImageObject\",\"inLanguage\":\"fr-BE\",\"@id\":\"https:\\\/\\\/www.novotek.com\\\/be\\\/fr\\\/solutions-et-produits\\\/oee\\\/#primaryimage\",\"url\":\"https:\\\/\\\/www.novotek.com\\\/be\\\/wp-content\\\/uploads\\\/sites\\\/9\\\/NovotekBenelux\\\/SOLUTIONOEE\\\/OEE_KPI_1300px-1024x461-1.png\",\"contentUrl\":\"https:\\\/\\\/www.novotek.com\\\/be\\\/wp-content\\\/uploads\\\/sites\\\/9\\\/NovotekBenelux\\\/SOLUTIONOEE\\\/OEE_KPI_1300px-1024x461-1.png\",\"width\":1024,\"height\":461,\"caption\":\"Solution OEE taux de rendement global\"},{\"@type\":\"BreadcrumbList\",\"@id\":\"https:\\\/\\\/www.novotek.com\\\/be\\\/fr\\\/solutions-et-produits\\\/oee\\\/#breadcrumb\",\"itemListElement\":[{\"@type\":\"ListItem\",\"position\":1,\"name\":\"Home\",\"item\":\"https:\\\/\\\/www.novotek.com\\\/be\\\/fr\\\/\"},{\"@type\":\"ListItem\",\"position\":2,\"name\":\"Solutions et produits\",\"item\":\"https:\\\/\\\/www.novotek.com\\\/be\\\/fr\\\/solutions-et-produits\\\/\"},{\"@type\":\"ListItem\",\"position\":3,\"name\":\"OEE\"}]},{\"@type\":\"WebSite\",\"@id\":\"https:\\\/\\\/www.novotek.com\\\/be\\\/#website\",\"url\":\"https:\\\/\\\/www.novotek.com\\\/be\\\/\",\"name\":\"Novotek Belgium\",\"description\":\"Connecter, Mod\u00e9liser, Archiver, Visualiser, Optimiser\",\"potentialAction\":[{\"@type\":\"SearchAction\",\"target\":{\"@type\":\"EntryPoint\",\"urlTemplate\":\"https:\\\/\\\/www.novotek.com\\\/be\\\/?s={search_term_string}\"},\"query-input\":{\"@type\":\"PropertyValueSpecification\",\"valueRequired\":true,\"valueName\":\"search_term_string\"}}],\"inLanguage\":\"fr-BE\"}]}<\/script>\n<!-- \/ Yoast SEO plugin. -->","yoast_head_json":{"title":"OEE - Novotek Belgium","description":"La solution OEE - Overall Equipment Effectiveness - permet d\u2019atteindre une vitesse de production optimale, consultez la d\u00e9mo.","robots":{"index":"index","follow":"follow","max-snippet":"max-snippet:-1","max-image-preview":"max-image-preview:large","max-video-preview":"max-video-preview:-1"},"canonical":"https:\/\/www.novotek.com\/be\/fr\/solutions-et-produits\/oee\/","og_locale":"fr_FR","og_type":"article","og_title":"OEE - Novotek Belgium","og_description":"La solution OEE - Overall Equipment Effectiveness - permet d\u2019atteindre une vitesse de production optimale, consultez la d\u00e9mo.","og_url":"https:\/\/www.novotek.com\/be\/fr\/solutions-et-produits\/oee\/","og_site_name":"Novotek Belgium","article_modified_time":"2025-12-22T15:20:57+00:00","og_image":[{"width":1024,"height":461,"url":"https:\/\/www.novotek.com\/be\/wp-content\/uploads\/sites\/9\/NovotekBenelux\/SOLUTIONOEE\/OEE_KPI_1300px-1024x461-1.png","type":"image\/png"}],"twitter_card":"summary_large_image","twitter_misc":{"Dur\u00e9e de lecture est.":"2 minutes"},"schema":{"@context":"https:\/\/schema.org","@graph":[{"@type":"WebPage","@id":"https:\/\/www.novotek.com\/be\/fr\/solutions-et-produits\/oee\/","url":"https:\/\/www.novotek.com\/be\/fr\/solutions-et-produits\/oee\/","name":"OEE - Novotek Belgium","isPartOf":{"@id":"https:\/\/www.novotek.com\/be\/#website"},"primaryImageOfPage":{"@id":"https:\/\/www.novotek.com\/be\/fr\/solutions-et-produits\/oee\/#primaryimage"},"image":{"@id":"https:\/\/www.novotek.com\/be\/fr\/solutions-et-produits\/oee\/#primaryimage"},"thumbnailUrl":"https:\/\/www.novotek.com\/be\/wp-content\/uploads\/sites\/9\/NovotekBenelux\/SOLUTIONOEE\/OEE_KPI_1300px-1024x461-1.png","datePublished":"2022-02-17T13:02:56+00:00","dateModified":"2025-12-22T15:20:57+00:00","description":"La solution OEE - Overall Equipment Effectiveness - permet d\u2019atteindre une vitesse de production optimale, consultez la d\u00e9mo.","breadcrumb":{"@id":"https:\/\/www.novotek.com\/be\/fr\/solutions-et-produits\/oee\/#breadcrumb"},"inLanguage":"fr-BE","potentialAction":[{"@type":"ReadAction","target":["https:\/\/www.novotek.com\/be\/fr\/solutions-et-produits\/oee\/"]}]},{"@type":"ImageObject","inLanguage":"fr-BE","@id":"https:\/\/www.novotek.com\/be\/fr\/solutions-et-produits\/oee\/#primaryimage","url":"https:\/\/www.novotek.com\/be\/wp-content\/uploads\/sites\/9\/NovotekBenelux\/SOLUTIONOEE\/OEE_KPI_1300px-1024x461-1.png","contentUrl":"https:\/\/www.novotek.com\/be\/wp-content\/uploads\/sites\/9\/NovotekBenelux\/SOLUTIONOEE\/OEE_KPI_1300px-1024x461-1.png","width":1024,"height":461,"caption":"Solution OEE taux de rendement global"},{"@type":"BreadcrumbList","@id":"https:\/\/www.novotek.com\/be\/fr\/solutions-et-produits\/oee\/#breadcrumb","itemListElement":[{"@type":"ListItem","position":1,"name":"Home","item":"https:\/\/www.novotek.com\/be\/fr\/"},{"@type":"ListItem","position":2,"name":"Solutions et produits","item":"https:\/\/www.novotek.com\/be\/fr\/solutions-et-produits\/"},{"@type":"ListItem","position":3,"name":"OEE"}]},{"@type":"WebSite","@id":"https:\/\/www.novotek.com\/be\/#website","url":"https:\/\/www.novotek.com\/be\/","name":"Novotek Belgium","description":"Connecter, Mod\u00e9liser, Archiver, Visualiser, Optimiser","potentialAction":[{"@type":"SearchAction","target":{"@type":"EntryPoint","urlTemplate":"https:\/\/www.novotek.com\/be\/?s={search_term_string}"},"query-input":{"@type":"PropertyValueSpecification","valueRequired":true,"valueName":"search_term_string"}}],"inLanguage":"fr-BE"}]}},"_links":{"self":[{"href":"https:\/\/www.novotek.com\/be\/fr\/wp-json\/wp\/v2\/pages\/6237","targetHints":{"allow":["GET"]}}],"collection":[{"href":"https:\/\/www.novotek.com\/be\/fr\/wp-json\/wp\/v2\/pages"}],"about":[{"href":"https:\/\/www.novotek.com\/be\/fr\/wp-json\/wp\/v2\/types\/page"}],"author":[{"embeddable":true,"href":"https:\/\/www.novotek.com\/be\/fr\/wp-json\/wp\/v2\/users\/11"}],"replies":[{"embeddable":true,"href":"https:\/\/www.novotek.com\/be\/fr\/wp-json\/wp\/v2\/comments?post=6237"}],"version-history":[{"count":15,"href":"https:\/\/www.novotek.com\/be\/fr\/wp-json\/wp\/v2\/pages\/6237\/revisions"}],"predecessor-version":[{"id":18105,"href":"https:\/\/www.novotek.com\/be\/fr\/wp-json\/wp\/v2\/pages\/6237\/revisions\/18105"}],"up":[{"embeddable":true,"href":"https:\/\/www.novotek.com\/be\/fr\/wp-json\/wp\/v2\/pages\/5512"}],"wp:featuredmedia":[{"embeddable":true,"href":"https:\/\/www.novotek.com\/be\/fr\/wp-json\/wp\/v2\/media\/965"}],"wp:attachment":[{"href":"https:\/\/www.novotek.com\/be\/fr\/wp-json\/wp\/v2\/media?parent=6237"}],"curies":[{"name":"wp","href":"https:\/\/api.w.org\/{rel}","templated":true}]}}