{"id":6239,"date":"2022-02-17T14:03:14","date_gmt":"2022-02-17T13:03:14","guid":{"rendered":"https:\/\/www.novotek.com\/be\/oplossingen-en-producten\/cogent-datahub\/"},"modified":"2025-12-22T15:14:43","modified_gmt":"2025-12-22T14:14:43","slug":"cogent-datahub","status":"publish","type":"page","link":"https:\/\/www.novotek.com\/be\/fr\/solutions-et-produits\/cogent-datahub\/","title":{"rendered":"Cogent Datahub"},"content":{"rendered":"  <div class=\"hero\">\n    <div class=\"carousel hero-slider small\" data-flickity data-flickity-options='{\"prevNextButtons\": false}'>\n              <div class=\"carousel-cell\">\n          <div class=\"container\">\n            <div class=\"hero-content\">\n                              <h1>Cogent Datahub<\/h1>\n<p>Acc\u00e8s s\u00e9curis\u00e9 aux donn\u00e9es d\u2019usine en temps r\u00e9el sans ports ouverts.<\/p>\n              \n                              <a class=\"btn btn-primary\" href=\"https:\/\/cogentdatahub.com\/download\/\">\n                  Demander un essai                <\/a>\n                          <\/div>\n          <\/div>\n\n          <img decoding=\"async\" width=\"1024\" height=\"681\" src=\"https:\/\/www.novotek.com\/be\/wp-content\/uploads\/sites\/9\/global-network-concept-photo-2-1024x681.jpg.webp\" class=\"hero-bg\" alt=\"Hero Img\" fetchpriority=\"high\" srcset=\"https:\/\/www.novotek.com\/be\/wp-content\/uploads\/sites\/9\/global-network-concept-photo-2-1024x681.jpg.webp 1024w, https:\/\/www.novotek.com\/be\/wp-content\/uploads\/sites\/9\/global-network-concept-photo-2-300x200.jpg.webp 300w, https:\/\/www.novotek.com\/be\/wp-content\/uploads\/sites\/9\/global-network-concept-photo-2-768x511.jpg.webp 768w, https:\/\/www.novotek.com\/be\/wp-content\/uploads\/sites\/9\/global-network-concept-photo-2-1536x1022.jpg.webp 1536w, https:\/\/www.novotek.com\/be\/wp-content\/uploads\/sites\/9\/global-network-concept-photo-2-2048x1363.jpg.webp 2048w\" sizes=\"(max-width: 1024px) 100vw, 1024px\" \/>                  <\/div>\n          <\/div>\n\n      <\/div>\n\n   <div class=\"floating-breadcrumb\"><div class=\"container\"><span><span><a href=\"https:\/\/www.novotek.com\/be\/fr\/\" class=\"breadcrumb-frontpage\">Home<\/a><\/span><\/span><\/div><\/div>\n\n\n<div class=\"container-md heading  \">\n<h2 class=\"wp-block-heading\" id=\"datatunneling-op-een-veilige-manier\">Tunneling des donn\u00e9es en toute s\u00e9curit\u00e9<\/h2>\n<\/div>\n\n<div class=\"container-md paragraph  \">\n<p>Cogent Datahub est une solution unique pour la transmission en continu s\u00fbre des donn\u00e9es de processus sans devoir ouvrir de port pare-feu. Vous transmettez ainsi des donn\u00e9es de l\u2019usine ou d\u2019une machine de mani\u00e8re s\u00fbre et transparente vers une autre application.<\/p>\n<\/div>\n\n<div class=\"container-md paragraph  \">\n<p><\/p>\n<\/div>\n\n<div class=\"container-md embed  \">\n<figure class=\"wp-block-embed is-type-video is-provider-youtube wp-block-embed-youtube wp-embed-aspect-16-9 wp-has-aspect-ratio\"><div class=\"wp-block-embed__wrapper\">\n<iframe loading=\"lazy\" title=\"Cogent DataHub - The Invisible Tunneller from Skkynet\" width=\"1440\" height=\"810\" src=\"https:\/\/www.youtube.com\/embed\/2ajRLkgSBBU?feature=oembed\" frameborder=\"0\" allow=\"accelerometer; autoplay; clipboard-write; encrypted-media; gyroscope; picture-in-picture; web-share\" referrerpolicy=\"strict-origin-when-cross-origin\" allowfullscreen><\/iframe>\n<\/div><\/figure>\n<\/div>\n\n<div class=\"container-md spacer  \">\n<div style=\"height:10px\" aria-hidden=\"true\" class=\"wp-block-spacer\"><\/div>\n<\/div>\n\n<div class=\"container-md spacer  \">\n<div style=\"height:20px\" aria-hidden=\"true\" class=\"wp-block-spacer\"><\/div>\n<\/div>\n\n<div class=\"container media-text  alignwide\">\n<div class=\"wp-block-media-text alignwide is-stacked-on-mobile\"><figure class=\"wp-block-media-text__media\"><img loading=\"lazy\" decoding=\"async\" width=\"538\" height=\"344\" src=\"https:\/\/www.novotek.com\/wp-content\/uploads\/sites\/9\/NovotekProducten\/ProductCogentDatahub\/cogent.png\" alt=\"Datahub Transfer Protocol (DHTP)\" class=\"wp-image-1016 size-full\" srcset=\"https:\/\/www.novotek.com\/be\/wp-content\/uploads\/sites\/9\/NovotekProducten\/ProductCogentDatahub\/cogent.png 538w, https:\/\/www.novotek.com\/be\/wp-content\/uploads\/sites\/9\/NovotekProducten\/ProductCogentDatahub\/cogent-300x192.png 300w\" sizes=\"auto, (max-width: 538px) 100vw, 538px\" \/><\/figure><div class=\"wp-block-media-text__content\"><div class=\"container-md heading  \">\n<h2 class=\"wp-block-heading\" id=\"al-meer-dan-20-jaar-ervaring-in-veilige-communicatie\">Plus de 20 ann\u00e9es d\u2019exp\u00e9rience dans la communication s\u00fbre<\/h2>\n<\/div>\n\n<div class=\"container-md paragraph  \">\n<p>Cogent Datahub\u00ae exploite le DataHub Transfer Protocol (DHTP) pour l\u2019envoi et&nbsp;la r\u00e9ception de donn\u00e9es en temps r\u00e9el via TCP, par le biais d\u2019un r\u00e9seau LAN, WAN ou internet. Initialement bas\u00e9 sur HTTP, DHTP prend entre-temps en charge les protocoles SSL et WebSocket. D\u00e9velopp\u00e9 en continu depuis plus de 20 ans, DHTP est un protocole ouvert qui se d\u00e9cline en deux parties, \u00e0 savoir DataHub API et DataHub Command Set.<\/p>\n<\/div><\/div><\/div>\n<\/div>\n\n<div class=\"container media-text  alignwide\">\n<div class=\"wp-block-media-text alignwide has-media-on-the-right is-stacked-on-mobile\"><div class=\"wp-block-media-text__content\"><div class=\"container-md heading  \">\n<h2 class=\"wp-block-heading\" id=\"realtime-transparant-en-bi-directioneel\">En temps r\u00e9el, transparente et bidirectionnelle<\/h2>\n<\/div>\n\n<div class=\"container-md paragraph  \">\n<p>\u00c9tablissez des connexions en temps r\u00e9el, bidirectionnelles avec OPC UA et des clients et serveurs classiques.<\/p>\n<\/div>\n\n<div class=\"container-md paragraph  \">\n<p>Connectez chaque base de donn\u00e9es SQL, esclave Modbus, feuille de calcul Excel, programme adapt\u00e9, Microsoft Azure IoT Hub, Google IoT, Amazon IoT Core, client ou courtier standard MQTT et syst\u00e8me embaqu\u00e9.<\/p>\n<\/div><\/div><figure class=\"wp-block-media-text__media\"><img loading=\"lazy\" decoding=\"async\" width=\"556\" height=\"158\" src=\"https:\/\/www.novotek.com\/wp-content\/uploads\/sites\/9\/NovotekProducten\/ProductCogentDatahub\/Untitled.png\" alt=\"Cogent Datahub - Connexions en temps r\u00e9el avec OPC UA et bidirectionnelles\" class=\"wp-image-1018 size-full\" srcset=\"https:\/\/www.novotek.com\/be\/wp-content\/uploads\/sites\/9\/NovotekProducten\/ProductCogentDatahub\/Untitled.png 556w, https:\/\/www.novotek.com\/be\/wp-content\/uploads\/sites\/9\/NovotekProducten\/ProductCogentDatahub\/Untitled-300x85.png 300w\" sizes=\"auto, (max-width: 556px) 100vw, 556px\" \/><\/figure><\/div>\n<\/div>\n\n<div class=\"container-md heading  \">\n<h2 class=\"wp-block-heading\" id=\"wat-kun-je-met-cogent-datahub\">Que pouvez-vous faire avec Cogent Datahub&nbsp;?<\/h2>\n<\/div>\n\n<div class=\"container-md paragraph  \">\n<p><strong>Transmettre des donn\u00e9es en toute s\u00e9curit\u00e9<\/strong> <strong>via des pare-feu ferm\u00e9s<\/strong>&nbsp;: maintient tous les ports pare-feu ferm\u00e9s tant pour les sources de donn\u00e9es que pour les utilisateurs de donn\u00e9es<\/p>\n<\/div>\n\n<div class=\"container-md paragraph  \">\n<p><strong>Format de donn\u00e9es interop\u00e9rable<\/strong>&nbsp;: codifie les donn\u00e9es de mani\u00e8re que les clients et les serveurs ne doivent pas conna\u00eetre leurs protocoles mutuels<\/p>\n<\/div>\n\n<div class=\"container-md paragraph  \">\n<p><strong>Commutations via plusieurs serveurs<\/strong>&nbsp;: diff\u00e9rentes instances de courtiers (DataHub, SkkyHub ou ETK) peuvent \u00eatre raccord\u00e9es afin de prendre en charge une large palette d\u2019architectures de collecte et de distribution<\/p>\n<\/div>\n\n<div class=\"container-md paragraph  \">\n<p><strong>Diffusion de messages de d\u00e9faut<\/strong>&nbsp;: chaque application client sait avec certitude si et quand une connexion a \u00e9t\u00e9 coup\u00e9e le long du chemin des donn\u00e9es et quand elle sera r\u00e9tablie<\/p>\n<\/div>\n\n<div class=\"container-md paragraph  \">\n<p><strong>Facile \u00e0 configurer<\/strong>&nbsp;: la syntaxe des rapports reste simple pour faciliter l\u2019impl\u00e9mentation, m\u00eame sur des dispositifs disposant de moyens limit\u00e9s<\/p>\n<\/div>\n\n<div class=\"container-md paragraph  \">\n<p><strong>Transmissible en continu<\/strong>&nbsp;: les rapports peuvent \u00eatre rassembl\u00e9s et transmis en continu sans qu\u2019il ne faille de confirmation. Les clients et les serveurs communiquent de mani\u00e8re asynchrone, avec un temps de latence r\u00e9duit et un d\u00e9bit largement accru.<\/p>\n<\/div>\n\n<div class=\"container media-text  alignwide\">\n<div class=\"wp-block-media-text alignwide is-stacked-on-mobile\"><figure class=\"wp-block-media-text__media\"><img loading=\"lazy\" decoding=\"async\" width=\"1024\" height=\"614\" src=\"https:\/\/www.novotek.com\/wp-content\/uploads\/sites\/9\/Aanvragen\/Demo-aanvraag-Novotek-Benelux.png\" alt=\"Demandez la d\u00e9mo\" class=\"wp-image-1791 size-full\" srcset=\"https:\/\/www.novotek.com\/be\/wp-content\/uploads\/sites\/9\/Aanvragen\/Demo-aanvraag-Novotek-Benelux.png 1024w, https:\/\/www.novotek.com\/be\/wp-content\/uploads\/sites\/9\/Aanvragen\/Demo-aanvraag-Novotek-Benelux-300x180.png 300w, https:\/\/www.novotek.com\/be\/wp-content\/uploads\/sites\/9\/Aanvragen\/Demo-aanvraag-Novotek-Benelux-768x461.png 768w\" sizes=\"auto, (max-width: 1024px) 100vw, 1024px\" \/><\/figure><div class=\"wp-block-media-text__content\"><div class=\"container-md paragraph  \">\n<p><em>D\u00e9mo<\/em><\/p>\n<\/div>\n\n<div class=\"container-md heading  \">\n<h2 class=\"wp-block-heading\" id=\"data-veilig-overbrengen-met-cogent-datahub\">Transmission s\u00fbre de donn\u00e9es avec Cogent Datahub<\/h2>\n<\/div>\n\n<div class=\"container-md paragraph  \">\n<p>D\u00e9couvrez les possibilit\u00e9s de Cogent Datahub. Compl\u00e9tez les donn\u00e9es sur le site Web de SKKynet, le fournisseur du concentrateur. Acc\u00e9dez \u00e0 la d\u00e9mo gratuite.<\/p>\n<\/div>\n\n<div class=\"container-md buttons  \">\n<div class=\"wp-block-buttons is-layout-flex wp-block-buttons-is-layout-flex\"><div class=\"container-md button  \">\n<div class=\"wp-block-button\"><a class=\"wp-block-button__link has-vivid-red-background-color has-background wp-element-button\" href=\"https:\/\/cogentdatahub.com\/download\/\" target=\"_blank\" rel=\"noreferrer noopener\">Demander la d\u00e9mo<\/a><\/div>\n<\/div><\/div>\n<\/div><\/div><\/div>\n<\/div>\n\n  <div class=\"slider-column-parent\">\n    <div class=\"container\">\n      <div class=\"slider-column-title\">Combiner Cogent Datahub aussi avec<\/div>\n\n      <div class=\"row\">\n        <div class=\"col-12 col-md-4\"><div class=\"column-box\">\n  \n      <div class=\"title\">\n      KEPServerEx    <\/div>\n  \n      <div class=\"text\">\n      <p>&nbsp;<\/p>\n<p><img loading=\"lazy\" decoding=\"async\" class=\"alignnone size-medium wp-image-4602\" src=\"https:\/\/www.novotek.com\/wp-content\/uploads\/sites\/9\/NovotekProducten\/ProductKEPServerEX\/KEPServerEX-productscreen-300x261.png\" alt=\"KEPServerEX OPC communicatieplatform\" width=\"300\" height=\"261\" srcset=\"https:\/\/www.novotek.com\/be\/wp-content\/uploads\/sites\/9\/NovotekProducten\/ProductKEPServerEX\/KEPServerEX-productscreen-300x261.png 300w, https:\/\/www.novotek.com\/be\/wp-content\/uploads\/sites\/9\/NovotekProducten\/ProductKEPServerEX\/KEPServerEX-productscreen.png 600w\" sizes=\"auto, (max-width: 300px) 100vw, 300px\" \/><\/p>\n<p>La meilleure plateforme de communication OPC du march\u00e9.<\/p>\n    <\/div>\n  \n      <a class=\"link\"  href=\"https:\/\/www.novotek.com\/be\/fr\/solutions-et-produits\/kepserverex\/\" target=\"\">\n      Informations \u00e0 propos de KEPServerEX    <\/a>\n  \n  <\/div>\n\n<\/div><div class=\"col-12 col-md-4\"><div class=\"column-box\">\n  \n      <div class=\"title\">\n      OPC Router    <\/div>\n  \n      <div class=\"text\">\n      <p>&nbsp;<\/p>\n<p><img loading=\"lazy\" decoding=\"async\" class=\"alignnone size-medium wp-image-4600\" src=\"https:\/\/www.novotek.com\/wp-content\/uploads\/sites\/9\/NovotekProducten\/ProductOPCRouter\/OPC-Router-productscreen-300x261.png\" alt=\"OPC Router voor het uitwisselen van data\" width=\"300\" height=\"261\" srcset=\"https:\/\/www.novotek.com\/be\/wp-content\/uploads\/sites\/9\/NovotekProducten\/ProductOPCRouter\/OPC-Router-productscreen-300x261.png 300w, https:\/\/www.novotek.com\/be\/wp-content\/uploads\/sites\/9\/NovotekProducten\/ProductOPCRouter\/OPC-Router-productscreen.png 600w\" sizes=\"auto, (max-width: 300px) 100vw, 300px\" \/><\/p>\n<p>La plate-forme pour l&rsquo;\u00e9change rapide de donn\u00e9es de processus.<\/p>\n    <\/div>\n  \n      <a class=\"link\"  href=\"https:\/\/www.novotek.com\/be\/fr\/solutions-et-produits\/opc-router\/\" target=\"\">\n      Informations \u00e0 propos de OPC Router    <\/a>\n  \n  <\/div>\n\n<\/div><div class=\"col-12 col-md-4\"><div class=\"column-box\">\n  \n      <div class=\"title\">\n      HighByte Intelligence Hub    <\/div>\n  \n      <div class=\"text\">\n      <p><img loading=\"lazy\" decoding=\"async\" class=\"alignnone wp-image-4606\" src=\"https:\/\/www.novotek.com\/wp-content\/uploads\/sites\/9\/NovotekProducten\/ProductHighByte\/HighByte-Intelligence-Hub-productscreen-300x261.png\" alt=\"HighByte Intelligence Hub\" width=\"313\" height=\"272\" srcset=\"https:\/\/www.novotek.com\/be\/wp-content\/uploads\/sites\/9\/NovotekProducten\/ProductHighByte\/HighByte-Intelligence-Hub-productscreen-300x261.png 300w, https:\/\/www.novotek.com\/be\/wp-content\/uploads\/sites\/9\/NovotekProducten\/ProductHighByte\/HighByte-Intelligence-Hub-productscreen.png 600w\" sizes=\"auto, (max-width: 313px) 100vw, 313px\" \/><\/p>\n<p>Exploitez mieux vos donn\u00e9es industrielles gr\u00e2ce \u00e0 une solution DataOps<\/p>\n    <\/div>\n  \n      <a class=\"link\"  href=\"https:\/\/www.novotek.com\/be\/fr\/solutions-et-produits\/highbyte-intelligence-hub\/\" target=\"\">\n      HighByte Intelligence Hub    <\/a>\n  \n  <\/div>\n\n<\/div>      <\/div>\n    <\/div>\n  <\/div>\n","protected":false},"excerpt":{"rendered":"<p>Tunneling des donn\u00e9es en toute s\u00e9curit\u00e9 Cogent Datahub est une solution unique pour la transmission en continu s\u00fbre des donn\u00e9es de processus sans devoir ouvrir de port pare-feu. Vous transmettez ainsi des donn\u00e9es de l\u2019usine ou d\u2019une machine de mani\u00e8re s\u00fbre et transparente vers une autre application. Plus de 20 ann\u00e9es d\u2019exp\u00e9rience dans la communication [&hellip;]<\/p>\n","protected":false},"author":13,"featured_media":0,"parent":5512,"menu_order":1,"comment_status":"closed","ping_status":"closed","template":"","meta":{"_acf_changed":false,"_relevanssi_hide_post":"","_relevanssi_pin_for_all":"","_relevanssi_pin_keywords":"","_relevanssi_unpin_keywords":"","_relevanssi_related_keywords":"","_relevanssi_related_include_ids":"","_relevanssi_related_exclude_ids":"","_relevanssi_related_no_append":"","_relevanssi_related_not_related":"","_relevanssi_related_posts":"6337,6323,6327,6125","_relevanssi_noindex_reason":"","footnotes":""},"class_list":["post-6239","page","type-page","status-publish","hentry"],"acf":[],"yoast_head":"<!-- This site is optimized with the Yoast SEO plugin v27.4 - https:\/\/yoast.com\/product\/yoast-seo-wordpress\/ -->\n<title>Cogent Datahub - Novotek Belgium<\/title>\n<meta name=\"description\" content=\"Acc\u00e8s aux donn\u00e9es d\u2019usine en toute s\u00e9curit\u00e9, en temps r\u00e9el et depuis le monde entier, sans ports ouverts avec Cogent Datahub. Lancez la d\u00e9mo gratuite.\" \/>\n<meta name=\"robots\" content=\"index, follow, max-snippet:-1, max-image-preview:large, max-video-preview:-1\" \/>\n<link rel=\"canonical\" href=\"https:\/\/www.novotek.com\/be\/fr\/solutions-et-produits\/cogent-datahub\/\" \/>\n<meta property=\"og:locale\" content=\"fr_FR\" \/>\n<meta property=\"og:type\" content=\"article\" \/>\n<meta property=\"og:title\" content=\"Cogent Datahub - Novotek Belgium\" \/>\n<meta property=\"og:description\" content=\"Acc\u00e8s aux donn\u00e9es d\u2019usine en toute s\u00e9curit\u00e9, en temps r\u00e9el et depuis le monde entier, sans ports ouverts avec Cogent Datahub. Lancez la d\u00e9mo gratuite.\" \/>\n<meta property=\"og:url\" content=\"https:\/\/www.novotek.com\/be\/fr\/solutions-et-produits\/cogent-datahub\/\" \/>\n<meta property=\"og:site_name\" content=\"Novotek Belgium\" \/>\n<meta property=\"article:modified_time\" content=\"2025-12-22T14:14:43+00:00\" \/>\n<meta property=\"og:image\" content=\"https:\/\/www.novotek.com\/wp-content\/uploads\/sites\/9\/NovotekProducten\/ProductCogentDatahub\/cogent.png\" \/>\n<meta name=\"twitter:card\" content=\"summary_large_image\" \/>\n<meta name=\"twitter:label1\" content=\"Dur\u00e9e de lecture est.\" \/>\n\t<meta name=\"twitter:data1\" content=\"3 minutes\" \/>\n<script type=\"application\/ld+json\" class=\"yoast-schema-graph\">{\"@context\":\"https:\\\/\\\/schema.org\",\"@graph\":[{\"@type\":\"WebPage\",\"@id\":\"https:\\\/\\\/www.novotek.com\\\/be\\\/fr\\\/solutions-et-produits\\\/cogent-datahub\\\/\",\"url\":\"https:\\\/\\\/www.novotek.com\\\/be\\\/fr\\\/solutions-et-produits\\\/cogent-datahub\\\/\",\"name\":\"Cogent Datahub - Novotek Belgium\",\"isPartOf\":{\"@id\":\"https:\\\/\\\/www.novotek.com\\\/be\\\/#website\"},\"primaryImageOfPage\":{\"@id\":\"https:\\\/\\\/www.novotek.com\\\/be\\\/fr\\\/solutions-et-produits\\\/cogent-datahub\\\/#primaryimage\"},\"image\":{\"@id\":\"https:\\\/\\\/www.novotek.com\\\/be\\\/fr\\\/solutions-et-produits\\\/cogent-datahub\\\/#primaryimage\"},\"thumbnailUrl\":\"https:\\\/\\\/www.novotek.com\\\/wp-content\\\/uploads\\\/sites\\\/9\\\/NovotekProducten\\\/ProductCogentDatahub\\\/cogent.png\",\"datePublished\":\"2022-02-17T13:03:14+00:00\",\"dateModified\":\"2025-12-22T14:14:43+00:00\",\"description\":\"Acc\u00e8s aux donn\u00e9es d\u2019usine en toute s\u00e9curit\u00e9, en temps r\u00e9el et depuis le monde entier, sans ports ouverts avec Cogent Datahub. Lancez la d\u00e9mo gratuite.\",\"breadcrumb\":{\"@id\":\"https:\\\/\\\/www.novotek.com\\\/be\\\/fr\\\/solutions-et-produits\\\/cogent-datahub\\\/#breadcrumb\"},\"inLanguage\":\"fr-BE\",\"potentialAction\":[{\"@type\":\"ReadAction\",\"target\":[\"https:\\\/\\\/www.novotek.com\\\/be\\\/fr\\\/solutions-et-produits\\\/cogent-datahub\\\/\"]}]},{\"@type\":\"ImageObject\",\"inLanguage\":\"fr-BE\",\"@id\":\"https:\\\/\\\/www.novotek.com\\\/be\\\/fr\\\/solutions-et-produits\\\/cogent-datahub\\\/#primaryimage\",\"url\":\"https:\\\/\\\/www.novotek.com\\\/wp-content\\\/uploads\\\/sites\\\/9\\\/NovotekProducten\\\/ProductCogentDatahub\\\/cogent.png\",\"contentUrl\":\"https:\\\/\\\/www.novotek.com\\\/wp-content\\\/uploads\\\/sites\\\/9\\\/NovotekProducten\\\/ProductCogentDatahub\\\/cogent.png\"},{\"@type\":\"BreadcrumbList\",\"@id\":\"https:\\\/\\\/www.novotek.com\\\/be\\\/fr\\\/solutions-et-produits\\\/cogent-datahub\\\/#breadcrumb\",\"itemListElement\":[{\"@type\":\"ListItem\",\"position\":1,\"name\":\"Home\",\"item\":\"https:\\\/\\\/www.novotek.com\\\/be\\\/fr\\\/\"},{\"@type\":\"ListItem\",\"position\":2,\"name\":\"Solutions et produits\",\"item\":\"https:\\\/\\\/www.novotek.com\\\/be\\\/fr\\\/solutions-et-produits\\\/\"},{\"@type\":\"ListItem\",\"position\":3,\"name\":\"Cogent Datahub\"}]},{\"@type\":\"WebSite\",\"@id\":\"https:\\\/\\\/www.novotek.com\\\/be\\\/#website\",\"url\":\"https:\\\/\\\/www.novotek.com\\\/be\\\/\",\"name\":\"Novotek Belgium\",\"description\":\"Connecter, Mod\u00e9liser, Archiver, Visualiser, Optimiser\",\"potentialAction\":[{\"@type\":\"SearchAction\",\"target\":{\"@type\":\"EntryPoint\",\"urlTemplate\":\"https:\\\/\\\/www.novotek.com\\\/be\\\/?s={search_term_string}\"},\"query-input\":{\"@type\":\"PropertyValueSpecification\",\"valueRequired\":true,\"valueName\":\"search_term_string\"}}],\"inLanguage\":\"fr-BE\"}]}<\/script>\n<!-- \/ Yoast SEO plugin. -->","yoast_head_json":{"title":"Cogent Datahub - Novotek Belgium","description":"Acc\u00e8s aux donn\u00e9es d\u2019usine en toute s\u00e9curit\u00e9, en temps r\u00e9el et depuis le monde entier, sans ports ouverts avec Cogent Datahub. Lancez la d\u00e9mo gratuite.","robots":{"index":"index","follow":"follow","max-snippet":"max-snippet:-1","max-image-preview":"max-image-preview:large","max-video-preview":"max-video-preview:-1"},"canonical":"https:\/\/www.novotek.com\/be\/fr\/solutions-et-produits\/cogent-datahub\/","og_locale":"fr_FR","og_type":"article","og_title":"Cogent Datahub - Novotek Belgium","og_description":"Acc\u00e8s aux donn\u00e9es d\u2019usine en toute s\u00e9curit\u00e9, en temps r\u00e9el et depuis le monde entier, sans ports ouverts avec Cogent Datahub. Lancez la d\u00e9mo gratuite.","og_url":"https:\/\/www.novotek.com\/be\/fr\/solutions-et-produits\/cogent-datahub\/","og_site_name":"Novotek Belgium","article_modified_time":"2025-12-22T14:14:43+00:00","og_image":[{"url":"https:\/\/www.novotek.com\/wp-content\/uploads\/sites\/9\/NovotekProducten\/ProductCogentDatahub\/cogent.png","type":"","width":"","height":""}],"twitter_card":"summary_large_image","twitter_misc":{"Dur\u00e9e de lecture est.":"3 minutes"},"schema":{"@context":"https:\/\/schema.org","@graph":[{"@type":"WebPage","@id":"https:\/\/www.novotek.com\/be\/fr\/solutions-et-produits\/cogent-datahub\/","url":"https:\/\/www.novotek.com\/be\/fr\/solutions-et-produits\/cogent-datahub\/","name":"Cogent Datahub - Novotek Belgium","isPartOf":{"@id":"https:\/\/www.novotek.com\/be\/#website"},"primaryImageOfPage":{"@id":"https:\/\/www.novotek.com\/be\/fr\/solutions-et-produits\/cogent-datahub\/#primaryimage"},"image":{"@id":"https:\/\/www.novotek.com\/be\/fr\/solutions-et-produits\/cogent-datahub\/#primaryimage"},"thumbnailUrl":"https:\/\/www.novotek.com\/wp-content\/uploads\/sites\/9\/NovotekProducten\/ProductCogentDatahub\/cogent.png","datePublished":"2022-02-17T13:03:14+00:00","dateModified":"2025-12-22T14:14:43+00:00","description":"Acc\u00e8s aux donn\u00e9es d\u2019usine en toute s\u00e9curit\u00e9, en temps r\u00e9el et depuis le monde entier, sans ports ouverts avec Cogent Datahub. Lancez la d\u00e9mo gratuite.","breadcrumb":{"@id":"https:\/\/www.novotek.com\/be\/fr\/solutions-et-produits\/cogent-datahub\/#breadcrumb"},"inLanguage":"fr-BE","potentialAction":[{"@type":"ReadAction","target":["https:\/\/www.novotek.com\/be\/fr\/solutions-et-produits\/cogent-datahub\/"]}]},{"@type":"ImageObject","inLanguage":"fr-BE","@id":"https:\/\/www.novotek.com\/be\/fr\/solutions-et-produits\/cogent-datahub\/#primaryimage","url":"https:\/\/www.novotek.com\/wp-content\/uploads\/sites\/9\/NovotekProducten\/ProductCogentDatahub\/cogent.png","contentUrl":"https:\/\/www.novotek.com\/wp-content\/uploads\/sites\/9\/NovotekProducten\/ProductCogentDatahub\/cogent.png"},{"@type":"BreadcrumbList","@id":"https:\/\/www.novotek.com\/be\/fr\/solutions-et-produits\/cogent-datahub\/#breadcrumb","itemListElement":[{"@type":"ListItem","position":1,"name":"Home","item":"https:\/\/www.novotek.com\/be\/fr\/"},{"@type":"ListItem","position":2,"name":"Solutions et produits","item":"https:\/\/www.novotek.com\/be\/fr\/solutions-et-produits\/"},{"@type":"ListItem","position":3,"name":"Cogent Datahub"}]},{"@type":"WebSite","@id":"https:\/\/www.novotek.com\/be\/#website","url":"https:\/\/www.novotek.com\/be\/","name":"Novotek Belgium","description":"Connecter, Mod\u00e9liser, Archiver, Visualiser, Optimiser","potentialAction":[{"@type":"SearchAction","target":{"@type":"EntryPoint","urlTemplate":"https:\/\/www.novotek.com\/be\/?s={search_term_string}"},"query-input":{"@type":"PropertyValueSpecification","valueRequired":true,"valueName":"search_term_string"}}],"inLanguage":"fr-BE"}]}},"_links":{"self":[{"href":"https:\/\/www.novotek.com\/be\/fr\/wp-json\/wp\/v2\/pages\/6239","targetHints":{"allow":["GET"]}}],"collection":[{"href":"https:\/\/www.novotek.com\/be\/fr\/wp-json\/wp\/v2\/pages"}],"about":[{"href":"https:\/\/www.novotek.com\/be\/fr\/wp-json\/wp\/v2\/types\/page"}],"author":[{"embeddable":true,"href":"https:\/\/www.novotek.com\/be\/fr\/wp-json\/wp\/v2\/users\/13"}],"replies":[{"embeddable":true,"href":"https:\/\/www.novotek.com\/be\/fr\/wp-json\/wp\/v2\/comments?post=6239"}],"version-history":[{"count":9,"href":"https:\/\/www.novotek.com\/be\/fr\/wp-json\/wp\/v2\/pages\/6239\/revisions"}],"predecessor-version":[{"id":18470,"href":"https:\/\/www.novotek.com\/be\/fr\/wp-json\/wp\/v2\/pages\/6239\/revisions\/18470"}],"up":[{"embeddable":true,"href":"https:\/\/www.novotek.com\/be\/fr\/wp-json\/wp\/v2\/pages\/5512"}],"wp:attachment":[{"href":"https:\/\/www.novotek.com\/be\/fr\/wp-json\/wp\/v2\/media?parent=6239"}],"curies":[{"name":"wp","href":"https:\/\/api.w.org\/{rel}","templated":true}]}}