{"id":6241,"date":"2022-02-17T14:03:35","date_gmt":"2022-02-17T13:03:35","guid":{"rendered":"https:\/\/www.novotek.com\/be\/nergie\/"},"modified":"2025-04-01T12:40:51","modified_gmt":"2025-04-01T11:40:51","slug":"energie","status":"publish","type":"page","link":"https:\/\/www.novotek.com\/be\/fr\/secteurs\/energie\/","title":{"rendered":"&Eacute;nergie"},"content":{"rendered":"<div class=\"container-md group  \">\n<div class=\"wp-block-group\"><div class=\"wp-block-group__inner-container is-layout-flow wp-block-group-is-layout-flow\"><\/div>\n<\/div><\/div>\n\n  <div class=\"hero\">\n    <div class=\"carousel hero-slider large\" data-flickity data-flickity-options='{\"prevNextButtons\": false}'>\n              <div class=\"carousel-cell\">\n          <div class=\"container\">\n            <div class=\"hero-content\">\n                              <h1>Energie<\/h1>\n<div class=\"flex-1 overflow-hidden @container\/thread\">\n<div class=\"h-full\">\n<div class=\"react-scroll-to-bottom--css-kpjms-79elbk h-full\">\n<div class=\"react-scroll-to-bottom--css-kpjms-1n7m0yu\">\n<div class=\"flex flex-col text-sm md:pb-9\">\n<article class=\"w-full scroll-mb-[var(--thread-trailing-height,150px)] text-token-text-primary focus-visible:outline-2 focus-visible:outline-offset-[-4px]\" dir=\"auto\" data-testid=\"conversation-turn-5\" data-scroll-anchor=\"true\">\n<div class=\"m-auto text-base py-[18px] px-3 md:px-4 w-full md:px-5 lg:px-4 xl:px-5\">\n<div class=\"mx-auto flex flex-1 gap-4 text-base md:gap-5 lg:gap-6 md:max-w-3xl\">\n<div class=\"group\/conversation-turn relative flex w-full min-w-0 flex-col agent-turn\">\n<div class=\"flex-col gap-1 md:gap-3\">\n<div class=\"flex max-w-full flex-col flex-grow\">\n<div class=\"min-h-8 text-message flex w-full flex-col items-end gap-2 whitespace-normal break-words text-start [.text-message+&amp;]:mt-5\" dir=\"auto\" data-message-author-role=\"assistant\" data-message-id=\"0e2919e2-b8df-4156-a108-e9d55fdc7815\" data-message-model-slug=\"gpt-4o-mini\">\n<div class=\"flex w-full flex-col gap-1 empty:hidden first:pt-[3px]\">\n<div class=\"markdown prose w-full break-words dark:prose-invert light\">\n<p>Visualisation en temps r\u00e9el, surveillance et alarmes des composants critiques de l&rsquo;entreprise.<\/p>\n<\/div>\n<\/div>\n<\/div>\n<\/div>\n<div class=\"mb-2 flex gap-3 empty:hidden -ml-2\">\n<div class=\"items-center justify-start rounded-xl p-1 flex\">\n<div class=\"flex items-center\"><\/div>\n<\/div>\n<\/div>\n<div class=\"pr-2 lg:pr-0\"><\/div>\n<div class=\"mt-3 w-full empty:hidden\">\n<div class=\"text-center\"><\/div>\n<\/div>\n<\/div>\n<div class=\"absolute\">\n<div class=\"flex items-center justify-center\"><\/div>\n<\/div>\n<\/div>\n<\/div>\n<\/div>\n<\/article>\n<\/div>\n<\/div>\n<\/div>\n<\/div>\n<\/div>\n<div class=\"md:pt-0 dark:border-white\/20 md:border-transparent md:dark:border-transparent w-full\">\n<div>\n<div class=\"m-auto text-base px-3 md:px-4 w-full md:px-5 lg:px-4 xl:px-5\">\n<div class=\"mx-auto flex flex-1 gap-4 text-base md:gap-5 lg:gap-6 md:max-w-3xl\">\n<div class=\"flex justify-center\"><\/div>\n<\/div>\n<\/div>\n<\/div>\n<\/div>\n              \n                          <\/div>\n          <\/div>\n\n          <img decoding=\"async\" width=\"1024\" height=\"1024\" src=\"https:\/\/www.novotek.com\/be\/wp-content\/uploads\/sites\/9\/NovotekSectoren\/Energie\/Energie-sector-Novotek-1024x1024.jpg\" class=\"hero-bg\" alt=\"Hero Img\" fetchpriority=\"high\" srcset=\"https:\/\/www.novotek.com\/be\/wp-content\/uploads\/sites\/9\/NovotekSectoren\/Energie\/Energie-sector-Novotek-1024x1024.jpg 1024w, https:\/\/www.novotek.com\/be\/wp-content\/uploads\/sites\/9\/NovotekSectoren\/Energie\/Energie-sector-Novotek-300x300.jpg 300w, https:\/\/www.novotek.com\/be\/wp-content\/uploads\/sites\/9\/NovotekSectoren\/Energie\/Energie-sector-Novotek-150x150.jpg 150w, https:\/\/www.novotek.com\/be\/wp-content\/uploads\/sites\/9\/NovotekSectoren\/Energie\/Energie-sector-Novotek-768x768.jpg 768w, https:\/\/www.novotek.com\/be\/wp-content\/uploads\/sites\/9\/NovotekSectoren\/Energie\/Energie-sector-Novotek-1536x1536.jpg 1536w, https:\/\/www.novotek.com\/be\/wp-content\/uploads\/sites\/9\/NovotekSectoren\/Energie\/Energie-sector-Novotek-2048x2048.jpg 2048w\" sizes=\"(max-width: 1024px) 100vw, 1024px\" \/>                  <\/div>\n          <\/div>\n\n      <\/div>\n\n   \n\n\n<div class=\"container media-text  align\">\n<div class=\"wp-block-media-text has-media-on-the-right is-stacked-on-mobile\"><div class=\"wp-block-media-text__content\"><div class=\"container-md heading  \">\n<h2 class=\"wp-block-heading\" id=\"remote-datacollectie-en-realtime-visualisatie\">Collecte de donn\u00e9es \u00e0 distance et visualisation en temps r\u00e9el<\/h2>\n<\/div>\n\n<div class=\"container-md paragraph  \">\n<p>Les fournisseurs d&rsquo;\u00e9nergie sont souvent confront\u00e9s \u00e0 une infrastructure vaste et complexe. Pour une vue d&rsquo;ensemble optimale, la combinaison de la collecte de donn\u00e9es \u00e0 distance et de la visualisation en temps r\u00e9el est essentielle.<\/p>\n<\/div>\n\n<div class=\"container-md paragraph  \">\n<p>De plus, les syst\u00e8mes de surveillance des processus doivent disposer de fonctionnalit\u00e9s d&rsquo;alarme avanc\u00e9es, ainsi que d&rsquo;un stockage historique des donn\u00e9es de processus pour faciliter la recherche de pannes.<\/p>\n<\/div><\/div><figure class=\"wp-block-media-text__media\"><img loading=\"lazy\" decoding=\"async\" width=\"1024\" height=\"683\" src=\"https:\/\/www.novotek.com\/be\/wp-content\/uploads\/sites\/9\/NovotekSectoren\/Energie\/HMI_SCADA_scheremen-voor-de-energiesector-1024x683-1.png\" alt=\"\u00c9crans HMI SCADA pour le secteur de l'\u00e9nergie\" class=\"wp-image-6014 size-full\" srcset=\"https:\/\/www.novotek.com\/be\/wp-content\/uploads\/sites\/9\/NovotekSectoren\/Energie\/HMI_SCADA_scheremen-voor-de-energiesector-1024x683-1.png 1024w, https:\/\/www.novotek.com\/be\/wp-content\/uploads\/sites\/9\/NovotekSectoren\/Energie\/HMI_SCADA_scheremen-voor-de-energiesector-1024x683-1-300x200.png 300w, https:\/\/www.novotek.com\/be\/wp-content\/uploads\/sites\/9\/NovotekSectoren\/Energie\/HMI_SCADA_scheremen-voor-de-energiesector-1024x683-1-768x512.png 768w\" sizes=\"auto, (max-width: 1024px) 100vw, 1024px\" \/><\/figure><\/div>\n<\/div>\n\n  <div class=\"hero\">\n    <div class=\"carousel hero-slider large\" data-flickity data-flickity-options='{\"prevNextButtons\": false}'>\n              <div class=\"carousel-cell\">\n          <div class=\"container\">\n            <div class=\"hero-content\">\n                              <p><strong>Referentie<\/strong><\/p>\n<h2>Vattenfall Warmte<\/h2>\n<p>Contr\u00f4le en temps r\u00e9el de la fourniture de chaleur \u00e0 plus de 200 000 m\u00e9nages.<br \/>\nContactez-nous pour plus d&rsquo;information.<\/p>\n              \n                              <a class=\"btn btn-primary\" href=\"https:\/\/www.novotek.com\/be\/fr\/contact\/\">\n                  Contactez Novotek                <\/a>\n                          <\/div>\n          <\/div>\n\n          <img decoding=\"async\" width=\"1024\" height=\"320\" src=\"https:\/\/www.novotek.com\/be\/wp-content\/uploads\/sites\/9\/Novotek_Website_Energy_image_Graphic_arrow4-1024x320.png.webp\" class=\"hero-bg\" alt=\"Hero Img\" fetchpriority=\"high\" srcset=\"https:\/\/www.novotek.com\/be\/wp-content\/uploads\/sites\/9\/Novotek_Website_Energy_image_Graphic_arrow4-1024x320.png 1024w, https:\/\/www.novotek.com\/be\/wp-content\/uploads\/sites\/9\/Novotek_Website_Energy_image_Graphic_arrow4-300x94.png.webp 300w, https:\/\/www.novotek.com\/be\/wp-content\/uploads\/sites\/9\/Novotek_Website_Energy_image_Graphic_arrow4-768x240.png.webp 768w, https:\/\/www.novotek.com\/be\/wp-content\/uploads\/sites\/9\/Novotek_Website_Energy_image_Graphic_arrow4-1536x480.png 1536w, https:\/\/www.novotek.com\/be\/wp-content\/uploads\/sites\/9\/Novotek_Website_Energy_image_Graphic_arrow4.png.webp 1920w\" sizes=\"(max-width: 1024px) 100vw, 1024px\" \/>                  <\/div>\n          <\/div>\n\n      <\/div>\n\n   \n\n\n<div class=\"container media-text  align\">\n<div class=\"wp-block-media-text is-stacked-on-mobile\"><figure class=\"wp-block-media-text__media\"><img loading=\"lazy\" decoding=\"async\" width=\"300\" height=\"261\" src=\"https:\/\/www.novotek.com\/wp-content\/uploads\/sites\/9\/NovotekProducten\/ProductCSense\/CSense-Novotek-300x261.png\" alt=\"\" class=\"wp-image-117 size-medium\" srcset=\"https:\/\/www.novotek.com\/be\/wp-content\/uploads\/sites\/9\/NovotekProducten\/ProductCSense\/CSense-Novotek-300x261.png 300w, https:\/\/www.novotek.com\/be\/wp-content\/uploads\/sites\/9\/NovotekProducten\/ProductCSense\/CSense-Novotek.png 747w\" sizes=\"auto, (max-width: 300px) 100vw, 300px\" \/><\/figure><div class=\"wp-block-media-text__content\"><div class=\"container-md heading  \">\n<h2 class=\"wp-block-heading\" id=\"predictief-onderhoud-op-basis-van-historische-data\">Maintenance pr\u00e9dictive sur la base des donn\u00e9es historiques<\/h2>\n<\/div>\n\n<div class=\"container-md paragraph  \">\n<p>Les entreprises de distribution d\u2019\u00e9nergie collectent en permanence de grandes quantit\u00e9s de donn\u00e9es historiques qui contiennent des informations pr\u00e9cieuses. Des outils sp\u00e9ciaux d\u2019apprentissage automatique vous permettent de g\u00e9n\u00e9rer des mod\u00e8les afin de disposer de ces informations. En mettant ces mod\u00e8les en ligne, les op\u00e9rateurs et\/ou employ\u00e9s du service maintenance peuvent \u00eatre pr\u00e9venus de tout probl\u00e8me potentiel.<\/p>\n<\/div><\/div><\/div>\n<\/div>\n\n<div class=\"cta-block\">\n  <div class=\"container\">\n          <h2>Laissez-nous vous en dire plus !<\/h2>\n    \n    \n          <a class=\"btn btn-primary\" href=\"https:\/\/www.novotek.com\/be\/fr\/contact\/\">Contactez-nous<\/a>\n      <\/div>\n<\/div>\n\n\n<div class=\"container-md spacer  \">\n<div style=\"height:55px\" aria-hidden=\"true\" class=\"wp-block-spacer\"><\/div>\n<\/div>\n\n  <div class=\"slider-column-parent\">\n    <div class=\"container\">\n      <div class=\"slider-column-title\">Nos solutions pour le secteur de l&rsquo;\u00e9nergie<\/div>\n\n      <div class=\"slider-column\">\n        <div class=\"slider-cell carousel-cell large\"><div class=\"column-box\">\n  \n      <div class=\"title\">\n      HMI\/SCADA    <\/div>\n  \n      <div class=\"text\">\n      <p>Visualisation en temps r\u00e9el, alarmes et contr\u00f4le des processus.<\/p>\n<p><img loading=\"lazy\" decoding=\"async\" class=\"alignnone size-medium wp-image-1159\" src=\"https:\/\/www.novotek.com\/be\/wp-content\/uploads\/sites\/9\/NovotekBenelux\/SOLUTIONHMISCADA\/SCADA_systemen_Novotek_1920x800px-300x125.jpg\" alt=\"HMI SCADA\" width=\"300\" height=\"125\" srcset=\"https:\/\/www.novotek.com\/be\/wp-content\/uploads\/sites\/9\/NovotekBenelux\/SOLUTIONHMISCADA\/SCADA_systemen_Novotek_1920x800px-300x125.jpg 300w, https:\/\/www.novotek.com\/be\/wp-content\/uploads\/sites\/9\/NovotekBenelux\/SOLUTIONHMISCADA\/SCADA_systemen_Novotek_1920x800px-1024x427.jpg 1024w, https:\/\/www.novotek.com\/be\/wp-content\/uploads\/sites\/9\/NovotekBenelux\/SOLUTIONHMISCADA\/SCADA_systemen_Novotek_1920x800px-768x320.jpg 768w, https:\/\/www.novotek.com\/be\/wp-content\/uploads\/sites\/9\/NovotekBenelux\/SOLUTIONHMISCADA\/SCADA_systemen_Novotek_1920x800px-1536x640.jpg 1536w, https:\/\/www.novotek.com\/be\/wp-content\/uploads\/sites\/9\/NovotekBenelux\/SOLUTIONHMISCADA\/SCADA_systemen_Novotek_1920x800px-2048x853.jpg 2048w\" sizes=\"auto, (max-width: 300px) 100vw, 300px\" \/><\/p>\n    <\/div>\n  \n      <a class=\"link\"  href=\"https:\/\/www.novotek.com\/be\/fr\/solutions-et-produits\/hmi-scada\/\" target=\"\">\n      Lire plus    <\/a>\n  \n  <\/div>\n\n<\/div><div class=\"slider-cell carousel-cell large\"><div class=\"column-box\">\n  \n      <div class=\"title\">\n      MES syst\u00e8me    <\/div>\n  \n      <div class=\"text\">\n      <p>Atteindre l&rsquo;Excellence Operational avec un syst\u00e8me MES num\u00e9rique<\/p>\n<p><a href=\"https:\/\/www.novotek.com\/be\/fr\/solutions-et-produits\/mes\/\"><img loading=\"lazy\" decoding=\"async\" class=\"alignnone size-medium wp-image-961\" src=\"https:\/\/www.novotek.com\/be\/wp-content\/uploads\/sites\/9\/NovotekBenelux\/SOLUTIONMES\/MES-Systeem-Novotek_1920x800px-300x125.jpg\" alt=\"MES syst\u00e8me\" width=\"300\" height=\"125\" srcset=\"https:\/\/www.novotek.com\/be\/wp-content\/uploads\/sites\/9\/NovotekBenelux\/SOLUTIONMES\/MES-Systeem-Novotek_1920x800px-300x125.jpg 300w, https:\/\/www.novotek.com\/be\/wp-content\/uploads\/sites\/9\/NovotekBenelux\/SOLUTIONMES\/MES-Systeem-Novotek_1920x800px-1024x427.jpg 1024w, https:\/\/www.novotek.com\/be\/wp-content\/uploads\/sites\/9\/NovotekBenelux\/SOLUTIONMES\/MES-Systeem-Novotek_1920x800px-768x320.jpg 768w, https:\/\/www.novotek.com\/be\/wp-content\/uploads\/sites\/9\/NovotekBenelux\/SOLUTIONMES\/MES-Systeem-Novotek_1920x800px-1536x640.jpg 1536w, https:\/\/www.novotek.com\/be\/wp-content\/uploads\/sites\/9\/NovotekBenelux\/SOLUTIONMES\/MES-Systeem-Novotek_1920x800px.jpg 1920w\" sizes=\"auto, (max-width: 300px) 100vw, 300px\" \/><\/a><\/p>\n    <\/div>\n  \n      <a class=\"link\"  href=\"https:\/\/www.novotek.com\/be\/fr\/solutions-et-produits\/mes\/\" target=\"\">\n      MES    <\/a>\n  \n  <\/div>\n\n<\/div><div class=\"slider-cell carousel-cell large\"><div class=\"column-box\">\n  \n      <div class=\"title\">\n      OPC    <\/div>\n  \n      <div class=\"text\">\n      <p>Optimiser la communication entre les appareils et les syst\u00e8mes<\/p>\n<p><a href=\"https:\/\/www.novotek.com\/be\/fr\/solutions-et-produits\/opc\/\"><img loading=\"lazy\" decoding=\"async\" class=\"alignnone size-full wp-image-2518\" src=\"https:\/\/www.novotek.com\/wp-content\/uploads\/sites\/9\/NovotekBenelux\/SOLUTIONIDUSTRIELECOMMUNICATIE\/Novotek_OPC_wires_duotone_1920x800-300x125-1.jpg\" alt=\"OPC - optimaliseer de communicatie tussen apparaten en systemen\" width=\"300\" height=\"125\" \/><\/a><\/p>\n    <\/div>\n  \n      <a class=\"link\"  href=\"https:\/\/www.novotek.com\/be\/fr\/solutions-et-produits\/opc\/\" target=\"\">\n      Lire plus    <\/a>\n  \n  <\/div>\n\n<\/div><div class=\"slider-cell carousel-cell large\"><div class=\"column-box\">\n  \n      <div class=\"title\">\n      Data Historian    <\/div>\n  \n      <div class=\"text\">\n      <p>Stockage de grandes quantit\u00e9s de donn\u00e9es de processus et d&rsquo;alarmes.<\/p>\n<p><a href=\"https:\/\/www.novotek.com\/be\/fr\/solutions-et-produits\/data-historian\/\"><img loading=\"lazy\" decoding=\"async\" class=\"alignnone wp-image-951 size-medium\" src=\"https:\/\/www.novotek.com\/wp-content\/uploads\/sites\/9\/NovotekBenelux\/SOLUTIONDATAHISTORIAN\/Data-Historian_1920x800px-300x125.png\" alt=\"Data Historian oplossing\" width=\"300\" height=\"125\" srcset=\"https:\/\/www.novotek.com\/be\/wp-content\/uploads\/sites\/9\/NovotekBenelux\/SOLUTIONDATAHISTORIAN\/Data-Historian_1920x800px-300x125.png 300w, https:\/\/www.novotek.com\/be\/wp-content\/uploads\/sites\/9\/NovotekBenelux\/SOLUTIONDATAHISTORIAN\/Data-Historian_1920x800px-1024x427.png 1024w, https:\/\/www.novotek.com\/be\/wp-content\/uploads\/sites\/9\/NovotekBenelux\/SOLUTIONDATAHISTORIAN\/Data-Historian_1920x800px-768x320.png 768w, https:\/\/www.novotek.com\/be\/wp-content\/uploads\/sites\/9\/NovotekBenelux\/SOLUTIONDATAHISTORIAN\/Data-Historian_1920x800px-1536x640.png 1536w, https:\/\/www.novotek.com\/be\/wp-content\/uploads\/sites\/9\/NovotekBenelux\/SOLUTIONDATAHISTORIAN\/Data-Historian_1920x800px.png 1920w\" sizes=\"auto, (max-width: 300px) 100vw, 300px\" \/><\/a><\/p>\n    <\/div>\n  \n      <a class=\"link\"  href=\"https:\/\/www.novotek.com\/be\/fr\/solutions-et-produits\/data-historian\/\" target=\"\">\n      Lire plus    <\/a>\n  \n  <\/div>\n\n<\/div><div class=\"slider-cell carousel-cell large\"><div class=\"column-box\">\n  \n      <div class=\"title\">\n      Rapport de production    <\/div>\n  \n      <div class=\"text\">\n      <p id=\"tw-target-text\" class=\"tw-data-text tw-text-large tw-ta\" dir=\"ltr\" data-placeholder=\"Vertaling\" data-ved=\"2ahUKEwj0j4eghrSMAxX8xgIHHVYVGVAQ3ewLegQICBAW\" aria-label=\"Vertaalde tekst: Reporting de production, tableaux de bord et business intelligence.\"><span class=\"Y2IQFc\" lang=\"fr\">Reporting de production, tableaux de bord et business intelligence.<\/span><\/p>\n<p><a href=\"https:\/\/www.novotek.com\/be\/fr\/solutions-et-produits\/rapport\/\"><img loading=\"lazy\" decoding=\"async\" class=\"alignnone size-medium wp-image-3538\" src=\"https:\/\/www.novotek.com\/wp-content\/uploads\/sites\/9\/NovotekBenelux\/SOLUTIONBI\/Data_collectie_duotone_1920-300x125.jpg\" alt=\"\" width=\"300\" height=\"125\" srcset=\"https:\/\/www.novotek.com\/be\/wp-content\/uploads\/sites\/9\/NovotekBenelux\/SOLUTIONBI\/Data_collectie_duotone_1920-300x125.jpg 300w, https:\/\/www.novotek.com\/be\/wp-content\/uploads\/sites\/9\/NovotekBenelux\/SOLUTIONBI\/Data_collectie_duotone_1920-1024x427.jpg 1024w, https:\/\/www.novotek.com\/be\/wp-content\/uploads\/sites\/9\/NovotekBenelux\/SOLUTIONBI\/Data_collectie_duotone_1920-768x320.jpg 768w, https:\/\/www.novotek.com\/be\/wp-content\/uploads\/sites\/9\/NovotekBenelux\/SOLUTIONBI\/Data_collectie_duotone_1920-1536x640.jpg 1536w, https:\/\/www.novotek.com\/be\/wp-content\/uploads\/sites\/9\/NovotekBenelux\/SOLUTIONBI\/Data_collectie_duotone_1920.jpg 1920w\" sizes=\"auto, (max-width: 300px) 100vw, 300px\" \/><\/a><\/p>\n    <\/div>\n  \n      <a class=\"link\"  href=\"https:\/\/www.novotek.com\/be\/fr\/solutions-et-produits\/rapport\/\" target=\"\">\n      Lire plus    <\/a>\n  \n  <\/div>\n\n<\/div>      <\/div>\n    <\/div>\n  <\/div>\n","protected":false},"excerpt":{"rendered":"<p>Visualisation, surveillance et alarmes en temps r\u00e9el pour les composants critiques.<\/p>\n","protected":false},"author":12,"featured_media":0,"parent":6351,"menu_order":0,"comment_status":"closed","ping_status":"closed","template":"","meta":{"_acf_changed":false,"_relevanssi_hide_post":"","_relevanssi_pin_for_all":"","_relevanssi_pin_keywords":"","_relevanssi_unpin_keywords":"","_relevanssi_related_keywords":"","_relevanssi_related_include_ids":"","_relevanssi_related_exclude_ids":"","_relevanssi_related_no_append":"","_relevanssi_related_not_related":"","_relevanssi_related_posts":"6323,6337,6125,6327","_relevanssi_noindex_reason":"","footnotes":""},"class_list":["post-6241","page","type-page","status-publish","hentry"],"acf":[],"yoast_head":"<!-- This site is optimized with the Yoast SEO plugin v27.4 - https:\/\/yoast.com\/product\/yoast-seo-wordpress\/ -->\n<title>&Eacute;nergie - Novotek Belgium<\/title>\n<meta name=\"description\" content=\"Novotek Belgium fournit une visualisation, une surveillance et une alerte en temps r\u00e9el des domaines d&#039;activit\u00e9 critiques pour les entreprises du secteur de l&#039;\u00e9nergie.\" \/>\n<meta name=\"robots\" content=\"index, follow, max-snippet:-1, max-image-preview:large, max-video-preview:-1\" \/>\n<link rel=\"canonical\" href=\"https:\/\/www.novotek.com\/be\/fr\/secteurs\/energie\/\" \/>\n<meta property=\"og:locale\" content=\"fr_FR\" \/>\n<meta property=\"og:type\" content=\"article\" \/>\n<meta property=\"og:title\" content=\"&Eacute;nergie - Novotek Belgium\" \/>\n<meta property=\"og:description\" content=\"Novotek Belgium fournit une visualisation, une surveillance et une alerte en temps r\u00e9el des domaines d&#039;activit\u00e9 critiques pour les entreprises du secteur de l&#039;\u00e9nergie.\" \/>\n<meta property=\"og:url\" content=\"https:\/\/www.novotek.com\/be\/fr\/secteurs\/energie\/\" \/>\n<meta property=\"og:site_name\" content=\"Novotek Belgium\" \/>\n<meta property=\"article:modified_time\" content=\"2025-04-01T11:40:51+00:00\" \/>\n<meta property=\"og:image\" content=\"https:\/\/www.novotek.com\/be\/wp-content\/uploads\/sites\/9\/NovotekSectoren\/Energie\/HMI_SCADA_scheremen-voor-de-energiesector-1024x683-1.png\" \/>\n<meta name=\"twitter:card\" content=\"summary_large_image\" \/>\n<meta name=\"twitter:label1\" content=\"Dur\u00e9e de lecture est.\" \/>\n\t<meta name=\"twitter:data1\" content=\"2 minutes\" \/>\n<script type=\"application\/ld+json\" class=\"yoast-schema-graph\">{\"@context\":\"https:\\\/\\\/schema.org\",\"@graph\":[{\"@type\":\"WebPage\",\"@id\":\"https:\\\/\\\/www.novotek.com\\\/be\\\/fr\\\/secteurs\\\/energie\\\/\",\"url\":\"https:\\\/\\\/www.novotek.com\\\/be\\\/fr\\\/secteurs\\\/energie\\\/\",\"name\":\"&Eacute;nergie - Novotek Belgium\",\"isPartOf\":{\"@id\":\"https:\\\/\\\/www.novotek.com\\\/be\\\/#website\"},\"primaryImageOfPage\":{\"@id\":\"https:\\\/\\\/www.novotek.com\\\/be\\\/fr\\\/secteurs\\\/energie\\\/#primaryimage\"},\"image\":{\"@id\":\"https:\\\/\\\/www.novotek.com\\\/be\\\/fr\\\/secteurs\\\/energie\\\/#primaryimage\"},\"thumbnailUrl\":\"https:\\\/\\\/www.novotek.com\\\/be\\\/wp-content\\\/uploads\\\/sites\\\/9\\\/NovotekSectoren\\\/Energie\\\/HMI_SCADA_scheremen-voor-de-energiesector-1024x683-1.png\",\"datePublished\":\"2022-02-17T13:03:35+00:00\",\"dateModified\":\"2025-04-01T11:40:51+00:00\",\"description\":\"Novotek Belgium fournit une visualisation, une surveillance et une alerte en temps r\u00e9el des domaines d'activit\u00e9 critiques pour les entreprises du secteur de l'\u00e9nergie.\",\"breadcrumb\":{\"@id\":\"https:\\\/\\\/www.novotek.com\\\/be\\\/fr\\\/secteurs\\\/energie\\\/#breadcrumb\"},\"inLanguage\":\"fr-BE\",\"potentialAction\":[{\"@type\":\"ReadAction\",\"target\":[\"https:\\\/\\\/www.novotek.com\\\/be\\\/fr\\\/secteurs\\\/energie\\\/\"]}]},{\"@type\":\"ImageObject\",\"inLanguage\":\"fr-BE\",\"@id\":\"https:\\\/\\\/www.novotek.com\\\/be\\\/fr\\\/secteurs\\\/energie\\\/#primaryimage\",\"url\":\"https:\\\/\\\/www.novotek.com\\\/be\\\/wp-content\\\/uploads\\\/sites\\\/9\\\/NovotekSectoren\\\/Energie\\\/HMI_SCADA_scheremen-voor-de-energiesector-1024x683-1.png\",\"contentUrl\":\"https:\\\/\\\/www.novotek.com\\\/be\\\/wp-content\\\/uploads\\\/sites\\\/9\\\/NovotekSectoren\\\/Energie\\\/HMI_SCADA_scheremen-voor-de-energiesector-1024x683-1.png\"},{\"@type\":\"BreadcrumbList\",\"@id\":\"https:\\\/\\\/www.novotek.com\\\/be\\\/fr\\\/secteurs\\\/energie\\\/#breadcrumb\",\"itemListElement\":[{\"@type\":\"ListItem\",\"position\":1,\"name\":\"Home\",\"item\":\"https:\\\/\\\/www.novotek.com\\\/be\\\/fr\\\/\"},{\"@type\":\"ListItem\",\"position\":2,\"name\":\"Secteurs\",\"item\":\"https:\\\/\\\/www.novotek.com\\\/be\\\/fr\\\/secteurs\\\/\"},{\"@type\":\"ListItem\",\"position\":3,\"name\":\"&Eacute;nergie\"}]},{\"@type\":\"WebSite\",\"@id\":\"https:\\\/\\\/www.novotek.com\\\/be\\\/#website\",\"url\":\"https:\\\/\\\/www.novotek.com\\\/be\\\/\",\"name\":\"Novotek Belgium\",\"description\":\"Connecter, Mod\u00e9liser, Archiver, Visualiser, Optimiser\",\"potentialAction\":[{\"@type\":\"SearchAction\",\"target\":{\"@type\":\"EntryPoint\",\"urlTemplate\":\"https:\\\/\\\/www.novotek.com\\\/be\\\/?s={search_term_string}\"},\"query-input\":{\"@type\":\"PropertyValueSpecification\",\"valueRequired\":true,\"valueName\":\"search_term_string\"}}],\"inLanguage\":\"fr-BE\"}]}<\/script>\n<!-- \/ Yoast SEO plugin. -->","yoast_head_json":{"title":"&Eacute;nergie - Novotek Belgium","description":"Novotek Belgium fournit une visualisation, une surveillance et une alerte en temps r\u00e9el des domaines d'activit\u00e9 critiques pour les entreprises du secteur de l'\u00e9nergie.","robots":{"index":"index","follow":"follow","max-snippet":"max-snippet:-1","max-image-preview":"max-image-preview:large","max-video-preview":"max-video-preview:-1"},"canonical":"https:\/\/www.novotek.com\/be\/fr\/secteurs\/energie\/","og_locale":"fr_FR","og_type":"article","og_title":"&Eacute;nergie - Novotek Belgium","og_description":"Novotek Belgium fournit une visualisation, une surveillance et une alerte en temps r\u00e9el des domaines d'activit\u00e9 critiques pour les entreprises du secteur de l'\u00e9nergie.","og_url":"https:\/\/www.novotek.com\/be\/fr\/secteurs\/energie\/","og_site_name":"Novotek Belgium","article_modified_time":"2025-04-01T11:40:51+00:00","og_image":[{"url":"https:\/\/www.novotek.com\/be\/wp-content\/uploads\/sites\/9\/NovotekSectoren\/Energie\/HMI_SCADA_scheremen-voor-de-energiesector-1024x683-1.png","type":"","width":"","height":""}],"twitter_card":"summary_large_image","twitter_misc":{"Dur\u00e9e de lecture est.":"2 minutes"},"schema":{"@context":"https:\/\/schema.org","@graph":[{"@type":"WebPage","@id":"https:\/\/www.novotek.com\/be\/fr\/secteurs\/energie\/","url":"https:\/\/www.novotek.com\/be\/fr\/secteurs\/energie\/","name":"&Eacute;nergie - Novotek Belgium","isPartOf":{"@id":"https:\/\/www.novotek.com\/be\/#website"},"primaryImageOfPage":{"@id":"https:\/\/www.novotek.com\/be\/fr\/secteurs\/energie\/#primaryimage"},"image":{"@id":"https:\/\/www.novotek.com\/be\/fr\/secteurs\/energie\/#primaryimage"},"thumbnailUrl":"https:\/\/www.novotek.com\/be\/wp-content\/uploads\/sites\/9\/NovotekSectoren\/Energie\/HMI_SCADA_scheremen-voor-de-energiesector-1024x683-1.png","datePublished":"2022-02-17T13:03:35+00:00","dateModified":"2025-04-01T11:40:51+00:00","description":"Novotek Belgium fournit une visualisation, une surveillance et une alerte en temps r\u00e9el des domaines d'activit\u00e9 critiques pour les entreprises du secteur de l'\u00e9nergie.","breadcrumb":{"@id":"https:\/\/www.novotek.com\/be\/fr\/secteurs\/energie\/#breadcrumb"},"inLanguage":"fr-BE","potentialAction":[{"@type":"ReadAction","target":["https:\/\/www.novotek.com\/be\/fr\/secteurs\/energie\/"]}]},{"@type":"ImageObject","inLanguage":"fr-BE","@id":"https:\/\/www.novotek.com\/be\/fr\/secteurs\/energie\/#primaryimage","url":"https:\/\/www.novotek.com\/be\/wp-content\/uploads\/sites\/9\/NovotekSectoren\/Energie\/HMI_SCADA_scheremen-voor-de-energiesector-1024x683-1.png","contentUrl":"https:\/\/www.novotek.com\/be\/wp-content\/uploads\/sites\/9\/NovotekSectoren\/Energie\/HMI_SCADA_scheremen-voor-de-energiesector-1024x683-1.png"},{"@type":"BreadcrumbList","@id":"https:\/\/www.novotek.com\/be\/fr\/secteurs\/energie\/#breadcrumb","itemListElement":[{"@type":"ListItem","position":1,"name":"Home","item":"https:\/\/www.novotek.com\/be\/fr\/"},{"@type":"ListItem","position":2,"name":"Secteurs","item":"https:\/\/www.novotek.com\/be\/fr\/secteurs\/"},{"@type":"ListItem","position":3,"name":"&Eacute;nergie"}]},{"@type":"WebSite","@id":"https:\/\/www.novotek.com\/be\/#website","url":"https:\/\/www.novotek.com\/be\/","name":"Novotek Belgium","description":"Connecter, Mod\u00e9liser, Archiver, Visualiser, Optimiser","potentialAction":[{"@type":"SearchAction","target":{"@type":"EntryPoint","urlTemplate":"https:\/\/www.novotek.com\/be\/?s={search_term_string}"},"query-input":{"@type":"PropertyValueSpecification","valueRequired":true,"valueName":"search_term_string"}}],"inLanguage":"fr-BE"}]}},"_links":{"self":[{"href":"https:\/\/www.novotek.com\/be\/fr\/wp-json\/wp\/v2\/pages\/6241","targetHints":{"allow":["GET"]}}],"collection":[{"href":"https:\/\/www.novotek.com\/be\/fr\/wp-json\/wp\/v2\/pages"}],"about":[{"href":"https:\/\/www.novotek.com\/be\/fr\/wp-json\/wp\/v2\/types\/page"}],"author":[{"embeddable":true,"href":"https:\/\/www.novotek.com\/be\/fr\/wp-json\/wp\/v2\/users\/12"}],"replies":[{"embeddable":true,"href":"https:\/\/www.novotek.com\/be\/fr\/wp-json\/wp\/v2\/comments?post=6241"}],"version-history":[{"count":36,"href":"https:\/\/www.novotek.com\/be\/fr\/wp-json\/wp\/v2\/pages\/6241\/revisions"}],"predecessor-version":[{"id":16965,"href":"https:\/\/www.novotek.com\/be\/fr\/wp-json\/wp\/v2\/pages\/6241\/revisions\/16965"}],"up":[{"embeddable":true,"href":"https:\/\/www.novotek.com\/be\/fr\/wp-json\/wp\/v2\/pages\/6351"}],"wp:attachment":[{"href":"https:\/\/www.novotek.com\/be\/fr\/wp-json\/wp\/v2\/media?parent=6241"}],"curies":[{"name":"wp","href":"https:\/\/api.w.org\/{rel}","templated":true}]}}