{"id":6247,"date":"2022-02-17T14:03:48","date_gmt":"2022-02-17T13:03:48","guid":{"rendered":"https:\/\/www.novotek.com\/be\/gestion-du-btiment\/"},"modified":"2025-12-18T14:38:52","modified_gmt":"2025-12-18T13:38:52","slug":"gestion-du-batiment","status":"publish","type":"page","link":"https:\/\/www.novotek.com\/be\/fr\/secteurs\/gestion-du-batiment\/","title":{"rendered":"Gestion du b&acirc;timent"},"content":{"rendered":"  <div class=\"hero\">\n    <div class=\"carousel hero-slider large\" data-flickity data-flickity-options='{\"prevNextButtons\": false}'>\n              <div class=\"carousel-cell\">\n          <div class=\"container\">\n            <div class=\"hero-content\">\n                              <h1>Gestion du b\u00e2timent<\/h1>\n<p>Surveillance et optimisation des conditions optimales dans les b\u00e2timents et les centres de donn\u00e9es.<\/p>\n              \n                          <\/div>\n          <\/div>\n\n          <img decoding=\"async\" width=\"1024\" height=\"427\" src=\"https:\/\/www.novotek.com\/be\/wp-content\/uploads\/sites\/9\/Novotek_Website_Building_automation_header_1920x800px_NEW2-1024x427.jpg.webp\" class=\"hero-bg\" alt=\"Hero Img\" fetchpriority=\"high\" srcset=\"https:\/\/www.novotek.com\/be\/wp-content\/uploads\/sites\/9\/Novotek_Website_Building_automation_header_1920x800px_NEW2-1024x427.jpg 1024w, https:\/\/www.novotek.com\/be\/wp-content\/uploads\/sites\/9\/Novotek_Website_Building_automation_header_1920x800px_NEW2-300x125.jpg.webp 300w, https:\/\/www.novotek.com\/be\/wp-content\/uploads\/sites\/9\/Novotek_Website_Building_automation_header_1920x800px_NEW2-768x320.jpg 768w, https:\/\/www.novotek.com\/be\/wp-content\/uploads\/sites\/9\/Novotek_Website_Building_automation_header_1920x800px_NEW2-1536x640.jpg 1536w, https:\/\/www.novotek.com\/be\/wp-content\/uploads\/sites\/9\/Novotek_Website_Building_automation_header_1920x800px_NEW2.jpg.webp 1920w\" sizes=\"(max-width: 1024px) 100vw, 1024px\" \/>                  <\/div>\n          <\/div>\n\n      <\/div>\n\n   <div class=\"floating-breadcrumb\"><div class=\"container\"><span><span><a href=\"https:\/\/www.novotek.com\/be\/fr\/\" class=\"breadcrumb-frontpage\">Home<\/a><\/span><\/span><\/div><\/div>\n\n\n<div class=\"container-md heading  \">\n<h3 class=\"wp-block-heading\" id=\"een-moderne-oplossing-voor-gebouw-automatisering\">Une solution moderne pour l\u2019automatisation du b\u00e2timent<\/h3>\n<\/div>\n\n<div class=\"container-md paragraph  \">\n<p>Novotek a d\u00e9velopp\u00e9 un concept sur base de produits standard pour la gestion du b\u00e2timent. Il s\u2019agit d\u2019objets, de visualisations et de fonctions pr\u00eats \u00e0 l\u2019emploi pour surveiller et piloter automatiquement les installations dans le b\u00e2timent comme par ex. le chauffage, le refroidissement et l\u2019\u00e9clairage.<\/p>\n<\/div>\n\n<div class=\"container-md paragraph  \">\n<p>Tout comme dans les environnements de production, les co\u00fbts et les performances des syst\u00e8mes de gestion du b\u00e2timent sont soumis \u00e0 une plus ample analyse. Novotek peut vous aider \u00e0 \u00e9claircir des analyses sur la base des donn\u00e9es de processus enregistr\u00e9es, que ce soit dans ou \u00e0 partir du cloud.<\/p>\n<\/div>\n\n<div class=\"container-md paragraph  \">\n<p>C&rsquo;est une solution moderne et ouverte pour l\u2019automatisation et la gestion de l\u2019immobilier. La solution couvre les syst\u00e8mes de commande et de maintenance, la surveillance du fonctionnement et l\u2019int\u00e9gration des syst\u00e8mes de gestion du b\u00e2timent comme par ex. la commande et la surveillance du climat int\u00e9rieur et de l\u2019\u00e9clairage.<\/p>\n<\/div>\n\n<div class=\"container-md spacer  \">\n<div style=\"height:100px\" aria-hidden=\"true\" class=\"wp-block-spacer\"><\/div>\n<\/div>\n\n  <div class=\"hero\">\n    <div class=\"carousel hero-slider small\" data-flickity data-flickity-options='{\"prevNextButtons\": false}'>\n              <div class=\"carousel-cell\">\n          <div class=\"container\">\n            <div class=\"hero-content\">\n                              <p><b>R\u00e9f\u00e9rences<\/b><strong>\u00a0<\/strong><\/p>\n<h2>High Tech Campus<\/h2>\n<p><em>High Tech Campus Eindhoven<\/em> est le centre des d\u00e9veloppements technologiques avec plus de 165 entreprises d\u00e9sireuses d&rsquo;op\u00e9rer dans des conditions parfaites. Contactez-nous pour la information des r\u00e9f\u00e9rences.<\/p>\n<p>&nbsp;<\/p>\n              \n                              <a class=\"btn btn-primary\" href=\"https:\/\/www.novotek.com\/be\/fr\/contact\/\">\n                  Contactez Novotek                <\/a>\n                          <\/div>\n          <\/div>\n\n          <img decoding=\"async\" width=\"1024\" height=\"427\" src=\"https:\/\/www.novotek.com\/be\/wp-content\/uploads\/sites\/9\/gerson-repreza-8ciJjuq7M5A-unsplash-1-1024x427.jpg\" class=\"hero-bg\" alt=\"Hero Img\" fetchpriority=\"high\" srcset=\"https:\/\/www.novotek.com\/be\/wp-content\/uploads\/sites\/9\/gerson-repreza-8ciJjuq7M5A-unsplash-1-1024x427.jpg 1024w, https:\/\/www.novotek.com\/be\/wp-content\/uploads\/sites\/9\/gerson-repreza-8ciJjuq7M5A-unsplash-1-300x125.jpg 300w, https:\/\/www.novotek.com\/be\/wp-content\/uploads\/sites\/9\/gerson-repreza-8ciJjuq7M5A-unsplash-1-768x320.jpg 768w, https:\/\/www.novotek.com\/be\/wp-content\/uploads\/sites\/9\/gerson-repreza-8ciJjuq7M5A-unsplash-1-1536x640.jpg 1536w, https:\/\/www.novotek.com\/be\/wp-content\/uploads\/sites\/9\/gerson-repreza-8ciJjuq7M5A-unsplash-1.jpg 1920w\" sizes=\"(max-width: 1024px) 100vw, 1024px\" \/>                  <\/div>\n          <\/div>\n\n      <\/div>\n\n   \n\n\n<div class=\"container-md heading  \">\n<h3 class=\"wp-block-heading\" id=\"uitgebreide-bibliotheek-aan-interfaces-en-componenten\">Vaste biblioth\u00e8que d\u2019interfaces et de composants<\/h3>\n<\/div>\n\n<div class=\"container-md paragraph  \">\n<p>Le syst\u00e8me de gestion du b\u00e2timent prend en charge une large palette de contr\u00f4leurs et de protocoles dont BACnet, Modbus, OPC UA et MQTT.<\/p>\n<\/div>\n\n<div class=\"container-md paragraph  \">\n<p>Notre syst\u00e8me dispose \u00e9galement d\u2019une vaste biblioth\u00e8que d\u2019objets et de composants de visualisation comme par ex. des listes d\u2019alarmes, des tendances et des programmateurs. Des mod\u00e8les sont en outre disponibles pour pouvoir \u00e9laborer rapidement et efficacement des graphiques.<\/p>\n<\/div>\n\n  <div class=\"hero\">\n    <div class=\"carousel hero-slider large\" data-flickity data-flickity-options='{\"prevNextButtons\": false}'>\n              <div class=\"carousel-cell\">\n          <div class=\"container\">\n            <div class=\"hero-content\">\n                              <h2>Un climat int\u00e9rieur sain est essentiel pour un l&rsquo;h\u00f4pital<\/h2>\n<p>La qualit\u00e9, la temp\u00e9rature, l&rsquo;humidit\u00e9 et la pression de l&rsquo;air sont tr\u00e8s importantes dans un environnement m\u00e9dical. Par cons\u00e9quent, AMC surveille constamment ces mesures et les ajuste si n\u00e9cessaire. Contactez-nous pour la information des r\u00e9f\u00e9rences.<\/p>\n              \n                              <a class=\"btn btn-primary\" href=\"https:\/\/www.novotek.com\/be\/fr\/contact\/\">\n                  Contactez Novotek                <\/a>\n                          <\/div>\n          <\/div>\n\n          <img decoding=\"async\" width=\"1024\" height=\"595\" src=\"https:\/\/www.novotek.com\/be\/wp-content\/uploads\/sites\/9\/amc-2-2-1024x595.jpg.webp\" class=\"hero-bg\" alt=\"Hero Img\" fetchpriority=\"high\" srcset=\"https:\/\/www.novotek.com\/be\/wp-content\/uploads\/sites\/9\/amc-2-2-1024x595.jpg.webp 1024w, https:\/\/www.novotek.com\/be\/wp-content\/uploads\/sites\/9\/amc-2-2-300x174.jpg.webp 300w, https:\/\/www.novotek.com\/be\/wp-content\/uploads\/sites\/9\/amc-2-2-768x446.jpg.webp 768w, https:\/\/www.novotek.com\/be\/wp-content\/uploads\/sites\/9\/amc-2-2.jpg.webp 1363w\" sizes=\"(max-width: 1024px) 100vw, 1024px\" \/>                  <\/div>\n          <\/div>\n\n      <\/div>\n\n   \n\n\n<div class=\"container-md spacer  \">\n<div style=\"height:37px\" aria-hidden=\"true\" class=\"wp-block-spacer\"><\/div>\n<\/div>\n\n<div class=\"cta-block\">\n  <div class=\"container\">\n          <h2>Laissez-nous vous en dire plus !<\/h2>\n    \n    \n          <a class=\"btn btn-primary\" href=\"https:\/\/www.novotek.com\/be\/fr\/contact\/\">Contactez-nous<\/a>\n      <\/div>\n<\/div>\n\n\n<div class=\"container-md spacer  \">\n<div style=\"height:46px\" aria-hidden=\"true\" class=\"wp-block-spacer\"><\/div>\n<\/div>\n\n  <div class=\"slider-column-parent\">\n    <div class=\"container\">\n      <div class=\"slider-column-title\">Nos solutions pour la gestion d&rsquo;un b\u00e2timent<\/div>\n\n      <div class=\"slider-column\">\n        <div class=\"slider-cell carousel-cell large\"><div class=\"column-box\">\n  \n      <div class=\"title\">\n      HMI\/SCADA    <\/div>\n  \n      <div class=\"text\">\n      <p>Visualisation en temps r\u00e9el, alarmes et contr\u00f4le des processus.<\/p>\n<p><a href=\"https:\/\/www.novotek.com\/be\/fr\/solutions-et-produits\/hmi-scada\/\"><img loading=\"lazy\" decoding=\"async\" class=\"alignnone\" src=\"https:\/\/www.novotek.com\/wp-content\/uploads\/sites\/9\/NovotekBenelux\/SOLUTIONHMISCADA\/SCADA_systemen_Novotek_1920x800px-300x125.jpg\" alt=\"HMI SCADA\" width=\"300\" height=\"125\" \/><\/a><\/p>\n    <\/div>\n  \n      <a class=\"link\"  href=\"https:\/\/www.novotek.com\/be\/fr\/solutions-et-produits\/hmi-scada\/\" target=\"\">\n      En savoir plus    <\/a>\n  \n  <\/div>\n\n<\/div><div class=\"slider-cell carousel-cell large\"><div class=\"column-box\">\n  \n      <div class=\"title\">\n      OPC    <\/div>\n  \n      <div class=\"text\">\n      <p>Optimiser la communication entre les appareils et les syst\u00e8mes<\/p>\n<p><a href=\"https:\/\/www.novotek.com\/be\/fr\/solutions-et-produits\/opc\/\"><img loading=\"lazy\" decoding=\"async\" class=\"alignnone wp-image-2518 size-full\" src=\"https:\/\/www.novotek.com\/be\/wp-content\/uploads\/sites\/9\/NovotekBenelux\/SOLUTIONIDUSTRIELECOMMUNICATIE\/Novotek_OPC_wires_duotone_1920x800-300x125-1.jpg\" alt=\"OPC - optimiser la communication entre les appareils et les syst\u00e8mes\" width=\"300\" height=\"125\" \/><\/a><\/p>\n    <\/div>\n  \n      <a class=\"link\"  href=\"https:\/\/www.novotek.com\/be\/fr\/solutions-et-produits\/opc\/\" target=\"\">\n      En savoir plus    <\/a>\n  \n  <\/div>\n\n<\/div><div class=\"slider-cell carousel-cell large\"><div class=\"column-box\">\n  \n      <div class=\"title\">\n      Data Historian    <\/div>\n  \n      <div class=\"text\">\n      <p>Stockage de grandes quantit\u00e9s de donn\u00e9es de processus et d&rsquo;alarmes.<\/p>\n<p><a href=\"https:\/\/www.novotek.com\/be\/fr\/solutions-et-produits\/data-historian\/\"><img loading=\"lazy\" decoding=\"async\" class=\"alignnone wp-image-951 size-medium\" src=\"https:\/\/www.novotek.com\/be\/wp-content\/uploads\/sites\/9\/NovotekBenelux\/SOLUTIONDATAHISTORIAN\/Data-Historian_1920x800px-300x125.png\" alt=\"Data Historian solution\" width=\"300\" height=\"125\" srcset=\"https:\/\/www.novotek.com\/be\/wp-content\/uploads\/sites\/9\/NovotekBenelux\/SOLUTIONDATAHISTORIAN\/Data-Historian_1920x800px-300x125.png 300w, https:\/\/www.novotek.com\/be\/wp-content\/uploads\/sites\/9\/NovotekBenelux\/SOLUTIONDATAHISTORIAN\/Data-Historian_1920x800px-1024x427.png 1024w, https:\/\/www.novotek.com\/be\/wp-content\/uploads\/sites\/9\/NovotekBenelux\/SOLUTIONDATAHISTORIAN\/Data-Historian_1920x800px-768x320.png 768w, https:\/\/www.novotek.com\/be\/wp-content\/uploads\/sites\/9\/NovotekBenelux\/SOLUTIONDATAHISTORIAN\/Data-Historian_1920x800px-1536x640.png 1536w, https:\/\/www.novotek.com\/be\/wp-content\/uploads\/sites\/9\/NovotekBenelux\/SOLUTIONDATAHISTORIAN\/Data-Historian_1920x800px.png 1920w\" sizes=\"auto, (max-width: 300px) 100vw, 300px\" \/><\/a><\/p>\n    <\/div>\n  \n      <a class=\"link\"  href=\"https:\/\/www.novotek.com\/be\/fr\/solutions-et-produits\/data-historian\/\" target=\"\">\n      En savoir plus    <\/a>\n  \n  <\/div>\n\n<\/div><div class=\"slider-cell carousel-cell large\"><div class=\"column-box\">\n  \n      <div class=\"title\">\n      MES syst\u00e8me    <\/div>\n  \n      <div class=\"text\">\n      <p>Atteindre l&rsquo;Excellence Operational avec un syst\u00e8me MES num\u00e9rique<\/p>\n<p><img loading=\"lazy\" decoding=\"async\" class=\"alignnone size-medium wp-image-961\" src=\"https:\/\/www.novotek.com\/be\/wp-content\/uploads\/sites\/9\/NovotekBenelux\/SOLUTIONMES\/MES-Systeem-Novotek_1920x800px-300x125.jpg\" alt=\"MES syst\u00e8me\" width=\"300\" height=\"125\" srcset=\"https:\/\/www.novotek.com\/be\/wp-content\/uploads\/sites\/9\/NovotekBenelux\/SOLUTIONMES\/MES-Systeem-Novotek_1920x800px-300x125.jpg 300w, https:\/\/www.novotek.com\/be\/wp-content\/uploads\/sites\/9\/NovotekBenelux\/SOLUTIONMES\/MES-Systeem-Novotek_1920x800px-1024x427.jpg 1024w, https:\/\/www.novotek.com\/be\/wp-content\/uploads\/sites\/9\/NovotekBenelux\/SOLUTIONMES\/MES-Systeem-Novotek_1920x800px-768x320.jpg 768w, https:\/\/www.novotek.com\/be\/wp-content\/uploads\/sites\/9\/NovotekBenelux\/SOLUTIONMES\/MES-Systeem-Novotek_1920x800px-1536x640.jpg 1536w, https:\/\/www.novotek.com\/be\/wp-content\/uploads\/sites\/9\/NovotekBenelux\/SOLUTIONMES\/MES-Systeem-Novotek_1920x800px.jpg 1920w\" sizes=\"auto, (max-width: 300px) 100vw, 300px\" \/><\/p>\n    <\/div>\n  \n      <a class=\"link\"  href=\"https:\/\/www.novotek.com\/be\/fr\/solutions-et-produits\/mes\/\" target=\"\">\n      Lire plus &#8211; MES    <\/a>\n  \n  <\/div>\n\n<\/div>      <\/div>\n    <\/div>\n  <\/div>\n\n\n<div class=\"container-md paragraph  \">\n<p><\/p>\n<\/div>","protected":false},"excerpt":{"rendered":"<p>Surveillance et optimisation des conditions optimales dans les b&acirc;timents et les centres de donn&eacute;es.<\/p>\n","protected":false},"author":12,"featured_media":2788,"parent":6351,"menu_order":0,"comment_status":"closed","ping_status":"closed","template":"","meta":{"_acf_changed":false,"_relevanssi_hide_post":"","_relevanssi_pin_for_all":"","_relevanssi_pin_keywords":"","_relevanssi_unpin_keywords":"","_relevanssi_related_keywords":"","_relevanssi_related_include_ids":"","_relevanssi_related_exclude_ids":"","_relevanssi_related_no_append":"","_relevanssi_related_not_related":"","_relevanssi_related_posts":"6125,6323,6327,6337","_relevanssi_noindex_reason":"","footnotes":""},"class_list":["post-6247","page","type-page","status-publish","has-post-thumbnail","hentry"],"acf":[],"yoast_head":"<!-- This site is optimized with the Yoast SEO plugin v27.4 - https:\/\/yoast.com\/product\/yoast-seo-wordpress\/ -->\n<title>Gestion du b&acirc;timent - Novotek Belgium<\/title>\n<meta name=\"description\" content=\"Un syst\u00e8me de gestion de b\u00e2timents pour l&#039;automatisation et la gestion des b\u00e2timents. Le syst\u00e8me prend en charge de nombreux protocoles.\" \/>\n<meta name=\"robots\" content=\"index, follow, max-snippet:-1, max-image-preview:large, max-video-preview:-1\" \/>\n<link rel=\"canonical\" href=\"https:\/\/www.novotek.com\/be\/fr\/secteurs\/gestion-du-batiment\/\" \/>\n<meta property=\"og:locale\" content=\"fr_FR\" \/>\n<meta property=\"og:type\" content=\"article\" \/>\n<meta property=\"og:title\" content=\"Gestion du b&acirc;timent - Novotek Belgium\" \/>\n<meta property=\"og:description\" content=\"Un syst\u00e8me de gestion de b\u00e2timents pour l&#039;automatisation et la gestion des b\u00e2timents. Le syst\u00e8me prend en charge de nombreux protocoles.\" \/>\n<meta property=\"og:url\" content=\"https:\/\/www.novotek.com\/be\/fr\/secteurs\/gestion-du-batiment\/\" \/>\n<meta property=\"og:site_name\" content=\"Novotek Belgium\" \/>\n<meta property=\"article:modified_time\" content=\"2025-12-18T13:38:52+00:00\" \/>\n<meta property=\"og:image\" content=\"https:\/\/www.novotek.com\/be\/wp-content\/uploads\/sites\/9\/gebouwbeheer.jpg.webp\" \/>\n\t<meta property=\"og:image:width\" content=\"300\" \/>\n\t<meta property=\"og:image:height\" content=\"125\" \/>\n\t<meta property=\"og:image:type\" content=\"image\/jpeg\" \/>\n<meta name=\"twitter:card\" content=\"summary_large_image\" \/>\n<meta name=\"twitter:label1\" content=\"Dur\u00e9e de lecture est.\" \/>\n\t<meta name=\"twitter:data1\" content=\"2 minutes\" \/>\n<script type=\"application\/ld+json\" class=\"yoast-schema-graph\">{\"@context\":\"https:\\\/\\\/schema.org\",\"@graph\":[{\"@type\":\"WebPage\",\"@id\":\"https:\\\/\\\/www.novotek.com\\\/be\\\/fr\\\/secteurs\\\/gestion-du-batiment\\\/\",\"url\":\"https:\\\/\\\/www.novotek.com\\\/be\\\/fr\\\/secteurs\\\/gestion-du-batiment\\\/\",\"name\":\"Gestion du b&acirc;timent - Novotek Belgium\",\"isPartOf\":{\"@id\":\"https:\\\/\\\/www.novotek.com\\\/be\\\/#website\"},\"primaryImageOfPage\":{\"@id\":\"https:\\\/\\\/www.novotek.com\\\/be\\\/fr\\\/secteurs\\\/gestion-du-batiment\\\/#primaryimage\"},\"image\":{\"@id\":\"https:\\\/\\\/www.novotek.com\\\/be\\\/fr\\\/secteurs\\\/gestion-du-batiment\\\/#primaryimage\"},\"thumbnailUrl\":\"https:\\\/\\\/www.novotek.com\\\/be\\\/wp-content\\\/uploads\\\/sites\\\/9\\\/gebouwbeheer.jpg.webp\",\"datePublished\":\"2022-02-17T13:03:48+00:00\",\"dateModified\":\"2025-12-18T13:38:52+00:00\",\"description\":\"Un syst\u00e8me de gestion de b\u00e2timents pour l'automatisation et la gestion des b\u00e2timents. Le syst\u00e8me prend en charge de nombreux protocoles.\",\"breadcrumb\":{\"@id\":\"https:\\\/\\\/www.novotek.com\\\/be\\\/fr\\\/secteurs\\\/gestion-du-batiment\\\/#breadcrumb\"},\"inLanguage\":\"fr-BE\",\"potentialAction\":[{\"@type\":\"ReadAction\",\"target\":[\"https:\\\/\\\/www.novotek.com\\\/be\\\/fr\\\/secteurs\\\/gestion-du-batiment\\\/\"]}]},{\"@type\":\"ImageObject\",\"inLanguage\":\"fr-BE\",\"@id\":\"https:\\\/\\\/www.novotek.com\\\/be\\\/fr\\\/secteurs\\\/gestion-du-batiment\\\/#primaryimage\",\"url\":\"https:\\\/\\\/www.novotek.com\\\/be\\\/wp-content\\\/uploads\\\/sites\\\/9\\\/gebouwbeheer.jpg.webp\",\"contentUrl\":\"https:\\\/\\\/www.novotek.com\\\/be\\\/wp-content\\\/uploads\\\/sites\\\/9\\\/gebouwbeheer.jpg.webp\",\"width\":300,\"height\":125},{\"@type\":\"BreadcrumbList\",\"@id\":\"https:\\\/\\\/www.novotek.com\\\/be\\\/fr\\\/secteurs\\\/gestion-du-batiment\\\/#breadcrumb\",\"itemListElement\":[{\"@type\":\"ListItem\",\"position\":1,\"name\":\"Home\",\"item\":\"https:\\\/\\\/www.novotek.com\\\/be\\\/fr\\\/\"},{\"@type\":\"ListItem\",\"position\":2,\"name\":\"Secteurs\",\"item\":\"https:\\\/\\\/www.novotek.com\\\/be\\\/fr\\\/secteurs\\\/\"},{\"@type\":\"ListItem\",\"position\":3,\"name\":\"Gestion du b&acirc;timent\"}]},{\"@type\":\"WebSite\",\"@id\":\"https:\\\/\\\/www.novotek.com\\\/be\\\/#website\",\"url\":\"https:\\\/\\\/www.novotek.com\\\/be\\\/\",\"name\":\"Novotek Belgium\",\"description\":\"Connecter, Mod\u00e9liser, Archiver, Visualiser, Optimiser\",\"potentialAction\":[{\"@type\":\"SearchAction\",\"target\":{\"@type\":\"EntryPoint\",\"urlTemplate\":\"https:\\\/\\\/www.novotek.com\\\/be\\\/?s={search_term_string}\"},\"query-input\":{\"@type\":\"PropertyValueSpecification\",\"valueRequired\":true,\"valueName\":\"search_term_string\"}}],\"inLanguage\":\"fr-BE\"}]}<\/script>\n<!-- \/ Yoast SEO plugin. -->","yoast_head_json":{"title":"Gestion du b&acirc;timent - Novotek Belgium","description":"Un syst\u00e8me de gestion de b\u00e2timents pour l'automatisation et la gestion des b\u00e2timents. Le syst\u00e8me prend en charge de nombreux protocoles.","robots":{"index":"index","follow":"follow","max-snippet":"max-snippet:-1","max-image-preview":"max-image-preview:large","max-video-preview":"max-video-preview:-1"},"canonical":"https:\/\/www.novotek.com\/be\/fr\/secteurs\/gestion-du-batiment\/","og_locale":"fr_FR","og_type":"article","og_title":"Gestion du b&acirc;timent - Novotek Belgium","og_description":"Un syst\u00e8me de gestion de b\u00e2timents pour l'automatisation et la gestion des b\u00e2timents. Le syst\u00e8me prend en charge de nombreux protocoles.","og_url":"https:\/\/www.novotek.com\/be\/fr\/secteurs\/gestion-du-batiment\/","og_site_name":"Novotek Belgium","article_modified_time":"2025-12-18T13:38:52+00:00","og_image":[{"width":300,"height":125,"url":"https:\/\/www.novotek.com\/be\/wp-content\/uploads\/sites\/9\/gebouwbeheer.jpg.webp","type":"image\/jpeg"}],"twitter_card":"summary_large_image","twitter_misc":{"Dur\u00e9e de lecture est.":"2 minutes"},"schema":{"@context":"https:\/\/schema.org","@graph":[{"@type":"WebPage","@id":"https:\/\/www.novotek.com\/be\/fr\/secteurs\/gestion-du-batiment\/","url":"https:\/\/www.novotek.com\/be\/fr\/secteurs\/gestion-du-batiment\/","name":"Gestion du b&acirc;timent - Novotek Belgium","isPartOf":{"@id":"https:\/\/www.novotek.com\/be\/#website"},"primaryImageOfPage":{"@id":"https:\/\/www.novotek.com\/be\/fr\/secteurs\/gestion-du-batiment\/#primaryimage"},"image":{"@id":"https:\/\/www.novotek.com\/be\/fr\/secteurs\/gestion-du-batiment\/#primaryimage"},"thumbnailUrl":"https:\/\/www.novotek.com\/be\/wp-content\/uploads\/sites\/9\/gebouwbeheer.jpg.webp","datePublished":"2022-02-17T13:03:48+00:00","dateModified":"2025-12-18T13:38:52+00:00","description":"Un syst\u00e8me de gestion de b\u00e2timents pour l'automatisation et la gestion des b\u00e2timents. Le syst\u00e8me prend en charge de nombreux protocoles.","breadcrumb":{"@id":"https:\/\/www.novotek.com\/be\/fr\/secteurs\/gestion-du-batiment\/#breadcrumb"},"inLanguage":"fr-BE","potentialAction":[{"@type":"ReadAction","target":["https:\/\/www.novotek.com\/be\/fr\/secteurs\/gestion-du-batiment\/"]}]},{"@type":"ImageObject","inLanguage":"fr-BE","@id":"https:\/\/www.novotek.com\/be\/fr\/secteurs\/gestion-du-batiment\/#primaryimage","url":"https:\/\/www.novotek.com\/be\/wp-content\/uploads\/sites\/9\/gebouwbeheer.jpg.webp","contentUrl":"https:\/\/www.novotek.com\/be\/wp-content\/uploads\/sites\/9\/gebouwbeheer.jpg.webp","width":300,"height":125},{"@type":"BreadcrumbList","@id":"https:\/\/www.novotek.com\/be\/fr\/secteurs\/gestion-du-batiment\/#breadcrumb","itemListElement":[{"@type":"ListItem","position":1,"name":"Home","item":"https:\/\/www.novotek.com\/be\/fr\/"},{"@type":"ListItem","position":2,"name":"Secteurs","item":"https:\/\/www.novotek.com\/be\/fr\/secteurs\/"},{"@type":"ListItem","position":3,"name":"Gestion du b&acirc;timent"}]},{"@type":"WebSite","@id":"https:\/\/www.novotek.com\/be\/#website","url":"https:\/\/www.novotek.com\/be\/","name":"Novotek Belgium","description":"Connecter, Mod\u00e9liser, Archiver, Visualiser, Optimiser","potentialAction":[{"@type":"SearchAction","target":{"@type":"EntryPoint","urlTemplate":"https:\/\/www.novotek.com\/be\/?s={search_term_string}"},"query-input":{"@type":"PropertyValueSpecification","valueRequired":true,"valueName":"search_term_string"}}],"inLanguage":"fr-BE"}]}},"_links":{"self":[{"href":"https:\/\/www.novotek.com\/be\/fr\/wp-json\/wp\/v2\/pages\/6247","targetHints":{"allow":["GET"]}}],"collection":[{"href":"https:\/\/www.novotek.com\/be\/fr\/wp-json\/wp\/v2\/pages"}],"about":[{"href":"https:\/\/www.novotek.com\/be\/fr\/wp-json\/wp\/v2\/types\/page"}],"author":[{"embeddable":true,"href":"https:\/\/www.novotek.com\/be\/fr\/wp-json\/wp\/v2\/users\/12"}],"replies":[{"embeddable":true,"href":"https:\/\/www.novotek.com\/be\/fr\/wp-json\/wp\/v2\/comments?post=6247"}],"version-history":[{"count":21,"href":"https:\/\/www.novotek.com\/be\/fr\/wp-json\/wp\/v2\/pages\/6247\/revisions"}],"predecessor-version":[{"id":18399,"href":"https:\/\/www.novotek.com\/be\/fr\/wp-json\/wp\/v2\/pages\/6247\/revisions\/18399"}],"up":[{"embeddable":true,"href":"https:\/\/www.novotek.com\/be\/fr\/wp-json\/wp\/v2\/pages\/6351"}],"wp:featuredmedia":[{"embeddable":true,"href":"https:\/\/www.novotek.com\/be\/fr\/wp-json\/wp\/v2\/media\/2788"}],"wp:attachment":[{"href":"https:\/\/www.novotek.com\/be\/fr\/wp-json\/wp\/v2\/media?parent=6247"}],"curies":[{"name":"wp","href":"https:\/\/api.w.org\/{rel}","templated":true}]}}