{"id":6251,"date":"2022-02-17T14:04:00","date_gmt":"2022-02-17T13:04:00","guid":{"rendered":"https:\/\/www.novotek.com\/be\/oplossingen-en-producten\/pacsystems\/"},"modified":"2022-11-09T15:48:45","modified_gmt":"2022-11-09T14:48:45","slug":"pacsystems","status":"publish","type":"page","link":"https:\/\/www.novotek.com\/be\/fr\/solutions-et-produits\/pacsystems\/","title":{"rendered":"PACSystems"},"content":{"rendered":"  <div class=\"hero\">\n    <div class=\"carousel hero-slider small\" data-flickity data-flickity-options='{\"prevNextButtons\": false}'>\n              <div class=\"carousel-cell\">\n          <div class=\"container\">\n            <div class=\"hero-content\">\n                              <h1>PACSystems<\/h1>\n<p>Une gamme compl\u00e8te de syst\u00e8mes de commande programmables pour les ing\u00e9nieurs en automatisation exigeants.<\/p>\n              \n                          <\/div>\n          <\/div>\n\n          <img decoding=\"async\" width=\"1024\" height=\"427\" src=\"https:\/\/www.novotek.com\/be\/wp-content\/uploads\/sites\/9\/NovotekProducten\/ProductProgrammableAutomationControl\/Emerson_PACSystems_duotone_1920x800-1024x427.png\" class=\"hero-bg\" alt=\"Hero Img\" fetchpriority=\"high\" srcset=\"https:\/\/www.novotek.com\/be\/wp-content\/uploads\/sites\/9\/NovotekProducten\/ProductProgrammableAutomationControl\/Emerson_PACSystems_duotone_1920x800-1024x427.png 1024w, https:\/\/www.novotek.com\/be\/wp-content\/uploads\/sites\/9\/NovotekProducten\/ProductProgrammableAutomationControl\/Emerson_PACSystems_duotone_1920x800-300x125.png 300w, https:\/\/www.novotek.com\/be\/wp-content\/uploads\/sites\/9\/NovotekProducten\/ProductProgrammableAutomationControl\/Emerson_PACSystems_duotone_1920x800-768x320.png 768w, https:\/\/www.novotek.com\/be\/wp-content\/uploads\/sites\/9\/NovotekProducten\/ProductProgrammableAutomationControl\/Emerson_PACSystems_duotone_1920x800-1536x640.png 1536w, https:\/\/www.novotek.com\/be\/wp-content\/uploads\/sites\/9\/NovotekProducten\/ProductProgrammableAutomationControl\/Emerson_PACSystems_duotone_1920x800.png 1920w\" sizes=\"(max-width: 1024px) 100vw, 1024px\" \/>                  <\/div>\n          <\/div>\n\n      <\/div>\n\n   <div class=\"floating-breadcrumb\"><div class=\"container\"><span><span><a href=\"https:\/\/www.novotek.com\/be\/fr\/\" class=\"breadcrumb-frontpage\">Home<\/a><\/span><\/span><\/div><\/div>\n\n\n<div class=\"container-md heading  \">\n<h2 class=\"wp-block-heading\" id=\"hoge-prestaties-in-een-veeleisende-omgeving\">Hautes performances dans un environnement exigeant<\/h2>\n<\/div>\n\n<div class=\"container-md paragraph  \">\n<p>Tout syst\u00e8me de commande doit collaborer avec l\u2019infrastructure existante et \u00eatre modulable selon les besoins de l\u2019entreprise. Les PACSystems d\u2019 Emerson satisfont aux plus hautes exigences et sont livr\u00e9s avec une large palette de solutions industrielles d\u2019automatisation et de pilotage. Avec leur architecture ouverte modulaire et \u00e9volutive ainsi que leur int\u00e9gration simple dans les syst\u00e8mes, les PACSystems s\u2019adaptent aux besoins uniques de votre entreprise.<\/p>\n<\/div>\n\n<div class=\"container-md paragraph  \">\n<p>Les PACSystems d\u2019Emerson proposent des options pr\u00e9cises de pilotage et une meilleure connectivit\u00e9 dans tous les types d\u2019environnements industriels. Vous avez la perception et le contr\u00f4le requis pour r\u00e9duire les temps d\u2019arr\u00eat et accro\u00eetre la productivit\u00e9.<\/p>\n<\/div>\n\n<div class=\"container-md image  \">\n<figure class=\"wp-block-image size-full is-resized\"><img loading=\"lazy\" decoding=\"async\" src=\"https:\/\/www.novotek.com\/be\/wp-content\/uploads\/sites\/9\/NovotekProducten\/ProductProgrammableAutomationControl\/PAC-Systems-cyaan.jpg\" alt=\"PAC Systems van Emerson\" class=\"wp-image-2443\" width=\"768\" height=\"497\" srcset=\"https:\/\/www.novotek.com\/be\/wp-content\/uploads\/sites\/9\/NovotekProducten\/ProductProgrammableAutomationControl\/PAC-Systems-cyaan.jpg 1024w, https:\/\/www.novotek.com\/be\/wp-content\/uploads\/sites\/9\/NovotekProducten\/ProductProgrammableAutomationControl\/PAC-Systems-cyaan-300x194.jpg 300w, https:\/\/www.novotek.com\/be\/wp-content\/uploads\/sites\/9\/NovotekProducten\/ProductProgrammableAutomationControl\/PAC-Systems-cyaan-768x497.jpg 768w\" sizes=\"auto, (max-width: 768px) 100vw, 768px\" \/><\/figure>\n<\/div>\n\n<div class=\"container-md paragraph  \">\n<p>Des petites applications compactes aux grands syst\u00e8mes redondants&nbsp;: les PACSystems sont fournis avec une large palette de contr\u00f4leurs et E\/S combin\u00e9s avec un logiciel puissant et une interface utilisateur conviviale. Le syst\u00e8me communique en toute transparence avec d\u2019autres dispositifs et syst\u00e8mes utilisant OPC-UA.<\/p>\n<\/div>\n\n<div class=\"container media-text  \">\n<div class=\"wp-block-media-text alignwide is-stacked-on-mobile\"><figure class=\"wp-block-media-text__media\"><img loading=\"lazy\" decoding=\"async\" width=\"1024\" height=\"683\" src=\"https:\/\/www.novotek.com\/be\/wp-content\/uploads\/sites\/9\/NovotekProducten\/ProductProgrammableAutomationControl\/Programmeersoftware-PAC-Systems.png\" alt=\"Programmeersoftware PAC Systems\" class=\"wp-image-5831 size-full\" srcset=\"https:\/\/www.novotek.com\/be\/wp-content\/uploads\/sites\/9\/NovotekProducten\/ProductProgrammableAutomationControl\/Programmeersoftware-PAC-Systems.png 1024w, https:\/\/www.novotek.com\/be\/wp-content\/uploads\/sites\/9\/NovotekProducten\/ProductProgrammableAutomationControl\/Programmeersoftware-PAC-Systems-300x200.png 300w, https:\/\/www.novotek.com\/be\/wp-content\/uploads\/sites\/9\/NovotekProducten\/ProductProgrammableAutomationControl\/Programmeersoftware-PAC-Systems-768x512.png 768w\" sizes=\"auto, (max-width: 1024px) 100vw, 1024px\" \/><\/figure><div class=\"wp-block-media-text__content\">\n<div class=\"container-md heading  \">\n<h4 class=\"wp-block-heading\" id=\"programmeersoftware\">Logiciel de programmation<\/h4>\n<\/div>\n<div class=\"container-md paragraph  \">\n<p>Les PACSystems sont livr\u00e9s avec logiciel d\u2019exploitation s\u00fbr et int\u00e9gr\u00e9 Machine Edition. Programmez et configurez les dispositifs PACSystems \u00e0 l\u2019aide d\u2019outils embarqu\u00e9s, de normes ouvertes et d\u2019un environnement de d\u00e9veloppement enti\u00e8rement int\u00e9gr\u00e9. Utilisez la gestion de versions et authentifiez la communication \u00e0 l\u2019aide d\u2019un ensemble d\u2019outils de configuration de s\u00e9rie. L\u2019acc\u00e8s au logiciel est s\u00e9curis\u00e9 par des mots de passe crypt\u00e9s et un acc\u00e8s autoris\u00e9.<\/p>\n<\/div>\n<\/div><\/div>\n<\/div>\n\n<div class=\"container-md heading  \">\n<h4 class=\"wp-block-heading\" id=\"besturingsystemen\">Syst\u00e8mes de commande<\/h4>\n<\/div>\n\n<div class=\"container-md paragraph  \">\n<p>PACSystems fournit des contr\u00f4leurs industriels majeurs et \u00e9prouv\u00e9s qui satisfont \u00e0 maintes exigences pour l\u2019application. Les contr\u00f4leurs exploitent PROFINET pour des prestations et une productivit\u00e9 accrues et sont compatibles avec la plupart des normes industrielles. Les commandes sont extr\u00eamement modulables avec entre 24 et 32&nbsp;000 points E\/S. Le syst\u00e8me est livr\u00e9 avec un concept redondant et s\u00fbr. Emerson utilise les d\u00e9marches de \u00ab&nbsp;conception s\u00fbre&nbsp;\u00bb dans ses contr\u00f4leurs PACSystems, entre autres Trusted Platform Module et Secure Boot.<\/p>\n<\/div>\n\n<div class=\"container-md image  \">\n<figure class=\"wp-block-image size-large\"><img loading=\"lazy\" decoding=\"async\" width=\"1024\" height=\"414\" src=\"https:\/\/www.novotek.com\/be\/wp-content\/uploads\/sites\/9\/\/Emerson_PACSsystens_controllers-1024x414.png\" alt=\"Emerson controllers - PACSystem\" class=\"wp-image-5835\" srcset=\"https:\/\/www.novotek.com\/be\/wp-content\/uploads\/sites\/9\/Emerson_PACSsystens_controllers-1024x414.png 1024w, https:\/\/www.novotek.com\/be\/wp-content\/uploads\/sites\/9\/Emerson_PACSsystens_controllers-300x121.png 300w, https:\/\/www.novotek.com\/be\/wp-content\/uploads\/sites\/9\/Emerson_PACSsystens_controllers-768x311.png 768w, https:\/\/www.novotek.com\/be\/wp-content\/uploads\/sites\/9\/Emerson_PACSsystens_controllers.png 1100w\" sizes=\"auto, (max-width: 1024px) 100vw, 1024px\" \/><\/figure>\n<\/div>\n\n<div class=\"container-md paragraph  \">\n<p>Les contr\u00f4leurs PACSystems sont con\u00e7us pour fournir des performances maximum dans les rudes environnements industriels, ils fonctionnement sans ventilateur, r\u00e9sistent aux chocs et aux vibrations et disposent d\u2019un rev\u00eatement de protection contre l\u2019encrassement, l\u2019humidit\u00e9 et la corrosion. Les \u00e9l\u00e9ments de commande r\u00e9sistent \u00e0 des temp\u00e9ratures entre -40 et 70 degr\u00e9s. Vous trouverez votre solution dans une large gamme de contr\u00f4leurs de diff\u00e9rentes tailles.<\/p>\n<\/div>\n\n<div class=\"container media-text  \">\n<div class=\"wp-block-media-text alignwide is-stacked-on-mobile\"><figure class=\"wp-block-media-text__media\"><img loading=\"lazy\" decoding=\"async\" width=\"1024\" height=\"683\" src=\"https:\/\/www.novotek.com\/be\/wp-content\/uploads\/sites\/9\/NovotekProducten\/ProductProgrammableAutomationControl\/Bediendingspaneel-PACsystem-Emerson-1024x683.png\" alt=\"Bedieningspaneel PACSysteem Emerson\" class=\"wp-image-5836 size-full\" srcset=\"https:\/\/www.novotek.com\/be\/wp-content\/uploads\/sites\/9\/NovotekProducten\/ProductProgrammableAutomationControl\/Bediendingspaneel-PACsystem-Emerson-1024x683.png 1024w, https:\/\/www.novotek.com\/be\/wp-content\/uploads\/sites\/9\/NovotekProducten\/ProductProgrammableAutomationControl\/Bediendingspaneel-PACsystem-Emerson-300x200.png 300w, https:\/\/www.novotek.com\/be\/wp-content\/uploads\/sites\/9\/NovotekProducten\/ProductProgrammableAutomationControl\/Bediendingspaneel-PACsystem-Emerson-768x512.png 768w, https:\/\/www.novotek.com\/be\/wp-content\/uploads\/sites\/9\/NovotekProducten\/ProductProgrammableAutomationControl\/Bediendingspaneel-PACsystem-Emerson.png 1200w\" sizes=\"auto, (max-width: 1024px) 100vw, 1024px\" \/><\/figure><div class=\"wp-block-media-text__content\"><div class=\"container-md heading  \">\n<h4 class=\"wp-block-heading\" id=\"bedieningspaneel\">Panneau de commande<\/h4>\n<\/div>\n\n<div class=\"container-md paragraph  \">\n<p>Donnez \u00e0 vos op\u00e9rateurs un acc\u00e8s rapide et ais\u00e9 aux donn\u00e9es gr\u00e2ce aux robustes \u00e9crans industriels de la s\u00e9rie PACSystems. Une large palette de HMI modulaires et d\u2019\u00e9crans tactiles combinent la convivialit\u00e9 avec la durabilit\u00e9 industrielle requise pour les environnements rudes. Le concept modulaire assure l\u2019\u00e9volutivit\u00e9 tandis que les connecteurs int\u00e9gr\u00e9s permettent de nombreux types de connexions.<\/p>\n<\/div><\/div><\/div>\n<\/div>\n\n<div class=\"container-md heading  \">\n<h4 class=\"wp-block-heading\" id=\"apparaten-en-i-o\">Dispositifs et E\/S<\/h4>\n<\/div>\n\n<div class=\"container-md paragraph  \">\n<p>Vous disposez de la meilleure connectivit\u00e9 sur le march\u00e9 avec les dispositifs PACSystems sur base PROFINET et la large gamme d\u2019E\/S. Choisissez parmi les nombreuses E\/S et autres dispositifs industriels pour obtenir un syst\u00e8me qui satisfasse aux exigences uniques de votre application. La bonne E\/S pour la bonne t\u00e2che permet de r\u00e9duire le co\u00fbt des composants et le temps d\u2019installation.<\/p>\n<\/div>\n\n<div class=\"container-md spacer  \">\n<div style=\"height:10px\" aria-hidden=\"true\" class=\"wp-block-spacer\"><\/div>\n<\/div>\n\n<div class=\"container-md heading  \">\n<h4 class=\"wp-block-heading\" id=\"wat-heeft-pacsystems-u-te-bieden\">Qu\u2019est-ce que PACSystems vous propose&nbsp;?<\/h4>\n<\/div>\n\n<div class=\"container-md list  \">\n<ul class=\"wp-block-list\"><div class=\"container-md list-item  \">\n<li>Une large gamme de solutions industrielles d\u2019automatisation et de commande<\/li>\n<\/div>\n\n<div class=\"container-md list-item  \">\n<li>Une architecture ouverte modulaire et \u00e9volutive et une int\u00e9gration simple pour r\u00e9pondre aux besoins uniques de toute entreprise<\/li>\n<\/div>\n\n<div class=\"container-md list-item  \">\n<li>La puissante technologie p\u00e9riph\u00e9rique permet l\u2019analyse et l\u2019apprentissage automatique \u00ab&nbsp;en p\u00e9riph\u00e9rie&nbsp;\u00bb<\/li>\n<\/div>\n\n<div class=\"container-md list-item  \">\n<li>Des petites applications compactes aux grands syst\u00e8mes redondants&nbsp;: une large palette de contr\u00f4leurs et E\/S combin\u00e9s avec un logiciel puissant et une interface utilisateur conviviale<\/li>\n<\/div>\n\n<div class=\"container-md list-item  \">\n<li>Logiciel int\u00e9gr\u00e9 avec outils embarqu\u00e9s, normes ouvertes et un environnement de d\u00e9veloppement enti\u00e8rement int\u00e9gr\u00e9.<\/li>\n<\/div>\n\n<div class=\"container-md list-item  \">\n<li>Large gamme de contr\u00f4leurs puissants con\u00e7us pour r\u00e9sister aux rudes environnements industriels. Compatible avec la plupart des normes industrielles<\/li>\n<\/div>\n\n<div class=\"container-md list-item  \">\n<li>Les \u00e9crans tactiles industriels robustes avec HMI modulaire combinent la convivialit\u00e9 avec la durabilit\u00e9 industrielle.<\/li>\n<\/div>\n\n<div class=\"container-md list-item  \">\n<li>Les dispositifs sur base PROFINET et une large palette d\u2019E\/S garantissent la meilleure connectivit\u00e9 sur le march\u00e9.<\/li>\n<\/div>\n\n<div class=\"container-md list-item  \">\n<li>Communication fluide avec OPC-UA.<\/li>\n<\/div><\/ul>\n<\/div>\n\n<div class=\"container-md spacer  \">\n<div style=\"height:10px\" aria-hidden=\"true\" class=\"wp-block-spacer\"><\/div>\n<\/div>\n\n<div class=\"container-md paragraph  \">\n<p>Surveillez, g\u00e9rez et adaptez la production \u00e0 l\u2019aide d\u2019une technologie p\u00e9riph\u00e9rique puissante. PACSystems d\u2019Emerson r\u00e9pond aux applications industrielles tr\u00e8s exigeantes avec des solutions de commande ouvertes, modulables et interop\u00e9rables. Cette approche optimise la commande du syst\u00e8me et permet une analyse et un apprentissage automatique \u00ab&nbsp;en p\u00e9riph\u00e9rie&nbsp;\u00bb. Ceci signifie qu\u2019il est possible d\u2019am\u00e9liorer les processus industriels et d\u2019augmenter les prestations globales, sans aucun compromis sur le temps de cycle, la s\u00e9curit\u00e9 ou la vitesse de communication.<\/p>\n<\/div>\n\n<div class=\"container-md heading  \">\n<h2 class=\"wp-block-heading\" id=\"pacsystems-van-emerson\">PACSystems d\u2019Emerson<\/h2>\n<\/div>\n\n<div class=\"container-md paragraph  \">\n<p>PACSystems fait partie d&rsquo;Emerson Machine Automation Solutions, un leader mondial des syst\u00e8mes d&rsquo;automatisation industrielle. <a href=\"https:\/\/www.emerson.com\/en-nl\/automation\/control-and-safety-systems\/pacsystems\">Voir ici tous les produits de la famille Emerson PACSystems<\/a><\/p>\n<\/div>\n\n<div class=\"container-md paragraph  \">\n<p>Nos conseillers vous guident dans le choix et l\u2019am\u00e9nagement du bon syst\u00e8me complet de commande de processus pour votre entreprise.<\/p>\n<\/div>\n\n<div class=\"container-md spacer  \">\n<div style=\"height:50px\" aria-hidden=\"true\" class=\"wp-block-spacer\"><\/div>\n<\/div>\n\n  <div class=\"slider-column-parent\">\n    <div class=\"container\">\n      <div class=\"slider-column-title\">Produits li\u00e9s<\/div>\n\n      <div class=\"row\">\n        <div class=\"col-12 col-md-4\"><div class=\"column-box\">\n  \n      <div class=\"title\">\n      Machine Edition    <\/div>\n  \n      <div class=\"text\">\n      <p>Un outil pour configurer les syst\u00e8mes PAC, PLC&rsquo;S et QuickPanels.<\/p>\n    <\/div>\n  \n      <a class=\"link\"  href=\"mailto:info.benelux@novotek.com?subject=Informatie%20aanvraag\" target=\"\">\n      Demander plus d&rsquo;informations    <\/a>\n  \n  <\/div>\n\n<\/div><div class=\"col-12 col-md-4\"><div class=\"column-box\">\n  \n      <div class=\"title\">\n      QuickPanel+    <\/div>\n  \n      <div class=\"text\">\n      <p>Un \u00e9cran tactile puissant et multifonctionnel pour l&rsquo;exploitation et la visualisation.<\/p>\n    <\/div>\n  \n      <a class=\"link\"  href=\"mailto:info.benelux@novotek.com?subject=Informatie%20aanvraag%20Quick%20Panel\" target=\"\">\n      Demander plus d&rsquo;informations    <\/a>\n  \n  <\/div>\n\n<\/div>      <\/div>\n    <\/div>\n  <\/div>\n","protected":false},"excerpt":{"rendered":"<p>Hautes performances dans un environnement exigeant Tout syst\u00e8me de commande doit collaborer avec l\u2019infrastructure existante et \u00eatre modulable selon les besoins de l\u2019entreprise. Les PACSystems d\u2019 Emerson satisfont aux plus hautes exigences et sont livr\u00e9s avec une large palette de solutions industrielles d\u2019automatisation et de pilotage. Avec leur architecture ouverte modulaire et \u00e9volutive ainsi que [&hellip;]<\/p>\n","protected":false},"author":13,"featured_media":0,"parent":5512,"menu_order":0,"comment_status":"closed","ping_status":"closed","template":"","meta":{"_acf_changed":false,"_relevanssi_hide_post":"","_relevanssi_pin_for_all":"","_relevanssi_pin_keywords":"","_relevanssi_unpin_keywords":"","_relevanssi_related_keywords":"","_relevanssi_related_include_ids":"","_relevanssi_related_exclude_ids":"","_relevanssi_related_no_append":"","_relevanssi_related_not_related":"","_relevanssi_related_posts":"6323,6337,6125,6327","_relevanssi_noindex_reason":"","footnotes":""},"class_list":["post-6251","page","type-page","status-publish","hentry"],"acf":[],"yoast_head":"<!-- This site is optimized with the Yoast SEO plugin v27.4 - https:\/\/yoast.com\/product\/yoast-seo-wordpress\/ -->\n<title>PACSystems - Novotek Belgium<\/title>\n<meta name=\"description\" content=\"PACSystems est une gamme compl\u00e8te de syst\u00e8mes de commande programmables pour l&#039;automaticien exigeant.\" \/>\n<meta name=\"robots\" content=\"index, follow, max-snippet:-1, max-image-preview:large, max-video-preview:-1\" \/>\n<link rel=\"canonical\" href=\"https:\/\/www.novotek.com\/be\/fr\/solutions-et-produits\/pacsystems\/\" \/>\n<meta property=\"og:locale\" content=\"fr_FR\" \/>\n<meta property=\"og:type\" content=\"article\" \/>\n<meta property=\"og:title\" content=\"PACSystems - Novotek Belgium\" \/>\n<meta property=\"og:description\" content=\"PACSystems est une gamme compl\u00e8te de syst\u00e8mes de commande programmables pour l&#039;automaticien exigeant.\" \/>\n<meta property=\"og:url\" content=\"https:\/\/www.novotek.com\/be\/fr\/solutions-et-produits\/pacsystems\/\" \/>\n<meta property=\"og:site_name\" content=\"Novotek Belgium\" \/>\n<meta property=\"article:modified_time\" content=\"2022-11-09T14:48:45+00:00\" \/>\n<meta property=\"og:image\" content=\"https:\/\/www.novotek.com\/be\/wp-content\/uploads\/sites\/9\/NovotekProducten\/ProductProgrammableAutomationControl\/PAC-Systems-cyaan.jpg\" \/>\n<meta name=\"twitter:card\" content=\"summary_large_image\" \/>\n<meta name=\"twitter:label1\" content=\"Dur\u00e9e de lecture est.\" \/>\n\t<meta name=\"twitter:data1\" content=\"5 minutes\" \/>\n<script type=\"application\/ld+json\" class=\"yoast-schema-graph\">{\"@context\":\"https:\\\/\\\/schema.org\",\"@graph\":[{\"@type\":\"WebPage\",\"@id\":\"https:\\\/\\\/www.novotek.com\\\/be\\\/fr\\\/solutions-et-produits\\\/pacsystems\\\/\",\"url\":\"https:\\\/\\\/www.novotek.com\\\/be\\\/fr\\\/solutions-et-produits\\\/pacsystems\\\/\",\"name\":\"PACSystems - Novotek Belgium\",\"isPartOf\":{\"@id\":\"https:\\\/\\\/www.novotek.com\\\/be\\\/#website\"},\"primaryImageOfPage\":{\"@id\":\"https:\\\/\\\/www.novotek.com\\\/be\\\/fr\\\/solutions-et-produits\\\/pacsystems\\\/#primaryimage\"},\"image\":{\"@id\":\"https:\\\/\\\/www.novotek.com\\\/be\\\/fr\\\/solutions-et-produits\\\/pacsystems\\\/#primaryimage\"},\"thumbnailUrl\":\"https:\\\/\\\/www.novotek.com\\\/be\\\/wp-content\\\/uploads\\\/sites\\\/9\\\/NovotekProducten\\\/ProductProgrammableAutomationControl\\\/PAC-Systems-cyaan.jpg\",\"datePublished\":\"2022-02-17T13:04:00+00:00\",\"dateModified\":\"2022-11-09T14:48:45+00:00\",\"description\":\"PACSystems est une gamme compl\u00e8te de syst\u00e8mes de commande programmables pour l'automaticien exigeant.\",\"breadcrumb\":{\"@id\":\"https:\\\/\\\/www.novotek.com\\\/be\\\/fr\\\/solutions-et-produits\\\/pacsystems\\\/#breadcrumb\"},\"inLanguage\":\"fr-BE\",\"potentialAction\":[{\"@type\":\"ReadAction\",\"target\":[\"https:\\\/\\\/www.novotek.com\\\/be\\\/fr\\\/solutions-et-produits\\\/pacsystems\\\/\"]}]},{\"@type\":\"ImageObject\",\"inLanguage\":\"fr-BE\",\"@id\":\"https:\\\/\\\/www.novotek.com\\\/be\\\/fr\\\/solutions-et-produits\\\/pacsystems\\\/#primaryimage\",\"url\":\"https:\\\/\\\/www.novotek.com\\\/be\\\/wp-content\\\/uploads\\\/sites\\\/9\\\/NovotekProducten\\\/ProductProgrammableAutomationControl\\\/PAC-Systems-cyaan.jpg\",\"contentUrl\":\"https:\\\/\\\/www.novotek.com\\\/be\\\/wp-content\\\/uploads\\\/sites\\\/9\\\/NovotekProducten\\\/ProductProgrammableAutomationControl\\\/PAC-Systems-cyaan.jpg\"},{\"@type\":\"BreadcrumbList\",\"@id\":\"https:\\\/\\\/www.novotek.com\\\/be\\\/fr\\\/solutions-et-produits\\\/pacsystems\\\/#breadcrumb\",\"itemListElement\":[{\"@type\":\"ListItem\",\"position\":1,\"name\":\"Home\",\"item\":\"https:\\\/\\\/www.novotek.com\\\/be\\\/fr\\\/\"},{\"@type\":\"ListItem\",\"position\":2,\"name\":\"Solutions et produits\",\"item\":\"https:\\\/\\\/www.novotek.com\\\/be\\\/fr\\\/solutions-et-produits\\\/\"},{\"@type\":\"ListItem\",\"position\":3,\"name\":\"PACSystems\"}]},{\"@type\":\"WebSite\",\"@id\":\"https:\\\/\\\/www.novotek.com\\\/be\\\/#website\",\"url\":\"https:\\\/\\\/www.novotek.com\\\/be\\\/\",\"name\":\"Novotek Belgium\",\"description\":\"Connecter, Mod\u00e9liser, Archiver, Visualiser, Optimiser\",\"potentialAction\":[{\"@type\":\"SearchAction\",\"target\":{\"@type\":\"EntryPoint\",\"urlTemplate\":\"https:\\\/\\\/www.novotek.com\\\/be\\\/?s={search_term_string}\"},\"query-input\":{\"@type\":\"PropertyValueSpecification\",\"valueRequired\":true,\"valueName\":\"search_term_string\"}}],\"inLanguage\":\"fr-BE\"}]}<\/script>\n<!-- \/ Yoast SEO plugin. -->","yoast_head_json":{"title":"PACSystems - Novotek Belgium","description":"PACSystems est une gamme compl\u00e8te de syst\u00e8mes de commande programmables pour l'automaticien exigeant.","robots":{"index":"index","follow":"follow","max-snippet":"max-snippet:-1","max-image-preview":"max-image-preview:large","max-video-preview":"max-video-preview:-1"},"canonical":"https:\/\/www.novotek.com\/be\/fr\/solutions-et-produits\/pacsystems\/","og_locale":"fr_FR","og_type":"article","og_title":"PACSystems - Novotek Belgium","og_description":"PACSystems est une gamme compl\u00e8te de syst\u00e8mes de commande programmables pour l'automaticien exigeant.","og_url":"https:\/\/www.novotek.com\/be\/fr\/solutions-et-produits\/pacsystems\/","og_site_name":"Novotek Belgium","article_modified_time":"2022-11-09T14:48:45+00:00","og_image":[{"url":"https:\/\/www.novotek.com\/be\/wp-content\/uploads\/sites\/9\/NovotekProducten\/ProductProgrammableAutomationControl\/PAC-Systems-cyaan.jpg","type":"","width":"","height":""}],"twitter_card":"summary_large_image","twitter_misc":{"Dur\u00e9e de lecture est.":"5 minutes"},"schema":{"@context":"https:\/\/schema.org","@graph":[{"@type":"WebPage","@id":"https:\/\/www.novotek.com\/be\/fr\/solutions-et-produits\/pacsystems\/","url":"https:\/\/www.novotek.com\/be\/fr\/solutions-et-produits\/pacsystems\/","name":"PACSystems - Novotek Belgium","isPartOf":{"@id":"https:\/\/www.novotek.com\/be\/#website"},"primaryImageOfPage":{"@id":"https:\/\/www.novotek.com\/be\/fr\/solutions-et-produits\/pacsystems\/#primaryimage"},"image":{"@id":"https:\/\/www.novotek.com\/be\/fr\/solutions-et-produits\/pacsystems\/#primaryimage"},"thumbnailUrl":"https:\/\/www.novotek.com\/be\/wp-content\/uploads\/sites\/9\/NovotekProducten\/ProductProgrammableAutomationControl\/PAC-Systems-cyaan.jpg","datePublished":"2022-02-17T13:04:00+00:00","dateModified":"2022-11-09T14:48:45+00:00","description":"PACSystems est une gamme compl\u00e8te de syst\u00e8mes de commande programmables pour l'automaticien exigeant.","breadcrumb":{"@id":"https:\/\/www.novotek.com\/be\/fr\/solutions-et-produits\/pacsystems\/#breadcrumb"},"inLanguage":"fr-BE","potentialAction":[{"@type":"ReadAction","target":["https:\/\/www.novotek.com\/be\/fr\/solutions-et-produits\/pacsystems\/"]}]},{"@type":"ImageObject","inLanguage":"fr-BE","@id":"https:\/\/www.novotek.com\/be\/fr\/solutions-et-produits\/pacsystems\/#primaryimage","url":"https:\/\/www.novotek.com\/be\/wp-content\/uploads\/sites\/9\/NovotekProducten\/ProductProgrammableAutomationControl\/PAC-Systems-cyaan.jpg","contentUrl":"https:\/\/www.novotek.com\/be\/wp-content\/uploads\/sites\/9\/NovotekProducten\/ProductProgrammableAutomationControl\/PAC-Systems-cyaan.jpg"},{"@type":"BreadcrumbList","@id":"https:\/\/www.novotek.com\/be\/fr\/solutions-et-produits\/pacsystems\/#breadcrumb","itemListElement":[{"@type":"ListItem","position":1,"name":"Home","item":"https:\/\/www.novotek.com\/be\/fr\/"},{"@type":"ListItem","position":2,"name":"Solutions et produits","item":"https:\/\/www.novotek.com\/be\/fr\/solutions-et-produits\/"},{"@type":"ListItem","position":3,"name":"PACSystems"}]},{"@type":"WebSite","@id":"https:\/\/www.novotek.com\/be\/#website","url":"https:\/\/www.novotek.com\/be\/","name":"Novotek Belgium","description":"Connecter, Mod\u00e9liser, Archiver, Visualiser, Optimiser","potentialAction":[{"@type":"SearchAction","target":{"@type":"EntryPoint","urlTemplate":"https:\/\/www.novotek.com\/be\/?s={search_term_string}"},"query-input":{"@type":"PropertyValueSpecification","valueRequired":true,"valueName":"search_term_string"}}],"inLanguage":"fr-BE"}]}},"_links":{"self":[{"href":"https:\/\/www.novotek.com\/be\/fr\/wp-json\/wp\/v2\/pages\/6251","targetHints":{"allow":["GET"]}}],"collection":[{"href":"https:\/\/www.novotek.com\/be\/fr\/wp-json\/wp\/v2\/pages"}],"about":[{"href":"https:\/\/www.novotek.com\/be\/fr\/wp-json\/wp\/v2\/types\/page"}],"author":[{"embeddable":true,"href":"https:\/\/www.novotek.com\/be\/fr\/wp-json\/wp\/v2\/users\/13"}],"replies":[{"embeddable":true,"href":"https:\/\/www.novotek.com\/be\/fr\/wp-json\/wp\/v2\/comments?post=6251"}],"version-history":[{"count":11,"href":"https:\/\/www.novotek.com\/be\/fr\/wp-json\/wp\/v2\/pages\/6251\/revisions"}],"predecessor-version":[{"id":10507,"href":"https:\/\/www.novotek.com\/be\/fr\/wp-json\/wp\/v2\/pages\/6251\/revisions\/10507"}],"up":[{"embeddable":true,"href":"https:\/\/www.novotek.com\/be\/fr\/wp-json\/wp\/v2\/pages\/5512"}],"wp:attachment":[{"href":"https:\/\/www.novotek.com\/be\/fr\/wp-json\/wp\/v2\/media?parent=6251"}],"curies":[{"name":"wp","href":"https:\/\/api.w.org\/{rel}","templated":true}]}}