{"id":6271,"date":"2022-02-17T14:04:57","date_gmt":"2022-02-17T13:04:57","guid":{"rendered":"https:\/\/www.novotek.com\/be\/oplossingen-en-producten\/data-historian\/"},"modified":"2025-12-18T15:25:27","modified_gmt":"2025-12-18T14:25:27","slug":"data-historian","status":"publish","type":"page","link":"https:\/\/www.novotek.com\/be\/fr\/solutions-et-produits\/data-historian\/","title":{"rendered":"Data Historian"},"content":{"rendered":"  <div class=\"hero\">\n    <div class=\"carousel hero-slider small\" data-flickity data-flickity-options='{\"prevNextButtons\": false}'>\n              <div class=\"carousel-cell\">\n          <div class=\"container\">\n            <div class=\"hero-content\">\n                              <h1>Data Historian<\/h1>\n<p>Stockage des donn\u00e9es industrielles et des alarmes pour l&rsquo;\u00e9tablissement de tendances, de rapports et d&rsquo;analyses.<\/p>\n              \n                          <\/div>\n          <\/div>\n\n          <img decoding=\"async\" width=\"1024\" height=\"414\" src=\"https:\/\/www.novotek.com\/be\/wp-content\/uploads\/sites\/9\/Daata_collections_header_duplex_cyan_1920x800px-with-wheel-1-1024x414.jpg.webp\" class=\"hero-bg\" alt=\"Hero Img\" fetchpriority=\"high\" srcset=\"https:\/\/www.novotek.com\/be\/wp-content\/uploads\/sites\/9\/Daata_collections_header_duplex_cyan_1920x800px-with-wheel-1-1024x414.jpg.webp 1024w, https:\/\/www.novotek.com\/be\/wp-content\/uploads\/sites\/9\/Daata_collections_header_duplex_cyan_1920x800px-with-wheel-1-300x121.jpg.webp 300w, https:\/\/www.novotek.com\/be\/wp-content\/uploads\/sites\/9\/Daata_collections_header_duplex_cyan_1920x800px-with-wheel-1-768x311.jpg.webp 768w, https:\/\/www.novotek.com\/be\/wp-content\/uploads\/sites\/9\/Daata_collections_header_duplex_cyan_1920x800px-with-wheel-1-1536x622.jpg.webp 1536w, https:\/\/www.novotek.com\/be\/wp-content\/uploads\/sites\/9\/Daata_collections_header_duplex_cyan_1920x800px-with-wheel-1-2048x829.jpg.webp 2048w\" sizes=\"(max-width: 1024px) 100vw, 1024px\" \/>                  <\/div>\n          <\/div>\n\n      <\/div>\n\n   <div class=\"floating-breadcrumb\"><div class=\"container\"><span><span><a href=\"https:\/\/www.novotek.com\/be\/fr\/\" class=\"breadcrumb-frontpage\">Home<\/a><\/span><\/span><\/div><\/div>\n\n\n<div class=\"container-md columns  alignwide\">\n<div class=\"wp-block-columns alignwide is-layout-flex wp-container-core-columns-is-layout-9d6595d7 wp-block-columns-is-layout-flex\"><div class=\"container-md column  \">\n<div class=\"wp-block-column is-layout-flow wp-block-column-is-layout-flow\" style=\"flex-basis:700px\"><div class=\"container-md heading  \">\n<h2 class=\"wp-block-heading\"><strong>Comment traiter de grandes quantit\u00e9s de donn\u00e9es industrielles ?<\/strong><\/h2>\n<\/div>\n\n<div class=\"container-md paragraph  \">\n<p>Une usine poss\u00e8de souvent des centaines, voire des milliers de mesures de processus que vous aimeriez voir \u00e0 tout moment. Avec un historien de donn\u00e9es, vous stockez toutes ces donn\u00e9es de <strong>mani\u00e8re s\u00e9curis\u00e9e<\/strong> et <strong>comprim\u00e9e<\/strong> afin de pouvoir y acc\u00e9der rapidement et efficacement par la suite. <\/p>\n<\/div><\/div>\n<\/div>\n\n<div class=\"container-md column  \">\n<div class=\"wp-block-column is-layout-flow wp-block-column-is-layout-flow\" style=\"flex-basis:5px\"><div class=\"container-md paragraph  \">\n<p><\/p>\n<\/div><\/div>\n<\/div>\n\n<div class=\"container-md column  \">\n<div class=\"wp-block-column is-layout-flow wp-block-column-is-layout-flow\" style=\"flex-basis:250px\"><div class=\"container-md heading  \">\n<h4 class=\"wp-block-heading\">\u00c9tape 3 : Archive<\/h4>\n<\/div>\n\n<div class=\"container-md paragraph  \">\n<p class=\"has-small-font-size\">Conservez-vous toutes vos donn\u00e9es de production structur\u00e9es dans un endroit central ?<\/p>\n<\/div>\n\n<div class=\"container-md paragraph  \">\n<p class=\"has-small-font-size\">Sur cette page :<br>&#8211; <a href=\"#Datamanagement\">La gestion des donn\u00e9es, base de l&rsquo;usine num\u00e9rique<br><\/a>&#8211; <a href=\"https:\/\/www.novotek.com\/be\/fr\/solutions-et-produits\/proficy-historian\/\">Directement vers Proficy Historian de GE Vernova<\/a> <\/p>\n<\/div><\/div>\n<\/div><\/div>\n<\/div>\n\n<div class=\"container-md image  \">\n<figure class=\"wp-block-image size-full\"><img loading=\"lazy\" decoding=\"async\" width=\"600\" height=\"600\" src=\"https:\/\/www.novotek.com\/be\/wp-content\/uploads\/sites\/9\/NovotekBenelux\/SOLUTIONDATAHISTORIAN\/Data-Historian_productie_data_opslaan_600x600px.png\" alt=\"Data Historian | stockage de donn\u00e9es industrielles\" class=\"wp-image-953\" style=\"aspect-ratio:4\/3;object-fit:cover\" srcset=\"https:\/\/www.novotek.com\/be\/wp-content\/uploads\/sites\/9\/NovotekBenelux\/SOLUTIONDATAHISTORIAN\/Data-Historian_productie_data_opslaan_600x600px.png 600w, https:\/\/www.novotek.com\/be\/wp-content\/uploads\/sites\/9\/NovotekBenelux\/SOLUTIONDATAHISTORIAN\/Data-Historian_productie_data_opslaan_600x600px-300x300.png 300w, https:\/\/www.novotek.com\/be\/wp-content\/uploads\/sites\/9\/NovotekBenelux\/SOLUTIONDATAHISTORIAN\/Data-Historian_productie_data_opslaan_600x600px-150x150.png 150w\" sizes=\"auto, (max-width: 600px) 100vw, 600px\" \/><\/figure>\n<\/div>\n\n<div class=\"container-md spacer  \">\n<div style=\"height:23px\" aria-hidden=\"true\" class=\"wp-block-spacer\"><\/div>\n<\/div>\n\n<div class=\"container-md heading  \">\n<h3 class=\"wp-block-heading\" id=\"data-opslag\">Structurer le stockage de donn\u00e9es<\/h3>\n<\/div>\n\n<div class=\"container-md paragraph  \">\n<p>Pour rechercher rapidement des mesures, un historien des donn\u00e9es utilise <strong>un mod\u00e8le d&rsquo;actifs<\/strong>. Cela permet de structurer le stockage des donn\u00e9es industrielles. En outre, les historiens de donn\u00e9es disposent aujourd&rsquo;hui de <strong>connexions standard<\/strong> pour envoyer les donn\u00e9es stock\u00e9es sous forme agr\u00e9g\u00e9e vers le <strong>cloud<\/strong>.<\/p>\n<\/div>\n\n<div class=\"container media-text  align\">\n<div class=\"wp-block-media-text has-media-on-the-right is-stacked-on-mobile\" id=\"Datamanagement\"><div class=\"wp-block-media-text__content\"><div class=\"container-md paragraph  \">\n<p>Livre blanc<\/p>\n<\/div>\n\n<div class=\"container-md heading  \">\n<h2 class=\"wp-block-heading\" id=\"data-management-als-basis-voor-de-digitale-fabriek\">Le management des donn\u00e9es sert de base \u00e0 l\u2019usine num\u00e9rique <\/h2>\n<\/div>\n\n<div class=\"container-md paragraph  \">\n<p>Le stockage, la structuration, la visualisation et l&rsquo;analyse des donn\u00e9es constituent la base de la num\u00e9risation. <strong>D\u00e9couvrez dans le livre blanc<\/strong> comment vous pouvez utiliser la gestion des donn\u00e9es pour commencer \u00e0 <strong>num\u00e9riser<\/strong> votre processus de production.<\/p>\n<\/div>\n\n<div class=\"container-md\">\n  <div class=\"download-files\">\n          <strong>Download livre blanc<\/strong>\n    \n    \n          <ul>\n                  <li>\n                          \n                <div class=\"download-single-file-thumbnail\">\n                  <a href=\"https:\/\/www.novotek.com\/be\/wp-content\/uploads\/sites\/9\/Create-Your-Digital-Plant-document.pdf\" download><img decoding=\"async\" class=\"svg-primary\" src=\"https:\/\/www.novotek.com\/be\/wp-content\/themes\/novotek-multi\/assets\/svg\/file.svg\"><\/a>\n                <\/div>\n\n                <div class=\"download-single-file-content\">\n                  <a href=\"https:\/\/www.novotek.com\/be\/wp-content\/uploads\/sites\/9\/Create-Your-Digital-Plant-document.pdf\" download><strong>Create Your Digital Plant &#8211; document<\/strong><\/a>\n\n                  <div class=\"download-single-file-details\">\n                  <a href=\"https:\/\/www.novotek.com\/be\/wp-content\/uploads\/sites\/9\/Create-Your-Digital-Plant-document.pdf\" download>PDF<\/a>\n                  <\/div>\n                <\/div>\n\n                          \n          <\/li>\n              <\/ul>\n      <\/div>\n<\/div>\n\n\n<script>\n    function setCookie(key, value, expiry) {\n        var expires = new Date();\n        expires.setTime(expires.getTime() + (expiry * 24 * 60 * 60 * 1000));\n        document.cookie = key + '=' + value + ';expires=' + expires.toUTCString() + '; path=\/';\n    }\n\n    jQuery(document).ready(function($) {\n      $('.btn-primary').click(function() {\n        console.log('yes');\n        setCookie('firstname', $('input.firstname').val(), '30');\n        setCookie('lastname', $('input.lastname').val(), '30');\n        setCookie('email', $('input.email').val(), '30');\n      });\n    });\n<\/script><\/div><figure class=\"wp-block-media-text__media\"><img decoding=\"async\" src=\"https:\/\/www.novotek.com\/wp-content\/uploads\/sites\/9\/NovotekBenelux\/SOLUTIONDATAHISTORIAN\/Start-met-je-eigen-digitale-fabriek_Novotek-BV_GE-Digital.png\" alt=\"T\u00e9l\u00e9charger le livre blanc\" class=\"wp-image-1927 size-full\" \/><\/figure><\/div>\n<\/div>\n\n  <div class=\"hero\">\n    <div class=\"carousel hero-slider small\" data-flickity data-flickity-options='{\"prevNextButtons\": false}'>\n              <div class=\"carousel-cell\">\n          <div class=\"container\">\n            <div class=\"hero-content\">\n                              <h3>Conseils personnalis\u00e9s<\/h3>\n<p>Conseils personnalis\u00e9s Novotek peut vous aider \u00e0 s\u00e9lectionner le bon Data Historian. Nous proposons \u00e9galement <strong>des formations<\/strong> dans ce domaine, nous pouvons <strong>aider \u00e0 la mise en \u0153uvre<\/strong> et offrir un <strong>support local<\/strong> si n\u00e9cessaire.<\/p>\n              \n                              <a class=\"btn btn-primary\" href=\"https:\/\/www.novotek.com\/be\/fr\/contact\/\">\n                  Contactez nous                <\/a>\n                          <\/div>\n          <\/div>\n\n          <img decoding=\"async\" width=\"1024\" height=\"427\" src=\"https:\/\/www.novotek.com\/be\/wp-content\/uploads\/sites\/9\/Novotek_support_training\/novotek-staff-at-meeting-header-duplex-cyan-1024x427.jpg.webp\" class=\"hero-bg\" alt=\"Hero Img\" fetchpriority=\"high\" srcset=\"https:\/\/www.novotek.com\/be\/wp-content\/uploads\/sites\/9\/Novotek_support_training\/novotek-staff-at-meeting-header-duplex-cyan-1024x427.jpg.webp 1024w, https:\/\/www.novotek.com\/be\/wp-content\/uploads\/sites\/9\/Novotek_support_training\/novotek-staff-at-meeting-header-duplex-cyan-300x125.jpg.webp 300w, https:\/\/www.novotek.com\/be\/wp-content\/uploads\/sites\/9\/Novotek_support_training\/novotek-staff-at-meeting-header-duplex-cyan-768x320.jpg.webp 768w, https:\/\/www.novotek.com\/be\/wp-content\/uploads\/sites\/9\/Novotek_support_training\/novotek-staff-at-meeting-header-duplex-cyan-1536x640.jpg.webp 1536w, https:\/\/www.novotek.com\/be\/wp-content\/uploads\/sites\/9\/Novotek_support_training\/novotek-staff-at-meeting-header-duplex-cyan.jpg.webp 1920w\" sizes=\"(max-width: 1024px) 100vw, 1024px\" \/>                  <\/div>\n          <\/div>\n\n      <\/div>\n\n   \n\n\n  <div class=\"slider-column-parent\">\n    <div class=\"container\">\n      <div class=\"slider-column-title\">Les autres produits:<\/div>\n\n      <div class=\"row\">\n        <div class=\"col-12 col-md-4\"><div class=\"column-box\">\n  \n      <div class=\"title\">\n      Proficy Historian    <\/div>\n  \n      <div class=\"text\">\n      <p><img loading=\"lazy\" decoding=\"async\" class=\"alignnone size-medium wp-image-1517\" src=\"https:\/\/www.novotek.com\/wp-content\/uploads\/sites\/9\/NovotekProducten\/ProductHistorian\/Proficy_Historian_Novotek-Benelux-300x261.jpg\" alt=\"Proficy Historian\" width=\"300\" height=\"261\" srcset=\"https:\/\/www.novotek.com\/be\/wp-content\/uploads\/sites\/9\/NovotekProducten\/ProductHistorian\/Proficy_Historian_Novotek-Benelux-300x261.jpg 300w, https:\/\/www.novotek.com\/be\/wp-content\/uploads\/sites\/9\/NovotekProducten\/ProductHistorian\/Proficy_Historian_Novotek-Benelux.jpg 600w\" sizes=\"auto, (max-width: 300px) 100vw, 300px\" \/><\/p>\n<p>Proficy Historian pour le stockage, la gestion et l&rsquo;analyse centralis\u00e9s.<\/p>\n    <\/div>\n  \n      <a class=\"link\"  href=\"https:\/\/www.novotek.com\/be\/fr\/solutions-et-produits\/proficy-historian\/\" target=\"\">\n      Lire plus    <\/a>\n  \n  <\/div>\n\n<\/div><div class=\"col-12 col-md-4\"><div class=\"column-box\">\n  \n      <div class=\"title\">\n      Proficy Operations Hub    <\/div>\n  \n      <div class=\"text\">\n      <p><img loading=\"lazy\" decoding=\"async\" class=\"alignnone size-medium wp-image-18428\" src=\"https:\/\/www.novotek.com\/be\/wp-content\/uploads\/sites\/9\/OperationsHub_Novotek_Benelux-1-300x261.png\" alt=\"Proficy Operations Hub\" width=\"300\" height=\"261\" srcset=\"https:\/\/www.novotek.com\/be\/wp-content\/uploads\/sites\/9\/OperationsHub_Novotek_Benelux-1-300x261.png 300w, https:\/\/www.novotek.com\/be\/wp-content\/uploads\/sites\/9\/OperationsHub_Novotek_Benelux-1-86x75.png 86w, https:\/\/www.novotek.com\/be\/wp-content\/uploads\/sites\/9\/OperationsHub_Novotek_Benelux-1-306x266.png 306w, https:\/\/www.novotek.com\/be\/wp-content\/uploads\/sites\/9\/OperationsHub_Novotek_Benelux-1.png 600w\" sizes=\"auto, (max-width: 300px) 100vw, 300px\" \/><\/p>\n<p>Pour la visualisation de vos donn\u00e9es de processus historiques, des informations MES, des donn\u00e9es de base ERP et d&rsquo;autres sources de donn\u00e9es.<\/p>\n    <\/div>\n  \n      <a class=\"link\"  href=\"https:\/\/www.novotek.com\/be\/fr\/solutions-et-produits\/proficy-operations-hub\/\" target=\"\">\n      Lire plus    <\/a>\n  \n  <\/div>\n\n<\/div>      <\/div>\n    <\/div>\n  <\/div>\n","protected":false},"excerpt":{"rendered":"<p>Stockage des donn\u00e9es industrielles et des alarmes pour l&rsquo;\u00e9tablissement de tendances, de rapports et d&rsquo;analyses.<\/p>\n","protected":false},"author":11,"featured_media":954,"parent":5512,"menu_order":0,"comment_status":"closed","ping_status":"closed","template":"","meta":{"_acf_changed":false,"_relevanssi_hide_post":"","_relevanssi_pin_for_all":"","_relevanssi_pin_keywords":"","_relevanssi_unpin_keywords":"","_relevanssi_related_keywords":"","_relevanssi_related_include_ids":"","_relevanssi_related_exclude_ids":"","_relevanssi_related_no_append":"","_relevanssi_related_not_related":"","_relevanssi_related_posts":"6323,6125,6337,6327","_relevanssi_noindex_reason":"","footnotes":""},"class_list":["post-6271","page","type-page","status-publish","has-post-thumbnail","hentry"],"acf":[],"yoast_head":"<!-- This site is optimized with the Yoast SEO plugin v27.4 - https:\/\/yoast.com\/product\/yoast-seo-wordpress\/ -->\n<title>Data Historian - Novotek Belgium<\/title>\n<meta name=\"description\" content=\"Structuration des donn\u00e9es industrielles avec Data Historian \u00e0 des fins de tendances, de rapports et d&#039;analyses. Lire le livre blanc sur l&#039;usine num\u00e9rique\" \/>\n<meta name=\"robots\" content=\"index, follow, max-snippet:-1, max-image-preview:large, max-video-preview:-1\" \/>\n<link rel=\"canonical\" href=\"https:\/\/www.novotek.com\/be\/fr\/solutions-et-produits\/data-historian\/\" \/>\n<meta property=\"og:locale\" content=\"fr_FR\" \/>\n<meta property=\"og:type\" content=\"article\" \/>\n<meta property=\"og:title\" content=\"Data Historian - Novotek Belgium\" \/>\n<meta property=\"og:description\" content=\"Structuration des donn\u00e9es industrielles avec Data Historian \u00e0 des fins de tendances, de rapports et d&#039;analyses. Lire le livre blanc sur l&#039;usine num\u00e9rique\" \/>\n<meta property=\"og:url\" content=\"https:\/\/www.novotek.com\/be\/fr\/solutions-et-produits\/data-historian\/\" \/>\n<meta property=\"og:site_name\" content=\"Novotek Belgium\" \/>\n<meta property=\"article:modified_time\" content=\"2025-12-18T14:25:27+00:00\" \/>\n<meta property=\"og:image\" content=\"https:\/\/www.novotek.com\/be\/wp-content\/uploads\/sites\/9\/NovotekBenelux\/SOLUTIONDATAHISTORIAN\/Data-Historian_productie_data_opslaan_600x600px.png\" \/>\n\t<meta property=\"og:image:width\" content=\"600\" \/>\n\t<meta property=\"og:image:height\" content=\"600\" \/>\n\t<meta property=\"og:image:type\" content=\"image\/png\" \/>\n<meta name=\"twitter:card\" content=\"summary_large_image\" \/>\n<meta name=\"twitter:label1\" content=\"Dur\u00e9e de lecture est.\" \/>\n\t<meta name=\"twitter:data1\" content=\"2 minutes\" \/>\n<script type=\"application\/ld+json\" class=\"yoast-schema-graph\">{\"@context\":\"https:\\\/\\\/schema.org\",\"@graph\":[{\"@type\":\"WebPage\",\"@id\":\"https:\\\/\\\/www.novotek.com\\\/be\\\/fr\\\/solutions-et-produits\\\/data-historian\\\/\",\"url\":\"https:\\\/\\\/www.novotek.com\\\/be\\\/fr\\\/solutions-et-produits\\\/data-historian\\\/\",\"name\":\"Data Historian - Novotek Belgium\",\"isPartOf\":{\"@id\":\"https:\\\/\\\/www.novotek.com\\\/be\\\/#website\"},\"primaryImageOfPage\":{\"@id\":\"https:\\\/\\\/www.novotek.com\\\/be\\\/fr\\\/solutions-et-produits\\\/data-historian\\\/#primaryimage\"},\"image\":{\"@id\":\"https:\\\/\\\/www.novotek.com\\\/be\\\/fr\\\/solutions-et-produits\\\/data-historian\\\/#primaryimage\"},\"thumbnailUrl\":\"https:\\\/\\\/www.novotek.com\\\/be\\\/wp-content\\\/uploads\\\/sites\\\/9\\\/NovotekBenelux\\\/SOLUTIONDATAHISTORIAN\\\/Data-Historian_productie_data_opslaan_600x600px.png\",\"datePublished\":\"2022-02-17T13:04:57+00:00\",\"dateModified\":\"2025-12-18T14:25:27+00:00\",\"description\":\"Structuration des donn\u00e9es industrielles avec Data Historian \u00e0 des fins de tendances, de rapports et d'analyses. Lire le livre blanc sur l'usine num\u00e9rique\",\"breadcrumb\":{\"@id\":\"https:\\\/\\\/www.novotek.com\\\/be\\\/fr\\\/solutions-et-produits\\\/data-historian\\\/#breadcrumb\"},\"inLanguage\":\"fr-BE\",\"potentialAction\":[{\"@type\":\"ReadAction\",\"target\":[\"https:\\\/\\\/www.novotek.com\\\/be\\\/fr\\\/solutions-et-produits\\\/data-historian\\\/\"]}]},{\"@type\":\"ImageObject\",\"inLanguage\":\"fr-BE\",\"@id\":\"https:\\\/\\\/www.novotek.com\\\/be\\\/fr\\\/solutions-et-produits\\\/data-historian\\\/#primaryimage\",\"url\":\"https:\\\/\\\/www.novotek.com\\\/be\\\/wp-content\\\/uploads\\\/sites\\\/9\\\/NovotekBenelux\\\/SOLUTIONDATAHISTORIAN\\\/Data-Historian_productie_data_opslaan_600x600px.png\",\"contentUrl\":\"https:\\\/\\\/www.novotek.com\\\/be\\\/wp-content\\\/uploads\\\/sites\\\/9\\\/NovotekBenelux\\\/SOLUTIONDATAHISTORIAN\\\/Data-Historian_productie_data_opslaan_600x600px.png\",\"width\":600,\"height\":600,\"caption\":\"Data Historian | opslag van industri\u00eble data\"},{\"@type\":\"BreadcrumbList\",\"@id\":\"https:\\\/\\\/www.novotek.com\\\/be\\\/fr\\\/solutions-et-produits\\\/data-historian\\\/#breadcrumb\",\"itemListElement\":[{\"@type\":\"ListItem\",\"position\":1,\"name\":\"Home\",\"item\":\"https:\\\/\\\/www.novotek.com\\\/be\\\/fr\\\/\"},{\"@type\":\"ListItem\",\"position\":2,\"name\":\"Solutions et produits\",\"item\":\"https:\\\/\\\/www.novotek.com\\\/be\\\/fr\\\/solutions-et-produits\\\/\"},{\"@type\":\"ListItem\",\"position\":3,\"name\":\"Data Historian\"}]},{\"@type\":\"WebSite\",\"@id\":\"https:\\\/\\\/www.novotek.com\\\/be\\\/#website\",\"url\":\"https:\\\/\\\/www.novotek.com\\\/be\\\/\",\"name\":\"Novotek Belgium\",\"description\":\"Connecter, Mod\u00e9liser, Archiver, Visualiser, Optimiser\",\"potentialAction\":[{\"@type\":\"SearchAction\",\"target\":{\"@type\":\"EntryPoint\",\"urlTemplate\":\"https:\\\/\\\/www.novotek.com\\\/be\\\/?s={search_term_string}\"},\"query-input\":{\"@type\":\"PropertyValueSpecification\",\"valueRequired\":true,\"valueName\":\"search_term_string\"}}],\"inLanguage\":\"fr-BE\"}]}<\/script>\n<!-- \/ Yoast SEO plugin. -->","yoast_head_json":{"title":"Data Historian - Novotek Belgium","description":"Structuration des donn\u00e9es industrielles avec Data Historian \u00e0 des fins de tendances, de rapports et d'analyses. Lire le livre blanc sur l'usine num\u00e9rique","robots":{"index":"index","follow":"follow","max-snippet":"max-snippet:-1","max-image-preview":"max-image-preview:large","max-video-preview":"max-video-preview:-1"},"canonical":"https:\/\/www.novotek.com\/be\/fr\/solutions-et-produits\/data-historian\/","og_locale":"fr_FR","og_type":"article","og_title":"Data Historian - Novotek Belgium","og_description":"Structuration des donn\u00e9es industrielles avec Data Historian \u00e0 des fins de tendances, de rapports et d'analyses. Lire le livre blanc sur l'usine num\u00e9rique","og_url":"https:\/\/www.novotek.com\/be\/fr\/solutions-et-produits\/data-historian\/","og_site_name":"Novotek Belgium","article_modified_time":"2025-12-18T14:25:27+00:00","og_image":[{"width":600,"height":600,"url":"https:\/\/www.novotek.com\/be\/wp-content\/uploads\/sites\/9\/NovotekBenelux\/SOLUTIONDATAHISTORIAN\/Data-Historian_productie_data_opslaan_600x600px.png","type":"image\/png"}],"twitter_card":"summary_large_image","twitter_misc":{"Dur\u00e9e de lecture est.":"2 minutes"},"schema":{"@context":"https:\/\/schema.org","@graph":[{"@type":"WebPage","@id":"https:\/\/www.novotek.com\/be\/fr\/solutions-et-produits\/data-historian\/","url":"https:\/\/www.novotek.com\/be\/fr\/solutions-et-produits\/data-historian\/","name":"Data Historian - Novotek Belgium","isPartOf":{"@id":"https:\/\/www.novotek.com\/be\/#website"},"primaryImageOfPage":{"@id":"https:\/\/www.novotek.com\/be\/fr\/solutions-et-produits\/data-historian\/#primaryimage"},"image":{"@id":"https:\/\/www.novotek.com\/be\/fr\/solutions-et-produits\/data-historian\/#primaryimage"},"thumbnailUrl":"https:\/\/www.novotek.com\/be\/wp-content\/uploads\/sites\/9\/NovotekBenelux\/SOLUTIONDATAHISTORIAN\/Data-Historian_productie_data_opslaan_600x600px.png","datePublished":"2022-02-17T13:04:57+00:00","dateModified":"2025-12-18T14:25:27+00:00","description":"Structuration des donn\u00e9es industrielles avec Data Historian \u00e0 des fins de tendances, de rapports et d'analyses. Lire le livre blanc sur l'usine num\u00e9rique","breadcrumb":{"@id":"https:\/\/www.novotek.com\/be\/fr\/solutions-et-produits\/data-historian\/#breadcrumb"},"inLanguage":"fr-BE","potentialAction":[{"@type":"ReadAction","target":["https:\/\/www.novotek.com\/be\/fr\/solutions-et-produits\/data-historian\/"]}]},{"@type":"ImageObject","inLanguage":"fr-BE","@id":"https:\/\/www.novotek.com\/be\/fr\/solutions-et-produits\/data-historian\/#primaryimage","url":"https:\/\/www.novotek.com\/be\/wp-content\/uploads\/sites\/9\/NovotekBenelux\/SOLUTIONDATAHISTORIAN\/Data-Historian_productie_data_opslaan_600x600px.png","contentUrl":"https:\/\/www.novotek.com\/be\/wp-content\/uploads\/sites\/9\/NovotekBenelux\/SOLUTIONDATAHISTORIAN\/Data-Historian_productie_data_opslaan_600x600px.png","width":600,"height":600,"caption":"Data Historian | opslag van industri\u00eble data"},{"@type":"BreadcrumbList","@id":"https:\/\/www.novotek.com\/be\/fr\/solutions-et-produits\/data-historian\/#breadcrumb","itemListElement":[{"@type":"ListItem","position":1,"name":"Home","item":"https:\/\/www.novotek.com\/be\/fr\/"},{"@type":"ListItem","position":2,"name":"Solutions et produits","item":"https:\/\/www.novotek.com\/be\/fr\/solutions-et-produits\/"},{"@type":"ListItem","position":3,"name":"Data Historian"}]},{"@type":"WebSite","@id":"https:\/\/www.novotek.com\/be\/#website","url":"https:\/\/www.novotek.com\/be\/","name":"Novotek Belgium","description":"Connecter, Mod\u00e9liser, Archiver, Visualiser, Optimiser","potentialAction":[{"@type":"SearchAction","target":{"@type":"EntryPoint","urlTemplate":"https:\/\/www.novotek.com\/be\/?s={search_term_string}"},"query-input":{"@type":"PropertyValueSpecification","valueRequired":true,"valueName":"search_term_string"}}],"inLanguage":"fr-BE"}]}},"_links":{"self":[{"href":"https:\/\/www.novotek.com\/be\/fr\/wp-json\/wp\/v2\/pages\/6271","targetHints":{"allow":["GET"]}}],"collection":[{"href":"https:\/\/www.novotek.com\/be\/fr\/wp-json\/wp\/v2\/pages"}],"about":[{"href":"https:\/\/www.novotek.com\/be\/fr\/wp-json\/wp\/v2\/types\/page"}],"author":[{"embeddable":true,"href":"https:\/\/www.novotek.com\/be\/fr\/wp-json\/wp\/v2\/users\/11"}],"replies":[{"embeddable":true,"href":"https:\/\/www.novotek.com\/be\/fr\/wp-json\/wp\/v2\/comments?post=6271"}],"version-history":[{"count":29,"href":"https:\/\/www.novotek.com\/be\/fr\/wp-json\/wp\/v2\/pages\/6271\/revisions"}],"predecessor-version":[{"id":18431,"href":"https:\/\/www.novotek.com\/be\/fr\/wp-json\/wp\/v2\/pages\/6271\/revisions\/18431"}],"up":[{"embeddable":true,"href":"https:\/\/www.novotek.com\/be\/fr\/wp-json\/wp\/v2\/pages\/5512"}],"wp:featuredmedia":[{"embeddable":true,"href":"https:\/\/www.novotek.com\/be\/fr\/wp-json\/wp\/v2\/media\/954"}],"wp:attachment":[{"href":"https:\/\/www.novotek.com\/be\/fr\/wp-json\/wp\/v2\/media?parent=6271"}],"curies":[{"name":"wp","href":"https:\/\/api.w.org\/{rel}","templated":true}]}}