{"id":6279,"date":"2022-02-17T14:06:17","date_gmt":"2022-02-17T13:06:17","guid":{"rendered":"https:\/\/www.novotek.com\/be\/oplossingen-en-producten\/versiondog-asset-inventory-service\/"},"modified":"2022-11-14T12:03:42","modified_gmt":"2022-11-14T11:03:42","slug":"versiondog-asset-inventory-service","status":"publish","type":"page","link":"https:\/\/www.novotek.com\/be\/fr\/solutions-et-produits\/versiondog-asset-inventory-service\/","title":{"rendered":"Asset Inventory Service"},"content":{"rendered":"  <div class=\"hero\">\n    <div class=\"carousel hero-slider small\" data-flickity data-flickity-options='{\"prevNextButtons\": false}'>\n              <div class=\"carousel-cell\">\n          <div class=\"container\">\n            <div class=\"hero-content\">\n                              <h1>Asset Inventory Service<\/h1>\n<p>Le monitoring du r\u00e9seau et la d\u00e9tection de vuln\u00e9rabilit\u00e9 donne un aper\u00e7u de la s\u00e9curit\u00e9 de votre r\u00e9seau OT.<\/p>\n              \n                          <\/div>\n          <\/div>\n\n          <img decoding=\"async\" width=\"1024\" height=\"427\" src=\"https:\/\/www.novotek.com\/be\/wp-content\/uploads\/sites\/9\/NovotekBenelux\/SOLUTIONHMISCADA\/Novotek_Versiondog_duotone_1920x800-1024x427.jpg.webp\" class=\"hero-bg\" alt=\"Hero Img\" fetchpriority=\"high\" srcset=\"https:\/\/www.novotek.com\/be\/wp-content\/uploads\/sites\/9\/NovotekBenelux\/SOLUTIONHMISCADA\/Novotek_Versiondog_duotone_1920x800-1024x427.jpg.webp 1024w, https:\/\/www.novotek.com\/be\/wp-content\/uploads\/sites\/9\/NovotekBenelux\/SOLUTIONHMISCADA\/Novotek_Versiondog_duotone_1920x800-300x125.jpg.webp 300w, https:\/\/www.novotek.com\/be\/wp-content\/uploads\/sites\/9\/NovotekBenelux\/SOLUTIONHMISCADA\/Novotek_Versiondog_duotone_1920x800-768x320.jpg.webp 768w, https:\/\/www.novotek.com\/be\/wp-content\/uploads\/sites\/9\/NovotekBenelux\/SOLUTIONHMISCADA\/Novotek_Versiondog_duotone_1920x800-1536x640.jpg.webp 1536w, https:\/\/www.novotek.com\/be\/wp-content\/uploads\/sites\/9\/NovotekBenelux\/SOLUTIONHMISCADA\/Novotek_Versiondog_duotone_1920x800.jpg.webp 1920w\" sizes=\"(max-width: 1024px) 100vw, 1024px\" \/>                  <\/div>\n          <\/div>\n\n      <\/div>\n\n   <div class=\"floating-breadcrumb\"><div class=\"container\"><span><span><a href=\"https:\/\/www.novotek.com\/be\/fr\/\" class=\"breadcrumb-frontpage\">Home<\/a><\/span><\/span><\/div><\/div>\n\n\n<div class=\"container-md heading  \">\n<h2 class=\"wp-block-heading\" id=\"beveilig-uw-belangrijkste-assets-met-continue-netwerk-monitoring\">S\u00e9curisez vos actifs majeurs avec une surveillance r\u00e9seau continue<\/h2>\n<\/div>\n\n<div class=\"container-md paragraph  \">\n<p>Asset Inventory Service de Versiondog am\u00e9liore la cybers\u00e9curit\u00e9 de votre technologie op\u00e9rationnelle (OT). Le syst\u00e8me fonctionne en toute transparence avec Versiondog et reconna\u00eet ainsi tous les dispositifs d\u2019automatisation standard utilis\u00e9s au sein de votre \u00e9cosyst\u00e8me OT.<\/p>\n<\/div>\n\n<div class=\"container-md paragraph  \">\n<p>Le syst\u00e8me de surveillance comprend l\u2019identification des moyens OT sous la forme de balayages actifs ou passifs, une analyse des risques r\u00e9seau et la possibilit\u00e9 d\u2019identifier les vuln\u00e9rabilit\u00e9s et les cyberattaques.<\/p>\n<\/div>\n\n<div class=\"container-md paragraph  \">\n<p><\/p>\n<\/div>\n\n<div class=\"container media-text  \">\n<div class=\"wp-block-media-text alignwide has-media-on-the-right is-stacked-on-mobile\"><div class=\"wp-block-media-text__content\"><div class=\"container-md heading  \">\n<h3 class=\"wp-block-heading\" id=\"asset-detectie\">D\u00e9tection des actifs<\/h3>\n<\/div>\n\n<div class=\"container-md paragraph  \">\n<p>Les dispositifs raccord\u00e9s \u00e0 Versiondog sont automatiquement trait\u00e9s et ajout\u00e9s \u00e0 la liste des actifs, avec toutes les informations existantes. Vous pouvez \u00e9galement d\u00e9tecter les actifs (via le balayage actif ou passif de votre r\u00e9seau) pour lesquels aucune sauvegarde n\u2019est actuellement effectu\u00e9e sous Versiondog et qui ne sont donc pas repris dans votre plan de r\u00e9cup\u00e9ration de secours. Tous les actifs identifi\u00e9s sont automatiquement ajout\u00e9s \u00e0 votre inventaire central.<\/p>\n<\/div><\/div><figure class=\"wp-block-media-text__media\"><img loading=\"lazy\" decoding=\"async\" width=\"1000\" height=\"652\" src=\"https:\/\/www.novotek.com\/wp-content\/uploads\/sites\/9\/NovotekProducten\/ProductVersiondog\/Asset-Inventory-Service-Asset-Detection_EN.jpg\" alt=\"\" class=\"wp-image-1459 size-full\" srcset=\"https:\/\/www.novotek.com\/be\/wp-content\/uploads\/sites\/9\/NovotekProducten\/ProductVersiondog\/Asset-Inventory-Service-Asset-Detection_EN.jpg 1000w, https:\/\/www.novotek.com\/be\/wp-content\/uploads\/sites\/9\/NovotekProducten\/ProductVersiondog\/Asset-Inventory-Service-Asset-Detection_EN-300x196.jpg 300w, https:\/\/www.novotek.com\/be\/wp-content\/uploads\/sites\/9\/NovotekProducten\/ProductVersiondog\/Asset-Inventory-Service-Asset-Detection_EN-768x501.jpg 768w\" sizes=\"auto, (max-width: 1000px) 100vw, 1000px\" \/><\/figure><\/div>\n<\/div>\n\n<div class=\"container media-text  \">\n<div class=\"wp-block-media-text alignwide is-stacked-on-mobile\"><figure class=\"wp-block-media-text__media\"><img loading=\"lazy\" decoding=\"async\" width=\"1000\" height=\"652\" src=\"https:\/\/www.novotek.com\/wp-content\/uploads\/sites\/9\/NovotekProducten\/ProductVersiondog\/Asset-Inventory-Service-Asset-Management_EN.jpg\" alt=\"\" class=\"wp-image-1463 size-full\" srcset=\"https:\/\/www.novotek.com\/be\/wp-content\/uploads\/sites\/9\/NovotekProducten\/ProductVersiondog\/Asset-Inventory-Service-Asset-Management_EN.jpg 1000w, https:\/\/www.novotek.com\/be\/wp-content\/uploads\/sites\/9\/NovotekProducten\/ProductVersiondog\/Asset-Inventory-Service-Asset-Management_EN-300x196.jpg 300w, https:\/\/www.novotek.com\/be\/wp-content\/uploads\/sites\/9\/NovotekProducten\/ProductVersiondog\/Asset-Inventory-Service-Asset-Management_EN-768x501.jpg 768w\" sizes=\"auto, (max-width: 1000px) 100vw, 1000px\" \/><\/figure><div class=\"wp-block-media-text__content\"><div class=\"container-md heading  \">\n<h3 class=\"wp-block-heading\" id=\"asset-management\">Gestion des actifs<\/h3>\n<\/div>\n\n<div class=\"container-md paragraph  \">\n<p>G\u00e9rez automatiquement tous vos actifs d\u2019infrastructure critiques au sein d\u2019un inventaire central. Vous disposez d\u2019une affectation claire avec les informations compl\u00e9mentaires d\u00e9taill\u00e9es de Versiondog.<\/p>\n<\/div><\/div><\/div>\n<\/div>\n\n<div class=\"container media-text  \">\n<div class=\"wp-block-media-text alignwide has-media-on-the-right is-stacked-on-mobile\"><div class=\"wp-block-media-text__content\"><div class=\"container-md heading  \">\n<h3 class=\"wp-block-heading\" id=\"risk-vulnerability-score\">Risk &amp; Vulnerability Score<\/h3>\n<\/div>\n\n<div class=\"container-md paragraph  \">\n<p>Veillez \u00e0 ce que les donn\u00e9es de vos dispositifs soient \u00e0 jour gr\u00e2ce aux derni\u00e8res donn\u00e9es CVE (Common Vulnerabilities and Exposures) et acc\u00e9dez \u00e0 une biblioth\u00e8que \u00e9tendue de protocoles non s\u00e9curis\u00e9s, de configurations incorrectes et autres points vuln\u00e9rables. Le syst\u00e8me vous donne un aper\u00e7u de tous vos actifs en un tournemain.<\/p>\n<\/div><\/div><figure class=\"wp-block-media-text__media\"><img loading=\"lazy\" decoding=\"async\" width=\"1000\" height=\"652\" src=\"https:\/\/www.novotek.com\/wp-content\/uploads\/sites\/9\/NovotekProducten\/ProductVersiondog\/Versiondog_Asset_Inventory_Service_Novotek_Benelux.jpg\" alt=\"\" class=\"wp-image-1465 size-full\" srcset=\"https:\/\/www.novotek.com\/be\/wp-content\/uploads\/sites\/9\/NovotekProducten\/ProductVersiondog\/Versiondog_Asset_Inventory_Service_Novotek_Benelux.jpg 1000w, https:\/\/www.novotek.com\/be\/wp-content\/uploads\/sites\/9\/NovotekProducten\/ProductVersiondog\/Versiondog_Asset_Inventory_Service_Novotek_Benelux-300x196.jpg 300w, https:\/\/www.novotek.com\/be\/wp-content\/uploads\/sites\/9\/NovotekProducten\/ProductVersiondog\/Versiondog_Asset_Inventory_Service_Novotek_Benelux-768x501.jpg 768w\" sizes=\"auto, (max-width: 1000px) 100vw, 1000px\" \/><\/figure><\/div>\n<\/div>\n\n<div class=\"container-md heading  \">\n<h4 class=\"wp-block-heading\" id=\"wat-heeft-versiondog-asset-inventory-service-te-bieden\">Que pouvez-vous faire avec Versiondog Asset Inventory Service&nbsp;?<\/h4>\n<\/div>\n\n<div class=\"container-md list  \">\n<ul class=\"wp-block-list\"><div class=\"container-md list-item  \">\n<li>Synchronisation automatique des actifs avec Versiondog.<\/li>\n<\/div>\n\n<div class=\"container-md list-item  \">\n<li>Aper\u00e7u de tous les CVE connus au sein de vos actifs<\/li>\n<\/div>\n\n<div class=\"container-md list-item  \">\n<li>Informations d\u00e9taill\u00e9es sur les fournisseurs PLC, les syst\u00e8mes d\u2019exploitation et les versions<\/li>\n<\/div>\n\n<div class=\"container-md list-item  \">\n<li>Notification automatique des modifications au sein du logiciel<\/li>\n<\/div>\n\n<div class=\"container-md list-item  \">\n<li>Possibilit\u00e9 de balayage actif et passif du r\u00e9seau<\/li>\n<\/div>\n\n<div class=\"container-md list-item  \">\n<li>Tableau de bord central avec statut de s\u00e9curit\u00e9 actuel<\/li>\n<\/div>\n\n<div class=\"container-md list-item  \">\n<li>Installation tant in situ que dans le cloud<\/li>\n<\/div><\/ul>\n<\/div>\n\n<div class=\"container-md paragraph  \">\n<p><strong><a href=\"https:\/\/auvesy.com\/en\/versiondog\" target=\"_blank\" rel=\"noreferrer noopener\">Pour en savoir plus sur Versiondog Asset Inventory Service, consultez le site Auvesy.<\/a><\/strong><\/p>\n<\/div>\n\n<div class=\"container-md paragraph  \">\n<p><\/p>\n<\/div>","protected":false},"excerpt":{"rendered":"<p>S\u00e9curisez vos actifs majeurs avec une surveillance r\u00e9seau continue Asset Inventory Service de Versiondog am\u00e9liore la cybers\u00e9curit\u00e9 de votre technologie op\u00e9rationnelle (OT). Le syst\u00e8me fonctionne en toute transparence avec Versiondog et reconna\u00eet ainsi tous les dispositifs d\u2019automatisation standard utilis\u00e9s au sein de votre \u00e9cosyst\u00e8me OT. Le syst\u00e8me de surveillance comprend l\u2019identification des moyens OT sous [&hellip;]<\/p>\n","protected":false},"author":13,"featured_media":0,"parent":5512,"menu_order":1,"comment_status":"closed","ping_status":"closed","template":"","meta":{"_acf_changed":false,"_relevanssi_hide_post":"","_relevanssi_pin_for_all":"","_relevanssi_pin_keywords":"","_relevanssi_unpin_keywords":"","_relevanssi_related_keywords":"","_relevanssi_related_include_ids":"","_relevanssi_related_exclude_ids":"","_relevanssi_related_no_append":"","_relevanssi_related_not_related":"","_relevanssi_related_posts":"6323,6337,6327,6125","_relevanssi_noindex_reason":"","footnotes":""},"class_list":["post-6279","page","type-page","status-publish","hentry"],"acf":[],"yoast_head":"<!-- This site is optimized with the Yoast SEO plugin v27.4 - https:\/\/yoast.com\/product\/yoast-seo-wordpress\/ -->\n<title>Asset Inventory Service - Novotek Belgium<\/title>\n<meta name=\"description\" content=\"Asset Inventory Service am\u00e9liore la cybers\u00e9curit\u00e9 de votre technologie op\u00e9rationnelle (OT). Le syst\u00e8me fonctionne en toute transparence.\" \/>\n<meta name=\"robots\" content=\"index, follow, max-snippet:-1, max-image-preview:large, max-video-preview:-1\" \/>\n<link rel=\"canonical\" href=\"https:\/\/www.novotek.com\/be\/fr\/solutions-et-produits\/versiondog-asset-inventory-service\/\" \/>\n<meta property=\"og:locale\" content=\"fr_FR\" \/>\n<meta property=\"og:type\" content=\"article\" \/>\n<meta property=\"og:title\" content=\"Asset Inventory Service - Novotek Belgium\" \/>\n<meta property=\"og:description\" content=\"Asset Inventory Service am\u00e9liore la cybers\u00e9curit\u00e9 de votre technologie op\u00e9rationnelle (OT). Le syst\u00e8me fonctionne en toute transparence.\" \/>\n<meta property=\"og:url\" content=\"https:\/\/www.novotek.com\/be\/fr\/solutions-et-produits\/versiondog-asset-inventory-service\/\" \/>\n<meta property=\"og:site_name\" content=\"Novotek Belgium\" \/>\n<meta property=\"article:modified_time\" content=\"2022-11-14T11:03:42+00:00\" \/>\n<meta property=\"og:image\" content=\"https:\/\/www.novotek.com\/wp-content\/uploads\/sites\/9\/NovotekProducten\/ProductVersiondog\/Asset-Inventory-Service-Asset-Detection_EN.jpg\" \/>\n<meta name=\"twitter:card\" content=\"summary_large_image\" \/>\n<meta name=\"twitter:label1\" content=\"Dur\u00e9e de lecture est.\" \/>\n\t<meta name=\"twitter:data1\" content=\"3 minutes\" \/>\n<script type=\"application\/ld+json\" class=\"yoast-schema-graph\">{\"@context\":\"https:\\\/\\\/schema.org\",\"@graph\":[{\"@type\":\"WebPage\",\"@id\":\"https:\\\/\\\/www.novotek.com\\\/be\\\/fr\\\/solutions-et-produits\\\/versiondog-asset-inventory-service\\\/\",\"url\":\"https:\\\/\\\/www.novotek.com\\\/be\\\/fr\\\/solutions-et-produits\\\/versiondog-asset-inventory-service\\\/\",\"name\":\"Asset Inventory Service - Novotek Belgium\",\"isPartOf\":{\"@id\":\"https:\\\/\\\/www.novotek.com\\\/be\\\/#website\"},\"primaryImageOfPage\":{\"@id\":\"https:\\\/\\\/www.novotek.com\\\/be\\\/fr\\\/solutions-et-produits\\\/versiondog-asset-inventory-service\\\/#primaryimage\"},\"image\":{\"@id\":\"https:\\\/\\\/www.novotek.com\\\/be\\\/fr\\\/solutions-et-produits\\\/versiondog-asset-inventory-service\\\/#primaryimage\"},\"thumbnailUrl\":\"https:\\\/\\\/www.novotek.com\\\/wp-content\\\/uploads\\\/sites\\\/9\\\/NovotekProducten\\\/ProductVersiondog\\\/Asset-Inventory-Service-Asset-Detection_EN.jpg\",\"datePublished\":\"2022-02-17T13:06:17+00:00\",\"dateModified\":\"2022-11-14T11:03:42+00:00\",\"description\":\"Asset Inventory Service am\u00e9liore la cybers\u00e9curit\u00e9 de votre technologie op\u00e9rationnelle (OT). Le syst\u00e8me fonctionne en toute transparence.\",\"breadcrumb\":{\"@id\":\"https:\\\/\\\/www.novotek.com\\\/be\\\/fr\\\/solutions-et-produits\\\/versiondog-asset-inventory-service\\\/#breadcrumb\"},\"inLanguage\":\"fr-BE\",\"potentialAction\":[{\"@type\":\"ReadAction\",\"target\":[\"https:\\\/\\\/www.novotek.com\\\/be\\\/fr\\\/solutions-et-produits\\\/versiondog-asset-inventory-service\\\/\"]}]},{\"@type\":\"ImageObject\",\"inLanguage\":\"fr-BE\",\"@id\":\"https:\\\/\\\/www.novotek.com\\\/be\\\/fr\\\/solutions-et-produits\\\/versiondog-asset-inventory-service\\\/#primaryimage\",\"url\":\"https:\\\/\\\/www.novotek.com\\\/wp-content\\\/uploads\\\/sites\\\/9\\\/NovotekProducten\\\/ProductVersiondog\\\/Asset-Inventory-Service-Asset-Detection_EN.jpg\",\"contentUrl\":\"https:\\\/\\\/www.novotek.com\\\/wp-content\\\/uploads\\\/sites\\\/9\\\/NovotekProducten\\\/ProductVersiondog\\\/Asset-Inventory-Service-Asset-Detection_EN.jpg\"},{\"@type\":\"BreadcrumbList\",\"@id\":\"https:\\\/\\\/www.novotek.com\\\/be\\\/fr\\\/solutions-et-produits\\\/versiondog-asset-inventory-service\\\/#breadcrumb\",\"itemListElement\":[{\"@type\":\"ListItem\",\"position\":1,\"name\":\"Home\",\"item\":\"https:\\\/\\\/www.novotek.com\\\/be\\\/fr\\\/\"},{\"@type\":\"ListItem\",\"position\":2,\"name\":\"Solutions et produits\",\"item\":\"https:\\\/\\\/www.novotek.com\\\/be\\\/fr\\\/solutions-et-produits\\\/\"},{\"@type\":\"ListItem\",\"position\":3,\"name\":\"Asset Inventory Service\"}]},{\"@type\":\"WebSite\",\"@id\":\"https:\\\/\\\/www.novotek.com\\\/be\\\/#website\",\"url\":\"https:\\\/\\\/www.novotek.com\\\/be\\\/\",\"name\":\"Novotek Belgium\",\"description\":\"Connecter, Mod\u00e9liser, Archiver, Visualiser, Optimiser\",\"potentialAction\":[{\"@type\":\"SearchAction\",\"target\":{\"@type\":\"EntryPoint\",\"urlTemplate\":\"https:\\\/\\\/www.novotek.com\\\/be\\\/?s={search_term_string}\"},\"query-input\":{\"@type\":\"PropertyValueSpecification\",\"valueRequired\":true,\"valueName\":\"search_term_string\"}}],\"inLanguage\":\"fr-BE\"}]}<\/script>\n<!-- \/ Yoast SEO plugin. -->","yoast_head_json":{"title":"Asset Inventory Service - Novotek Belgium","description":"Asset Inventory Service am\u00e9liore la cybers\u00e9curit\u00e9 de votre technologie op\u00e9rationnelle (OT). Le syst\u00e8me fonctionne en toute transparence.","robots":{"index":"index","follow":"follow","max-snippet":"max-snippet:-1","max-image-preview":"max-image-preview:large","max-video-preview":"max-video-preview:-1"},"canonical":"https:\/\/www.novotek.com\/be\/fr\/solutions-et-produits\/versiondog-asset-inventory-service\/","og_locale":"fr_FR","og_type":"article","og_title":"Asset Inventory Service - Novotek Belgium","og_description":"Asset Inventory Service am\u00e9liore la cybers\u00e9curit\u00e9 de votre technologie op\u00e9rationnelle (OT). Le syst\u00e8me fonctionne en toute transparence.","og_url":"https:\/\/www.novotek.com\/be\/fr\/solutions-et-produits\/versiondog-asset-inventory-service\/","og_site_name":"Novotek Belgium","article_modified_time":"2022-11-14T11:03:42+00:00","og_image":[{"url":"https:\/\/www.novotek.com\/wp-content\/uploads\/sites\/9\/NovotekProducten\/ProductVersiondog\/Asset-Inventory-Service-Asset-Detection_EN.jpg","type":"","width":"","height":""}],"twitter_card":"summary_large_image","twitter_misc":{"Dur\u00e9e de lecture est.":"3 minutes"},"schema":{"@context":"https:\/\/schema.org","@graph":[{"@type":"WebPage","@id":"https:\/\/www.novotek.com\/be\/fr\/solutions-et-produits\/versiondog-asset-inventory-service\/","url":"https:\/\/www.novotek.com\/be\/fr\/solutions-et-produits\/versiondog-asset-inventory-service\/","name":"Asset Inventory Service - Novotek Belgium","isPartOf":{"@id":"https:\/\/www.novotek.com\/be\/#website"},"primaryImageOfPage":{"@id":"https:\/\/www.novotek.com\/be\/fr\/solutions-et-produits\/versiondog-asset-inventory-service\/#primaryimage"},"image":{"@id":"https:\/\/www.novotek.com\/be\/fr\/solutions-et-produits\/versiondog-asset-inventory-service\/#primaryimage"},"thumbnailUrl":"https:\/\/www.novotek.com\/wp-content\/uploads\/sites\/9\/NovotekProducten\/ProductVersiondog\/Asset-Inventory-Service-Asset-Detection_EN.jpg","datePublished":"2022-02-17T13:06:17+00:00","dateModified":"2022-11-14T11:03:42+00:00","description":"Asset Inventory Service am\u00e9liore la cybers\u00e9curit\u00e9 de votre technologie op\u00e9rationnelle (OT). Le syst\u00e8me fonctionne en toute transparence.","breadcrumb":{"@id":"https:\/\/www.novotek.com\/be\/fr\/solutions-et-produits\/versiondog-asset-inventory-service\/#breadcrumb"},"inLanguage":"fr-BE","potentialAction":[{"@type":"ReadAction","target":["https:\/\/www.novotek.com\/be\/fr\/solutions-et-produits\/versiondog-asset-inventory-service\/"]}]},{"@type":"ImageObject","inLanguage":"fr-BE","@id":"https:\/\/www.novotek.com\/be\/fr\/solutions-et-produits\/versiondog-asset-inventory-service\/#primaryimage","url":"https:\/\/www.novotek.com\/wp-content\/uploads\/sites\/9\/NovotekProducten\/ProductVersiondog\/Asset-Inventory-Service-Asset-Detection_EN.jpg","contentUrl":"https:\/\/www.novotek.com\/wp-content\/uploads\/sites\/9\/NovotekProducten\/ProductVersiondog\/Asset-Inventory-Service-Asset-Detection_EN.jpg"},{"@type":"BreadcrumbList","@id":"https:\/\/www.novotek.com\/be\/fr\/solutions-et-produits\/versiondog-asset-inventory-service\/#breadcrumb","itemListElement":[{"@type":"ListItem","position":1,"name":"Home","item":"https:\/\/www.novotek.com\/be\/fr\/"},{"@type":"ListItem","position":2,"name":"Solutions et produits","item":"https:\/\/www.novotek.com\/be\/fr\/solutions-et-produits\/"},{"@type":"ListItem","position":3,"name":"Asset Inventory Service"}]},{"@type":"WebSite","@id":"https:\/\/www.novotek.com\/be\/#website","url":"https:\/\/www.novotek.com\/be\/","name":"Novotek Belgium","description":"Connecter, Mod\u00e9liser, Archiver, Visualiser, Optimiser","potentialAction":[{"@type":"SearchAction","target":{"@type":"EntryPoint","urlTemplate":"https:\/\/www.novotek.com\/be\/?s={search_term_string}"},"query-input":{"@type":"PropertyValueSpecification","valueRequired":true,"valueName":"search_term_string"}}],"inLanguage":"fr-BE"}]}},"_links":{"self":[{"href":"https:\/\/www.novotek.com\/be\/fr\/wp-json\/wp\/v2\/pages\/6279","targetHints":{"allow":["GET"]}}],"collection":[{"href":"https:\/\/www.novotek.com\/be\/fr\/wp-json\/wp\/v2\/pages"}],"about":[{"href":"https:\/\/www.novotek.com\/be\/fr\/wp-json\/wp\/v2\/types\/page"}],"author":[{"embeddable":true,"href":"https:\/\/www.novotek.com\/be\/fr\/wp-json\/wp\/v2\/users\/13"}],"replies":[{"embeddable":true,"href":"https:\/\/www.novotek.com\/be\/fr\/wp-json\/wp\/v2\/comments?post=6279"}],"version-history":[{"count":9,"href":"https:\/\/www.novotek.com\/be\/fr\/wp-json\/wp\/v2\/pages\/6279\/revisions"}],"predecessor-version":[{"id":10585,"href":"https:\/\/www.novotek.com\/be\/fr\/wp-json\/wp\/v2\/pages\/6279\/revisions\/10585"}],"up":[{"embeddable":true,"href":"https:\/\/www.novotek.com\/be\/fr\/wp-json\/wp\/v2\/pages\/5512"}],"wp:attachment":[{"href":"https:\/\/www.novotek.com\/be\/fr\/wp-json\/wp\/v2\/media?parent=6279"}],"curies":[{"name":"wp","href":"https:\/\/api.w.org\/{rel}","templated":true}]}}