{"id":6281,"date":"2022-02-17T14:06:33","date_gmt":"2022-02-17T13:06:33","guid":{"rendered":"https:\/\/www.novotek.com\/be\/industrie-chimique\/"},"modified":"2025-12-19T11:27:18","modified_gmt":"2025-12-19T10:27:18","slug":"industrie-chimique","status":"publish","type":"page","link":"https:\/\/www.novotek.com\/be\/fr\/secteurs\/industrie-chimique\/","title":{"rendered":"Industrie chimique"},"content":{"rendered":"  <div class=\"hero\">\n    <div class=\"carousel hero-slider large\" data-flickity data-flickity-options='{\"prevNextButtons\": false}'>\n              <div class=\"carousel-cell\">\n          <div class=\"container\">\n            <div class=\"hero-content\">\n                              <h1>Industrie chimique<\/h1>\n<p>Optimisation du processus et des prescriptions avec un aper\u00e7u en temps r\u00e9el du processus de production.<\/p>\n              \n                          <\/div>\n          <\/div>\n\n          <img decoding=\"async\" width=\"1024\" height=\"427\" src=\"https:\/\/www.novotek.com\/be\/wp-content\/uploads\/sites\/9\/Chemische_industrie_Novotek-1024x427.jpg.webp\" class=\"hero-bg\" alt=\"Hero Img\" fetchpriority=\"high\" srcset=\"https:\/\/www.novotek.com\/be\/wp-content\/uploads\/sites\/9\/Chemische_industrie_Novotek-1024x427.jpg.webp 1024w, https:\/\/www.novotek.com\/be\/wp-content\/uploads\/sites\/9\/Chemische_industrie_Novotek-300x125.jpg.webp 300w, https:\/\/www.novotek.com\/be\/wp-content\/uploads\/sites\/9\/Chemische_industrie_Novotek-768x320.jpg.webp 768w, https:\/\/www.novotek.com\/be\/wp-content\/uploads\/sites\/9\/Chemische_industrie_Novotek-1536x640.jpg.webp 1536w, https:\/\/www.novotek.com\/be\/wp-content\/uploads\/sites\/9\/Chemische_industrie_Novotek-2048x854.jpg.webp 2048w, https:\/\/www.novotek.com\/be\/wp-content\/uploads\/sites\/9\/Chemische_industrie_Novotek-86x36.jpg.webp 86w, https:\/\/www.novotek.com\/be\/wp-content\/uploads\/sites\/9\/Chemische_industrie_Novotek-306x128.jpg.webp 306w, https:\/\/www.novotek.com\/be\/wp-content\/uploads\/sites\/9\/Chemische_industrie_Novotek-636x265.jpg.webp 636w, https:\/\/www.novotek.com\/be\/wp-content\/uploads\/sites\/9\/Chemische_industrie_Novotek-1632x680.jpg.webp 1632w\" sizes=\"(max-width: 1024px) 100vw, 1024px\" \/>                  <\/div>\n          <\/div>\n\n      <\/div>\n\n   <div class=\"floating-breadcrumb\"><div class=\"container\"><span><span><a href=\"https:\/\/www.novotek.com\/be\/fr\/\" class=\"breadcrumb-frontpage\">Home<\/a><\/span><\/span><\/div><\/div>\n\n\n<div class=\"container-md heading  \">\n<h2 class=\"wp-block-heading\" id=\"streven-naar-operational-excellence\">Visez l\u2019excellence op\u00e9rationnelle<\/h2>\n<\/div>\n\n<div class=\"container-md list  \">\n<ul class=\"wp-block-list\"><div class=\"container-md list-item  \">\n<li>Quelles sont les mati\u00e8res premi\u00e8res trait\u00e9es dans un lot d\u00e9fini&nbsp;?<\/li>\n<\/div>\n\n<div class=\"container-md list-item  \">\n<li>Comment puis-je planifier mes r\u00e9acteurs aussi efficacement que possible&nbsp;?<\/li>\n<\/div>\n\n<div class=\"container-md list-item  \">\n<li>Quelle est la qualit\u00e9 de mes produits (semi-)finis&nbsp;?&nbsp;<\/li>\n<\/div>\n\n<div class=\"container-md list-item  \">\n<li>Est-ce que mon personnel respecte toutes les proc\u00e9dures&nbsp;?<\/li>\n<\/div><\/ul>\n<\/div>\n\n<div class=\"container-md paragraph  \">\n<p>Ce sont l\u00e0 des questions typiques d\u2019un processus de production chimique. Il n\u2019est souvent pas aussi simple d\u2019y r\u00e9pondre. L\u2019enregistrement et l\u2019encodage manuels des donn\u00e9es dans un syst\u00e8me prennent souvent beaucoup de temps avec malheureusement le risque d\u2019erreur humaine. Au fil des ans, Novotek a r\u00e9solu bon nombre de questions de ce genre avec ses clients et partenaires, par le biais d\u2019une automatisation efficace.<\/p>\n<\/div>\n\n<div class=\"container-md paragraph  \">\n<p><\/p>\n<\/div>\n\n  <div class=\"hero\">\n    <div class=\"carousel hero-slider large\" data-flickity data-flickity-options='{\"prevNextButtons\": false}'>\n              <div class=\"carousel-cell\">\n          <div class=\"container\">\n            <div class=\"hero-content\">\n                              <h5>R\u00e9f\u00e9rence<\/h5>\n<h2>Nouryon<\/h2>\n<p>\u00ab\u00a0Afin d&rsquo;avoir un aper\u00e7u de l&rsquo;\u00e9tat des op\u00e9rations au niveau mondial, nous avons install\u00e9 un syst\u00e8me MES sur chaque site.\u00a0\u00bb d\u00e9clare Wouter Amersfoort, Information Manager Logistics.<\/p>\n              \n                              <a class=\"btn btn-primary\" href=\"https:\/\/www.novotek.com\/be\/fr\/contact\/\">\n                  Contactez Novotek                <\/a>\n                          <\/div>\n          <\/div>\n\n          <img decoding=\"async\" width=\"753\" height=\"501\" src=\"https:\/\/www.novotek.com\/be\/wp-content\/uploads\/sites\/9\/Nouryon-2.jpg.webp\" class=\"hero-bg\" alt=\"Hero Img\" fetchpriority=\"high\" srcset=\"https:\/\/www.novotek.com\/be\/wp-content\/uploads\/sites\/9\/Nouryon-2.jpg.webp 753w, https:\/\/www.novotek.com\/be\/wp-content\/uploads\/sites\/9\/Nouryon-2-300x200.jpg.webp 300w\" sizes=\"(max-width: 753px) 100vw, 753px\" \/>                  <\/div>\n          <\/div>\n\n      <\/div>\n\n   \n\n\n<div class=\"container-md paragraph  \">\n<p><\/p>\n<\/div>\n\n\n\n<div class=\"container media-text  align\">\n<div class=\"wp-block-media-text is-stacked-on-mobile is-image-fill-element\"><figure class=\"wp-block-media-text__media\"><img loading=\"lazy\" decoding=\"async\" width=\"851\" height=\"315\" src=\"https:\/\/www.novotek.com\/be\/wp-content\/uploads\/sites\/9\/scj-brand-line-up_1595840160-2.jpg\" alt=\"Production plus perspicace chez SC Johnson\" class=\"wp-image-3678 size-full\" style=\"object-position:50% 50%\" srcset=\"https:\/\/www.novotek.com\/be\/wp-content\/uploads\/sites\/9\/scj-brand-line-up_1595840160-2.jpg 851w, https:\/\/www.novotek.com\/be\/wp-content\/uploads\/sites\/9\/scj-brand-line-up_1595840160-2-300x111.jpg 300w, https:\/\/www.novotek.com\/be\/wp-content\/uploads\/sites\/9\/scj-brand-line-up_1595840160-2-768x284.jpg 768w\" sizes=\"auto, (max-width: 851px) 100vw, 851px\" \/><\/figure><div class=\"wp-block-media-text__content\"><div class=\"container-md heading  \">\n<h5 class=\"wp-block-heading\" id=\"referentie\">R\u00e9f\u00e9rence<\/h5>\n<\/div>\n\n<div class=\"container-md heading  \">\n<h2 class=\"wp-block-heading\" id=\"sc-johnson\"><strong>SC Johnson<\/strong><\/h2>\n<\/div>\n\n<div class=\"container-md paragraph  \">\n<p>Pour \u00e9viter que les produits ne quittent l&rsquo;usine avec des \u00e9tiquettes erron\u00e9es, chaque bouteille est scann\u00e9e et v\u00e9rifi\u00e9e. Gr\u00e2ce \u00e0 cela, SC Johnson a atteint le <strong>z\u00e9ro d\u00e9faut<\/strong> et une <strong>meilleure vision<\/strong> de l&rsquo;avancement de la <strong>production<\/strong>. Pour plus d&rsquo;information, contactez-nous.<\/p>\n<\/div>\n\n<div class=\"container-md buttons  \">\n<div class=\"wp-block-buttons is-layout-flex wp-block-buttons-is-layout-flex\"><div class=\"container-md button  \">\n<div class=\"wp-block-button\"><a class=\"wp-block-button__link has-white-color has-vivid-red-background-color has-text-color has-background wp-element-button\" href=\"https:\/\/www.novotek.com\/be\/fr\/contact\/\">Contactez nous<\/a><\/div>\n<\/div><\/div>\n<\/div><\/div><\/div>\n<\/div>\n\n<div class=\"cta-block\">\n  <div class=\"container\">\n          <h2>Laissez-nous vous en dire davantage<\/h2>\n    \n          <div><p>Demandez une discussion sans engagement avec notre account manager de l&rsquo;industrie chimique afin de voir ce que nous pouvons faire pour vous.<\/p>\n<\/div>\n    \n          <a class=\"btn btn-primary\" href=\"https:\/\/www.novotek.com\/be\/fr\/contact\/\">Prendre contact avec nous<\/a>\n      <\/div>\n<\/div>\n\n\n<div class=\"container-md spacer  \">\n<div style=\"height:39px\" aria-hidden=\"true\" class=\"wp-block-spacer\"><\/div>\n<\/div>\n\n  <div class=\"slider-column-parent\">\n    <div class=\"container\">\n      <div class=\"slider-column-title\">Nos solutions pour l&rsquo;industrie chimique<\/div>\n\n      <div class=\"slider-column\">\n        <div class=\"slider-cell carousel-cell large\"><div class=\"column-box\">\n  \n      <div class=\"title\">\n      HMI\/SCADA    <\/div>\n  \n      <div class=\"text\">\n      <p>Visualisation en temps r\u00e9el, alarmes et contr\u00f4le du processus.<\/p>\n<p><img decoding=\"async\" src=\"https:\/\/www.novotek.com\/wp-content\/uploads\/sites\/9\/NovotekBenelux\/SOLUTIONHMISCADA\/SCADA_systemen_Novotek_1920x800px-300x125.jpg\" alt=\"HMI SCADA\" \/><\/p>\n    <\/div>\n  \n      <a class=\"link\"  href=\"https:\/\/www.novotek.com\/be\/fr\/solutions-et-produits\/hmi-scada\/\" target=\"\">\n      En savoir plus    <\/a>\n  \n  <\/div>\n\n<\/div><div class=\"slider-cell carousel-cell large\"><div class=\"column-box\">\n  \n      <div class=\"title\">\n      OPC    <\/div>\n  \n      <div class=\"text\">\n      <p>Optimiser la communication entre les appareils et les syst\u00e8mes<\/p>\n<p><img loading=\"lazy\" decoding=\"async\" class=\"alignnone size-full wp-image-2518\" src=\"https:\/\/www.novotek.com\/wp-content\/uploads\/sites\/9\/NovotekBenelux\/SOLUTIONIDUSTRIELECOMMUNICATIE\/Novotek_OPC_wires_duotone_1920x800-300x125-1.jpg\" alt=\"OPC - optimaliseer de communicatie tussen apparaten en systemen\" width=\"300\" height=\"125\" \/><\/p>\n    <\/div>\n  \n      <a class=\"link\"  href=\"https:\/\/www.novotek.com\/be\/fr\/solutions-et-produits\/opc\/\" target=\"\">\n      En savoir plus    <\/a>\n  \n  <\/div>\n\n<\/div><div class=\"slider-cell carousel-cell large\"><div class=\"column-box\">\n  \n      <div class=\"title\">\n      Data Historian    <\/div>\n  \n      <div class=\"text\">\n      <p>Stockage de grandes quantit\u00e9s de donn\u00e9es de processus et d&rsquo;alarmes.<\/p>\n<p><img loading=\"lazy\" decoding=\"async\" class=\"alignnone wp-image-951 size-medium\" src=\"https:\/\/www.novotek.com\/wp-content\/uploads\/sites\/9\/NovotekBenelux\/SOLUTIONDATAHISTORIAN\/Data-Historian_1920x800px-300x125.png\" alt=\"Data Historian oplossing\" width=\"300\" height=\"125\" srcset=\"https:\/\/www.novotek.com\/be\/wp-content\/uploads\/sites\/9\/NovotekBenelux\/SOLUTIONDATAHISTORIAN\/Data-Historian_1920x800px-300x125.png 300w, https:\/\/www.novotek.com\/be\/wp-content\/uploads\/sites\/9\/NovotekBenelux\/SOLUTIONDATAHISTORIAN\/Data-Historian_1920x800px-1024x427.png 1024w, https:\/\/www.novotek.com\/be\/wp-content\/uploads\/sites\/9\/NovotekBenelux\/SOLUTIONDATAHISTORIAN\/Data-Historian_1920x800px-768x320.png 768w, https:\/\/www.novotek.com\/be\/wp-content\/uploads\/sites\/9\/NovotekBenelux\/SOLUTIONDATAHISTORIAN\/Data-Historian_1920x800px-1536x640.png 1536w, https:\/\/www.novotek.com\/be\/wp-content\/uploads\/sites\/9\/NovotekBenelux\/SOLUTIONDATAHISTORIAN\/Data-Historian_1920x800px.png 1920w\" sizes=\"auto, (max-width: 300px) 100vw, 300px\" \/><\/p>\n    <\/div>\n  \n      <a class=\"link\"  href=\"https:\/\/www.novotek.com\/be\/fr\/solutions-et-produits\/data-historian\/\" target=\"\">\n      En savoir plus    <\/a>\n  \n  <\/div>\n\n<\/div><div class=\"slider-cell carousel-cell large\"><div class=\"column-box\">\n  \n      <div class=\"title\">\n      Data-analytics    <\/div>\n  \n      <div class=\"text\">\n      <p>Obtenez des informations pr\u00e9cieuses \u00e0 partir des donn\u00e9es de votre processus et pr\u00e9voyez les incidents.<\/p>\n<p><img loading=\"lazy\" decoding=\"async\" class=\"size-medium wp-image-468\" src=\"https:\/\/www.novotek.com\/wp-content\/uploads\/sites\/9\/NovotekBenelux\/SOLUTIONANALYTICS\/Analytics-oplossing-Novotek-300x125.jpg\" alt=\"Analytics oplossing\" width=\"300\" height=\"125\" srcset=\"https:\/\/www.novotek.com\/be\/wp-content\/uploads\/sites\/9\/NovotekBenelux\/SOLUTIONANALYTICS\/Analytics-oplossing-Novotek-300x125.jpg 300w, https:\/\/www.novotek.com\/be\/wp-content\/uploads\/sites\/9\/NovotekBenelux\/SOLUTIONANALYTICS\/Analytics-oplossing-Novotek-1024x427.jpg 1024w, https:\/\/www.novotek.com\/be\/wp-content\/uploads\/sites\/9\/NovotekBenelux\/SOLUTIONANALYTICS\/Analytics-oplossing-Novotek-768x320.jpg 768w, https:\/\/www.novotek.com\/be\/wp-content\/uploads\/sites\/9\/NovotekBenelux\/SOLUTIONANALYTICS\/Analytics-oplossing-Novotek-1536x640.jpg 1536w, https:\/\/www.novotek.com\/be\/wp-content\/uploads\/sites\/9\/NovotekBenelux\/SOLUTIONANALYTICS\/Analytics-oplossing-Novotek.jpg 1920w\" sizes=\"auto, (max-width: 300px) 100vw, 300px\" \/><\/p>\n    <\/div>\n  \n      <a class=\"link\"  href=\"https:\/\/www.novotek.com\/be\/fr\/solutions-et-produits\/analytics\/\" target=\"\">\n      Analytics    <\/a>\n  \n  <\/div>\n\n<\/div><div class=\"slider-cell carousel-cell large\"><div class=\"column-box\">\n  \n      <div class=\"title\">\n      MES syst\u00e8me    <\/div>\n  \n      <div class=\"text\">\n      <p>Atteindre l&rsquo;Excellence Operational avec un syst\u00e8me MES num\u00e9rique<\/p>\n<p><img loading=\"lazy\" decoding=\"async\" class=\"alignnone size-medium wp-image-961\" src=\"https:\/\/www.novotek.com\/be\/wp-content\/uploads\/sites\/9\/NovotekBenelux\/SOLUTIONMES\/MES-Systeem-Novotek_1920x800px-300x125.jpg\" alt=\"MES syst\u00e8me\" width=\"300\" height=\"125\" srcset=\"https:\/\/www.novotek.com\/be\/wp-content\/uploads\/sites\/9\/NovotekBenelux\/SOLUTIONMES\/MES-Systeem-Novotek_1920x800px-300x125.jpg 300w, https:\/\/www.novotek.com\/be\/wp-content\/uploads\/sites\/9\/NovotekBenelux\/SOLUTIONMES\/MES-Systeem-Novotek_1920x800px-1024x427.jpg 1024w, https:\/\/www.novotek.com\/be\/wp-content\/uploads\/sites\/9\/NovotekBenelux\/SOLUTIONMES\/MES-Systeem-Novotek_1920x800px-768x320.jpg 768w, https:\/\/www.novotek.com\/be\/wp-content\/uploads\/sites\/9\/NovotekBenelux\/SOLUTIONMES\/MES-Systeem-Novotek_1920x800px-1536x640.jpg 1536w, https:\/\/www.novotek.com\/be\/wp-content\/uploads\/sites\/9\/NovotekBenelux\/SOLUTIONMES\/MES-Systeem-Novotek_1920x800px.jpg 1920w\" sizes=\"auto, (max-width: 300px) 100vw, 300px\" \/><\/p>\n    <\/div>\n  \n      <a class=\"link\"  href=\"https:\/\/www.novotek.com\/be\/fr\/solutions-et-produits\/mes\/\" target=\"\">\n      Lire plus &#8211; MES    <\/a>\n  \n  <\/div>\n\n<\/div>      <\/div>\n    <\/div>\n  <\/div>\n","protected":false},"excerpt":{"rendered":"<p>Optimisation de recette avec examen en temps r\u00e9el du processus de production.<\/p>\n","protected":false},"author":13,"featured_media":4163,"parent":6351,"menu_order":0,"comment_status":"closed","ping_status":"closed","template":"","meta":{"_acf_changed":false,"_relevanssi_hide_post":"","_relevanssi_pin_for_all":"","_relevanssi_pin_keywords":"","_relevanssi_unpin_keywords":"","_relevanssi_related_keywords":"","_relevanssi_related_include_ids":"","_relevanssi_related_exclude_ids":"","_relevanssi_related_no_append":"","_relevanssi_related_not_related":"","_relevanssi_related_posts":"6327,6125,6337,6323","_relevanssi_noindex_reason":"","footnotes":""},"class_list":["post-6281","page","type-page","status-publish","has-post-thumbnail","hentry"],"acf":[],"yoast_head":"<!-- This site is optimized with the Yoast SEO plugin v27.4 - https:\/\/yoast.com\/product\/yoast-seo-wordpress\/ -->\n<title>Industrie chimique - Novotek Belgium<\/title>\n<meta name=\"description\" content=\"Comment planifier efficacement les r\u00e9acteurs ? L&#039;optimisation dans l&#039;industrie chimique commence par la connaissance.\" \/>\n<meta name=\"robots\" content=\"index, follow, max-snippet:-1, max-image-preview:large, max-video-preview:-1\" \/>\n<link rel=\"canonical\" href=\"https:\/\/www.novotek.com\/be\/fr\/secteurs\/industrie-chimique\/\" \/>\n<meta property=\"og:locale\" content=\"fr_FR\" \/>\n<meta property=\"og:type\" content=\"article\" \/>\n<meta property=\"og:title\" content=\"Industrie chimique - Novotek Belgium\" \/>\n<meta property=\"og:description\" content=\"Comment planifier efficacement les r\u00e9acteurs ? L&#039;optimisation dans l&#039;industrie chimique commence par la connaissance.\" \/>\n<meta property=\"og:url\" content=\"https:\/\/www.novotek.com\/be\/fr\/secteurs\/industrie-chimique\/\" \/>\n<meta property=\"og:site_name\" content=\"Novotek Belgium\" \/>\n<meta property=\"article:modified_time\" content=\"2025-12-19T10:27:18+00:00\" \/>\n<meta property=\"og:image\" content=\"https:\/\/www.novotek.com\/be\/wp-content\/uploads\/sites\/9\/14_28112019_Cursus_Toegepaste-Chemie_47685388e9-2.jpg.webp\" \/>\n\t<meta property=\"og:image:width\" content=\"500\" \/>\n\t<meta property=\"og:image:height\" content=\"334\" \/>\n\t<meta property=\"og:image:type\" content=\"image\/jpeg\" \/>\n<meta name=\"twitter:card\" content=\"summary_large_image\" \/>\n<meta name=\"twitter:label1\" content=\"Dur\u00e9e de lecture est.\" \/>\n\t<meta name=\"twitter:data1\" content=\"2 minutes\" \/>\n<script type=\"application\/ld+json\" class=\"yoast-schema-graph\">{\"@context\":\"https:\\\/\\\/schema.org\",\"@graph\":[{\"@type\":\"WebPage\",\"@id\":\"https:\\\/\\\/www.novotek.com\\\/be\\\/fr\\\/secteurs\\\/industrie-chimique\\\/\",\"url\":\"https:\\\/\\\/www.novotek.com\\\/be\\\/fr\\\/secteurs\\\/industrie-chimique\\\/\",\"name\":\"Industrie chimique - Novotek Belgium\",\"isPartOf\":{\"@id\":\"https:\\\/\\\/www.novotek.com\\\/be\\\/#website\"},\"primaryImageOfPage\":{\"@id\":\"https:\\\/\\\/www.novotek.com\\\/be\\\/fr\\\/secteurs\\\/industrie-chimique\\\/#primaryimage\"},\"image\":{\"@id\":\"https:\\\/\\\/www.novotek.com\\\/be\\\/fr\\\/secteurs\\\/industrie-chimique\\\/#primaryimage\"},\"thumbnailUrl\":\"https:\\\/\\\/www.novotek.com\\\/be\\\/wp-content\\\/uploads\\\/sites\\\/9\\\/14_28112019_Cursus_Toegepaste-Chemie_47685388e9-2.jpg.webp\",\"datePublished\":\"2022-02-17T13:06:33+00:00\",\"dateModified\":\"2025-12-19T10:27:18+00:00\",\"description\":\"Comment planifier efficacement les r\u00e9acteurs ? L'optimisation dans l'industrie chimique commence par la connaissance.\",\"breadcrumb\":{\"@id\":\"https:\\\/\\\/www.novotek.com\\\/be\\\/fr\\\/secteurs\\\/industrie-chimique\\\/#breadcrumb\"},\"inLanguage\":\"fr-BE\",\"potentialAction\":[{\"@type\":\"ReadAction\",\"target\":[\"https:\\\/\\\/www.novotek.com\\\/be\\\/fr\\\/secteurs\\\/industrie-chimique\\\/\"]}]},{\"@type\":\"ImageObject\",\"inLanguage\":\"fr-BE\",\"@id\":\"https:\\\/\\\/www.novotek.com\\\/be\\\/fr\\\/secteurs\\\/industrie-chimique\\\/#primaryimage\",\"url\":\"https:\\\/\\\/www.novotek.com\\\/be\\\/wp-content\\\/uploads\\\/sites\\\/9\\\/14_28112019_Cursus_Toegepaste-Chemie_47685388e9-2.jpg.webp\",\"contentUrl\":\"https:\\\/\\\/www.novotek.com\\\/be\\\/wp-content\\\/uploads\\\/sites\\\/9\\\/14_28112019_Cursus_Toegepaste-Chemie_47685388e9-2.jpg.webp\",\"width\":500,\"height\":334},{\"@type\":\"BreadcrumbList\",\"@id\":\"https:\\\/\\\/www.novotek.com\\\/be\\\/fr\\\/secteurs\\\/industrie-chimique\\\/#breadcrumb\",\"itemListElement\":[{\"@type\":\"ListItem\",\"position\":1,\"name\":\"Home\",\"item\":\"https:\\\/\\\/www.novotek.com\\\/be\\\/fr\\\/\"},{\"@type\":\"ListItem\",\"position\":2,\"name\":\"Secteurs\",\"item\":\"https:\\\/\\\/www.novotek.com\\\/be\\\/fr\\\/secteurs\\\/\"},{\"@type\":\"ListItem\",\"position\":3,\"name\":\"Industrie chimique\"}]},{\"@type\":\"WebSite\",\"@id\":\"https:\\\/\\\/www.novotek.com\\\/be\\\/#website\",\"url\":\"https:\\\/\\\/www.novotek.com\\\/be\\\/\",\"name\":\"Novotek Belgium\",\"description\":\"Connecter, Mod\u00e9liser, Archiver, Visualiser, Optimiser\",\"potentialAction\":[{\"@type\":\"SearchAction\",\"target\":{\"@type\":\"EntryPoint\",\"urlTemplate\":\"https:\\\/\\\/www.novotek.com\\\/be\\\/?s={search_term_string}\"},\"query-input\":{\"@type\":\"PropertyValueSpecification\",\"valueRequired\":true,\"valueName\":\"search_term_string\"}}],\"inLanguage\":\"fr-BE\"}]}<\/script>\n<!-- \/ Yoast SEO plugin. -->","yoast_head_json":{"title":"Industrie chimique - Novotek Belgium","description":"Comment planifier efficacement les r\u00e9acteurs ? L'optimisation dans l'industrie chimique commence par la connaissance.","robots":{"index":"index","follow":"follow","max-snippet":"max-snippet:-1","max-image-preview":"max-image-preview:large","max-video-preview":"max-video-preview:-1"},"canonical":"https:\/\/www.novotek.com\/be\/fr\/secteurs\/industrie-chimique\/","og_locale":"fr_FR","og_type":"article","og_title":"Industrie chimique - Novotek Belgium","og_description":"Comment planifier efficacement les r\u00e9acteurs ? L'optimisation dans l'industrie chimique commence par la connaissance.","og_url":"https:\/\/www.novotek.com\/be\/fr\/secteurs\/industrie-chimique\/","og_site_name":"Novotek Belgium","article_modified_time":"2025-12-19T10:27:18+00:00","og_image":[{"width":500,"height":334,"url":"https:\/\/www.novotek.com\/be\/wp-content\/uploads\/sites\/9\/14_28112019_Cursus_Toegepaste-Chemie_47685388e9-2.jpg.webp","type":"image\/jpeg"}],"twitter_card":"summary_large_image","twitter_misc":{"Dur\u00e9e de lecture est.":"2 minutes"},"schema":{"@context":"https:\/\/schema.org","@graph":[{"@type":"WebPage","@id":"https:\/\/www.novotek.com\/be\/fr\/secteurs\/industrie-chimique\/","url":"https:\/\/www.novotek.com\/be\/fr\/secteurs\/industrie-chimique\/","name":"Industrie chimique - Novotek Belgium","isPartOf":{"@id":"https:\/\/www.novotek.com\/be\/#website"},"primaryImageOfPage":{"@id":"https:\/\/www.novotek.com\/be\/fr\/secteurs\/industrie-chimique\/#primaryimage"},"image":{"@id":"https:\/\/www.novotek.com\/be\/fr\/secteurs\/industrie-chimique\/#primaryimage"},"thumbnailUrl":"https:\/\/www.novotek.com\/be\/wp-content\/uploads\/sites\/9\/14_28112019_Cursus_Toegepaste-Chemie_47685388e9-2.jpg.webp","datePublished":"2022-02-17T13:06:33+00:00","dateModified":"2025-12-19T10:27:18+00:00","description":"Comment planifier efficacement les r\u00e9acteurs ? L'optimisation dans l'industrie chimique commence par la connaissance.","breadcrumb":{"@id":"https:\/\/www.novotek.com\/be\/fr\/secteurs\/industrie-chimique\/#breadcrumb"},"inLanguage":"fr-BE","potentialAction":[{"@type":"ReadAction","target":["https:\/\/www.novotek.com\/be\/fr\/secteurs\/industrie-chimique\/"]}]},{"@type":"ImageObject","inLanguage":"fr-BE","@id":"https:\/\/www.novotek.com\/be\/fr\/secteurs\/industrie-chimique\/#primaryimage","url":"https:\/\/www.novotek.com\/be\/wp-content\/uploads\/sites\/9\/14_28112019_Cursus_Toegepaste-Chemie_47685388e9-2.jpg.webp","contentUrl":"https:\/\/www.novotek.com\/be\/wp-content\/uploads\/sites\/9\/14_28112019_Cursus_Toegepaste-Chemie_47685388e9-2.jpg.webp","width":500,"height":334},{"@type":"BreadcrumbList","@id":"https:\/\/www.novotek.com\/be\/fr\/secteurs\/industrie-chimique\/#breadcrumb","itemListElement":[{"@type":"ListItem","position":1,"name":"Home","item":"https:\/\/www.novotek.com\/be\/fr\/"},{"@type":"ListItem","position":2,"name":"Secteurs","item":"https:\/\/www.novotek.com\/be\/fr\/secteurs\/"},{"@type":"ListItem","position":3,"name":"Industrie chimique"}]},{"@type":"WebSite","@id":"https:\/\/www.novotek.com\/be\/#website","url":"https:\/\/www.novotek.com\/be\/","name":"Novotek Belgium","description":"Connecter, Mod\u00e9liser, Archiver, Visualiser, Optimiser","potentialAction":[{"@type":"SearchAction","target":{"@type":"EntryPoint","urlTemplate":"https:\/\/www.novotek.com\/be\/?s={search_term_string}"},"query-input":{"@type":"PropertyValueSpecification","valueRequired":true,"valueName":"search_term_string"}}],"inLanguage":"fr-BE"}]}},"_links":{"self":[{"href":"https:\/\/www.novotek.com\/be\/fr\/wp-json\/wp\/v2\/pages\/6281","targetHints":{"allow":["GET"]}}],"collection":[{"href":"https:\/\/www.novotek.com\/be\/fr\/wp-json\/wp\/v2\/pages"}],"about":[{"href":"https:\/\/www.novotek.com\/be\/fr\/wp-json\/wp\/v2\/types\/page"}],"author":[{"embeddable":true,"href":"https:\/\/www.novotek.com\/be\/fr\/wp-json\/wp\/v2\/users\/13"}],"replies":[{"embeddable":true,"href":"https:\/\/www.novotek.com\/be\/fr\/wp-json\/wp\/v2\/comments?post=6281"}],"version-history":[{"count":13,"href":"https:\/\/www.novotek.com\/be\/fr\/wp-json\/wp\/v2\/pages\/6281\/revisions"}],"predecessor-version":[{"id":18436,"href":"https:\/\/www.novotek.com\/be\/fr\/wp-json\/wp\/v2\/pages\/6281\/revisions\/18436"}],"up":[{"embeddable":true,"href":"https:\/\/www.novotek.com\/be\/fr\/wp-json\/wp\/v2\/pages\/6351"}],"wp:featuredmedia":[{"embeddable":true,"href":"https:\/\/www.novotek.com\/be\/fr\/wp-json\/wp\/v2\/media\/4163"}],"wp:attachment":[{"href":"https:\/\/www.novotek.com\/be\/fr\/wp-json\/wp\/v2\/media?parent=6281"}],"curies":[{"name":"wp","href":"https:\/\/api.w.org\/{rel}","templated":true}]}}