{"id":6347,"date":"2022-02-17T14:31:26","date_gmt":"2022-02-17T13:31:26","guid":{"rendered":"https:\/\/www.novotek.com\/be\/oplossingen-en-producten\/ot-cyber-security\/"},"modified":"2025-04-01T12:01:52","modified_gmt":"2025-04-01T11:01:52","slug":"ot-cyber-security","status":"publish","type":"page","link":"https:\/\/www.novotek.com\/be\/fr\/solutions-et-produits\/ot-cyber-security\/","title":{"rendered":"OT Cyber Security"},"content":{"rendered":"  <div class=\"hero\">\n    <div class=\"carousel hero-slider small\" data-flickity data-flickity-options='{\"prevNextButtons\": false}'>\n              <div class=\"carousel-cell\">\n          <div class=\"container\">\n            <div class=\"hero-content\">\n                              <h1>OT Cyber Security<\/h1>\n<p>D\u00e9tection des vuln\u00e9rabilit\u00e9s et tableau de bord de la s\u00e9curit\u00e9 dans un r\u00e9seau OT.<\/p>\n              \n                          <\/div>\n          <\/div>\n\n          <img decoding=\"async\" width=\"1024\" height=\"427\" src=\"https:\/\/www.novotek.com\/be\/wp-content\/uploads\/sites\/9\/NovotekBenelux\/SOLUTIONOTSECURITY\/Cyber_security_Novotek_Benelux_laptop_1920-1024x427.jpg\" class=\"hero-bg\" alt=\"Hero Img\" fetchpriority=\"high\" srcset=\"https:\/\/www.novotek.com\/be\/wp-content\/uploads\/sites\/9\/NovotekBenelux\/SOLUTIONOTSECURITY\/Cyber_security_Novotek_Benelux_laptop_1920-1024x427.jpg 1024w, https:\/\/www.novotek.com\/be\/wp-content\/uploads\/sites\/9\/NovotekBenelux\/SOLUTIONOTSECURITY\/Cyber_security_Novotek_Benelux_laptop_1920-300x125.jpg 300w, https:\/\/www.novotek.com\/be\/wp-content\/uploads\/sites\/9\/NovotekBenelux\/SOLUTIONOTSECURITY\/Cyber_security_Novotek_Benelux_laptop_1920-768x320.jpg 768w, https:\/\/www.novotek.com\/be\/wp-content\/uploads\/sites\/9\/NovotekBenelux\/SOLUTIONOTSECURITY\/Cyber_security_Novotek_Benelux_laptop_1920-1536x640.jpg 1536w, https:\/\/www.novotek.com\/be\/wp-content\/uploads\/sites\/9\/NovotekBenelux\/SOLUTIONOTSECURITY\/Cyber_security_Novotek_Benelux_laptop_1920.jpg 1920w\" sizes=\"(max-width: 1024px) 100vw, 1024px\" \/>                  <\/div>\n          <\/div>\n\n      <\/div>\n\n   <div class=\"floating-breadcrumb\"><div class=\"container\"><span><span><a href=\"https:\/\/www.novotek.com\/be\/fr\/\" class=\"breadcrumb-frontpage\">Home<\/a><\/span><\/span><\/div><\/div>\n\n\n<div class=\"container-md heading  \">\n<h2 class=\"wp-block-heading\" id=\"beveiligen-van-procesbesturingen\">S\u00e9curisation des contr\u00f4les de processus<\/h2>\n<\/div>\n\n<div class=\"container-md paragraph  \">\n<p>La n\u00e9cessit\u00e9 de s\u00e9curiser les syst\u00e8mes de contr\u00f4le des processus, tels que les automates programmables et les syst\u00e8mes <a href=\"https:\/\/www.novotek.com\/be\/fr\/solutions-et-produits\/hmi-scada\/\">SCADA<\/a>, contre les cyberattaques est d\u00e9sormais bien comprise. La mani\u00e8re de le faire l&rsquo;est souvent moins. De nombreuses entreprises s&rsquo;en remettent \u00e0 leur service informatique ou font appel \u00e0 des soci\u00e9t\u00e9s co\u00fbteuses pour des \u00e9valuations informatiques, mais les exigences d&rsquo;un r\u00e9seau de contr\u00f4le sont sensiblement diff\u00e9rentes de celles d&rsquo;un r\u00e9seau informatique.<\/p>\n<\/div>\n\n<div class=\"container-md heading  \">\n<h3 class=\"wp-block-heading\" id=\"de-verschillen-tussen-it-en-ot\">Les diff\u00e9rences entre l&rsquo;informatique et la technologie de l&rsquo;information<\/h3>\n<\/div>\n\n<div class=\"container-md paragraph  \">\n<p>Alors que dans un r\u00e9seau informatique, la protection des donn\u00e9es est primordiale, dans un r\u00e9seau OT (Operational Technology), c&rsquo;est la disponibilit\u00e9 qui est la plus importante. En effet, les machines doivent pouvoir \u00eatre utilis\u00e9es et surveill\u00e9es en toute s\u00e9curit\u00e9 \u00e0 tout moment. La politique de s\u00e9curit\u00e9 dans son ensemble s&rsquo;en trouve boulevers\u00e9e. En outre, des protocoles r\u00e9seau totalement diff\u00e9rents sont actifs sur un r\u00e9seau OT et les syst\u00e8mes ne peuvent pas \u00eatre corrig\u00e9s \u00ab\u00a0comme \u00e7a\u00a0\u00bb.<\/p>\n<\/div>\n\n<div class=\"container-md paragraph  \">\n<p><\/p>\n<\/div>\n\n<div class=\"container-md heading  \">\n<h2 class=\"wp-block-heading\" id=\"recover-met-versiondog\">R\u00e9cup\u00e9rer avec l&rsquo;octoplant<\/h2>\n<\/div>\n\n<div class=\"container-md paragraph  \">\n<p>Il est rassurant de disposer \u00e0 tout moment de la derni\u00e8re version de son code source. Qu&rsquo;il s&rsquo;agisse d&rsquo;automates, d&rsquo;entra\u00eenements ou de syst\u00e8mes SCADA, <a href=\"https:\/\/www.novotek.com\/be\/fr\/solutions-et-produits\/octoplant\/\">octoplant<\/a> vous permet de sauvegarder automatiquement ces logiciels et de les stocker en toute s\u00e9curit\u00e9. Le syst\u00e8me garde \u00e9galement la trace des diff\u00e9rences de version et peut restaurer n&rsquo;importe quelle version sur demande.<\/p>\n<\/div>\n\n  <div class=\"hero\">\n    <div class=\"carousel hero-slider small\" data-flickity data-flickity-options='{\"prevNextButtons\": false}'>\n              <div class=\"carousel-cell\">\n          <div class=\"container\">\n            <div class=\"hero-content\">\n                              <h2 id=\"block-970dccce-d228-456b-b051-486efb08d884\" class=\"block-editor-rich-text__editable block-editor-block-list__block wp-block is-selected rich-text\" role=\"group\" aria-label=\"Block: Heading\" data-block=\"970dccce-d228-456b-b051-486efb08d884\" data-type=\"core\/heading\" data-title=\"Heading\">Nous sommes heureux de vous aider<\/h2>\n<p>Novotek offre trois solutions pour augmenter la s\u00e9curit\u00e9 de votre processus d&rsquo;automatisation \u00e9tape par \u00e9tape.<\/p>\n<p>Tout d&rsquo;abord, nous pouvons identifier les vuln\u00e9rabilit\u00e9s du r\u00e9seau gr\u00e2ce \u00e0 une analyse automatis\u00e9e des vuln\u00e9rabilit\u00e9s.<\/p>\n<p>Enfin, octoplant vous permet de sauvegarder automatiquement et en toute s\u00e9curit\u00e9 le code source de l&rsquo;automate afin de pouvoir le restaurer rapidement en cas de besoin.<\/p>\n              \n                              <a class=\"btn btn-primary\" href=\"https:\/\/www.novotek.com\/be\/fr\/contact\/\">\n                  Prendre rendez-vous                <\/a>\n                          <\/div>\n          <\/div>\n\n          <img decoding=\"async\" width=\"1024\" height=\"427\" src=\"https:\/\/www.novotek.com\/be\/wp-content\/uploads\/sites\/9\/Novotek_support_training\/novotek-staff-at-meeting-header-duplex-cyan-1024x427.jpg.webp\" class=\"hero-bg\" alt=\"Hero Img\" fetchpriority=\"high\" srcset=\"https:\/\/www.novotek.com\/be\/wp-content\/uploads\/sites\/9\/Novotek_support_training\/novotek-staff-at-meeting-header-duplex-cyan-1024x427.jpg.webp 1024w, https:\/\/www.novotek.com\/be\/wp-content\/uploads\/sites\/9\/Novotek_support_training\/novotek-staff-at-meeting-header-duplex-cyan-300x125.jpg.webp 300w, https:\/\/www.novotek.com\/be\/wp-content\/uploads\/sites\/9\/Novotek_support_training\/novotek-staff-at-meeting-header-duplex-cyan-768x320.jpg.webp 768w, https:\/\/www.novotek.com\/be\/wp-content\/uploads\/sites\/9\/Novotek_support_training\/novotek-staff-at-meeting-header-duplex-cyan-1536x640.jpg.webp 1536w, https:\/\/www.novotek.com\/be\/wp-content\/uploads\/sites\/9\/Novotek_support_training\/novotek-staff-at-meeting-header-duplex-cyan.jpg.webp 1920w\" sizes=\"(max-width: 1024px) 100vw, 1024px\" \/>                  <\/div>\n          <\/div>\n\n      <\/div>\n\n   \n\n\n  <div class=\"slider-column-parent\">\n    <div class=\"container\">\n      <div class=\"slider-column-title\">Cyber Security producten:<\/div>\n\n      <div class=\"slider-column\">\n        <div class=\"slider-cell carousel-cell large\"><div class=\"column-box\">\n  \n      <div class=\"title\">\n      Octoplant    <\/div>\n  \n      <div class=\"text\">\n      <p>Octoplant offre un contr\u00f4le complet de votre environnement de production et de l\u2019automatisation industrielle.<\/p>\n<p><img loading=\"lazy\" decoding=\"async\" class=\"alignnone size-medium wp-image-1165\" src=\"https:\/\/www.novotek.com\/be\/wp-content\/uploads\/sites\/9\/NovotekBenelux\/SOLUTIONVERSIEBEHEERPLC\/Versiebeheer_automatiseringssysteem_Novotek-300x194.jpg\" alt=\"Versiebeheer voor de plc: automatiseringssysteem\" width=\"300\" height=\"194\" srcset=\"https:\/\/www.novotek.com\/be\/wp-content\/uploads\/sites\/9\/NovotekBenelux\/SOLUTIONVERSIEBEHEERPLC\/Versiebeheer_automatiseringssysteem_Novotek-300x194.jpg 300w, https:\/\/www.novotek.com\/be\/wp-content\/uploads\/sites\/9\/NovotekBenelux\/SOLUTIONVERSIEBEHEERPLC\/Versiebeheer_automatiseringssysteem_Novotek-768x497.jpg 768w, https:\/\/www.novotek.com\/be\/wp-content\/uploads\/sites\/9\/NovotekBenelux\/SOLUTIONVERSIEBEHEERPLC\/Versiebeheer_automatiseringssysteem_Novotek.jpg 870w\" sizes=\"auto, (max-width: 300px) 100vw, 300px\" \/><\/p>\n    <\/div>\n  \n      <a class=\"link\"  href=\"https:\/\/www.novotek.com\/be\/fr\/solutions-et-produits\/octoplant\/\" target=\"\">\n      Lire plus &#8211; octoplant    <\/a>\n  \n  <\/div>\n\n<\/div><div class=\"slider-cell carousel-cell large\"><div class=\"column-box\">\n  \n      <div class=\"title\">\n      Contr\u00f4le des processus    <\/div>\n  \n      <div class=\"text\">\n      <p>Les processus industriels n\u00e9cessitent des contr\u00f4les industriels<\/p>\n<p><img loading=\"lazy\" decoding=\"async\" class=\"alignnone size-medium wp-image-16970\" src=\"https:\/\/www.novotek.com\/be\/wp-content\/uploads\/sites\/9\/NovotekBenelux\/SOLUTIONINDUTRIALCONTROL\/Novotek_Procesbesturing_1920x800px-300x125.jpg\" alt=\"Contr\u00f4le des processus\" width=\"300\" height=\"125\" srcset=\"https:\/\/www.novotek.com\/be\/wp-content\/uploads\/sites\/9\/NovotekBenelux\/SOLUTIONINDUTRIALCONTROL\/Novotek_Procesbesturing_1920x800px-300x125.jpg 300w, https:\/\/www.novotek.com\/be\/wp-content\/uploads\/sites\/9\/NovotekBenelux\/SOLUTIONINDUTRIALCONTROL\/Novotek_Procesbesturing_1920x800px-1024x427.jpg 1024w, https:\/\/www.novotek.com\/be\/wp-content\/uploads\/sites\/9\/NovotekBenelux\/SOLUTIONINDUTRIALCONTROL\/Novotek_Procesbesturing_1920x800px-768x320.jpg 768w, https:\/\/www.novotek.com\/be\/wp-content\/uploads\/sites\/9\/NovotekBenelux\/SOLUTIONINDUTRIALCONTROL\/Novotek_Procesbesturing_1920x800px-1536x640.jpg 1536w, https:\/\/www.novotek.com\/be\/wp-content\/uploads\/sites\/9\/NovotekBenelux\/SOLUTIONINDUTRIALCONTROL\/Novotek_Procesbesturing_1920x800px-86x36.jpg 86w, https:\/\/www.novotek.com\/be\/wp-content\/uploads\/sites\/9\/NovotekBenelux\/SOLUTIONINDUTRIALCONTROL\/Novotek_Procesbesturing_1920x800px-306x128.jpg 306w, https:\/\/www.novotek.com\/be\/wp-content\/uploads\/sites\/9\/NovotekBenelux\/SOLUTIONINDUTRIALCONTROL\/Novotek_Procesbesturing_1920x800px-636x265.jpg 636w, https:\/\/www.novotek.com\/be\/wp-content\/uploads\/sites\/9\/NovotekBenelux\/SOLUTIONINDUTRIALCONTROL\/Novotek_Procesbesturing_1920x800px-1632x680.jpg 1632w, https:\/\/www.novotek.com\/be\/wp-content\/uploads\/sites\/9\/NovotekBenelux\/SOLUTIONINDUTRIALCONTROL\/Novotek_Procesbesturing_1920x800px.jpg 1920w\" sizes=\"auto, (max-width: 300px) 100vw, 300px\" \/><\/p>\n    <\/div>\n  \n      <a class=\"link\"  href=\"https:\/\/www.novotek.com\/be\/fr\/solutions-et-produits\/commande-de-processus-et-de-machine\/\" target=\"\">\n      Commande de processus et de machine    <\/a>\n  \n  <\/div>\n\n<\/div>      <\/div>\n    <\/div>\n  <\/div>\n","protected":false},"excerpt":{"rendered":"<p>S\u00e9curisation des contr\u00f4les de processus La n\u00e9cessit\u00e9 de s\u00e9curiser les syst\u00e8mes de contr\u00f4le des processus, tels que les automates programmables et les syst\u00e8mes SCADA, contre les cyberattaques est d\u00e9sormais bien comprise. La mani\u00e8re de le faire l&rsquo;est souvent moins. De nombreuses entreprises s&rsquo;en remettent \u00e0 leur service informatique ou font appel \u00e0 des soci\u00e9t\u00e9s co\u00fbteuses [&hellip;]<\/p>\n","protected":false},"author":11,"featured_media":0,"parent":5512,"menu_order":0,"comment_status":"closed","ping_status":"closed","template":"","meta":{"_acf_changed":false,"_relevanssi_hide_post":"","_relevanssi_pin_for_all":"","_relevanssi_pin_keywords":"","_relevanssi_unpin_keywords":"","_relevanssi_related_keywords":"","_relevanssi_related_include_ids":"","_relevanssi_related_exclude_ids":"","_relevanssi_related_no_append":"","_relevanssi_related_not_related":"","_relevanssi_related_posts":"6337,6327,6323,6125","_relevanssi_noindex_reason":"","footnotes":""},"class_list":["post-6347","page","type-page","status-publish","hentry"],"acf":[],"yoast_head":"<!-- This site is optimized with the Yoast SEO plugin v27.5 - https:\/\/yoast.com\/product\/yoast-seo-wordpress\/ -->\n<title>OT Cyber Security - Novotek Belgium<\/title>\n<meta name=\"description\" content=\"Haal de waardevolle informatie uit uw procesdata met geavanceerde analyse tools. Vraag de Analytics trial aan en start vandaag nog.\" \/>\n<meta name=\"robots\" content=\"index, follow, max-snippet:-1, max-image-preview:large, max-video-preview:-1\" \/>\n<link rel=\"canonical\" href=\"https:\/\/www.novotek.com\/be\/fr\/solutions-et-produits\/ot-cyber-security\/\" \/>\n<meta property=\"og:locale\" content=\"fr_FR\" \/>\n<meta property=\"og:type\" content=\"article\" \/>\n<meta property=\"og:title\" content=\"OT Cyber Security - Novotek Belgium\" \/>\n<meta property=\"og:description\" content=\"Haal de waardevolle informatie uit uw procesdata met geavanceerde analyse tools. Vraag de Analytics trial aan en start vandaag nog.\" \/>\n<meta property=\"og:url\" content=\"https:\/\/www.novotek.com\/be\/fr\/solutions-et-produits\/ot-cyber-security\/\" \/>\n<meta property=\"og:site_name\" content=\"Novotek Belgium\" \/>\n<meta property=\"article:modified_time\" content=\"2025-04-01T11:01:52+00:00\" \/>\n<meta property=\"og:image\" content=\"https:\/\/www.novotek.com\/wp-content\/uploads\/sites\/9\/NovotekBenelux\/SOLUTIONANALYTICS\/Skjern-paper-reference-Novotek-GE-Digital.jpg\" \/>\n<meta name=\"twitter:card\" content=\"summary_large_image\" \/>\n<meta name=\"twitter:label1\" content=\"Dur\u00e9e de lecture est.\" \/>\n\t<meta name=\"twitter:data1\" content=\"2 minutes\" \/>\n<script type=\"application\/ld+json\" class=\"yoast-schema-graph\">{\"@context\":\"https:\\\/\\\/schema.org\",\"@graph\":[{\"@type\":\"WebPage\",\"@id\":\"https:\\\/\\\/www.novotek.com\\\/be\\\/fr\\\/solutions-et-produits\\\/ot-cyber-security\\\/\",\"url\":\"https:\\\/\\\/www.novotek.com\\\/be\\\/fr\\\/solutions-et-produits\\\/ot-cyber-security\\\/\",\"name\":\"OT Cyber Security - Novotek Belgium\",\"isPartOf\":{\"@id\":\"https:\\\/\\\/www.novotek.com\\\/be\\\/#website\"},\"datePublished\":\"2022-02-17T13:31:26+00:00\",\"dateModified\":\"2025-04-01T11:01:52+00:00\",\"description\":\"Haal de waardevolle informatie uit uw procesdata met geavanceerde analyse tools. Vraag de Analytics trial aan en start vandaag nog.\",\"breadcrumb\":{\"@id\":\"https:\\\/\\\/www.novotek.com\\\/be\\\/fr\\\/solutions-et-produits\\\/ot-cyber-security\\\/#breadcrumb\"},\"inLanguage\":\"fr-BE\",\"potentialAction\":[{\"@type\":\"ReadAction\",\"target\":[\"https:\\\/\\\/www.novotek.com\\\/be\\\/fr\\\/solutions-et-produits\\\/ot-cyber-security\\\/\"]}]},{\"@type\":\"BreadcrumbList\",\"@id\":\"https:\\\/\\\/www.novotek.com\\\/be\\\/fr\\\/solutions-et-produits\\\/ot-cyber-security\\\/#breadcrumb\",\"itemListElement\":[{\"@type\":\"ListItem\",\"position\":1,\"name\":\"Home\",\"item\":\"https:\\\/\\\/www.novotek.com\\\/be\\\/fr\\\/\"},{\"@type\":\"ListItem\",\"position\":2,\"name\":\"Solutions et produits\",\"item\":\"https:\\\/\\\/www.novotek.com\\\/be\\\/fr\\\/solutions-et-produits\\\/\"},{\"@type\":\"ListItem\",\"position\":3,\"name\":\"OT Cyber Security\"}]},{\"@type\":\"WebSite\",\"@id\":\"https:\\\/\\\/www.novotek.com\\\/be\\\/#website\",\"url\":\"https:\\\/\\\/www.novotek.com\\\/be\\\/\",\"name\":\"Novotek Belgium\",\"description\":\"Connecter, Mod\u00e9liser, Archiver, Visualiser, Optimiser\",\"potentialAction\":[{\"@type\":\"SearchAction\",\"target\":{\"@type\":\"EntryPoint\",\"urlTemplate\":\"https:\\\/\\\/www.novotek.com\\\/be\\\/?s={search_term_string}\"},\"query-input\":{\"@type\":\"PropertyValueSpecification\",\"valueRequired\":true,\"valueName\":\"search_term_string\"}}],\"inLanguage\":\"fr-BE\"}]}<\/script>\n<!-- \/ Yoast SEO plugin. -->","yoast_head_json":{"title":"OT Cyber Security - Novotek Belgium","description":"Haal de waardevolle informatie uit uw procesdata met geavanceerde analyse tools. Vraag de Analytics trial aan en start vandaag nog.","robots":{"index":"index","follow":"follow","max-snippet":"max-snippet:-1","max-image-preview":"max-image-preview:large","max-video-preview":"max-video-preview:-1"},"canonical":"https:\/\/www.novotek.com\/be\/fr\/solutions-et-produits\/ot-cyber-security\/","og_locale":"fr_FR","og_type":"article","og_title":"OT Cyber Security - Novotek Belgium","og_description":"Haal de waardevolle informatie uit uw procesdata met geavanceerde analyse tools. Vraag de Analytics trial aan en start vandaag nog.","og_url":"https:\/\/www.novotek.com\/be\/fr\/solutions-et-produits\/ot-cyber-security\/","og_site_name":"Novotek Belgium","article_modified_time":"2025-04-01T11:01:52+00:00","og_image":[{"url":"https:\/\/www.novotek.com\/wp-content\/uploads\/sites\/9\/NovotekBenelux\/SOLUTIONANALYTICS\/Skjern-paper-reference-Novotek-GE-Digital.jpg","type":"","width":"","height":""}],"twitter_card":"summary_large_image","twitter_misc":{"Dur\u00e9e de lecture est.":"2 minutes"},"schema":{"@context":"https:\/\/schema.org","@graph":[{"@type":"WebPage","@id":"https:\/\/www.novotek.com\/be\/fr\/solutions-et-produits\/ot-cyber-security\/","url":"https:\/\/www.novotek.com\/be\/fr\/solutions-et-produits\/ot-cyber-security\/","name":"OT Cyber Security - Novotek Belgium","isPartOf":{"@id":"https:\/\/www.novotek.com\/be\/#website"},"datePublished":"2022-02-17T13:31:26+00:00","dateModified":"2025-04-01T11:01:52+00:00","description":"Haal de waardevolle informatie uit uw procesdata met geavanceerde analyse tools. Vraag de Analytics trial aan en start vandaag nog.","breadcrumb":{"@id":"https:\/\/www.novotek.com\/be\/fr\/solutions-et-produits\/ot-cyber-security\/#breadcrumb"},"inLanguage":"fr-BE","potentialAction":[{"@type":"ReadAction","target":["https:\/\/www.novotek.com\/be\/fr\/solutions-et-produits\/ot-cyber-security\/"]}]},{"@type":"BreadcrumbList","@id":"https:\/\/www.novotek.com\/be\/fr\/solutions-et-produits\/ot-cyber-security\/#breadcrumb","itemListElement":[{"@type":"ListItem","position":1,"name":"Home","item":"https:\/\/www.novotek.com\/be\/fr\/"},{"@type":"ListItem","position":2,"name":"Solutions et produits","item":"https:\/\/www.novotek.com\/be\/fr\/solutions-et-produits\/"},{"@type":"ListItem","position":3,"name":"OT Cyber Security"}]},{"@type":"WebSite","@id":"https:\/\/www.novotek.com\/be\/#website","url":"https:\/\/www.novotek.com\/be\/","name":"Novotek Belgium","description":"Connecter, Mod\u00e9liser, Archiver, Visualiser, Optimiser","potentialAction":[{"@type":"SearchAction","target":{"@type":"EntryPoint","urlTemplate":"https:\/\/www.novotek.com\/be\/?s={search_term_string}"},"query-input":{"@type":"PropertyValueSpecification","valueRequired":true,"valueName":"search_term_string"}}],"inLanguage":"fr-BE"}]}},"_links":{"self":[{"href":"https:\/\/www.novotek.com\/be\/fr\/wp-json\/wp\/v2\/pages\/6347","targetHints":{"allow":["GET"]}}],"collection":[{"href":"https:\/\/www.novotek.com\/be\/fr\/wp-json\/wp\/v2\/pages"}],"about":[{"href":"https:\/\/www.novotek.com\/be\/fr\/wp-json\/wp\/v2\/types\/page"}],"author":[{"embeddable":true,"href":"https:\/\/www.novotek.com\/be\/fr\/wp-json\/wp\/v2\/users\/11"}],"replies":[{"embeddable":true,"href":"https:\/\/www.novotek.com\/be\/fr\/wp-json\/wp\/v2\/comments?post=6347"}],"version-history":[{"count":8,"href":"https:\/\/www.novotek.com\/be\/fr\/wp-json\/wp\/v2\/pages\/6347\/revisions"}],"predecessor-version":[{"id":17002,"href":"https:\/\/www.novotek.com\/be\/fr\/wp-json\/wp\/v2\/pages\/6347\/revisions\/17002"}],"up":[{"embeddable":true,"href":"https:\/\/www.novotek.com\/be\/fr\/wp-json\/wp\/v2\/pages\/5512"}],"wp:attachment":[{"href":"https:\/\/www.novotek.com\/be\/fr\/wp-json\/wp\/v2\/media?parent=6347"}],"curies":[{"name":"wp","href":"https:\/\/api.w.org\/{rel}","templated":true}]}}