{"id":6351,"date":"2022-02-17T14:32:57","date_gmt":"2022-02-17T13:32:57","guid":{"rendered":"https:\/\/www.novotek.com\/be\/sectoren\/"},"modified":"2025-03-31T16:32:47","modified_gmt":"2025-03-31T15:32:47","slug":"secteurs","status":"publish","type":"page","link":"https:\/\/www.novotek.com\/be\/fr\/secteurs\/","title":{"rendered":"Secteurs"},"content":{"rendered":"  <div class=\"hero\">\n    <div class=\"carousel hero-slider small\" data-flickity data-flickity-options='{\"prevNextButtons\": false}'>\n              <div class=\"carousel-cell\">\n          <div class=\"container\">\n            <div class=\"hero-content\">\n                              <h1>Secteurs<\/h1>\n<p>Novotek est actif dans divers secteurs industriels et propose des solutions sp\u00e9cifiques pour ces diff\u00e9rents segments de march\u00e9.<\/p>\n              \n                          <\/div>\n          <\/div>\n\n          <img decoding=\"async\" width=\"1024\" height=\"427\" src=\"https:\/\/www.novotek.com\/be\/wp-content\/uploads\/sites\/9\/Bransjer_header-1024x427.png.webp\" class=\"hero-bg\" alt=\"Hero Img\" fetchpriority=\"high\" srcset=\"https:\/\/www.novotek.com\/be\/wp-content\/uploads\/sites\/9\/Bransjer_header-1024x427.png.webp 1024w, https:\/\/www.novotek.com\/be\/wp-content\/uploads\/sites\/9\/Bransjer_header-300x125.png.webp 300w, https:\/\/www.novotek.com\/be\/wp-content\/uploads\/sites\/9\/Bransjer_header-768x320.png.webp 768w, https:\/\/www.novotek.com\/be\/wp-content\/uploads\/sites\/9\/Bransjer_header-1536x640.png.webp 1536w, https:\/\/www.novotek.com\/be\/wp-content\/uploads\/sites\/9\/Bransjer_header.png.webp 1920w\" sizes=\"(max-width: 1024px) 100vw, 1024px\" \/>                  <\/div>\n          <\/div>\n\n      <\/div>\n\n   \n\n\n<div class=\"posts-columns \">\n  <div class=\"container\">\n  <div class=\"row\">\n    <div class=\"col-12 col-md-4\">\n<article class=\"basic \">\n    <div class=\"image\">\n      <a href=\"https:\/\/www.novotek.com\/be\/fr\/secteurs\/produits-alimentaires\/\">\n                  <img loading=\"lazy\" decoding=\"async\" width=\"1920\" height=\"800\" src=\"https:\/\/www.novotek.com\/be\/wp-content\/uploads\/sites\/9\/NovotekSectoren\/Voedingsmiddelen\/Voedingsmiddelen-sector.jpg\" class=\"attachment-post-thumbnail size-post-thumbnail wp-post-image\" alt=\"Produits alimentaires\" srcset=\"https:\/\/www.novotek.com\/be\/wp-content\/uploads\/sites\/9\/NovotekSectoren\/Voedingsmiddelen\/Voedingsmiddelen-sector.jpg 1920w, https:\/\/www.novotek.com\/be\/wp-content\/uploads\/sites\/9\/NovotekSectoren\/Voedingsmiddelen\/Voedingsmiddelen-sector-300x125.jpg 300w, https:\/\/www.novotek.com\/be\/wp-content\/uploads\/sites\/9\/NovotekSectoren\/Voedingsmiddelen\/Voedingsmiddelen-sector-1024x427.jpg 1024w, https:\/\/www.novotek.com\/be\/wp-content\/uploads\/sites\/9\/NovotekSectoren\/Voedingsmiddelen\/Voedingsmiddelen-sector-768x320.jpg 768w, https:\/\/www.novotek.com\/be\/wp-content\/uploads\/sites\/9\/NovotekSectoren\/Voedingsmiddelen\/Voedingsmiddelen-sector-1536x640.jpg 1536w\" sizes=\"auto, (max-width: 1920px) 100vw, 1920px\" \/>              <\/a>\n    <\/div>\n\n    <div>\n              <h4>Produits alimentaires<\/h4>\n      \n              <p>Garantir la qualit&eacute; et la tra&ccedil;abilit&eacute; est essentiel dans la production de denr&eacute;es alimentaires.<\/p>\n      \n      <div>\n        <a href=\"https:\/\/www.novotek.com\/be\/fr\/secteurs\/produits-alimentaires\/\">\n          Lire plus sur ce        <\/a>\n      <\/div>\n    <\/div>\n<\/article>\n<\/div><div class=\"col-12 col-md-4\">\n<article class=\"basic \">\n    <div class=\"image\">\n      <a href=\"https:\/\/www.novotek.com\/be\/fr\/secteurs\/energie\/\">\n                  <img loading=\"lazy\" decoding=\"async\" width=\"306\" height=\"235\" src=\"https:\/\/www.novotek.com\/be\/wp-content\/uploads\/sites\/9\/energie-small.jpg.webp\" class=\"attachment-sm size-sm\" alt=\"\" srcset=\"https:\/\/www.novotek.com\/be\/wp-content\/uploads\/sites\/9\/energie-small.jpg.webp 783w, https:\/\/www.novotek.com\/be\/wp-content\/uploads\/sites\/9\/energie-small-300x231.jpg.webp 300w, https:\/\/www.novotek.com\/be\/wp-content\/uploads\/sites\/9\/energie-small-768x590.jpg.webp 768w\" sizes=\"auto, (max-width: 306px) 100vw, 306px\" \/>              <\/a>\n    <\/div>\n\n    <div>\n              <h4>&Eacute;nergie<\/h4>\n      \n              <p>Visualisation, surveillance et alarmes en temps r\u00e9el pour les composants critiques.<\/p>\n      \n      <div>\n        <a href=\"https:\/\/www.novotek.com\/be\/fr\/secteurs\/energie\/\">\n          Lire plus sur ce        <\/a>\n      <\/div>\n    <\/div>\n<\/article>\n<\/div><div class=\"col-12 col-md-4\">\n<article class=\"basic \">\n    <div class=\"image\">\n      <a href=\"https:\/\/www.novotek.com\/be\/fr\/secteurs\/gestion-du-batiment\/\">\n                  <img loading=\"lazy\" decoding=\"async\" width=\"300\" height=\"125\" src=\"https:\/\/www.novotek.com\/be\/wp-content\/uploads\/sites\/9\/gebouwbeheer.jpg.webp\" class=\"attachment-sm size-sm\" alt=\"\" \/>              <\/a>\n    <\/div>\n\n    <div>\n              <h4>Gestion du b&acirc;timent<\/h4>\n      \n              <p>Surveillance et optimisation des conditions optimales dans les b&acirc;timents et les centres de donn&eacute;es.<\/p>\n      \n      <div>\n        <a href=\"https:\/\/www.novotek.com\/be\/fr\/secteurs\/gestion-du-batiment\/\">\n          Lire plus sur ce        <\/a>\n      <\/div>\n    <\/div>\n<\/article>\n<\/div><div class=\"col-12 col-md-4\">\n<article class=\"basic \">\n    <div class=\"image\">\n      <a href=\"https:\/\/www.novotek.com\/be\/fr\/secteurs\/industrie-chimique\/\">\n                  <img loading=\"lazy\" decoding=\"async\" width=\"500\" height=\"334\" src=\"https:\/\/www.novotek.com\/be\/wp-content\/uploads\/sites\/9\/14_28112019_Cursus_Toegepaste-Chemie_47685388e9-2.jpg.webp\" class=\"attachment-post-thumbnail size-post-thumbnail wp-post-image\" alt=\"\" srcset=\"https:\/\/www.novotek.com\/be\/wp-content\/uploads\/sites\/9\/14_28112019_Cursus_Toegepaste-Chemie_47685388e9-2.jpg.webp 500w, https:\/\/www.novotek.com\/be\/wp-content\/uploads\/sites\/9\/14_28112019_Cursus_Toegepaste-Chemie_47685388e9-2-300x200.jpg.webp 300w\" sizes=\"auto, (max-width: 500px) 100vw, 500px\" \/>              <\/a>\n    <\/div>\n\n    <div>\n              <h4>Industrie chimique<\/h4>\n      \n              <p>Optimisation de recette avec examen en temps r\u00e9el du processus de production.<\/p>\n      \n      <div>\n        <a href=\"https:\/\/www.novotek.com\/be\/fr\/secteurs\/industrie-chimique\/\">\n          Lire plus sur ce        <\/a>\n      <\/div>\n    <\/div>\n<\/article>\n<\/div><div class=\"col-12 col-md-4\">\n<article class=\"basic \">\n    <div class=\"image\">\n      <a href=\"https:\/\/www.novotek.com\/be\/fr\/secteurs\/papier\/\">\n                  <img loading=\"lazy\" decoding=\"async\" width=\"306\" height=\"234\" src=\"https:\/\/www.novotek.com\/be\/wp-content\/uploads\/sites\/9\/paper-small.jpg.webp\" class=\"attachment-sm size-sm\" alt=\"\" srcset=\"https:\/\/www.novotek.com\/be\/wp-content\/uploads\/sites\/9\/paper-small.jpg.webp 774w, https:\/\/www.novotek.com\/be\/wp-content\/uploads\/sites\/9\/paper-small-300x230.jpg.webp 300w, https:\/\/www.novotek.com\/be\/wp-content\/uploads\/sites\/9\/paper-small-768x588.jpg.webp 768w\" sizes=\"auto, (max-width: 306px) 100vw, 306px\" \/>              <\/a>\n    <\/div>\n\n    <div>\n              <h4>Papier<\/h4>\n      \n              <p>Enregistrement des progr\u00e8s et de la qualit\u00e9 pour une efficacit\u00e9 accrue.<\/p>\n      \n      <div>\n        <a href=\"https:\/\/www.novotek.com\/be\/fr\/secteurs\/papier\/\">\n          Lire plus sur ce        <\/a>\n      <\/div>\n    <\/div>\n<\/article>\n<\/div><div class=\"col-12 col-md-4\">\n<article class=\"basic \">\n    <div class=\"image\">\n      <a href=\"https:\/\/www.novotek.com\/be\/fr\/secteurs\/metal\/\">\n                  <img loading=\"lazy\" decoding=\"async\" width=\"306\" height=\"235\" src=\"https:\/\/www.novotek.com\/be\/wp-content\/uploads\/sites\/9\/metal-small.jpg.webp\" class=\"attachment-sm size-sm\" alt=\"\" srcset=\"https:\/\/www.novotek.com\/be\/wp-content\/uploads\/sites\/9\/metal-small.jpg.webp 776w, https:\/\/www.novotek.com\/be\/wp-content\/uploads\/sites\/9\/metal-small-300x230.jpg.webp 300w, https:\/\/www.novotek.com\/be\/wp-content\/uploads\/sites\/9\/metal-small-768x590.jpg.webp 768w\" sizes=\"auto, (max-width: 306px) 100vw, 306px\" \/>              <\/a>\n    <\/div>\n\n    <div>\n              <h4>M\u00e9tal<\/h4>\n      \n              <p>Contr\u00f4le de l&rsquo;atelier avec acc\u00e8s en temps r\u00e9el \u00e0 l&rsquo;\u00e9tat d&rsquo;avancement du processus de production.<\/p>\n      \n      <div>\n        <a href=\"https:\/\/www.novotek.com\/be\/fr\/secteurs\/metal\/\">\n          Lire plus sur ce        <\/a>\n      <\/div>\n    <\/div>\n<\/article>\n<\/div><div class=\"col-12 col-md-4\">\n<article class=\"basic \">\n    <div class=\"image\">\n      <a href=\"https:\/\/www.novotek.com\/be\/fr\/secteurs\/eau\/\">\n                  <img loading=\"lazy\" decoding=\"async\" width=\"785\" height=\"600\" src=\"https:\/\/www.novotek.com\/be\/wp-content\/uploads\/sites\/9\/Water-small.png\" class=\"attachment-post-thumbnail size-post-thumbnail wp-post-image\" alt=\"\" srcset=\"https:\/\/www.novotek.com\/be\/wp-content\/uploads\/sites\/9\/Water-small.png 785w, https:\/\/www.novotek.com\/be\/wp-content\/uploads\/sites\/9\/Water-small-300x229.png 300w, https:\/\/www.novotek.com\/be\/wp-content\/uploads\/sites\/9\/Water-small-768x587.png 768w\" sizes=\"auto, (max-width: 785px) 100vw, 785px\" \/>              <\/a>\n    <\/div>\n\n    <div>\n              <h4>Eau<\/h4>\n      \n              <p>Surveillance et enregistrement des donn\u00e9es du processus pour l&rsquo;\u00e9tat r\u00e9el et l&rsquo;analyse.<\/p>\n      \n      <div>\n        <a href=\"https:\/\/www.novotek.com\/be\/fr\/secteurs\/eau\/\">\n          Lire plus sur ce        <\/a>\n      <\/div>\n    <\/div>\n<\/article>\n<\/div><div class=\"col-12 col-md-4\">\n<article class=\"basic \">\n    <div class=\"image\">\n      <a href=\"https:\/\/www.novotek.com\/be\/fr\/secteurs\/pharmacie-et-biotechnologie\/\">\n                  <img loading=\"lazy\" decoding=\"async\" width=\"1920\" height=\"800\" src=\"https:\/\/www.novotek.com\/be\/wp-content\/uploads\/sites\/9\/NovotekSectoren\/Farmacie\/Farmacie_sector_1920x800.jpg\" class=\"attachment-post-thumbnail size-post-thumbnail wp-post-image\" alt=\"Pharmacie\" srcset=\"https:\/\/www.novotek.com\/be\/wp-content\/uploads\/sites\/9\/NovotekSectoren\/Farmacie\/Farmacie_sector_1920x800.jpg 1920w, https:\/\/www.novotek.com\/be\/wp-content\/uploads\/sites\/9\/NovotekSectoren\/Farmacie\/Farmacie_sector_1920x800-300x125.jpg 300w, https:\/\/www.novotek.com\/be\/wp-content\/uploads\/sites\/9\/NovotekSectoren\/Farmacie\/Farmacie_sector_1920x800-1024x427.jpg 1024w, https:\/\/www.novotek.com\/be\/wp-content\/uploads\/sites\/9\/NovotekSectoren\/Farmacie\/Farmacie_sector_1920x800-768x320.jpg 768w, https:\/\/www.novotek.com\/be\/wp-content\/uploads\/sites\/9\/NovotekSectoren\/Farmacie\/Farmacie_sector_1920x800-1536x640.jpg 1536w\" sizes=\"auto, (max-width: 1920px) 100vw, 1920px\" \/>              <\/a>\n    <\/div>\n\n    <div>\n              <h4>Pharmacie et biotechnologie<\/h4>\n      \n              <p>Garantie du bon pilotage de production dans un environnement valid&eacute;.<\/p>\n      \n      <div>\n        <a href=\"https:\/\/www.novotek.com\/be\/fr\/secteurs\/pharmacie-et-biotechnologie\/\">\n          Lire plus sur ce        <\/a>\n      <\/div>\n    <\/div>\n<\/article>\n<\/div>  <\/div>\n\n  <\/div><\/div>\n\n\n<div class=\"container-md paragraph  \">\n<p><\/p>\n<\/div>","protected":false},"excerpt":{"rendered":"","protected":false},"author":11,"featured_media":0,"parent":0,"menu_order":0,"comment_status":"closed","ping_status":"closed","template":"","meta":{"_acf_changed":false,"_relevanssi_hide_post":"","_relevanssi_pin_for_all":"","_relevanssi_pin_keywords":"","_relevanssi_unpin_keywords":"","_relevanssi_related_keywords":"","_relevanssi_related_include_ids":"","_relevanssi_related_exclude_ids":"","_relevanssi_related_no_append":"","_relevanssi_related_not_related":"","_relevanssi_related_posts":"6327,6337,6323,6125","_relevanssi_noindex_reason":"","footnotes":""},"class_list":["post-6351","page","type-page","status-publish","hentry"],"acf":[],"yoast_head":"<!-- This site is optimized with the Yoast SEO plugin v27.4 - https:\/\/yoast.com\/product\/yoast-seo-wordpress\/ -->\n<title>Secteurs - Novotek Belgium<\/title>\n<meta name=\"description\" content=\"Novotek op\u00e8re dans divers secteurs industriels et offre des solutions sp\u00e9cifiques pour ces segments de march\u00e9.\" \/>\n<meta name=\"robots\" content=\"index, follow, max-snippet:-1, max-image-preview:large, max-video-preview:-1\" \/>\n<link rel=\"canonical\" href=\"https:\/\/www.novotek.com\/be\/fr\/secteurs\/\" \/>\n<meta property=\"og:locale\" content=\"fr_FR\" \/>\n<meta property=\"og:type\" content=\"article\" \/>\n<meta property=\"og:title\" content=\"Secteurs - Novotek Belgium\" \/>\n<meta property=\"og:description\" content=\"Novotek op\u00e8re dans divers secteurs industriels et offre des solutions sp\u00e9cifiques pour ces segments de march\u00e9.\" \/>\n<meta property=\"og:url\" content=\"https:\/\/www.novotek.com\/be\/fr\/secteurs\/\" \/>\n<meta property=\"og:site_name\" content=\"Novotek Belgium\" \/>\n<meta property=\"article:modified_time\" content=\"2025-03-31T15:32:47+00:00\" \/>\n<meta name=\"twitter:card\" content=\"summary_large_image\" \/>\n<script type=\"application\/ld+json\" class=\"yoast-schema-graph\">{\"@context\":\"https:\\\/\\\/schema.org\",\"@graph\":[{\"@type\":\"WebPage\",\"@id\":\"https:\\\/\\\/www.novotek.com\\\/be\\\/fr\\\/secteurs\\\/\",\"url\":\"https:\\\/\\\/www.novotek.com\\\/be\\\/fr\\\/secteurs\\\/\",\"name\":\"Secteurs - Novotek Belgium\",\"isPartOf\":{\"@id\":\"https:\\\/\\\/www.novotek.com\\\/be\\\/#website\"},\"datePublished\":\"2022-02-17T13:32:57+00:00\",\"dateModified\":\"2025-03-31T15:32:47+00:00\",\"description\":\"Novotek op\u00e8re dans divers secteurs industriels et offre des solutions sp\u00e9cifiques pour ces segments de march\u00e9.\",\"breadcrumb\":{\"@id\":\"https:\\\/\\\/www.novotek.com\\\/be\\\/fr\\\/secteurs\\\/#breadcrumb\"},\"inLanguage\":\"fr-BE\",\"potentialAction\":[{\"@type\":\"ReadAction\",\"target\":[\"https:\\\/\\\/www.novotek.com\\\/be\\\/fr\\\/secteurs\\\/\"]}]},{\"@type\":\"BreadcrumbList\",\"@id\":\"https:\\\/\\\/www.novotek.com\\\/be\\\/fr\\\/secteurs\\\/#breadcrumb\",\"itemListElement\":[{\"@type\":\"ListItem\",\"position\":1,\"name\":\"Home\",\"item\":\"https:\\\/\\\/www.novotek.com\\\/be\\\/fr\\\/\"},{\"@type\":\"ListItem\",\"position\":2,\"name\":\"Secteurs\"}]},{\"@type\":\"WebSite\",\"@id\":\"https:\\\/\\\/www.novotek.com\\\/be\\\/#website\",\"url\":\"https:\\\/\\\/www.novotek.com\\\/be\\\/\",\"name\":\"Novotek Belgium\",\"description\":\"Connecter, Mod\u00e9liser, Archiver, Visualiser, Optimiser\",\"potentialAction\":[{\"@type\":\"SearchAction\",\"target\":{\"@type\":\"EntryPoint\",\"urlTemplate\":\"https:\\\/\\\/www.novotek.com\\\/be\\\/?s={search_term_string}\"},\"query-input\":{\"@type\":\"PropertyValueSpecification\",\"valueRequired\":true,\"valueName\":\"search_term_string\"}}],\"inLanguage\":\"fr-BE\"}]}<\/script>\n<!-- \/ Yoast SEO plugin. -->","yoast_head_json":{"title":"Secteurs - Novotek Belgium","description":"Novotek op\u00e8re dans divers secteurs industriels et offre des solutions sp\u00e9cifiques pour ces segments de march\u00e9.","robots":{"index":"index","follow":"follow","max-snippet":"max-snippet:-1","max-image-preview":"max-image-preview:large","max-video-preview":"max-video-preview:-1"},"canonical":"https:\/\/www.novotek.com\/be\/fr\/secteurs\/","og_locale":"fr_FR","og_type":"article","og_title":"Secteurs - Novotek Belgium","og_description":"Novotek op\u00e8re dans divers secteurs industriels et offre des solutions sp\u00e9cifiques pour ces segments de march\u00e9.","og_url":"https:\/\/www.novotek.com\/be\/fr\/secteurs\/","og_site_name":"Novotek Belgium","article_modified_time":"2025-03-31T15:32:47+00:00","twitter_card":"summary_large_image","schema":{"@context":"https:\/\/schema.org","@graph":[{"@type":"WebPage","@id":"https:\/\/www.novotek.com\/be\/fr\/secteurs\/","url":"https:\/\/www.novotek.com\/be\/fr\/secteurs\/","name":"Secteurs - Novotek Belgium","isPartOf":{"@id":"https:\/\/www.novotek.com\/be\/#website"},"datePublished":"2022-02-17T13:32:57+00:00","dateModified":"2025-03-31T15:32:47+00:00","description":"Novotek op\u00e8re dans divers secteurs industriels et offre des solutions sp\u00e9cifiques pour ces segments de march\u00e9.","breadcrumb":{"@id":"https:\/\/www.novotek.com\/be\/fr\/secteurs\/#breadcrumb"},"inLanguage":"fr-BE","potentialAction":[{"@type":"ReadAction","target":["https:\/\/www.novotek.com\/be\/fr\/secteurs\/"]}]},{"@type":"BreadcrumbList","@id":"https:\/\/www.novotek.com\/be\/fr\/secteurs\/#breadcrumb","itemListElement":[{"@type":"ListItem","position":1,"name":"Home","item":"https:\/\/www.novotek.com\/be\/fr\/"},{"@type":"ListItem","position":2,"name":"Secteurs"}]},{"@type":"WebSite","@id":"https:\/\/www.novotek.com\/be\/#website","url":"https:\/\/www.novotek.com\/be\/","name":"Novotek Belgium","description":"Connecter, Mod\u00e9liser, Archiver, Visualiser, Optimiser","potentialAction":[{"@type":"SearchAction","target":{"@type":"EntryPoint","urlTemplate":"https:\/\/www.novotek.com\/be\/?s={search_term_string}"},"query-input":{"@type":"PropertyValueSpecification","valueRequired":true,"valueName":"search_term_string"}}],"inLanguage":"fr-BE"}]}},"_links":{"self":[{"href":"https:\/\/www.novotek.com\/be\/fr\/wp-json\/wp\/v2\/pages\/6351","targetHints":{"allow":["GET"]}}],"collection":[{"href":"https:\/\/www.novotek.com\/be\/fr\/wp-json\/wp\/v2\/pages"}],"about":[{"href":"https:\/\/www.novotek.com\/be\/fr\/wp-json\/wp\/v2\/types\/page"}],"author":[{"embeddable":true,"href":"https:\/\/www.novotek.com\/be\/fr\/wp-json\/wp\/v2\/users\/11"}],"replies":[{"embeddable":true,"href":"https:\/\/www.novotek.com\/be\/fr\/wp-json\/wp\/v2\/comments?post=6351"}],"version-history":[{"count":9,"href":"https:\/\/www.novotek.com\/be\/fr\/wp-json\/wp\/v2\/pages\/6351\/revisions"}],"predecessor-version":[{"id":16910,"href":"https:\/\/www.novotek.com\/be\/fr\/wp-json\/wp\/v2\/pages\/6351\/revisions\/16910"}],"wp:attachment":[{"href":"https:\/\/www.novotek.com\/be\/fr\/wp-json\/wp\/v2\/media?parent=6351"}],"curies":[{"name":"wp","href":"https:\/\/api.w.org\/{rel}","templated":true}]}}