{"id":6354,"date":"2022-02-17T14:36:12","date_gmt":"2022-02-17T13:36:12","guid":{"rendered":"https:\/\/www.novotek.com\/be\/sectoren\/metaal\/"},"modified":"2025-12-18T14:47:09","modified_gmt":"2025-12-18T13:47:09","slug":"metal","status":"publish","type":"page","link":"https:\/\/www.novotek.com\/be\/fr\/secteurs\/metal\/","title":{"rendered":"M\u00e9tal"},"content":{"rendered":"  <div class=\"hero\">\n    <div class=\"carousel hero-slider small\" data-flickity data-flickity-options='{\"prevNextButtons\": false}'>\n              <div class=\"carousel-cell\">\n          <div class=\"container\">\n            <div class=\"hero-content\">\n                              <h1>M\u00e9tal<\/h1>\n<p>Contr\u00f4le du shopfloor avec acc\u00e8s en temps r\u00e9el \u00e0 l&rsquo;avancement du processus de production.<\/p>\n              \n                          <\/div>\n          <\/div>\n\n          <img decoding=\"async\" width=\"776\" height=\"596\" src=\"https:\/\/www.novotek.com\/be\/wp-content\/uploads\/sites\/9\/NovotekSectoren\/Metaal\/metal-small.jpg\" class=\"hero-bg\" alt=\"Hero Img\" fetchpriority=\"high\" srcset=\"https:\/\/www.novotek.com\/be\/wp-content\/uploads\/sites\/9\/NovotekSectoren\/Metaal\/metal-small.jpg 776w, https:\/\/www.novotek.com\/be\/wp-content\/uploads\/sites\/9\/NovotekSectoren\/Metaal\/metal-small-300x230.jpg 300w, https:\/\/www.novotek.com\/be\/wp-content\/uploads\/sites\/9\/NovotekSectoren\/Metaal\/metal-small-768x590.jpg 768w\" sizes=\"(max-width: 776px) 100vw, 776px\" \/>                  <\/div>\n          <\/div>\n\n      <\/div>\n\n   <div class=\"floating-breadcrumb\"><div class=\"container\"><span><span><a href=\"https:\/\/www.novotek.com\/be\/fr\/\" class=\"breadcrumb-frontpage\">Home<\/a><\/span><\/span><\/div><\/div>\n\n\n<div class=\"container-md paragraph  \">\n<p id=\"proces-en-productieaansturing-in-metaalverwerkende-processen\"><\/p>\n<\/div>\n\n<div class=\"container-md heading  \">\n<h2 class=\"wp-block-heading\">Contr\u00f4le des processus et de la production dans les proc\u00e9d\u00e9s d&rsquo;usinage des m\u00e9taux<\/h2>\n<\/div>\n\n<div class=\"container-md paragraph  \">\n<p>Ce segment couvre tous les processus de traitement des m\u00e9taux, de la production de m\u00e9taux bruts \u00e0 l&rsquo;industrie de transformation des m\u00e9taux. Novotek a \u00e9t\u00e9 impliqu\u00e9 dans toutes les facettes de ces processus de production tels que la tra\u00e7abilit\u00e9, les enregistrements de qualit\u00e9, la planification de la production et les rapports de production. Tout commence par la liste des ordres de production. Celle-ci contient toutes les informations dont l&rsquo;op\u00e9rateur a besoin. Ensuite, toutes les consommations et tous les \u00e9v\u00e9nements y sont \u00e9galement enregistr\u00e9s, de sorte que nous savons ensuite exactement ce qu&rsquo;il est advenu de chaque commande.<\/p>\n<\/div>\n\n<div class=\"container-md spacer  \">\n<div style=\"height:59px\" aria-hidden=\"true\" class=\"wp-block-spacer\"><\/div>\n<\/div>\n\n  <div class=\"hero\">\n    <div class=\"carousel hero-slider small\" data-flickity data-flickity-options='{\"prevNextButtons\": false}'>\n              <div class=\"carousel-cell\">\n          <div class=\"container\">\n            <div class=\"hero-content\">\n                              <h5>R\u00e9f\u00e9rence<\/h5>\n<h2>Nedzink<\/h2>\n<p>La collecte et le stockage des donn\u00e9es de processus, de la coul\u00e9e au rev\u00eatement, ont d\u00e9j\u00e0 port\u00e9 leurs fruits pour Nedzink. En utilisant des outils intelligents pour analyser les donn\u00e9es, nous apprenons \u00e0 conna\u00eetre le processus de mieux en mieux et \u00e0 \u00e9viter les erreurs. Contactez-nous pour la information des r\u00e9f\u00e9rence.<\/p>\n<p>&nbsp;<\/p>\n              \n                              <a class=\"btn btn-primary\" href=\"https:\/\/www.novotek.com\/be\/fr\/contact\/\">\n                  Contactez nous                <\/a>\n                          <\/div>\n          <\/div>\n\n          <img decoding=\"async\" width=\"1024\" height=\"681\" src=\"https:\/\/www.novotek.com\/be\/wp-content\/uploads\/sites\/9\/NovotekSectoren\/Metaal\/Metaal-Sector-1024x681.jpg\" class=\"hero-bg\" alt=\"Hero Img\" fetchpriority=\"high\" srcset=\"https:\/\/www.novotek.com\/be\/wp-content\/uploads\/sites\/9\/NovotekSectoren\/Metaal\/Metaal-Sector-1024x681.jpg 1024w, https:\/\/www.novotek.com\/be\/wp-content\/uploads\/sites\/9\/NovotekSectoren\/Metaal\/Metaal-Sector-300x200.jpg 300w, https:\/\/www.novotek.com\/be\/wp-content\/uploads\/sites\/9\/NovotekSectoren\/Metaal\/Metaal-Sector-768x511.jpg 768w, https:\/\/www.novotek.com\/be\/wp-content\/uploads\/sites\/9\/NovotekSectoren\/Metaal\/Metaal-Sector.jpg 1248w\" sizes=\"(max-width: 1024px) 100vw, 1024px\" \/>                  <\/div>\n          <\/div>\n\n      <\/div>\n\n   \n\n\n\n\n<div class=\"container-md spacer  \">\n<div style=\"height:71px\" aria-hidden=\"true\" class=\"wp-block-spacer\"><\/div>\n<\/div>\n\n<div class=\"container-md heading  \">\n<h2 class=\"wp-block-heading\" id=\"process-troubleshooting-biedt-mogelijkheden-om-problemen-op-te-lossen-en-te-voorkomen\"><strong>Le d\u00e9pannage des processus offre la possibilit\u00e9 de r\u00e9soudre et de pr\u00e9venir les probl\u00e8mes.<\/strong><\/h2>\n<\/div>\n\n<div class=\"container-md paragraph  \">\n<p>Un logiciel avanc\u00e9 peut \u00eatre utilis\u00e9 pour analyser en d\u00e9tail les donn\u00e9es de processus collect\u00e9es. Il est ainsi possible de rechercher la cause profonde d&rsquo;un probl\u00e8me particulier et, le cas \u00e9ch\u00e9ant, de la r\u00e9soudre.<\/p>\n<\/div>\n\n<div class=\"container-md spacer  \">\n<div style=\"height:70px\" aria-hidden=\"true\" class=\"wp-block-spacer\"><\/div>\n<\/div>\n\n<div class=\"cta-block\">\n  <div class=\"container\">\n          <h2>Laissez-nous vous en dire plus !<\/h2>\n    \n    \n          <a class=\"btn btn-primary\" href=\"https:\/\/www.novotek.com\/be\/fr\/contact\/\">Contactez-nous<\/a>\n      <\/div>\n<\/div>\n\n\n<div class=\"container-md spacer  \">\n<div style=\"height:54px\" aria-hidden=\"true\" class=\"wp-block-spacer\"><\/div>\n<\/div>\n\n  <div class=\"slider-column-parent\">\n    <div class=\"container\">\n      <div class=\"slider-column-title\">Nos solutions pour la secteur M\u00e9tal<\/div>\n\n      <div class=\"slider-column\">\n        <div class=\"slider-cell carousel-cell large\"><div class=\"column-box\">\n  \n      <div class=\"title\">\n      SCADA    <\/div>\n  \n      <div class=\"text\">\n      <p>Visualisation en temps r\u00e9el, alarmes et contr\u00f4le des processus.<\/p>\n<p><img loading=\"lazy\" decoding=\"async\" class=\"alignnone size-medium wp-image-1159\" src=\"https:\/\/www.novotek.com\/be\/wp-content\/uploads\/sites\/9\/NovotekBenelux\/SOLUTIONHMISCADA\/SCADA_systemen_Novotek_1920x800px-300x125.jpg\" alt=\"HMI SCADA\" width=\"300\" height=\"125\" srcset=\"https:\/\/www.novotek.com\/be\/wp-content\/uploads\/sites\/9\/NovotekBenelux\/SOLUTIONHMISCADA\/SCADA_systemen_Novotek_1920x800px-300x125.jpg 300w, https:\/\/www.novotek.com\/be\/wp-content\/uploads\/sites\/9\/NovotekBenelux\/SOLUTIONHMISCADA\/SCADA_systemen_Novotek_1920x800px-1024x427.jpg 1024w, https:\/\/www.novotek.com\/be\/wp-content\/uploads\/sites\/9\/NovotekBenelux\/SOLUTIONHMISCADA\/SCADA_systemen_Novotek_1920x800px-768x320.jpg 768w, https:\/\/www.novotek.com\/be\/wp-content\/uploads\/sites\/9\/NovotekBenelux\/SOLUTIONHMISCADA\/SCADA_systemen_Novotek_1920x800px-1536x640.jpg 1536w, https:\/\/www.novotek.com\/be\/wp-content\/uploads\/sites\/9\/NovotekBenelux\/SOLUTIONHMISCADA\/SCADA_systemen_Novotek_1920x800px-2048x853.jpg 2048w\" sizes=\"auto, (max-width: 300px) 100vw, 300px\" \/><\/p>\n    <\/div>\n  \n      <a class=\"link\"  href=\"https:\/\/www.novotek.com\/be\/fr\/solutions-et-produits\/hmi-scada\/\" target=\"\">\n      Lire plus &#8211; SCADA    <\/a>\n  \n  <\/div>\n\n<\/div><div class=\"slider-cell carousel-cell large\"><div class=\"column-box\">\n  \n      <div class=\"title\">\n      OPC    <\/div>\n  \n      <div class=\"text\">\n      <p>Optimiser la communication entre les appareils et les syst\u00e8mes<\/p>\n<p><a href=\"https:\/\/www.novotek.com\/be\/fr\/solutions-et-produits\/opc\/\"><img loading=\"lazy\" decoding=\"async\" class=\"alignnone size-full wp-image-2518\" src=\"https:\/\/www.novotek.com\/wp-content\/uploads\/sites\/9\/NovotekBenelux\/SOLUTIONIDUSTRIELECOMMUNICATIE\/Novotek_OPC_wires_duotone_1920x800-300x125-1.jpg\" alt=\"OPC - optimaliseer de communicatie tussen apparaten en systemen\" width=\"300\" height=\"125\" \/><\/a><\/p>\n    <\/div>\n  \n      <a class=\"link\"  href=\"https:\/\/www.novotek.com\/be\/fr\/solutions-et-produits\/opc\/\" target=\"\">\n      Lire plus &#8211; OPC    <\/a>\n  \n  <\/div>\n\n<\/div><div class=\"slider-cell carousel-cell large\"><div class=\"column-box\">\n  \n      <div class=\"title\">\n      Data Historian    <\/div>\n  \n      <div class=\"text\">\n      <p>Stockage de grandes quantit\u00e9s de donn\u00e9es de processus et d&rsquo;alarmes.<\/p>\n<p><a href=\"https:\/\/www.novotek.com\/be\/fr\/solutions-et-produits\/data-historian\/\"><img loading=\"lazy\" decoding=\"async\" class=\"alignnone wp-image-951 size-medium\" src=\"https:\/\/www.novotek.com\/wp-content\/uploads\/sites\/9\/NovotekBenelux\/SOLUTIONDATAHISTORIAN\/Data-Historian_1920x800px-300x125.png\" alt=\"Data Historian oplossing\" width=\"300\" height=\"125\" srcset=\"https:\/\/www.novotek.com\/be\/wp-content\/uploads\/sites\/9\/NovotekBenelux\/SOLUTIONDATAHISTORIAN\/Data-Historian_1920x800px-300x125.png 300w, https:\/\/www.novotek.com\/be\/wp-content\/uploads\/sites\/9\/NovotekBenelux\/SOLUTIONDATAHISTORIAN\/Data-Historian_1920x800px-1024x427.png 1024w, https:\/\/www.novotek.com\/be\/wp-content\/uploads\/sites\/9\/NovotekBenelux\/SOLUTIONDATAHISTORIAN\/Data-Historian_1920x800px-768x320.png 768w, https:\/\/www.novotek.com\/be\/wp-content\/uploads\/sites\/9\/NovotekBenelux\/SOLUTIONDATAHISTORIAN\/Data-Historian_1920x800px-1536x640.png 1536w, https:\/\/www.novotek.com\/be\/wp-content\/uploads\/sites\/9\/NovotekBenelux\/SOLUTIONDATAHISTORIAN\/Data-Historian_1920x800px.png 1920w\" sizes=\"auto, (max-width: 300px) 100vw, 300px\" \/><\/a><\/p>\n    <\/div>\n  \n      <a class=\"link\"  href=\"https:\/\/www.novotek.com\/be\/fr\/solutions-et-produits\/data-historian\/\" target=\"\">\n      Data Historian    <\/a>\n  \n  <\/div>\n\n<\/div><div class=\"slider-cell carousel-cell large\"><div class=\"column-box\">\n  \n      <div class=\"title\">\n      MES software    <\/div>\n  \n      <div class=\"text\">\n      <p>Visez l\u2019excellence op\u00e9rationnelle gr\u00e2ce \u00e0 un syst\u00e8me num\u00e9rique d\u2019ex\u00e9cution de la fabrication.<\/p>\n<p><img loading=\"lazy\" decoding=\"async\" class=\"alignnone size-medium wp-image-961\" src=\"https:\/\/www.novotek.com\/be\/wp-content\/uploads\/sites\/9\/NovotekBenelux\/SOLUTIONMES\/MES-Systeem-Novotek_1920x800px-300x125.jpg\" alt=\"MES syst\u00e8me\" width=\"300\" height=\"125\" srcset=\"https:\/\/www.novotek.com\/be\/wp-content\/uploads\/sites\/9\/NovotekBenelux\/SOLUTIONMES\/MES-Systeem-Novotek_1920x800px-300x125.jpg 300w, https:\/\/www.novotek.com\/be\/wp-content\/uploads\/sites\/9\/NovotekBenelux\/SOLUTIONMES\/MES-Systeem-Novotek_1920x800px-1024x427.jpg 1024w, https:\/\/www.novotek.com\/be\/wp-content\/uploads\/sites\/9\/NovotekBenelux\/SOLUTIONMES\/MES-Systeem-Novotek_1920x800px-768x320.jpg 768w, https:\/\/www.novotek.com\/be\/wp-content\/uploads\/sites\/9\/NovotekBenelux\/SOLUTIONMES\/MES-Systeem-Novotek_1920x800px-1536x640.jpg 1536w, https:\/\/www.novotek.com\/be\/wp-content\/uploads\/sites\/9\/NovotekBenelux\/SOLUTIONMES\/MES-Systeem-Novotek_1920x800px.jpg 1920w\" sizes=\"auto, (max-width: 300px) 100vw, 300px\" \/><\/p>\n    <\/div>\n  \n      <a class=\"link\"  href=\"https:\/\/www.novotek.com\/be\/fr\/solutions-et-produits\/mes\/\" target=\"\">\n      Lire plus &#8211; MES    <\/a>\n  \n  <\/div>\n\n<\/div>      <\/div>\n    <\/div>\n  <\/div>\n","protected":false},"excerpt":{"rendered":"<p>Contr\u00f4le de l&rsquo;atelier avec acc\u00e8s en temps r\u00e9el \u00e0 l&rsquo;\u00e9tat d&rsquo;avancement du processus de production.<\/p>\n","protected":false},"author":12,"featured_media":2810,"parent":6351,"menu_order":0,"comment_status":"closed","ping_status":"closed","template":"","meta":{"_acf_changed":false,"_relevanssi_hide_post":"","_relevanssi_pin_for_all":"","_relevanssi_pin_keywords":"","_relevanssi_unpin_keywords":"","_relevanssi_related_keywords":"","_relevanssi_related_include_ids":"","_relevanssi_related_exclude_ids":"","_relevanssi_related_no_append":"","_relevanssi_related_not_related":"","_relevanssi_related_posts":"6125,6337,6327,6323","_relevanssi_noindex_reason":"","footnotes":""},"class_list":["post-6354","page","type-page","status-publish","has-post-thumbnail","hentry"],"acf":[],"yoast_head":"<!-- This site is optimized with the Yoast SEO plugin v27.4 - https:\/\/yoast.com\/product\/yoast-seo-wordpress\/ -->\n<title>M\u00e9tal - Novotek Belgium<\/title>\n<meta name=\"description\" content=\"Contr\u00f4le de la production dans l&#039;industrie m\u00e9tallurgique avec acc\u00e8s en temps r\u00e9el \u00e0 l&#039;avancement du processus de production.\" \/>\n<meta name=\"robots\" content=\"index, follow, max-snippet:-1, max-image-preview:large, max-video-preview:-1\" \/>\n<link rel=\"canonical\" href=\"https:\/\/www.novotek.com\/be\/fr\/secteurs\/metal\/\" \/>\n<meta property=\"og:locale\" content=\"fr_FR\" \/>\n<meta property=\"og:type\" content=\"article\" \/>\n<meta property=\"og:title\" content=\"M\u00e9tal - Novotek Belgium\" \/>\n<meta property=\"og:description\" content=\"Contr\u00f4le de la production dans l&#039;industrie m\u00e9tallurgique avec acc\u00e8s en temps r\u00e9el \u00e0 l&#039;avancement du processus de production.\" \/>\n<meta property=\"og:url\" content=\"https:\/\/www.novotek.com\/be\/fr\/secteurs\/metal\/\" \/>\n<meta property=\"og:site_name\" content=\"Novotek Belgium\" \/>\n<meta property=\"article:modified_time\" content=\"2025-12-18T13:47:09+00:00\" \/>\n<meta property=\"og:image\" content=\"https:\/\/www.novotek.com\/be\/wp-content\/uploads\/sites\/9\/metal-small.jpg.webp\" \/>\n\t<meta property=\"og:image:width\" content=\"776\" \/>\n\t<meta property=\"og:image:height\" content=\"596\" \/>\n\t<meta property=\"og:image:type\" content=\"image\/jpeg\" \/>\n<meta name=\"twitter:card\" content=\"summary_large_image\" \/>\n<meta name=\"twitter:label1\" content=\"Dur\u00e9e de lecture est.\" \/>\n\t<meta name=\"twitter:data1\" content=\"1 minute\" \/>\n<script type=\"application\/ld+json\" class=\"yoast-schema-graph\">{\"@context\":\"https:\\\/\\\/schema.org\",\"@graph\":[{\"@type\":\"WebPage\",\"@id\":\"https:\\\/\\\/www.novotek.com\\\/be\\\/fr\\\/secteurs\\\/metal\\\/\",\"url\":\"https:\\\/\\\/www.novotek.com\\\/be\\\/fr\\\/secteurs\\\/metal\\\/\",\"name\":\"M\u00e9tal - Novotek Belgium\",\"isPartOf\":{\"@id\":\"https:\\\/\\\/www.novotek.com\\\/be\\\/#website\"},\"primaryImageOfPage\":{\"@id\":\"https:\\\/\\\/www.novotek.com\\\/be\\\/fr\\\/secteurs\\\/metal\\\/#primaryimage\"},\"image\":{\"@id\":\"https:\\\/\\\/www.novotek.com\\\/be\\\/fr\\\/secteurs\\\/metal\\\/#primaryimage\"},\"thumbnailUrl\":\"https:\\\/\\\/www.novotek.com\\\/be\\\/wp-content\\\/uploads\\\/sites\\\/9\\\/metal-small.jpg.webp\",\"datePublished\":\"2022-02-17T13:36:12+00:00\",\"dateModified\":\"2025-12-18T13:47:09+00:00\",\"description\":\"Contr\u00f4le de la production dans l'industrie m\u00e9tallurgique avec acc\u00e8s en temps r\u00e9el \u00e0 l'avancement du processus de production.\",\"breadcrumb\":{\"@id\":\"https:\\\/\\\/www.novotek.com\\\/be\\\/fr\\\/secteurs\\\/metal\\\/#breadcrumb\"},\"inLanguage\":\"fr-BE\",\"potentialAction\":[{\"@type\":\"ReadAction\",\"target\":[\"https:\\\/\\\/www.novotek.com\\\/be\\\/fr\\\/secteurs\\\/metal\\\/\"]}]},{\"@type\":\"ImageObject\",\"inLanguage\":\"fr-BE\",\"@id\":\"https:\\\/\\\/www.novotek.com\\\/be\\\/fr\\\/secteurs\\\/metal\\\/#primaryimage\",\"url\":\"https:\\\/\\\/www.novotek.com\\\/be\\\/wp-content\\\/uploads\\\/sites\\\/9\\\/metal-small.jpg.webp\",\"contentUrl\":\"https:\\\/\\\/www.novotek.com\\\/be\\\/wp-content\\\/uploads\\\/sites\\\/9\\\/metal-small.jpg.webp\",\"width\":776,\"height\":596},{\"@type\":\"BreadcrumbList\",\"@id\":\"https:\\\/\\\/www.novotek.com\\\/be\\\/fr\\\/secteurs\\\/metal\\\/#breadcrumb\",\"itemListElement\":[{\"@type\":\"ListItem\",\"position\":1,\"name\":\"Home\",\"item\":\"https:\\\/\\\/www.novotek.com\\\/be\\\/fr\\\/\"},{\"@type\":\"ListItem\",\"position\":2,\"name\":\"Secteurs\",\"item\":\"https:\\\/\\\/www.novotek.com\\\/be\\\/fr\\\/secteurs\\\/\"},{\"@type\":\"ListItem\",\"position\":3,\"name\":\"M\u00e9tal\"}]},{\"@type\":\"WebSite\",\"@id\":\"https:\\\/\\\/www.novotek.com\\\/be\\\/#website\",\"url\":\"https:\\\/\\\/www.novotek.com\\\/be\\\/\",\"name\":\"Novotek Belgium\",\"description\":\"Connecter, Mod\u00e9liser, Archiver, Visualiser, Optimiser\",\"potentialAction\":[{\"@type\":\"SearchAction\",\"target\":{\"@type\":\"EntryPoint\",\"urlTemplate\":\"https:\\\/\\\/www.novotek.com\\\/be\\\/?s={search_term_string}\"},\"query-input\":{\"@type\":\"PropertyValueSpecification\",\"valueRequired\":true,\"valueName\":\"search_term_string\"}}],\"inLanguage\":\"fr-BE\"}]}<\/script>\n<!-- \/ Yoast SEO plugin. -->","yoast_head_json":{"title":"M\u00e9tal - Novotek Belgium","description":"Contr\u00f4le de la production dans l'industrie m\u00e9tallurgique avec acc\u00e8s en temps r\u00e9el \u00e0 l'avancement du processus de production.","robots":{"index":"index","follow":"follow","max-snippet":"max-snippet:-1","max-image-preview":"max-image-preview:large","max-video-preview":"max-video-preview:-1"},"canonical":"https:\/\/www.novotek.com\/be\/fr\/secteurs\/metal\/","og_locale":"fr_FR","og_type":"article","og_title":"M\u00e9tal - Novotek Belgium","og_description":"Contr\u00f4le de la production dans l'industrie m\u00e9tallurgique avec acc\u00e8s en temps r\u00e9el \u00e0 l'avancement du processus de production.","og_url":"https:\/\/www.novotek.com\/be\/fr\/secteurs\/metal\/","og_site_name":"Novotek Belgium","article_modified_time":"2025-12-18T13:47:09+00:00","og_image":[{"width":776,"height":596,"url":"https:\/\/www.novotek.com\/be\/wp-content\/uploads\/sites\/9\/metal-small.jpg.webp","type":"image\/jpeg"}],"twitter_card":"summary_large_image","twitter_misc":{"Dur\u00e9e de lecture est.":"1 minute"},"schema":{"@context":"https:\/\/schema.org","@graph":[{"@type":"WebPage","@id":"https:\/\/www.novotek.com\/be\/fr\/secteurs\/metal\/","url":"https:\/\/www.novotek.com\/be\/fr\/secteurs\/metal\/","name":"M\u00e9tal - Novotek Belgium","isPartOf":{"@id":"https:\/\/www.novotek.com\/be\/#website"},"primaryImageOfPage":{"@id":"https:\/\/www.novotek.com\/be\/fr\/secteurs\/metal\/#primaryimage"},"image":{"@id":"https:\/\/www.novotek.com\/be\/fr\/secteurs\/metal\/#primaryimage"},"thumbnailUrl":"https:\/\/www.novotek.com\/be\/wp-content\/uploads\/sites\/9\/metal-small.jpg.webp","datePublished":"2022-02-17T13:36:12+00:00","dateModified":"2025-12-18T13:47:09+00:00","description":"Contr\u00f4le de la production dans l'industrie m\u00e9tallurgique avec acc\u00e8s en temps r\u00e9el \u00e0 l'avancement du processus de production.","breadcrumb":{"@id":"https:\/\/www.novotek.com\/be\/fr\/secteurs\/metal\/#breadcrumb"},"inLanguage":"fr-BE","potentialAction":[{"@type":"ReadAction","target":["https:\/\/www.novotek.com\/be\/fr\/secteurs\/metal\/"]}]},{"@type":"ImageObject","inLanguage":"fr-BE","@id":"https:\/\/www.novotek.com\/be\/fr\/secteurs\/metal\/#primaryimage","url":"https:\/\/www.novotek.com\/be\/wp-content\/uploads\/sites\/9\/metal-small.jpg.webp","contentUrl":"https:\/\/www.novotek.com\/be\/wp-content\/uploads\/sites\/9\/metal-small.jpg.webp","width":776,"height":596},{"@type":"BreadcrumbList","@id":"https:\/\/www.novotek.com\/be\/fr\/secteurs\/metal\/#breadcrumb","itemListElement":[{"@type":"ListItem","position":1,"name":"Home","item":"https:\/\/www.novotek.com\/be\/fr\/"},{"@type":"ListItem","position":2,"name":"Secteurs","item":"https:\/\/www.novotek.com\/be\/fr\/secteurs\/"},{"@type":"ListItem","position":3,"name":"M\u00e9tal"}]},{"@type":"WebSite","@id":"https:\/\/www.novotek.com\/be\/#website","url":"https:\/\/www.novotek.com\/be\/","name":"Novotek Belgium","description":"Connecter, Mod\u00e9liser, Archiver, Visualiser, Optimiser","potentialAction":[{"@type":"SearchAction","target":{"@type":"EntryPoint","urlTemplate":"https:\/\/www.novotek.com\/be\/?s={search_term_string}"},"query-input":{"@type":"PropertyValueSpecification","valueRequired":true,"valueName":"search_term_string"}}],"inLanguage":"fr-BE"}]}},"_links":{"self":[{"href":"https:\/\/www.novotek.com\/be\/fr\/wp-json\/wp\/v2\/pages\/6354","targetHints":{"allow":["GET"]}}],"collection":[{"href":"https:\/\/www.novotek.com\/be\/fr\/wp-json\/wp\/v2\/pages"}],"about":[{"href":"https:\/\/www.novotek.com\/be\/fr\/wp-json\/wp\/v2\/types\/page"}],"author":[{"embeddable":true,"href":"https:\/\/www.novotek.com\/be\/fr\/wp-json\/wp\/v2\/users\/12"}],"replies":[{"embeddable":true,"href":"https:\/\/www.novotek.com\/be\/fr\/wp-json\/wp\/v2\/comments?post=6354"}],"version-history":[{"count":15,"href":"https:\/\/www.novotek.com\/be\/fr\/wp-json\/wp\/v2\/pages\/6354\/revisions"}],"predecessor-version":[{"id":18406,"href":"https:\/\/www.novotek.com\/be\/fr\/wp-json\/wp\/v2\/pages\/6354\/revisions\/18406"}],"up":[{"embeddable":true,"href":"https:\/\/www.novotek.com\/be\/fr\/wp-json\/wp\/v2\/pages\/6351"}],"wp:featuredmedia":[{"embeddable":true,"href":"https:\/\/www.novotek.com\/be\/fr\/wp-json\/wp\/v2\/media\/2810"}],"wp:attachment":[{"href":"https:\/\/www.novotek.com\/be\/fr\/wp-json\/wp\/v2\/media?parent=6354"}],"curies":[{"name":"wp","href":"https:\/\/api.w.org\/{rel}","templated":true}]}}