{"id":6385,"date":"2022-02-17T14:50:30","date_gmt":"2022-02-17T13:50:30","guid":{"rendered":"https:\/\/www.novotek.com\/be\/oplossingen-en-producten\/analytics\/"},"modified":"2025-12-18T14:59:36","modified_gmt":"2025-12-18T13:59:36","slug":"analytics","status":"publish","type":"page","link":"https:\/\/www.novotek.com\/be\/fr\/solutions-et-produits\/analytics\/","title":{"rendered":"Analytics"},"content":{"rendered":"  <div class=\"hero\">\n    <div class=\"carousel hero-slider small\" data-flickity data-flickity-options='{\"prevNextButtons\": false}'>\n              <div class=\"carousel-cell\">\n          <div class=\"container\">\n            <div class=\"hero-content\">\n                              <h1>Predictive Analytics<\/h1>\n<p>Obtenez des informations pr\u00e9cieuses \u00e0 partir de vos donn\u00e9es de processus gr\u00e2ce \u00e0 des outils d&rsquo;analyse avanc\u00e9s.<\/p>\n              \n                          <\/div>\n          <\/div>\n\n          <img decoding=\"async\" width=\"1024\" height=\"427\" src=\"https:\/\/www.novotek.com\/be\/wp-content\/uploads\/sites\/9\/Novotek_Analytics_AI_Machine_Learning_maskin-1024x427.jpg.webp\" class=\"hero-bg\" alt=\"Hero Img\" fetchpriority=\"high\" srcset=\"https:\/\/www.novotek.com\/be\/wp-content\/uploads\/sites\/9\/Novotek_Analytics_AI_Machine_Learning_maskin-1024x427.jpg.webp 1024w, https:\/\/www.novotek.com\/be\/wp-content\/uploads\/sites\/9\/Novotek_Analytics_AI_Machine_Learning_maskin-300x125.jpg.webp 300w, https:\/\/www.novotek.com\/be\/wp-content\/uploads\/sites\/9\/Novotek_Analytics_AI_Machine_Learning_maskin-768x320.jpg.webp 768w, https:\/\/www.novotek.com\/be\/wp-content\/uploads\/sites\/9\/Novotek_Analytics_AI_Machine_Learning_maskin-1536x640.jpg.webp 1536w, https:\/\/www.novotek.com\/be\/wp-content\/uploads\/sites\/9\/Novotek_Analytics_AI_Machine_Learning_maskin.jpg.webp 1920w\" sizes=\"(max-width: 1024px) 100vw, 1024px\" \/>                  <\/div>\n          <\/div>\n\n      <\/div>\n\n   <div class=\"floating-breadcrumb\"><div class=\"container\"><span><span><a href=\"https:\/\/www.novotek.com\/be\/fr\/\" class=\"breadcrumb-frontpage\">Home<\/a><\/span><\/span><\/div><\/div>\n\n\n<div class=\"container-md heading  \">\n<h2 class=\"wp-block-heading\" id=\"voorspel-het-verloop-van-uw-productieproces-met-analytics\">Anticipez le d\u00e9roulement de votre processus de production avec Analytics<\/h2>\n<\/div>\n\n<div class=\"container-md paragraph  \">\n<p>Il y a certainement beaucoup d\u2019\u00e9v\u00e9nements dans votre processus de production que vous auriez pr\u00e9f\u00e9r\u00e9 anticiper plut\u00f4t que de devoir les g\u00e9rer apr\u00e8s coup. Les d\u00e9fauts et arr\u00eats en sont des exemples, ainsi que les probl\u00e8mes de qualit\u00e9 et une maintenance impr\u00e9vue. Analytics vous permet d\u2019<strong>anticiper<\/strong> ces \u00e9v\u00e9nements sur la base des <strong>donn\u00e9es de processus historiques<\/strong>.<\/p>\n<\/div>\n\n<div class=\"container-md image  \">\n<figure class=\"wp-block-image size-full\"><img loading=\"lazy\" decoding=\"async\" width=\"1024\" height=\"446\" src=\"https:\/\/www.novotek.com\/be\/wp-content\/uploads\/sites\/9\/NovotekBenelux\/SOLUTIONANALYTICS\/Analytics_MachineLearning_Novotek.png\" alt=\"Analytics_MachineLearning_Novotek\" class=\"wp-image-467\" srcset=\"https:\/\/www.novotek.com\/be\/wp-content\/uploads\/sites\/9\/NovotekBenelux\/SOLUTIONANALYTICS\/Analytics_MachineLearning_Novotek.png 1024w, https:\/\/www.novotek.com\/be\/wp-content\/uploads\/sites\/9\/NovotekBenelux\/SOLUTIONANALYTICS\/Analytics_MachineLearning_Novotek-300x131.png 300w, https:\/\/www.novotek.com\/be\/wp-content\/uploads\/sites\/9\/NovotekBenelux\/SOLUTIONANALYTICS\/Analytics_MachineLearning_Novotek-768x335.png 768w\" sizes=\"auto, (max-width: 1024px) 100vw, 1024px\" \/><\/figure>\n<\/div>\n\n<div class=\"container-md heading  \">\n<h2 class=\"wp-block-heading\" id=\"de-kracht-achter-analytics-is-machine-learning\">Le c\u0153ur d\u2019Analytics est l\u2019apprentissage automatique (Machine Learning)<\/h2>\n<\/div>\n\n<div class=\"container-md paragraph  \">\n<p>Sur la base des donn\u00e9es historiques, un outil d\u2019apprentissage automatique apprend \u00e0 faire le lien avec les \u00e9v\u00e9nements du pass\u00e9. <strong>\u00c0 partir du moment<\/strong> o\u00f9 l\u2019outil est bien param\u00e9tr\u00e9, il choisit lui-m\u00eame le <strong>mod\u00e8le<\/strong> le plus appropri\u00e9 pour les pr\u00e9visions. Vous pouvez <strong>ensuite<\/strong> mettre le r\u00e9sultat en toute simplicit\u00e9 <strong>en ligne<\/strong> et voir la probabilit\u00e9 que cet \u00e9v\u00e9nement atteigne et d\u00e9passe une certaine limite.<\/p>\n<\/div>\n\n<div class=\"container-md spacer  \">\n<div style=\"height:10px\" aria-hidden=\"true\" class=\"wp-block-spacer\"><\/div>\n<\/div>\n\n<div class=\"container-md paragraph  \">\n<p><\/p>\n<\/div>\n\n<div class=\"container-md paragraph  \">\n<p><\/p>\n<\/div>\n\n<div class=\"container media-text  align\">\n<div class=\"wp-block-media-text is-stacked-on-mobile\"><figure class=\"wp-block-media-text__media\"><img decoding=\"async\" src=\"https:\/\/www.novotek.com\/wp-content\/uploads\/sites\/9\/NovotekBenelux\/SOLUTIONANALYTICS\/Skjern-paper-reference-Novotek-GE-Digital.jpg\" alt=\"R\u00e9f\u00e9rence Skjern Paper\" class=\"wp-image-1846 size-medium\" \/><\/figure><div class=\"wp-block-media-text__content\"><div class=\"container-md paragraph  \">\n<p><em>R\u00e9f\u00e9rence<\/em><\/p>\n<\/div>\n\n<div class=\"container-md heading  \">\n<h3 class=\"wp-block-heading\" id=\"praktijkvoorbeeld-van-analytics-in-de-industrie\">Exemple pratique d\u2019Analytics au sein de l\u2019industrie<\/h3>\n<\/div>\n\n<div class=\"container-md paragraph  \">\n<p>L\u2019usine danoise de papeterie Skjern Paper a d\u00e9j\u00e0 appliqu\u00e9 plusieurs fois analytics software avec beaucoup de succ\u00e8s. Elle est ainsi parvenue \u00e0 am\u00e9liorer la qualit\u00e9 du produit et \u00e0 r\u00e9duire les d\u00e9chets.<\/p>\n<\/div>\n\n<div class=\"container-md\">\n  <div class=\"download-files\">\n          <strong>T\u00e9l\u00e9charger la r\u00e9f\u00e9rence <\/strong>\n    \n    \n          <ul>\n                  <li>\n                          \n                <div class=\"download-single-file-thumbnail\">\n                  <a href=\"https:\/\/www.novotek.com\/be\/wp-content\/uploads\/sites\/9\/Skjern-Customer-Story.pdf\" download><img decoding=\"async\" class=\"svg-primary\" src=\"https:\/\/www.novotek.com\/be\/wp-content\/themes\/novotek-multi\/assets\/svg\/file.svg\"><\/a>\n                <\/div>\n\n                <div class=\"download-single-file-content\">\n                  <a href=\"https:\/\/www.novotek.com\/be\/wp-content\/uploads\/sites\/9\/Skjern-Customer-Story.pdf\" download><strong>Skjern Customer Story<\/strong><\/a>\n\n                  <div class=\"download-single-file-details\">\n                  <a href=\"https:\/\/www.novotek.com\/be\/wp-content\/uploads\/sites\/9\/Skjern-Customer-Story.pdf\" download>PDF<\/a>\n                  <\/div>\n                <\/div>\n\n                          \n          <\/li>\n              <\/ul>\n      <\/div>\n<\/div>\n\n\n<script>\n    function setCookie(key, value, expiry) {\n        var expires = new Date();\n        expires.setTime(expires.getTime() + (expiry * 24 * 60 * 60 * 1000));\n        document.cookie = key + '=' + value + ';expires=' + expires.toUTCString() + '; path=\/';\n    }\n\n    jQuery(document).ready(function($) {\n      $('.btn-primary').click(function() {\n        console.log('yes');\n        setCookie('firstname', $('input.firstname').val(), '30');\n        setCookie('lastname', $('input.lastname').val(), '30');\n        setCookie('email', $('input.email').val(), '30');\n      });\n    });\n<\/script>\n\n<div class=\"container-md buttons  \">\n<div class=\"wp-block-buttons is-layout-flex wp-block-buttons-is-layout-flex\"><\/div>\n<\/div><\/div><\/div>\n<\/div>\n\n  <div class=\"hero\">\n    <div class=\"carousel hero-slider small\" data-flickity data-flickity-options='{\"prevNextButtons\": false}'>\n              <div class=\"carousel-cell\">\n          <div class=\"container\">\n            <div class=\"hero-content\">\n                              <h2 id=\"block-970dccce-d228-456b-b051-486efb08d884\" class=\"block-editor-rich-text__editable block-editor-block-list__block wp-block is-selected rich-text\" role=\"group\" aria-label=\"Block: Heading\" data-block=\"970dccce-d228-456b-b051-486efb08d884\" data-type=\"core\/heading\" data-title=\"Heading\">Nous sommes heureux de vous aider<\/h2>\n<p>Novotek peut vous aider \u00e0 <strong>mettre en place les conditions d&rsquo;analyse appropri\u00e9es.<\/strong> Nos consultants ont une grande exp\u00e9rience de l&rsquo;acc\u00e8s aux donn\u00e9es de processus et de leur analyse.<\/p>\n              \n                              <a class=\"btn btn-primary\" href=\"https:\/\/www.novotek.com\/be\/fr\/contact\/\">\n                  Contactez Novotek                <\/a>\n                          <\/div>\n          <\/div>\n\n          <img decoding=\"async\" width=\"1024\" height=\"427\" src=\"https:\/\/www.novotek.com\/be\/wp-content\/uploads\/sites\/9\/Novotek_support_training\/novotek-staff-at-meeting-header-duplex-cyan-1024x427.jpg.webp\" class=\"hero-bg\" alt=\"Hero Img\" fetchpriority=\"high\" srcset=\"https:\/\/www.novotek.com\/be\/wp-content\/uploads\/sites\/9\/Novotek_support_training\/novotek-staff-at-meeting-header-duplex-cyan-1024x427.jpg.webp 1024w, https:\/\/www.novotek.com\/be\/wp-content\/uploads\/sites\/9\/Novotek_support_training\/novotek-staff-at-meeting-header-duplex-cyan-300x125.jpg.webp 300w, https:\/\/www.novotek.com\/be\/wp-content\/uploads\/sites\/9\/Novotek_support_training\/novotek-staff-at-meeting-header-duplex-cyan-768x320.jpg.webp 768w, https:\/\/www.novotek.com\/be\/wp-content\/uploads\/sites\/9\/Novotek_support_training\/novotek-staff-at-meeting-header-duplex-cyan-1536x640.jpg.webp 1536w, https:\/\/www.novotek.com\/be\/wp-content\/uploads\/sites\/9\/Novotek_support_training\/novotek-staff-at-meeting-header-duplex-cyan.jpg.webp 1920w\" sizes=\"(max-width: 1024px) 100vw, 1024px\" \/>                  <\/div>\n          <\/div>\n\n      <\/div>\n\n   \n\n\n  <div class=\"slider-column-parent\">\n    <div class=\"container\">\n      <div class=\"slider-column-title\">Produits apparent\u00e9s :<\/div>\n\n      <div class=\"slider-column\">\n        <div class=\"slider-cell carousel-cell large\"><div class=\"column-box\">\n  \n      <div class=\"title\">\n      Proficy CSense    <\/div>\n  \n      <div class=\"text\">\n      <p>Des logiciels qui rendent l&rsquo;analyse avanc\u00e9e et l&rsquo;apprentissage automatique <strong>accessibles \u00e0 tous.<\/strong><\/p>\n    <\/div>\n  \n      <a class=\"link\"  href=\"https:\/\/www.novotek.com\/be\/fr\/solutions-et-produits\/proficy-csense\/\" target=\"\">\n      En savoir plus    <\/a>\n  \n  <\/div>\n\n<\/div><div class=\"slider-cell carousel-cell large\"><div class=\"column-box\">\n  \n      <div class=\"title\">\n      Proficy Historian    <\/div>\n  \n      <div class=\"text\">\n      <p>Permet de <strong>stocker des donn\u00e9es industrielles<\/strong> et des alarmes pour \u00e9tablir des tendances, des rapports et des analyses.<\/p>\n    <\/div>\n  \n      <a class=\"link\"  href=\"https:\/\/www.novotek.com\/be\/fr\/solutions-et-produits\/proficy-historian\/\" target=\"\">\n      En savoir plus    <\/a>\n  \n  <\/div>\n\n<\/div><div class=\"slider-cell carousel-cell large\"><div class=\"column-box\">\n  \n      <div class=\"title\">\n      Proficy Operations hub    <\/div>\n  \n      <div class=\"text\">\n      <p><strong>Cr\u00e9ez des tableaux de bord<\/strong> pour visualiser des donn\u00e9es provenant de diverses sources de donn\u00e9es, rapidement et facilement, sans aucun code.<\/p>\n    <\/div>\n  \n      <a class=\"link\"  href=\"https:\/\/www.novotek.com\/be\/fr\/solutions-et-produits\/proficy-operations-hub\/\" target=\"\">\n      En savoir plus    <\/a>\n  \n  <\/div>\n\n<\/div>      <\/div>\n    <\/div>\n  <\/div>\n","protected":false},"excerpt":{"rendered":"<p>Anticipez le d\u00e9roulement de votre processus de production avec Analytics Il y a certainement beaucoup d\u2019\u00e9v\u00e9nements dans votre processus de production que vous auriez pr\u00e9f\u00e9r\u00e9 anticiper plut\u00f4t que de devoir les g\u00e9rer apr\u00e8s coup. Les d\u00e9fauts et arr\u00eats en sont des exemples, ainsi que les probl\u00e8mes de qualit\u00e9 et une maintenance impr\u00e9vue. Analytics vous permet [&hellip;]<\/p>\n","protected":false},"author":11,"featured_media":0,"parent":5512,"menu_order":0,"comment_status":"closed","ping_status":"closed","template":"","meta":{"_acf_changed":false,"_relevanssi_hide_post":"","_relevanssi_pin_for_all":"","_relevanssi_pin_keywords":"","_relevanssi_unpin_keywords":"","_relevanssi_related_keywords":"","_relevanssi_related_include_ids":"","_relevanssi_related_exclude_ids":"","_relevanssi_related_no_append":"","_relevanssi_related_not_related":"","_relevanssi_related_posts":"6323,6327,6125,6337","_relevanssi_noindex_reason":"","footnotes":""},"class_list":["post-6385","page","type-page","status-publish","hentry"],"acf":[],"yoast_head":"<!-- This site is optimized with the Yoast SEO plugin v27.4 - https:\/\/yoast.com\/product\/yoast-seo-wordpress\/ -->\n<title>Analytics - Novotek Belgium<\/title>\n<meta name=\"description\" content=\"Extrayez des informations pr\u00e9cieuses hors de vos donn\u00e9es de processus gr\u00e2ce \u00e0 des outils d\u2019analyse avanc\u00e9s. Demandez la d\u00e9mo Analytics et essayez-la aujourd\u2019hui.\" \/>\n<meta name=\"robots\" content=\"index, follow, max-snippet:-1, max-image-preview:large, max-video-preview:-1\" \/>\n<link rel=\"canonical\" href=\"https:\/\/www.novotek.com\/be\/fr\/solutions-et-produits\/analytics\/\" \/>\n<meta property=\"og:locale\" content=\"fr_FR\" \/>\n<meta property=\"og:type\" content=\"article\" \/>\n<meta property=\"og:title\" content=\"Analytics - Novotek Belgium\" \/>\n<meta property=\"og:description\" content=\"Extrayez des informations pr\u00e9cieuses hors de vos donn\u00e9es de processus gr\u00e2ce \u00e0 des outils d\u2019analyse avanc\u00e9s. Demandez la d\u00e9mo Analytics et essayez-la aujourd\u2019hui.\" \/>\n<meta property=\"og:url\" content=\"https:\/\/www.novotek.com\/be\/fr\/solutions-et-produits\/analytics\/\" \/>\n<meta property=\"og:site_name\" content=\"Novotek Belgium\" \/>\n<meta property=\"article:modified_time\" content=\"2025-12-18T13:59:36+00:00\" \/>\n<meta property=\"og:image\" content=\"https:\/\/www.novotek.com\/be\/wp-content\/uploads\/sites\/9\/NovotekBenelux\/SOLUTIONANALYTICS\/Analytics_MachineLearning_Novotek.png\" \/>\n<meta name=\"twitter:card\" content=\"summary_large_image\" \/>\n<meta name=\"twitter:label1\" content=\"Dur\u00e9e de lecture est.\" \/>\n\t<meta name=\"twitter:data1\" content=\"2 minutes\" \/>\n<script type=\"application\/ld+json\" class=\"yoast-schema-graph\">{\"@context\":\"https:\\\/\\\/schema.org\",\"@graph\":[{\"@type\":\"WebPage\",\"@id\":\"https:\\\/\\\/www.novotek.com\\\/be\\\/fr\\\/solutions-et-produits\\\/analytics\\\/\",\"url\":\"https:\\\/\\\/www.novotek.com\\\/be\\\/fr\\\/solutions-et-produits\\\/analytics\\\/\",\"name\":\"Analytics - Novotek Belgium\",\"isPartOf\":{\"@id\":\"https:\\\/\\\/www.novotek.com\\\/be\\\/#website\"},\"primaryImageOfPage\":{\"@id\":\"https:\\\/\\\/www.novotek.com\\\/be\\\/fr\\\/solutions-et-produits\\\/analytics\\\/#primaryimage\"},\"image\":{\"@id\":\"https:\\\/\\\/www.novotek.com\\\/be\\\/fr\\\/solutions-et-produits\\\/analytics\\\/#primaryimage\"},\"thumbnailUrl\":\"https:\\\/\\\/www.novotek.com\\\/be\\\/wp-content\\\/uploads\\\/sites\\\/9\\\/NovotekBenelux\\\/SOLUTIONANALYTICS\\\/Analytics_MachineLearning_Novotek.png\",\"datePublished\":\"2022-02-17T13:50:30+00:00\",\"dateModified\":\"2025-12-18T13:59:36+00:00\",\"description\":\"Extrayez des informations pr\u00e9cieuses hors de vos donn\u00e9es de processus gr\u00e2ce \u00e0 des outils d\u2019analyse avanc\u00e9s. Demandez la d\u00e9mo Analytics et essayez-la aujourd\u2019hui.\",\"breadcrumb\":{\"@id\":\"https:\\\/\\\/www.novotek.com\\\/be\\\/fr\\\/solutions-et-produits\\\/analytics\\\/#breadcrumb\"},\"inLanguage\":\"fr-BE\",\"potentialAction\":[{\"@type\":\"ReadAction\",\"target\":[\"https:\\\/\\\/www.novotek.com\\\/be\\\/fr\\\/solutions-et-produits\\\/analytics\\\/\"]}]},{\"@type\":\"ImageObject\",\"inLanguage\":\"fr-BE\",\"@id\":\"https:\\\/\\\/www.novotek.com\\\/be\\\/fr\\\/solutions-et-produits\\\/analytics\\\/#primaryimage\",\"url\":\"https:\\\/\\\/www.novotek.com\\\/be\\\/wp-content\\\/uploads\\\/sites\\\/9\\\/NovotekBenelux\\\/SOLUTIONANALYTICS\\\/Analytics_MachineLearning_Novotek.png\",\"contentUrl\":\"https:\\\/\\\/www.novotek.com\\\/be\\\/wp-content\\\/uploads\\\/sites\\\/9\\\/NovotekBenelux\\\/SOLUTIONANALYTICS\\\/Analytics_MachineLearning_Novotek.png\"},{\"@type\":\"BreadcrumbList\",\"@id\":\"https:\\\/\\\/www.novotek.com\\\/be\\\/fr\\\/solutions-et-produits\\\/analytics\\\/#breadcrumb\",\"itemListElement\":[{\"@type\":\"ListItem\",\"position\":1,\"name\":\"Home\",\"item\":\"https:\\\/\\\/www.novotek.com\\\/be\\\/fr\\\/\"},{\"@type\":\"ListItem\",\"position\":2,\"name\":\"Solutions et produits\",\"item\":\"https:\\\/\\\/www.novotek.com\\\/be\\\/fr\\\/solutions-et-produits\\\/\"},{\"@type\":\"ListItem\",\"position\":3,\"name\":\"Analytics\"}]},{\"@type\":\"WebSite\",\"@id\":\"https:\\\/\\\/www.novotek.com\\\/be\\\/#website\",\"url\":\"https:\\\/\\\/www.novotek.com\\\/be\\\/\",\"name\":\"Novotek Belgium\",\"description\":\"Connecter, Mod\u00e9liser, Archiver, Visualiser, Optimiser\",\"potentialAction\":[{\"@type\":\"SearchAction\",\"target\":{\"@type\":\"EntryPoint\",\"urlTemplate\":\"https:\\\/\\\/www.novotek.com\\\/be\\\/?s={search_term_string}\"},\"query-input\":{\"@type\":\"PropertyValueSpecification\",\"valueRequired\":true,\"valueName\":\"search_term_string\"}}],\"inLanguage\":\"fr-BE\"}]}<\/script>\n<!-- \/ Yoast SEO plugin. -->","yoast_head_json":{"title":"Analytics - Novotek Belgium","description":"Extrayez des informations pr\u00e9cieuses hors de vos donn\u00e9es de processus gr\u00e2ce \u00e0 des outils d\u2019analyse avanc\u00e9s. Demandez la d\u00e9mo Analytics et essayez-la aujourd\u2019hui.","robots":{"index":"index","follow":"follow","max-snippet":"max-snippet:-1","max-image-preview":"max-image-preview:large","max-video-preview":"max-video-preview:-1"},"canonical":"https:\/\/www.novotek.com\/be\/fr\/solutions-et-produits\/analytics\/","og_locale":"fr_FR","og_type":"article","og_title":"Analytics - Novotek Belgium","og_description":"Extrayez des informations pr\u00e9cieuses hors de vos donn\u00e9es de processus gr\u00e2ce \u00e0 des outils d\u2019analyse avanc\u00e9s. Demandez la d\u00e9mo Analytics et essayez-la aujourd\u2019hui.","og_url":"https:\/\/www.novotek.com\/be\/fr\/solutions-et-produits\/analytics\/","og_site_name":"Novotek Belgium","article_modified_time":"2025-12-18T13:59:36+00:00","og_image":[{"url":"https:\/\/www.novotek.com\/be\/wp-content\/uploads\/sites\/9\/NovotekBenelux\/SOLUTIONANALYTICS\/Analytics_MachineLearning_Novotek.png","type":"","width":"","height":""}],"twitter_card":"summary_large_image","twitter_misc":{"Dur\u00e9e de lecture est.":"2 minutes"},"schema":{"@context":"https:\/\/schema.org","@graph":[{"@type":"WebPage","@id":"https:\/\/www.novotek.com\/be\/fr\/solutions-et-produits\/analytics\/","url":"https:\/\/www.novotek.com\/be\/fr\/solutions-et-produits\/analytics\/","name":"Analytics - Novotek Belgium","isPartOf":{"@id":"https:\/\/www.novotek.com\/be\/#website"},"primaryImageOfPage":{"@id":"https:\/\/www.novotek.com\/be\/fr\/solutions-et-produits\/analytics\/#primaryimage"},"image":{"@id":"https:\/\/www.novotek.com\/be\/fr\/solutions-et-produits\/analytics\/#primaryimage"},"thumbnailUrl":"https:\/\/www.novotek.com\/be\/wp-content\/uploads\/sites\/9\/NovotekBenelux\/SOLUTIONANALYTICS\/Analytics_MachineLearning_Novotek.png","datePublished":"2022-02-17T13:50:30+00:00","dateModified":"2025-12-18T13:59:36+00:00","description":"Extrayez des informations pr\u00e9cieuses hors de vos donn\u00e9es de processus gr\u00e2ce \u00e0 des outils d\u2019analyse avanc\u00e9s. Demandez la d\u00e9mo Analytics et essayez-la aujourd\u2019hui.","breadcrumb":{"@id":"https:\/\/www.novotek.com\/be\/fr\/solutions-et-produits\/analytics\/#breadcrumb"},"inLanguage":"fr-BE","potentialAction":[{"@type":"ReadAction","target":["https:\/\/www.novotek.com\/be\/fr\/solutions-et-produits\/analytics\/"]}]},{"@type":"ImageObject","inLanguage":"fr-BE","@id":"https:\/\/www.novotek.com\/be\/fr\/solutions-et-produits\/analytics\/#primaryimage","url":"https:\/\/www.novotek.com\/be\/wp-content\/uploads\/sites\/9\/NovotekBenelux\/SOLUTIONANALYTICS\/Analytics_MachineLearning_Novotek.png","contentUrl":"https:\/\/www.novotek.com\/be\/wp-content\/uploads\/sites\/9\/NovotekBenelux\/SOLUTIONANALYTICS\/Analytics_MachineLearning_Novotek.png"},{"@type":"BreadcrumbList","@id":"https:\/\/www.novotek.com\/be\/fr\/solutions-et-produits\/analytics\/#breadcrumb","itemListElement":[{"@type":"ListItem","position":1,"name":"Home","item":"https:\/\/www.novotek.com\/be\/fr\/"},{"@type":"ListItem","position":2,"name":"Solutions et produits","item":"https:\/\/www.novotek.com\/be\/fr\/solutions-et-produits\/"},{"@type":"ListItem","position":3,"name":"Analytics"}]},{"@type":"WebSite","@id":"https:\/\/www.novotek.com\/be\/#website","url":"https:\/\/www.novotek.com\/be\/","name":"Novotek Belgium","description":"Connecter, Mod\u00e9liser, Archiver, Visualiser, Optimiser","potentialAction":[{"@type":"SearchAction","target":{"@type":"EntryPoint","urlTemplate":"https:\/\/www.novotek.com\/be\/?s={search_term_string}"},"query-input":{"@type":"PropertyValueSpecification","valueRequired":true,"valueName":"search_term_string"}}],"inLanguage":"fr-BE"}]}},"_links":{"self":[{"href":"https:\/\/www.novotek.com\/be\/fr\/wp-json\/wp\/v2\/pages\/6385","targetHints":{"allow":["GET"]}}],"collection":[{"href":"https:\/\/www.novotek.com\/be\/fr\/wp-json\/wp\/v2\/pages"}],"about":[{"href":"https:\/\/www.novotek.com\/be\/fr\/wp-json\/wp\/v2\/types\/page"}],"author":[{"embeddable":true,"href":"https:\/\/www.novotek.com\/be\/fr\/wp-json\/wp\/v2\/users\/11"}],"replies":[{"embeddable":true,"href":"https:\/\/www.novotek.com\/be\/fr\/wp-json\/wp\/v2\/comments?post=6385"}],"version-history":[{"count":18,"href":"https:\/\/www.novotek.com\/be\/fr\/wp-json\/wp\/v2\/pages\/6385\/revisions"}],"predecessor-version":[{"id":18410,"href":"https:\/\/www.novotek.com\/be\/fr\/wp-json\/wp\/v2\/pages\/6385\/revisions\/18410"}],"up":[{"embeddable":true,"href":"https:\/\/www.novotek.com\/be\/fr\/wp-json\/wp\/v2\/pages\/5512"}],"wp:attachment":[{"href":"https:\/\/www.novotek.com\/be\/fr\/wp-json\/wp\/v2\/media?parent=6385"}],"curies":[{"name":"wp","href":"https:\/\/api.w.org\/{rel}","templated":true}]}}