{"id":6389,"date":"2022-02-24T13:42:42","date_gmt":"2022-02-24T12:42:42","guid":{"rendered":"https:\/\/www.novotek.com\/be\/sectoren\/water\/"},"modified":"2025-12-18T14:48:19","modified_gmt":"2025-12-18T13:48:19","slug":"eau","status":"publish","type":"page","link":"https:\/\/www.novotek.com\/be\/fr\/secteurs\/eau\/","title":{"rendered":"Eau"},"content":{"rendered":"  <div class=\"hero\">\n    <div class=\"carousel hero-slider large\" data-flickity data-flickity-options='{\"prevNextButtons\": false}'>\n              <div class=\"carousel-cell\">\n          <div class=\"container\">\n            <div class=\"hero-content\">\n                              <h1>Eau potable et eaux us\u00e9es<\/h1>\n<p>Surveillance et enregistrement des donn\u00e9es du processus pour l&rsquo;\u00e9tat actuel et l&rsquo;analyse.<\/p>\n              \n                          <\/div>\n          <\/div>\n\n          <img decoding=\"async\" width=\"1024\" height=\"427\" src=\"https:\/\/www.novotek.com\/be\/wp-content\/uploads\/sites\/9\/Novotek_HMISCADA_water_treatment_1920x800-1024x427.jpg\" class=\"hero-bg\" alt=\"Hero Img\" fetchpriority=\"high\" srcset=\"https:\/\/www.novotek.com\/be\/wp-content\/uploads\/sites\/9\/Novotek_HMISCADA_water_treatment_1920x800-1024x427.jpg 1024w, https:\/\/www.novotek.com\/be\/wp-content\/uploads\/sites\/9\/Novotek_HMISCADA_water_treatment_1920x800-300x125.jpg 300w, https:\/\/www.novotek.com\/be\/wp-content\/uploads\/sites\/9\/Novotek_HMISCADA_water_treatment_1920x800-768x320.jpg 768w, https:\/\/www.novotek.com\/be\/wp-content\/uploads\/sites\/9\/Novotek_HMISCADA_water_treatment_1920x800-1536x641.jpg 1536w, https:\/\/www.novotek.com\/be\/wp-content\/uploads\/sites\/9\/Novotek_HMISCADA_water_treatment_1920x800.jpg 1920w\" sizes=\"(max-width: 1024px) 100vw, 1024px\" \/>                  <\/div>\n          <\/div>\n\n      <\/div>\n\n   <div class=\"floating-breadcrumb\"><div class=\"container\"><span><span><a href=\"https:\/\/www.novotek.com\/be\/fr\/\" class=\"breadcrumb-frontpage\">Home<\/a><\/span><\/span><\/div><\/div>\n\n\n<div class=\"container-md heading  \">\n<h2 class=\"wp-block-heading\" id=\"procesdata-als-sleutel-naar-efficienter-beheer\">Les donn\u00e9es de processus, cl\u00e9 d&rsquo;une gestion plus efficace<\/h2>\n<\/div>\n\n<div class=\"container-md paragraph  \">\n<p>Novotek propose des solutions compl\u00e8tes pour les usines de traitement des eaux et l&rsquo;approvisionnement en eau potable. Toutes ces solutions placent les donn\u00e9es de processus au centre. En les rendant disponibles en temps r\u00e9el, les op\u00e9rateurs peuvent recevoir des instructions au bon moment. En outre, des informations pr\u00e9cieuses peuvent \u00eatre extraites des donn\u00e9es de processus historiques, comme la pr\u00e9vision de certains \u00e9v\u00e9nements.<\/p>\n<\/div>\n\n<div class=\"container-md heading  \">\n<h3 class=\"wp-block-heading\" id=\"opslag-van-data-op-verschillende-niveau-s\">Stockage des donn\u00e9es \u00e0 diff\u00e9rents niveaux<\/h3>\n<\/div>\n\n<div class=\"container-md paragraph  \">\n<p>Il existe plusieurs fa\u00e7ons de stocker les donn\u00e9es de traitement, \u00e0 la fois sur site et dans le nuage. Il est important de disposer d&rsquo;une bonne structure pour que les autres utilisateurs puissent \u00e9galement acc\u00e9der facilement \u00e0 ces donn\u00e9es.<\/p>\n<\/div>\n\n<div class=\"container-md heading  \">\n<h3 class=\"wp-block-heading\" id=\"resultaten-uit-het-verleden-bieden-kansen-voor-de-toekomst\">Les r\u00e9sultats pass\u00e9s offrent des opportunit\u00e9s pour l&rsquo;avenir<\/h3>\n<\/div>\n\n<div class=\"container-md paragraph  \">\n<p>Les donn\u00e9es historiques sur les processus contiennent une mine d&rsquo;informations qui peuvent \u00eatre utilis\u00e9es pour am\u00e9liorer les op\u00e9rations. Gr\u00e2ce \u00e0 l&rsquo;intelligence artificielle et \u00e0 l&rsquo;apprentissage automatique, ces informations peuvent \u00eatre extraites des donn\u00e9es et utilis\u00e9es pour am\u00e9liorer encore les processus.<\/p>\n<\/div>\n\n<div class=\"container-md paragraph  \">\n<p><\/p>\n<\/div>\n\n<div class=\"container media-text  align\">\n<div class=\"wp-block-media-text has-media-on-the-right is-stacked-on-mobile is-image-fill-element\"><div class=\"wp-block-media-text__content\"><div class=\"container-md heading  \">\n<h5 class=\"wp-block-heading\" id=\"referentie\">R\u00e9f\u00e9rence<\/h5>\n<\/div>\n\n<div class=\"container-md heading  \">\n<h3 class=\"wp-block-heading\" id=\"effectief-watermanagement-bij-waterschap-de-dommel\"><strong>Gestion efficace de l&rsquo;eau \u00e0 l&rsquo;Office des eaux de De Dommel<\/strong><\/h3>\n<\/div>\n\n<div class=\"container-md paragraph  \">\n<p>La compagnie des eaux De Dommel utilise un syst\u00e8me central de surveillance des processus qui donne un aper\u00e7u en temps r\u00e9el de l&rsquo;\u00e9tat des diff\u00e9rentes installations. Outre un syst\u00e8me complet de notification des alarmes, toutes les mesures du processus sont stock\u00e9es historiquement afin que les op\u00e9rateurs puissent les consulter \u00e0 tout moment.<\/p>\n<\/div><\/div><figure class=\"wp-block-media-text__media\"><img loading=\"lazy\" decoding=\"async\" width=\"1024\" height=\"576\" src=\"https:\/\/www.novotek.com\/wp-content\/uploads\/sites\/9\/1553270737543-2-1024x576.jpeg\" alt=\"R\u00e9f\u00e9rence Dommel\" class=\"wp-image-3671 size-full\" style=\"object-position:50% 50%\" srcset=\"https:\/\/www.novotek.com\/be\/wp-content\/uploads\/sites\/9\/1553270737543-2-1024x576.jpeg 1024w, https:\/\/www.novotek.com\/be\/wp-content\/uploads\/sites\/9\/1553270737543-2-300x169.jpeg 300w, https:\/\/www.novotek.com\/be\/wp-content\/uploads\/sites\/9\/1553270737543-2-768x432.jpeg 768w, https:\/\/www.novotek.com\/be\/wp-content\/uploads\/sites\/9\/1553270737543-2-1536x864.jpeg 1536w, https:\/\/www.novotek.com\/be\/wp-content\/uploads\/sites\/9\/1553270737543-2.jpeg 1920w\" sizes=\"auto, (max-width: 1024px) 100vw, 1024px\" \/><\/figure><\/div>\n<\/div>\n\n\n\n<div class=\"container media-text  align\">\n<div class=\"wp-block-media-text is-stacked-on-mobile is-image-fill-element\"><figure class=\"wp-block-media-text__media\"><img loading=\"lazy\" decoding=\"async\" width=\"1024\" height=\"778\" src=\"https:\/\/www.novotek.com\/wp-content\/uploads\/sites\/9\/inkom_4-2-1024x778.jpg\" alt=\"R\u00e9f\u00e9rence Water-Link\" class=\"wp-image-3656 size-full\" style=\"object-position:50% 50%\" srcset=\"https:\/\/www.novotek.com\/be\/wp-content\/uploads\/sites\/9\/inkom_4-2-1024x778.jpg 1024w, https:\/\/www.novotek.com\/be\/wp-content\/uploads\/sites\/9\/inkom_4-2-300x228.jpg 300w, https:\/\/www.novotek.com\/be\/wp-content\/uploads\/sites\/9\/inkom_4-2-768x583.jpg 768w, https:\/\/www.novotek.com\/be\/wp-content\/uploads\/sites\/9\/inkom_4-2.jpg 1040w\" sizes=\"auto, (max-width: 1024px) 100vw, 1024px\" \/><\/figure><div class=\"wp-block-media-text__content\"><div class=\"container-md heading  \">\n<h5 class=\"wp-block-heading\" id=\"referentie\">R\u00e9f\u00e9rence<\/h5>\n<\/div>\n\n<div class=\"container-md heading  \">\n<h3 class=\"wp-block-heading\" id=\"procesoptimalisatie-voor-het-leveren-van-een-gezond-glas-water\"><strong>Optimisation du processus de distribution d&rsquo;un verre d&rsquo;eau saine<\/strong><\/h3>\n<\/div>\n\n<div class=\"container-md paragraph  \">\n<p>L&rsquo;entreprise int\u00e9gr\u00e9e Water-link produit de l&rsquo;eau potable pour la r\u00e9gion d&rsquo;Anvers de mani\u00e8re enti\u00e8rement automatis\u00e9e. Pour garantir la qualit\u00e9 de l&rsquo;eau, des mesures sont effectu\u00e9es \u00e0 diff\u00e9rents endroits qui sont contr\u00f4l\u00e9s en permanence. Cela permet \u00e0 Water-link de contr\u00f4ler les co\u00fbts et la qualit\u00e9.<\/p>\n<\/div>\n\n<div class=\"container-md paragraph  \">\n<p><\/p>\n<\/div><\/div><\/div>\n<\/div>\n\n<div class=\"cta-block\">\n  <div class=\"container\">\n          <h2>Laissez-nous vous en dire plus !<\/h2>\n    \n    \n          <a class=\"btn btn-primary\" href=\"https:\/\/www.novotek.com\/be\/fr\/contact\/\">Contactez-nous<\/a>\n      <\/div>\n<\/div>\n\n\n  <div class=\"slider-column-parent\">\n    <div class=\"container\">\n      <div class=\"slider-column-title\">Nos solutions pour la secteur de l&rsquo;eau<\/div>\n\n      <div class=\"slider-column\">\n        <div class=\"slider-cell carousel-cell large\"><div class=\"column-box\">\n  \n      <div class=\"title\">\n      MES &#8211; Manufacturing Execution System    <\/div>\n  \n      <div class=\"text\">\n      <p>Visez l\u2019excellence op\u00e9rationnelle gr\u00e2ce \u00e0 un syst\u00e8me num\u00e9rique d\u2019ex\u00e9cution de la fabrication.<\/p>\n<p><a href=\"https:\/\/www.novotek.com\/be\/fr\/solutions-et-produits\/mes\/\"><img loading=\"lazy\" decoding=\"async\" class=\"alignnone size-medium wp-image-961\" src=\"https:\/\/www.novotek.com\/be\/wp-content\/uploads\/sites\/9\/NovotekBenelux\/SOLUTIONMES\/MES-Systeem-Novotek_1920x800px-300x125.jpg\" alt=\"MES syst\u00e8me\" width=\"300\" height=\"125\" srcset=\"https:\/\/www.novotek.com\/be\/wp-content\/uploads\/sites\/9\/NovotekBenelux\/SOLUTIONMES\/MES-Systeem-Novotek_1920x800px-300x125.jpg 300w, https:\/\/www.novotek.com\/be\/wp-content\/uploads\/sites\/9\/NovotekBenelux\/SOLUTIONMES\/MES-Systeem-Novotek_1920x800px-1024x427.jpg 1024w, https:\/\/www.novotek.com\/be\/wp-content\/uploads\/sites\/9\/NovotekBenelux\/SOLUTIONMES\/MES-Systeem-Novotek_1920x800px-768x320.jpg 768w, https:\/\/www.novotek.com\/be\/wp-content\/uploads\/sites\/9\/NovotekBenelux\/SOLUTIONMES\/MES-Systeem-Novotek_1920x800px-1536x640.jpg 1536w, https:\/\/www.novotek.com\/be\/wp-content\/uploads\/sites\/9\/NovotekBenelux\/SOLUTIONMES\/MES-Systeem-Novotek_1920x800px.jpg 1920w\" sizes=\"auto, (max-width: 300px) 100vw, 300px\" \/><\/a><\/p>\n    <\/div>\n  \n      <a class=\"link\"  href=\"https:\/\/www.novotek.com\/be\/fr\/solutions-et-produits\/mes\/\" target=\"\">\n      Lire plus &#8211; MES    <\/a>\n  \n  <\/div>\n\n<\/div><div class=\"slider-cell carousel-cell large\"><div class=\"column-box\">\n  \n      <div class=\"title\">\n      HMI\/SCADA    <\/div>\n  \n      <div class=\"text\">\n      <p>Visualisation en temps r\u00e9el, alarmes et contr\u00f4le des processus.<\/p>\n<p><a href=\"https:\/\/www.novotek.com\/be\/fr\/solutions-et-produits\/hmi-scada\/\"><img decoding=\"async\" src=\"https:\/\/www.novotek.com\/wp-content\/uploads\/sites\/9\/NovotekBenelux\/SOLUTIONHMISCADA\/SCADA_systemen_Novotek_1920x800px-300x125.jpg\" alt=\"HMI SCADA\" \/><\/a><\/p>\n    <\/div>\n  \n      <a class=\"link\"  href=\"https:\/\/www.novotek.com\/be\/fr\/solutions-et-produits\/hmi-scada\/\" target=\"\">\n      Lire plus &#8211; SCADA    <\/a>\n  \n  <\/div>\n\n<\/div><div class=\"slider-cell carousel-cell large\"><div class=\"column-box\">\n  \n      <div class=\"title\">\n      OPC    <\/div>\n  \n      <div class=\"text\">\n      <p>Optimiser la communication entre les appareils et les syst\u00e8mes<\/p>\n<p><a href=\"https:\/\/www.novotek.com\/be\/fr\/solutions-et-produits\/opc\/\"><img loading=\"lazy\" decoding=\"async\" class=\"alignnone size-full wp-image-2518\" src=\"https:\/\/www.novotek.com\/wp-content\/uploads\/sites\/9\/NovotekBenelux\/SOLUTIONIDUSTRIELECOMMUNICATIE\/Novotek_OPC_wires_duotone_1920x800-300x125-1.jpg\" alt=\"OPC - optimaliseer de communicatie tussen apparaten en systemen\" width=\"300\" height=\"125\" \/><\/a><\/p>\n    <\/div>\n  \n      <a class=\"link\"  href=\"https:\/\/www.novotek.com\/be\/fr\/solutions-et-produits\/opc\/\" target=\"\">\n      Lire plus &#8211; OPC    <\/a>\n  \n  <\/div>\n\n<\/div><div class=\"slider-cell carousel-cell large\"><div class=\"column-box\">\n  \n      <div class=\"title\">\n      Data Historian    <\/div>\n  \n      <div class=\"text\">\n      <p>Stockage de grandes quantit\u00e9s de donn\u00e9es de processus et d&rsquo;alarmes.<\/p>\n<p><a href=\"https:\/\/www.novotek.com\/be\/fr\/solutions-et-produits\/data-historian\/\"><img loading=\"lazy\" decoding=\"async\" class=\"alignnone wp-image-951 size-medium\" src=\"https:\/\/www.novotek.com\/wp-content\/uploads\/sites\/9\/NovotekBenelux\/SOLUTIONDATAHISTORIAN\/Data-Historian_1920x800px-300x125.png\" alt=\"Data Historian oplossing\" width=\"300\" height=\"125\" srcset=\"https:\/\/www.novotek.com\/be\/wp-content\/uploads\/sites\/9\/NovotekBenelux\/SOLUTIONDATAHISTORIAN\/Data-Historian_1920x800px-300x125.png 300w, https:\/\/www.novotek.com\/be\/wp-content\/uploads\/sites\/9\/NovotekBenelux\/SOLUTIONDATAHISTORIAN\/Data-Historian_1920x800px-1024x427.png 1024w, https:\/\/www.novotek.com\/be\/wp-content\/uploads\/sites\/9\/NovotekBenelux\/SOLUTIONDATAHISTORIAN\/Data-Historian_1920x800px-768x320.png 768w, https:\/\/www.novotek.com\/be\/wp-content\/uploads\/sites\/9\/NovotekBenelux\/SOLUTIONDATAHISTORIAN\/Data-Historian_1920x800px-1536x640.png 1536w, https:\/\/www.novotek.com\/be\/wp-content\/uploads\/sites\/9\/NovotekBenelux\/SOLUTIONDATAHISTORIAN\/Data-Historian_1920x800px.png 1920w\" sizes=\"auto, (max-width: 300px) 100vw, 300px\" \/><\/a><\/p>\n    <\/div>\n  \n      <a class=\"link\"  href=\"https:\/\/www.novotek.com\/be\/fr\/solutions-et-produits\/data-historian\/\" target=\"\">\n      Lire plus &#8211; Data Historian    <\/a>\n  \n  <\/div>\n\n<\/div>      <\/div>\n    <\/div>\n  <\/div>\n","protected":false},"excerpt":{"rendered":"<p>Surveillance et enregistrement des donn\u00e9es du processus pour l&rsquo;\u00e9tat r\u00e9el et l&rsquo;analyse.<\/p>\n","protected":false},"author":13,"featured_media":3661,"parent":6351,"menu_order":0,"comment_status":"closed","ping_status":"closed","template":"","meta":{"_acf_changed":false,"_relevanssi_hide_post":"","_relevanssi_pin_for_all":"","_relevanssi_pin_keywords":"","_relevanssi_unpin_keywords":"","_relevanssi_related_keywords":"","_relevanssi_related_include_ids":"","_relevanssi_related_exclude_ids":"","_relevanssi_related_no_append":"","_relevanssi_related_not_related":"","_relevanssi_related_posts":"6323,6327,6125,6337","_relevanssi_noindex_reason":"","footnotes":""},"class_list":["post-6389","page","type-page","status-publish","has-post-thumbnail","hentry"],"acf":[],"yoast_head":"<!-- This site is optimized with the Yoast SEO plugin v27.4 - https:\/\/yoast.com\/product\/yoast-seo-wordpress\/ -->\n<title>Eau - Novotek Belgium<\/title>\n<meta name=\"description\" content=\"Novotek propose des solutions compl\u00e8tes pour les stations de traitement des eaux et l&#039;approvisionnement en eau potable. Voir les r\u00e9f\u00e9rences.\" \/>\n<meta name=\"robots\" content=\"index, follow, max-snippet:-1, max-image-preview:large, max-video-preview:-1\" \/>\n<link rel=\"canonical\" href=\"https:\/\/www.novotek.com\/be\/fr\/secteurs\/eau\/\" \/>\n<meta property=\"og:locale\" content=\"fr_FR\" \/>\n<meta property=\"og:type\" content=\"article\" \/>\n<meta property=\"og:title\" content=\"Eau - Novotek Belgium\" \/>\n<meta property=\"og:description\" content=\"Novotek propose des solutions compl\u00e8tes pour les stations de traitement des eaux et l&#039;approvisionnement en eau potable. Voir les r\u00e9f\u00e9rences.\" \/>\n<meta property=\"og:url\" content=\"https:\/\/www.novotek.com\/be\/fr\/secteurs\/eau\/\" \/>\n<meta property=\"og:site_name\" content=\"Novotek Belgium\" \/>\n<meta property=\"article:modified_time\" content=\"2025-12-18T13:48:19+00:00\" \/>\n<meta property=\"og:image\" content=\"https:\/\/www.novotek.com\/be\/wp-content\/uploads\/sites\/9\/Water-small.png\" \/>\n\t<meta property=\"og:image:width\" content=\"785\" \/>\n\t<meta property=\"og:image:height\" content=\"600\" \/>\n\t<meta property=\"og:image:type\" content=\"image\/png\" \/>\n<meta name=\"twitter:card\" content=\"summary_large_image\" \/>\n<meta name=\"twitter:label1\" content=\"Dur\u00e9e de lecture est.\" \/>\n\t<meta name=\"twitter:data1\" content=\"2 minutes\" \/>\n<script type=\"application\/ld+json\" class=\"yoast-schema-graph\">{\"@context\":\"https:\\\/\\\/schema.org\",\"@graph\":[{\"@type\":\"WebPage\",\"@id\":\"https:\\\/\\\/www.novotek.com\\\/be\\\/fr\\\/secteurs\\\/eau\\\/\",\"url\":\"https:\\\/\\\/www.novotek.com\\\/be\\\/fr\\\/secteurs\\\/eau\\\/\",\"name\":\"Eau - Novotek Belgium\",\"isPartOf\":{\"@id\":\"https:\\\/\\\/www.novotek.com\\\/be\\\/#website\"},\"primaryImageOfPage\":{\"@id\":\"https:\\\/\\\/www.novotek.com\\\/be\\\/fr\\\/secteurs\\\/eau\\\/#primaryimage\"},\"image\":{\"@id\":\"https:\\\/\\\/www.novotek.com\\\/be\\\/fr\\\/secteurs\\\/eau\\\/#primaryimage\"},\"thumbnailUrl\":\"https:\\\/\\\/www.novotek.com\\\/be\\\/wp-content\\\/uploads\\\/sites\\\/9\\\/Water-small.png\",\"datePublished\":\"2022-02-24T12:42:42+00:00\",\"dateModified\":\"2025-12-18T13:48:19+00:00\",\"description\":\"Novotek propose des solutions compl\u00e8tes pour les stations de traitement des eaux et l'approvisionnement en eau potable. Voir les r\u00e9f\u00e9rences.\",\"breadcrumb\":{\"@id\":\"https:\\\/\\\/www.novotek.com\\\/be\\\/fr\\\/secteurs\\\/eau\\\/#breadcrumb\"},\"inLanguage\":\"fr-BE\",\"potentialAction\":[{\"@type\":\"ReadAction\",\"target\":[\"https:\\\/\\\/www.novotek.com\\\/be\\\/fr\\\/secteurs\\\/eau\\\/\"]}]},{\"@type\":\"ImageObject\",\"inLanguage\":\"fr-BE\",\"@id\":\"https:\\\/\\\/www.novotek.com\\\/be\\\/fr\\\/secteurs\\\/eau\\\/#primaryimage\",\"url\":\"https:\\\/\\\/www.novotek.com\\\/be\\\/wp-content\\\/uploads\\\/sites\\\/9\\\/Water-small.png\",\"contentUrl\":\"https:\\\/\\\/www.novotek.com\\\/be\\\/wp-content\\\/uploads\\\/sites\\\/9\\\/Water-small.png\",\"width\":785,\"height\":600},{\"@type\":\"BreadcrumbList\",\"@id\":\"https:\\\/\\\/www.novotek.com\\\/be\\\/fr\\\/secteurs\\\/eau\\\/#breadcrumb\",\"itemListElement\":[{\"@type\":\"ListItem\",\"position\":1,\"name\":\"Home\",\"item\":\"https:\\\/\\\/www.novotek.com\\\/be\\\/fr\\\/\"},{\"@type\":\"ListItem\",\"position\":2,\"name\":\"Secteurs\",\"item\":\"https:\\\/\\\/www.novotek.com\\\/be\\\/fr\\\/secteurs\\\/\"},{\"@type\":\"ListItem\",\"position\":3,\"name\":\"Eau\"}]},{\"@type\":\"WebSite\",\"@id\":\"https:\\\/\\\/www.novotek.com\\\/be\\\/#website\",\"url\":\"https:\\\/\\\/www.novotek.com\\\/be\\\/\",\"name\":\"Novotek Belgium\",\"description\":\"Connecter, Mod\u00e9liser, Archiver, Visualiser, Optimiser\",\"potentialAction\":[{\"@type\":\"SearchAction\",\"target\":{\"@type\":\"EntryPoint\",\"urlTemplate\":\"https:\\\/\\\/www.novotek.com\\\/be\\\/?s={search_term_string}\"},\"query-input\":{\"@type\":\"PropertyValueSpecification\",\"valueRequired\":true,\"valueName\":\"search_term_string\"}}],\"inLanguage\":\"fr-BE\"}]}<\/script>\n<!-- \/ Yoast SEO plugin. -->","yoast_head_json":{"title":"Eau - Novotek Belgium","description":"Novotek propose des solutions compl\u00e8tes pour les stations de traitement des eaux et l'approvisionnement en eau potable. Voir les r\u00e9f\u00e9rences.","robots":{"index":"index","follow":"follow","max-snippet":"max-snippet:-1","max-image-preview":"max-image-preview:large","max-video-preview":"max-video-preview:-1"},"canonical":"https:\/\/www.novotek.com\/be\/fr\/secteurs\/eau\/","og_locale":"fr_FR","og_type":"article","og_title":"Eau - Novotek Belgium","og_description":"Novotek propose des solutions compl\u00e8tes pour les stations de traitement des eaux et l'approvisionnement en eau potable. Voir les r\u00e9f\u00e9rences.","og_url":"https:\/\/www.novotek.com\/be\/fr\/secteurs\/eau\/","og_site_name":"Novotek Belgium","article_modified_time":"2025-12-18T13:48:19+00:00","og_image":[{"width":785,"height":600,"url":"https:\/\/www.novotek.com\/be\/wp-content\/uploads\/sites\/9\/Water-small.png","type":"image\/png"}],"twitter_card":"summary_large_image","twitter_misc":{"Dur\u00e9e de lecture est.":"2 minutes"},"schema":{"@context":"https:\/\/schema.org","@graph":[{"@type":"WebPage","@id":"https:\/\/www.novotek.com\/be\/fr\/secteurs\/eau\/","url":"https:\/\/www.novotek.com\/be\/fr\/secteurs\/eau\/","name":"Eau - Novotek Belgium","isPartOf":{"@id":"https:\/\/www.novotek.com\/be\/#website"},"primaryImageOfPage":{"@id":"https:\/\/www.novotek.com\/be\/fr\/secteurs\/eau\/#primaryimage"},"image":{"@id":"https:\/\/www.novotek.com\/be\/fr\/secteurs\/eau\/#primaryimage"},"thumbnailUrl":"https:\/\/www.novotek.com\/be\/wp-content\/uploads\/sites\/9\/Water-small.png","datePublished":"2022-02-24T12:42:42+00:00","dateModified":"2025-12-18T13:48:19+00:00","description":"Novotek propose des solutions compl\u00e8tes pour les stations de traitement des eaux et l'approvisionnement en eau potable. Voir les r\u00e9f\u00e9rences.","breadcrumb":{"@id":"https:\/\/www.novotek.com\/be\/fr\/secteurs\/eau\/#breadcrumb"},"inLanguage":"fr-BE","potentialAction":[{"@type":"ReadAction","target":["https:\/\/www.novotek.com\/be\/fr\/secteurs\/eau\/"]}]},{"@type":"ImageObject","inLanguage":"fr-BE","@id":"https:\/\/www.novotek.com\/be\/fr\/secteurs\/eau\/#primaryimage","url":"https:\/\/www.novotek.com\/be\/wp-content\/uploads\/sites\/9\/Water-small.png","contentUrl":"https:\/\/www.novotek.com\/be\/wp-content\/uploads\/sites\/9\/Water-small.png","width":785,"height":600},{"@type":"BreadcrumbList","@id":"https:\/\/www.novotek.com\/be\/fr\/secteurs\/eau\/#breadcrumb","itemListElement":[{"@type":"ListItem","position":1,"name":"Home","item":"https:\/\/www.novotek.com\/be\/fr\/"},{"@type":"ListItem","position":2,"name":"Secteurs","item":"https:\/\/www.novotek.com\/be\/fr\/secteurs\/"},{"@type":"ListItem","position":3,"name":"Eau"}]},{"@type":"WebSite","@id":"https:\/\/www.novotek.com\/be\/#website","url":"https:\/\/www.novotek.com\/be\/","name":"Novotek Belgium","description":"Connecter, Mod\u00e9liser, Archiver, Visualiser, Optimiser","potentialAction":[{"@type":"SearchAction","target":{"@type":"EntryPoint","urlTemplate":"https:\/\/www.novotek.com\/be\/?s={search_term_string}"},"query-input":{"@type":"PropertyValueSpecification","valueRequired":true,"valueName":"search_term_string"}}],"inLanguage":"fr-BE"}]}},"_links":{"self":[{"href":"https:\/\/www.novotek.com\/be\/fr\/wp-json\/wp\/v2\/pages\/6389","targetHints":{"allow":["GET"]}}],"collection":[{"href":"https:\/\/www.novotek.com\/be\/fr\/wp-json\/wp\/v2\/pages"}],"about":[{"href":"https:\/\/www.novotek.com\/be\/fr\/wp-json\/wp\/v2\/types\/page"}],"author":[{"embeddable":true,"href":"https:\/\/www.novotek.com\/be\/fr\/wp-json\/wp\/v2\/users\/13"}],"replies":[{"embeddable":true,"href":"https:\/\/www.novotek.com\/be\/fr\/wp-json\/wp\/v2\/comments?post=6389"}],"version-history":[{"count":13,"href":"https:\/\/www.novotek.com\/be\/fr\/wp-json\/wp\/v2\/pages\/6389\/revisions"}],"predecessor-version":[{"id":16945,"href":"https:\/\/www.novotek.com\/be\/fr\/wp-json\/wp\/v2\/pages\/6389\/revisions\/16945"}],"up":[{"embeddable":true,"href":"https:\/\/www.novotek.com\/be\/fr\/wp-json\/wp\/v2\/pages\/6351"}],"wp:featuredmedia":[{"embeddable":true,"href":"https:\/\/www.novotek.com\/be\/fr\/wp-json\/wp\/v2\/media\/3661"}],"wp:attachment":[{"href":"https:\/\/www.novotek.com\/be\/fr\/wp-json\/wp\/v2\/media?parent=6389"}],"curies":[{"name":"wp","href":"https:\/\/api.w.org\/{rel}","templated":true}]}}