{"id":13541,"date":"2023-01-05T10:23:13","date_gmt":"2023-01-05T10:23:13","guid":{"rendered":"https:\/\/www.novotek.com\/ch\/produits-alimentaires-boissons\/"},"modified":"2023-02-24T14:13:44","modified_gmt":"2023-02-24T14:13:44","slug":"produits-alimentaires-boissons","status":"publish","type":"page","link":"https:\/\/www.novotek.com\/ch\/fr\/industrie\/produits-alimentaires-boissons\/","title":{"rendered":"Produits alimentaires &amp; boissons"},"content":{"rendered":"  <div class=\"hero\">\n    <div class=\"carousel hero-slider small\" data-flickity data-flickity-options='{\"prevNextButtons\": false}'>\n              <div class=\"carousel-cell\">\n          <div class=\"container\">\n            <div class=\"hero-content\">\n                              <h1>Produits alimentaires &amp; boissons<\/h1>\n<p>Novotek propose des solutions sophistiqu\u00e9es pour l&#8217;automatisation, la num\u00e9risation et la gestion de la production, orient\u00e9es vers les directives strictes de l&#8217;industrie alimentaire.<\/p>\n              \n                          <\/div>\n          <\/div>\n\n          <img decoding=\"async\" width=\"1024\" height=\"427\" src=\"https:\/\/www.novotek.com\/ch\/wp-content\/uploads\/sites\/3\/Coca-Cola_header_1920x800_NEW-e1658497357649-1024x427.jpg.webp\" class=\"hero-bg\" alt=\"Hero Img\" fetchpriority=\"high\" srcset=\"https:\/\/www.novotek.com\/ch\/wp-content\/uploads\/sites\/3\/Coca-Cola_header_1920x800_NEW-e1658497357649-1024x427.jpg.webp 1024w, https:\/\/www.novotek.com\/ch\/wp-content\/uploads\/sites\/3\/Coca-Cola_header_1920x800_NEW-e1658497357649-300x125.jpg.webp 300w, https:\/\/www.novotek.com\/ch\/wp-content\/uploads\/sites\/3\/Coca-Cola_header_1920x800_NEW-e1658497357649-768x320.jpg.webp 768w, https:\/\/www.novotek.com\/ch\/wp-content\/uploads\/sites\/3\/Coca-Cola_header_1920x800_NEW-e1658497357649-1536x640.jpg.webp 1536w, https:\/\/www.novotek.com\/ch\/wp-content\/uploads\/sites\/3\/Coca-Cola_header_1920x800_NEW-e1658497357649.jpg.webp 1920w\" sizes=\"(max-width: 1024px) 100vw, 1024px\" \/>                  <\/div>\n          <\/div>\n\n      <\/div>\n\n   \n\n\n<div class=\"container-md paragraph  \">\n<p>La production d\u2019aliments et de boissons est soumise \u00e0 des exigences r\u00e9glementaires pour la s\u00e9curit\u00e9 des denr\u00e9es alimentaires.&nbsp;Ces exigences pr\u00e9voient une tra\u00e7abilit\u00e9 compl\u00e8te.&nbsp;Novotek \u00e9tait \u00e9troitement impliqu\u00e9e dans les processus d\u2019interpr\u00e9tation et de transposition de ces exigences aupr\u00e8s de plusieurs entreprises.&nbsp;Outre la tra\u00e7abilit\u00e9, nous impl\u00e9mentons des solutions pour l\u2019industrie alimentaire qui permettent de piloter la disponibilit\u00e9, d\u2019optimiser l\u2019utilisation des installations ou d\u2019augmenter la qualit\u00e9.&nbsp;La collecte des donn\u00e9es, la visualisation des processus et la commande des flux de production \u00e0 l\u2019aide de la derni\u00e8re technologie MES ont ainsi \u00e9t\u00e9 sp\u00e9cialement adapt\u00e9es \u00e0 l\u2019industrie alimentaire.<\/p>\n<\/div>\n\n<div class=\"container-md spacer  \">\n<div style=\"height:100px\" aria-hidden=\"true\" class=\"wp-block-spacer\"><\/div>\n<\/div>\n\n<div class=\"container media-text  \">\n<div class=\"wp-block-media-text alignwide has-media-on-the-right is-stacked-on-mobile\" style=\"grid-template-columns:auto 40%\"><div class=\"wp-block-media-text__content\"><div class=\"container-md heading  \">\n<h2 class=\"wp-block-heading\" id=\"h-nos-solutions-sont-bien-plus-que-simplement-fiables\">Nos solutions sont bien plus que simplement fiables<\/h2>\n<\/div>\n\n<div class=\"container-md paragraph  \">\n<p>Avec les solutions avanc\u00e9es d\u2019automatisation et de gestion de la production de Novotek, les entreprises du secteur de l\u2019industrie alimentaire exploitent pleinement tout leur potentiel.&nbsp;Nous ne sommes pas les seuls \u00e0 l\u2019affirmer. La mise en \u0153uvre de nos solutions a permis \u00e0 nos clients d\u2019atteindre les chiffres ci-dessous&nbsp;:<\/p>\n<\/div>\n\n<div class=\"container-md list  \">\n<ul class=\"wp-block-list\"><div class=\"container-md list-item  \">\n<li>Capacit\u00e9s accrues de plus de <strong>15&nbsp;%<\/strong> au niveau des lignes de conditionnement<\/li>\n<\/div>\n\n<div class=\"container-md list-item  \">\n<li>R\u00e9duction des temps de changement d&#8217;\u00e9quipement de <strong>20&nbsp;%<\/strong> et plus<\/li>\n<\/div>\n\n<div class=\"container-md list-item  \">\n<li>R\u00e9duction de la consommation des mat\u00e9riaux de plus de <strong>2 <\/strong>points de pourcentage<\/li>\n<\/div>\n\n<div class=\"container-md list-item  \">\n<li>R\u00e9duction du stock jusqu\u2019\u00e0 <strong>30\u00a0%<\/strong> y compris le stockage interm\u00e9diaire \/ la production \u00ab\u00a0just in time\u00a0\u00bb optimis\u00e9e<\/li>\n<\/div><\/ul>\n<\/div><\/div><figure class=\"wp-block-media-text__media\"><img loading=\"lazy\" decoding=\"async\" width=\"800\" height=\"600\" src=\"https:\/\/www.novotek.com\/ch\/wp-content\/uploads\/sites\/3\/ales-krivec-QnNqGoCnBg0-unsplash_duplex_cyan_800x800px.jpg\" alt=\"\" class=\"wp-image-8983 size-full\" srcset=\"https:\/\/www.novotek.com\/ch\/wp-content\/uploads\/sites\/3\/ales-krivec-QnNqGoCnBg0-unsplash_duplex_cyan_800x800px.jpg 800w, https:\/\/www.novotek.com\/ch\/wp-content\/uploads\/sites\/3\/ales-krivec-QnNqGoCnBg0-unsplash_duplex_cyan_800x800px-300x225.jpg 300w, https:\/\/www.novotek.com\/ch\/wp-content\/uploads\/sites\/3\/ales-krivec-QnNqGoCnBg0-unsplash_duplex_cyan_800x800px-768x576.jpg 768w\" sizes=\"auto, (max-width: 800px) 100vw, 800px\" \/><\/figure><\/div>\n<\/div>\n\n<div class=\"container-md spacer  \">\n<div style=\"height:50px\" aria-hidden=\"true\" class=\"wp-block-spacer\"><\/div>\n<\/div>\n\n<div class=\"container-md heading  \">\n<h3 class=\"wp-block-heading\" id=\"h-reagir-correctement-et-sans-delai-grace-aux-infos-et-apercus-du-processus-de-production-en-temps-reel\">R\u00e9agir correctement et sans d\u00e9lai gr\u00e2ce aux infos et aper\u00e7us du processus de production en temps r\u00e9el<\/h3>\n<\/div>\n\n<div class=\"container-md paragraph  \">\n<p>Le hall d\u2019usine constitue un environnement extr\u00eamement dynamique dans lequel beaucoup de choses se produisent simultan\u00e9ment.&nbsp;Avec un meilleur aper\u00e7u du processus de production, les utilisateurs et les responsables peuvent d\u00e9tecter plus rapidement les probl\u00e8mes et prendre de meilleures d\u00e9cisions. C\u2019est ce que nos syst\u00e8mes vous proposent en temps r\u00e9el, avec en plus maintes informations utiles.&nbsp;Ceci permet de r\u00e9duire les probl\u00e8mes li\u00e9s \u00e0 la qualit\u00e9 ainsi que les temps d&#8217;arr\u00eat.<\/p>\n<\/div>\n\n<div class=\"container-md spacer  \">\n<div style=\"height:100px\" aria-hidden=\"true\" class=\"wp-block-spacer\"><\/div>\n<\/div>\n\n<div class=\"container media-text  \">\n<div class=\"wp-block-media-text alignwide is-stacked-on-mobile\" style=\"grid-template-columns:40% auto\"><figure class=\"wp-block-media-text__media\"><img loading=\"lazy\" decoding=\"async\" width=\"900\" height=\"600\" src=\"https:\/\/www.novotek.com\/ch\/wp-content\/uploads\/sites\/3\/Novotek_Website_Food_and_Beverage_image_Graphic_arrow.jpg\" alt=\"\" class=\"wp-image-8974 size-full\" srcset=\"https:\/\/www.novotek.com\/ch\/wp-content\/uploads\/sites\/3\/Novotek_Website_Food_and_Beverage_image_Graphic_arrow.jpg 900w, https:\/\/www.novotek.com\/ch\/wp-content\/uploads\/sites\/3\/Novotek_Website_Food_and_Beverage_image_Graphic_arrow-300x200.jpg 300w, https:\/\/www.novotek.com\/ch\/wp-content\/uploads\/sites\/3\/Novotek_Website_Food_and_Beverage_image_Graphic_arrow-768x512.jpg 768w\" sizes=\"auto, (max-width: 900px) 100vw, 900px\" \/><\/figure><div class=\"wp-block-media-text__content\"><div class=\"container-md heading  \">\n<h3 class=\"wp-block-heading\" id=\"h-la-numerisation-simplifie-le-processus-d-audit\">La num\u00e9risation simplifie le processus d\u2019audit<\/h3>\n<\/div>\n\n<div class=\"container-md paragraph  \">\n<p>La num\u00e9risation des donn\u00e9es de processus permet d\u2019impl\u00e9menter et contr\u00f4ler graduellement les am\u00e9liorations tout au long du processus de production, tout en rendant les r\u00e9sultats transparents.&nbsp;Le rendement est surveill\u00e9, les arr\u00eats sont document\u00e9s et la qualit\u00e9 est contr\u00f4l\u00e9e.&nbsp;Vous pouvez ainsi am\u00e9liorer pas \u00e0 pas votre excellence op\u00e9rationnelle.&nbsp;<\/p>\n<\/div>\n\n<div class=\"container-md paragraph  \">\n<p>La num\u00e9risation simplifie \u00e9galement le processus d\u2019audit.&nbsp;Il suffit d\u2019appuyer sur un bouton pour consulter les donn\u00e9es de processus requises. Le logiciel de gestion des versions <a href=\"https:\/\/www.novotek.com\/ch\/fr\/gestion-des-versions\/octoplant\/\"><strong>octoplant<\/strong><\/a> vous permet en outre d\u2019acc\u00e9der en quelques clics \u00e0 toutes les informations utiles sur les programmes et les listes de param\u00e8tres issus de l\u2019environnement d\u2019automatisation.<\/p>\n<\/div><\/div><\/div>\n<\/div>\n\n<div class=\"container-md spacer  \">\n<div style=\"height:30px\" aria-hidden=\"true\" class=\"wp-block-spacer\"><\/div>\n<\/div>\n\n<div class=\"container-md heading  \">\n<h3 class=\"wp-block-heading\" id=\"h-les-informations-la-et-ou-vous-en-avez-besoin\">Les informations l\u00e0 et o\u00f9 vous en avez besoin<\/h3>\n<\/div>\n\n<div class=\"container-md paragraph  \">\n<p>De nombreuses usines disposent encore d\u2019une salle de commande traditionnelle \u00e0 partir de laquelle le processus est surveill\u00e9 et pilot\u00e9.&nbsp;Toutefois, il faut parfois consulter les donn\u00e9es de processus sur place.&nbsp;<a href=\"https:\/\/www.novotek.com\/ch\/fr\/hmi-scada\/proficy-operations-hub\/\"><strong>Proficy Operations Hub<\/strong><\/a> vous permet de cr\u00e9er et configurer vos tableaux de bord et vos visualisations sur base Web&nbsp;; les donn\u00e9es sont ainsi accessibles \u00e0 partir d\u2019une tablette ou d\u2019un smartphone.<\/p>\n<\/div>\n\n<div class=\"container-md spacer  \">\n<div style=\"height:100px\" aria-hidden=\"true\" class=\"wp-block-spacer\"><\/div>\n<\/div>","protected":false},"excerpt":{"rendered":"<p>Les solutions de pointe de Novotek pour l&rsquo;automatisation et la gestion de la production vous permettent d&rsquo;exploiter le potentiel cach&eacute; de vos op&eacute;rations.<\/p>\n","protected":false},"author":15,"featured_media":5574,"parent":13545,"menu_order":1,"comment_status":"closed","ping_status":"closed","template":"","meta":{"_acf_changed":false,"_relevanssi_hide_post":"","_relevanssi_pin_for_all":"","_relevanssi_pin_keywords":"","_relevanssi_unpin_keywords":"","_relevanssi_related_keywords":"","_relevanssi_related_include_ids":"","_relevanssi_related_exclude_ids":"","_relevanssi_related_no_append":"","_relevanssi_related_not_related":"","_relevanssi_related_posts":"12884,13565,13571,13567,13573,13569","_relevanssi_noindex_reason":"","content-type":"","footnotes":""},"class_list":["post-13541","page","type-page","status-publish","has-post-thumbnail","hentry"],"acf":[],"yoast_head":"<!-- This site is optimized with the Yoast SEO plugin v27.4 - https:\/\/yoast.com\/product\/yoast-seo-wordpress\/ -->\n<title>Produits alimentaires &amp; boissons - Novotek CH<\/title>\n<meta name=\"description\" content=\"Des solutions de pointe pour l\u2019automatisation et la gestion de la production vous permettent d\u2019exploiter le potentiel cach\u00e9.\" \/>\n<meta name=\"robots\" content=\"index, follow, max-snippet:-1, max-image-preview:large, max-video-preview:-1\" \/>\n<link rel=\"canonical\" href=\"https:\/\/www.novotek.com\/ch\/fr\/industrie\/produits-alimentaires-boissons\/\" \/>\n<meta property=\"og:locale\" content=\"fr_FR\" \/>\n<meta property=\"og:type\" content=\"article\" \/>\n<meta property=\"og:title\" content=\"Produits alimentaires &amp; boissons - Novotek CH\" \/>\n<meta property=\"og:description\" content=\"Des solutions de pointe pour l\u2019automatisation et la gestion de la production vous permettent d\u2019exploiter le potentiel cach\u00e9.\" \/>\n<meta property=\"og:url\" content=\"https:\/\/www.novotek.com\/ch\/fr\/industrie\/produits-alimentaires-boissons\/\" \/>\n<meta property=\"og:site_name\" content=\"Novotek CH\" \/>\n<meta property=\"article:modified_time\" content=\"2023-02-24T14:13:44+00:00\" \/>\n<meta property=\"og:image\" content=\"https:\/\/www.novotek.com\/ch\/wp-content\/uploads\/sites\/3\/2021\/Novotek_UK\/Industries\/Food_and_beverage_CPG\/crystal-jo-t1q06vFOOmo-unsplash_duplex_cyan.png\" \/>\n\t<meta property=\"og:image:width\" content=\"1920\" \/>\n\t<meta property=\"og:image:height\" content=\"800\" \/>\n\t<meta property=\"og:image:type\" content=\"image\/png\" \/>\n<meta name=\"twitter:card\" content=\"summary_large_image\" \/>\n<meta name=\"twitter:label1\" content=\"Est. reading time\" \/>\n\t<meta name=\"twitter:data1\" content=\"3 minutes\" \/>\n<script type=\"application\/ld+json\" class=\"yoast-schema-graph\">{\"@context\":\"https:\\\/\\\/schema.org\",\"@graph\":[{\"@type\":\"WebPage\",\"@id\":\"https:\\\/\\\/www.novotek.com\\\/ch\\\/fr\\\/industrie\\\/produits-alimentaires-boissons\\\/\",\"url\":\"https:\\\/\\\/www.novotek.com\\\/ch\\\/fr\\\/industrie\\\/produits-alimentaires-boissons\\\/\",\"name\":\"Produits alimentaires &amp; boissons - Novotek CH\",\"isPartOf\":{\"@id\":\"https:\\\/\\\/www.novotek.com\\\/ch\\\/#website\"},\"primaryImageOfPage\":{\"@id\":\"https:\\\/\\\/www.novotek.com\\\/ch\\\/fr\\\/industrie\\\/produits-alimentaires-boissons\\\/#primaryimage\"},\"image\":{\"@id\":\"https:\\\/\\\/www.novotek.com\\\/ch\\\/fr\\\/industrie\\\/produits-alimentaires-boissons\\\/#primaryimage\"},\"thumbnailUrl\":\"https:\\\/\\\/www.novotek.com\\\/ch\\\/wp-content\\\/uploads\\\/sites\\\/3\\\/2021\\\/Novotek_UK\\\/Industries\\\/Food_and_beverage_CPG\\\/crystal-jo-t1q06vFOOmo-unsplash_duplex_cyan.png\",\"datePublished\":\"2023-01-05T10:23:13+00:00\",\"dateModified\":\"2023-02-24T14:13:44+00:00\",\"description\":\"Des solutions de pointe pour l\u2019automatisation et la gestion de la production vous permettent d\u2019exploiter le potentiel cach\u00e9.\",\"breadcrumb\":{\"@id\":\"https:\\\/\\\/www.novotek.com\\\/ch\\\/fr\\\/industrie\\\/produits-alimentaires-boissons\\\/#breadcrumb\"},\"inLanguage\":\"fr-CH\",\"potentialAction\":[{\"@type\":\"ReadAction\",\"target\":[\"https:\\\/\\\/www.novotek.com\\\/ch\\\/fr\\\/industrie\\\/produits-alimentaires-boissons\\\/\"]}]},{\"@type\":\"ImageObject\",\"inLanguage\":\"fr-CH\",\"@id\":\"https:\\\/\\\/www.novotek.com\\\/ch\\\/fr\\\/industrie\\\/produits-alimentaires-boissons\\\/#primaryimage\",\"url\":\"https:\\\/\\\/www.novotek.com\\\/ch\\\/wp-content\\\/uploads\\\/sites\\\/3\\\/2021\\\/Novotek_UK\\\/Industries\\\/Food_and_beverage_CPG\\\/crystal-jo-t1q06vFOOmo-unsplash_duplex_cyan.png\",\"contentUrl\":\"https:\\\/\\\/www.novotek.com\\\/ch\\\/wp-content\\\/uploads\\\/sites\\\/3\\\/2021\\\/Novotek_UK\\\/Industries\\\/Food_and_beverage_CPG\\\/crystal-jo-t1q06vFOOmo-unsplash_duplex_cyan.png\",\"width\":1920,\"height\":800},{\"@type\":\"BreadcrumbList\",\"@id\":\"https:\\\/\\\/www.novotek.com\\\/ch\\\/fr\\\/industrie\\\/produits-alimentaires-boissons\\\/#breadcrumb\",\"itemListElement\":[{\"@type\":\"ListItem\",\"position\":1,\"name\":\"Home\",\"item\":\"https:\\\/\\\/www.novotek.com\\\/ch\\\/fr\\\/\"},{\"@type\":\"ListItem\",\"position\":2,\"name\":\"Industrie\",\"item\":\"https:\\\/\\\/www.novotek.com\\\/ch\\\/fr\\\/industrie\\\/\"},{\"@type\":\"ListItem\",\"position\":3,\"name\":\"Produits alimentaires &amp; boissons\"}]},{\"@type\":\"WebSite\",\"@id\":\"https:\\\/\\\/www.novotek.com\\\/ch\\\/#website\",\"url\":\"https:\\\/\\\/www.novotek.com\\\/ch\\\/\",\"name\":\"Novotek Switzerland AG\",\"description\":\"Connect - Digitalize - Optimize\",\"publisher\":{\"@id\":\"https:\\\/\\\/www.novotek.com\\\/ch\\\/#organization\"},\"potentialAction\":[{\"@type\":\"SearchAction\",\"target\":{\"@type\":\"EntryPoint\",\"urlTemplate\":\"https:\\\/\\\/www.novotek.com\\\/ch\\\/?s={search_term_string}\"},\"query-input\":{\"@type\":\"PropertyValueSpecification\",\"valueRequired\":true,\"valueName\":\"search_term_string\"}}],\"inLanguage\":\"fr-CH\"},{\"@type\":\"Organization\",\"@id\":\"https:\\\/\\\/www.novotek.com\\\/ch\\\/#organization\",\"name\":\"Novotek Switzerland AG\",\"url\":\"https:\\\/\\\/www.novotek.com\\\/ch\\\/\",\"logo\":{\"@type\":\"ImageObject\",\"inLanguage\":\"fr-CH\",\"@id\":\"https:\\\/\\\/www.novotek.com\\\/ch\\\/#\\\/schema\\\/logo\\\/image\\\/\",\"url\":\"https:\\\/\\\/www.novotek.com\\\/ch\\\/wp-content\\\/uploads\\\/sites\\\/3\\\/novotek-symbol-rgb-pos-white-border-512x512-1.png\",\"contentUrl\":\"https:\\\/\\\/www.novotek.com\\\/ch\\\/wp-content\\\/uploads\\\/sites\\\/3\\\/novotek-symbol-rgb-pos-white-border-512x512-1.png\",\"width\":512,\"height\":512,\"caption\":\"Novotek Switzerland AG\"},\"image\":{\"@id\":\"https:\\\/\\\/www.novotek.com\\\/ch\\\/#\\\/schema\\\/logo\\\/image\\\/\"}}]}<\/script>\n<!-- \/ Yoast SEO plugin. -->","yoast_head_json":{"title":"Produits alimentaires &amp; boissons - Novotek CH","description":"Des solutions de pointe pour l\u2019automatisation et la gestion de la production vous permettent d\u2019exploiter le potentiel cach\u00e9.","robots":{"index":"index","follow":"follow","max-snippet":"max-snippet:-1","max-image-preview":"max-image-preview:large","max-video-preview":"max-video-preview:-1"},"canonical":"https:\/\/www.novotek.com\/ch\/fr\/industrie\/produits-alimentaires-boissons\/","og_locale":"fr_FR","og_type":"article","og_title":"Produits alimentaires &amp; boissons - Novotek CH","og_description":"Des solutions de pointe pour l\u2019automatisation et la gestion de la production vous permettent d\u2019exploiter le potentiel cach\u00e9.","og_url":"https:\/\/www.novotek.com\/ch\/fr\/industrie\/produits-alimentaires-boissons\/","og_site_name":"Novotek CH","article_modified_time":"2023-02-24T14:13:44+00:00","og_image":[{"width":1920,"height":800,"url":"https:\/\/www.novotek.com\/ch\/wp-content\/uploads\/sites\/3\/2021\/Novotek_UK\/Industries\/Food_and_beverage_CPG\/crystal-jo-t1q06vFOOmo-unsplash_duplex_cyan.png","type":"image\/png"}],"twitter_card":"summary_large_image","twitter_misc":{"Est. reading time":"3 minutes"},"schema":{"@context":"https:\/\/schema.org","@graph":[{"@type":"WebPage","@id":"https:\/\/www.novotek.com\/ch\/fr\/industrie\/produits-alimentaires-boissons\/","url":"https:\/\/www.novotek.com\/ch\/fr\/industrie\/produits-alimentaires-boissons\/","name":"Produits alimentaires &amp; boissons - Novotek CH","isPartOf":{"@id":"https:\/\/www.novotek.com\/ch\/#website"},"primaryImageOfPage":{"@id":"https:\/\/www.novotek.com\/ch\/fr\/industrie\/produits-alimentaires-boissons\/#primaryimage"},"image":{"@id":"https:\/\/www.novotek.com\/ch\/fr\/industrie\/produits-alimentaires-boissons\/#primaryimage"},"thumbnailUrl":"https:\/\/www.novotek.com\/ch\/wp-content\/uploads\/sites\/3\/2021\/Novotek_UK\/Industries\/Food_and_beverage_CPG\/crystal-jo-t1q06vFOOmo-unsplash_duplex_cyan.png","datePublished":"2023-01-05T10:23:13+00:00","dateModified":"2023-02-24T14:13:44+00:00","description":"Des solutions de pointe pour l\u2019automatisation et la gestion de la production vous permettent d\u2019exploiter le potentiel cach\u00e9.","breadcrumb":{"@id":"https:\/\/www.novotek.com\/ch\/fr\/industrie\/produits-alimentaires-boissons\/#breadcrumb"},"inLanguage":"fr-CH","potentialAction":[{"@type":"ReadAction","target":["https:\/\/www.novotek.com\/ch\/fr\/industrie\/produits-alimentaires-boissons\/"]}]},{"@type":"ImageObject","inLanguage":"fr-CH","@id":"https:\/\/www.novotek.com\/ch\/fr\/industrie\/produits-alimentaires-boissons\/#primaryimage","url":"https:\/\/www.novotek.com\/ch\/wp-content\/uploads\/sites\/3\/2021\/Novotek_UK\/Industries\/Food_and_beverage_CPG\/crystal-jo-t1q06vFOOmo-unsplash_duplex_cyan.png","contentUrl":"https:\/\/www.novotek.com\/ch\/wp-content\/uploads\/sites\/3\/2021\/Novotek_UK\/Industries\/Food_and_beverage_CPG\/crystal-jo-t1q06vFOOmo-unsplash_duplex_cyan.png","width":1920,"height":800},{"@type":"BreadcrumbList","@id":"https:\/\/www.novotek.com\/ch\/fr\/industrie\/produits-alimentaires-boissons\/#breadcrumb","itemListElement":[{"@type":"ListItem","position":1,"name":"Home","item":"https:\/\/www.novotek.com\/ch\/fr\/"},{"@type":"ListItem","position":2,"name":"Industrie","item":"https:\/\/www.novotek.com\/ch\/fr\/industrie\/"},{"@type":"ListItem","position":3,"name":"Produits alimentaires &amp; boissons"}]},{"@type":"WebSite","@id":"https:\/\/www.novotek.com\/ch\/#website","url":"https:\/\/www.novotek.com\/ch\/","name":"Novotek Switzerland AG","description":"Connect - Digitalize - Optimize","publisher":{"@id":"https:\/\/www.novotek.com\/ch\/#organization"},"potentialAction":[{"@type":"SearchAction","target":{"@type":"EntryPoint","urlTemplate":"https:\/\/www.novotek.com\/ch\/?s={search_term_string}"},"query-input":{"@type":"PropertyValueSpecification","valueRequired":true,"valueName":"search_term_string"}}],"inLanguage":"fr-CH"},{"@type":"Organization","@id":"https:\/\/www.novotek.com\/ch\/#organization","name":"Novotek Switzerland AG","url":"https:\/\/www.novotek.com\/ch\/","logo":{"@type":"ImageObject","inLanguage":"fr-CH","@id":"https:\/\/www.novotek.com\/ch\/#\/schema\/logo\/image\/","url":"https:\/\/www.novotek.com\/ch\/wp-content\/uploads\/sites\/3\/novotek-symbol-rgb-pos-white-border-512x512-1.png","contentUrl":"https:\/\/www.novotek.com\/ch\/wp-content\/uploads\/sites\/3\/novotek-symbol-rgb-pos-white-border-512x512-1.png","width":512,"height":512,"caption":"Novotek Switzerland AG"},"image":{"@id":"https:\/\/www.novotek.com\/ch\/#\/schema\/logo\/image\/"}}]}},"_links":{"self":[{"href":"https:\/\/www.novotek.com\/ch\/fr\/wp-json\/wp\/v2\/pages\/13541","targetHints":{"allow":["GET"]}}],"collection":[{"href":"https:\/\/www.novotek.com\/ch\/fr\/wp-json\/wp\/v2\/pages"}],"about":[{"href":"https:\/\/www.novotek.com\/ch\/fr\/wp-json\/wp\/v2\/types\/page"}],"author":[{"embeddable":true,"href":"https:\/\/www.novotek.com\/ch\/fr\/wp-json\/wp\/v2\/users\/15"}],"replies":[{"embeddable":true,"href":"https:\/\/www.novotek.com\/ch\/fr\/wp-json\/wp\/v2\/comments?post=13541"}],"version-history":[{"count":7,"href":"https:\/\/www.novotek.com\/ch\/fr\/wp-json\/wp\/v2\/pages\/13541\/revisions"}],"predecessor-version":[{"id":15225,"href":"https:\/\/www.novotek.com\/ch\/fr\/wp-json\/wp\/v2\/pages\/13541\/revisions\/15225"}],"up":[{"embeddable":true,"href":"https:\/\/www.novotek.com\/ch\/fr\/wp-json\/wp\/v2\/pages\/13545"}],"wp:featuredmedia":[{"embeddable":true,"href":"https:\/\/www.novotek.com\/ch\/fr\/wp-json\/wp\/v2\/media\/5574"}],"wp:attachment":[{"href":"https:\/\/www.novotek.com\/ch\/fr\/wp-json\/wp\/v2\/media?parent=13541"}],"curies":[{"name":"wp","href":"https:\/\/api.w.org\/{rel}","templated":true}]}}