{"id":13543,"date":"2023-01-05T10:23:17","date_gmt":"2023-01-05T10:23:17","guid":{"rendered":"https:\/\/www.novotek.com\/ch\/nergie\/"},"modified":"2023-02-24T14:08:37","modified_gmt":"2023-02-24T14:08:37","slug":"nergie","status":"publish","type":"page","link":"https:\/\/www.novotek.com\/ch\/fr\/industrie\/nergie\/","title":{"rendered":"&Eacute;nergie"},"content":{"rendered":"  <div class=\"hero\">\n    <div class=\"carousel hero-slider small\" data-flickity data-flickity-options='{\"prevNextButtons\": false}'>\n              <div class=\"carousel-cell\">\n          <div class=\"container\">\n            <div class=\"hero-content\">\n                              <h1>\u00c9nergie<\/h1>\n<p>Novotek propose des solutions d&#8217;automatisation, de num\u00e9risation et OT\/IT adapt\u00e9es \u00e0 la production et \u00e0 la distribution d&#8217;\u00e9nergie \u00e9olienne, hydro\u00e9lectrique et solaire.<\/p>\n              \n                          <\/div>\n          <\/div>\n\n          <img decoding=\"async\" width=\"1024\" height=\"427\" src=\"https:\/\/www.novotek.com\/ch\/wp-content\/uploads\/sites\/3\/Novotek_Website_Energy_header_1920x800px_NEW-1024x427.jpg.webp\" class=\"hero-bg\" alt=\"Hero Img\" fetchpriority=\"high\" srcset=\"https:\/\/www.novotek.com\/ch\/wp-content\/uploads\/sites\/3\/Novotek_Website_Energy_header_1920x800px_NEW-1024x427.jpg.webp 1024w, https:\/\/www.novotek.com\/ch\/wp-content\/uploads\/sites\/3\/Novotek_Website_Energy_header_1920x800px_NEW-300x125.jpg.webp 300w, https:\/\/www.novotek.com\/ch\/wp-content\/uploads\/sites\/3\/Novotek_Website_Energy_header_1920x800px_NEW-768x320.jpg.webp 768w, https:\/\/www.novotek.com\/ch\/wp-content\/uploads\/sites\/3\/Novotek_Website_Energy_header_1920x800px_NEW-1536x640.jpg.webp 1536w, https:\/\/www.novotek.com\/ch\/wp-content\/uploads\/sites\/3\/Novotek_Website_Energy_header_1920x800px_NEW.jpg.webp 1920w\" sizes=\"(max-width: 1024px) 100vw, 1024px\" \/>                  <\/div>\n          <\/div>\n\n      <\/div>\n\n   \n\n\n<div class=\"container-md group  \">\n<div class=\"wp-block-group\"><div class=\"wp-block-group__inner-container is-layout-flow wp-block-group-is-layout-flow\"><div class=\"container-md paragraph  \">\n<p>Dans le secteur de l\u2019\u00e9nergie, l\u2019exploitation et la commande optimales des installations de production d&#8217;\u00e9nergie d\u00e9centralis\u00e9es supposent une communication de donn\u00e9es en toute s\u00e9curit\u00e9 via les r\u00e9seaux publics. Avant toute autre chose, les donn\u00e9es permettent l\u2019auto-optimisation des syst\u00e8mes par le biais de Data Analytics et de l\u2019intelligence artificielle (AI). Nos solutions pilotent les installations et optimisent les processus de production pour le transport d\u2019\u00e9lectricit\u00e9, de gaz ou de chaleur issus de l\u2019\u00e9nergie \u00e9olienne, de l\u2019\u00e9nergie hydraulique ou d\u2019installations industrielles.&nbsp;<\/p>\n<\/div><\/div>\n<\/div><\/div>\n\n<div class=\"container-md spacer  \">\n<div style=\"height:50px\" aria-hidden=\"true\" class=\"wp-block-spacer\"><\/div>\n<\/div>\n\n<div class=\"container-md heading  \">\n<h2 class=\"wp-block-heading\" id=\"h-nos-solutions-vous-fournissent-de-l-energie\">Nos solutions vous fournissent de l\u2019\u00e9nergie<\/h2>\n<\/div>\n\n<div class=\"container-md paragraph  \">\n<p>Les entreprises de distribution d\u2019\u00e9nergie sont souvent confront\u00e9es \u00e0 des infrastructures vastes et complexes. La combinaison entre la collecte de donn\u00e9es et la visualisation en temps r\u00e9el est essentielle pour disposer d\u2019une bonne vue d\u2019ensemble.<\/p>\n<\/div>\n\n<div class=\"container-md paragraph  \">\n<p>Les syst\u00e8mes modernes de surveillance de processus disposent de maintes possibilit\u00e9s d\u2019alarme combin\u00e9es \u00e0 l\u2019archivage des donn\u00e9es de processus pour permettre la recherche r\u00e9troactive d\u2019erreurs.<\/p>\n<\/div>\n\n<div class=\"container-md paragraph  \">\n<p><strong>GE Energy<\/strong> mise sur <a href=\"https:\/\/www.novotek.com\/ch\/fr\/hmi-scada\/proficy-ifix\/\">Proficy iFIX<\/a>, un des syst\u00e8mes HMI\/SCADA les plus pris\u00e9s dans &nbsp;le secteur de l\u2019\u00e9lectricit\u00e9 et de l\u2019\u00e9nergie.<\/p>\n<\/div>\n\n<div class=\"container-md spacer  \">\n<div style=\"height:50px\" aria-hidden=\"true\" class=\"wp-block-spacer\"><\/div>\n<\/div>\n\n<div class=\"container-md heading  \">\n<h3 class=\"wp-block-heading\" id=\"h-une-communication-sure-grace-au-tunneling\">Une communication s\u00fbre gr\u00e2ce au tunneling<\/h3>\n<\/div>\n\n<div class=\"wp-block-image\"><div class=\"container-md image  aligncenter\">\n<figure class=\"aligncenter size-full is-resized\"><img decoding=\"async\" src=\"https:\/\/www.novotek.com\/ch\/wp-content\/uploads\/sites\/3\/usecase-hydro-power-maintenance.png\" alt=\"\" class=\"wp-image-11019\" width=\"500\" srcset=\"https:\/\/www.novotek.com\/ch\/wp-content\/uploads\/sites\/3\/usecase-hydro-power-maintenance.png 571w, https:\/\/www.novotek.com\/ch\/wp-content\/uploads\/sites\/3\/usecase-hydro-power-maintenance-300x118.png 300w\" sizes=\"(max-width: 571px) 100vw, 571px\" \/><\/figure>\n<\/div><\/div>\n\n<div class=\"container-md paragraph  \">\n<p>De nombreuses entreprises rechignent \u00e0 utiliser les r\u00e9seaux publics pour transmettre les donn\u00e9es de leurs installations. <a href=\"https:\/\/www.novotek.com\/ch\/fr\/connectivit\/cogent-datahub\/\"><strong>DataHub Tunneller<\/strong><\/a> chiffre les donn\u00e9es via un propre protocole de communication et satisfait ainsi aux normes les plus strictes conform\u00e9ment \u00e0 la Directive NIS2 (Network and Information Security) de l\u2019UE.<\/p>\n<\/div>\n\n<div class=\"container-md spacer  \">\n<div style=\"height:100px\" aria-hidden=\"true\" class=\"wp-block-spacer\"><\/div>\n<\/div>\n\n<div class=\"container media-text  \">\n<div class=\"wp-block-media-text alignwide has-media-on-the-right is-stacked-on-mobile is-vertically-aligned-center\" style=\"grid-template-columns:auto 40%\"><div class=\"wp-block-media-text__content\"><div class=\"container-md heading  \">\n<h3 class=\"wp-block-heading\" id=\"h-une-disponibilite-maximum\">Une disponibilit\u00e9 maximum<\/h3>\n<\/div>\n\n<div class=\"container-md paragraph  \">\n<p>Afin de garantir la disponibilit\u00e9 permanente des syst\u00e8mes d&#8217;exploitation, toutes les solutions de Novotek permettent de configurer une structure redondante. Nous vous conseillons volontiers au sujet de la disponibilit\u00e9 optimale selon la configuration \u00ab&nbsp;Hot Standby&nbsp;\u00bb (secours automatique) ou \u00ab&nbsp;Cold Standby&nbsp;\u00bb (reprise progressive).<\/p>\n<\/div>\n\n<div class=\"container-md heading  \">\n<h3 class=\"wp-block-heading\" id=\"h-une-communication-continue\">Une communication continue<\/h3>\n<\/div>\n\n<div class=\"container-md paragraph  \">\n<p>Comme la plupart de nos solutions, Proficy iFIX garantit une communication fluide avec les syst\u00e8mes usuels des fournisseurs tiers dans le secteur de l\u2019\u00e9lectricit\u00e9 et de l\u2019\u00e9nergie.&nbsp;<\/p>\n<\/div>\n\n<div class=\"container-md heading  \">\n<h3 class=\"wp-block-heading\" id=\"h-eviter-la-perte-de-donnees\">\u00c9viter la perte de donn\u00e9es<\/h3>\n<\/div>\n\n<div class=\"container-md paragraph  \">\n<p>Avec l\u2019option \u00ab&nbsp;Store &amp; Forward&nbsp;\u00bb, le syst\u00e8me met les donn\u00e9es en m\u00e9moire tampon au niveau local en cas de d\u00e9faillance du r\u00e9seau et les transmet automatiquement au bon serveur une fois le trafic r\u00e9seau r\u00e9tabli.&nbsp;Et pour r\u00e9duire ce trafic r\u00e9seau, les donn\u00e9es sont en outre filtr\u00e9es et comprim\u00e9es localement avant leur transfert au serveur central.&nbsp;<\/p>\n<\/div><\/div><figure class=\"wp-block-media-text__media\"><img loading=\"lazy\" decoding=\"async\" width=\"1024\" height=\"862\" src=\"https:\/\/www.novotek.com\/ch\/wp-content\/uploads\/sites\/3\/llustration_Energy_Redundancy_illustration-1024x862-1.png\" alt=\"Graphique redondance \u00e9nergie\" class=\"wp-image-9525 size-full\" srcset=\"https:\/\/www.novotek.com\/ch\/wp-content\/uploads\/sites\/3\/llustration_Energy_Redundancy_illustration-1024x862-1.png 1024w, https:\/\/www.novotek.com\/ch\/wp-content\/uploads\/sites\/3\/llustration_Energy_Redundancy_illustration-1024x862-1-300x253.png 300w, https:\/\/www.novotek.com\/ch\/wp-content\/uploads\/sites\/3\/llustration_Energy_Redundancy_illustration-1024x862-1-768x647.png 768w\" sizes=\"auto, (max-width: 1024px) 100vw, 1024px\" \/><\/figure><\/div>\n<\/div>\n\n<div class=\"container-md spacer  \">\n<div style=\"height:100px\" aria-hidden=\"true\" class=\"wp-block-spacer\"><\/div>\n<\/div>\n\n<div class=\"container media-text  \">\n<div class=\"wp-block-media-text alignwide is-stacked-on-mobile\" style=\"grid-template-columns:40% auto\"><figure class=\"wp-block-media-text__media\"><img loading=\"lazy\" decoding=\"async\" width=\"1024\" height=\"683\" src=\"https:\/\/www.novotek.com\/ch\/wp-content\/uploads\/sites\/3\/Mock-up_Alarm_HMI_SCADA_screens-1024x683-1.png\" alt=\"Gestion d\u2019alarmes HMI\/SCADA\" class=\"wp-image-9530 size-full\" srcset=\"https:\/\/www.novotek.com\/ch\/wp-content\/uploads\/sites\/3\/Mock-up_Alarm_HMI_SCADA_screens-1024x683-1.png 1024w, https:\/\/www.novotek.com\/ch\/wp-content\/uploads\/sites\/3\/Mock-up_Alarm_HMI_SCADA_screens-1024x683-1-300x200.png 300w, https:\/\/www.novotek.com\/ch\/wp-content\/uploads\/sites\/3\/Mock-up_Alarm_HMI_SCADA_screens-1024x683-1-768x512.png 768w\" sizes=\"auto, (max-width: 1024px) 100vw, 1024px\" \/><\/figure><div class=\"wp-block-media-text__content\"><div class=\"container-md heading  \">\n<h3 class=\"wp-block-heading\" id=\"h-gestion-des-alarmes\">Gestion des alarmes<\/h3>\n<\/div>\n\n<div class=\"container-md paragraph  \">\n<p>Les applications sur base Web comme par ex. <a href=\"https:\/\/www.novotek.com\/ch\/fr\/hmi-scada\/proficy-operations-hub\/\"><strong>Proficy Operations Hub<\/strong><\/a> proposent une gestion d\u2019alarmes avanc\u00e9e. Le syst\u00e8me collecte, enregistre et fournit les messages d\u2019alarme avec les informations suppl\u00e9mentaires ad hoc en vue d\u2019une r\u00e9solution rapide. Les alarmes peuvent \u00eatre class\u00e9es dans diff\u00e9rentes cat\u00e9gories avec diff\u00e9rentes priorit\u00e9s. Des images de processus peuvent \u00eatre directement int\u00e9gr\u00e9es au message d\u2019alarme pour b\u00e9n\u00e9ficier d\u2019une meilleure vue d\u2019ensemble et faciliter l\u2019analyse des probl\u00e8mes.&nbsp;D\u00e8s qu\u2019une alarme est \u00e9mise, un message est envoy\u00e9 \u00e0 un smartphone ou une adresse e-mail.&nbsp;Moyennant les validations ad hoc, l\u2019alarme peut m\u00eame \u00eatre acquitt\u00e9e directement sur le smartphone.<\/p>\n<\/div><\/div><\/div>\n<\/div>\n\n<div class=\"container-md spacer  \">\n<div style=\"height:100px\" aria-hidden=\"true\" class=\"wp-block-spacer\"><\/div>\n<\/div>\n\n<div class=\"container-md heading  \">\n<h2 class=\"wp-block-heading\" id=\"h-journalisation-des-donnees-de-processus\">Journalisation des donn\u00e9es de processus<\/h2>\n<\/div>\n\n<div class=\"container-md paragraph  \">\n<p><a href=\"https:\/\/www.novotek.com\/ch\/fr\/hmi-scada\/proficy-ifix\/\"><strong>Proficy iFIX<\/strong><\/a> enregistre toutes les donn\u00e9es de processus &#8211; par ex. d\u00e9bit, niveau de remplissage, pression, temp\u00e9rature, consommation d\u2019\u00e9nergie, O2, NOX, d\u00e9marrages et arr\u00eats des pompes ainsi que maints autres param\u00e8tres &#8211; au sein de la base de donn\u00e9es <a href=\"https:\/\/www.novotek.com\/ch\/fr\/smart-factory-mes\/proficy-historian\/\"><strong>Proficy Historian<\/strong><\/a>.<\/p>\n<\/div>\n\n<div class=\"container-md paragraph  \">\n<p>Toutes les donn\u00e9es sont enregistr\u00e9es au format brut ainsi qu\u2019avec une balise de nom, date, heure et valeur.&nbsp;Si vous souhaitez acc\u00e9der ult\u00e9rieurement \u00e0 ces informations, vous pouvez les compiler sous forme agr\u00e9g\u00e9e et choisir entre les donn\u00e9es brutes, min., max., moyennes ou d\u2019autres types de donn\u00e9es fines.&nbsp;<\/p>\n<\/div>\n\n<div class=\"container-md spacer  \">\n<div style=\"height:50px\" aria-hidden=\"true\" class=\"wp-block-spacer\"><\/div>\n<\/div>\n\n<div class=\"container-md heading  \">\n<h3 class=\"wp-block-heading\" id=\"h-tendance-evolutive-de-proficy-ifix\">Tendance \u00e9volutive de Proficy iFIX<\/h3>\n<\/div>\n\n<div class=\"container-md list  \">\n<ul class=\"wp-block-list\"><div class=\"container-md list-item  \">\n<li>Les courbes de tendance sont affich\u00e9es en temps r\u00e9el ou pour un moment donn\u00e9.<\/li>\n<\/div>\n\n<div class=\"container-md list-item  \">\n<li>Des commentaires peuvent \u00eatre ajout\u00e9s \u00e0 une courbe de tendance afin d&#8217;en augmenter le contenu informatif.\u00a0<\/li>\n<\/div>\n\n<div class=\"container-md list-item  \">\n<li>Les \u00e9chelles de temps peuvent \u00eatre superpos\u00e9es et affich\u00e9es dans diff\u00e9rentes couleurs, pour un affichage plus clair.<\/li>\n<\/div>\n\n<div class=\"container-md list-item  \">\n<li>Les courbes de tendance et les alarmes peuvent \u00eatre int\u00e9gr\u00e9es de diff\u00e9rentes mani\u00e8res afin d&#8217;obtenir des analyses encore plus pertinentes.<\/li>\n<\/div><\/ul>\n<\/div>\n\n<div class=\"container-md spacer  \">\n<div style=\"height:100px\" aria-hidden=\"true\" class=\"wp-block-spacer\"><\/div>\n<\/div>","protected":false},"excerpt":{"rendered":"<p>Nous fournissons nos solutions d&rsquo;automatisation, de num&eacute;risation et d&rsquo;informatique pour la production d&rsquo;&eacute;lectricit&eacute;, le chauffage urbain, le refroidissement urbain, l&rsquo;&eacute;nergie &eacute;olienne, l&rsquo;&eacute;nergie hydraulique et l&rsquo;&eacute;nergie solaire.<\/p>\n","protected":false},"author":15,"featured_media":5583,"parent":13545,"menu_order":0,"comment_status":"closed","ping_status":"closed","template":"","meta":{"_acf_changed":false,"_relevanssi_hide_post":"","_relevanssi_pin_for_all":"","_relevanssi_pin_keywords":"","_relevanssi_unpin_keywords":"","_relevanssi_related_keywords":"","_relevanssi_related_include_ids":"","_relevanssi_related_exclude_ids":"","_relevanssi_related_no_append":"","_relevanssi_related_not_related":"","_relevanssi_related_posts":"6198,13569,13573,12884,13571,13567","_relevanssi_noindex_reason":"","content-type":"","footnotes":""},"class_list":["post-13543","page","type-page","status-publish","has-post-thumbnail","hentry"],"acf":[],"yoast_head":"<!-- This site is optimized with the Yoast SEO plugin v27.4 - https:\/\/yoast.com\/product\/yoast-seo-wordpress\/ -->\n<title>Solutions pour le secteur de l\u2019\u00e9nergie - Novotek Switzerland<\/title>\n<meta name=\"description\" content=\"Solutions d\u2019automatisation, de num\u00e9risation et IT de Novotek pour la production d\u2019\u00e9lectricit\u00e9, l\u2019\u00e9nergie \u00e9olienne, l\u2019\u00e9nergie hydraulique et l\u2019\u00e9nergie solaire.\" \/>\n<meta name=\"robots\" content=\"index, follow, max-snippet:-1, max-image-preview:large, max-video-preview:-1\" \/>\n<link rel=\"canonical\" href=\"https:\/\/www.novotek.com\/ch\/fr\/industrie\/nergie\/\" \/>\n<meta property=\"og:locale\" content=\"fr_FR\" \/>\n<meta property=\"og:type\" content=\"article\" \/>\n<meta property=\"og:title\" content=\"Solutions pour le secteur de l\u2019\u00e9nergie - Novotek Switzerland\" \/>\n<meta property=\"og:description\" content=\"Solutions d\u2019automatisation, de num\u00e9risation et IT de Novotek pour la production d\u2019\u00e9lectricit\u00e9, l\u2019\u00e9nergie \u00e9olienne, l\u2019\u00e9nergie hydraulique et l\u2019\u00e9nergie solaire.\" \/>\n<meta property=\"og:url\" content=\"https:\/\/www.novotek.com\/ch\/fr\/industrie\/nergie\/\" \/>\n<meta property=\"og:site_name\" content=\"Novotek CH\" \/>\n<meta property=\"article:modified_time\" content=\"2023-02-24T14:08:37+00:00\" \/>\n<meta property=\"og:image\" content=\"https:\/\/www.novotek.com\/ch\/wp-content\/uploads\/sites\/3\/2021\/Novotek_UK\/Industries\/Power_and_Energy\/fabio-comparelli-uq2E2V4LhCY-unsplash_duplex_cyan.png\" \/>\n\t<meta property=\"og:image:width\" content=\"2000\" \/>\n\t<meta property=\"og:image:height\" content=\"625\" \/>\n\t<meta property=\"og:image:type\" content=\"image\/png\" \/>\n<meta name=\"twitter:card\" content=\"summary_large_image\" \/>\n<meta name=\"twitter:label1\" content=\"Est. reading time\" \/>\n\t<meta name=\"twitter:data1\" content=\"4 minutes\" \/>\n<script type=\"application\/ld+json\" class=\"yoast-schema-graph\">{\"@context\":\"https:\\\/\\\/schema.org\",\"@graph\":[{\"@type\":\"WebPage\",\"@id\":\"https:\\\/\\\/www.novotek.com\\\/ch\\\/fr\\\/industrie\\\/nergie\\\/\",\"url\":\"https:\\\/\\\/www.novotek.com\\\/ch\\\/fr\\\/industrie\\\/nergie\\\/\",\"name\":\"Solutions pour le secteur de l\u2019\u00e9nergie - Novotek Switzerland\",\"isPartOf\":{\"@id\":\"https:\\\/\\\/www.novotek.com\\\/ch\\\/#website\"},\"primaryImageOfPage\":{\"@id\":\"https:\\\/\\\/www.novotek.com\\\/ch\\\/fr\\\/industrie\\\/nergie\\\/#primaryimage\"},\"image\":{\"@id\":\"https:\\\/\\\/www.novotek.com\\\/ch\\\/fr\\\/industrie\\\/nergie\\\/#primaryimage\"},\"thumbnailUrl\":\"https:\\\/\\\/www.novotek.com\\\/ch\\\/wp-content\\\/uploads\\\/sites\\\/3\\\/2021\\\/Novotek_UK\\\/Industries\\\/Power_and_Energy\\\/fabio-comparelli-uq2E2V4LhCY-unsplash_duplex_cyan.png\",\"datePublished\":\"2023-01-05T10:23:17+00:00\",\"dateModified\":\"2023-02-24T14:08:37+00:00\",\"description\":\"Solutions d\u2019automatisation, de num\u00e9risation et IT de Novotek pour la production d\u2019\u00e9lectricit\u00e9, l\u2019\u00e9nergie \u00e9olienne, l\u2019\u00e9nergie hydraulique et l\u2019\u00e9nergie solaire.\",\"breadcrumb\":{\"@id\":\"https:\\\/\\\/www.novotek.com\\\/ch\\\/fr\\\/industrie\\\/nergie\\\/#breadcrumb\"},\"inLanguage\":\"fr-CH\",\"potentialAction\":[{\"@type\":\"ReadAction\",\"target\":[\"https:\\\/\\\/www.novotek.com\\\/ch\\\/fr\\\/industrie\\\/nergie\\\/\"]}]},{\"@type\":\"ImageObject\",\"inLanguage\":\"fr-CH\",\"@id\":\"https:\\\/\\\/www.novotek.com\\\/ch\\\/fr\\\/industrie\\\/nergie\\\/#primaryimage\",\"url\":\"https:\\\/\\\/www.novotek.com\\\/ch\\\/wp-content\\\/uploads\\\/sites\\\/3\\\/2021\\\/Novotek_UK\\\/Industries\\\/Power_and_Energy\\\/fabio-comparelli-uq2E2V4LhCY-unsplash_duplex_cyan.png\",\"contentUrl\":\"https:\\\/\\\/www.novotek.com\\\/ch\\\/wp-content\\\/uploads\\\/sites\\\/3\\\/2021\\\/Novotek_UK\\\/Industries\\\/Power_and_Energy\\\/fabio-comparelli-uq2E2V4LhCY-unsplash_duplex_cyan.png\",\"width\":2000,\"height\":625},{\"@type\":\"BreadcrumbList\",\"@id\":\"https:\\\/\\\/www.novotek.com\\\/ch\\\/fr\\\/industrie\\\/nergie\\\/#breadcrumb\",\"itemListElement\":[{\"@type\":\"ListItem\",\"position\":1,\"name\":\"Home\",\"item\":\"https:\\\/\\\/www.novotek.com\\\/ch\\\/fr\\\/\"},{\"@type\":\"ListItem\",\"position\":2,\"name\":\"Industrie\",\"item\":\"https:\\\/\\\/www.novotek.com\\\/ch\\\/fr\\\/industrie\\\/\"},{\"@type\":\"ListItem\",\"position\":3,\"name\":\"&Eacute;nergie\"}]},{\"@type\":\"WebSite\",\"@id\":\"https:\\\/\\\/www.novotek.com\\\/ch\\\/#website\",\"url\":\"https:\\\/\\\/www.novotek.com\\\/ch\\\/\",\"name\":\"Novotek Switzerland AG\",\"description\":\"Connect - Digitalize - Optimize\",\"publisher\":{\"@id\":\"https:\\\/\\\/www.novotek.com\\\/ch\\\/#organization\"},\"potentialAction\":[{\"@type\":\"SearchAction\",\"target\":{\"@type\":\"EntryPoint\",\"urlTemplate\":\"https:\\\/\\\/www.novotek.com\\\/ch\\\/?s={search_term_string}\"},\"query-input\":{\"@type\":\"PropertyValueSpecification\",\"valueRequired\":true,\"valueName\":\"search_term_string\"}}],\"inLanguage\":\"fr-CH\"},{\"@type\":\"Organization\",\"@id\":\"https:\\\/\\\/www.novotek.com\\\/ch\\\/#organization\",\"name\":\"Novotek Switzerland AG\",\"url\":\"https:\\\/\\\/www.novotek.com\\\/ch\\\/\",\"logo\":{\"@type\":\"ImageObject\",\"inLanguage\":\"fr-CH\",\"@id\":\"https:\\\/\\\/www.novotek.com\\\/ch\\\/#\\\/schema\\\/logo\\\/image\\\/\",\"url\":\"https:\\\/\\\/www.novotek.com\\\/ch\\\/wp-content\\\/uploads\\\/sites\\\/3\\\/novotek-symbol-rgb-pos-white-border-512x512-1.png\",\"contentUrl\":\"https:\\\/\\\/www.novotek.com\\\/ch\\\/wp-content\\\/uploads\\\/sites\\\/3\\\/novotek-symbol-rgb-pos-white-border-512x512-1.png\",\"width\":512,\"height\":512,\"caption\":\"Novotek Switzerland AG\"},\"image\":{\"@id\":\"https:\\\/\\\/www.novotek.com\\\/ch\\\/#\\\/schema\\\/logo\\\/image\\\/\"}}]}<\/script>\n<!-- \/ Yoast SEO plugin. -->","yoast_head_json":{"title":"Solutions pour le secteur de l\u2019\u00e9nergie - Novotek Switzerland","description":"Solutions d\u2019automatisation, de num\u00e9risation et IT de Novotek pour la production d\u2019\u00e9lectricit\u00e9, l\u2019\u00e9nergie \u00e9olienne, l\u2019\u00e9nergie hydraulique et l\u2019\u00e9nergie solaire.","robots":{"index":"index","follow":"follow","max-snippet":"max-snippet:-1","max-image-preview":"max-image-preview:large","max-video-preview":"max-video-preview:-1"},"canonical":"https:\/\/www.novotek.com\/ch\/fr\/industrie\/nergie\/","og_locale":"fr_FR","og_type":"article","og_title":"Solutions pour le secteur de l\u2019\u00e9nergie - Novotek Switzerland","og_description":"Solutions d\u2019automatisation, de num\u00e9risation et IT de Novotek pour la production d\u2019\u00e9lectricit\u00e9, l\u2019\u00e9nergie \u00e9olienne, l\u2019\u00e9nergie hydraulique et l\u2019\u00e9nergie solaire.","og_url":"https:\/\/www.novotek.com\/ch\/fr\/industrie\/nergie\/","og_site_name":"Novotek CH","article_modified_time":"2023-02-24T14:08:37+00:00","og_image":[{"width":2000,"height":625,"url":"https:\/\/www.novotek.com\/ch\/wp-content\/uploads\/sites\/3\/2021\/Novotek_UK\/Industries\/Power_and_Energy\/fabio-comparelli-uq2E2V4LhCY-unsplash_duplex_cyan.png","type":"image\/png"}],"twitter_card":"summary_large_image","twitter_misc":{"Est. reading time":"4 minutes"},"schema":{"@context":"https:\/\/schema.org","@graph":[{"@type":"WebPage","@id":"https:\/\/www.novotek.com\/ch\/fr\/industrie\/nergie\/","url":"https:\/\/www.novotek.com\/ch\/fr\/industrie\/nergie\/","name":"Solutions pour le secteur de l\u2019\u00e9nergie - Novotek Switzerland","isPartOf":{"@id":"https:\/\/www.novotek.com\/ch\/#website"},"primaryImageOfPage":{"@id":"https:\/\/www.novotek.com\/ch\/fr\/industrie\/nergie\/#primaryimage"},"image":{"@id":"https:\/\/www.novotek.com\/ch\/fr\/industrie\/nergie\/#primaryimage"},"thumbnailUrl":"https:\/\/www.novotek.com\/ch\/wp-content\/uploads\/sites\/3\/2021\/Novotek_UK\/Industries\/Power_and_Energy\/fabio-comparelli-uq2E2V4LhCY-unsplash_duplex_cyan.png","datePublished":"2023-01-05T10:23:17+00:00","dateModified":"2023-02-24T14:08:37+00:00","description":"Solutions d\u2019automatisation, de num\u00e9risation et IT de Novotek pour la production d\u2019\u00e9lectricit\u00e9, l\u2019\u00e9nergie \u00e9olienne, l\u2019\u00e9nergie hydraulique et l\u2019\u00e9nergie solaire.","breadcrumb":{"@id":"https:\/\/www.novotek.com\/ch\/fr\/industrie\/nergie\/#breadcrumb"},"inLanguage":"fr-CH","potentialAction":[{"@type":"ReadAction","target":["https:\/\/www.novotek.com\/ch\/fr\/industrie\/nergie\/"]}]},{"@type":"ImageObject","inLanguage":"fr-CH","@id":"https:\/\/www.novotek.com\/ch\/fr\/industrie\/nergie\/#primaryimage","url":"https:\/\/www.novotek.com\/ch\/wp-content\/uploads\/sites\/3\/2021\/Novotek_UK\/Industries\/Power_and_Energy\/fabio-comparelli-uq2E2V4LhCY-unsplash_duplex_cyan.png","contentUrl":"https:\/\/www.novotek.com\/ch\/wp-content\/uploads\/sites\/3\/2021\/Novotek_UK\/Industries\/Power_and_Energy\/fabio-comparelli-uq2E2V4LhCY-unsplash_duplex_cyan.png","width":2000,"height":625},{"@type":"BreadcrumbList","@id":"https:\/\/www.novotek.com\/ch\/fr\/industrie\/nergie\/#breadcrumb","itemListElement":[{"@type":"ListItem","position":1,"name":"Home","item":"https:\/\/www.novotek.com\/ch\/fr\/"},{"@type":"ListItem","position":2,"name":"Industrie","item":"https:\/\/www.novotek.com\/ch\/fr\/industrie\/"},{"@type":"ListItem","position":3,"name":"&Eacute;nergie"}]},{"@type":"WebSite","@id":"https:\/\/www.novotek.com\/ch\/#website","url":"https:\/\/www.novotek.com\/ch\/","name":"Novotek Switzerland AG","description":"Connect - Digitalize - Optimize","publisher":{"@id":"https:\/\/www.novotek.com\/ch\/#organization"},"potentialAction":[{"@type":"SearchAction","target":{"@type":"EntryPoint","urlTemplate":"https:\/\/www.novotek.com\/ch\/?s={search_term_string}"},"query-input":{"@type":"PropertyValueSpecification","valueRequired":true,"valueName":"search_term_string"}}],"inLanguage":"fr-CH"},{"@type":"Organization","@id":"https:\/\/www.novotek.com\/ch\/#organization","name":"Novotek Switzerland AG","url":"https:\/\/www.novotek.com\/ch\/","logo":{"@type":"ImageObject","inLanguage":"fr-CH","@id":"https:\/\/www.novotek.com\/ch\/#\/schema\/logo\/image\/","url":"https:\/\/www.novotek.com\/ch\/wp-content\/uploads\/sites\/3\/novotek-symbol-rgb-pos-white-border-512x512-1.png","contentUrl":"https:\/\/www.novotek.com\/ch\/wp-content\/uploads\/sites\/3\/novotek-symbol-rgb-pos-white-border-512x512-1.png","width":512,"height":512,"caption":"Novotek Switzerland AG"},"image":{"@id":"https:\/\/www.novotek.com\/ch\/#\/schema\/logo\/image\/"}}]}},"_links":{"self":[{"href":"https:\/\/www.novotek.com\/ch\/fr\/wp-json\/wp\/v2\/pages\/13543","targetHints":{"allow":["GET"]}}],"collection":[{"href":"https:\/\/www.novotek.com\/ch\/fr\/wp-json\/wp\/v2\/pages"}],"about":[{"href":"https:\/\/www.novotek.com\/ch\/fr\/wp-json\/wp\/v2\/types\/page"}],"author":[{"embeddable":true,"href":"https:\/\/www.novotek.com\/ch\/fr\/wp-json\/wp\/v2\/users\/15"}],"replies":[{"embeddable":true,"href":"https:\/\/www.novotek.com\/ch\/fr\/wp-json\/wp\/v2\/comments?post=13543"}],"version-history":[{"count":11,"href":"https:\/\/www.novotek.com\/ch\/fr\/wp-json\/wp\/v2\/pages\/13543\/revisions"}],"predecessor-version":[{"id":15220,"href":"https:\/\/www.novotek.com\/ch\/fr\/wp-json\/wp\/v2\/pages\/13543\/revisions\/15220"}],"up":[{"embeddable":true,"href":"https:\/\/www.novotek.com\/ch\/fr\/wp-json\/wp\/v2\/pages\/13545"}],"wp:featuredmedia":[{"embeddable":true,"href":"https:\/\/www.novotek.com\/ch\/fr\/wp-json\/wp\/v2\/media\/5583"}],"wp:attachment":[{"href":"https:\/\/www.novotek.com\/ch\/fr\/wp-json\/wp\/v2\/media?parent=13543"}],"curies":[{"name":"wp","href":"https:\/\/api.w.org\/{rel}","templated":true}]}}