{"id":13545,"date":"2023-01-05T10:23:20","date_gmt":"2023-01-05T10:23:20","guid":{"rendered":"https:\/\/www.novotek.com\/ch\/industrie\/"},"modified":"2024-02-12T15:42:47","modified_gmt":"2024-02-12T15:42:47","slug":"industrie","status":"publish","type":"page","link":"https:\/\/www.novotek.com\/ch\/fr\/industrie\/","title":{"rendered":"Industrie"},"content":{"rendered":"  <div class=\"hero\">\n    <div class=\"carousel hero-slider small\" data-flickity data-flickity-options='{\"prevNextButtons\": false}'>\n              <div class=\"carousel-cell\">\n          <div class=\"container\">\n            <div class=\"hero-content\">\n                              <h1>Solutions pour votre industrie<\/h1>\n<p>Nous fournissons des produits, des solutions de num\u00e9risation et des services adapt\u00e9s aux besoins de nos clients issus de diff\u00e9rents secteurs industriels.<\/p>\n              \n                          <\/div>\n          <\/div>\n\n          <img decoding=\"async\" width=\"1024\" height=\"427\" src=\"https:\/\/www.novotek.com\/ch\/wp-content\/uploads\/sites\/3\/Industries_header_NEW-1024x427.jpg.webp\" class=\"hero-bg\" alt=\"Hero Img\" fetchpriority=\"high\" srcset=\"https:\/\/www.novotek.com\/ch\/wp-content\/uploads\/sites\/3\/Industries_header_NEW-1024x427.jpg.webp 1024w, https:\/\/www.novotek.com\/ch\/wp-content\/uploads\/sites\/3\/Industries_header_NEW-300x125.jpg.webp 300w, https:\/\/www.novotek.com\/ch\/wp-content\/uploads\/sites\/3\/Industries_header_NEW-768x320.jpg.webp 768w, https:\/\/www.novotek.com\/ch\/wp-content\/uploads\/sites\/3\/Industries_header_NEW-1536x640.jpg.webp 1536w, https:\/\/www.novotek.com\/ch\/wp-content\/uploads\/sites\/3\/Industries_header_NEW.jpg.webp 1920w\" sizes=\"(max-width: 1024px) 100vw, 1024px\" \/>                  <\/div>\n          <\/div>\n\n      <\/div>\n\n   \n\n\n<div class=\"container-md spacer  \">\n<div style=\"height:30px\" aria-hidden=\"true\" class=\"wp-block-spacer\"><\/div>\n<\/div>\n\n<div class=\"posts-columns \">\n  <div class=\"container\">\n  <div class=\"row\">\n    <div class=\"col-12 col-md-4\">\n<article class=\"basic \">\n    <div class=\"image\">\n      <a href=\"https:\/\/www.novotek.com\/ch\/fr\/industrie\/produits-alimentaires-boissons\/\">\n                  <img loading=\"lazy\" decoding=\"async\" width=\"1920\" height=\"800\" src=\"https:\/\/www.novotek.com\/ch\/wp-content\/uploads\/sites\/3\/2021\/Novotek_UK\/Industries\/Food_and_beverage_CPG\/crystal-jo-t1q06vFOOmo-unsplash_duplex_cyan.png\" class=\"attachment-post-thumbnail size-post-thumbnail wp-post-image\" alt=\"\" srcset=\"https:\/\/www.novotek.com\/ch\/wp-content\/uploads\/sites\/3\/2021\/Novotek_UK\/Industries\/Food_and_beverage_CPG\/crystal-jo-t1q06vFOOmo-unsplash_duplex_cyan.png 1920w, https:\/\/www.novotek.com\/ch\/wp-content\/uploads\/sites\/3\/2021\/Novotek_UK\/Industries\/Food_and_beverage_CPG\/crystal-jo-t1q06vFOOmo-unsplash_duplex_cyan-300x125.png 300w, https:\/\/www.novotek.com\/ch\/wp-content\/uploads\/sites\/3\/2021\/Novotek_UK\/Industries\/Food_and_beverage_CPG\/crystal-jo-t1q06vFOOmo-unsplash_duplex_cyan-1024x427.png 1024w, https:\/\/www.novotek.com\/ch\/wp-content\/uploads\/sites\/3\/2021\/Novotek_UK\/Industries\/Food_and_beverage_CPG\/crystal-jo-t1q06vFOOmo-unsplash_duplex_cyan-768x320.png 768w, https:\/\/www.novotek.com\/ch\/wp-content\/uploads\/sites\/3\/2021\/Novotek_UK\/Industries\/Food_and_beverage_CPG\/crystal-jo-t1q06vFOOmo-unsplash_duplex_cyan-1536x640.png 1536w\" sizes=\"auto, (max-width: 1920px) 100vw, 1920px\" \/>              <\/a>\n    <\/div>\n\n    <div>\n              <h4>Produits alimentaires &amp; boissons<\/h4>\n      \n              <p>Les solutions de pointe de Novotek pour l&rsquo;automatisation et la gestion de la production vous permettent d&rsquo;exploiter le potentiel cach&eacute; de vos op&eacute;rations.<\/p>\n      \n      <div>\n        <a href=\"https:\/\/www.novotek.com\/ch\/fr\/industrie\/produits-alimentaires-boissons\/\">\n          Lire plus        <\/a>\n      <\/div>\n    <\/div>\n<\/article>\n<\/div><div class=\"col-12 col-md-4\">\n<article class=\"basic \">\n    <div class=\"image\">\n      <a href=\"https:\/\/www.novotek.com\/ch\/fr\/industrie\/nergie\/\">\n                  <img loading=\"lazy\" decoding=\"async\" width=\"2000\" height=\"625\" src=\"https:\/\/www.novotek.com\/ch\/wp-content\/uploads\/sites\/3\/2021\/Novotek_UK\/Industries\/Power_and_Energy\/fabio-comparelli-uq2E2V4LhCY-unsplash_duplex_cyan.png\" class=\"attachment-post-thumbnail size-post-thumbnail wp-post-image\" alt=\"\" srcset=\"https:\/\/www.novotek.com\/ch\/wp-content\/uploads\/sites\/3\/2021\/Novotek_UK\/Industries\/Power_and_Energy\/fabio-comparelli-uq2E2V4LhCY-unsplash_duplex_cyan.png 2000w, https:\/\/www.novotek.com\/ch\/wp-content\/uploads\/sites\/3\/2021\/Novotek_UK\/Industries\/Power_and_Energy\/fabio-comparelli-uq2E2V4LhCY-unsplash_duplex_cyan-300x94.png 300w, https:\/\/www.novotek.com\/ch\/wp-content\/uploads\/sites\/3\/2021\/Novotek_UK\/Industries\/Power_and_Energy\/fabio-comparelli-uq2E2V4LhCY-unsplash_duplex_cyan-1024x320.png 1024w, https:\/\/www.novotek.com\/ch\/wp-content\/uploads\/sites\/3\/2021\/Novotek_UK\/Industries\/Power_and_Energy\/fabio-comparelli-uq2E2V4LhCY-unsplash_duplex_cyan-768x240.png 768w, https:\/\/www.novotek.com\/ch\/wp-content\/uploads\/sites\/3\/2021\/Novotek_UK\/Industries\/Power_and_Energy\/fabio-comparelli-uq2E2V4LhCY-unsplash_duplex_cyan-1536x480.png 1536w\" sizes=\"auto, (max-width: 2000px) 100vw, 2000px\" \/>              <\/a>\n    <\/div>\n\n    <div>\n              <h4>&Eacute;nergie<\/h4>\n      \n              <p>Nous fournissons nos solutions d&rsquo;automatisation, de num&eacute;risation et d&rsquo;informatique pour la production d&rsquo;&eacute;lectricit&eacute;, le chauffage urbain, le refroidissement urbain, l&rsquo;&eacute;nergie &eacute;olienne, l&rsquo;&eacute;nergie hydraulique et l&rsquo;&eacute;nergie solaire.<\/p>\n      \n      <div>\n        <a href=\"https:\/\/www.novotek.com\/ch\/fr\/industrie\/nergie\/\">\n          Lire plus        <\/a>\n      <\/div>\n    <\/div>\n<\/article>\n<\/div><div class=\"col-12 col-md-4\">\n<article class=\"basic \">\n    <div class=\"image\">\n      <a href=\"https:\/\/www.novotek.com\/ch\/fr\/industrie\/pharmacie-biotechnologie\/\">\n                  <img loading=\"lazy\" decoding=\"async\" width=\"1920\" height=\"800\" src=\"https:\/\/www.novotek.com\/ch\/wp-content\/uploads\/sites\/3\/shutterstock_1268263651_ROB-EX_mock-up-Duplex_cyan_1920x800px_NEW.jpg.webp\" class=\"attachment-post-thumbnail size-post-thumbnail wp-post-image\" alt=\"\" srcset=\"https:\/\/www.novotek.com\/ch\/wp-content\/uploads\/sites\/3\/shutterstock_1268263651_ROB-EX_mock-up-Duplex_cyan_1920x800px_NEW.jpg.webp 1920w, https:\/\/www.novotek.com\/ch\/wp-content\/uploads\/sites\/3\/shutterstock_1268263651_ROB-EX_mock-up-Duplex_cyan_1920x800px_NEW-300x125.jpg.webp 300w, https:\/\/www.novotek.com\/ch\/wp-content\/uploads\/sites\/3\/shutterstock_1268263651_ROB-EX_mock-up-Duplex_cyan_1920x800px_NEW-1024x427.jpg.webp 1024w, https:\/\/www.novotek.com\/ch\/wp-content\/uploads\/sites\/3\/shutterstock_1268263651_ROB-EX_mock-up-Duplex_cyan_1920x800px_NEW-768x320.jpg.webp 768w, https:\/\/www.novotek.com\/ch\/wp-content\/uploads\/sites\/3\/shutterstock_1268263651_ROB-EX_mock-up-Duplex_cyan_1920x800px_NEW-1536x640.jpg.webp 1536w\" sizes=\"auto, (max-width: 1920px) 100vw, 1920px\" \/>              <\/a>\n    <\/div>\n\n    <div>\n              <h4>Pharmacie &amp; biotechnologie<\/h4>\n      \n              <p>L&rsquo;industrie pharmaceutique est un des secteurs dans lesquels nous &oelig;uvrons de longue date. Nous livrons des solutions certifi&eacute;es 21 CFR Part 11 avec des modules de tra&ccedil;abilit&eacute;, de signature &eacute;lectronique, de s&eacute;curit&eacute; et des outils de reporting.<\/p>\n      \n      <div>\n        <a href=\"https:\/\/www.novotek.com\/ch\/fr\/industrie\/pharmacie-biotechnologie\/\">\n          Lire plus        <\/a>\n      <\/div>\n    <\/div>\n<\/article>\n<\/div><div class=\"col-12 col-md-4\">\n<article class=\"basic \">\n    <div class=\"image\">\n      <a href=\"https:\/\/www.novotek.com\/ch\/fr\/industrie\/technique-environnementale\/\">\n                  <img loading=\"lazy\" decoding=\"async\" width=\"1920\" height=\"800\" src=\"https:\/\/www.novotek.com\/ch\/wp-content\/uploads\/sites\/3\/2021\/Novotek_UK\/Industries\/Water_and_wastewater\/Water_and_wastewater_1920x800.jpg\" class=\"attachment-post-thumbnail size-post-thumbnail wp-post-image\" alt=\"\" srcset=\"https:\/\/www.novotek.com\/ch\/wp-content\/uploads\/sites\/3\/2021\/Novotek_UK\/Industries\/Water_and_wastewater\/Water_and_wastewater_1920x800.jpg 1920w, https:\/\/www.novotek.com\/ch\/wp-content\/uploads\/sites\/3\/2021\/Novotek_UK\/Industries\/Water_and_wastewater\/Water_and_wastewater_1920x800-300x125.jpg 300w, https:\/\/www.novotek.com\/ch\/wp-content\/uploads\/sites\/3\/2021\/Novotek_UK\/Industries\/Water_and_wastewater\/Water_and_wastewater_1920x800-1024x427.jpg 1024w, https:\/\/www.novotek.com\/ch\/wp-content\/uploads\/sites\/3\/2021\/Novotek_UK\/Industries\/Water_and_wastewater\/Water_and_wastewater_1920x800-768x320.jpg 768w, https:\/\/www.novotek.com\/ch\/wp-content\/uploads\/sites\/3\/2021\/Novotek_UK\/Industries\/Water_and_wastewater\/Water_and_wastewater_1920x800-1536x640.jpg 1536w\" sizes=\"auto, (max-width: 1920px) 100vw, 1920px\" \/>              <\/a>\n    <\/div>\n\n    <div>\n              <h4>Technique environnementale<\/h4>\n      \n              <p>Les technologies d&rsquo;automatisation et logicielles de pointe conf&egrave;rent davantage d&rsquo;efficacit&eacute; et de durabilit&eacute; &agrave; votre station d&rsquo;&eacute;puration et de distribution d&rsquo;eau.<\/p>\n      \n      <div>\n        <a href=\"https:\/\/www.novotek.com\/ch\/fr\/industrie\/technique-environnementale\/\">\n          Lire plus        <\/a>\n      <\/div>\n    <\/div>\n<\/article>\n<\/div><div class=\"col-12 col-md-4\">\n<article class=\"basic \">\n    <div class=\"image\">\n      <a href=\"https:\/\/www.novotek.com\/ch\/fr\/industrie\/chimie\/\">\n                  <img loading=\"lazy\" decoding=\"async\" width=\"1920\" height=\"800\" src=\"https:\/\/www.novotek.com\/ch\/wp-content\/uploads\/sites\/3\/2021\/Novotek_UK\/Industries\/Petroleum_Gas_Chemicals\/Novotek_header_1920x800px.jpg.webp\" class=\"attachment-post-thumbnail size-post-thumbnail wp-post-image\" alt=\"\" srcset=\"https:\/\/www.novotek.com\/ch\/wp-content\/uploads\/sites\/3\/2021\/Novotek_UK\/Industries\/Petroleum_Gas_Chemicals\/Novotek_header_1920x800px.jpg.webp 1920w, https:\/\/www.novotek.com\/ch\/wp-content\/uploads\/sites\/3\/2021\/Novotek_UK\/Industries\/Petroleum_Gas_Chemicals\/Novotek_header_1920x800px-300x125.jpg.webp 300w, https:\/\/www.novotek.com\/ch\/wp-content\/uploads\/sites\/3\/2021\/Novotek_UK\/Industries\/Petroleum_Gas_Chemicals\/Novotek_header_1920x800px-1024x427.jpg.webp 1024w, https:\/\/www.novotek.com\/ch\/wp-content\/uploads\/sites\/3\/2021\/Novotek_UK\/Industries\/Petroleum_Gas_Chemicals\/Novotek_header_1920x800px-768x320.jpg.webp 768w, https:\/\/www.novotek.com\/ch\/wp-content\/uploads\/sites\/3\/2021\/Novotek_UK\/Industries\/Petroleum_Gas_Chemicals\/Novotek_header_1920x800px-1536x640.jpg.webp 1536w\" sizes=\"auto, (max-width: 1920px) 100vw, 1920px\" \/>              <\/a>\n    <\/div>\n\n    <div>\n              <h4>Chimie<\/h4>\n      \n              <p>Dans le domaine de l\u2019industrie chimique, nous fournissons avant tout des solutions pour la num\u00e9risation de la gestion de la production. Nos solutions compl\u00e8tes collectent, enregistrent et visualisent ainsi les donn\u00e9es actuelles et historiques.<\/p>\n      \n      <div>\n        <a href=\"https:\/\/www.novotek.com\/ch\/fr\/industrie\/chimie\/\">\n          Lire plus        <\/a>\n      <\/div>\n    <\/div>\n<\/article>\n<\/div><div class=\"col-12 col-md-4\">\n<article class=\"basic \">\n    <div class=\"image\">\n      <a href=\"https:\/\/www.novotek.com\/ch\/fr\/industrie\/autres-secteurs\/\">\n                  <img loading=\"lazy\" decoding=\"async\" width=\"1247\" height=\"798\" src=\"https:\/\/www.novotek.com\/ch\/wp-content\/uploads\/sites\/3\/2021\/Novotek_UK\/Industries\/Manufacturing\/Novotek_manufacturing_duplex_cyan-e1629983469674.jpg\" class=\"attachment-post-thumbnail size-post-thumbnail wp-post-image\" alt=\"\" srcset=\"https:\/\/www.novotek.com\/ch\/wp-content\/uploads\/sites\/3\/2021\/Novotek_UK\/Industries\/Manufacturing\/Novotek_manufacturing_duplex_cyan-e1629983469674.jpg 1247w, https:\/\/www.novotek.com\/ch\/wp-content\/uploads\/sites\/3\/2021\/Novotek_UK\/Industries\/Manufacturing\/Novotek_manufacturing_duplex_cyan-e1629983469674-300x192.jpg 300w, https:\/\/www.novotek.com\/ch\/wp-content\/uploads\/sites\/3\/2021\/Novotek_UK\/Industries\/Manufacturing\/Novotek_manufacturing_duplex_cyan-e1629983469674-1024x655.jpg 1024w, https:\/\/www.novotek.com\/ch\/wp-content\/uploads\/sites\/3\/2021\/Novotek_UK\/Industries\/Manufacturing\/Novotek_manufacturing_duplex_cyan-e1629983469674-768x491.jpg 768w\" sizes=\"auto, (max-width: 1247px) 100vw, 1247px\" \/>              <\/a>\n    <\/div>\n\n    <div>\n              <h4>Autres secteurs<\/h4>\n      \n              <p>Au cours des 35 derni\u00e8res ann\u00e9es, Novotek a d\u00e9velopp\u00e9 des solutions sp\u00e9cialement adapt\u00e9es \u00e0 un grand nombre de secteurs diff\u00e9rents. Nous avons l&#8217;expertise qui est particuli\u00e8rement importante pour votre entreprise.<\/p>\n      \n      <div>\n        <a href=\"https:\/\/www.novotek.com\/ch\/fr\/industrie\/autres-secteurs\/\">\n          Lire plus        <\/a>\n      <\/div>\n    <\/div>\n<\/article>\n<\/div>  <\/div>\n\n  <\/div><\/div>\n\n\n<div class=\"container-md spacer  \">\n<div style=\"height:30px\" aria-hidden=\"true\" class=\"wp-block-spacer\"><\/div>\n<\/div>\n\n<div class=\"cta-block\">\n  <div class=\"container\">\n          <h2>Nous serons heureux de vous en dire plus !<\/h2>\n    \n          <div><p>cProfitez de notre expertise et venez chercher chez nous les informations sur la transformation num\u00e9rique, l&#8217;automatisation ou l&#8217;informatique industrielle.<\/p>\n<\/div>\n    \n          <a class=\"btn btn-primary\" href=\"https:\/\/www.novotek.com\/ch\/fr\/contactez-nous\/\">Contactez-nous<\/a>\n      <\/div>\n<\/div>\n","protected":false},"excerpt":{"rendered":"<p>Nous livrons des produits, des solutions de num\u00e9risation et des prestations de service parfaitement adapt\u00e9s aux besoins de nos clients.<\/p>\n","protected":false},"author":8,"featured_media":5589,"parent":0,"menu_order":1,"comment_status":"closed","ping_status":"closed","template":"","meta":{"_acf_changed":false,"_relevanssi_hide_post":"","_relevanssi_pin_for_all":"","_relevanssi_pin_keywords":"","_relevanssi_unpin_keywords":"","_relevanssi_related_keywords":"","_relevanssi_related_include_ids":"","_relevanssi_related_exclude_ids":"","_relevanssi_related_no_append":"","_relevanssi_related_not_related":"","_relevanssi_related_posts":"11778,11944,12409,12766,12884,13565","_relevanssi_noindex_reason":"","content-type":"","footnotes":""},"class_list":["post-13545","page","type-page","status-publish","has-post-thumbnail","hentry"],"acf":[],"yoast_head":"<!-- This site is optimized with the Yoast SEO plugin v27.4 - https:\/\/yoast.com\/product\/yoast-seo-wordpress\/ -->\n<title>Solutions pour votre industrie - Novotek<\/title>\n<meta name=\"description\" content=\"Nous livrons des produits, des solutions de num\u00e9risation et des prestations de service parfaitement adapt\u00e9s aux besoins de nos clients.\" \/>\n<meta name=\"robots\" content=\"index, follow, max-snippet:-1, max-image-preview:large, max-video-preview:-1\" \/>\n<link rel=\"canonical\" href=\"https:\/\/www.novotek.com\/ch\/fr\/industrie\/\" \/>\n<meta property=\"og:locale\" content=\"fr_FR\" \/>\n<meta property=\"og:type\" content=\"article\" \/>\n<meta property=\"og:title\" content=\"Solutions pour votre industrie - Novotek\" \/>\n<meta property=\"og:description\" content=\"Nous livrons des produits, des solutions de num\u00e9risation et des prestations de service parfaitement adapt\u00e9s aux besoins de nos clients.\" \/>\n<meta property=\"og:url\" content=\"https:\/\/www.novotek.com\/ch\/fr\/industrie\/\" \/>\n<meta property=\"og:site_name\" content=\"Novotek CH\" \/>\n<meta property=\"article:modified_time\" content=\"2024-02-12T15:42:47+00:00\" \/>\n<meta property=\"og:image\" content=\"https:\/\/www.novotek.com\/ch\/wp-content\/uploads\/sites\/3\/3column_card_450x300px-7.png\" \/>\n\t<meta property=\"og:image:width\" content=\"450\" \/>\n\t<meta property=\"og:image:height\" content=\"300\" \/>\n\t<meta property=\"og:image:type\" content=\"image\/png\" \/>\n<meta name=\"twitter:card\" content=\"summary_large_image\" \/>\n<meta name=\"twitter:label1\" content=\"Est. reading time\" \/>\n\t<meta name=\"twitter:data1\" content=\"1 minute\" \/>\n<script type=\"application\/ld+json\" class=\"yoast-schema-graph\">{\"@context\":\"https:\\\/\\\/schema.org\",\"@graph\":[{\"@type\":\"WebPage\",\"@id\":\"https:\\\/\\\/www.novotek.com\\\/ch\\\/fr\\\/industrie\\\/\",\"url\":\"https:\\\/\\\/www.novotek.com\\\/ch\\\/fr\\\/industrie\\\/\",\"name\":\"Solutions pour votre industrie - Novotek\",\"isPartOf\":{\"@id\":\"https:\\\/\\\/www.novotek.com\\\/ch\\\/#website\"},\"primaryImageOfPage\":{\"@id\":\"https:\\\/\\\/www.novotek.com\\\/ch\\\/fr\\\/industrie\\\/#primaryimage\"},\"image\":{\"@id\":\"https:\\\/\\\/www.novotek.com\\\/ch\\\/fr\\\/industrie\\\/#primaryimage\"},\"thumbnailUrl\":\"https:\\\/\\\/www.novotek.com\\\/ch\\\/wp-content\\\/uploads\\\/sites\\\/3\\\/3column_card_450x300px-7.png.webp\",\"datePublished\":\"2023-01-05T10:23:20+00:00\",\"dateModified\":\"2024-02-12T15:42:47+00:00\",\"description\":\"Nous livrons des produits, des solutions de num\u00e9risation et des prestations de service parfaitement adapt\u00e9s aux besoins de nos clients.\",\"breadcrumb\":{\"@id\":\"https:\\\/\\\/www.novotek.com\\\/ch\\\/fr\\\/industrie\\\/#breadcrumb\"},\"inLanguage\":\"fr-CH\",\"potentialAction\":[{\"@type\":\"ReadAction\",\"target\":[\"https:\\\/\\\/www.novotek.com\\\/ch\\\/fr\\\/industrie\\\/\"]}]},{\"@type\":\"ImageObject\",\"inLanguage\":\"fr-CH\",\"@id\":\"https:\\\/\\\/www.novotek.com\\\/ch\\\/fr\\\/industrie\\\/#primaryimage\",\"url\":\"https:\\\/\\\/www.novotek.com\\\/ch\\\/wp-content\\\/uploads\\\/sites\\\/3\\\/3column_card_450x300px-7.png.webp\",\"contentUrl\":\"https:\\\/\\\/www.novotek.com\\\/ch\\\/wp-content\\\/uploads\\\/sites\\\/3\\\/3column_card_450x300px-7.png.webp\",\"width\":450,\"height\":300},{\"@type\":\"BreadcrumbList\",\"@id\":\"https:\\\/\\\/www.novotek.com\\\/ch\\\/fr\\\/industrie\\\/#breadcrumb\",\"itemListElement\":[{\"@type\":\"ListItem\",\"position\":1,\"name\":\"Home\",\"item\":\"https:\\\/\\\/www.novotek.com\\\/ch\\\/fr\\\/\"},{\"@type\":\"ListItem\",\"position\":2,\"name\":\"Industrie\"}]},{\"@type\":\"WebSite\",\"@id\":\"https:\\\/\\\/www.novotek.com\\\/ch\\\/#website\",\"url\":\"https:\\\/\\\/www.novotek.com\\\/ch\\\/\",\"name\":\"Novotek Switzerland AG\",\"description\":\"Connect - Digitalize - Optimize\",\"publisher\":{\"@id\":\"https:\\\/\\\/www.novotek.com\\\/ch\\\/#organization\"},\"potentialAction\":[{\"@type\":\"SearchAction\",\"target\":{\"@type\":\"EntryPoint\",\"urlTemplate\":\"https:\\\/\\\/www.novotek.com\\\/ch\\\/?s={search_term_string}\"},\"query-input\":{\"@type\":\"PropertyValueSpecification\",\"valueRequired\":true,\"valueName\":\"search_term_string\"}}],\"inLanguage\":\"fr-CH\"},{\"@type\":\"Organization\",\"@id\":\"https:\\\/\\\/www.novotek.com\\\/ch\\\/#organization\",\"name\":\"Novotek Switzerland AG\",\"url\":\"https:\\\/\\\/www.novotek.com\\\/ch\\\/\",\"logo\":{\"@type\":\"ImageObject\",\"inLanguage\":\"fr-CH\",\"@id\":\"https:\\\/\\\/www.novotek.com\\\/ch\\\/#\\\/schema\\\/logo\\\/image\\\/\",\"url\":\"https:\\\/\\\/www.novotek.com\\\/ch\\\/wp-content\\\/uploads\\\/sites\\\/3\\\/novotek-symbol-rgb-pos-white-border-512x512-1.png\",\"contentUrl\":\"https:\\\/\\\/www.novotek.com\\\/ch\\\/wp-content\\\/uploads\\\/sites\\\/3\\\/novotek-symbol-rgb-pos-white-border-512x512-1.png\",\"width\":512,\"height\":512,\"caption\":\"Novotek Switzerland AG\"},\"image\":{\"@id\":\"https:\\\/\\\/www.novotek.com\\\/ch\\\/#\\\/schema\\\/logo\\\/image\\\/\"}}]}<\/script>\n<!-- \/ Yoast SEO plugin. -->","yoast_head_json":{"title":"Solutions pour votre industrie - Novotek","description":"Nous livrons des produits, des solutions de num\u00e9risation et des prestations de service parfaitement adapt\u00e9s aux besoins de nos clients.","robots":{"index":"index","follow":"follow","max-snippet":"max-snippet:-1","max-image-preview":"max-image-preview:large","max-video-preview":"max-video-preview:-1"},"canonical":"https:\/\/www.novotek.com\/ch\/fr\/industrie\/","og_locale":"fr_FR","og_type":"article","og_title":"Solutions pour votre industrie - Novotek","og_description":"Nous livrons des produits, des solutions de num\u00e9risation et des prestations de service parfaitement adapt\u00e9s aux besoins de nos clients.","og_url":"https:\/\/www.novotek.com\/ch\/fr\/industrie\/","og_site_name":"Novotek CH","article_modified_time":"2024-02-12T15:42:47+00:00","og_image":[{"width":450,"height":300,"url":"https:\/\/www.novotek.com\/ch\/wp-content\/uploads\/sites\/3\/3column_card_450x300px-7.png","type":"image\/png"}],"twitter_card":"summary_large_image","twitter_misc":{"Est. reading time":"1 minute"},"schema":{"@context":"https:\/\/schema.org","@graph":[{"@type":"WebPage","@id":"https:\/\/www.novotek.com\/ch\/fr\/industrie\/","url":"https:\/\/www.novotek.com\/ch\/fr\/industrie\/","name":"Solutions pour votre industrie - Novotek","isPartOf":{"@id":"https:\/\/www.novotek.com\/ch\/#website"},"primaryImageOfPage":{"@id":"https:\/\/www.novotek.com\/ch\/fr\/industrie\/#primaryimage"},"image":{"@id":"https:\/\/www.novotek.com\/ch\/fr\/industrie\/#primaryimage"},"thumbnailUrl":"https:\/\/www.novotek.com\/ch\/wp-content\/uploads\/sites\/3\/3column_card_450x300px-7.png.webp","datePublished":"2023-01-05T10:23:20+00:00","dateModified":"2024-02-12T15:42:47+00:00","description":"Nous livrons des produits, des solutions de num\u00e9risation et des prestations de service parfaitement adapt\u00e9s aux besoins de nos clients.","breadcrumb":{"@id":"https:\/\/www.novotek.com\/ch\/fr\/industrie\/#breadcrumb"},"inLanguage":"fr-CH","potentialAction":[{"@type":"ReadAction","target":["https:\/\/www.novotek.com\/ch\/fr\/industrie\/"]}]},{"@type":"ImageObject","inLanguage":"fr-CH","@id":"https:\/\/www.novotek.com\/ch\/fr\/industrie\/#primaryimage","url":"https:\/\/www.novotek.com\/ch\/wp-content\/uploads\/sites\/3\/3column_card_450x300px-7.png.webp","contentUrl":"https:\/\/www.novotek.com\/ch\/wp-content\/uploads\/sites\/3\/3column_card_450x300px-7.png.webp","width":450,"height":300},{"@type":"BreadcrumbList","@id":"https:\/\/www.novotek.com\/ch\/fr\/industrie\/#breadcrumb","itemListElement":[{"@type":"ListItem","position":1,"name":"Home","item":"https:\/\/www.novotek.com\/ch\/fr\/"},{"@type":"ListItem","position":2,"name":"Industrie"}]},{"@type":"WebSite","@id":"https:\/\/www.novotek.com\/ch\/#website","url":"https:\/\/www.novotek.com\/ch\/","name":"Novotek Switzerland AG","description":"Connect - Digitalize - Optimize","publisher":{"@id":"https:\/\/www.novotek.com\/ch\/#organization"},"potentialAction":[{"@type":"SearchAction","target":{"@type":"EntryPoint","urlTemplate":"https:\/\/www.novotek.com\/ch\/?s={search_term_string}"},"query-input":{"@type":"PropertyValueSpecification","valueRequired":true,"valueName":"search_term_string"}}],"inLanguage":"fr-CH"},{"@type":"Organization","@id":"https:\/\/www.novotek.com\/ch\/#organization","name":"Novotek Switzerland AG","url":"https:\/\/www.novotek.com\/ch\/","logo":{"@type":"ImageObject","inLanguage":"fr-CH","@id":"https:\/\/www.novotek.com\/ch\/#\/schema\/logo\/image\/","url":"https:\/\/www.novotek.com\/ch\/wp-content\/uploads\/sites\/3\/novotek-symbol-rgb-pos-white-border-512x512-1.png","contentUrl":"https:\/\/www.novotek.com\/ch\/wp-content\/uploads\/sites\/3\/novotek-symbol-rgb-pos-white-border-512x512-1.png","width":512,"height":512,"caption":"Novotek Switzerland AG"},"image":{"@id":"https:\/\/www.novotek.com\/ch\/#\/schema\/logo\/image\/"}}]}},"_links":{"self":[{"href":"https:\/\/www.novotek.com\/ch\/fr\/wp-json\/wp\/v2\/pages\/13545","targetHints":{"allow":["GET"]}}],"collection":[{"href":"https:\/\/www.novotek.com\/ch\/fr\/wp-json\/wp\/v2\/pages"}],"about":[{"href":"https:\/\/www.novotek.com\/ch\/fr\/wp-json\/wp\/v2\/types\/page"}],"author":[{"embeddable":true,"href":"https:\/\/www.novotek.com\/ch\/fr\/wp-json\/wp\/v2\/users\/8"}],"replies":[{"embeddable":true,"href":"https:\/\/www.novotek.com\/ch\/fr\/wp-json\/wp\/v2\/comments?post=13545"}],"version-history":[{"count":14,"href":"https:\/\/www.novotek.com\/ch\/fr\/wp-json\/wp\/v2\/pages\/13545\/revisions"}],"predecessor-version":[{"id":20162,"href":"https:\/\/www.novotek.com\/ch\/fr\/wp-json\/wp\/v2\/pages\/13545\/revisions\/20162"}],"wp:featuredmedia":[{"embeddable":true,"href":"https:\/\/www.novotek.com\/ch\/fr\/wp-json\/wp\/v2\/media\/5589"}],"wp:attachment":[{"href":"https:\/\/www.novotek.com\/ch\/fr\/wp-json\/wp\/v2\/media?parent=13545"}],"curies":[{"name":"wp","href":"https:\/\/api.w.org\/{rel}","templated":true}]}}