{"id":13547,"date":"2023-01-05T10:23:23","date_gmt":"2023-01-05T10:23:23","guid":{"rendered":"https:\/\/www.novotek.com\/ch\/industrie\/pharmacie-biotechnologie\/"},"modified":"2025-03-07T15:50:32","modified_gmt":"2025-03-07T15:50:32","slug":"pharmacie-biotechnologie","status":"publish","type":"page","link":"https:\/\/www.novotek.com\/ch\/fr\/industrie\/pharmacie-biotechnologie\/","title":{"rendered":"Pharmacie &amp; biotechnologie"},"content":{"rendered":"  <div class=\"hero\">\n    <div class=\"carousel hero-slider small\" data-flickity data-flickity-options='{\"prevNextButtons\": false}'>\n              <div class=\"carousel-cell\">\n          <div class=\"container\">\n            <div class=\"hero-content\">\n                              <h1>Pharma &amp; biotechnologie<\/h1>\n<p>Gr\u00e2ce \u00e0 sa longue exp\u00e9rience, Novotek propose des solutions cibl\u00e9es et sp\u00e9cifiques au secteur, certifi\u00e9es selon la norme <strong>21 CFR Part 11<\/strong>, avec une attention particuli\u00e8re pour la tra\u00e7abilit\u00e9, les signatures \u00e9lectroniques, la s\u00e9curit\u00e9 (des donn\u00e9es) et les rapports.<\/p>\n              \n                          <\/div>\n          <\/div>\n\n          <img decoding=\"async\" width=\"1024\" height=\"427\" src=\"https:\/\/www.novotek.com\/ch\/wp-content\/uploads\/sites\/3\/shutterstock_1268263651_ROB-EX_mock-up-Duplex_cyan_1920x800px_NEW-1024x427.jpg.webp\" class=\"hero-bg\" alt=\"Hero Img\" fetchpriority=\"high\" srcset=\"https:\/\/www.novotek.com\/ch\/wp-content\/uploads\/sites\/3\/shutterstock_1268263651_ROB-EX_mock-up-Duplex_cyan_1920x800px_NEW-1024x427.jpg.webp 1024w, https:\/\/www.novotek.com\/ch\/wp-content\/uploads\/sites\/3\/shutterstock_1268263651_ROB-EX_mock-up-Duplex_cyan_1920x800px_NEW-300x125.jpg.webp 300w, https:\/\/www.novotek.com\/ch\/wp-content\/uploads\/sites\/3\/shutterstock_1268263651_ROB-EX_mock-up-Duplex_cyan_1920x800px_NEW-768x320.jpg.webp 768w, https:\/\/www.novotek.com\/ch\/wp-content\/uploads\/sites\/3\/shutterstock_1268263651_ROB-EX_mock-up-Duplex_cyan_1920x800px_NEW-1536x640.jpg.webp 1536w, https:\/\/www.novotek.com\/ch\/wp-content\/uploads\/sites\/3\/shutterstock_1268263651_ROB-EX_mock-up-Duplex_cyan_1920x800px_NEW.jpg.webp 1920w\" sizes=\"(max-width: 1024px) 100vw, 1024px\" \/>                  <\/div>\n          <\/div>\n\n      <\/div>\n\n   \n\n\n<div class=\"container-md group  \">\n<div class=\"wp-block-group\"><div class=\"wp-block-group__inner-container is-layout-flow wp-block-group-is-layout-flow\"><div class=\"container-md paragraph  \">\n<p>L\u2019industrie pharmaceutique est un des secteurs dans lesquels nous pouvons nous targuer d\u2019une collaboration de longue date, avec toute l\u2019exp\u00e9rience aff\u00e9rente. Le respect de proc\u00e9d\u00e9s corrects et l\u2019enregistrement des mesures prises sont essentiels dans cet environnement complexe. Les instructions num\u00e9riques, la signature \u00e9lectronique et la tra\u00e7abilit\u00e9 au sein du processus permettent d\u2019\u00e9viter des erreurs, d\u2019identifier rapidement les causes de probl\u00e8mes et de familiariser rapidement et en toute s\u00e9curit\u00e9 les nouveaux employ\u00e9s aux diff\u00e9rentes \u00e9tapes de travail.<\/p>\n<\/div>\n\n<div class=\"container-md paragraph  \">\n<p>Nos solutions reposent sur des produits r\u00e9put\u00e9s sur le march\u00e9 et qui ont d\u00e9j\u00e0 largement d\u00e9montr\u00e9 leur capacit\u00e9 lors d\u2019une utilisation de longue date. Tous les produits satisfont aux normes de la FDA conform\u00e9ment \u00e0 la 21 CFR Part 11.<\/p>\n<\/div>\n\n<div class=\"container-md spacer  \">\n<div style=\"height:30px\" aria-hidden=\"true\" class=\"wp-block-spacer\"><\/div>\n<\/div><\/div>\n<\/div><\/div>\n\n<div class=\"container media-text  alignwide\">\n<div class=\"wp-block-media-text alignwide has-media-on-the-right is-stacked-on-mobile\" style=\"grid-template-columns:auto 40%\"><div class=\"wp-block-media-text__content\"><div class=\"container-md heading  \">\n<h2 class=\"wp-block-heading\" id=\"h-notre-solution-a-vos-defis\">Notre solution \u00e0 vos d\u00e9fis<\/h2>\n<\/div>\n\n<div class=\"container-md paragraph  \">\n<p>Les march\u00e9s de la sant\u00e9 sont soumis \u00e0 des conditions toujours plus strictes. C\u2019est ainsi que l\u2019on se concentre davantage sur l\u2019atelier de fabrication, source de nouveaux avantages concurrentiels. La famille de produits Proficy de <br>GE Vernova propose toute une s\u00e9rie de solutions con\u00e7ues pour offrir un solide aper\u00e7u de l\u2019interaction entre les ingr\u00e9dients et l\u2019\u00e9quipement. Proficy est la plate-forme id\u00e9ale qui r\u00e9pond aux nombreuses exigences de l\u2019industrie pharmaceutique et biotechnologique. Ces exigences couvrent l\u2019ex\u00e9cution des lots et leur contr\u00f4le, l\u2019analyse des processus, la gestion des flux de travail et la prise en charge des traitements CAPA (action corrective et action pr\u00e9ventive).<\/p>\n<\/div><\/div><figure class=\"wp-block-media-text__media\"><img loading=\"lazy\" decoding=\"async\" width=\"900\" height=\"600\" src=\"https:\/\/www.novotek.com\/ch\/wp-content\/uploads\/sites\/3\/pharma-industrie-digitale-loesungen.jpg\" alt=\"Solution num\u00e9riques pour l\u2019industrie pharmaceutique\" class=\"wp-image-8934 size-full\" srcset=\"https:\/\/www.novotek.com\/ch\/wp-content\/uploads\/sites\/3\/pharma-industrie-digitale-loesungen.jpg 900w, https:\/\/www.novotek.com\/ch\/wp-content\/uploads\/sites\/3\/pharma-industrie-digitale-loesungen-300x200.jpg 300w, https:\/\/www.novotek.com\/ch\/wp-content\/uploads\/sites\/3\/pharma-industrie-digitale-loesungen-768x512.jpg 768w\" sizes=\"auto, (max-width: 900px) 100vw, 900px\" \/><\/figure><\/div>\n<\/div>\n\n<div class=\"container-md spacer  \">\n<div style=\"height:30px\" aria-hidden=\"true\" class=\"wp-block-spacer\"><\/div>\n<\/div>\n\n<div class=\"container-md heading  \">\n<h3 class=\"wp-block-heading\" id=\"h-tracabilite\">Tra\u00e7abilit\u00e9<\/h3>\n<\/div>\n\n<div class=\"container-md paragraph  \">\n<p>Acc\u00e9dez \u00e0 l\u2019aper\u00e7u du flux de produits dont vous avez besoin afin de prendre les bonnes d\u00e9cisions. Suivez la production sur la base des sp\u00e9cifications, de l\u2019\u00e9quipement et des calendriers.&nbsp;Acc\u00e9dez \u00e0 des donn\u00e9es de tra\u00e7abilit\u00e9 d\u00e9taill\u00e9es afin d\u2019obtenir une analyse compl\u00e8te sur base des lots ou \u00e0 long terme.<\/p>\n<\/div>\n\n<div class=\"container-md paragraph  \">\n<p><a href=\"https:\/\/www.novotek.com\/ch\/fr\/smart-factory-mes\/proficy-plant-applications\/\"><strong>Proficy Plant Applications<\/strong><\/a>&nbsp;est un puissant logiciel MES qui vous procure une vue d\u2019ensemble et une commande continues de vos processus et de vos produits fabriqu\u00e9s. Il fournit des informations importantes relatives entre autres \u00e0 l\u2019origine, la qualit\u00e9 et le personnel \u2013 depuis le mat\u00e9riau brut jusqu\u2019au produit fini.<\/p>\n<\/div>\n\n<div class=\"container-md spacer  \">\n<div style=\"height:30px\" aria-hidden=\"true\" class=\"wp-block-spacer\"><\/div>\n<\/div>\n\n<div class=\"container-md heading  \">\n<h3 class=\"wp-block-heading\" id=\"h-qualite\">Qualit\u00e9<\/h3>\n<\/div>\n\n<div class=\"container-md paragraph  \">\n<p>Qu\u2019il s\u2019agisse de r\u00e9aliser un contr\u00f4le de processus statistique ou une analyse de capabilit\u00e9, de cr\u00e9er des cartes de contr\u00f4le ou de proc\u00e9der \u00e0 un contr\u00f4le annuel de produit, Proficy Plant Applications vous donne acc\u00e8s aux donn\u00e9es correspondantes et aux outils requis.<\/p>\n<\/div>\n\n<div class=\"container-md paragraph  \">\n<p>Proficy Plant Applications assure le suivi et la surveillance de la qualit\u00e9 de vos produits et processus en temps r\u00e9el, sur la base de donn\u00e9es issues de toutes les sources possibles. Cela que ces informations soient saisies manuellement ou automatiquement collect\u00e9es. Le logiciel collecte et analyse les codes de cause, les valeurs de processus, les notes ainsi que les informations sur les recettes, les lots et les mat\u00e9riaux, afin d\u2019identifier les probl\u00e8mes en temps utile et d\u2019en d\u00e9terminer rapidement les causes.&nbsp;Des messages d\u2019erreur s\u2019affichent imm\u00e9diatement en cas de saisie incorrecte de donn\u00e9es ou d\u2019absence de collecte de donn\u00e9es, ces messages ne peuvent \u00eatre acquitt\u00e9s qu\u2019avec la fonction de signature \u00e9lectronique.<\/p>\n<\/div>\n\n<div class=\"container-md spacer  \">\n<div style=\"height:30px\" aria-hidden=\"true\" class=\"wp-block-spacer\"><\/div>\n<\/div>\n\n<div class=\"container media-text  alignwide\">\n<div class=\"wp-block-media-text alignwide has-media-on-the-right is-stacked-on-mobile\" style=\"grid-template-columns:auto 40%\"><div class=\"wp-block-media-text__content\"><div class=\"container-md heading  \">\n<h3 class=\"wp-block-heading\" id=\"h-excellence-operationnelle\">Excellence op\u00e9rationnelle<\/h3>\n<\/div>\n\n<div class=\"container-md paragraph  \">\n<p>D\u00e9but 2000 la FDA (Food &amp; Drug Administration) recherchait des moyens pour aider les entreprises dans l\u2019optimisation de leurs processus de fabrication tout en respectant les prescriptions.&nbsp;Cette recherche a d\u00e9bouch\u00e9 sur deux guides&nbsp;: la PAT (technologie d\u2019analyse de processus) et les cGMPs (bonnes pratiques de fabrication actuelles) pour le 21e si\u00e8cle.<\/p>\n<\/div>\n\n<div class=\"container-md paragraph  \">\n<p>Des entreprises comme par ex. McNeil &#8211; qui fait partie de Pfizer &#8211; misent sur Proficy Plant Applications pour augmenter l\u2019efficacit\u00e9 (TRG) de leurs lignes de conditionnement.&nbsp;Proficy Plant Applications identifie les domaines qui entra\u00eenent des inefficacit\u00e9s op\u00e9rationnelles et aide les utilisateurs \u00e0 les d\u00e9tecter et les minimiser.<\/p>\n<\/div><\/div><figure class=\"wp-block-media-text__media\"><img loading=\"lazy\" decoding=\"async\" width=\"900\" height=\"600\" src=\"https:\/\/www.novotek.com\/ch\/wp-content\/uploads\/sites\/3\/Biotec.jpg\" alt=\"\" class=\"wp-image-8938 size-full\" srcset=\"https:\/\/www.novotek.com\/ch\/wp-content\/uploads\/sites\/3\/Biotec.jpg 900w, https:\/\/www.novotek.com\/ch\/wp-content\/uploads\/sites\/3\/Biotec-300x200.jpg 300w, https:\/\/www.novotek.com\/ch\/wp-content\/uploads\/sites\/3\/Biotec-768x512.jpg 768w\" sizes=\"auto, (max-width: 900px) 100vw, 900px\" \/><\/figure><\/div>\n<\/div>\n\n<div class=\"container-md spacer  \">\n<div style=\"height:50px\" aria-hidden=\"true\" class=\"wp-block-spacer\"><\/div>\n<\/div>","protected":false},"excerpt":{"rendered":"<p>L&rsquo;industrie pharmaceutique est un des secteurs dans lesquels nous &oelig;uvrons de longue date. Nous livrons des solutions certifi&eacute;es 21 CFR Part 11 avec des modules de tra&ccedil;abilit&eacute;, de signature &eacute;lectronique, de s&eacute;curit&eacute; et des outils de reporting.<\/p>\n","protected":false},"author":15,"featured_media":9039,"parent":13545,"menu_order":3,"comment_status":"closed","ping_status":"closed","template":"","meta":{"_acf_changed":false,"_relevanssi_hide_post":"","_relevanssi_pin_for_all":"","_relevanssi_pin_keywords":"","_relevanssi_unpin_keywords":"","_relevanssi_related_keywords":"","_relevanssi_related_include_ids":"","_relevanssi_related_exclude_ids":"","_relevanssi_related_no_append":"","_relevanssi_related_not_related":"","_relevanssi_related_posts":"12884,13571,13573,13567,13565,13569","_relevanssi_noindex_reason":"","content-type":"","footnotes":""},"class_list":["post-13547","page","type-page","status-publish","has-post-thumbnail","hentry"],"acf":[],"yoast_head":"<!-- This site is optimized with the Yoast SEO plugin v27.4 - https:\/\/yoast.com\/product\/yoast-seo-wordpress\/ -->\n<title>Pharmacie &amp; biotechnologie - Novotek CH<\/title>\n<meta name=\"description\" content=\"Pour l\u2019industrie pharmaceutique, nous livrons des solutions certifi\u00e9es 21 CFR Part 11 avec des modules de tra\u00e7abilit\u00e9, s\u00e9curit\u00e9, reporting ..\" \/>\n<meta name=\"robots\" content=\"index, follow, max-snippet:-1, max-image-preview:large, max-video-preview:-1\" \/>\n<link rel=\"canonical\" href=\"https:\/\/www.novotek.com\/ch\/fr\/industrie\/pharmacie-biotechnologie\/\" \/>\n<meta property=\"og:locale\" content=\"fr_FR\" \/>\n<meta property=\"og:type\" content=\"article\" \/>\n<meta property=\"og:title\" content=\"Pharmacie &amp; biotechnologie - Novotek CH\" \/>\n<meta property=\"og:description\" content=\"Pour l\u2019industrie pharmaceutique, nous livrons des solutions certifi\u00e9es 21 CFR Part 11 avec des modules de tra\u00e7abilit\u00e9, s\u00e9curit\u00e9, reporting ..\" \/>\n<meta property=\"og:url\" content=\"https:\/\/www.novotek.com\/ch\/fr\/industrie\/pharmacie-biotechnologie\/\" \/>\n<meta property=\"og:site_name\" content=\"Novotek CH\" \/>\n<meta property=\"article:modified_time\" content=\"2025-03-07T15:50:32+00:00\" \/>\n<meta property=\"og:image\" content=\"https:\/\/www.novotek.com\/ch\/wp-content\/uploads\/sites\/3\/shutterstock_1268263651_ROB-EX_mock-up-Duplex_cyan_1920x800px_NEW.jpg.webp\" \/>\n\t<meta property=\"og:image:width\" content=\"1920\" \/>\n\t<meta property=\"og:image:height\" content=\"800\" \/>\n\t<meta property=\"og:image:type\" content=\"image\/jpeg\" \/>\n<meta name=\"twitter:card\" content=\"summary_large_image\" \/>\n<meta name=\"twitter:label1\" content=\"Est. reading time\" \/>\n\t<meta name=\"twitter:data1\" content=\"4 minutes\" \/>\n<script type=\"application\/ld+json\" class=\"yoast-schema-graph\">{\"@context\":\"https:\\\/\\\/schema.org\",\"@graph\":[{\"@type\":\"WebPage\",\"@id\":\"https:\\\/\\\/www.novotek.com\\\/ch\\\/fr\\\/industrie\\\/pharmacie-biotechnologie\\\/\",\"url\":\"https:\\\/\\\/www.novotek.com\\\/ch\\\/fr\\\/industrie\\\/pharmacie-biotechnologie\\\/\",\"name\":\"Pharmacie &amp; biotechnologie - Novotek CH\",\"isPartOf\":{\"@id\":\"https:\\\/\\\/www.novotek.com\\\/ch\\\/#website\"},\"primaryImageOfPage\":{\"@id\":\"https:\\\/\\\/www.novotek.com\\\/ch\\\/fr\\\/industrie\\\/pharmacie-biotechnologie\\\/#primaryimage\"},\"image\":{\"@id\":\"https:\\\/\\\/www.novotek.com\\\/ch\\\/fr\\\/industrie\\\/pharmacie-biotechnologie\\\/#primaryimage\"},\"thumbnailUrl\":\"https:\\\/\\\/www.novotek.com\\\/ch\\\/wp-content\\\/uploads\\\/sites\\\/3\\\/shutterstock_1268263651_ROB-EX_mock-up-Duplex_cyan_1920x800px_NEW.jpg.webp\",\"datePublished\":\"2023-01-05T10:23:23+00:00\",\"dateModified\":\"2025-03-07T15:50:32+00:00\",\"description\":\"Pour l\u2019industrie pharmaceutique, nous livrons des solutions certifi\u00e9es 21 CFR Part 11 avec des modules de tra\u00e7abilit\u00e9, s\u00e9curit\u00e9, reporting ..\",\"breadcrumb\":{\"@id\":\"https:\\\/\\\/www.novotek.com\\\/ch\\\/fr\\\/industrie\\\/pharmacie-biotechnologie\\\/#breadcrumb\"},\"inLanguage\":\"fr-CH\",\"potentialAction\":[{\"@type\":\"ReadAction\",\"target\":[\"https:\\\/\\\/www.novotek.com\\\/ch\\\/fr\\\/industrie\\\/pharmacie-biotechnologie\\\/\"]}]},{\"@type\":\"ImageObject\",\"inLanguage\":\"fr-CH\",\"@id\":\"https:\\\/\\\/www.novotek.com\\\/ch\\\/fr\\\/industrie\\\/pharmacie-biotechnologie\\\/#primaryimage\",\"url\":\"https:\\\/\\\/www.novotek.com\\\/ch\\\/wp-content\\\/uploads\\\/sites\\\/3\\\/shutterstock_1268263651_ROB-EX_mock-up-Duplex_cyan_1920x800px_NEW.jpg.webp\",\"contentUrl\":\"https:\\\/\\\/www.novotek.com\\\/ch\\\/wp-content\\\/uploads\\\/sites\\\/3\\\/shutterstock_1268263651_ROB-EX_mock-up-Duplex_cyan_1920x800px_NEW.jpg.webp\",\"width\":1920,\"height\":800},{\"@type\":\"BreadcrumbList\",\"@id\":\"https:\\\/\\\/www.novotek.com\\\/ch\\\/fr\\\/industrie\\\/pharmacie-biotechnologie\\\/#breadcrumb\",\"itemListElement\":[{\"@type\":\"ListItem\",\"position\":1,\"name\":\"Home\",\"item\":\"https:\\\/\\\/www.novotek.com\\\/ch\\\/fr\\\/\"},{\"@type\":\"ListItem\",\"position\":2,\"name\":\"Industrie\",\"item\":\"https:\\\/\\\/www.novotek.com\\\/ch\\\/fr\\\/industrie\\\/\"},{\"@type\":\"ListItem\",\"position\":3,\"name\":\"Pharmacie &amp; biotechnologie\"}]},{\"@type\":\"WebSite\",\"@id\":\"https:\\\/\\\/www.novotek.com\\\/ch\\\/#website\",\"url\":\"https:\\\/\\\/www.novotek.com\\\/ch\\\/\",\"name\":\"Novotek Switzerland AG\",\"description\":\"Connect - Digitalize - Optimize\",\"publisher\":{\"@id\":\"https:\\\/\\\/www.novotek.com\\\/ch\\\/#organization\"},\"potentialAction\":[{\"@type\":\"SearchAction\",\"target\":{\"@type\":\"EntryPoint\",\"urlTemplate\":\"https:\\\/\\\/www.novotek.com\\\/ch\\\/?s={search_term_string}\"},\"query-input\":{\"@type\":\"PropertyValueSpecification\",\"valueRequired\":true,\"valueName\":\"search_term_string\"}}],\"inLanguage\":\"fr-CH\"},{\"@type\":\"Organization\",\"@id\":\"https:\\\/\\\/www.novotek.com\\\/ch\\\/#organization\",\"name\":\"Novotek Switzerland AG\",\"url\":\"https:\\\/\\\/www.novotek.com\\\/ch\\\/\",\"logo\":{\"@type\":\"ImageObject\",\"inLanguage\":\"fr-CH\",\"@id\":\"https:\\\/\\\/www.novotek.com\\\/ch\\\/#\\\/schema\\\/logo\\\/image\\\/\",\"url\":\"https:\\\/\\\/www.novotek.com\\\/ch\\\/wp-content\\\/uploads\\\/sites\\\/3\\\/novotek-symbol-rgb-pos-white-border-512x512-1.png\",\"contentUrl\":\"https:\\\/\\\/www.novotek.com\\\/ch\\\/wp-content\\\/uploads\\\/sites\\\/3\\\/novotek-symbol-rgb-pos-white-border-512x512-1.png\",\"width\":512,\"height\":512,\"caption\":\"Novotek Switzerland AG\"},\"image\":{\"@id\":\"https:\\\/\\\/www.novotek.com\\\/ch\\\/#\\\/schema\\\/logo\\\/image\\\/\"}}]}<\/script>\n<!-- \/ Yoast SEO plugin. -->","yoast_head_json":{"title":"Pharmacie &amp; biotechnologie - Novotek CH","description":"Pour l\u2019industrie pharmaceutique, nous livrons des solutions certifi\u00e9es 21 CFR Part 11 avec des modules de tra\u00e7abilit\u00e9, s\u00e9curit\u00e9, reporting ..","robots":{"index":"index","follow":"follow","max-snippet":"max-snippet:-1","max-image-preview":"max-image-preview:large","max-video-preview":"max-video-preview:-1"},"canonical":"https:\/\/www.novotek.com\/ch\/fr\/industrie\/pharmacie-biotechnologie\/","og_locale":"fr_FR","og_type":"article","og_title":"Pharmacie &amp; biotechnologie - Novotek CH","og_description":"Pour l\u2019industrie pharmaceutique, nous livrons des solutions certifi\u00e9es 21 CFR Part 11 avec des modules de tra\u00e7abilit\u00e9, s\u00e9curit\u00e9, reporting ..","og_url":"https:\/\/www.novotek.com\/ch\/fr\/industrie\/pharmacie-biotechnologie\/","og_site_name":"Novotek CH","article_modified_time":"2025-03-07T15:50:32+00:00","og_image":[{"width":1920,"height":800,"url":"https:\/\/www.novotek.com\/ch\/wp-content\/uploads\/sites\/3\/shutterstock_1268263651_ROB-EX_mock-up-Duplex_cyan_1920x800px_NEW.jpg.webp","type":"image\/jpeg"}],"twitter_card":"summary_large_image","twitter_misc":{"Est. reading time":"4 minutes"},"schema":{"@context":"https:\/\/schema.org","@graph":[{"@type":"WebPage","@id":"https:\/\/www.novotek.com\/ch\/fr\/industrie\/pharmacie-biotechnologie\/","url":"https:\/\/www.novotek.com\/ch\/fr\/industrie\/pharmacie-biotechnologie\/","name":"Pharmacie &amp; biotechnologie - Novotek CH","isPartOf":{"@id":"https:\/\/www.novotek.com\/ch\/#website"},"primaryImageOfPage":{"@id":"https:\/\/www.novotek.com\/ch\/fr\/industrie\/pharmacie-biotechnologie\/#primaryimage"},"image":{"@id":"https:\/\/www.novotek.com\/ch\/fr\/industrie\/pharmacie-biotechnologie\/#primaryimage"},"thumbnailUrl":"https:\/\/www.novotek.com\/ch\/wp-content\/uploads\/sites\/3\/shutterstock_1268263651_ROB-EX_mock-up-Duplex_cyan_1920x800px_NEW.jpg.webp","datePublished":"2023-01-05T10:23:23+00:00","dateModified":"2025-03-07T15:50:32+00:00","description":"Pour l\u2019industrie pharmaceutique, nous livrons des solutions certifi\u00e9es 21 CFR Part 11 avec des modules de tra\u00e7abilit\u00e9, s\u00e9curit\u00e9, reporting ..","breadcrumb":{"@id":"https:\/\/www.novotek.com\/ch\/fr\/industrie\/pharmacie-biotechnologie\/#breadcrumb"},"inLanguage":"fr-CH","potentialAction":[{"@type":"ReadAction","target":["https:\/\/www.novotek.com\/ch\/fr\/industrie\/pharmacie-biotechnologie\/"]}]},{"@type":"ImageObject","inLanguage":"fr-CH","@id":"https:\/\/www.novotek.com\/ch\/fr\/industrie\/pharmacie-biotechnologie\/#primaryimage","url":"https:\/\/www.novotek.com\/ch\/wp-content\/uploads\/sites\/3\/shutterstock_1268263651_ROB-EX_mock-up-Duplex_cyan_1920x800px_NEW.jpg.webp","contentUrl":"https:\/\/www.novotek.com\/ch\/wp-content\/uploads\/sites\/3\/shutterstock_1268263651_ROB-EX_mock-up-Duplex_cyan_1920x800px_NEW.jpg.webp","width":1920,"height":800},{"@type":"BreadcrumbList","@id":"https:\/\/www.novotek.com\/ch\/fr\/industrie\/pharmacie-biotechnologie\/#breadcrumb","itemListElement":[{"@type":"ListItem","position":1,"name":"Home","item":"https:\/\/www.novotek.com\/ch\/fr\/"},{"@type":"ListItem","position":2,"name":"Industrie","item":"https:\/\/www.novotek.com\/ch\/fr\/industrie\/"},{"@type":"ListItem","position":3,"name":"Pharmacie &amp; biotechnologie"}]},{"@type":"WebSite","@id":"https:\/\/www.novotek.com\/ch\/#website","url":"https:\/\/www.novotek.com\/ch\/","name":"Novotek Switzerland AG","description":"Connect - Digitalize - Optimize","publisher":{"@id":"https:\/\/www.novotek.com\/ch\/#organization"},"potentialAction":[{"@type":"SearchAction","target":{"@type":"EntryPoint","urlTemplate":"https:\/\/www.novotek.com\/ch\/?s={search_term_string}"},"query-input":{"@type":"PropertyValueSpecification","valueRequired":true,"valueName":"search_term_string"}}],"inLanguage":"fr-CH"},{"@type":"Organization","@id":"https:\/\/www.novotek.com\/ch\/#organization","name":"Novotek Switzerland AG","url":"https:\/\/www.novotek.com\/ch\/","logo":{"@type":"ImageObject","inLanguage":"fr-CH","@id":"https:\/\/www.novotek.com\/ch\/#\/schema\/logo\/image\/","url":"https:\/\/www.novotek.com\/ch\/wp-content\/uploads\/sites\/3\/novotek-symbol-rgb-pos-white-border-512x512-1.png","contentUrl":"https:\/\/www.novotek.com\/ch\/wp-content\/uploads\/sites\/3\/novotek-symbol-rgb-pos-white-border-512x512-1.png","width":512,"height":512,"caption":"Novotek Switzerland AG"},"image":{"@id":"https:\/\/www.novotek.com\/ch\/#\/schema\/logo\/image\/"}}]}},"_links":{"self":[{"href":"https:\/\/www.novotek.com\/ch\/fr\/wp-json\/wp\/v2\/pages\/13547","targetHints":{"allow":["GET"]}}],"collection":[{"href":"https:\/\/www.novotek.com\/ch\/fr\/wp-json\/wp\/v2\/pages"}],"about":[{"href":"https:\/\/www.novotek.com\/ch\/fr\/wp-json\/wp\/v2\/types\/page"}],"author":[{"embeddable":true,"href":"https:\/\/www.novotek.com\/ch\/fr\/wp-json\/wp\/v2\/users\/15"}],"replies":[{"embeddable":true,"href":"https:\/\/www.novotek.com\/ch\/fr\/wp-json\/wp\/v2\/comments?post=13547"}],"version-history":[{"count":7,"href":"https:\/\/www.novotek.com\/ch\/fr\/wp-json\/wp\/v2\/pages\/13547\/revisions"}],"predecessor-version":[{"id":25422,"href":"https:\/\/www.novotek.com\/ch\/fr\/wp-json\/wp\/v2\/pages\/13547\/revisions\/25422"}],"up":[{"embeddable":true,"href":"https:\/\/www.novotek.com\/ch\/fr\/wp-json\/wp\/v2\/pages\/13545"}],"wp:featuredmedia":[{"embeddable":true,"href":"https:\/\/www.novotek.com\/ch\/fr\/wp-json\/wp\/v2\/media\/9039"}],"wp:attachment":[{"href":"https:\/\/www.novotek.com\/ch\/fr\/wp-json\/wp\/v2\/media?parent=13547"}],"curies":[{"name":"wp","href":"https:\/\/api.w.org\/{rel}","templated":true}]}}