{"id":13549,"date":"2023-01-05T10:23:27","date_gmt":"2023-01-05T10:23:27","guid":{"rendered":"https:\/\/www.novotek.com\/ch\/industrie\/technique-environnementale\/"},"modified":"2025-11-18T15:52:25","modified_gmt":"2025-11-18T15:52:25","slug":"technique-environnementale","status":"publish","type":"page","link":"https:\/\/www.novotek.com\/ch\/fr\/industrie\/technique-environnementale\/","title":{"rendered":"Technique environnementale"},"content":{"rendered":"  <div class=\"hero\">\n    <div class=\"carousel hero-slider small\" data-flickity data-flickity-options='{\"prevNextButtons\": false}'>\n              <div class=\"carousel-cell\">\n          <div class=\"container\">\n            <div class=\"hero-content\">\n                              <h1>Technique environnementale<\/h1>\n<p>En collaboration avec nos fournisseurs, nous d\u00e9veloppons depuis plus de 35 ans des solutions compl\u00e8tes pour la technologie environnementale. Gr\u00e2ce \u00e0 une strat\u00e9gie de num\u00e9risation ad\u00e9quate, vous obtenez une solution flexible et p\u00e9renne qui tient compte des exigences de durabilit\u00e9 et d&#8217;\u00e9conomie circulaire.<\/p>\n              \n                          <\/div>\n          <\/div>\n\n          <img decoding=\"async\" width=\"1024\" height=\"427\" src=\"https:\/\/www.novotek.com\/ch\/wp-content\/uploads\/sites\/3\/Water_and_wastewater_1920x800_NEW-1024x427.jpg.webp\" class=\"hero-bg\" alt=\"Hero Img\" fetchpriority=\"high\" srcset=\"https:\/\/www.novotek.com\/ch\/wp-content\/uploads\/sites\/3\/Water_and_wastewater_1920x800_NEW-1024x427.jpg.webp 1024w, https:\/\/www.novotek.com\/ch\/wp-content\/uploads\/sites\/3\/Water_and_wastewater_1920x800_NEW-300x125.jpg.webp 300w, https:\/\/www.novotek.com\/ch\/wp-content\/uploads\/sites\/3\/Water_and_wastewater_1920x800_NEW-768x320.jpg.webp 768w, https:\/\/www.novotek.com\/ch\/wp-content\/uploads\/sites\/3\/Water_and_wastewater_1920x800_NEW-1536x640.jpg.webp 1536w, https:\/\/www.novotek.com\/ch\/wp-content\/uploads\/sites\/3\/Water_and_wastewater_1920x800_NEW.jpg.webp 1920w\" sizes=\"(max-width: 1024px) 100vw, 1024px\" \/>                  <\/div>\n          <\/div>\n\n      <\/div>\n\n   \n\n\n<div class=\"container-md paragraph  \">\n<p><a href=\"https:\/\/www.novotek.com\/ch\/fr\/hmi-scada\/proficy-ifix\/\"><strong>Proficy iFIX<\/strong><\/a>&nbsp;de GE Vernova est un des syst\u00e8mes SCADA \/ de gestion d\u2019exploitation les plus pris\u00e9s dans le domaine des stations d\u2019\u00e9puration et de distribution d\u2019eau.&nbsp;Tout syst\u00e8me de contr\u00f4le moderne doit permettre une communication flexible via Ethernet, RS232\/RS422\/RS485, radio et GSM.&nbsp;Novotek a particip\u00e9 au d\u00e9veloppement de maints types de protocoles, entre autres pour la communication EDI avec les stations de pompage ou les stations d&#8217;augmentation de pression.&nbsp;<\/p>\n<\/div>\n\n<div class=\"container-md paragraph  \">\n<p>Le syst\u00e8me de contr\u00f4le de Proficy iFIX peut communiquer avec toutes les commandes usuelles des stations de pompage comme par ex. ABB OP45, Flygt AquaCom (MACTEC), Swedmaster Called Comli Driver, etc.&nbsp;<\/p>\n<\/div>\n\n<div class=\"container-md spacer  \">\n<div style=\"height:100px\" aria-hidden=\"true\" class=\"wp-block-spacer\"><\/div>\n<\/div>\n\n<div class=\"container media-text  alignwide\">\n<div class=\"wp-block-media-text alignwide has-media-on-the-right is-stacked-on-mobile\" style=\"grid-template-columns:auto 40%\"><div class=\"wp-block-media-text__content\"><div class=\"container-md heading  \">\n<h2 class=\"wp-block-heading\" id=\"h-gestion-d-alarme\">Gestion d\u2019alarme<\/h2>\n<\/div>\n\n<div class=\"container-md paragraph  \">\n<p>Proficy iFIX dispose d\u2019une gestion d\u2019alarme avanc\u00e9e qui collecte les alarmes \u00e9mises par des dispositifs centraux et d\u00e9centralis\u00e9s &#8211; par ex. stations de pompage ou stations d&#8217;augmentation de pression -, les enregistre et les affiche au sein de la liste d\u2019alarme du syst\u00e8me d&#8217;exploitation.&nbsp;Regroupez les alarmes en diff\u00e9rents domaines avec diff\u00e9rentes priorit\u00e9s &#8211; selon la s\u00e9v\u00e9rit\u00e9 du message d\u2019alarme.&nbsp;D\u00e8s qu\u2019une alarme est \u00e9mise, le module suppl\u00e9mentaire \u00ab&nbsp;Messenger&nbsp;\u00bb envoie une notification d\u2019alarme \u00e0 un smartphone ou un destinataire d\u2019e-mails. Les alarmes peuvent \u00e9galement \u00eatre acquitt\u00e9es via une App pour p\u00e9riph\u00e9riques Android.<\/p>\n<\/div>\n\n<div class=\"container-md paragraph  \">\n<p>Une analyse directe des alarmes peut \u00eatre int\u00e9gr\u00e9e aux images de processus du syst\u00e8me d&#8217;exploitation afin d\u2019obtenir une meilleure vue d\u2019ensemble de tous les messages d\u2019alarme.&nbsp;Les alarmes peuvent ainsi \u00eatre par ex. tri\u00e9es et filtr\u00e9es selon leur domaine ou leur priorit\u00e9.&nbsp;De plus, vous pouvez voir la fr\u00e9quence des \u00e9tats d\u2019alarme pour une application ainsi que la dur\u00e9e requise pour r\u00e9tablir l\u2019\u00e9tat.<\/p>\n<\/div><\/div><figure class=\"wp-block-media-text__media\"><img loading=\"lazy\" decoding=\"async\" width=\"600\" height=\"532\" src=\"https:\/\/www.novotek.com\/ch\/wp-content\/uploads\/sites\/3\/GEVernova_proficy_iFIX2-1-1.png\" alt=\"\" class=\"wp-image-27880 size-full\" srcset=\"https:\/\/www.novotek.com\/ch\/wp-content\/uploads\/sites\/3\/GEVernova_proficy_iFIX2-1-1.png 600w, https:\/\/www.novotek.com\/ch\/wp-content\/uploads\/sites\/3\/GEVernova_proficy_iFIX2-1-1-300x266.png 300w, https:\/\/www.novotek.com\/ch\/wp-content\/uploads\/sites\/3\/GEVernova_proficy_iFIX2-1-1-86x76.png 86w, https:\/\/www.novotek.com\/ch\/wp-content\/uploads\/sites\/3\/GEVernova_proficy_iFIX2-1-1-306x271.png 306w\" sizes=\"auto, (max-width: 600px) 100vw, 600px\" \/><\/figure><\/div>\n<\/div>\n\n<div class=\"container-md spacer  \">\n<div style=\"height:50px\" aria-hidden=\"true\" class=\"wp-block-spacer\"><\/div>\n<\/div>\n\n<div class=\"container-md heading  \">\n<h2 class=\"wp-block-heading\" id=\"h-environnement-operationnel-flexible\">Environnement op\u00e9rationnel flexible<\/h2>\n<\/div>\n\n<div class=\"container-md paragraph  \">\n<p><a href=\"https:\/\/www.novotek.com\/ch\/fr\/hmi-scada\/proficy-ifix\/\"><strong>Proficy iFIX<\/strong><\/a> offre des possibilit\u00e9s quasi illimit\u00e9es.&nbsp;Le syst\u00e8me op\u00e9rateur peut \u00eatre install\u00e9 en tant que Thick Client (iClient) sur un ordinateur standard, ou \u00eatre exploit\u00e9 en tant que Thin Terminal Server Client (iClient TS) ou Web Client (WebSpace) dans le navigateur Web.&nbsp;Et si vous souhaitez \u00eatre mobile, vous pouvez piloter et surveiller l\u2019ouvrage \u00e0 partir de votre tablette ou smartphone.&nbsp;Cr\u00e9er des projets avec Proficy iFix est extr\u00eamement simple avec une structure d\u2019\u00e9cran pr\u00e9d\u00e9finie et une large biblioth\u00e8que d\u2019objets comprenant des moteurs, des pompes, des vannes de commutation, des vannes de commande, des r\u00e9gulateurs, etc.<\/p>\n<\/div>\n\n<div class=\"container-md paragraph  \">\n<p>Vous pouvez configurer en toute simplicit\u00e9 votre application Proficy iFIX en ligne gr\u00e2ce au Proficy Configuration Hub. Il est ainsi possible d\u2019adapter le syst\u00e8me en cours de fonctionnement sans qu\u2019il ne faille cr\u00e9er une solution redondante ni red\u00e9marrer le syst\u00e8me.&nbsp;<\/p>\n<\/div>\n\n<div class=\"container-md spacer  \">\n<div style=\"height:100px\" aria-hidden=\"true\" class=\"wp-block-spacer\"><\/div>\n<\/div>\n\n<div class=\"container media-text  alignwide\">\n<div class=\"wp-block-media-text alignwide is-stacked-on-mobile\" style=\"grid-template-columns:40% auto\"><figure class=\"wp-block-media-text__media\"><img loading=\"lazy\" decoding=\"async\" width=\"800\" height=\"600\" src=\"https:\/\/www.novotek.com\/ch\/wp-content\/uploads\/sites\/3\/water_and_wastewater2.jpg\" alt=\"\" class=\"wp-image-9556 size-full\" srcset=\"https:\/\/www.novotek.com\/ch\/wp-content\/uploads\/sites\/3\/water_and_wastewater2.jpg 800w, https:\/\/www.novotek.com\/ch\/wp-content\/uploads\/sites\/3\/water_and_wastewater2-300x225.jpg 300w, https:\/\/www.novotek.com\/ch\/wp-content\/uploads\/sites\/3\/water_and_wastewater2-768x576.jpg 768w\" sizes=\"auto, (max-width: 800px) 100vw, 800px\" \/><\/figure><div class=\"wp-block-media-text__content\"><div class=\"container-md heading  \">\n<h2 class=\"wp-block-heading\" id=\"h-simple-et-clair\">Simple et clair<\/h2>\n<\/div>\n\n<div class=\"container-md paragraph  \">\n<p>En plus des syst\u00e8mes HMI\/SCADA, les usines d\u2019eau et les stations d\u2019\u00e9puration disposent souvent d\u2019autres syst\u00e8mes (par ex. laboratoires, syst\u00e8mes de mesure, syst\u00e8mes de maintenance et cam\u00e9ras).&nbsp;<a href=\"https:\/\/www.novotek.com\/ch\/fr\/hmi-scada\/proficy-operations-hub\/\">Proficy Operations Hub<\/a> permet de regrouper tous ces syst\u00e8mes dans un environnement sur base Web. Vous pouvez ainsi naviguer entre HMI\/SCADA iFIX et les autres syst\u00e8mes sans qu\u2019il ne faille ouvrir de nouvelles fen\u00eatres dans le navigateur.&nbsp;<\/p>\n<\/div><\/div><\/div>\n<\/div>\n\n<div class=\"container-md spacer  \">\n<div style=\"height:30px\" aria-hidden=\"true\" class=\"wp-block-spacer\"><\/div>\n<\/div>\n\n<div class=\"container-md heading  \">\n<h2 class=\"wp-block-heading\" id=\"h-la-securite-scada\">La s\u00e9curit\u00e9 SCADA<\/h2>\n<\/div>\n\n<div class=\"container-md paragraph  \">\n<p>La th\u00e9matique de la s\u00e9curit\u00e9 joue un r\u00f4le pr\u00e9pond\u00e9rant dans la technique environnementale. Il convient en effet de veiller \u00e0 ce que personne ne puisse intervenir de l\u2019ext\u00e9rieur dans les processus des stations d\u2019\u00e9puration et de distribution d\u2019eau.&nbsp;Avec <a href=\"https:\/\/www.novotek.com\/ch\/fr\/hmi-scada\/proficy-ifix\/\"><strong>Proficy iFIX<\/strong><\/a>, le trafic r\u00e9seau entre les n\u0153uds SCADA et les n\u0153uds Operator est chiffr\u00e9 de sorte que les donn\u00e9es d\u2019exploitation critiques ne puissent pas \u00eatre manipul\u00e9es.&nbsp;Les mots de passe sont \u00e9galement prot\u00e9g\u00e9s par un chiffrage AES 256-bit.&nbsp;Sur demande, le syst\u00e8me SCADA de Proficy iFIX peut \u00eatre int\u00e9gr\u00e9 au r\u00e9pertoire actif (AD) afin que vous puissiez g\u00e9rer de mani\u00e8re centrale les utilisateurs et les mots de passe \u00e0 partir du m\u00eame emplacement.&nbsp;<\/p>\n<\/div>\n\n<div class=\"container-md spacer  \">\n<div style=\"height:100px\" aria-hidden=\"true\" class=\"wp-block-spacer\"><\/div>\n<\/div>","protected":false},"excerpt":{"rendered":"<p>Les technologies d&rsquo;automatisation et logicielles de pointe conf&egrave;rent davantage d&rsquo;efficacit&eacute; et de durabilit&eacute; &agrave; votre station d&rsquo;&eacute;puration et de distribution d&rsquo;eau.<\/p>\n","protected":false},"author":15,"featured_media":2950,"parent":13545,"menu_order":4,"comment_status":"closed","ping_status":"closed","template":"","meta":{"_acf_changed":false,"_relevanssi_hide_post":"","_relevanssi_pin_for_all":"","_relevanssi_pin_keywords":"","_relevanssi_unpin_keywords":"","_relevanssi_related_keywords":"","_relevanssi_related_include_ids":"","_relevanssi_related_exclude_ids":"","_relevanssi_related_no_append":"","_relevanssi_related_not_related":"","_relevanssi_related_posts":"13569,13565,13571,13573,12884,13567","_relevanssi_noindex_reason":"","content-type":"","footnotes":""},"class_list":["post-13549","page","type-page","status-publish","has-post-thumbnail","hentry"],"acf":[],"yoast_head":"<!-- This site is optimized with the Yoast SEO plugin v27.4 - https:\/\/yoast.com\/product\/yoast-seo-wordpress\/ -->\n<title>Technique environnementale - Novotek CH<\/title>\n<meta name=\"description\" content=\"Les technologies d\u2019automatisation et logicielles de pointe conf\u00e8rent davantage d\u2019efficacit\u00e9 et de durabilit\u00e9 \u00e0 votre station d\u2019\u00e9puration et de distribution d\u2019eau.\" \/>\n<meta name=\"robots\" content=\"index, follow, max-snippet:-1, max-image-preview:large, max-video-preview:-1\" \/>\n<link rel=\"canonical\" href=\"https:\/\/www.novotek.com\/ch\/fr\/industrie\/technique-environnementale\/\" \/>\n<meta property=\"og:locale\" content=\"fr_FR\" \/>\n<meta property=\"og:type\" content=\"article\" \/>\n<meta property=\"og:title\" content=\"Technique environnementale - Novotek CH\" \/>\n<meta property=\"og:description\" content=\"Les technologies d\u2019automatisation et logicielles de pointe conf\u00e8rent davantage d\u2019efficacit\u00e9 et de durabilit\u00e9 \u00e0 votre station d\u2019\u00e9puration et de distribution d\u2019eau.\" \/>\n<meta property=\"og:url\" content=\"https:\/\/www.novotek.com\/ch\/fr\/industrie\/technique-environnementale\/\" \/>\n<meta property=\"og:site_name\" content=\"Novotek CH\" \/>\n<meta property=\"article:modified_time\" content=\"2025-11-18T15:52:25+00:00\" \/>\n<meta property=\"og:image\" content=\"https:\/\/www.novotek.com\/ch\/wp-content\/uploads\/sites\/3\/2021\/Novotek_UK\/Industries\/Water_and_wastewater\/Water_and_wastewater_1920x800.jpg\" \/>\n\t<meta property=\"og:image:width\" content=\"1920\" \/>\n\t<meta property=\"og:image:height\" content=\"800\" \/>\n\t<meta property=\"og:image:type\" content=\"image\/jpeg\" \/>\n<meta name=\"twitter:card\" content=\"summary_large_image\" \/>\n<meta name=\"twitter:label1\" content=\"Est. reading time\" \/>\n\t<meta name=\"twitter:data1\" content=\"4 minutes\" \/>\n<script type=\"application\/ld+json\" class=\"yoast-schema-graph\">{\"@context\":\"https:\\\/\\\/schema.org\",\"@graph\":[{\"@type\":\"WebPage\",\"@id\":\"https:\\\/\\\/www.novotek.com\\\/ch\\\/fr\\\/industrie\\\/technique-environnementale\\\/\",\"url\":\"https:\\\/\\\/www.novotek.com\\\/ch\\\/fr\\\/industrie\\\/technique-environnementale\\\/\",\"name\":\"Technique environnementale - Novotek CH\",\"isPartOf\":{\"@id\":\"https:\\\/\\\/www.novotek.com\\\/ch\\\/#website\"},\"primaryImageOfPage\":{\"@id\":\"https:\\\/\\\/www.novotek.com\\\/ch\\\/fr\\\/industrie\\\/technique-environnementale\\\/#primaryimage\"},\"image\":{\"@id\":\"https:\\\/\\\/www.novotek.com\\\/ch\\\/fr\\\/industrie\\\/technique-environnementale\\\/#primaryimage\"},\"thumbnailUrl\":\"https:\\\/\\\/www.novotek.com\\\/ch\\\/wp-content\\\/uploads\\\/sites\\\/3\\\/2021\\\/Novotek_UK\\\/Industries\\\/Water_and_wastewater\\\/Water_and_wastewater_1920x800.jpg\",\"datePublished\":\"2023-01-05T10:23:27+00:00\",\"dateModified\":\"2025-11-18T15:52:25+00:00\",\"description\":\"Les technologies d\u2019automatisation et logicielles de pointe conf\u00e8rent davantage d\u2019efficacit\u00e9 et de durabilit\u00e9 \u00e0 votre station d\u2019\u00e9puration et de distribution d\u2019eau.\",\"breadcrumb\":{\"@id\":\"https:\\\/\\\/www.novotek.com\\\/ch\\\/fr\\\/industrie\\\/technique-environnementale\\\/#breadcrumb\"},\"inLanguage\":\"fr-CH\",\"potentialAction\":[{\"@type\":\"ReadAction\",\"target\":[\"https:\\\/\\\/www.novotek.com\\\/ch\\\/fr\\\/industrie\\\/technique-environnementale\\\/\"]}]},{\"@type\":\"ImageObject\",\"inLanguage\":\"fr-CH\",\"@id\":\"https:\\\/\\\/www.novotek.com\\\/ch\\\/fr\\\/industrie\\\/technique-environnementale\\\/#primaryimage\",\"url\":\"https:\\\/\\\/www.novotek.com\\\/ch\\\/wp-content\\\/uploads\\\/sites\\\/3\\\/2021\\\/Novotek_UK\\\/Industries\\\/Water_and_wastewater\\\/Water_and_wastewater_1920x800.jpg\",\"contentUrl\":\"https:\\\/\\\/www.novotek.com\\\/ch\\\/wp-content\\\/uploads\\\/sites\\\/3\\\/2021\\\/Novotek_UK\\\/Industries\\\/Water_and_wastewater\\\/Water_and_wastewater_1920x800.jpg\",\"width\":1920,\"height\":800},{\"@type\":\"BreadcrumbList\",\"@id\":\"https:\\\/\\\/www.novotek.com\\\/ch\\\/fr\\\/industrie\\\/technique-environnementale\\\/#breadcrumb\",\"itemListElement\":[{\"@type\":\"ListItem\",\"position\":1,\"name\":\"Home\",\"item\":\"https:\\\/\\\/www.novotek.com\\\/ch\\\/fr\\\/\"},{\"@type\":\"ListItem\",\"position\":2,\"name\":\"Industrie\",\"item\":\"https:\\\/\\\/www.novotek.com\\\/ch\\\/fr\\\/industrie\\\/\"},{\"@type\":\"ListItem\",\"position\":3,\"name\":\"Technique environnementale\"}]},{\"@type\":\"WebSite\",\"@id\":\"https:\\\/\\\/www.novotek.com\\\/ch\\\/#website\",\"url\":\"https:\\\/\\\/www.novotek.com\\\/ch\\\/\",\"name\":\"Novotek Switzerland AG\",\"description\":\"Connect - Digitalize - Optimize\",\"publisher\":{\"@id\":\"https:\\\/\\\/www.novotek.com\\\/ch\\\/#organization\"},\"potentialAction\":[{\"@type\":\"SearchAction\",\"target\":{\"@type\":\"EntryPoint\",\"urlTemplate\":\"https:\\\/\\\/www.novotek.com\\\/ch\\\/?s={search_term_string}\"},\"query-input\":{\"@type\":\"PropertyValueSpecification\",\"valueRequired\":true,\"valueName\":\"search_term_string\"}}],\"inLanguage\":\"fr-CH\"},{\"@type\":\"Organization\",\"@id\":\"https:\\\/\\\/www.novotek.com\\\/ch\\\/#organization\",\"name\":\"Novotek Switzerland AG\",\"url\":\"https:\\\/\\\/www.novotek.com\\\/ch\\\/\",\"logo\":{\"@type\":\"ImageObject\",\"inLanguage\":\"fr-CH\",\"@id\":\"https:\\\/\\\/www.novotek.com\\\/ch\\\/#\\\/schema\\\/logo\\\/image\\\/\",\"url\":\"https:\\\/\\\/www.novotek.com\\\/ch\\\/wp-content\\\/uploads\\\/sites\\\/3\\\/novotek-symbol-rgb-pos-white-border-512x512-1.png\",\"contentUrl\":\"https:\\\/\\\/www.novotek.com\\\/ch\\\/wp-content\\\/uploads\\\/sites\\\/3\\\/novotek-symbol-rgb-pos-white-border-512x512-1.png\",\"width\":512,\"height\":512,\"caption\":\"Novotek Switzerland AG\"},\"image\":{\"@id\":\"https:\\\/\\\/www.novotek.com\\\/ch\\\/#\\\/schema\\\/logo\\\/image\\\/\"}}]}<\/script>\n<!-- \/ Yoast SEO plugin. -->","yoast_head_json":{"title":"Technique environnementale - Novotek CH","description":"Les technologies d\u2019automatisation et logicielles de pointe conf\u00e8rent davantage d\u2019efficacit\u00e9 et de durabilit\u00e9 \u00e0 votre station d\u2019\u00e9puration et de distribution d\u2019eau.","robots":{"index":"index","follow":"follow","max-snippet":"max-snippet:-1","max-image-preview":"max-image-preview:large","max-video-preview":"max-video-preview:-1"},"canonical":"https:\/\/www.novotek.com\/ch\/fr\/industrie\/technique-environnementale\/","og_locale":"fr_FR","og_type":"article","og_title":"Technique environnementale - Novotek CH","og_description":"Les technologies d\u2019automatisation et logicielles de pointe conf\u00e8rent davantage d\u2019efficacit\u00e9 et de durabilit\u00e9 \u00e0 votre station d\u2019\u00e9puration et de distribution d\u2019eau.","og_url":"https:\/\/www.novotek.com\/ch\/fr\/industrie\/technique-environnementale\/","og_site_name":"Novotek CH","article_modified_time":"2025-11-18T15:52:25+00:00","og_image":[{"width":1920,"height":800,"url":"https:\/\/www.novotek.com\/ch\/wp-content\/uploads\/sites\/3\/2021\/Novotek_UK\/Industries\/Water_and_wastewater\/Water_and_wastewater_1920x800.jpg","type":"image\/jpeg"}],"twitter_card":"summary_large_image","twitter_misc":{"Est. reading time":"4 minutes"},"schema":{"@context":"https:\/\/schema.org","@graph":[{"@type":"WebPage","@id":"https:\/\/www.novotek.com\/ch\/fr\/industrie\/technique-environnementale\/","url":"https:\/\/www.novotek.com\/ch\/fr\/industrie\/technique-environnementale\/","name":"Technique environnementale - Novotek CH","isPartOf":{"@id":"https:\/\/www.novotek.com\/ch\/#website"},"primaryImageOfPage":{"@id":"https:\/\/www.novotek.com\/ch\/fr\/industrie\/technique-environnementale\/#primaryimage"},"image":{"@id":"https:\/\/www.novotek.com\/ch\/fr\/industrie\/technique-environnementale\/#primaryimage"},"thumbnailUrl":"https:\/\/www.novotek.com\/ch\/wp-content\/uploads\/sites\/3\/2021\/Novotek_UK\/Industries\/Water_and_wastewater\/Water_and_wastewater_1920x800.jpg","datePublished":"2023-01-05T10:23:27+00:00","dateModified":"2025-11-18T15:52:25+00:00","description":"Les technologies d\u2019automatisation et logicielles de pointe conf\u00e8rent davantage d\u2019efficacit\u00e9 et de durabilit\u00e9 \u00e0 votre station d\u2019\u00e9puration et de distribution d\u2019eau.","breadcrumb":{"@id":"https:\/\/www.novotek.com\/ch\/fr\/industrie\/technique-environnementale\/#breadcrumb"},"inLanguage":"fr-CH","potentialAction":[{"@type":"ReadAction","target":["https:\/\/www.novotek.com\/ch\/fr\/industrie\/technique-environnementale\/"]}]},{"@type":"ImageObject","inLanguage":"fr-CH","@id":"https:\/\/www.novotek.com\/ch\/fr\/industrie\/technique-environnementale\/#primaryimage","url":"https:\/\/www.novotek.com\/ch\/wp-content\/uploads\/sites\/3\/2021\/Novotek_UK\/Industries\/Water_and_wastewater\/Water_and_wastewater_1920x800.jpg","contentUrl":"https:\/\/www.novotek.com\/ch\/wp-content\/uploads\/sites\/3\/2021\/Novotek_UK\/Industries\/Water_and_wastewater\/Water_and_wastewater_1920x800.jpg","width":1920,"height":800},{"@type":"BreadcrumbList","@id":"https:\/\/www.novotek.com\/ch\/fr\/industrie\/technique-environnementale\/#breadcrumb","itemListElement":[{"@type":"ListItem","position":1,"name":"Home","item":"https:\/\/www.novotek.com\/ch\/fr\/"},{"@type":"ListItem","position":2,"name":"Industrie","item":"https:\/\/www.novotek.com\/ch\/fr\/industrie\/"},{"@type":"ListItem","position":3,"name":"Technique environnementale"}]},{"@type":"WebSite","@id":"https:\/\/www.novotek.com\/ch\/#website","url":"https:\/\/www.novotek.com\/ch\/","name":"Novotek Switzerland AG","description":"Connect - Digitalize - Optimize","publisher":{"@id":"https:\/\/www.novotek.com\/ch\/#organization"},"potentialAction":[{"@type":"SearchAction","target":{"@type":"EntryPoint","urlTemplate":"https:\/\/www.novotek.com\/ch\/?s={search_term_string}"},"query-input":{"@type":"PropertyValueSpecification","valueRequired":true,"valueName":"search_term_string"}}],"inLanguage":"fr-CH"},{"@type":"Organization","@id":"https:\/\/www.novotek.com\/ch\/#organization","name":"Novotek Switzerland AG","url":"https:\/\/www.novotek.com\/ch\/","logo":{"@type":"ImageObject","inLanguage":"fr-CH","@id":"https:\/\/www.novotek.com\/ch\/#\/schema\/logo\/image\/","url":"https:\/\/www.novotek.com\/ch\/wp-content\/uploads\/sites\/3\/novotek-symbol-rgb-pos-white-border-512x512-1.png","contentUrl":"https:\/\/www.novotek.com\/ch\/wp-content\/uploads\/sites\/3\/novotek-symbol-rgb-pos-white-border-512x512-1.png","width":512,"height":512,"caption":"Novotek Switzerland AG"},"image":{"@id":"https:\/\/www.novotek.com\/ch\/#\/schema\/logo\/image\/"}}]}},"_links":{"self":[{"href":"https:\/\/www.novotek.com\/ch\/fr\/wp-json\/wp\/v2\/pages\/13549","targetHints":{"allow":["GET"]}}],"collection":[{"href":"https:\/\/www.novotek.com\/ch\/fr\/wp-json\/wp\/v2\/pages"}],"about":[{"href":"https:\/\/www.novotek.com\/ch\/fr\/wp-json\/wp\/v2\/types\/page"}],"author":[{"embeddable":true,"href":"https:\/\/www.novotek.com\/ch\/fr\/wp-json\/wp\/v2\/users\/15"}],"replies":[{"embeddable":true,"href":"https:\/\/www.novotek.com\/ch\/fr\/wp-json\/wp\/v2\/comments?post=13549"}],"version-history":[{"count":7,"href":"https:\/\/www.novotek.com\/ch\/fr\/wp-json\/wp\/v2\/pages\/13549\/revisions"}],"predecessor-version":[{"id":28745,"href":"https:\/\/www.novotek.com\/ch\/fr\/wp-json\/wp\/v2\/pages\/13549\/revisions\/28745"}],"up":[{"embeddable":true,"href":"https:\/\/www.novotek.com\/ch\/fr\/wp-json\/wp\/v2\/pages\/13545"}],"wp:featuredmedia":[{"embeddable":true,"href":"https:\/\/www.novotek.com\/ch\/fr\/wp-json\/wp\/v2\/media\/2950"}],"wp:attachment":[{"href":"https:\/\/www.novotek.com\/ch\/fr\/wp-json\/wp\/v2\/media?parent=13549"}],"curies":[{"name":"wp","href":"https:\/\/api.w.org\/{rel}","templated":true}]}}