{"id":13551,"date":"2023-01-05T10:23:32","date_gmt":"2023-01-05T10:23:32","guid":{"rendered":"https:\/\/www.novotek.com\/ch\/connect-digitalize-optimize\/"},"modified":"2023-08-18T08:57:14","modified_gmt":"2023-08-18T08:57:14","slug":"connect-digitalize-optimize","status":"publish","type":"page","link":"https:\/\/www.novotek.com\/ch\/fr\/novotek-switzerland-ag\/connect-digitalize-optimize\/","title":{"rendered":"connect | digitalize | optimize"},"content":{"rendered":"  <div class=\"hero\">\n    <div class=\"carousel hero-slider small\" data-flickity data-flickity-options='{\"prevNextButtons\": false}'>\n              <div class=\"carousel-cell\">\n          <div class=\"container\">\n            <div class=\"hero-content\">\n                              <h1>connect | digitalize | optimize<\/h1>\n<p>Nous connectons les personnes, les installations, les processus et les produits &#8211; de la p\u00e9riph\u00e9rie au cloud.<\/p>\n              \n                          <\/div>\n          <\/div>\n\n          <img decoding=\"async\" width=\"1024\" height=\"682\" src=\"https:\/\/www.novotek.com\/ch\/wp-content\/uploads\/sites\/3\/2021\/Novotek_UK\/Front_Page\/Connect\/Novotek_connect_world_duplex_cyan_1256x837px-1-1024x682.png\" class=\"hero-bg\" alt=\"Hero Img\" fetchpriority=\"high\" srcset=\"https:\/\/www.novotek.com\/ch\/wp-content\/uploads\/sites\/3\/2021\/Novotek_UK\/Front_Page\/Connect\/Novotek_connect_world_duplex_cyan_1256x837px-1-1024x682.png 1024w, https:\/\/www.novotek.com\/ch\/wp-content\/uploads\/sites\/3\/2021\/Novotek_UK\/Front_Page\/Connect\/Novotek_connect_world_duplex_cyan_1256x837px-1-300x200.png 300w, https:\/\/www.novotek.com\/ch\/wp-content\/uploads\/sites\/3\/2021\/Novotek_UK\/Front_Page\/Connect\/Novotek_connect_world_duplex_cyan_1256x837px-1-768x512.png 768w, https:\/\/www.novotek.com\/ch\/wp-content\/uploads\/sites\/3\/2021\/Novotek_UK\/Front_Page\/Connect\/Novotek_connect_world_duplex_cyan_1256x837px-1.png 1256w\" sizes=\"(max-width: 1024px) 100vw, 1024px\" \/>                  <\/div>\n          <\/div>\n\n      <\/div>\n\n   \n\n\n<div class=\"container-md spacer  \">\n<div style=\"height:50px\" aria-hidden=\"true\" class=\"wp-block-spacer\"><\/div>\n<\/div>\n\n<div class=\"container media-text  alignwide\">\n<div class=\"wp-block-media-text alignwide is-stacked-on-mobile\" style=\"grid-template-columns:40% auto\"><figure class=\"wp-block-media-text__media\"><img loading=\"lazy\" decoding=\"async\" width=\"1024\" height=\"784\" src=\"https:\/\/www.novotek.com\/ch\/wp-content\/uploads\/sites\/3\/\/Novotek_Website_fronpage_image_graphic_arrow-1024x784.jpg\" alt=\"\" class=\"wp-image-4959 size-full\" srcset=\"https:\/\/www.novotek.com\/ch\/wp-content\/uploads\/sites\/3\/Novotek_Website_fronpage_image_graphic_arrow-1024x784.jpg 1024w, https:\/\/www.novotek.com\/ch\/wp-content\/uploads\/sites\/3\/Novotek_Website_fronpage_image_graphic_arrow-300x230.jpg 300w, https:\/\/www.novotek.com\/ch\/wp-content\/uploads\/sites\/3\/Novotek_Website_fronpage_image_graphic_arrow-768x588.jpg 768w, https:\/\/www.novotek.com\/ch\/wp-content\/uploads\/sites\/3\/Novotek_Website_fronpage_image_graphic_arrow-1536x1176.jpg 1536w, https:\/\/www.novotek.com\/ch\/wp-content\/uploads\/sites\/3\/Novotek_Website_fronpage_image_graphic_arrow.jpg 1633w\" sizes=\"auto, (max-width: 1024px) 100vw, 1024px\" \/><\/figure><div class=\"wp-block-media-text__content\"><div class=\"container-md heading  \">\n<h2 class=\"wp-block-heading\">connect<\/h2>\n<\/div>\n\n<div class=\"container-md paragraph  \">\n<p>Commencez votre exp\u00e9rience num\u00e9rique en reliant vos installations de production avec d\u2019autres machines, syst\u00e8mes et personnes.<\/p>\n<\/div>\n\n<div class=\"container-md paragraph  \">\n<p>Une infrastructure de donn\u00e9es continue permet d\u2019optimiser les op\u00e9rations et les cycles. Elle forme en outre la base pour des nouvelles applications innovantes.<\/p>\n<\/div>\n\n<div class=\"container-md paragraph  \">\n<p>Que les donn\u00e9es soient transmises au Cloud ou enregistr\u00e9es au sein de l\u2019entreprise, les aspects de la s\u00e9curit\u00e9 rev\u00eatent un grande importance et doivent d\u2019embl\u00e9e \u00eatre int\u00e9gr\u00e9s aux solutions.&nbsp;<\/p>\n<\/div>\n\n<div class=\"container-md paragraph  \">\n<p>Avec notre approche agile DataOps pour la conception, l\u2019impl\u00e9mentation et la maintenance d\u2019une architecture de donn\u00e9es distribu\u00e9e, nous vous aidons \u00e0 veiller \u00e0 ce que toutes les donn\u00e9es de votre entreprise soient utilis\u00e9es avec une s\u00e9curit\u00e9, une flexibilit\u00e9 et une efficacit\u00e9 maximum.<\/p>\n<\/div><\/div><\/div>\n<\/div>\n\n<div class=\"container-md paragraph  \">\n<p> <\/p>\n<\/div>\n\n<div class=\"container-md spacer  \">\n<div style=\"height:50px\" aria-hidden=\"true\" class=\"wp-block-spacer\"><\/div>\n<\/div>\n\n<div class=\"container media-text  alignwide\">\n<div class=\"wp-block-media-text alignwide has-media-on-the-right is-stacked-on-mobile is-vertically-aligned-top\" style=\"grid-template-columns:auto 40%\"><div class=\"wp-block-media-text__content\"><div class=\"container-md heading  \">\n<h2 class=\"wp-block-heading\">digitalize<\/h2>\n<\/div>\n\n<div class=\"container-md paragraph  \">\n<p>Depuis de nombreuses ann\u00e9es, les visualisations de processus, les cycles de travail, les proc\u00e9dures et les processus qui contr\u00f4lent la fabrication tout au long de la cha\u00eene logistique enregistrent une am\u00e9lioration continue.<\/p>\n<\/div>\n\n<div class=\"container-md paragraph  \">\n<p>L\u2019automatisation de ces processus avec la num\u00e9risation va encore une \u00e9tape plus loin en surveillant, contr\u00f4lant, documentant et optimisant les cycles, ce qui fait passer la productivit\u00e9 \u00e0 la vitesse sup\u00e9rieure.<\/p>\n<\/div>\n\n<div class=\"container-md paragraph  \">\n<p>Qu\u2019il s\u2019agisse de donner une plus-value \u00e0 des actifs complexes, d\u2019am\u00e9liorer la maintenance ou de rechercher des moyens, il faut optimiser les processus industriels&nbsp;:<\/p>\n<\/div>\n\n<div class=\"container-md paragraph  \">\n<p>Les fonctions li\u00e9es \u00e0 la g\u00e9n\u00e9alogie, la planification \u00e0 court terme, le TRG, le reporting, etc. font tous partie int\u00e9grante de la transformation num\u00e9rique que vous promouvez en vue de l\u2019excellence op\u00e9rationnelle.<\/p>\n<\/div>\n\n<div class=\"container-md paragraph  \">\n<p>&nbsp;<\/p>\n<\/div><\/div><figure class=\"wp-block-media-text__media\"><img loading=\"lazy\" decoding=\"async\" width=\"1024\" height=\"784\" src=\"https:\/\/www.novotek.com\/ch\/wp-content\/uploads\/sites\/3\/\/Novotek_Website_fronpage_image_graphic_arrow2-1024x784.jpg\" alt=\"\" class=\"wp-image-4963 size-full\" srcset=\"https:\/\/www.novotek.com\/ch\/wp-content\/uploads\/sites\/3\/Novotek_Website_fronpage_image_graphic_arrow2-1024x784.jpg 1024w, https:\/\/www.novotek.com\/ch\/wp-content\/uploads\/sites\/3\/Novotek_Website_fronpage_image_graphic_arrow2-300x230.jpg 300w, https:\/\/www.novotek.com\/ch\/wp-content\/uploads\/sites\/3\/Novotek_Website_fronpage_image_graphic_arrow2-768x588.jpg 768w, https:\/\/www.novotek.com\/ch\/wp-content\/uploads\/sites\/3\/Novotek_Website_fronpage_image_graphic_arrow2-1536x1176.jpg 1536w, https:\/\/www.novotek.com\/ch\/wp-content\/uploads\/sites\/3\/Novotek_Website_fronpage_image_graphic_arrow2.jpg 1633w\" sizes=\"auto, (max-width: 1024px) 100vw, 1024px\" \/><\/figure><\/div>\n<\/div>\n\n<div class=\"container-md spacer  \">\n<div style=\"height:50px\" aria-hidden=\"true\" class=\"wp-block-spacer\"><\/div>\n<\/div>\n\n<div class=\"container media-text  alignwide\">\n<div class=\"wp-block-media-text alignwide is-stacked-on-mobile is-vertically-aligned-top\" style=\"grid-template-columns:40% auto\"><figure class=\"wp-block-media-text__media\"><img loading=\"lazy\" decoding=\"async\" width=\"1024\" height=\"784\" src=\"https:\/\/www.novotek.com\/ch\/wp-content\/uploads\/sites\/3\/\/Novotek_Website_fronpage_image_graphic_arrow3-1024x784.jpg\" alt=\"\" class=\"wp-image-4976 size-full\" srcset=\"https:\/\/www.novotek.com\/ch\/wp-content\/uploads\/sites\/3\/Novotek_Website_fronpage_image_graphic_arrow3-1024x784.jpg 1024w, https:\/\/www.novotek.com\/ch\/wp-content\/uploads\/sites\/3\/Novotek_Website_fronpage_image_graphic_arrow3-300x230.jpg 300w, https:\/\/www.novotek.com\/ch\/wp-content\/uploads\/sites\/3\/Novotek_Website_fronpage_image_graphic_arrow3-768x588.jpg 768w, https:\/\/www.novotek.com\/ch\/wp-content\/uploads\/sites\/3\/Novotek_Website_fronpage_image_graphic_arrow3-1536x1176.jpg 1536w, https:\/\/www.novotek.com\/ch\/wp-content\/uploads\/sites\/3\/Novotek_Website_fronpage_image_graphic_arrow3.jpg 1633w\" sizes=\"auto, (max-width: 1024px) 100vw, 1024px\" \/><\/figure><div class=\"wp-block-media-text__content\"><div class=\"container-md heading  \">\n<h2 class=\"wp-block-heading\">optimize<\/h2>\n<\/div>\n\n<div class=\"container-md paragraph  \">\n<p>Une fois que les bons composants logiciels sont \u00e0 l\u2019\u0153uvre et des mod\u00e8les de processus et des donn\u00e9es de processus sont disponibles, il est possible d\u2019identifier les points faibles de la productivit\u00e9 et d\u2019optimiser tous les aspects de l\u2019entreprise.&nbsp;<\/p>\n<\/div>\n\n<div class=\"container-md paragraph  \">\n<p>Qu\u2019il s\u2019agisse d\u2019une machine au sein d\u2019une application d\u2019apprentissage automatique ou d\u2019un flux complet de mat\u00e9riel dans une solution de planification, la m\u00e9thode de base pour l\u2019application d\u2019analyses sur les donn\u00e9es pertinentes reste la m\u00eame.<\/p>\n<\/div>\n\n<div class=\"container-md paragraph  \">\n<p>Vous pouvez d\u00e9velopper avec tous les types d\u2019analyse &#8211; entre autres AI et ML &#8211; des nouvelles strat\u00e9gies pour votre planification de production, trouver le bon mod\u00e8le de maintenance pr\u00e9dictive ou cr\u00e9er toute une flotte de jumeaux num\u00e9riques.<\/p>\n<\/div><\/div><\/div>\n<\/div>\n\n<div class=\"container-md spacer  \">\n<div style=\"height:50px\" aria-hidden=\"true\" class=\"wp-block-spacer\"><\/div>\n<\/div>","protected":false},"excerpt":{"rendered":"<p>Relier les personnes, les processus et les produits &#8211; depuis la production jusqu&rsquo;au Cloud<\/p>\n","protected":false},"author":8,"featured_media":0,"parent":13553,"menu_order":0,"comment_status":"closed","ping_status":"closed","template":"","meta":{"_acf_changed":false,"_relevanssi_hide_post":"","_relevanssi_pin_for_all":"","_relevanssi_pin_keywords":"","_relevanssi_unpin_keywords":"","_relevanssi_related_keywords":"","_relevanssi_related_include_ids":"","_relevanssi_related_exclude_ids":"","_relevanssi_related_no_append":"","_relevanssi_related_not_related":"","_relevanssi_related_posts":"4907,13565,12409,16685,16934,13569","_relevanssi_noindex_reason":"","content-type":"","footnotes":""},"class_list":["post-13551","page","type-page","status-publish","hentry"],"acf":[],"yoast_head":"<!-- This site is optimized with the Yoast SEO plugin v27.5 - https:\/\/yoast.com\/product\/yoast-seo-wordpress\/ -->\n<title>connect | digitalize | optimize - Novotek CH<\/title>\n<meta name=\"description\" content=\"Nous connectons les personnes, les installations, les processus et les produits - de la p\u00e9riph\u00e9rie au cloud.\" \/>\n<meta name=\"robots\" content=\"index, follow, max-snippet:-1, max-image-preview:large, max-video-preview:-1\" \/>\n<link rel=\"canonical\" href=\"https:\/\/www.novotek.com\/ch\/fr\/novotek-switzerland-ag\/connect-digitalize-optimize\/\" \/>\n<meta property=\"og:locale\" content=\"fr_FR\" \/>\n<meta property=\"og:type\" content=\"article\" \/>\n<meta property=\"og:title\" content=\"connect | digitalize | optimize - Novotek CH\" \/>\n<meta property=\"og:description\" content=\"Nous connectons les personnes, les installations, les processus et les produits - de la p\u00e9riph\u00e9rie au cloud.\" \/>\n<meta property=\"og:url\" content=\"https:\/\/www.novotek.com\/ch\/fr\/novotek-switzerland-ag\/connect-digitalize-optimize\/\" \/>\n<meta property=\"og:site_name\" content=\"Novotek CH\" \/>\n<meta property=\"article:modified_time\" content=\"2023-08-18T08:57:14+00:00\" \/>\n<meta property=\"og:image\" content=\"https:\/\/www.novotek.com\/ch\/wp-content\/uploads\/sites\/3\/\/Novotek_Website_fronpage_image_graphic_arrow-1024x784.jpg\" \/>\n<meta name=\"twitter:card\" content=\"summary_large_image\" \/>\n<meta name=\"twitter:label1\" content=\"Est. reading time\" \/>\n\t<meta name=\"twitter:data1\" content=\"3 minutes\" \/>\n<script type=\"application\/ld+json\" class=\"yoast-schema-graph\">{\"@context\":\"https:\\\/\\\/schema.org\",\"@graph\":[{\"@type\":\"WebPage\",\"@id\":\"https:\\\/\\\/www.novotek.com\\\/ch\\\/fr\\\/novotek-switzerland-ag\\\/connect-digitalize-optimize\\\/\",\"url\":\"https:\\\/\\\/www.novotek.com\\\/ch\\\/fr\\\/novotek-switzerland-ag\\\/connect-digitalize-optimize\\\/\",\"name\":\"connect | digitalize | optimize - Novotek CH\",\"isPartOf\":{\"@id\":\"https:\\\/\\\/www.novotek.com\\\/ch\\\/#website\"},\"primaryImageOfPage\":{\"@id\":\"https:\\\/\\\/www.novotek.com\\\/ch\\\/fr\\\/novotek-switzerland-ag\\\/connect-digitalize-optimize\\\/#primaryimage\"},\"image\":{\"@id\":\"https:\\\/\\\/www.novotek.com\\\/ch\\\/fr\\\/novotek-switzerland-ag\\\/connect-digitalize-optimize\\\/#primaryimage\"},\"thumbnailUrl\":\"https:\\\/\\\/www.novotek.com\\\/ch\\\/wp-content\\\/uploads\\\/sites\\\/3\\\/\\\/Novotek_Website_fronpage_image_graphic_arrow-1024x784.jpg\",\"datePublished\":\"2023-01-05T10:23:32+00:00\",\"dateModified\":\"2023-08-18T08:57:14+00:00\",\"description\":\"Nous connectons les personnes, les installations, les processus et les produits - de la p\u00e9riph\u00e9rie au cloud.\",\"breadcrumb\":{\"@id\":\"https:\\\/\\\/www.novotek.com\\\/ch\\\/fr\\\/novotek-switzerland-ag\\\/connect-digitalize-optimize\\\/#breadcrumb\"},\"inLanguage\":\"fr-CH\",\"potentialAction\":[{\"@type\":\"ReadAction\",\"target\":[\"https:\\\/\\\/www.novotek.com\\\/ch\\\/fr\\\/novotek-switzerland-ag\\\/connect-digitalize-optimize\\\/\"]}]},{\"@type\":\"ImageObject\",\"inLanguage\":\"fr-CH\",\"@id\":\"https:\\\/\\\/www.novotek.com\\\/ch\\\/fr\\\/novotek-switzerland-ag\\\/connect-digitalize-optimize\\\/#primaryimage\",\"url\":\"https:\\\/\\\/www.novotek.com\\\/ch\\\/wp-content\\\/uploads\\\/sites\\\/3\\\/\\\/Novotek_Website_fronpage_image_graphic_arrow-1024x784.jpg\",\"contentUrl\":\"https:\\\/\\\/www.novotek.com\\\/ch\\\/wp-content\\\/uploads\\\/sites\\\/3\\\/\\\/Novotek_Website_fronpage_image_graphic_arrow-1024x784.jpg\"},{\"@type\":\"BreadcrumbList\",\"@id\":\"https:\\\/\\\/www.novotek.com\\\/ch\\\/fr\\\/novotek-switzerland-ag\\\/connect-digitalize-optimize\\\/#breadcrumb\",\"itemListElement\":[{\"@type\":\"ListItem\",\"position\":1,\"name\":\"Home\",\"item\":\"https:\\\/\\\/www.novotek.com\\\/ch\\\/fr\\\/\"},{\"@type\":\"ListItem\",\"position\":2,\"name\":\"Novotek Switzerland\",\"item\":\"https:\\\/\\\/www.novotek.com\\\/ch\\\/fr\\\/\"},{\"@type\":\"ListItem\",\"position\":3,\"name\":\"connect | digitalize | optimize\"}]},{\"@type\":\"WebSite\",\"@id\":\"https:\\\/\\\/www.novotek.com\\\/ch\\\/#website\",\"url\":\"https:\\\/\\\/www.novotek.com\\\/ch\\\/\",\"name\":\"Novotek Switzerland AG\",\"description\":\"Connect - Digitalize - Optimize\",\"publisher\":{\"@id\":\"https:\\\/\\\/www.novotek.com\\\/ch\\\/#organization\"},\"potentialAction\":[{\"@type\":\"SearchAction\",\"target\":{\"@type\":\"EntryPoint\",\"urlTemplate\":\"https:\\\/\\\/www.novotek.com\\\/ch\\\/?s={search_term_string}\"},\"query-input\":{\"@type\":\"PropertyValueSpecification\",\"valueRequired\":true,\"valueName\":\"search_term_string\"}}],\"inLanguage\":\"fr-CH\"},{\"@type\":\"Organization\",\"@id\":\"https:\\\/\\\/www.novotek.com\\\/ch\\\/#organization\",\"name\":\"Novotek Switzerland AG\",\"url\":\"https:\\\/\\\/www.novotek.com\\\/ch\\\/\",\"logo\":{\"@type\":\"ImageObject\",\"inLanguage\":\"fr-CH\",\"@id\":\"https:\\\/\\\/www.novotek.com\\\/ch\\\/#\\\/schema\\\/logo\\\/image\\\/\",\"url\":\"https:\\\/\\\/www.novotek.com\\\/ch\\\/wp-content\\\/uploads\\\/sites\\\/3\\\/novotek-symbol-rgb-pos-white-border-512x512-1.png\",\"contentUrl\":\"https:\\\/\\\/www.novotek.com\\\/ch\\\/wp-content\\\/uploads\\\/sites\\\/3\\\/novotek-symbol-rgb-pos-white-border-512x512-1.png\",\"width\":512,\"height\":512,\"caption\":\"Novotek Switzerland AG\"},\"image\":{\"@id\":\"https:\\\/\\\/www.novotek.com\\\/ch\\\/#\\\/schema\\\/logo\\\/image\\\/\"}}]}<\/script>\n<!-- \/ Yoast SEO plugin. -->","yoast_head_json":{"title":"connect | digitalize | optimize - Novotek CH","description":"Nous connectons les personnes, les installations, les processus et les produits - de la p\u00e9riph\u00e9rie au cloud.","robots":{"index":"index","follow":"follow","max-snippet":"max-snippet:-1","max-image-preview":"max-image-preview:large","max-video-preview":"max-video-preview:-1"},"canonical":"https:\/\/www.novotek.com\/ch\/fr\/novotek-switzerland-ag\/connect-digitalize-optimize\/","og_locale":"fr_FR","og_type":"article","og_title":"connect | digitalize | optimize - Novotek CH","og_description":"Nous connectons les personnes, les installations, les processus et les produits - de la p\u00e9riph\u00e9rie au cloud.","og_url":"https:\/\/www.novotek.com\/ch\/fr\/novotek-switzerland-ag\/connect-digitalize-optimize\/","og_site_name":"Novotek CH","article_modified_time":"2023-08-18T08:57:14+00:00","og_image":[{"url":"https:\/\/www.novotek.com\/ch\/wp-content\/uploads\/sites\/3\/\/Novotek_Website_fronpage_image_graphic_arrow-1024x784.jpg","type":"","width":"","height":""}],"twitter_card":"summary_large_image","twitter_misc":{"Est. reading time":"3 minutes"},"schema":{"@context":"https:\/\/schema.org","@graph":[{"@type":"WebPage","@id":"https:\/\/www.novotek.com\/ch\/fr\/novotek-switzerland-ag\/connect-digitalize-optimize\/","url":"https:\/\/www.novotek.com\/ch\/fr\/novotek-switzerland-ag\/connect-digitalize-optimize\/","name":"connect | digitalize | optimize - Novotek CH","isPartOf":{"@id":"https:\/\/www.novotek.com\/ch\/#website"},"primaryImageOfPage":{"@id":"https:\/\/www.novotek.com\/ch\/fr\/novotek-switzerland-ag\/connect-digitalize-optimize\/#primaryimage"},"image":{"@id":"https:\/\/www.novotek.com\/ch\/fr\/novotek-switzerland-ag\/connect-digitalize-optimize\/#primaryimage"},"thumbnailUrl":"https:\/\/www.novotek.com\/ch\/wp-content\/uploads\/sites\/3\/\/Novotek_Website_fronpage_image_graphic_arrow-1024x784.jpg","datePublished":"2023-01-05T10:23:32+00:00","dateModified":"2023-08-18T08:57:14+00:00","description":"Nous connectons les personnes, les installations, les processus et les produits - de la p\u00e9riph\u00e9rie au cloud.","breadcrumb":{"@id":"https:\/\/www.novotek.com\/ch\/fr\/novotek-switzerland-ag\/connect-digitalize-optimize\/#breadcrumb"},"inLanguage":"fr-CH","potentialAction":[{"@type":"ReadAction","target":["https:\/\/www.novotek.com\/ch\/fr\/novotek-switzerland-ag\/connect-digitalize-optimize\/"]}]},{"@type":"ImageObject","inLanguage":"fr-CH","@id":"https:\/\/www.novotek.com\/ch\/fr\/novotek-switzerland-ag\/connect-digitalize-optimize\/#primaryimage","url":"https:\/\/www.novotek.com\/ch\/wp-content\/uploads\/sites\/3\/\/Novotek_Website_fronpage_image_graphic_arrow-1024x784.jpg","contentUrl":"https:\/\/www.novotek.com\/ch\/wp-content\/uploads\/sites\/3\/\/Novotek_Website_fronpage_image_graphic_arrow-1024x784.jpg"},{"@type":"BreadcrumbList","@id":"https:\/\/www.novotek.com\/ch\/fr\/novotek-switzerland-ag\/connect-digitalize-optimize\/#breadcrumb","itemListElement":[{"@type":"ListItem","position":1,"name":"Home","item":"https:\/\/www.novotek.com\/ch\/fr\/"},{"@type":"ListItem","position":2,"name":"Novotek Switzerland","item":"https:\/\/www.novotek.com\/ch\/fr\/"},{"@type":"ListItem","position":3,"name":"connect | digitalize | optimize"}]},{"@type":"WebSite","@id":"https:\/\/www.novotek.com\/ch\/#website","url":"https:\/\/www.novotek.com\/ch\/","name":"Novotek Switzerland AG","description":"Connect - Digitalize - Optimize","publisher":{"@id":"https:\/\/www.novotek.com\/ch\/#organization"},"potentialAction":[{"@type":"SearchAction","target":{"@type":"EntryPoint","urlTemplate":"https:\/\/www.novotek.com\/ch\/?s={search_term_string}"},"query-input":{"@type":"PropertyValueSpecification","valueRequired":true,"valueName":"search_term_string"}}],"inLanguage":"fr-CH"},{"@type":"Organization","@id":"https:\/\/www.novotek.com\/ch\/#organization","name":"Novotek Switzerland AG","url":"https:\/\/www.novotek.com\/ch\/","logo":{"@type":"ImageObject","inLanguage":"fr-CH","@id":"https:\/\/www.novotek.com\/ch\/#\/schema\/logo\/image\/","url":"https:\/\/www.novotek.com\/ch\/wp-content\/uploads\/sites\/3\/novotek-symbol-rgb-pos-white-border-512x512-1.png","contentUrl":"https:\/\/www.novotek.com\/ch\/wp-content\/uploads\/sites\/3\/novotek-symbol-rgb-pos-white-border-512x512-1.png","width":512,"height":512,"caption":"Novotek Switzerland AG"},"image":{"@id":"https:\/\/www.novotek.com\/ch\/#\/schema\/logo\/image\/"}}]}},"_links":{"self":[{"href":"https:\/\/www.novotek.com\/ch\/fr\/wp-json\/wp\/v2\/pages\/13551","targetHints":{"allow":["GET"]}}],"collection":[{"href":"https:\/\/www.novotek.com\/ch\/fr\/wp-json\/wp\/v2\/pages"}],"about":[{"href":"https:\/\/www.novotek.com\/ch\/fr\/wp-json\/wp\/v2\/types\/page"}],"author":[{"embeddable":true,"href":"https:\/\/www.novotek.com\/ch\/fr\/wp-json\/wp\/v2\/users\/8"}],"replies":[{"embeddable":true,"href":"https:\/\/www.novotek.com\/ch\/fr\/wp-json\/wp\/v2\/comments?post=13551"}],"version-history":[{"count":5,"href":"https:\/\/www.novotek.com\/ch\/fr\/wp-json\/wp\/v2\/pages\/13551\/revisions"}],"predecessor-version":[{"id":17679,"href":"https:\/\/www.novotek.com\/ch\/fr\/wp-json\/wp\/v2\/pages\/13551\/revisions\/17679"}],"up":[{"embeddable":true,"href":"https:\/\/www.novotek.com\/ch\/fr\/wp-json\/wp\/v2\/pages\/13553"}],"wp:attachment":[{"href":"https:\/\/www.novotek.com\/ch\/fr\/wp-json\/wp\/v2\/media?parent=13551"}],"curies":[{"name":"wp","href":"https:\/\/api.w.org\/{rel}","templated":true}]}}