{"id":13557,"date":"2023-01-05T10:23:52","date_gmt":"2023-01-05T10:23:52","guid":{"rendered":"https:\/\/www.novotek.com\/ch\/industrie\/chimie\/"},"modified":"2025-11-03T14:54:10","modified_gmt":"2025-11-03T14:54:10","slug":"chimie","status":"publish","type":"page","link":"https:\/\/www.novotek.com\/ch\/fr\/industrie\/chimie\/","title":{"rendered":"Chimie"},"content":{"rendered":"  <div class=\"hero\">\n    <div class=\"carousel hero-slider small\" data-flickity data-flickity-options='{\"prevNextButtons\": false}'>\n              <div class=\"carousel-cell\">\n          <div class=\"container\">\n            <div class=\"hero-content\">\n                              <h1>Chimie<\/h1>\n<p>Pour les industries chimiques, nous fournissons des solutions qui num\u00e9risent la gestion de la production, optimisent les processus et contr\u00f4lent les op\u00e9rations par lots. Pour ce faire, nos solutions collectent des donn\u00e9es actuelles et historiques, les analysent \u00e0 l&#8217;aide de l&#8217;IA et proposent des am\u00e9liorations.<\/p>\n              \n                          <\/div>\n          <\/div>\n\n          <img decoding=\"async\" width=\"1024\" height=\"427\" src=\"https:\/\/www.novotek.com\/ch\/wp-content\/uploads\/sites\/3\/Petrol_Chemicals_header_header1920x800-e1658496935901-1024x427.jpg.webp\" class=\"hero-bg\" alt=\"Hero Img\" fetchpriority=\"high\" srcset=\"https:\/\/www.novotek.com\/ch\/wp-content\/uploads\/sites\/3\/Petrol_Chemicals_header_header1920x800-e1658496935901-1024x427.jpg.webp 1024w, https:\/\/www.novotek.com\/ch\/wp-content\/uploads\/sites\/3\/Petrol_Chemicals_header_header1920x800-e1658496935901-300x125.jpg.webp 300w, https:\/\/www.novotek.com\/ch\/wp-content\/uploads\/sites\/3\/Petrol_Chemicals_header_header1920x800-e1658496935901-768x320.jpg.webp 768w, https:\/\/www.novotek.com\/ch\/wp-content\/uploads\/sites\/3\/Petrol_Chemicals_header_header1920x800-e1658496935901-1536x640.jpg.webp 1536w, https:\/\/www.novotek.com\/ch\/wp-content\/uploads\/sites\/3\/Petrol_Chemicals_header_header1920x800-e1658496935901.jpg.webp 1920w\" sizes=\"(max-width: 1024px) 100vw, 1024px\" \/>                  <\/div>\n          <\/div>\n\n      <\/div>\n\n   \n\n\n<div class=\"container-md group  \">\n<div class=\"wp-block-group\"><div class=\"wp-block-group__inner-container is-layout-flow wp-block-group-is-layout-flow\"><div class=\"container-md heading  alignfull\">\n<h2 class=\"wp-block-heading alignfull\" id=\"h-viser-l-excellence-operationnelle\">Viser l\u2019excellence op\u00e9rationnelle<\/h2>\n<\/div>\n\n<div class=\"container-md list  \">\n<ul class=\"wp-block-list\"><div class=\"container-md list-item  \">\n<li>Quelles sont les mati\u00e8res premi\u00e8res utilis\u00e9es dans un lot donn\u00e9&nbsp;?<\/li>\n<\/div>\n\n<div class=\"container-md list-item  \">\n<li>Comment puis-je planifier mes r\u00e9acteurs aussi efficacement que possible&nbsp;?<\/li>\n<\/div>\n\n<div class=\"container-md list-item  \">\n<li>Quelle est la qualit\u00e9 de mes produits (semi-)finis&nbsp;?&nbsp;<\/li>\n<\/div>\n\n<div class=\"container-md list-item  \">\n<li>Est-ce que mes employ\u00e9s respectent toutes les proc\u00e9dures&nbsp;?<\/li>\n<\/div><\/ul>\n<\/div>\n\n<div class=\"container-md paragraph  \">\n<p>Ce sont l\u00e0 des questions typiques dans le cadre d\u2019un processus de production chimique.&nbsp;Il n\u2019est toutefois pas souvent ais\u00e9 d\u2019y r\u00e9pondre.&nbsp;Les saisies manuelles laborieuses et l\u2019entr\u00e9e de donn\u00e9es dans un syst\u00e8me qui comporte un risque d\u2019erreur humaine ne sont malheureusement pas des exceptions.&nbsp;Au fil des ans, Novotek a r\u00e9solu beaucoup de ces probl\u00e8mes avec ses clients et partenaires, par le biais d\u2019une automatisation efficace.<\/p>\n<\/div><\/div>\n<\/div><\/div>\n\n<div class=\"container-md spacer  \">\n<div style=\"height:100px\" aria-hidden=\"true\" class=\"wp-block-spacer\"><\/div>\n<\/div>\n\n<div class=\"container media-text  alignwide\">\n<div class=\"wp-block-media-text alignwide has-media-on-the-right is-stacked-on-mobile\"><div class=\"wp-block-media-text__content\"><div class=\"container-md heading  \">\n<h3 class=\"wp-block-heading\" id=\"h-gestion-des-donnees\">Gestion des donn\u00e9es<\/h3>\n<\/div>\n\n<div class=\"container-md paragraph  \">\n<p>L\u2019excellence op\u00e9rationnelle commence par la bonne compr\u00e9hension de vos donn\u00e9es.&nbsp;Les informations doivent \u00eatre collect\u00e9es, stock\u00e9es, contextualis\u00e9es et visualis\u00e9es en temps r\u00e9el &#8211; elles doivent \u00eatre mises \u00e0 la disposition des bonnes personnes au bon moment afin de pouvoir prendre les bonnes d\u00e9cisions.<\/p>\n<\/div>\n\n<div class=\"container-md paragraph  \">\n<p>Nous vous proposons des solutions compl\u00e8tes avec des logiciels de pointe int\u00e9gr\u00e9s et \u00e9prouv\u00e9s pour la gestion et l\u2019analyse des donn\u00e9es, comme par ex. <a href=\"https:\/\/www.novotek.com\/ch\/fr\/smart-factory-mes\/proficy-historian\/\"><strong>Proficy Historian<\/strong><\/a> de GE Vernova.\u00a0Avec une solution optimale, tous les acteurs du processus de d\u00e9cision &#8211; technique, exploitation, niveau C et plus &#8211; peuvent acc\u00e9der aux informations sp\u00e9cifiques bas\u00e9es sur les fonctions et dont ils ont besoin pour leurs t\u00e2ches. Ils peuvent ainsi optimiser tous les aspects des processus et de l\u2019\u00e9quipement.<\/p>\n<\/div><\/div><figure class=\"wp-block-media-text__media\"><img loading=\"lazy\" decoding=\"async\" width=\"1024\" height=\"416\" src=\"https:\/\/www.novotek.com\/ch\/wp-content\/uploads\/sites\/3\/plant-applications-81-1-1024x416-1-1.png\" alt=\"\" class=\"wp-image-27896 size-full\" srcset=\"https:\/\/www.novotek.com\/ch\/wp-content\/uploads\/sites\/3\/plant-applications-81-1-1024x416-1-1.png 1024w, https:\/\/www.novotek.com\/ch\/wp-content\/uploads\/sites\/3\/plant-applications-81-1-1024x416-1-1-300x122.png 300w, https:\/\/www.novotek.com\/ch\/wp-content\/uploads\/sites\/3\/plant-applications-81-1-1024x416-1-1-768x312.png 768w, https:\/\/www.novotek.com\/ch\/wp-content\/uploads\/sites\/3\/plant-applications-81-1-1024x416-1-1-86x35.png 86w, https:\/\/www.novotek.com\/ch\/wp-content\/uploads\/sites\/3\/plant-applications-81-1-1024x416-1-1-306x124.png 306w, https:\/\/www.novotek.com\/ch\/wp-content\/uploads\/sites\/3\/plant-applications-81-1-1024x416-1-1-636x258.png 636w\" sizes=\"auto, (max-width: 1024px) 100vw, 1024px\" \/><\/figure><\/div>\n<\/div>\n\n<div class=\"container-md spacer  \">\n<div style=\"height:50px\" aria-hidden=\"true\" class=\"wp-block-spacer\"><\/div>\n<\/div>","protected":false},"excerpt":{"rendered":"<p>Dans le domaine de l\u2019industrie chimique, nous fournissons avant tout des solutions pour la num\u00e9risation de la gestion de la production. Nos solutions compl\u00e8tes collectent, enregistrent et visualisent ainsi les donn\u00e9es actuelles et historiques.<\/p>\n","protected":false},"author":15,"featured_media":3131,"parent":13545,"menu_order":5,"comment_status":"closed","ping_status":"closed","template":"","meta":{"_acf_changed":false,"_relevanssi_hide_post":"","_relevanssi_pin_for_all":"","_relevanssi_pin_keywords":"","_relevanssi_unpin_keywords":"","_relevanssi_related_keywords":"","_relevanssi_related_include_ids":"","_relevanssi_related_exclude_ids":"","_relevanssi_related_no_append":"","_relevanssi_related_not_related":"","_relevanssi_related_posts":"12884,13567,13573,13569,13565,13571","_relevanssi_noindex_reason":"","content-type":"","footnotes":""},"class_list":["post-13557","page","type-page","status-publish","has-post-thumbnail","hentry"],"acf":[],"yoast_head":"<!-- This site is optimized with the Yoast SEO plugin v27.4 - https:\/\/yoast.com\/product\/yoast-seo-wordpress\/ -->\n<title>Chimie - Novotek Switzerland<\/title>\n<meta name=\"description\" content=\"Pour la chimie, nous proposons des solutions de num\u00e9risation de la gestion de la production - saisie, sauvegarde, visualisation des donn\u00e9es.\" \/>\n<meta name=\"robots\" content=\"index, follow, max-snippet:-1, max-image-preview:large, max-video-preview:-1\" \/>\n<link rel=\"canonical\" href=\"https:\/\/www.novotek.com\/ch\/fr\/industrie\/chimie\/\" \/>\n<meta property=\"og:locale\" content=\"fr_FR\" \/>\n<meta property=\"og:type\" content=\"article\" \/>\n<meta property=\"og:title\" content=\"Chimie - Novotek Switzerland\" \/>\n<meta property=\"og:description\" content=\"Pour la chimie, nous proposons des solutions de num\u00e9risation de la gestion de la production - saisie, sauvegarde, visualisation des donn\u00e9es.\" \/>\n<meta property=\"og:url\" content=\"https:\/\/www.novotek.com\/ch\/fr\/industrie\/chimie\/\" \/>\n<meta property=\"og:site_name\" content=\"Novotek CH\" \/>\n<meta property=\"article:modified_time\" content=\"2025-11-03T14:54:10+00:00\" \/>\n<meta property=\"og:image\" content=\"https:\/\/www.novotek.com\/ch\/wp-content\/uploads\/sites\/3\/2021\/Novotek_UK\/Industries\/Petroleum_Gas_Chemicals\/Novotek_header_1920x800px.jpg.webp\" \/>\n\t<meta property=\"og:image:width\" content=\"1920\" \/>\n\t<meta property=\"og:image:height\" content=\"800\" \/>\n\t<meta property=\"og:image:type\" content=\"image\/jpeg\" \/>\n<meta name=\"twitter:card\" content=\"summary_large_image\" \/>\n<meta name=\"twitter:label1\" content=\"Est. reading time\" \/>\n\t<meta name=\"twitter:data1\" content=\"2 minutes\" \/>\n<script type=\"application\/ld+json\" class=\"yoast-schema-graph\">{\"@context\":\"https:\\\/\\\/schema.org\",\"@graph\":[{\"@type\":\"WebPage\",\"@id\":\"https:\\\/\\\/www.novotek.com\\\/ch\\\/fr\\\/industrie\\\/chimie\\\/\",\"url\":\"https:\\\/\\\/www.novotek.com\\\/ch\\\/fr\\\/industrie\\\/chimie\\\/\",\"name\":\"Chimie - Novotek Switzerland\",\"isPartOf\":{\"@id\":\"https:\\\/\\\/www.novotek.com\\\/ch\\\/#website\"},\"primaryImageOfPage\":{\"@id\":\"https:\\\/\\\/www.novotek.com\\\/ch\\\/fr\\\/industrie\\\/chimie\\\/#primaryimage\"},\"image\":{\"@id\":\"https:\\\/\\\/www.novotek.com\\\/ch\\\/fr\\\/industrie\\\/chimie\\\/#primaryimage\"},\"thumbnailUrl\":\"https:\\\/\\\/www.novotek.com\\\/ch\\\/wp-content\\\/uploads\\\/sites\\\/3\\\/2021\\\/Novotek_UK\\\/Industries\\\/Petroleum_Gas_Chemicals\\\/Novotek_header_1920x800px.jpg.webp\",\"datePublished\":\"2023-01-05T10:23:52+00:00\",\"dateModified\":\"2025-11-03T14:54:10+00:00\",\"description\":\"Pour la chimie, nous proposons des solutions de num\u00e9risation de la gestion de la production - saisie, sauvegarde, visualisation des donn\u00e9es.\",\"breadcrumb\":{\"@id\":\"https:\\\/\\\/www.novotek.com\\\/ch\\\/fr\\\/industrie\\\/chimie\\\/#breadcrumb\"},\"inLanguage\":\"fr-CH\",\"potentialAction\":[{\"@type\":\"ReadAction\",\"target\":[\"https:\\\/\\\/www.novotek.com\\\/ch\\\/fr\\\/industrie\\\/chimie\\\/\"]}]},{\"@type\":\"ImageObject\",\"inLanguage\":\"fr-CH\",\"@id\":\"https:\\\/\\\/www.novotek.com\\\/ch\\\/fr\\\/industrie\\\/chimie\\\/#primaryimage\",\"url\":\"https:\\\/\\\/www.novotek.com\\\/ch\\\/wp-content\\\/uploads\\\/sites\\\/3\\\/2021\\\/Novotek_UK\\\/Industries\\\/Petroleum_Gas_Chemicals\\\/Novotek_header_1920x800px.jpg.webp\",\"contentUrl\":\"https:\\\/\\\/www.novotek.com\\\/ch\\\/wp-content\\\/uploads\\\/sites\\\/3\\\/2021\\\/Novotek_UK\\\/Industries\\\/Petroleum_Gas_Chemicals\\\/Novotek_header_1920x800px.jpg.webp\",\"width\":1920,\"height\":800},{\"@type\":\"BreadcrumbList\",\"@id\":\"https:\\\/\\\/www.novotek.com\\\/ch\\\/fr\\\/industrie\\\/chimie\\\/#breadcrumb\",\"itemListElement\":[{\"@type\":\"ListItem\",\"position\":1,\"name\":\"Home\",\"item\":\"https:\\\/\\\/www.novotek.com\\\/ch\\\/fr\\\/\"},{\"@type\":\"ListItem\",\"position\":2,\"name\":\"Industrie\",\"item\":\"https:\\\/\\\/www.novotek.com\\\/ch\\\/fr\\\/industrie\\\/\"},{\"@type\":\"ListItem\",\"position\":3,\"name\":\"Chimie\"}]},{\"@type\":\"WebSite\",\"@id\":\"https:\\\/\\\/www.novotek.com\\\/ch\\\/#website\",\"url\":\"https:\\\/\\\/www.novotek.com\\\/ch\\\/\",\"name\":\"Novotek Switzerland AG\",\"description\":\"Connect - Digitalize - Optimize\",\"publisher\":{\"@id\":\"https:\\\/\\\/www.novotek.com\\\/ch\\\/#organization\"},\"potentialAction\":[{\"@type\":\"SearchAction\",\"target\":{\"@type\":\"EntryPoint\",\"urlTemplate\":\"https:\\\/\\\/www.novotek.com\\\/ch\\\/?s={search_term_string}\"},\"query-input\":{\"@type\":\"PropertyValueSpecification\",\"valueRequired\":true,\"valueName\":\"search_term_string\"}}],\"inLanguage\":\"fr-CH\"},{\"@type\":\"Organization\",\"@id\":\"https:\\\/\\\/www.novotek.com\\\/ch\\\/#organization\",\"name\":\"Novotek Switzerland AG\",\"url\":\"https:\\\/\\\/www.novotek.com\\\/ch\\\/\",\"logo\":{\"@type\":\"ImageObject\",\"inLanguage\":\"fr-CH\",\"@id\":\"https:\\\/\\\/www.novotek.com\\\/ch\\\/#\\\/schema\\\/logo\\\/image\\\/\",\"url\":\"https:\\\/\\\/www.novotek.com\\\/ch\\\/wp-content\\\/uploads\\\/sites\\\/3\\\/novotek-symbol-rgb-pos-white-border-512x512-1.png\",\"contentUrl\":\"https:\\\/\\\/www.novotek.com\\\/ch\\\/wp-content\\\/uploads\\\/sites\\\/3\\\/novotek-symbol-rgb-pos-white-border-512x512-1.png\",\"width\":512,\"height\":512,\"caption\":\"Novotek Switzerland AG\"},\"image\":{\"@id\":\"https:\\\/\\\/www.novotek.com\\\/ch\\\/#\\\/schema\\\/logo\\\/image\\\/\"}}]}<\/script>\n<!-- \/ Yoast SEO plugin. -->","yoast_head_json":{"title":"Chimie - Novotek Switzerland","description":"Pour la chimie, nous proposons des solutions de num\u00e9risation de la gestion de la production - saisie, sauvegarde, visualisation des donn\u00e9es.","robots":{"index":"index","follow":"follow","max-snippet":"max-snippet:-1","max-image-preview":"max-image-preview:large","max-video-preview":"max-video-preview:-1"},"canonical":"https:\/\/www.novotek.com\/ch\/fr\/industrie\/chimie\/","og_locale":"fr_FR","og_type":"article","og_title":"Chimie - Novotek Switzerland","og_description":"Pour la chimie, nous proposons des solutions de num\u00e9risation de la gestion de la production - saisie, sauvegarde, visualisation des donn\u00e9es.","og_url":"https:\/\/www.novotek.com\/ch\/fr\/industrie\/chimie\/","og_site_name":"Novotek CH","article_modified_time":"2025-11-03T14:54:10+00:00","og_image":[{"width":1920,"height":800,"url":"https:\/\/www.novotek.com\/ch\/wp-content\/uploads\/sites\/3\/2021\/Novotek_UK\/Industries\/Petroleum_Gas_Chemicals\/Novotek_header_1920x800px.jpg.webp","type":"image\/jpeg"}],"twitter_card":"summary_large_image","twitter_misc":{"Est. reading time":"2 minutes"},"schema":{"@context":"https:\/\/schema.org","@graph":[{"@type":"WebPage","@id":"https:\/\/www.novotek.com\/ch\/fr\/industrie\/chimie\/","url":"https:\/\/www.novotek.com\/ch\/fr\/industrie\/chimie\/","name":"Chimie - Novotek Switzerland","isPartOf":{"@id":"https:\/\/www.novotek.com\/ch\/#website"},"primaryImageOfPage":{"@id":"https:\/\/www.novotek.com\/ch\/fr\/industrie\/chimie\/#primaryimage"},"image":{"@id":"https:\/\/www.novotek.com\/ch\/fr\/industrie\/chimie\/#primaryimage"},"thumbnailUrl":"https:\/\/www.novotek.com\/ch\/wp-content\/uploads\/sites\/3\/2021\/Novotek_UK\/Industries\/Petroleum_Gas_Chemicals\/Novotek_header_1920x800px.jpg.webp","datePublished":"2023-01-05T10:23:52+00:00","dateModified":"2025-11-03T14:54:10+00:00","description":"Pour la chimie, nous proposons des solutions de num\u00e9risation de la gestion de la production - saisie, sauvegarde, visualisation des donn\u00e9es.","breadcrumb":{"@id":"https:\/\/www.novotek.com\/ch\/fr\/industrie\/chimie\/#breadcrumb"},"inLanguage":"fr-CH","potentialAction":[{"@type":"ReadAction","target":["https:\/\/www.novotek.com\/ch\/fr\/industrie\/chimie\/"]}]},{"@type":"ImageObject","inLanguage":"fr-CH","@id":"https:\/\/www.novotek.com\/ch\/fr\/industrie\/chimie\/#primaryimage","url":"https:\/\/www.novotek.com\/ch\/wp-content\/uploads\/sites\/3\/2021\/Novotek_UK\/Industries\/Petroleum_Gas_Chemicals\/Novotek_header_1920x800px.jpg.webp","contentUrl":"https:\/\/www.novotek.com\/ch\/wp-content\/uploads\/sites\/3\/2021\/Novotek_UK\/Industries\/Petroleum_Gas_Chemicals\/Novotek_header_1920x800px.jpg.webp","width":1920,"height":800},{"@type":"BreadcrumbList","@id":"https:\/\/www.novotek.com\/ch\/fr\/industrie\/chimie\/#breadcrumb","itemListElement":[{"@type":"ListItem","position":1,"name":"Home","item":"https:\/\/www.novotek.com\/ch\/fr\/"},{"@type":"ListItem","position":2,"name":"Industrie","item":"https:\/\/www.novotek.com\/ch\/fr\/industrie\/"},{"@type":"ListItem","position":3,"name":"Chimie"}]},{"@type":"WebSite","@id":"https:\/\/www.novotek.com\/ch\/#website","url":"https:\/\/www.novotek.com\/ch\/","name":"Novotek Switzerland AG","description":"Connect - Digitalize - Optimize","publisher":{"@id":"https:\/\/www.novotek.com\/ch\/#organization"},"potentialAction":[{"@type":"SearchAction","target":{"@type":"EntryPoint","urlTemplate":"https:\/\/www.novotek.com\/ch\/?s={search_term_string}"},"query-input":{"@type":"PropertyValueSpecification","valueRequired":true,"valueName":"search_term_string"}}],"inLanguage":"fr-CH"},{"@type":"Organization","@id":"https:\/\/www.novotek.com\/ch\/#organization","name":"Novotek Switzerland AG","url":"https:\/\/www.novotek.com\/ch\/","logo":{"@type":"ImageObject","inLanguage":"fr-CH","@id":"https:\/\/www.novotek.com\/ch\/#\/schema\/logo\/image\/","url":"https:\/\/www.novotek.com\/ch\/wp-content\/uploads\/sites\/3\/novotek-symbol-rgb-pos-white-border-512x512-1.png","contentUrl":"https:\/\/www.novotek.com\/ch\/wp-content\/uploads\/sites\/3\/novotek-symbol-rgb-pos-white-border-512x512-1.png","width":512,"height":512,"caption":"Novotek Switzerland AG"},"image":{"@id":"https:\/\/www.novotek.com\/ch\/#\/schema\/logo\/image\/"}}]}},"_links":{"self":[{"href":"https:\/\/www.novotek.com\/ch\/fr\/wp-json\/wp\/v2\/pages\/13557","targetHints":{"allow":["GET"]}}],"collection":[{"href":"https:\/\/www.novotek.com\/ch\/fr\/wp-json\/wp\/v2\/pages"}],"about":[{"href":"https:\/\/www.novotek.com\/ch\/fr\/wp-json\/wp\/v2\/types\/page"}],"author":[{"embeddable":true,"href":"https:\/\/www.novotek.com\/ch\/fr\/wp-json\/wp\/v2\/users\/15"}],"replies":[{"embeddable":true,"href":"https:\/\/www.novotek.com\/ch\/fr\/wp-json\/wp\/v2\/comments?post=13557"}],"version-history":[{"count":10,"href":"https:\/\/www.novotek.com\/ch\/fr\/wp-json\/wp\/v2\/pages\/13557\/revisions"}],"predecessor-version":[{"id":28443,"href":"https:\/\/www.novotek.com\/ch\/fr\/wp-json\/wp\/v2\/pages\/13557\/revisions\/28443"}],"up":[{"embeddable":true,"href":"https:\/\/www.novotek.com\/ch\/fr\/wp-json\/wp\/v2\/pages\/13545"}],"wp:featuredmedia":[{"embeddable":true,"href":"https:\/\/www.novotek.com\/ch\/fr\/wp-json\/wp\/v2\/media\/3131"}],"wp:attachment":[{"href":"https:\/\/www.novotek.com\/ch\/fr\/wp-json\/wp\/v2\/media?parent=13557"}],"curies":[{"name":"wp","href":"https:\/\/api.w.org\/{rel}","templated":true}]}}