{"id":13577,"date":"2023-01-05T10:26:21","date_gmt":"2023-01-05T10:26:21","guid":{"rendered":"https:\/\/www.novotek.com\/ch\/version-de-dmonstration-opc-router\/"},"modified":"2023-02-24T14:26:00","modified_gmt":"2023-02-24T14:26:00","slug":"version-de-dmonstration-opc-router","status":"publish","type":"page","link":"https:\/\/www.novotek.com\/ch\/fr\/connectivit\/opc-router-middleware-pour-les-donnees-industrielles\/version-de-dmonstration-opc-router\/","title":{"rendered":"Version de d&eacute;monstration OPC Router"},"content":{"rendered":"  <div class=\"hero\">\n    <div class=\"carousel hero-slider small\" data-flickity data-flickity-options='{\"prevNextButtons\": false}'>\n              <div class=\"carousel-cell\">\n          <div class=\"container\">\n            <div class=\"hero-content\">\n                              <h1>Version de d\u00e9monstration OPC Router<\/h1>\n<p class=\"elementor-heading-title elementor-size-default\"><strong>Testez gratuitement le OPC Router.<\/strong><br \/>\nLa d\u00e9mo du logiciel est enti\u00e8rement fonctionnelle et ne doit pas \u00eatre r\u00e9install\u00e9e lors de l&#8217;achat.<\/p>\n              \n                          <\/div>\n          <\/div>\n\n          <img decoding=\"async\" width=\"1024\" height=\"427\" src=\"https:\/\/www.novotek.com\/ch\/wp-content\/uploads\/sites\/3\/opc-router-download-dunkel-1024x427.jpg.webp\" class=\"hero-bg\" alt=\"Hero Img\" fetchpriority=\"high\" srcset=\"https:\/\/www.novotek.com\/ch\/wp-content\/uploads\/sites\/3\/opc-router-download-dunkel-1024x427.jpg.webp 1024w, https:\/\/www.novotek.com\/ch\/wp-content\/uploads\/sites\/3\/opc-router-download-dunkel-300x125.jpg.webp 300w, https:\/\/www.novotek.com\/ch\/wp-content\/uploads\/sites\/3\/opc-router-download-dunkel-768x320.jpg.webp 768w, https:\/\/www.novotek.com\/ch\/wp-content\/uploads\/sites\/3\/opc-router-download-dunkel-1536x640.jpg.webp 1536w, https:\/\/www.novotek.com\/ch\/wp-content\/uploads\/sites\/3\/opc-router-download-dunkel.jpg.webp 1920w\" sizes=\"(max-width: 1024px) 100vw, 1024px\" \/>                  <\/div>\n          <\/div>\n\n      <\/div>\n\n   \n\n\n<div class=\"container-md paragraph  \">\n<p>Apr\u00e8s avoir compl\u00e9t\u00e9 le formulaire, vous recevez rapidement un e-mail avec le lien pour votre t\u00e9l\u00e9chargement.<\/p>\n<\/div>\n\n<div class=\"container-md paragraph  \">\n<p><strong>Limitation de la d\u00e9monstration<br><\/strong>L\u2019OPC Router est pleinement fonctionnel pendant 2 heures. La p\u00e9riode de d\u00e9monstration peut \u00e0 tout moment \u00eatre r\u00e9p\u00e9t\u00e9e en arr\u00eatant et red\u00e9marrant l\u2019application. Il n\u2019y a pas d\u2019autre restriction.<\/p>\n<\/div>\n\n<div class=\"container-md spacer  \">\n<div style=\"height:30px\" aria-hidden=\"true\" class=\"wp-block-spacer\"><\/div>\n<\/div>\n\n<div class=\"container-md hubspot-form-block  \">\n<div class=\"wp-block-leadin-hubspot-form-block\">\n\t\t\t\t\t\t<script>\n\t\t\t\t\t\t\twindow.hsFormsOnReady = window.hsFormsOnReady || [];\n\t\t\t\t\t\t\twindow.hsFormsOnReady.push(()=>{\n\t\t\t\t\t\t\t\thbspt.forms.create({\n\t\t\t\t\t\t\t\t\tportalId: 1877088,\n\t\t\t\t\t\t\t\t\tformId: \"852af7ff-ca14-4559-99be-318524092939\",\n\t\t\t\t\t\t\t\t\ttarget: \"#hbspt-form-1775464958000-7235702492\",\n\t\t\t\t\t\t\t\t\tregion: \"na1\",\n\t\t\t\t\t\t\t\t\t\n\t\t\t\t\t\t\t})});\n\t\t\t\t\t\t<\/script>\n\t\t\t\t\t\t<div class=\"hbspt-form\" id=\"hbspt-form-1775464958000-7235702492\"><\/div><\/div>\n<\/div>\n\n<div class=\"container-md spacer  \">\n<div style=\"height:100px\" aria-hidden=\"true\" class=\"wp-block-spacer\"><\/div>\n<\/div>","protected":false},"excerpt":{"rendered":"<p>Testez maintenant l\u2019OPC Router gratuitement. Le logiciel de d\u00e9monstration est enti\u00e8rement fonctionnel et ne doit pas \u00eatre r\u00e9install\u00e9 en cas d\u2019achat.<\/p>\n","protected":false},"author":35,"featured_media":0,"parent":15945,"menu_order":1,"comment_status":"closed","ping_status":"closed","template":"","meta":{"_acf_changed":false,"_relevanssi_hide_post":"","_relevanssi_pin_for_all":"","_relevanssi_pin_keywords":"","_relevanssi_unpin_keywords":"","_relevanssi_related_keywords":"","_relevanssi_related_include_ids":"","_relevanssi_related_exclude_ids":"","_relevanssi_related_no_append":"","_relevanssi_related_not_related":"","_relevanssi_related_posts":"12409,12766,12884,6214,13571,13571","_relevanssi_noindex_reason":"","content-type":"","footnotes":""},"class_list":["post-13577","page","type-page","status-publish","hentry"],"acf":[],"yoast_head":"<!-- This site is optimized with the Yoast SEO plugin v27.3 - https:\/\/yoast.com\/product\/yoast-seo-wordpress\/ -->\n<title>Version de d&eacute;monstration OPC Router<\/title>\n<meta name=\"description\" content=\"Testez l\u2019OPC Router gratuitement\u00a0! Le logiciel de d\u00e9monstration est enti\u00e8rement fonctionnel et ne doit pas \u00eatre r\u00e9install\u00e9 en cas d\u2019achat.\" \/>\n<meta name=\"robots\" content=\"index, follow, max-snippet:-1, max-image-preview:large, max-video-preview:-1\" \/>\n<link rel=\"canonical\" href=\"https:\/\/www.novotek.com\/ch\/fr\/connectivit\/opc-router-middleware-pour-les-donnees-industrielles\/version-de-dmonstration-opc-router\/\" \/>\n<meta property=\"og:locale\" content=\"fr_FR\" \/>\n<meta property=\"og:type\" content=\"article\" \/>\n<meta property=\"og:title\" content=\"Version de d&eacute;monstration OPC Router\" \/>\n<meta property=\"og:description\" content=\"Testez l\u2019OPC Router gratuitement\u00a0! Le logiciel de d\u00e9monstration est enti\u00e8rement fonctionnel et ne doit pas \u00eatre r\u00e9install\u00e9 en cas d\u2019achat.\" \/>\n<meta property=\"og:url\" content=\"https:\/\/www.novotek.com\/ch\/fr\/connectivit\/opc-router-middleware-pour-les-donnees-industrielles\/version-de-dmonstration-opc-router\/\" \/>\n<meta property=\"og:site_name\" content=\"Novotek CH\" \/>\n<meta property=\"article:modified_time\" content=\"2023-02-24T14:26:00+00:00\" \/>\n<meta name=\"twitter:card\" content=\"summary_large_image\" \/>\n<meta name=\"twitter:label1\" content=\"Est. reading time\" \/>\n\t<meta name=\"twitter:data1\" content=\"1 minute\" \/>\n<script type=\"application\/ld+json\" class=\"yoast-schema-graph\">{\"@context\":\"https:\\\/\\\/schema.org\",\"@graph\":[{\"@type\":\"WebPage\",\"@id\":\"https:\\\/\\\/www.novotek.com\\\/ch\\\/fr\\\/connectivit\\\/opc-router-middleware-pour-les-donnees-industrielles\\\/version-de-dmonstration-opc-router\\\/\",\"url\":\"https:\\\/\\\/www.novotek.com\\\/ch\\\/fr\\\/connectivit\\\/opc-router-middleware-pour-les-donnees-industrielles\\\/version-de-dmonstration-opc-router\\\/\",\"name\":\"Version de d&eacute;monstration OPC Router\",\"isPartOf\":{\"@id\":\"https:\\\/\\\/www.novotek.com\\\/ch\\\/#website\"},\"datePublished\":\"2023-01-05T10:26:21+00:00\",\"dateModified\":\"2023-02-24T14:26:00+00:00\",\"description\":\"Testez l\u2019OPC Router gratuitement\u00a0! Le logiciel de d\u00e9monstration est enti\u00e8rement fonctionnel et ne doit pas \u00eatre r\u00e9install\u00e9 en cas d\u2019achat.\",\"breadcrumb\":{\"@id\":\"https:\\\/\\\/www.novotek.com\\\/ch\\\/fr\\\/connectivit\\\/opc-router-middleware-pour-les-donnees-industrielles\\\/version-de-dmonstration-opc-router\\\/#breadcrumb\"},\"inLanguage\":\"fr-CH\",\"potentialAction\":[{\"@type\":\"ReadAction\",\"target\":[\"https:\\\/\\\/www.novotek.com\\\/ch\\\/fr\\\/connectivit\\\/opc-router-middleware-pour-les-donnees-industrielles\\\/version-de-dmonstration-opc-router\\\/\"]}]},{\"@type\":\"BreadcrumbList\",\"@id\":\"https:\\\/\\\/www.novotek.com\\\/ch\\\/fr\\\/connectivit\\\/opc-router-middleware-pour-les-donnees-industrielles\\\/version-de-dmonstration-opc-router\\\/#breadcrumb\",\"itemListElement\":[{\"@type\":\"ListItem\",\"position\":1,\"name\":\"Home\",\"item\":\"https:\\\/\\\/www.novotek.com\\\/ch\\\/fr\\\/\"},{\"@type\":\"ListItem\",\"position\":2,\"name\":\"Connectivit&eacute;\",\"item\":\"https:\\\/\\\/www.novotek.com\\\/ch\\\/fr\\\/connectivit\\\/\"},{\"@type\":\"ListItem\",\"position\":3,\"name\":\"OPC Router &#8211; Middleware pour les donn\u00e9es industrielles\",\"item\":\"https:\\\/\\\/www.novotek.com\\\/ch\\\/fr\\\/connectivit\\\/opc-router-middleware-pour-les-donnees-industrielles\\\/\"},{\"@type\":\"ListItem\",\"position\":4,\"name\":\"Version de d&eacute;monstration OPC Router\"}]},{\"@type\":\"WebSite\",\"@id\":\"https:\\\/\\\/www.novotek.com\\\/ch\\\/#website\",\"url\":\"https:\\\/\\\/www.novotek.com\\\/ch\\\/\",\"name\":\"Novotek Switzerland AG\",\"description\":\"Connect - Digitalize - Optimize\",\"publisher\":{\"@id\":\"https:\\\/\\\/www.novotek.com\\\/ch\\\/#organization\"},\"potentialAction\":[{\"@type\":\"SearchAction\",\"target\":{\"@type\":\"EntryPoint\",\"urlTemplate\":\"https:\\\/\\\/www.novotek.com\\\/ch\\\/?s={search_term_string}\"},\"query-input\":{\"@type\":\"PropertyValueSpecification\",\"valueRequired\":true,\"valueName\":\"search_term_string\"}}],\"inLanguage\":\"fr-CH\"},{\"@type\":\"Organization\",\"@id\":\"https:\\\/\\\/www.novotek.com\\\/ch\\\/#organization\",\"name\":\"Novotek Switzerland AG\",\"url\":\"https:\\\/\\\/www.novotek.com\\\/ch\\\/\",\"logo\":{\"@type\":\"ImageObject\",\"inLanguage\":\"fr-CH\",\"@id\":\"https:\\\/\\\/www.novotek.com\\\/ch\\\/#\\\/schema\\\/logo\\\/image\\\/\",\"url\":\"https:\\\/\\\/www.novotek.com\\\/ch\\\/wp-content\\\/uploads\\\/sites\\\/3\\\/novotek-symbol-rgb-pos-white-border-512x512-1.png\",\"contentUrl\":\"https:\\\/\\\/www.novotek.com\\\/ch\\\/wp-content\\\/uploads\\\/sites\\\/3\\\/novotek-symbol-rgb-pos-white-border-512x512-1.png\",\"width\":512,\"height\":512,\"caption\":\"Novotek Switzerland AG\"},\"image\":{\"@id\":\"https:\\\/\\\/www.novotek.com\\\/ch\\\/#\\\/schema\\\/logo\\\/image\\\/\"}}]}<\/script>\n<!-- \/ Yoast SEO plugin. -->","yoast_head_json":{"title":"Version de d&eacute;monstration OPC Router","description":"Testez l\u2019OPC Router gratuitement\u00a0! Le logiciel de d\u00e9monstration est enti\u00e8rement fonctionnel et ne doit pas \u00eatre r\u00e9install\u00e9 en cas d\u2019achat.","robots":{"index":"index","follow":"follow","max-snippet":"max-snippet:-1","max-image-preview":"max-image-preview:large","max-video-preview":"max-video-preview:-1"},"canonical":"https:\/\/www.novotek.com\/ch\/fr\/connectivit\/opc-router-middleware-pour-les-donnees-industrielles\/version-de-dmonstration-opc-router\/","og_locale":"fr_FR","og_type":"article","og_title":"Version de d&eacute;monstration OPC Router","og_description":"Testez l\u2019OPC Router gratuitement\u00a0! Le logiciel de d\u00e9monstration est enti\u00e8rement fonctionnel et ne doit pas \u00eatre r\u00e9install\u00e9 en cas d\u2019achat.","og_url":"https:\/\/www.novotek.com\/ch\/fr\/connectivit\/opc-router-middleware-pour-les-donnees-industrielles\/version-de-dmonstration-opc-router\/","og_site_name":"Novotek CH","article_modified_time":"2023-02-24T14:26:00+00:00","twitter_card":"summary_large_image","twitter_misc":{"Est. reading time":"1 minute"},"schema":{"@context":"https:\/\/schema.org","@graph":[{"@type":"WebPage","@id":"https:\/\/www.novotek.com\/ch\/fr\/connectivit\/opc-router-middleware-pour-les-donnees-industrielles\/version-de-dmonstration-opc-router\/","url":"https:\/\/www.novotek.com\/ch\/fr\/connectivit\/opc-router-middleware-pour-les-donnees-industrielles\/version-de-dmonstration-opc-router\/","name":"Version de d&eacute;monstration OPC Router","isPartOf":{"@id":"https:\/\/www.novotek.com\/ch\/#website"},"datePublished":"2023-01-05T10:26:21+00:00","dateModified":"2023-02-24T14:26:00+00:00","description":"Testez l\u2019OPC Router gratuitement\u00a0! Le logiciel de d\u00e9monstration est enti\u00e8rement fonctionnel et ne doit pas \u00eatre r\u00e9install\u00e9 en cas d\u2019achat.","breadcrumb":{"@id":"https:\/\/www.novotek.com\/ch\/fr\/connectivit\/opc-router-middleware-pour-les-donnees-industrielles\/version-de-dmonstration-opc-router\/#breadcrumb"},"inLanguage":"fr-CH","potentialAction":[{"@type":"ReadAction","target":["https:\/\/www.novotek.com\/ch\/fr\/connectivit\/opc-router-middleware-pour-les-donnees-industrielles\/version-de-dmonstration-opc-router\/"]}]},{"@type":"BreadcrumbList","@id":"https:\/\/www.novotek.com\/ch\/fr\/connectivit\/opc-router-middleware-pour-les-donnees-industrielles\/version-de-dmonstration-opc-router\/#breadcrumb","itemListElement":[{"@type":"ListItem","position":1,"name":"Home","item":"https:\/\/www.novotek.com\/ch\/fr\/"},{"@type":"ListItem","position":2,"name":"Connectivit&eacute;","item":"https:\/\/www.novotek.com\/ch\/fr\/connectivit\/"},{"@type":"ListItem","position":3,"name":"OPC Router &#8211; Middleware pour les donn\u00e9es industrielles","item":"https:\/\/www.novotek.com\/ch\/fr\/connectivit\/opc-router-middleware-pour-les-donnees-industrielles\/"},{"@type":"ListItem","position":4,"name":"Version de d&eacute;monstration OPC Router"}]},{"@type":"WebSite","@id":"https:\/\/www.novotek.com\/ch\/#website","url":"https:\/\/www.novotek.com\/ch\/","name":"Novotek Switzerland AG","description":"Connect - Digitalize - Optimize","publisher":{"@id":"https:\/\/www.novotek.com\/ch\/#organization"},"potentialAction":[{"@type":"SearchAction","target":{"@type":"EntryPoint","urlTemplate":"https:\/\/www.novotek.com\/ch\/?s={search_term_string}"},"query-input":{"@type":"PropertyValueSpecification","valueRequired":true,"valueName":"search_term_string"}}],"inLanguage":"fr-CH"},{"@type":"Organization","@id":"https:\/\/www.novotek.com\/ch\/#organization","name":"Novotek Switzerland AG","url":"https:\/\/www.novotek.com\/ch\/","logo":{"@type":"ImageObject","inLanguage":"fr-CH","@id":"https:\/\/www.novotek.com\/ch\/#\/schema\/logo\/image\/","url":"https:\/\/www.novotek.com\/ch\/wp-content\/uploads\/sites\/3\/novotek-symbol-rgb-pos-white-border-512x512-1.png","contentUrl":"https:\/\/www.novotek.com\/ch\/wp-content\/uploads\/sites\/3\/novotek-symbol-rgb-pos-white-border-512x512-1.png","width":512,"height":512,"caption":"Novotek Switzerland AG"},"image":{"@id":"https:\/\/www.novotek.com\/ch\/#\/schema\/logo\/image\/"}}]}},"_links":{"self":[{"href":"https:\/\/www.novotek.com\/ch\/fr\/wp-json\/wp\/v2\/pages\/13577","targetHints":{"allow":["GET"]}}],"collection":[{"href":"https:\/\/www.novotek.com\/ch\/fr\/wp-json\/wp\/v2\/pages"}],"about":[{"href":"https:\/\/www.novotek.com\/ch\/fr\/wp-json\/wp\/v2\/types\/page"}],"author":[{"embeddable":true,"href":"https:\/\/www.novotek.com\/ch\/fr\/wp-json\/wp\/v2\/users\/35"}],"replies":[{"embeddable":true,"href":"https:\/\/www.novotek.com\/ch\/fr\/wp-json\/wp\/v2\/comments?post=13577"}],"version-history":[{"count":6,"href":"https:\/\/www.novotek.com\/ch\/fr\/wp-json\/wp\/v2\/pages\/13577\/revisions"}],"predecessor-version":[{"id":15240,"href":"https:\/\/www.novotek.com\/ch\/fr\/wp-json\/wp\/v2\/pages\/13577\/revisions\/15240"}],"up":[{"embeddable":true,"href":"https:\/\/www.novotek.com\/ch\/fr\/wp-json\/wp\/v2\/pages\/15945"}],"wp:attachment":[{"href":"https:\/\/www.novotek.com\/ch\/fr\/wp-json\/wp\/v2\/media?parent=13577"}],"curies":[{"name":"wp","href":"https:\/\/api.w.org\/{rel}","templated":true}]}}