{"id":13581,"date":"2023-01-05T10:26:49","date_gmt":"2023-01-05T10:26:49","guid":{"rendered":"https:\/\/www.novotek.com\/ch\/prestations-de-service\/conseil-personnalis\/"},"modified":"2023-02-27T07:46:11","modified_gmt":"2023-02-27T07:46:11","slug":"conseil-personnalis","status":"publish","type":"page","link":"https:\/\/www.novotek.com\/ch\/fr\/prestations-de-service\/conseil-personnalis\/","title":{"rendered":"Conseil personnalis&eacute;"},"content":{"rendered":"  <div class=\"hero\">\n    <div class=\"carousel hero-slider small\" data-flickity data-flickity-options='{\"prevNextButtons\": false}'>\n              <div class=\"carousel-cell\">\n          <div class=\"container\">\n            <div class=\"hero-content\">\n                              <h1>Conseil personnalis\u00e9<\/h1>\n<p><strong>Votre succ\u00e8s est notre objectif<\/strong><br \/>\nNos experts sont \u00e0 vos c\u00f4t\u00e9s pour vous conseiller et vous soutenir dans l&#8217;optimisation de vos processus de production. Notre objectif principal est d&#8217;assurer votre succ\u00e8s et de vous permettre de rester comp\u00e9titif.<\/p>\n              \n                          <\/div>\n          <\/div>\n\n          <img decoding=\"async\" width=\"1024\" height=\"426\" src=\"https:\/\/www.novotek.com\/ch\/wp-content\/uploads\/sites\/3\/2021\/Novotek_UK\/We_offer\/Consultancy\/Architectural_and_Solution_Consultancy-1024x426.jpg\" class=\"hero-bg\" alt=\"Hero Img\" fetchpriority=\"high\" srcset=\"https:\/\/www.novotek.com\/ch\/wp-content\/uploads\/sites\/3\/2021\/Novotek_UK\/We_offer\/Consultancy\/Architectural_and_Solution_Consultancy-1024x426.jpg 1024w, https:\/\/www.novotek.com\/ch\/wp-content\/uploads\/sites\/3\/2021\/Novotek_UK\/We_offer\/Consultancy\/Architectural_and_Solution_Consultancy-300x125.jpg 300w, https:\/\/www.novotek.com\/ch\/wp-content\/uploads\/sites\/3\/2021\/Novotek_UK\/We_offer\/Consultancy\/Architectural_and_Solution_Consultancy-768x320.jpg 768w, https:\/\/www.novotek.com\/ch\/wp-content\/uploads\/sites\/3\/2021\/Novotek_UK\/We_offer\/Consultancy\/Architectural_and_Solution_Consultancy-1536x639.jpg 1536w, https:\/\/www.novotek.com\/ch\/wp-content\/uploads\/sites\/3\/2021\/Novotek_UK\/We_offer\/Consultancy\/Architectural_and_Solution_Consultancy.jpg 1920w\" sizes=\"(max-width: 1024px) 100vw, 1024px\" \/>                  <\/div>\n          <\/div>\n\n      <\/div>\n\n   \n\n\n<div class=\"container-md spacer  \">\n<div style=\"height:50px\" aria-hidden=\"true\" class=\"wp-block-spacer\"><\/div>\n<\/div>\n\n<div class=\"container media-text  \">\n<div class=\"wp-block-media-text alignwide has-media-on-the-right is-stacked-on-mobile\" style=\"grid-template-columns:auto 47%\"><div class=\"wp-block-media-text__content\"><div class=\"container-md heading  \">\n<h2 class=\"wp-block-heading\" id=\"h-trouver-la-solution-optimale-avec-notre-expertise\"><strong>Trouver la solution optimale avec notre expertise<\/strong><\/h2>\n<\/div>\n\n<div class=\"container-md paragraph  \">\n<p>Les meilleures personnes et les meilleurs produits ne sont rien sans la parfaite compr\u00e9hension des besoins sp\u00e9cifiques des clients. Nous \u0153uvrons depuis plus de 35 ans dans ce domaine et comptons dans les pionniers du secteur. Nous vous procurons volontiers les bons outils pour que vous puissiez concevoir, g\u00e9rer et am\u00e9liorer vos processus de production de mani\u00e8re optimale.<\/p>\n<\/div>\n\n<div class=\"container-md paragraph  \">\n<p>Vous trouverez chez nous des praticiens jouissant d\u2019une longue exp\u00e9rience.<\/p>\n<\/div><\/div><figure class=\"wp-block-media-text__media\"><img loading=\"lazy\" decoding=\"async\" width=\"600\" height=\"600\" src=\"https:\/\/www.novotek.com\/ch\/wp-content\/uploads\/sites\/3\/Careers_Novotek_600x600.jpg\" alt=\"\" class=\"wp-image-7348 size-full\" srcset=\"https:\/\/www.novotek.com\/ch\/wp-content\/uploads\/sites\/3\/Careers_Novotek_600x600.jpg 600w, https:\/\/www.novotek.com\/ch\/wp-content\/uploads\/sites\/3\/Careers_Novotek_600x600-300x300.jpg 300w, https:\/\/www.novotek.com\/ch\/wp-content\/uploads\/sites\/3\/Careers_Novotek_600x600-150x150.jpg 150w\" sizes=\"auto, (max-width: 600px) 100vw, 600px\" \/><\/figure><\/div>\n<\/div>\n\n<div class=\"container-md spacer  \">\n<div style=\"height:100px\" aria-hidden=\"true\" class=\"wp-block-spacer\"><\/div>\n<\/div>\n\n  <div class=\"slider-column-parent\">\n    <div class=\"container\">\n      <div class=\"slider-column-title\">Notre offre<\/div>\n\n      <div class=\"slider-column\">\n        <div class=\"slider-cell carousel-cell large\"><div class=\"column-box\">\n  \n      <div class=\"title\">\n      Conseil personnalis\u00e9<\/br>&nbsp;    <\/div>\n  \n      <div class=\"text\">\n      <p><img loading=\"lazy\" decoding=\"async\" class=\"alignnone wp-image-7874 size-full\" src=\"https:\/\/www.novotek.com\/ch\/wp-content\/uploads\/sites\/3\/persoenliche_beratung_300x125.jpg\" alt=\"\" width=\"300\" height=\"125\" \/><\/p>\n<p>&nbsp;<\/p>\n<ul style=\"text-align: left\">\n<li>Concepts de transformation num\u00e9rique<\/li>\n<li>Conseil en projet &amp; optimisation des processus<\/li>\n<li>Num\u00e9risation des \u00e9tapes de processus manuels<\/li>\n<li>&#8220;Get Future Ready&#8221;<\/li>\n<\/ul>\n    <\/div>\n  \n  \n  <\/div>\n\n<\/div><div class=\"slider-cell carousel-cell large\"><div class=\"column-box\">\n  \n      <div class=\"title\">\n      Ing\u00e9nierie professionnelle    <\/div>\n  \n      <div class=\"text\">\n      <p><img loading=\"lazy\" decoding=\"async\" class=\"alignnone wp-image-7855 size-full\" src=\"https:\/\/www.novotek.com\/ch\/wp-content\/uploads\/sites\/3\/Novotek_Service_and_Support_Agreements_300x125.jpg\" alt=\"\" width=\"300\" height=\"125\" \/><\/p>\n<p>&nbsp;<\/p>\n<ul style=\"text-align: left\">\n<li>Analyse des t\u00e2ches<\/li>\n<li>Conception du projet &amp; cahier des charges<\/li>\n<li>Conception du syst\u00e8me &amp; architecture<\/li>\n<li>Concepts de virtualisation<\/li>\n<li>Optimisation &amp; Transformation<\/li>\n<\/ul>\n    <\/div>\n  \n  \n  <\/div>\n\n<\/div><div class=\"slider-cell carousel-cell large\"><div class=\"column-box\">\n  \n      <div class=\"title\">\n      Pour presque toutes les industries    <\/div>\n  \n      <div class=\"text\">\n      <p><img loading=\"lazy\" decoding=\"async\" class=\"alignnone wp-image-7868 size-full\" src=\"https:\/\/www.novotek.com\/ch\/wp-content\/uploads\/sites\/3\/Industries_header_300x125.jpg\" alt=\"\" width=\"300\" height=\"125\" \/><\/p>\n<p>&nbsp;<\/p>\n<ul style=\"text-align: left\">\n<li>Pharma &amp; Biotec<\/li>\n<li>Chimie<\/li>\n<li>Alimentation et boissons<\/li>\n<li>Technique de l&#8217;environnement<\/li>\n<li>Infrastructure<\/li>\n<li>Fabrication discr\u00e8te<\/li>\n<li>Ing\u00e9nierie m\u00e9canique<\/li>\n<\/ul>\n    <\/div>\n  \n  \n  <\/div>\n\n<\/div>      <\/div>\n    <\/div>\n  <\/div>\n\n\n<div class=\"cta-block\">\n  <div class=\"container\">\n          <h2><\/br>Nous vous en dirons plus avec plaisir!<\/h2>\n    \n          <div><p>Profitez de nos connaissances d\u2019experts et obtenez chez nous des informations sur la<br \/>\nsur la transformation num\u00e9rique, l\u2019automatisation ou l\u2019informatique industrielle.<\/p>\n<\/div>\n    \n          <a class=\"btn btn-primary\" href=\"https:\/\/www.novotek.com\/ch\/kontakt\/\">Contactez-nous<\/a>\n      <\/div>\n<\/div>\n","protected":false},"excerpt":{"rendered":"<p>Lors de la conception de vos processus de production, nos experts se tiennent \u00e0 vos c\u00f4t\u00e9s pour vous conseiller et vous aider. Car notre objectif majeur est de garantir votre succ\u00e8s tout en vous procurant un avantage concurrentiel.<\/p>\n","protected":false},"author":15,"featured_media":5667,"parent":13579,"menu_order":1,"comment_status":"closed","ping_status":"closed","template":"","meta":{"_acf_changed":false,"_relevanssi_hide_post":"","_relevanssi_pin_for_all":"","_relevanssi_pin_keywords":"","_relevanssi_unpin_keywords":"","_relevanssi_related_keywords":"","_relevanssi_related_include_ids":"","_relevanssi_related_exclude_ids":"","_relevanssi_related_no_append":"","_relevanssi_related_not_related":"","_relevanssi_related_posts":"13567,12884,13569,13573,13565,13571","_relevanssi_noindex_reason":"","content-type":"","footnotes":""},"class_list":["post-13581","page","type-page","status-publish","has-post-thumbnail","hentry"],"acf":[],"yoast_head":"<!-- This site is optimized with the Yoast SEO plugin v27.4 - https:\/\/yoast.com\/product\/yoast-seo-wordpress\/ -->\n<title>Conseil personnalis\u00e9 et ing\u00e9nierie professionnelle - Novotek<\/title>\n<meta name=\"description\" content=\"Notre objectif est votre succ\u00e8s. Lors de la conception de vos processus de production, nos experts se tiennent \u00e0 vos c\u00f4t\u00e9s avec leurs conseils &amp; ing\u00e9nierie.\" \/>\n<meta name=\"robots\" content=\"index, follow, max-snippet:-1, max-image-preview:large, max-video-preview:-1\" \/>\n<link rel=\"canonical\" href=\"https:\/\/www.novotek.com\/ch\/fr\/prestations-de-service\/conseil-personnalis\/\" \/>\n<meta property=\"og:locale\" content=\"fr_FR\" \/>\n<meta property=\"og:type\" content=\"article\" \/>\n<meta property=\"og:title\" content=\"Conseil personnalis\u00e9 et ing\u00e9nierie professionnelle - Novotek\" \/>\n<meta property=\"og:description\" content=\"Notre objectif est votre succ\u00e8s. Lors de la conception de vos processus de production, nos experts se tiennent \u00e0 vos c\u00f4t\u00e9s avec leurs conseils &amp; ing\u00e9nierie.\" \/>\n<meta property=\"og:url\" content=\"https:\/\/www.novotek.com\/ch\/fr\/prestations-de-service\/conseil-personnalis\/\" \/>\n<meta property=\"og:site_name\" content=\"Novotek CH\" \/>\n<meta property=\"article:modified_time\" content=\"2023-02-27T07:46:11+00:00\" \/>\n<meta property=\"og:image\" content=\"https:\/\/www.novotek.com\/ch\/wp-content\/uploads\/sites\/3\/2021\/Novotek_UK\/We_offer\/Consultancy\/Architectural_and_Solution_Consultancy.jpg\" \/>\n\t<meta property=\"og:image:width\" content=\"1920\" \/>\n\t<meta property=\"og:image:height\" content=\"799\" \/>\n\t<meta property=\"og:image:type\" content=\"image\/jpeg\" \/>\n<meta name=\"twitter:card\" content=\"summary_large_image\" \/>\n<meta name=\"twitter:label1\" content=\"Est. reading time\" \/>\n\t<meta name=\"twitter:data1\" content=\"1 minute\" \/>\n<script type=\"application\/ld+json\" class=\"yoast-schema-graph\">{\"@context\":\"https:\\\/\\\/schema.org\",\"@graph\":[{\"@type\":\"WebPage\",\"@id\":\"https:\\\/\\\/www.novotek.com\\\/ch\\\/fr\\\/prestations-de-service\\\/conseil-personnalis\\\/\",\"url\":\"https:\\\/\\\/www.novotek.com\\\/ch\\\/fr\\\/prestations-de-service\\\/conseil-personnalis\\\/\",\"name\":\"Conseil personnalis\u00e9 et ing\u00e9nierie professionnelle - Novotek\",\"isPartOf\":{\"@id\":\"https:\\\/\\\/www.novotek.com\\\/ch\\\/#website\"},\"primaryImageOfPage\":{\"@id\":\"https:\\\/\\\/www.novotek.com\\\/ch\\\/fr\\\/prestations-de-service\\\/conseil-personnalis\\\/#primaryimage\"},\"image\":{\"@id\":\"https:\\\/\\\/www.novotek.com\\\/ch\\\/fr\\\/prestations-de-service\\\/conseil-personnalis\\\/#primaryimage\"},\"thumbnailUrl\":\"https:\\\/\\\/www.novotek.com\\\/ch\\\/wp-content\\\/uploads\\\/sites\\\/3\\\/2021\\\/Novotek_UK\\\/We_offer\\\/Consultancy\\\/Architectural_and_Solution_Consultancy.jpg\",\"datePublished\":\"2023-01-05T10:26:49+00:00\",\"dateModified\":\"2023-02-27T07:46:11+00:00\",\"description\":\"Notre objectif est votre succ\u00e8s. Lors de la conception de vos processus de production, nos experts se tiennent \u00e0 vos c\u00f4t\u00e9s avec leurs conseils & ing\u00e9nierie.\",\"breadcrumb\":{\"@id\":\"https:\\\/\\\/www.novotek.com\\\/ch\\\/fr\\\/prestations-de-service\\\/conseil-personnalis\\\/#breadcrumb\"},\"inLanguage\":\"fr-CH\",\"potentialAction\":[{\"@type\":\"ReadAction\",\"target\":[\"https:\\\/\\\/www.novotek.com\\\/ch\\\/fr\\\/prestations-de-service\\\/conseil-personnalis\\\/\"]}]},{\"@type\":\"ImageObject\",\"inLanguage\":\"fr-CH\",\"@id\":\"https:\\\/\\\/www.novotek.com\\\/ch\\\/fr\\\/prestations-de-service\\\/conseil-personnalis\\\/#primaryimage\",\"url\":\"https:\\\/\\\/www.novotek.com\\\/ch\\\/wp-content\\\/uploads\\\/sites\\\/3\\\/2021\\\/Novotek_UK\\\/We_offer\\\/Consultancy\\\/Architectural_and_Solution_Consultancy.jpg\",\"contentUrl\":\"https:\\\/\\\/www.novotek.com\\\/ch\\\/wp-content\\\/uploads\\\/sites\\\/3\\\/2021\\\/Novotek_UK\\\/We_offer\\\/Consultancy\\\/Architectural_and_Solution_Consultancy.jpg\",\"width\":1920,\"height\":799},{\"@type\":\"BreadcrumbList\",\"@id\":\"https:\\\/\\\/www.novotek.com\\\/ch\\\/fr\\\/prestations-de-service\\\/conseil-personnalis\\\/#breadcrumb\",\"itemListElement\":[{\"@type\":\"ListItem\",\"position\":1,\"name\":\"Home\",\"item\":\"https:\\\/\\\/www.novotek.com\\\/ch\\\/fr\\\/\"},{\"@type\":\"ListItem\",\"position\":2,\"name\":\"Nos services\",\"item\":\"https:\\\/\\\/www.novotek.com\\\/ch\\\/fr\\\/prestations-de-service\\\/\"},{\"@type\":\"ListItem\",\"position\":3,\"name\":\"Conseil personnalis&eacute;\"}]},{\"@type\":\"WebSite\",\"@id\":\"https:\\\/\\\/www.novotek.com\\\/ch\\\/#website\",\"url\":\"https:\\\/\\\/www.novotek.com\\\/ch\\\/\",\"name\":\"Novotek Switzerland AG\",\"description\":\"Connect - Digitalize - Optimize\",\"publisher\":{\"@id\":\"https:\\\/\\\/www.novotek.com\\\/ch\\\/#organization\"},\"potentialAction\":[{\"@type\":\"SearchAction\",\"target\":{\"@type\":\"EntryPoint\",\"urlTemplate\":\"https:\\\/\\\/www.novotek.com\\\/ch\\\/?s={search_term_string}\"},\"query-input\":{\"@type\":\"PropertyValueSpecification\",\"valueRequired\":true,\"valueName\":\"search_term_string\"}}],\"inLanguage\":\"fr-CH\"},{\"@type\":\"Organization\",\"@id\":\"https:\\\/\\\/www.novotek.com\\\/ch\\\/#organization\",\"name\":\"Novotek Switzerland AG\",\"url\":\"https:\\\/\\\/www.novotek.com\\\/ch\\\/\",\"logo\":{\"@type\":\"ImageObject\",\"inLanguage\":\"fr-CH\",\"@id\":\"https:\\\/\\\/www.novotek.com\\\/ch\\\/#\\\/schema\\\/logo\\\/image\\\/\",\"url\":\"https:\\\/\\\/www.novotek.com\\\/ch\\\/wp-content\\\/uploads\\\/sites\\\/3\\\/novotek-symbol-rgb-pos-white-border-512x512-1.png\",\"contentUrl\":\"https:\\\/\\\/www.novotek.com\\\/ch\\\/wp-content\\\/uploads\\\/sites\\\/3\\\/novotek-symbol-rgb-pos-white-border-512x512-1.png\",\"width\":512,\"height\":512,\"caption\":\"Novotek Switzerland AG\"},\"image\":{\"@id\":\"https:\\\/\\\/www.novotek.com\\\/ch\\\/#\\\/schema\\\/logo\\\/image\\\/\"}}]}<\/script>\n<!-- \/ Yoast SEO plugin. -->","yoast_head_json":{"title":"Conseil personnalis\u00e9 et ing\u00e9nierie professionnelle - Novotek","description":"Notre objectif est votre succ\u00e8s. Lors de la conception de vos processus de production, nos experts se tiennent \u00e0 vos c\u00f4t\u00e9s avec leurs conseils & ing\u00e9nierie.","robots":{"index":"index","follow":"follow","max-snippet":"max-snippet:-1","max-image-preview":"max-image-preview:large","max-video-preview":"max-video-preview:-1"},"canonical":"https:\/\/www.novotek.com\/ch\/fr\/prestations-de-service\/conseil-personnalis\/","og_locale":"fr_FR","og_type":"article","og_title":"Conseil personnalis\u00e9 et ing\u00e9nierie professionnelle - Novotek","og_description":"Notre objectif est votre succ\u00e8s. Lors de la conception de vos processus de production, nos experts se tiennent \u00e0 vos c\u00f4t\u00e9s avec leurs conseils & ing\u00e9nierie.","og_url":"https:\/\/www.novotek.com\/ch\/fr\/prestations-de-service\/conseil-personnalis\/","og_site_name":"Novotek CH","article_modified_time":"2023-02-27T07:46:11+00:00","og_image":[{"width":1920,"height":799,"url":"https:\/\/www.novotek.com\/ch\/wp-content\/uploads\/sites\/3\/2021\/Novotek_UK\/We_offer\/Consultancy\/Architectural_and_Solution_Consultancy.jpg","type":"image\/jpeg"}],"twitter_card":"summary_large_image","twitter_misc":{"Est. reading time":"1 minute"},"schema":{"@context":"https:\/\/schema.org","@graph":[{"@type":"WebPage","@id":"https:\/\/www.novotek.com\/ch\/fr\/prestations-de-service\/conseil-personnalis\/","url":"https:\/\/www.novotek.com\/ch\/fr\/prestations-de-service\/conseil-personnalis\/","name":"Conseil personnalis\u00e9 et ing\u00e9nierie professionnelle - Novotek","isPartOf":{"@id":"https:\/\/www.novotek.com\/ch\/#website"},"primaryImageOfPage":{"@id":"https:\/\/www.novotek.com\/ch\/fr\/prestations-de-service\/conseil-personnalis\/#primaryimage"},"image":{"@id":"https:\/\/www.novotek.com\/ch\/fr\/prestations-de-service\/conseil-personnalis\/#primaryimage"},"thumbnailUrl":"https:\/\/www.novotek.com\/ch\/wp-content\/uploads\/sites\/3\/2021\/Novotek_UK\/We_offer\/Consultancy\/Architectural_and_Solution_Consultancy.jpg","datePublished":"2023-01-05T10:26:49+00:00","dateModified":"2023-02-27T07:46:11+00:00","description":"Notre objectif est votre succ\u00e8s. Lors de la conception de vos processus de production, nos experts se tiennent \u00e0 vos c\u00f4t\u00e9s avec leurs conseils & ing\u00e9nierie.","breadcrumb":{"@id":"https:\/\/www.novotek.com\/ch\/fr\/prestations-de-service\/conseil-personnalis\/#breadcrumb"},"inLanguage":"fr-CH","potentialAction":[{"@type":"ReadAction","target":["https:\/\/www.novotek.com\/ch\/fr\/prestations-de-service\/conseil-personnalis\/"]}]},{"@type":"ImageObject","inLanguage":"fr-CH","@id":"https:\/\/www.novotek.com\/ch\/fr\/prestations-de-service\/conseil-personnalis\/#primaryimage","url":"https:\/\/www.novotek.com\/ch\/wp-content\/uploads\/sites\/3\/2021\/Novotek_UK\/We_offer\/Consultancy\/Architectural_and_Solution_Consultancy.jpg","contentUrl":"https:\/\/www.novotek.com\/ch\/wp-content\/uploads\/sites\/3\/2021\/Novotek_UK\/We_offer\/Consultancy\/Architectural_and_Solution_Consultancy.jpg","width":1920,"height":799},{"@type":"BreadcrumbList","@id":"https:\/\/www.novotek.com\/ch\/fr\/prestations-de-service\/conseil-personnalis\/#breadcrumb","itemListElement":[{"@type":"ListItem","position":1,"name":"Home","item":"https:\/\/www.novotek.com\/ch\/fr\/"},{"@type":"ListItem","position":2,"name":"Nos services","item":"https:\/\/www.novotek.com\/ch\/fr\/prestations-de-service\/"},{"@type":"ListItem","position":3,"name":"Conseil personnalis&eacute;"}]},{"@type":"WebSite","@id":"https:\/\/www.novotek.com\/ch\/#website","url":"https:\/\/www.novotek.com\/ch\/","name":"Novotek Switzerland AG","description":"Connect - Digitalize - Optimize","publisher":{"@id":"https:\/\/www.novotek.com\/ch\/#organization"},"potentialAction":[{"@type":"SearchAction","target":{"@type":"EntryPoint","urlTemplate":"https:\/\/www.novotek.com\/ch\/?s={search_term_string}"},"query-input":{"@type":"PropertyValueSpecification","valueRequired":true,"valueName":"search_term_string"}}],"inLanguage":"fr-CH"},{"@type":"Organization","@id":"https:\/\/www.novotek.com\/ch\/#organization","name":"Novotek Switzerland AG","url":"https:\/\/www.novotek.com\/ch\/","logo":{"@type":"ImageObject","inLanguage":"fr-CH","@id":"https:\/\/www.novotek.com\/ch\/#\/schema\/logo\/image\/","url":"https:\/\/www.novotek.com\/ch\/wp-content\/uploads\/sites\/3\/novotek-symbol-rgb-pos-white-border-512x512-1.png","contentUrl":"https:\/\/www.novotek.com\/ch\/wp-content\/uploads\/sites\/3\/novotek-symbol-rgb-pos-white-border-512x512-1.png","width":512,"height":512,"caption":"Novotek Switzerland AG"},"image":{"@id":"https:\/\/www.novotek.com\/ch\/#\/schema\/logo\/image\/"}}]}},"_links":{"self":[{"href":"https:\/\/www.novotek.com\/ch\/fr\/wp-json\/wp\/v2\/pages\/13581","targetHints":{"allow":["GET"]}}],"collection":[{"href":"https:\/\/www.novotek.com\/ch\/fr\/wp-json\/wp\/v2\/pages"}],"about":[{"href":"https:\/\/www.novotek.com\/ch\/fr\/wp-json\/wp\/v2\/types\/page"}],"author":[{"embeddable":true,"href":"https:\/\/www.novotek.com\/ch\/fr\/wp-json\/wp\/v2\/users\/15"}],"replies":[{"embeddable":true,"href":"https:\/\/www.novotek.com\/ch\/fr\/wp-json\/wp\/v2\/comments?post=13581"}],"version-history":[{"count":10,"href":"https:\/\/www.novotek.com\/ch\/fr\/wp-json\/wp\/v2\/pages\/13581\/revisions"}],"predecessor-version":[{"id":15365,"href":"https:\/\/www.novotek.com\/ch\/fr\/wp-json\/wp\/v2\/pages\/13581\/revisions\/15365"}],"up":[{"embeddable":true,"href":"https:\/\/www.novotek.com\/ch\/fr\/wp-json\/wp\/v2\/pages\/13579"}],"wp:featuredmedia":[{"embeddable":true,"href":"https:\/\/www.novotek.com\/ch\/fr\/wp-json\/wp\/v2\/media\/5667"}],"wp:attachment":[{"href":"https:\/\/www.novotek.com\/ch\/fr\/wp-json\/wp\/v2\/media?parent=13581"}],"curies":[{"name":"wp","href":"https:\/\/api.w.org\/{rel}","templated":true}]}}