{"id":13583,"date":"2023-01-05T10:27:15","date_gmt":"2023-01-05T10:27:15","guid":{"rendered":"https:\/\/www.novotek.com\/ch\/prestations-de-service\/assistance-technique\/"},"modified":"2025-03-07T16:02:21","modified_gmt":"2025-03-07T16:02:21","slug":"assistance-technique","status":"publish","type":"page","link":"https:\/\/www.novotek.com\/ch\/fr\/prestations-de-service\/assistance-technique\/","title":{"rendered":"Assistance technique"},"content":{"rendered":"  <div class=\"hero\">\n    <div class=\"carousel hero-slider small\" data-flickity data-flickity-options='{\"prevNextButtons\": false}'>\n              <div class=\"carousel-cell\">\n          <div class=\"container\">\n            <div class=\"hero-content\">\n                              <h1>Assistance technique<\/h1>\n<p><strong>Nous vous aidons.<\/strong><br \/>\nNotre service d&#8217;assistance se tient \u00e0 votre disposition pour r\u00e9pondre rapidement et simplement \u00e0 vos questions techniques et aux interruptions du syst\u00e8me. Contactez-nous pour toute question relative \u00e0 l&#8217;utilisation de nos produits, en cas d&#8217;interruption de la communication ou de dysfonctionnement g\u00e9n\u00e9ral de l&#8217;application.<\/p>\n              \n                              <a class=\"btn btn-primary\" href=\"https:\/\/www.novotek.com\/ch\/fr\/prestations-de-service\/assistance-technique\/demande-dassistance\/\">\n                  Demande d\u2019assistance                <\/a>\n                          <\/div>\n          <\/div>\n\n          <img decoding=\"async\" width=\"1024\" height=\"427\" src=\"https:\/\/www.novotek.com\/ch\/wp-content\/uploads\/sites\/3\/2021\/Novotek_UK\/We_offer\/Technical_Support\/Novotek_technical_support_duotone_1920x800-1024x427.jpg\" class=\"hero-bg\" alt=\"Hero Img\" fetchpriority=\"high\" srcset=\"https:\/\/www.novotek.com\/ch\/wp-content\/uploads\/sites\/3\/2021\/Novotek_UK\/We_offer\/Technical_Support\/Novotek_technical_support_duotone_1920x800-1024x427.jpg 1024w, https:\/\/www.novotek.com\/ch\/wp-content\/uploads\/sites\/3\/2021\/Novotek_UK\/We_offer\/Technical_Support\/Novotek_technical_support_duotone_1920x800-300x125.jpg 300w, https:\/\/www.novotek.com\/ch\/wp-content\/uploads\/sites\/3\/2021\/Novotek_UK\/We_offer\/Technical_Support\/Novotek_technical_support_duotone_1920x800-768x320.jpg 768w, https:\/\/www.novotek.com\/ch\/wp-content\/uploads\/sites\/3\/2021\/Novotek_UK\/We_offer\/Technical_Support\/Novotek_technical_support_duotone_1920x800-1536x640.jpg 1536w, https:\/\/www.novotek.com\/ch\/wp-content\/uploads\/sites\/3\/2021\/Novotek_UK\/We_offer\/Technical_Support\/Novotek_technical_support_duotone_1920x800.jpg 1920w\" sizes=\"(max-width: 1024px) 100vw, 1024px\" \/>                  <\/div>\n          <\/div>\n\n      <\/div>\n\n   \n\n\n<div class=\"container-md group  \">\n<div class=\"wp-block-group\"><div class=\"wp-block-group__inner-container is-layout-flow wp-block-group-is-layout-flow\"><div class=\"container-md heading  alignfull\">\n<h2 class=\"wp-block-heading alignfull\" id=\"h-la-competence-pour-le-materiel-et-les-logiciels\">La comp\u00e9tence pour le mat\u00e9riel et les logiciels<\/h2>\n<\/div>\n\n<div class=\"container-md paragraph  \">\n<p>Nos ing\u00e9nieurs sont des experts en application de nos produits, en sp\u00e9cifications d\u2019architectures de syst\u00e8me et en communication tous syst\u00e8mes confondus. Nous vous aidons dans l\u2019impl\u00e9mentation de vos projets et dans l\u2019analyse des erreurs. Notre savoir-faire permet d\u2019identifier rapidement et minutieusement les causes en toute fiabilit\u00e9, m\u00eame dans des applications plus complexes. En plus de son expertise pour les produits et leur application, Novotek Switzerland AG vous propose une large gamme de formations et de services d\u2019ing\u00e9nierie, avant, pendant et apr\u00e8s l\u2019impl\u00e9mentation.<\/p>\n<\/div><\/div>\n<\/div><\/div>\n\n<div class=\"container-md spacer  \">\n<div style=\"height:30px\" aria-hidden=\"true\" class=\"wp-block-spacer\"><\/div>\n<\/div>\n\n  <div class=\"slider-column-parent\">\n    <div class=\"container\">\n      <div class=\"slider-column-title\">Notre service d&#8217;assistance<\/div>\n\n      <div class=\"slider-column\">\n        <div class=\"slider-cell carousel-cell large\"><div class=\"column-box\">\n      <div class=\"icon \">\n      <img loading=\"lazy\" decoding=\"async\" width=\"150\" height=\"150\" src=\"https:\/\/www.novotek.com\/ch\/wp-content\/uploads\/sites\/3\/Ikon-Zahnrad-150x150.png.webp\" class=\"attachment-thumbnail size-thumbnail\" alt=\"\" srcset=\"https:\/\/www.novotek.com\/ch\/wp-content\/uploads\/sites\/3\/Ikon-Zahnrad-150x150.png.webp 150w, https:\/\/www.novotek.com\/ch\/wp-content\/uploads\/sites\/3\/Ikon-Zahnrad-300x300.png.webp 300w, https:\/\/www.novotek.com\/ch\/wp-content\/uploads\/sites\/3\/Ikon-Zahnrad.png.webp 404w\" sizes=\"auto, (max-width: 150px) 100vw, 150px\" \/>    <\/div>\n  \n      <div class=\"title\">\n      Assistance technique    <\/div>\n  \n      <div class=\"text\">\n      <p>Nous proposons une assistance et des contrats de maintenance pour tous les produits logiciels. Ceux-ci donnent g\u00e9n\u00e9ralement droit \u00e0 des mises \u00e0 jour gratuites du logiciel et \u00e0 une assistance t\u00e9l\u00e9phonique par les ing\u00e9nieurs d&#8217;application de Novotek.<\/p>\n<p>Contactez-nous pour plus d&#8217;informations sur les offres de support.<\/p>\n    <\/div>\n  \n  \n  <\/div>\n\n<\/div><div class=\"slider-cell carousel-cell large\"><div class=\"column-box\">\n      <div class=\"icon \">\n      <img loading=\"lazy\" decoding=\"async\" width=\"150\" height=\"150\" src=\"https:\/\/www.novotek.com\/ch\/wp-content\/uploads\/sites\/3\/Icon-Email-150x150.png.webp\" class=\"attachment-thumbnail size-thumbnail\" alt=\"\" srcset=\"https:\/\/www.novotek.com\/ch\/wp-content\/uploads\/sites\/3\/Icon-Email-150x150.png.webp 150w, https:\/\/www.novotek.com\/ch\/wp-content\/uploads\/sites\/3\/Icon-Email-300x300.png.webp 300w, https:\/\/www.novotek.com\/ch\/wp-content\/uploads\/sites\/3\/Icon-Email.png 622w\" sizes=\"auto, (max-width: 150px) 100vw, 150px\" \/>    <\/div>\n  \n      <div class=\"title\">\n      Demande d\u2019assistance    <\/div>\n  \n      <div class=\"text\">\n      <p>Notre support d&#8217;application est joignable comme suit:<\/p>\n<p><a href=\"tel:+41582553232\"><strong>058 255 32 32<\/strong><\/a><\/p>\n<p><a href=\"mailto:helpdesk@novotek.ch\"><strong>helpdesk@novotek.ch<\/strong><\/a><\/p>\n<p><strong><a href=\"https:\/\/www.novotek.com\/ch\/fr\/prestations-de-service\/assistance-technique\/demande-dassistance\/\">Formulaire de support<\/a><\/strong><\/p>\n<p>&nbsp;<\/p>\n<p>&nbsp;<\/p>\n    <\/div>\n  \n  \n  <\/div>\n\n<\/div><div class=\"slider-cell carousel-cell large\"><div class=\"column-box\">\n      <div class=\"icon \">\n      <img loading=\"lazy\" decoding=\"async\" width=\"150\" height=\"150\" src=\"https:\/\/www.novotek.com\/ch\/wp-content\/uploads\/sites\/3\/Icon_Download-150x150.png.webp\" class=\"attachment-thumbnail size-thumbnail\" alt=\"\" srcset=\"https:\/\/www.novotek.com\/ch\/wp-content\/uploads\/sites\/3\/Icon_Download-150x150.png.webp 150w, https:\/\/www.novotek.com\/ch\/wp-content\/uploads\/sites\/3\/Icon_Download-300x300.png.webp 300w, https:\/\/www.novotek.com\/ch\/wp-content\/uploads\/sites\/3\/Icon_Download.png 550w\" sizes=\"auto, (max-width: 150px) 100vw, 150px\" \/>    <\/div>\n  \n      <div class=\"title\">\n      T\u00e9l\u00e9charger le logiciel    <\/div>\n  \n      <div class=\"text\">\n      <p>Dans notre Dropbox, vous trouverez les versions actuelles des logiciels, les Service Releases et d&#8217;autres t\u00e9l\u00e9chargements pour votre travail quotidien avec nos produits.<\/p>\n<p><a href=\"https:\/\/www.novotek.com\/ch\/dienstleistungen\/technischer-support\/passwort-anfordern\/\"><strong>Passwort anfordern<\/strong><\/a><\/p>\n<p style=\"text-align: center\"><strong><a href=\"https:\/\/www.dropbox.com\/sh\/ku2yyv240g3bn4m\/AADR2fNbDWJ_urIpgDXJTC5Qa?dl=0\" target=\"_blank\" rel=\"noopener\">vers la Dropbox<\/a><\/strong><\/p>\n<p>&nbsp;<\/p>\n<p>&nbsp;<\/p>\n<p>&nbsp;<\/p>\n    <\/div>\n  \n  \n  <\/div>\n\n<\/div><div class=\"slider-cell carousel-cell large\"><div class=\"column-box\">\n      <div class=\"icon \">\n      <img loading=\"lazy\" decoding=\"async\" width=\"150\" height=\"150\" src=\"https:\/\/www.novotek.com\/ch\/wp-content\/uploads\/sites\/3\/Ikon-Versionskontrolle-150x150-1.png.webp\" class=\"attachment-thumbnail size-thumbnail\" alt=\"\" \/>    <\/div>\n  \n      <div class=\"title\">\n      Remote Support    <\/div>\n  \n      <div class=\"text\">\n      <p>En cas de besoin ou sur commande, nous proposons \u00e9galement un support \u00e0 distance.<\/p>\n<p>Vous trouverez ici la version actuelle du<\/p>\n<p><a href=\"https:\/\/www.teamviewer.com\/de\/download\/windows\/\" target=\"_blank\" rel=\"noreferrer noopener\"><strong><span class=\"has-inline-color has-vivid-red-color\">TeamViewer<\/span><\/strong><\/a><\/p>\n<p>&nbsp;<\/p>\n<p>&nbsp;<\/p>\n<p>&nbsp;<\/p>\n    <\/div>\n  \n  \n  <\/div>\n\n<\/div>      <\/div>\n    <\/div>\n  <\/div>\n\n\n<div class=\"container-md paragraph  \">\n<p>Nous vous aidons volontiers pour vos questions sp\u00e9cifiques aux produits suivants&nbsp;:<\/p>\n<\/div>\n\n<div class=\"container-md columns  \">\n<div class=\"wp-block-columns is-layout-flex wp-container-core-columns-is-layout-9d6595d7 wp-block-columns-is-layout-flex\"><div class=\"container-md column  \">\n<div class=\"wp-block-column is-layout-flow wp-block-column-is-layout-flow\"><div class=\"container-md paragraph  \">\n<p><strong>Logiciels<\/strong><br>Proficy Batch Execution<br>Custom Interface Drivers<br>Custom Scripting<br>FIX 32 Upgrades<br>Proficy Historian<br>HMI\/SCADA \u2013 CIMPLICITY\u00ae<br>HMI\/SCADA \u2013 iFIX\u00ae<br>I\/O Drivers<br>iClientTS\u2122<br>Open I\/O Protocols<br>PLC Programming Software <br>PAC Machine Edition<br>SQL \/ Access DB<br>Tracker<\/p>\n<\/div><\/div>\n<\/div>\n\n<div class=\"container-md column  \">\n<div class=\"wp-block-column is-layout-flow wp-block-column-is-layout-flow\"><div class=\"container-md paragraph  \">\n<p><strong>Mat\u00e9riel<\/strong><br>Critical Control, Redundancy &amp; GMR<br>Field Agent<br>Genius I\/O<br>GE s\u00e9ries 90-30\u00ae<br>HMI \/ OI Devices<br>Industrial PC\/Workstations<br>Open I\/O Architectures<br>PACSystems RX3i<br>PC Based Control<br>PLC Based Motion Control<br>QuickPanel<br>VersaMax Nano &amp; Micro<\/p>\n<\/div><\/div>\n<\/div><\/div>\n<\/div>\n\n<div class=\"container-md paragraph  \">\n<p><strong>N\u2019h\u00e9sitez pas \u00e0 nous contacter pour d\u2019autres produits.<\/strong><\/p>\n<\/div>\n\n<div class=\"container-md spacer  \">\n<div style=\"height:30px\" aria-hidden=\"true\" class=\"wp-block-spacer\"><\/div>\n<\/div>\n\n  <div class=\"slider-column-parent\">\n    <div class=\"container\">\n      <div class=\"slider-column-title\">Sites d&#8217;assistance de nos partenaires<\/div>\n\n      <div class=\"row\">\n        <div class=\"col-12 col-md-4\"><div class=\"column-box\">\n  \n      <div class=\"title\">\n      GE Vernova    <\/div>\n  \n      <div class=\"text\">\n      <p><img loading=\"lazy\" decoding=\"async\" class=\"alignnone size-medium wp-image-22993\" src=\"https:\/\/www.novotek.com\/ch\/wp-content\/uploads\/sites\/3\/gev-grau-300x102.png\" alt=\"\" width=\"300\" height=\"102\" \/><\/p>\n    <\/div>\n  \n      <a class=\"link\"  href=\"https:\/\/digitalsupport.ge.com\/\" target=\"_blank\">\n      GE Vernova Customer Center    <\/a>\n  \n  <\/div>\n\n<\/div><div class=\"col-12 col-md-4\"><div class=\"column-box\">\n  \n      <div class=\"title\">\n      Emerson    <\/div>\n  \n      <div class=\"text\">\n      <p><img loading=\"lazy\" decoding=\"async\" class=\"alignnone wp-image-9973 size-full\" src=\"https:\/\/www.novotek.com\/ch\/wp-content\/uploads\/sites\/3\/Emerson-Logo_sw.png\" alt=\"\" width=\"250\" height=\"137\" \/><\/p>\n    <\/div>\n  \n      <a class=\"link\"  href=\"https:\/\/emerson-mas.my.site.com\/communities\/CC_Knowledge\" target=\"_blank\">\n      PACSystems Customer Center    <\/a>\n  \n  <\/div>\n\n<\/div><div class=\"col-12 col-md-4\"><div class=\"column-box\">\n  \n      <div class=\"title\">\n      Kepware    <\/div>\n  \n      <div class=\"text\">\n      <p><img loading=\"lazy\" decoding=\"async\" class=\"alignnone wp-image-9965 size-full\" src=\"https:\/\/www.novotek.com\/ch\/wp-content\/uploads\/sites\/3\/kepware-Logo_sw.png\" alt=\"\" width=\"250\" height=\"137\" \/><\/p>\n    <\/div>\n  \n      <a class=\"link\"  href=\"https:\/\/www.ptc.com\/en\/support\" target=\"_blank\">\n      Support Center    <\/a>\n  \n  <\/div>\n\n<\/div>      <\/div>\n    <\/div>\n  <\/div>\n\n\n<div class=\"container-md spacer  \">\n<div style=\"height:30px\" aria-hidden=\"true\" class=\"wp-block-spacer\"><\/div>\n<\/div>\n\n<div class=\"cta-block\">\n  <div class=\"container\">\n          <h2><\/br>Contactez notre \u00e9quipe d&#8217;assistance !<\/h2>\n    \n          <div><p>Nous vous aidons \u00e0 r\u00e9soudre vos probl\u00e8mes techniques ou \u00e0 r\u00e9pondre \u00e0 vos questions.<\/p>\n<\/div>\n    \n          <a class=\"btn btn-primary\" href=\"https:\/\/www.novotek.com\/ch\/fr\/prestations-de-service\/assistance-technique\/demande-dassistance\/\">Demande d\u2019assistance<\/a>\n      <\/div>\n<\/div>\n","protected":false},"excerpt":{"rendered":"<p>Vous recherchez un partenaire qui comprend vos d\u00e9fis\u00a0? Nos ing\u00e9nieurs exp\u00e9riment\u00e9s se tiennent \u00e0 vos c\u00f4t\u00e9s pour toutes les questions d\u2019assistance. Pour trouver la solution optimale, ils n\u2019h\u00e9sitent pas \u00e0 sortir des sentiers battus.<\/p>\n","protected":false},"author":15,"featured_media":5670,"parent":13579,"menu_order":2,"comment_status":"closed","ping_status":"closed","template":"","meta":{"_acf_changed":false,"_relevanssi_hide_post":"","_relevanssi_pin_for_all":"","_relevanssi_pin_keywords":"","_relevanssi_unpin_keywords":"","_relevanssi_related_keywords":"","_relevanssi_related_include_ids":"","_relevanssi_related_exclude_ids":"","_relevanssi_related_no_append":"","_relevanssi_related_not_related":"","_relevanssi_related_posts":"12884,13571,13567,13569,13573,13565","_relevanssi_noindex_reason":"","content-type":"","footnotes":""},"class_list":["post-13583","page","type-page","status-publish","has-post-thumbnail","hentry"],"acf":[],"yoast_head":"<!-- This site is optimized with the Yoast SEO plugin v27.4 - https:\/\/yoast.com\/product\/yoast-seo-wordpress\/ -->\n<title>Assistance technique - Novotek Switzerland<\/title>\n<meta name=\"description\" content=\"Nous sommes \u00e0 votre disposition pour r\u00e9pondre rapidement \u00e0 vos questions techniques. N&#039;h\u00e9sitez pas \u00e0 nous contacter.\" \/>\n<meta name=\"robots\" content=\"index, follow, max-snippet:-1, max-image-preview:large, max-video-preview:-1\" \/>\n<link rel=\"canonical\" href=\"https:\/\/www.novotek.com\/ch\/fr\/prestations-de-service\/assistance-technique\/\" \/>\n<meta property=\"og:locale\" content=\"fr_FR\" \/>\n<meta property=\"og:type\" content=\"article\" \/>\n<meta property=\"og:title\" content=\"Assistance technique - Novotek Switzerland\" \/>\n<meta property=\"og:description\" content=\"Nous sommes \u00e0 votre disposition pour r\u00e9pondre rapidement \u00e0 vos questions techniques. N&#039;h\u00e9sitez pas \u00e0 nous contacter.\" \/>\n<meta property=\"og:url\" content=\"https:\/\/www.novotek.com\/ch\/fr\/prestations-de-service\/assistance-technique\/\" \/>\n<meta property=\"og:site_name\" content=\"Novotek CH\" \/>\n<meta property=\"article:modified_time\" content=\"2025-03-07T16:02:21+00:00\" \/>\n<meta property=\"og:image\" content=\"https:\/\/www.novotek.com\/ch\/wp-content\/uploads\/sites\/3\/2021\/Novotek_UK\/We_offer\/Technical_Support\/Novotek_technical_support_duotone_1920x800.jpg.webp\" \/>\n\t<meta property=\"og:image:width\" content=\"1920\" \/>\n\t<meta property=\"og:image:height\" content=\"800\" \/>\n\t<meta property=\"og:image:type\" content=\"image\/jpeg\" \/>\n<meta name=\"twitter:card\" content=\"summary_large_image\" \/>\n<meta name=\"twitter:label1\" content=\"Est. reading time\" \/>\n\t<meta name=\"twitter:data1\" content=\"2 minutes\" \/>\n<script type=\"application\/ld+json\" class=\"yoast-schema-graph\">{\"@context\":\"https:\\\/\\\/schema.org\",\"@graph\":[{\"@type\":\"WebPage\",\"@id\":\"https:\\\/\\\/www.novotek.com\\\/ch\\\/fr\\\/prestations-de-service\\\/assistance-technique\\\/\",\"url\":\"https:\\\/\\\/www.novotek.com\\\/ch\\\/fr\\\/prestations-de-service\\\/assistance-technique\\\/\",\"name\":\"Assistance technique - Novotek Switzerland\",\"isPartOf\":{\"@id\":\"https:\\\/\\\/www.novotek.com\\\/ch\\\/#website\"},\"primaryImageOfPage\":{\"@id\":\"https:\\\/\\\/www.novotek.com\\\/ch\\\/fr\\\/prestations-de-service\\\/assistance-technique\\\/#primaryimage\"},\"image\":{\"@id\":\"https:\\\/\\\/www.novotek.com\\\/ch\\\/fr\\\/prestations-de-service\\\/assistance-technique\\\/#primaryimage\"},\"thumbnailUrl\":\"https:\\\/\\\/www.novotek.com\\\/ch\\\/wp-content\\\/uploads\\\/sites\\\/3\\\/2021\\\/Novotek_UK\\\/We_offer\\\/Technical_Support\\\/Novotek_technical_support_duotone_1920x800.jpg\",\"datePublished\":\"2023-01-05T10:27:15+00:00\",\"dateModified\":\"2025-03-07T16:02:21+00:00\",\"description\":\"Nous sommes \u00e0 votre disposition pour r\u00e9pondre rapidement \u00e0 vos questions techniques. N'h\u00e9sitez pas \u00e0 nous contacter.\",\"breadcrumb\":{\"@id\":\"https:\\\/\\\/www.novotek.com\\\/ch\\\/fr\\\/prestations-de-service\\\/assistance-technique\\\/#breadcrumb\"},\"inLanguage\":\"fr-CH\",\"potentialAction\":[{\"@type\":\"ReadAction\",\"target\":[\"https:\\\/\\\/www.novotek.com\\\/ch\\\/fr\\\/prestations-de-service\\\/assistance-technique\\\/\"]}]},{\"@type\":\"ImageObject\",\"inLanguage\":\"fr-CH\",\"@id\":\"https:\\\/\\\/www.novotek.com\\\/ch\\\/fr\\\/prestations-de-service\\\/assistance-technique\\\/#primaryimage\",\"url\":\"https:\\\/\\\/www.novotek.com\\\/ch\\\/wp-content\\\/uploads\\\/sites\\\/3\\\/2021\\\/Novotek_UK\\\/We_offer\\\/Technical_Support\\\/Novotek_technical_support_duotone_1920x800.jpg\",\"contentUrl\":\"https:\\\/\\\/www.novotek.com\\\/ch\\\/wp-content\\\/uploads\\\/sites\\\/3\\\/2021\\\/Novotek_UK\\\/We_offer\\\/Technical_Support\\\/Novotek_technical_support_duotone_1920x800.jpg\",\"width\":1920,\"height\":800},{\"@type\":\"BreadcrumbList\",\"@id\":\"https:\\\/\\\/www.novotek.com\\\/ch\\\/fr\\\/prestations-de-service\\\/assistance-technique\\\/#breadcrumb\",\"itemListElement\":[{\"@type\":\"ListItem\",\"position\":1,\"name\":\"Home\",\"item\":\"https:\\\/\\\/www.novotek.com\\\/ch\\\/fr\\\/\"},{\"@type\":\"ListItem\",\"position\":2,\"name\":\"Nos services\",\"item\":\"https:\\\/\\\/www.novotek.com\\\/ch\\\/fr\\\/prestations-de-service\\\/\"},{\"@type\":\"ListItem\",\"position\":3,\"name\":\"Assistance technique\"}]},{\"@type\":\"WebSite\",\"@id\":\"https:\\\/\\\/www.novotek.com\\\/ch\\\/#website\",\"url\":\"https:\\\/\\\/www.novotek.com\\\/ch\\\/\",\"name\":\"Novotek Switzerland AG\",\"description\":\"Connect - Digitalize - Optimize\",\"publisher\":{\"@id\":\"https:\\\/\\\/www.novotek.com\\\/ch\\\/#organization\"},\"potentialAction\":[{\"@type\":\"SearchAction\",\"target\":{\"@type\":\"EntryPoint\",\"urlTemplate\":\"https:\\\/\\\/www.novotek.com\\\/ch\\\/?s={search_term_string}\"},\"query-input\":{\"@type\":\"PropertyValueSpecification\",\"valueRequired\":true,\"valueName\":\"search_term_string\"}}],\"inLanguage\":\"fr-CH\"},{\"@type\":\"Organization\",\"@id\":\"https:\\\/\\\/www.novotek.com\\\/ch\\\/#organization\",\"name\":\"Novotek Switzerland AG\",\"url\":\"https:\\\/\\\/www.novotek.com\\\/ch\\\/\",\"logo\":{\"@type\":\"ImageObject\",\"inLanguage\":\"fr-CH\",\"@id\":\"https:\\\/\\\/www.novotek.com\\\/ch\\\/#\\\/schema\\\/logo\\\/image\\\/\",\"url\":\"https:\\\/\\\/www.novotek.com\\\/ch\\\/wp-content\\\/uploads\\\/sites\\\/3\\\/novotek-symbol-rgb-pos-white-border-512x512-1.png\",\"contentUrl\":\"https:\\\/\\\/www.novotek.com\\\/ch\\\/wp-content\\\/uploads\\\/sites\\\/3\\\/novotek-symbol-rgb-pos-white-border-512x512-1.png\",\"width\":512,\"height\":512,\"caption\":\"Novotek Switzerland AG\"},\"image\":{\"@id\":\"https:\\\/\\\/www.novotek.com\\\/ch\\\/#\\\/schema\\\/logo\\\/image\\\/\"}}]}<\/script>\n<!-- \/ Yoast SEO plugin. -->","yoast_head_json":{"title":"Assistance technique - Novotek Switzerland","description":"Nous sommes \u00e0 votre disposition pour r\u00e9pondre rapidement \u00e0 vos questions techniques. N'h\u00e9sitez pas \u00e0 nous contacter.","robots":{"index":"index","follow":"follow","max-snippet":"max-snippet:-1","max-image-preview":"max-image-preview:large","max-video-preview":"max-video-preview:-1"},"canonical":"https:\/\/www.novotek.com\/ch\/fr\/prestations-de-service\/assistance-technique\/","og_locale":"fr_FR","og_type":"article","og_title":"Assistance technique - Novotek Switzerland","og_description":"Nous sommes \u00e0 votre disposition pour r\u00e9pondre rapidement \u00e0 vos questions techniques. N'h\u00e9sitez pas \u00e0 nous contacter.","og_url":"https:\/\/www.novotek.com\/ch\/fr\/prestations-de-service\/assistance-technique\/","og_site_name":"Novotek CH","article_modified_time":"2025-03-07T16:02:21+00:00","og_image":[{"width":1920,"height":800,"url":"https:\/\/www.novotek.com\/ch\/wp-content\/uploads\/sites\/3\/2021\/Novotek_UK\/We_offer\/Technical_Support\/Novotek_technical_support_duotone_1920x800.jpg.webp","type":"image\/jpeg"}],"twitter_card":"summary_large_image","twitter_misc":{"Est. reading time":"2 minutes"},"schema":{"@context":"https:\/\/schema.org","@graph":[{"@type":"WebPage","@id":"https:\/\/www.novotek.com\/ch\/fr\/prestations-de-service\/assistance-technique\/","url":"https:\/\/www.novotek.com\/ch\/fr\/prestations-de-service\/assistance-technique\/","name":"Assistance technique - Novotek Switzerland","isPartOf":{"@id":"https:\/\/www.novotek.com\/ch\/#website"},"primaryImageOfPage":{"@id":"https:\/\/www.novotek.com\/ch\/fr\/prestations-de-service\/assistance-technique\/#primaryimage"},"image":{"@id":"https:\/\/www.novotek.com\/ch\/fr\/prestations-de-service\/assistance-technique\/#primaryimage"},"thumbnailUrl":"https:\/\/www.novotek.com\/ch\/wp-content\/uploads\/sites\/3\/2021\/Novotek_UK\/We_offer\/Technical_Support\/Novotek_technical_support_duotone_1920x800.jpg","datePublished":"2023-01-05T10:27:15+00:00","dateModified":"2025-03-07T16:02:21+00:00","description":"Nous sommes \u00e0 votre disposition pour r\u00e9pondre rapidement \u00e0 vos questions techniques. N'h\u00e9sitez pas \u00e0 nous contacter.","breadcrumb":{"@id":"https:\/\/www.novotek.com\/ch\/fr\/prestations-de-service\/assistance-technique\/#breadcrumb"},"inLanguage":"fr-CH","potentialAction":[{"@type":"ReadAction","target":["https:\/\/www.novotek.com\/ch\/fr\/prestations-de-service\/assistance-technique\/"]}]},{"@type":"ImageObject","inLanguage":"fr-CH","@id":"https:\/\/www.novotek.com\/ch\/fr\/prestations-de-service\/assistance-technique\/#primaryimage","url":"https:\/\/www.novotek.com\/ch\/wp-content\/uploads\/sites\/3\/2021\/Novotek_UK\/We_offer\/Technical_Support\/Novotek_technical_support_duotone_1920x800.jpg","contentUrl":"https:\/\/www.novotek.com\/ch\/wp-content\/uploads\/sites\/3\/2021\/Novotek_UK\/We_offer\/Technical_Support\/Novotek_technical_support_duotone_1920x800.jpg","width":1920,"height":800},{"@type":"BreadcrumbList","@id":"https:\/\/www.novotek.com\/ch\/fr\/prestations-de-service\/assistance-technique\/#breadcrumb","itemListElement":[{"@type":"ListItem","position":1,"name":"Home","item":"https:\/\/www.novotek.com\/ch\/fr\/"},{"@type":"ListItem","position":2,"name":"Nos services","item":"https:\/\/www.novotek.com\/ch\/fr\/prestations-de-service\/"},{"@type":"ListItem","position":3,"name":"Assistance technique"}]},{"@type":"WebSite","@id":"https:\/\/www.novotek.com\/ch\/#website","url":"https:\/\/www.novotek.com\/ch\/","name":"Novotek Switzerland AG","description":"Connect - Digitalize - Optimize","publisher":{"@id":"https:\/\/www.novotek.com\/ch\/#organization"},"potentialAction":[{"@type":"SearchAction","target":{"@type":"EntryPoint","urlTemplate":"https:\/\/www.novotek.com\/ch\/?s={search_term_string}"},"query-input":{"@type":"PropertyValueSpecification","valueRequired":true,"valueName":"search_term_string"}}],"inLanguage":"fr-CH"},{"@type":"Organization","@id":"https:\/\/www.novotek.com\/ch\/#organization","name":"Novotek Switzerland AG","url":"https:\/\/www.novotek.com\/ch\/","logo":{"@type":"ImageObject","inLanguage":"fr-CH","@id":"https:\/\/www.novotek.com\/ch\/#\/schema\/logo\/image\/","url":"https:\/\/www.novotek.com\/ch\/wp-content\/uploads\/sites\/3\/novotek-symbol-rgb-pos-white-border-512x512-1.png","contentUrl":"https:\/\/www.novotek.com\/ch\/wp-content\/uploads\/sites\/3\/novotek-symbol-rgb-pos-white-border-512x512-1.png","width":512,"height":512,"caption":"Novotek Switzerland AG"},"image":{"@id":"https:\/\/www.novotek.com\/ch\/#\/schema\/logo\/image\/"}}]}},"_links":{"self":[{"href":"https:\/\/www.novotek.com\/ch\/fr\/wp-json\/wp\/v2\/pages\/13583","targetHints":{"allow":["GET"]}}],"collection":[{"href":"https:\/\/www.novotek.com\/ch\/fr\/wp-json\/wp\/v2\/pages"}],"about":[{"href":"https:\/\/www.novotek.com\/ch\/fr\/wp-json\/wp\/v2\/types\/page"}],"author":[{"embeddable":true,"href":"https:\/\/www.novotek.com\/ch\/fr\/wp-json\/wp\/v2\/users\/15"}],"replies":[{"embeddable":true,"href":"https:\/\/www.novotek.com\/ch\/fr\/wp-json\/wp\/v2\/comments?post=13583"}],"version-history":[{"count":19,"href":"https:\/\/www.novotek.com\/ch\/fr\/wp-json\/wp\/v2\/pages\/13583\/revisions"}],"predecessor-version":[{"id":25433,"href":"https:\/\/www.novotek.com\/ch\/fr\/wp-json\/wp\/v2\/pages\/13583\/revisions\/25433"}],"up":[{"embeddable":true,"href":"https:\/\/www.novotek.com\/ch\/fr\/wp-json\/wp\/v2\/pages\/13579"}],"wp:featuredmedia":[{"embeddable":true,"href":"https:\/\/www.novotek.com\/ch\/fr\/wp-json\/wp\/v2\/media\/5670"}],"wp:attachment":[{"href":"https:\/\/www.novotek.com\/ch\/fr\/wp-json\/wp\/v2\/media?parent=13583"}],"curies":[{"name":"wp","href":"https:\/\/api.w.org\/{rel}","templated":true}]}}