{"id":13633,"date":"2023-01-05T10:30:11","date_gmt":"2023-01-05T10:30:11","guid":{"rendered":"https:\/\/www.novotek.com\/ch\/connectivit\/"},"modified":"2025-01-20T13:20:53","modified_gmt":"2025-01-20T13:20:53","slug":"connectivit","status":"publish","type":"page","link":"https:\/\/www.novotek.com\/ch\/fr\/connectivit\/","title":{"rendered":"Connectivit&eacute;"},"content":{"rendered":"  <div class=\"hero\">\n    <div class=\"carousel hero-slider small\" data-flickity data-flickity-options='{\"prevNextButtons\": false}'>\n              <div class=\"carousel-cell\">\n          <div class=\"container\">\n            <div class=\"hero-content\">\n                              <h1><strong>OT &#8211; IT &#8211; Cloud Connectivit\u00e9<\/strong><\/h1>\n<p id=\"bouwen-aan-het-industrial-internet-of-things\"><strong>Des donn\u00e9es correctes sont la base d&#8217;une num\u00e9risation r\u00e9ussie.<\/strong><br \/>\nQuels que soient les machines et les syst\u00e8mes que vous souhaitez connecter, nous avons la bonne solution pour vous! Avec plus de 150 protocoles industriels diff\u00e9rents et des plug-ins pour les syst\u00e8mes informatiques, l&#8217;\u00e9change de donn\u00e9es entre les installations de production, les bases de donn\u00e9es, les MES, les ERP et les syst\u00e8mes cloud est d&#8217;une simplicit\u00e9 d\u00e9concertante &#8211; et ce, sans programmation!<\/p>\n              \n                          <\/div>\n          <\/div>\n\n          <img decoding=\"async\" width=\"1024\" height=\"427\" src=\"https:\/\/www.novotek.com\/ch\/wp-content\/uploads\/sites\/3\/Novotek_Industrial_IoT_header_1920x800px_NEW-1024x427.jpg.webp\" class=\"hero-bg\" alt=\"Hero Img\" fetchpriority=\"high\" srcset=\"https:\/\/www.novotek.com\/ch\/wp-content\/uploads\/sites\/3\/Novotek_Industrial_IoT_header_1920x800px_NEW-1024x427.jpg.webp 1024w, https:\/\/www.novotek.com\/ch\/wp-content\/uploads\/sites\/3\/Novotek_Industrial_IoT_header_1920x800px_NEW-300x125.jpg.webp 300w, https:\/\/www.novotek.com\/ch\/wp-content\/uploads\/sites\/3\/Novotek_Industrial_IoT_header_1920x800px_NEW-768x320.jpg.webp 768w, https:\/\/www.novotek.com\/ch\/wp-content\/uploads\/sites\/3\/Novotek_Industrial_IoT_header_1920x800px_NEW-1536x640.jpg.webp 1536w, https:\/\/www.novotek.com\/ch\/wp-content\/uploads\/sites\/3\/Novotek_Industrial_IoT_header_1920x800px_NEW.jpg.webp 1920w\" sizes=\"(max-width: 1024px) 100vw, 1024px\" \/>                  <\/div>\n          <\/div>\n\n      <\/div>\n\n   \n\n\n<div class=\"container-md paragraph  \">\n<p>La focalisation accrue sur l\u2019Industrie 4.0 et la num\u00e9risation vont entra\u00eener une augmentation consid\u00e9rable de la quantit\u00e9 de donn\u00e9es dans la production industrielle dans les prochaines ann\u00e9es.&nbsp;Beaucoup d\u2019entreprises souhaitent exploiter ces donn\u00e9es avec des outils d\u2019analyse au niveau local ou dans le Cloud, afin d\u2019analyser et optimiser les processus et leur production.&nbsp;<\/p>\n<\/div>\n\n<div class=\"container-md paragraph  \">\n<p>Un des plus grands d\u00e9fis actuels r\u00e9side dans le fait que les donn\u00e9es des machines et installations sont incoh\u00e9rentes et ne pr\u00e9sentent souvent pas de structure.&nbsp;Les donn\u00e9es qui se rapportent par ex. \u00e0 une machine contiennent en g\u00e9n\u00e9ral des variables \/ signaux \u00e9manant de syst\u00e8mes de commande mais ne poss\u00e8dent pratiquement pas de \u00ab&nbsp;m\u00e9tadonn\u00e9es&nbsp;\u00bb comme par ex. l\u2019emplacement, le type et le num\u00e9ro de s\u00e9rie.&nbsp;En outre, elles ne sont souvent pas normalis\u00e9es (par ex. diff\u00e9rentes unit\u00e9s) et n\u2019interagissent pas dans un contexte coh\u00e9rent. C\u2019est l\u00e0 un v\u00e9ritable d\u00e9fi pour l\u2019\u00e9valuation et pour l\u2019analyse&nbsp;!&nbsp;Les donn\u00e9es doivent \u00eatre analys\u00e9es de mani\u00e8re uniforme pour toutes les installations, toutes les machines, tous les processus et tous les produits afin d\u2019atteindre une efficacit\u00e9 maximum.<\/p>\n<\/div>\n\n<div class=\"container-md image  \">\n<figure class=\"wp-block-image size-full\"><img loading=\"lazy\" decoding=\"async\" width=\"1024\" height=\"537\" src=\"https:\/\/www.novotek.com\/ch\/wp-content\/uploads\/sites\/3\/Novotek_DataOps_grafik-1024x537-1.png\" alt=\"\" class=\"wp-image-10114\" srcset=\"https:\/\/www.novotek.com\/ch\/wp-content\/uploads\/sites\/3\/Novotek_DataOps_grafik-1024x537-1.png 1024w, https:\/\/www.novotek.com\/ch\/wp-content\/uploads\/sites\/3\/Novotek_DataOps_grafik-1024x537-1-300x157.png 300w, https:\/\/www.novotek.com\/ch\/wp-content\/uploads\/sites\/3\/Novotek_DataOps_grafik-1024x537-1-768x403.png 768w\" sizes=\"auto, (max-width: 1024px) 100vw, 1024px\" \/><\/figure>\n<\/div>\n\n<div class=\"container-md heading  \">\n<h2 class=\"wp-block-heading\" id=\"h-industrial-dataops-constitue-la-base-optimale\">Industrial DataOps constitue la base optimale<\/h2>\n<\/div>\n\n<div class=\"container-md paragraph  \">\n<p>Industrial DataOps correspond au traitement et \u00e0 la pr\u00e9paration industriels des donn\u00e9es. Concr\u00e8tement, cela signifie que les donn\u00e9es provenant des machines et installations sont facilement accessibles, normalis\u00e9es et structur\u00e9es avant qu\u2019elles ne soient mises \u00e0 la disposition des scientifiques des donn\u00e9es, des analystes, des ing\u00e9nieurs et des employ\u00e9s IT de mani\u00e8re coh\u00e9rente et compr\u00e9hensible, en vue de leur traitement efficace.<\/p>\n<\/div>\n\n<div class=\"container-md heading  \">\n<h3 class=\"wp-block-heading\" id=\"h-quel-est-l-avantage-des-solutions-industrielles-dataops\">Quel est l\u2019avantage des solutions industrielles DataOps&nbsp;?<\/h3>\n<\/div>\n\n<div class=\"container-md paragraph  \">\n<p>Nos solutions industrielles DataOps permettent d\u2019acqu\u00e9rir, contextualiser et structurer les donn\u00e9es provenant de diff\u00e9rentes sources (PLC, OPC, MQTT, REST, SQL, etc.) avant de les transmettre pour leur traitement ult\u00e9rieur (par ex. \u00e0 des fins d\u2019analyse).&nbsp;<\/p>\n<\/div>\n\n<div class=\"container media-text  alignwide\">\n<div class=\"wp-block-media-text alignwide is-stacked-on-mobile\" style=\"grid-template-columns:35% auto\"><figure class=\"wp-block-media-text__media\"><img loading=\"lazy\" decoding=\"async\" width=\"800\" height=\"800\" src=\"https:\/\/www.novotek.com\/ch\/wp-content\/uploads\/sites\/3\/kommunikations-mit-protokollen-des-Internet_of_things_800x800px.png\" alt=\"\" class=\"wp-image-8427 size-full\" srcset=\"https:\/\/www.novotek.com\/ch\/wp-content\/uploads\/sites\/3\/kommunikations-mit-protokollen-des-Internet_of_things_800x800px.png 800w, https:\/\/www.novotek.com\/ch\/wp-content\/uploads\/sites\/3\/kommunikations-mit-protokollen-des-Internet_of_things_800x800px-300x300.png 300w, https:\/\/www.novotek.com\/ch\/wp-content\/uploads\/sites\/3\/kommunikations-mit-protokollen-des-Internet_of_things_800x800px-150x150.png 150w, https:\/\/www.novotek.com\/ch\/wp-content\/uploads\/sites\/3\/kommunikations-mit-protokollen-des-Internet_of_things_800x800px-768x768.png 768w\" sizes=\"auto, (max-width: 800px) 100vw, 800px\" \/><\/figure><div class=\"wp-block-media-text__content\"><div class=\"container-md heading  \">\n<h3 class=\"wp-block-heading\" id=\"h-industrial-iot-correspond-a-la-communication-fluide-des-machines-et-capteurs-avec-les-applications-it-et-cloud\">Industrial IoT correspond \u00e0 la communication fluide des machines et capteurs avec les applications IT et Cloud<\/h3>\n<\/div>\n\n<div class=\"container-md paragraph  \">\n<p>\u00c0 l\u2019inverse des int\u00e9grations traditionnelles \u00ab&nbsp;une \u00e0 une&nbsp;\u00bb, une solution DataOps est \u00e9volutive.&nbsp;Il est donc possible de g\u00e9rer des centaines de machines avec des milliers de points de donn\u00e9es via une s\u00e9rie de mod\u00e8les standard (par ex. moteur, pompes, etc.).&nbsp;Les donn\u00e9es sont pr\u00e9par\u00e9es et structur\u00e9es avant leur transmission afin d\u2019\u00e9viter l\u2019envoi de donn\u00e9es redondantes par le syst\u00e8me.&nbsp;Les scientifiques des donn\u00e9es, les analystes de processus, les ing\u00e9nieurs et le personnel IT re\u00e7oivent ainsi des donn\u00e9es qui ne n\u00e9cessitent aucun autre traitement ni mod\u00e9lisation (codage).&nbsp;Tout simplement \u00ab&nbsp;pr\u00eates \u00e0 l\u2019emploi&nbsp;\u00bb&nbsp;!<\/p>\n<\/div><\/div><\/div>\n<\/div>\n\n<div class=\"container-md spacer  \">\n<div style=\"height:50px\" aria-hidden=\"true\" class=\"wp-block-spacer\"><\/div>\n<\/div>\n\n  <div class=\"hero\">\n    <div class=\"carousel hero-slider small\" data-flickity data-flickity-options='{\"prevNextButtons\": false}'>\n              <div class=\"carousel-cell\">\n          <div class=\"container\">\n            <div class=\"hero-content\">\n                              <h2>OPC &#8211; Le standard de la communication industrielle<\/h2>\n<p>OPC est aujourd&#8217;hui la forme de communication industrielle la plus r\u00e9pandue. La communication transparente et uniforme entre les machines, les installations et les syst\u00e8mes constitue la base de l&#8217;industrie 4.0 et de la transformation num\u00e9rique.<\/p>\n              \n                              <a class=\"btn btn-primary\" href=\"https:\/\/www.novotek.com\/ch\/fr\/insight\/opc-la-norme-de-communication-industrielle\/\">\n                  en savoir plus sur l&#8217;OPC                <\/a>\n                          <\/div>\n          <\/div>\n\n          <img decoding=\"async\" width=\"1024\" height=\"427\" src=\"https:\/\/www.novotek.com\/ch\/wp-content\/uploads\/sites\/3\/OPC_Connectivity_1920x800-1024x427.jpg.webp\" class=\"hero-bg\" alt=\"Hero Img\" fetchpriority=\"high\" srcset=\"https:\/\/www.novotek.com\/ch\/wp-content\/uploads\/sites\/3\/OPC_Connectivity_1920x800-1024x427.jpg.webp 1024w, https:\/\/www.novotek.com\/ch\/wp-content\/uploads\/sites\/3\/OPC_Connectivity_1920x800-300x125.jpg.webp 300w, https:\/\/www.novotek.com\/ch\/wp-content\/uploads\/sites\/3\/OPC_Connectivity_1920x800-768x320.jpg.webp 768w, https:\/\/www.novotek.com\/ch\/wp-content\/uploads\/sites\/3\/OPC_Connectivity_1920x800-1536x640.jpg.webp 1536w, https:\/\/www.novotek.com\/ch\/wp-content\/uploads\/sites\/3\/OPC_Connectivity_1920x800.jpg.webp 1920w\" sizes=\"(max-width: 1024px) 100vw, 1024px\" \/>                  <\/div>\n          <\/div>\n\n      <\/div>\n\n   \n\n\n<div class=\"container-md spacer  \">\n<div style=\"height:50px\" aria-hidden=\"true\" class=\"wp-block-spacer\"><\/div>\n<\/div>\n\n<div class=\"container media-text  alignwide\">\n<div class=\"wp-block-media-text alignwide has-media-on-the-right is-stacked-on-mobile\" style=\"grid-template-columns:auto 40%\"><div class=\"wp-block-media-text__content\"><div class=\"container-md heading  \">\n<h3 class=\"wp-block-heading\" id=\"h-integration-fluide-des-systemes-ot-et-it\">Int\u00e9gration fluide des syst\u00e8mes OT et IT<\/h3>\n<\/div>\n\n<div class=\"container-md paragraph  \">\n<p>Les installations industrielles et les syst\u00e8mes IT communiquent de diff\u00e9rentes mani\u00e8res.&nbsp;C\u2019est pourquoi une solution DataOps doit s\u2019int\u00e9grer en toute fluidit\u00e9 aux p\u00e9riph\u00e9riques et sources de donn\u00e9es industriels, tout en cr\u00e9ant une plus-value pour les applications IT.&nbsp;DataOps facilite la communication et la collaboration entre les scientifiques des donn\u00e9es, les analystes, les ing\u00e9nieurs et le personnel IT et OT.&nbsp;L\u2019acc\u00e8s continu et fiable aux donn\u00e9es de toute l\u2019entreprise optimise le travail d\u2019analyse et en garantit la qualit\u00e9.<\/p>\n<\/div><\/div><figure class=\"wp-block-media-text__media\"><img loading=\"lazy\" decoding=\"async\" width=\"1024\" height=\"662\" src=\"https:\/\/www.novotek.com\/ch\/wp-content\/uploads\/sites\/3\/OT-Personen-Novotek-1024x662-1.jpg\" alt=\"\" class=\"wp-image-8431 size-full\" srcset=\"https:\/\/www.novotek.com\/ch\/wp-content\/uploads\/sites\/3\/OT-Personen-Novotek-1024x662-1.jpg 1024w, https:\/\/www.novotek.com\/ch\/wp-content\/uploads\/sites\/3\/OT-Personen-Novotek-1024x662-1-300x194.jpg 300w, https:\/\/www.novotek.com\/ch\/wp-content\/uploads\/sites\/3\/OT-Personen-Novotek-1024x662-1-768x497.jpg 768w\" sizes=\"auto, (max-width: 1024px) 100vw, 1024px\" \/><\/figure><\/div>\n<\/div>\n\n<div class=\"container-md spacer  \">\n<div style=\"height:100px\" aria-hidden=\"true\" class=\"wp-block-spacer\"><\/div>\n<\/div>\n\n  <div class=\"slider-column-parent\">\n    <div class=\"container\">\n      <div class=\"slider-column-title\">Nos solutions DataOps<\/div>\n\n      <div class=\"slider-column\">\n        <div class=\"slider-cell carousel-cell large\"><div class=\"column-box\">\n  \n      <div class=\"title\">\n      Intelligence Hub <br>HighByte    <\/div>\n  \n      <div class=\"text\">\n      <p>Intelligence Hub est une solution logicielle DataOps industrielle pour la mod\u00e9lisation, la mise \u00e0 disposition et la gestion des donn\u00e9es industrielles.<\/p>\n    <\/div>\n  \n      <a class=\"link\"  href=\"https:\/\/www.novotek.com\/ch\/fr\/connectivit\/highbyte-intelligence-hub\/\" target=\"\">\n      Intelligence Hub    <\/a>\n  \n  <\/div>\n\n<\/div><div class=\"slider-cell carousel-cell large\"><div class=\"column-box\">\n  \n      <div class=\"title\">\n      KEPServerEX <br>Kepware    <\/div>\n  \n      <div class=\"text\">\n      <p>KEPServerEX est la principale plate-forme de connectivit\u00e9 industrielle. Avec plus de 160 protocoles de communication API, elle est la source centrale des donn\u00e9es d&#8217;automatisation dans une entreprise.<\/p>\n    <\/div>\n  \n      <a class=\"link\"  href=\"https:\/\/www.novotek.com\/ch\/fr\/connectivit\/kepware-kepserverex\/\" target=\"\">\n      KEPServerEX    <\/a>\n  \n  <\/div>\n\n<\/div><div class=\"slider-cell carousel-cell large\"><div class=\"column-box\">\n  \n      <div class=\"title\">\n      OPC Router <br>inray    <\/div>\n  \n      <div class=\"text\">\n      <p>Le routeur OPC est un courtier de mesure industriel modulaire qui assure l&#8217;\u00e9change automatis\u00e9 de donn\u00e9es entre et au sein des syst\u00e8mes OT, IT et Cloud au sein d&#8217;une entreprise.<\/p>\n    <\/div>\n  \n      <a class=\"link\"  href=\"https:\/\/www.novotek.com\/ch\/fr\/connectivit\/opc-router-middleware-pour-les-donnees-industrielles\/\" target=\"\">\n      OPC Router    <\/a>\n  \n  <\/div>\n\n<\/div><div class=\"slider-cell carousel-cell large\"><div class=\"column-box\">\n  \n      <div class=\"title\">\n      Cogent DataHub <br>Skkynet    <\/div>\n  \n      <div class=\"text\">\n      <p>DataHub est un middleware qui \u00e9tablit des connexions entre les syst\u00e8mes \u00e0 l&#8217;aide de protocoles standard comme OPC, Modbus, MQTT et ODBC. Il est sp\u00e9cialement con\u00e7u pour la mise en r\u00e9seau OPC s\u00e9curis\u00e9e, l&#8217;enregistrement des donn\u00e9es et la redondance des serveurs OPC.<\/p>\n    <\/div>\n  \n      <a class=\"link\"  href=\"https:\/\/www.novotek.com\/ch\/fr\/connectivit\/cogent-datahub\/\" target=\"\">\n      DataHub    <\/a>\n  \n  <\/div>\n\n<\/div>      <\/div>\n    <\/div>\n  <\/div>\n","protected":false},"excerpt":{"rendered":"<p>Des donn\u00e9es correctes et des connexions robustes constituent la base de toute num\u00e9risation r\u00e9ussie. Nos produits standard permettent de relier les syst\u00e8mes OT &#8211; IT et de Cloud.<\/p>\n","protected":false},"author":14,"featured_media":8444,"parent":0,"menu_order":2,"comment_status":"closed","ping_status":"closed","template":"","meta":{"_acf_changed":false,"_relevanssi_hide_post":"","_relevanssi_pin_for_all":"","_relevanssi_pin_keywords":"","_relevanssi_unpin_keywords":"","_relevanssi_related_keywords":"","_relevanssi_related_include_ids":"","_relevanssi_related_exclude_ids":"","_relevanssi_related_no_append":"","_relevanssi_related_not_related":"","_relevanssi_related_posts":"13571,12884,13567,13573,13565,13569","_relevanssi_noindex_reason":"","content-type":"","footnotes":""},"class_list":["post-13633","page","type-page","status-publish","has-post-thumbnail","hentry"],"acf":[],"yoast_head":"<!-- This site is optimized with the Yoast SEO plugin v27.4 - https:\/\/yoast.com\/product\/yoast-seo-wordpress\/ -->\n<title>Connectivit&eacute; - Novotek CH<\/title>\n<meta name=\"description\" content=\"Une solution DataOps constitue la base de toute num\u00e9risation r\u00e9ussie\u00a0! Elle vous aide \u00e0 mieux comprendre les donn\u00e9es et \u00e0 les utiliser plus efficacement.\" \/>\n<meta name=\"robots\" content=\"index, follow, max-snippet:-1, max-image-preview:large, max-video-preview:-1\" \/>\n<link rel=\"canonical\" href=\"https:\/\/www.novotek.com\/ch\/fr\/connectivit\/\" \/>\n<meta property=\"og:locale\" content=\"fr_FR\" \/>\n<meta property=\"og:type\" content=\"article\" \/>\n<meta property=\"og:title\" content=\"Connectivit&eacute; - Novotek CH\" \/>\n<meta property=\"og:description\" content=\"Une solution DataOps constitue la base de toute num\u00e9risation r\u00e9ussie\u00a0! Elle vous aide \u00e0 mieux comprendre les donn\u00e9es et \u00e0 les utiliser plus efficacement.\" \/>\n<meta property=\"og:url\" content=\"https:\/\/www.novotek.com\/ch\/fr\/connectivit\/\" \/>\n<meta property=\"og:site_name\" content=\"Novotek CH\" \/>\n<meta property=\"article:modified_time\" content=\"2025-01-20T13:20:53+00:00\" \/>\n<meta property=\"og:image\" content=\"https:\/\/www.novotek.com\/ch\/wp-content\/uploads\/sites\/3\/Novotek_Industrial_IoT_header_1920x800px_NEW.jpg.webp\" \/>\n\t<meta property=\"og:image:width\" content=\"1920\" \/>\n\t<meta property=\"og:image:height\" content=\"800\" \/>\n\t<meta property=\"og:image:type\" content=\"image\/jpeg\" \/>\n<meta name=\"twitter:card\" content=\"summary_large_image\" \/>\n<meta name=\"twitter:label1\" content=\"Est. reading time\" \/>\n\t<meta name=\"twitter:data1\" content=\"4 minutes\" \/>\n<script type=\"application\/ld+json\" class=\"yoast-schema-graph\">{\"@context\":\"https:\\\/\\\/schema.org\",\"@graph\":[{\"@type\":\"WebPage\",\"@id\":\"https:\\\/\\\/www.novotek.com\\\/ch\\\/fr\\\/connectivit\\\/\",\"url\":\"https:\\\/\\\/www.novotek.com\\\/ch\\\/fr\\\/connectivit\\\/\",\"name\":\"Connectivit&eacute; - Novotek CH\",\"isPartOf\":{\"@id\":\"https:\\\/\\\/www.novotek.com\\\/ch\\\/#website\"},\"primaryImageOfPage\":{\"@id\":\"https:\\\/\\\/www.novotek.com\\\/ch\\\/fr\\\/connectivit\\\/#primaryimage\"},\"image\":{\"@id\":\"https:\\\/\\\/www.novotek.com\\\/ch\\\/fr\\\/connectivit\\\/#primaryimage\"},\"thumbnailUrl\":\"https:\\\/\\\/www.novotek.com\\\/ch\\\/wp-content\\\/uploads\\\/sites\\\/3\\\/Novotek_Industrial_IoT_header_1920x800px_NEW.jpg.webp\",\"datePublished\":\"2023-01-05T10:30:11+00:00\",\"dateModified\":\"2025-01-20T13:20:53+00:00\",\"description\":\"Une solution DataOps constitue la base de toute num\u00e9risation r\u00e9ussie\u00a0! Elle vous aide \u00e0 mieux comprendre les donn\u00e9es et \u00e0 les utiliser plus efficacement.\",\"breadcrumb\":{\"@id\":\"https:\\\/\\\/www.novotek.com\\\/ch\\\/fr\\\/connectivit\\\/#breadcrumb\"},\"inLanguage\":\"fr-CH\",\"potentialAction\":[{\"@type\":\"ReadAction\",\"target\":[\"https:\\\/\\\/www.novotek.com\\\/ch\\\/fr\\\/connectivit\\\/\"]}]},{\"@type\":\"ImageObject\",\"inLanguage\":\"fr-CH\",\"@id\":\"https:\\\/\\\/www.novotek.com\\\/ch\\\/fr\\\/connectivit\\\/#primaryimage\",\"url\":\"https:\\\/\\\/www.novotek.com\\\/ch\\\/wp-content\\\/uploads\\\/sites\\\/3\\\/Novotek_Industrial_IoT_header_1920x800px_NEW.jpg.webp\",\"contentUrl\":\"https:\\\/\\\/www.novotek.com\\\/ch\\\/wp-content\\\/uploads\\\/sites\\\/3\\\/Novotek_Industrial_IoT_header_1920x800px_NEW.jpg.webp\",\"width\":1920,\"height\":800,\"caption\":\"Konnektivit\u00e4t\"},{\"@type\":\"BreadcrumbList\",\"@id\":\"https:\\\/\\\/www.novotek.com\\\/ch\\\/fr\\\/connectivit\\\/#breadcrumb\",\"itemListElement\":[{\"@type\":\"ListItem\",\"position\":1,\"name\":\"Home\",\"item\":\"https:\\\/\\\/www.novotek.com\\\/ch\\\/fr\\\/\"},{\"@type\":\"ListItem\",\"position\":2,\"name\":\"Connectivit&eacute;\"}]},{\"@type\":\"WebSite\",\"@id\":\"https:\\\/\\\/www.novotek.com\\\/ch\\\/#website\",\"url\":\"https:\\\/\\\/www.novotek.com\\\/ch\\\/\",\"name\":\"Novotek Switzerland AG\",\"description\":\"Connect - Digitalize - Optimize\",\"publisher\":{\"@id\":\"https:\\\/\\\/www.novotek.com\\\/ch\\\/#organization\"},\"potentialAction\":[{\"@type\":\"SearchAction\",\"target\":{\"@type\":\"EntryPoint\",\"urlTemplate\":\"https:\\\/\\\/www.novotek.com\\\/ch\\\/?s={search_term_string}\"},\"query-input\":{\"@type\":\"PropertyValueSpecification\",\"valueRequired\":true,\"valueName\":\"search_term_string\"}}],\"inLanguage\":\"fr-CH\"},{\"@type\":\"Organization\",\"@id\":\"https:\\\/\\\/www.novotek.com\\\/ch\\\/#organization\",\"name\":\"Novotek Switzerland AG\",\"url\":\"https:\\\/\\\/www.novotek.com\\\/ch\\\/\",\"logo\":{\"@type\":\"ImageObject\",\"inLanguage\":\"fr-CH\",\"@id\":\"https:\\\/\\\/www.novotek.com\\\/ch\\\/#\\\/schema\\\/logo\\\/image\\\/\",\"url\":\"https:\\\/\\\/www.novotek.com\\\/ch\\\/wp-content\\\/uploads\\\/sites\\\/3\\\/novotek-symbol-rgb-pos-white-border-512x512-1.png\",\"contentUrl\":\"https:\\\/\\\/www.novotek.com\\\/ch\\\/wp-content\\\/uploads\\\/sites\\\/3\\\/novotek-symbol-rgb-pos-white-border-512x512-1.png\",\"width\":512,\"height\":512,\"caption\":\"Novotek Switzerland AG\"},\"image\":{\"@id\":\"https:\\\/\\\/www.novotek.com\\\/ch\\\/#\\\/schema\\\/logo\\\/image\\\/\"}}]}<\/script>\n<!-- \/ Yoast SEO plugin. -->","yoast_head_json":{"title":"Connectivit&eacute; - Novotek CH","description":"Une solution DataOps constitue la base de toute num\u00e9risation r\u00e9ussie\u00a0! Elle vous aide \u00e0 mieux comprendre les donn\u00e9es et \u00e0 les utiliser plus efficacement.","robots":{"index":"index","follow":"follow","max-snippet":"max-snippet:-1","max-image-preview":"max-image-preview:large","max-video-preview":"max-video-preview:-1"},"canonical":"https:\/\/www.novotek.com\/ch\/fr\/connectivit\/","og_locale":"fr_FR","og_type":"article","og_title":"Connectivit&eacute; - Novotek CH","og_description":"Une solution DataOps constitue la base de toute num\u00e9risation r\u00e9ussie\u00a0! Elle vous aide \u00e0 mieux comprendre les donn\u00e9es et \u00e0 les utiliser plus efficacement.","og_url":"https:\/\/www.novotek.com\/ch\/fr\/connectivit\/","og_site_name":"Novotek CH","article_modified_time":"2025-01-20T13:20:53+00:00","og_image":[{"width":1920,"height":800,"url":"https:\/\/www.novotek.com\/ch\/wp-content\/uploads\/sites\/3\/Novotek_Industrial_IoT_header_1920x800px_NEW.jpg.webp","type":"image\/jpeg"}],"twitter_card":"summary_large_image","twitter_misc":{"Est. reading time":"4 minutes"},"schema":{"@context":"https:\/\/schema.org","@graph":[{"@type":"WebPage","@id":"https:\/\/www.novotek.com\/ch\/fr\/connectivit\/","url":"https:\/\/www.novotek.com\/ch\/fr\/connectivit\/","name":"Connectivit&eacute; - Novotek CH","isPartOf":{"@id":"https:\/\/www.novotek.com\/ch\/#website"},"primaryImageOfPage":{"@id":"https:\/\/www.novotek.com\/ch\/fr\/connectivit\/#primaryimage"},"image":{"@id":"https:\/\/www.novotek.com\/ch\/fr\/connectivit\/#primaryimage"},"thumbnailUrl":"https:\/\/www.novotek.com\/ch\/wp-content\/uploads\/sites\/3\/Novotek_Industrial_IoT_header_1920x800px_NEW.jpg.webp","datePublished":"2023-01-05T10:30:11+00:00","dateModified":"2025-01-20T13:20:53+00:00","description":"Une solution DataOps constitue la base de toute num\u00e9risation r\u00e9ussie\u00a0! Elle vous aide \u00e0 mieux comprendre les donn\u00e9es et \u00e0 les utiliser plus efficacement.","breadcrumb":{"@id":"https:\/\/www.novotek.com\/ch\/fr\/connectivit\/#breadcrumb"},"inLanguage":"fr-CH","potentialAction":[{"@type":"ReadAction","target":["https:\/\/www.novotek.com\/ch\/fr\/connectivit\/"]}]},{"@type":"ImageObject","inLanguage":"fr-CH","@id":"https:\/\/www.novotek.com\/ch\/fr\/connectivit\/#primaryimage","url":"https:\/\/www.novotek.com\/ch\/wp-content\/uploads\/sites\/3\/Novotek_Industrial_IoT_header_1920x800px_NEW.jpg.webp","contentUrl":"https:\/\/www.novotek.com\/ch\/wp-content\/uploads\/sites\/3\/Novotek_Industrial_IoT_header_1920x800px_NEW.jpg.webp","width":1920,"height":800,"caption":"Konnektivit\u00e4t"},{"@type":"BreadcrumbList","@id":"https:\/\/www.novotek.com\/ch\/fr\/connectivit\/#breadcrumb","itemListElement":[{"@type":"ListItem","position":1,"name":"Home","item":"https:\/\/www.novotek.com\/ch\/fr\/"},{"@type":"ListItem","position":2,"name":"Connectivit&eacute;"}]},{"@type":"WebSite","@id":"https:\/\/www.novotek.com\/ch\/#website","url":"https:\/\/www.novotek.com\/ch\/","name":"Novotek Switzerland AG","description":"Connect - Digitalize - Optimize","publisher":{"@id":"https:\/\/www.novotek.com\/ch\/#organization"},"potentialAction":[{"@type":"SearchAction","target":{"@type":"EntryPoint","urlTemplate":"https:\/\/www.novotek.com\/ch\/?s={search_term_string}"},"query-input":{"@type":"PropertyValueSpecification","valueRequired":true,"valueName":"search_term_string"}}],"inLanguage":"fr-CH"},{"@type":"Organization","@id":"https:\/\/www.novotek.com\/ch\/#organization","name":"Novotek Switzerland AG","url":"https:\/\/www.novotek.com\/ch\/","logo":{"@type":"ImageObject","inLanguage":"fr-CH","@id":"https:\/\/www.novotek.com\/ch\/#\/schema\/logo\/image\/","url":"https:\/\/www.novotek.com\/ch\/wp-content\/uploads\/sites\/3\/novotek-symbol-rgb-pos-white-border-512x512-1.png","contentUrl":"https:\/\/www.novotek.com\/ch\/wp-content\/uploads\/sites\/3\/novotek-symbol-rgb-pos-white-border-512x512-1.png","width":512,"height":512,"caption":"Novotek Switzerland AG"},"image":{"@id":"https:\/\/www.novotek.com\/ch\/#\/schema\/logo\/image\/"}}]}},"_links":{"self":[{"href":"https:\/\/www.novotek.com\/ch\/fr\/wp-json\/wp\/v2\/pages\/13633","targetHints":{"allow":["GET"]}}],"collection":[{"href":"https:\/\/www.novotek.com\/ch\/fr\/wp-json\/wp\/v2\/pages"}],"about":[{"href":"https:\/\/www.novotek.com\/ch\/fr\/wp-json\/wp\/v2\/types\/page"}],"author":[{"embeddable":true,"href":"https:\/\/www.novotek.com\/ch\/fr\/wp-json\/wp\/v2\/users\/14"}],"replies":[{"embeddable":true,"href":"https:\/\/www.novotek.com\/ch\/fr\/wp-json\/wp\/v2\/comments?post=13633"}],"version-history":[{"count":15,"href":"https:\/\/www.novotek.com\/ch\/fr\/wp-json\/wp\/v2\/pages\/13633\/revisions"}],"predecessor-version":[{"id":22984,"href":"https:\/\/www.novotek.com\/ch\/fr\/wp-json\/wp\/v2\/pages\/13633\/revisions\/22984"}],"wp:featuredmedia":[{"embeddable":true,"href":"https:\/\/www.novotek.com\/ch\/fr\/wp-json\/wp\/v2\/media\/8444"}],"wp:attachment":[{"href":"https:\/\/www.novotek.com\/ch\/fr\/wp-json\/wp\/v2\/media?parent=13633"}],"curies":[{"name":"wp","href":"https:\/\/api.w.org\/{rel}","templated":true}]}}