{"id":13635,"date":"2023-01-05T10:30:26","date_gmt":"2023-01-05T10:30:26","guid":{"rendered":"https:\/\/www.novotek.com\/ch\/collecte-de-donnes\/"},"modified":"2023-06-22T07:29:22","modified_gmt":"2023-06-22T07:29:22","slug":"collecte-de-donnes","status":"publish","type":"page","link":"https:\/\/www.novotek.com\/ch\/fr\/collecte-de-donnes\/","title":{"rendered":"Collecte de donn&eacute;es"},"content":{"rendered":"  <div class=\"hero\">\n    <div class=\"carousel hero-slider small\" data-flickity data-flickity-options='{\"prevNextButtons\": false}'>\n              <div class=\"carousel-cell\">\n          <div class=\"container\">\n            <div class=\"hero-content\">\n                              <h1>Extraire des connaissances de vos donn\u00e9es !<\/h1>\n<p>Les donn\u00e9es de processus enregistr\u00e9es constituent la base des preuves de qualit\u00e9, des \u00e9valuations et des analyses fond\u00e9es.<\/p>\n<p>&nbsp;<\/p>\n              \n                          <\/div>\n          <\/div>\n\n          <img decoding=\"async\" width=\"1024\" height=\"427\" src=\"https:\/\/www.novotek.com\/ch\/wp-content\/uploads\/sites\/3\/Produktionsdatenerfassung_1920x800px-1024x427.jpg.webp\" class=\"hero-bg\" alt=\"Hero Img\" fetchpriority=\"high\" srcset=\"https:\/\/www.novotek.com\/ch\/wp-content\/uploads\/sites\/3\/Produktionsdatenerfassung_1920x800px-1024x427.jpg.webp 1024w, https:\/\/www.novotek.com\/ch\/wp-content\/uploads\/sites\/3\/Produktionsdatenerfassung_1920x800px-300x125.jpg.webp 300w, https:\/\/www.novotek.com\/ch\/wp-content\/uploads\/sites\/3\/Produktionsdatenerfassung_1920x800px-768x320.jpg.webp 768w, https:\/\/www.novotek.com\/ch\/wp-content\/uploads\/sites\/3\/Produktionsdatenerfassung_1920x800px-1536x640.jpg.webp 1536w, https:\/\/www.novotek.com\/ch\/wp-content\/uploads\/sites\/3\/Produktionsdatenerfassung_1920x800px.jpg.webp 1920w\" sizes=\"(max-width: 1024px) 100vw, 1024px\" \/>                  <\/div>\n          <\/div>\n\n      <\/div>\n\n   \n\n\n<div class=\"container-md paragraph  \">\n<p>Les outils intelligents pour une collecte des donn\u00e9es et des comptes-rendus efficaces vous donnent un aper\u00e7u pr\u00e9cis des processus et de la production de votre entreprise.&nbsp;L\u2019acc\u00e8s simple et rapide aux donn\u00e9es de production vous permet ainsi qu\u2019\u00e0 vos employ\u00e9s de prendre rapidement les bonnes d\u00e9cisions.<\/p>\n<\/div>\n\n<div class=\"container-md spacer  \">\n<div style=\"height:50px\" aria-hidden=\"true\" class=\"wp-block-spacer\"><\/div>\n<\/div>\n\n<div class=\"container-md heading  \">\n<h2 class=\"wp-block-heading\" id=\"h-exploitez-vos-donnees-de-processus\"><strong><strong>Exploitez vos donn\u00e9es de processus<\/strong><\/strong><\/h2>\n<\/div>\n\n<div class=\"container-md paragraph  \">\n<p>La collecte industrielle des donn\u00e9es de production est en quelque sorte la \u00ab&nbsp;bo\u00eete noire&nbsp;\u00bb de votre production. Un tel syst\u00e8me enregistre en permanence toutes les donn\u00e9es pertinentes issues des commandes (PLC) de l\u2019installation et de HMI\/SCADA.<\/p>\n<\/div>\n\n<div class=\"container-md paragraph  \">\n<p>Ces connaissances vous permettent de&nbsp;:<\/p>\n<\/div>\n\n<div class=\"container-md list  \">\n<ul class=\"wp-block-list\"><div class=\"container-md list-item  \">\n<li>r\u00e9duire les temps d&#8217;arr\u00eat<\/li>\n<\/div>\n\n<div class=\"container-md list-item  \">\n<li>mesurer et am\u00e9liorer les performances et la qualit\u00e9<\/li>\n<\/div>\n\n<div class=\"container-md list-item  \">\n<li>r\u00e9diger des certificats de qualit\u00e9 et des rapports<\/li>\n<\/div>\n\n<div class=\"container-md list-item  \">\n<li>optimiser les temps de cycle<\/li>\n<\/div>\n\n<div class=\"container-md list-item  \">\n<li>retracer les processus de production<\/li>\n<\/div><\/ul>\n<\/div>\n\n<div class=\"container-md paragraph  \">\n<p><strong>Ceci d\u00e9bouche sur une exploitation optimale et plus \u00e9conomique.<\/strong><\/p>\n<\/div>\n\n<div class=\"container-md spacer  \">\n<div style=\"height:100px\" aria-hidden=\"true\" class=\"wp-block-spacer\"><\/div>\n<\/div>\n\n<div class=\"container media-text  \">\n<div class=\"wp-block-media-text alignwide is-stacked-on-mobile\" style=\"grid-template-columns:45% auto\"><figure class=\"wp-block-media-text__media\"><img decoding=\"async\" src=\"https:\/\/www.novotek.com\/ch\/wp-content\/uploads\/sites\/3\/2021\/Novotek_UK\/Front_Page\/Connect\/Connect_illustration_600x600px-1024x719.png\" alt=\"Exp\u00e9rience num\u00e9rique\" class=\"wp-image-3098 size-full\" \/><\/figure><div class=\"wp-block-media-text__content\"><div class=\"container-md heading  \">\n<h3 class=\"wp-block-heading\" id=\"h-collecte-efficace-des-donnees-de-production\">Collecte efficace des donn\u00e9es de production<\/h3>\n<\/div>\n\n<div class=\"container-md paragraph  \">\n<p>Une base de donn\u00e9es de processus industrielle est con\u00e7ue pour la collecte, l\u2019enregistrement et la distribution de grandes quantit\u00e9s de donn\u00e9es de production.&nbsp;Toutes les donn\u00e9es de processus ainsi que les alarmes et les \u00e9v\u00e9nements provenant de diff\u00e9rents syst\u00e8mes et serveurs sont enregistr\u00e9s en tant qu\u2019historique.&nbsp;Nos bases de donn\u00e9es sont \u00e9volutives et peuvent grandir avec les installations.&nbsp;Une redondance peut \u00eatre r\u00e9alis\u00e9e pour une meilleure s\u00e9curit\u00e9 des donn\u00e9es critiques.<\/p>\n<\/div>\n\n<div class=\"container-md heading  \">\n<h3 class=\"wp-block-heading\" id=\"h-creation-de-rapports-et-reporting\">Cr\u00e9ation de rapports et reporting<\/h3>\n<\/div>\n\n<div class=\"container-md paragraph  \">\n<p>La cr\u00e9ation de rapports vous permet d\u2019afficher en toute efficacit\u00e9 et rapidit\u00e9 les cycles de fabrication actuels et pass\u00e9s, dans tous les formats souhait\u00e9s. Nos solutions se basent sur le Web. O\u00f9 que vous soyez, vous pouvez ainsi acc\u00e9der \u00e0 tout moment \u00e0 des rapports mis \u00e0 jour pour une p\u00e9riode donn\u00e9e ou un ordre de production donn\u00e9.<\/p>\n<\/div><\/div><\/div>\n<\/div>\n\n<div class=\"container-md spacer  \">\n<div style=\"height:50px\" aria-hidden=\"true\" class=\"wp-block-spacer\"><\/div>\n<\/div>\n\n<div class=\"container-md heading  \">\n<h2 class=\"wp-block-heading\" id=\"h-historian-industriel-vs-bases-de-donnees-relationnelles\">Historian industriel vs. bases de donn\u00e9es relationnelles<\/h2>\n<\/div>\n\n<div class=\"container-md paragraph  \">\n<p>Si vous envisagez d\u2019impl\u00e9menter une solution industrielle d\u2019enregistrement de donn\u00e9es, un facteur-cl\u00e9 r\u00e9side dans la distinction entre les donn\u00e9es de production et les donn\u00e9es commerciales. Beaucoup d\u2019entreprises souhaitent s\u2019atteler \u00e0 des archives de donn\u00e9es de fabrication de la m\u00eame mani\u00e8re qu\u2019\u00e0 des archives d\u2019entreprise &#8211; avec une base de donn\u00e9es relationnelle traditionnelle.<\/p>\n<\/div>\n\n<div class=\"container-md paragraph  \">\n<p>La diff\u00e9rence majeure est que la production fonctionne en temps r\u00e9el et exige du coup une collecte de donn\u00e9es tr\u00e8s rapide. Un Historian industriel offre des performances de lecture \/ \u00e9criture plus de 1000x plus rapides qu\u2019une base de donn\u00e9es relationnelle et atteint une r\u00e9solution de 1&nbsp;milliseconde. Ce sont l\u00e0 des crit\u00e8res essentiels&nbsp;! De plus, l\u2019Historian industriel est optimis\u00e9 pour des donn\u00e9es de \u00ab&nbsp;s\u00e9rie temporelle&nbsp;\u00bb alors qu\u2019une base de donn\u00e9es relationnelle est con\u00e7ue pour la gestion des relations.<\/p>\n<\/div>\n\n<div class=\"container-md paragraph  \">\n<p>Avec de puissants algorithmes de compression, un Historian d\u2019usine peut ais\u00e9ment enregistrer des donn\u00e9es en toute s\u00e9curit\u00e9 pendant des ann\u00e9es, avec du coup une am\u00e9lioration des performances et une r\u00e9duction des frais de maintenance.<\/p>\n<\/div>\n\n<div class=\"container-md paragraph  \">\n<p>Nous vous conseillons volontiers \u00e0 ce sujet. <a href=\"https:\/\/www.novotek.com\/ch\/fr\/contactez-nous-2\/\"><strong>Contactez-nous&nbsp;!<\/strong><\/a><\/p>\n<\/div>\n\n<div class=\"container-md spacer  \">\n<div style=\"height:100px\" aria-hidden=\"true\" class=\"wp-block-spacer\"><\/div>\n<\/div>\n\n<div class=\"container-md paragraph  \">\n<p> <\/p>\n<\/div>\n\n  <div class=\"slider-column-parent\">\n    <div class=\"container\">\n      <div class=\"slider-column-title\">Nos produits pour la saisie de la production<\/div>\n\n      <div class=\"slider-column\">\n        <div class=\"slider-cell carousel-cell large\"><div class=\"column-box\">\n  \n      <div class=\"title\">\n      Proficy Historian    <\/div>\n  \n      <div class=\"text\">\n      <p>Syst\u00e8me \u00e9volutif et performant pour la collecte et la distribution de donn\u00e9es d&#8217;exploitation et de processus industriels.<\/p>\n    <\/div>\n  \n      <a class=\"link\"  href=\"https:\/\/www.novotek.com\/ch\/fr\/smart-factory-mes\/proficy-historian\/\" target=\"\">\n      Historian    <\/a>\n  \n  <\/div>\n\n<\/div><div class=\"slider-cell carousel-cell large\"><div class=\"column-box\">\n  \n      <div class=\"title\">\n      ACRON    <\/div>\n  \n      <div class=\"text\">\n      <p>Solution d&#8217;archivage, d&#8217;\u00e9valuation &amp; de reporting efficace et \u00e9volutive, sp\u00e9cialement con\u00e7ue pour les donn\u00e9es \u00e9nerg\u00e9tiques et op\u00e9rationnelles.<\/p>\n    <\/div>\n  \n      <a class=\"link\"  href=\"https:\/\/www.novotek.com\/ch\/fr\/collecte-de-donnes\/acron\/\" target=\"\">\n      ACRON    <\/a>\n  \n  <\/div>\n\n<\/div>      <\/div>\n    <\/div>\n  <\/div>\n\n\n<div class=\"container-md spacer  \">\n<div style=\"height:20px\" aria-hidden=\"true\" class=\"wp-block-spacer\"><\/div>\n<\/div>","protected":false},"excerpt":{"rendered":"<p>Transformez vos donn&eacute;es en connaissances&nbsp;! Les donn&eacute;es de processus enregistr&eacute;es forment la base des certificats de qualit&eacute;, des &eacute;valuations et des analyses fond&eacute;es.<\/p>\n","protected":false},"author":14,"featured_media":11546,"parent":0,"menu_order":3,"comment_status":"closed","ping_status":"closed","template":"","meta":{"_acf_changed":false,"_relevanssi_hide_post":"","_relevanssi_pin_for_all":"","_relevanssi_pin_keywords":"","_relevanssi_unpin_keywords":"","_relevanssi_related_keywords":"","_relevanssi_related_include_ids":"","_relevanssi_related_exclude_ids":"","_relevanssi_related_no_append":"","_relevanssi_related_not_related":"","_relevanssi_related_posts":"13571,13571,13565,13567,13569,12884","_relevanssi_noindex_reason":"","content-type":"","footnotes":""},"class_list":["post-13635","page","type-page","status-publish","has-post-thumbnail","hentry"],"acf":[],"yoast_head":"<!-- This site is optimized with the Yoast SEO plugin v27.4 - https:\/\/yoast.com\/product\/yoast-seo-wordpress\/ -->\n<title>Collecte efficace des donn\u00e9es de production<\/title>\n<meta name=\"description\" content=\"Les certificats de qualit\u00e9 et l\u2019optimisation des processus de production supposent une collecte efficace des donn\u00e9es de production.\" \/>\n<meta name=\"robots\" content=\"index, follow, max-snippet:-1, max-image-preview:large, max-video-preview:-1\" \/>\n<link rel=\"canonical\" href=\"https:\/\/www.novotek.com\/ch\/fr\/collecte-de-donnes\/\" \/>\n<meta property=\"og:locale\" content=\"fr_FR\" \/>\n<meta property=\"og:type\" content=\"article\" \/>\n<meta property=\"og:title\" content=\"Collecte efficace des donn\u00e9es de production\" \/>\n<meta property=\"og:description\" content=\"Les certificats de qualit\u00e9 et l\u2019optimisation des processus de production supposent une collecte efficace des donn\u00e9es de production.\" \/>\n<meta property=\"og:url\" content=\"https:\/\/www.novotek.com\/ch\/fr\/collecte-de-donnes\/\" \/>\n<meta property=\"og:site_name\" content=\"Novotek CH\" \/>\n<meta property=\"article:modified_time\" content=\"2023-06-22T07:29:22+00:00\" \/>\n<meta property=\"og:image\" content=\"https:\/\/www.novotek.com\/ch\/wp-content\/uploads\/sites\/3\/Produktionsdatenerfassung_1920x800px.jpg\" \/>\n\t<meta property=\"og:image:width\" content=\"1920\" \/>\n\t<meta property=\"og:image:height\" content=\"800\" \/>\n\t<meta property=\"og:image:type\" content=\"image\/jpeg\" \/>\n<meta name=\"twitter:card\" content=\"summary_large_image\" \/>\n<meta name=\"twitter:label1\" content=\"Est. reading time\" \/>\n\t<meta name=\"twitter:data1\" content=\"3 minutes\" \/>\n<script type=\"application\/ld+json\" class=\"yoast-schema-graph\">{\"@context\":\"https:\\\/\\\/schema.org\",\"@graph\":[{\"@type\":\"WebPage\",\"@id\":\"https:\\\/\\\/www.novotek.com\\\/ch\\\/fr\\\/collecte-de-donnes\\\/\",\"url\":\"https:\\\/\\\/www.novotek.com\\\/ch\\\/fr\\\/collecte-de-donnes\\\/\",\"name\":\"Collecte efficace des donn\u00e9es de production\",\"isPartOf\":{\"@id\":\"https:\\\/\\\/www.novotek.com\\\/ch\\\/#website\"},\"primaryImageOfPage\":{\"@id\":\"https:\\\/\\\/www.novotek.com\\\/ch\\\/fr\\\/collecte-de-donnes\\\/#primaryimage\"},\"image\":{\"@id\":\"https:\\\/\\\/www.novotek.com\\\/ch\\\/fr\\\/collecte-de-donnes\\\/#primaryimage\"},\"thumbnailUrl\":\"https:\\\/\\\/www.novotek.com\\\/ch\\\/wp-content\\\/uploads\\\/sites\\\/3\\\/Produktionsdatenerfassung_1920x800px.jpg.webp\",\"datePublished\":\"2023-01-05T10:30:26+00:00\",\"dateModified\":\"2023-06-22T07:29:22+00:00\",\"description\":\"Les certificats de qualit\u00e9 et l\u2019optimisation des processus de production supposent une collecte efficace des donn\u00e9es de production.\",\"breadcrumb\":{\"@id\":\"https:\\\/\\\/www.novotek.com\\\/ch\\\/fr\\\/collecte-de-donnes\\\/#breadcrumb\"},\"inLanguage\":\"fr-CH\",\"potentialAction\":[{\"@type\":\"ReadAction\",\"target\":[\"https:\\\/\\\/www.novotek.com\\\/ch\\\/fr\\\/collecte-de-donnes\\\/\"]}]},{\"@type\":\"ImageObject\",\"inLanguage\":\"fr-CH\",\"@id\":\"https:\\\/\\\/www.novotek.com\\\/ch\\\/fr\\\/collecte-de-donnes\\\/#primaryimage\",\"url\":\"https:\\\/\\\/www.novotek.com\\\/ch\\\/wp-content\\\/uploads\\\/sites\\\/3\\\/Produktionsdatenerfassung_1920x800px.jpg.webp\",\"contentUrl\":\"https:\\\/\\\/www.novotek.com\\\/ch\\\/wp-content\\\/uploads\\\/sites\\\/3\\\/Produktionsdatenerfassung_1920x800px.jpg.webp\",\"width\":1920,\"height\":800,\"caption\":\"Datenerfassung\"},{\"@type\":\"BreadcrumbList\",\"@id\":\"https:\\\/\\\/www.novotek.com\\\/ch\\\/fr\\\/collecte-de-donnes\\\/#breadcrumb\",\"itemListElement\":[{\"@type\":\"ListItem\",\"position\":1,\"name\":\"Home\",\"item\":\"https:\\\/\\\/www.novotek.com\\\/ch\\\/fr\\\/\"},{\"@type\":\"ListItem\",\"position\":2,\"name\":\"Collecte de donn&eacute;es\"}]},{\"@type\":\"WebSite\",\"@id\":\"https:\\\/\\\/www.novotek.com\\\/ch\\\/#website\",\"url\":\"https:\\\/\\\/www.novotek.com\\\/ch\\\/\",\"name\":\"Novotek Switzerland AG\",\"description\":\"Connect - Digitalize - Optimize\",\"publisher\":{\"@id\":\"https:\\\/\\\/www.novotek.com\\\/ch\\\/#organization\"},\"potentialAction\":[{\"@type\":\"SearchAction\",\"target\":{\"@type\":\"EntryPoint\",\"urlTemplate\":\"https:\\\/\\\/www.novotek.com\\\/ch\\\/?s={search_term_string}\"},\"query-input\":{\"@type\":\"PropertyValueSpecification\",\"valueRequired\":true,\"valueName\":\"search_term_string\"}}],\"inLanguage\":\"fr-CH\"},{\"@type\":\"Organization\",\"@id\":\"https:\\\/\\\/www.novotek.com\\\/ch\\\/#organization\",\"name\":\"Novotek Switzerland AG\",\"url\":\"https:\\\/\\\/www.novotek.com\\\/ch\\\/\",\"logo\":{\"@type\":\"ImageObject\",\"inLanguage\":\"fr-CH\",\"@id\":\"https:\\\/\\\/www.novotek.com\\\/ch\\\/#\\\/schema\\\/logo\\\/image\\\/\",\"url\":\"https:\\\/\\\/www.novotek.com\\\/ch\\\/wp-content\\\/uploads\\\/sites\\\/3\\\/novotek-symbol-rgb-pos-white-border-512x512-1.png\",\"contentUrl\":\"https:\\\/\\\/www.novotek.com\\\/ch\\\/wp-content\\\/uploads\\\/sites\\\/3\\\/novotek-symbol-rgb-pos-white-border-512x512-1.png\",\"width\":512,\"height\":512,\"caption\":\"Novotek Switzerland AG\"},\"image\":{\"@id\":\"https:\\\/\\\/www.novotek.com\\\/ch\\\/#\\\/schema\\\/logo\\\/image\\\/\"}}]}<\/script>\n<!-- \/ Yoast SEO plugin. -->","yoast_head_json":{"title":"Collecte efficace des donn\u00e9es de production","description":"Les certificats de qualit\u00e9 et l\u2019optimisation des processus de production supposent une collecte efficace des donn\u00e9es de production.","robots":{"index":"index","follow":"follow","max-snippet":"max-snippet:-1","max-image-preview":"max-image-preview:large","max-video-preview":"max-video-preview:-1"},"canonical":"https:\/\/www.novotek.com\/ch\/fr\/collecte-de-donnes\/","og_locale":"fr_FR","og_type":"article","og_title":"Collecte efficace des donn\u00e9es de production","og_description":"Les certificats de qualit\u00e9 et l\u2019optimisation des processus de production supposent une collecte efficace des donn\u00e9es de production.","og_url":"https:\/\/www.novotek.com\/ch\/fr\/collecte-de-donnes\/","og_site_name":"Novotek CH","article_modified_time":"2023-06-22T07:29:22+00:00","og_image":[{"width":1920,"height":800,"url":"https:\/\/www.novotek.com\/ch\/wp-content\/uploads\/sites\/3\/Produktionsdatenerfassung_1920x800px.jpg","type":"image\/jpeg"}],"twitter_card":"summary_large_image","twitter_misc":{"Est. reading time":"3 minutes"},"schema":{"@context":"https:\/\/schema.org","@graph":[{"@type":"WebPage","@id":"https:\/\/www.novotek.com\/ch\/fr\/collecte-de-donnes\/","url":"https:\/\/www.novotek.com\/ch\/fr\/collecte-de-donnes\/","name":"Collecte efficace des donn\u00e9es de production","isPartOf":{"@id":"https:\/\/www.novotek.com\/ch\/#website"},"primaryImageOfPage":{"@id":"https:\/\/www.novotek.com\/ch\/fr\/collecte-de-donnes\/#primaryimage"},"image":{"@id":"https:\/\/www.novotek.com\/ch\/fr\/collecte-de-donnes\/#primaryimage"},"thumbnailUrl":"https:\/\/www.novotek.com\/ch\/wp-content\/uploads\/sites\/3\/Produktionsdatenerfassung_1920x800px.jpg.webp","datePublished":"2023-01-05T10:30:26+00:00","dateModified":"2023-06-22T07:29:22+00:00","description":"Les certificats de qualit\u00e9 et l\u2019optimisation des processus de production supposent une collecte efficace des donn\u00e9es de production.","breadcrumb":{"@id":"https:\/\/www.novotek.com\/ch\/fr\/collecte-de-donnes\/#breadcrumb"},"inLanguage":"fr-CH","potentialAction":[{"@type":"ReadAction","target":["https:\/\/www.novotek.com\/ch\/fr\/collecte-de-donnes\/"]}]},{"@type":"ImageObject","inLanguage":"fr-CH","@id":"https:\/\/www.novotek.com\/ch\/fr\/collecte-de-donnes\/#primaryimage","url":"https:\/\/www.novotek.com\/ch\/wp-content\/uploads\/sites\/3\/Produktionsdatenerfassung_1920x800px.jpg.webp","contentUrl":"https:\/\/www.novotek.com\/ch\/wp-content\/uploads\/sites\/3\/Produktionsdatenerfassung_1920x800px.jpg.webp","width":1920,"height":800,"caption":"Datenerfassung"},{"@type":"BreadcrumbList","@id":"https:\/\/www.novotek.com\/ch\/fr\/collecte-de-donnes\/#breadcrumb","itemListElement":[{"@type":"ListItem","position":1,"name":"Home","item":"https:\/\/www.novotek.com\/ch\/fr\/"},{"@type":"ListItem","position":2,"name":"Collecte de donn&eacute;es"}]},{"@type":"WebSite","@id":"https:\/\/www.novotek.com\/ch\/#website","url":"https:\/\/www.novotek.com\/ch\/","name":"Novotek Switzerland AG","description":"Connect - Digitalize - Optimize","publisher":{"@id":"https:\/\/www.novotek.com\/ch\/#organization"},"potentialAction":[{"@type":"SearchAction","target":{"@type":"EntryPoint","urlTemplate":"https:\/\/www.novotek.com\/ch\/?s={search_term_string}"},"query-input":{"@type":"PropertyValueSpecification","valueRequired":true,"valueName":"search_term_string"}}],"inLanguage":"fr-CH"},{"@type":"Organization","@id":"https:\/\/www.novotek.com\/ch\/#organization","name":"Novotek Switzerland AG","url":"https:\/\/www.novotek.com\/ch\/","logo":{"@type":"ImageObject","inLanguage":"fr-CH","@id":"https:\/\/www.novotek.com\/ch\/#\/schema\/logo\/image\/","url":"https:\/\/www.novotek.com\/ch\/wp-content\/uploads\/sites\/3\/novotek-symbol-rgb-pos-white-border-512x512-1.png","contentUrl":"https:\/\/www.novotek.com\/ch\/wp-content\/uploads\/sites\/3\/novotek-symbol-rgb-pos-white-border-512x512-1.png","width":512,"height":512,"caption":"Novotek Switzerland AG"},"image":{"@id":"https:\/\/www.novotek.com\/ch\/#\/schema\/logo\/image\/"}}]}},"_links":{"self":[{"href":"https:\/\/www.novotek.com\/ch\/fr\/wp-json\/wp\/v2\/pages\/13635","targetHints":{"allow":["GET"]}}],"collection":[{"href":"https:\/\/www.novotek.com\/ch\/fr\/wp-json\/wp\/v2\/pages"}],"about":[{"href":"https:\/\/www.novotek.com\/ch\/fr\/wp-json\/wp\/v2\/types\/page"}],"author":[{"embeddable":true,"href":"https:\/\/www.novotek.com\/ch\/fr\/wp-json\/wp\/v2\/users\/14"}],"replies":[{"embeddable":true,"href":"https:\/\/www.novotek.com\/ch\/fr\/wp-json\/wp\/v2\/comments?post=13635"}],"version-history":[{"count":8,"href":"https:\/\/www.novotek.com\/ch\/fr\/wp-json\/wp\/v2\/pages\/13635\/revisions"}],"predecessor-version":[{"id":16998,"href":"https:\/\/www.novotek.com\/ch\/fr\/wp-json\/wp\/v2\/pages\/13635\/revisions\/16998"}],"wp:featuredmedia":[{"embeddable":true,"href":"https:\/\/www.novotek.com\/ch\/fr\/wp-json\/wp\/v2\/media\/11546"}],"wp:attachment":[{"href":"https:\/\/www.novotek.com\/ch\/fr\/wp-json\/wp\/v2\/media?parent=13635"}],"curies":[{"name":"wp","href":"https:\/\/api.w.org\/{rel}","templated":true}]}}