{"id":13637,"date":"2023-01-05T10:30:42","date_gmt":"2023-01-05T10:30:42","guid":{"rendered":"https:\/\/www.novotek.com\/ch\/proficy-ifix\/"},"modified":"2025-10-21T15:15:12","modified_gmt":"2025-10-21T15:15:12","slug":"proficy-ifix","status":"publish","type":"page","link":"https:\/\/www.novotek.com\/ch\/fr\/hmi-scada\/proficy-ifix\/","title":{"rendered":"Proficy iFIX"},"content":{"rendered":"  <div class=\"hero\">\n    <div class=\"carousel hero-slider small\" data-flickity data-flickity-options='{\"prevNextButtons\": false}'>\n              <div class=\"carousel-cell\">\n          <div class=\"container\">\n            <div class=\"hero-content\">\n                              <h1>Proficy iFIX &#8211; next Generation HMI\/SCADA<\/h1>\n<p>Surveillez et contr\u00f4lez votre production avec la solution IHM\/SCADA la plus compl\u00e8te du march\u00e9.<\/p>\n              \n                          <\/div>\n          <\/div>\n\n          <img decoding=\"async\" width=\"1024\" height=\"427\" src=\"https:\/\/www.novotek.com\/ch\/wp-content\/uploads\/sites\/3\/Novotek_GE-image_Proficy_iFIX_header_1920x800px-1024x427.jpg.webp\" class=\"hero-bg\" alt=\"Hero Img\" fetchpriority=\"high\" srcset=\"https:\/\/www.novotek.com\/ch\/wp-content\/uploads\/sites\/3\/Novotek_GE-image_Proficy_iFIX_header_1920x800px-1024x427.jpg.webp 1024w, https:\/\/www.novotek.com\/ch\/wp-content\/uploads\/sites\/3\/Novotek_GE-image_Proficy_iFIX_header_1920x800px-300x125.jpg.webp 300w, https:\/\/www.novotek.com\/ch\/wp-content\/uploads\/sites\/3\/Novotek_GE-image_Proficy_iFIX_header_1920x800px-768x320.jpg.webp 768w, https:\/\/www.novotek.com\/ch\/wp-content\/uploads\/sites\/3\/Novotek_GE-image_Proficy_iFIX_header_1920x800px-1536x640.jpg.webp 1536w, https:\/\/www.novotek.com\/ch\/wp-content\/uploads\/sites\/3\/Novotek_GE-image_Proficy_iFIX_header_1920x800px.jpg.webp 1920w\" sizes=\"(max-width: 1024px) 100vw, 1024px\" \/>                  <\/div>\n          <\/div>\n\n      <\/div>\n\n   \n\n\n<div class=\"container-md spacer  \">\n<div style=\"height:20px\" aria-hidden=\"true\" class=\"wp-block-spacer\"><\/div>\n<\/div>\n\n<div class=\"container-md paragraph  \">\n<p>Proficy HMI\/SCADA iFIX est un syst\u00e8me de commande industriel de GE Vernova. Il est utilis\u00e9 dans tous les secteurs industriels par plus de 100&#8217;000 clients dans le monde entier. Le syst\u00e8me est en constante \u00e9volution et constitue la solution IHM\/SCADA la plus moderne du march\u00e9.  <\/p>\n<\/div>\n\n<div class=\"container-md image  \">\n<figure class=\"wp-block-image size-full\"><img loading=\"lazy\" decoding=\"async\" width=\"700\" height=\"439\" src=\"https:\/\/www.novotek.com\/ch\/wp-content\/uploads\/sites\/3\/GEVernova_Proficy_iFIX-1.jpg\" alt=\"\" class=\"wp-image-27884\" srcset=\"https:\/\/www.novotek.com\/ch\/wp-content\/uploads\/sites\/3\/GEVernova_Proficy_iFIX-1.jpg 700w, https:\/\/www.novotek.com\/ch\/wp-content\/uploads\/sites\/3\/GEVernova_Proficy_iFIX-1-300x188.jpg 300w, https:\/\/www.novotek.com\/ch\/wp-content\/uploads\/sites\/3\/GEVernova_Proficy_iFIX-1-86x54.jpg 86w, https:\/\/www.novotek.com\/ch\/wp-content\/uploads\/sites\/3\/GEVernova_Proficy_iFIX-1-306x192.jpg 306w, https:\/\/www.novotek.com\/ch\/wp-content\/uploads\/sites\/3\/GEVernova_Proficy_iFIX-1-636x399.jpg 636w\" sizes=\"auto, (max-width: 700px) 100vw, 700px\" \/><\/figure>\n<\/div>\n\n<div class=\"container-md paragraph  \">\n<p>Proficy iFIX collecte des donn\u00e9es industrielles et les transmet directement aux utilisateurs, aux cadres et aux autres personnes de l&#8217;entreprise qui ont besoin de donn\u00e9es. Ces donn\u00e9es permettent d&#8217;acc\u00e9l\u00e9rer le processus de prise de d\u00e9cision des managers et du personnel. Il en r\u00e9sulte un meilleur contr\u00f4le et une meilleure surveillance.   <\/p>\n<\/div>\n\n<div class=\"container-md spacer  \">\n<div style=\"height:10px\" aria-hidden=\"true\" class=\"wp-block-spacer\"><\/div>\n<\/div>\n\n<div class=\"container-md heading  \">\n<h2 class=\"wp-block-heading\" id=\"h-eine-leistungsstarke-losung-mit-vielen-funktionen\">Une solution puissante avec maintes fonctions<\/h2>\n<\/div>\n\n<div class=\"container-md paragraph  \">\n<p>Les donn\u00e9es sont pr\u00e9sent\u00e9es au sein d\u2019une interface utilisateur graphique moderne, avec des menus en couleur issus de Windows 10. Proficy iFix est adapt\u00e9 aux travaux avec les syst\u00e8mes HMI\/SCADA de pointe.<\/p>\n<\/div>\n\n<div class=\"container-md spacer  \">\n<div style=\"height:25px\" aria-hidden=\"true\" class=\"wp-block-spacer\"><\/div>\n<\/div>\n\n<div class=\"container-md spacer  \">\n<div style=\"height:25px\" aria-hidden=\"true\" class=\"wp-block-spacer\"><\/div>\n<\/div>\n\n<div class=\"container-md paragraph  \">\n<p>L&#8217;outil iFIX Workspace Operator comprend de nombreux composants avec diff\u00e9rentes fonctions. Entre autres, les tendances peuvent \u00eatre affich\u00e9es avec le module &#8220;TrendView&#8221; et les alarmes peuvent \u00eatre repr\u00e9sent\u00e9es avec le module d&#8217;alarme &#8220;AlarmAnalysis&#8221;. Pour faciliter la compr\u00e9hension et le travail avec les donn\u00e9es affich\u00e9es, l&#8217;aper\u00e7u peut \u00eatre zoom\u00e9 vers l&#8217;avant ou vers l&#8217;arri\u00e8re. Cela fait de Proficy iFIX un outil puissant pour la recherche d&#8217;erreurs.   <\/p>\n<\/div>\n\n<div class=\"container media-text  alignwide\">\n<div class=\"wp-block-media-text alignwide has-media-on-the-right is-stacked-on-mobile\" style=\"grid-template-columns:auto 40%\"><div class=\"wp-block-media-text__content\"><div class=\"container-md heading  \">\n<h3 class=\"wp-block-heading\" id=\"h-alarm-management\">Gestion d\u2019alarme<\/h3>\n<\/div>\n\n<div class=\"container-md paragraph  \">\n<p>Proficy iFIX dispose de toutes les fonctions n\u00e9cessaires \u00e0 la gestion des alarmes. M\u00eame lorsque de nombreuses alarmes sont d\u00e9clench\u00e9es simultan\u00e9ment. Gr\u00e2ce aux fonctions de filtrage, il est facile de garder une vue d&#8217;ensemble, d&#8217;analyser et de trier les zones. Des fonctions avanc\u00e9es peuvent \u00e9galement \u00eatre int\u00e9gr\u00e9es sur demande, comme des mod\u00e8les d&#8217;analyse et des flux de travail.   <\/p>\n<\/div>\n\n<div class=\"container-md spacer  \">\n<div style=\"height:30px\" aria-hidden=\"true\" class=\"wp-block-spacer\"><\/div>\n<\/div>\n\n<div class=\"container-md heading  \">\n<h3 class=\"wp-block-heading\" id=\"h-reporting\">Reporting<\/h3>\n<\/div>\n\n<div class=\"container-md paragraph  \">\n<p>Gr\u00e2ce au moteur de reporting de Microsoft, Proficy iFIX atteint une flexibilit\u00e9 et une \u00e9volutivit\u00e9 imbattables. Il permet de cr\u00e9er facilement des rapports et de les adapter aux besoins des clients. Avec la base de donn\u00e9es historique int\u00e9gr\u00e9e <a href=\"https:\/\/www.novotek.com\/ch\/fr\/smart-factory-mes\/proficy-historian\/\"><strong>Proficy Historian<\/strong><\/a> de GE Vernova, vous b\u00e9n\u00e9ficiez de fonctions et de prestations qui ne sont normalement disponibles que pour les grandes bases de donn\u00e9es de processus.  <\/p>\n<\/div><\/div><figure class=\"wp-block-media-text__media\"><img loading=\"lazy\" decoding=\"async\" width=\"600\" height=\"532\" src=\"https:\/\/www.novotek.com\/ch\/wp-content\/uploads\/sites\/3\/GEVernova_proficy_iFIX2-1-1.png\" alt=\"\" class=\"wp-image-27880 size-full\" srcset=\"https:\/\/www.novotek.com\/ch\/wp-content\/uploads\/sites\/3\/GEVernova_proficy_iFIX2-1-1.png 600w, https:\/\/www.novotek.com\/ch\/wp-content\/uploads\/sites\/3\/GEVernova_proficy_iFIX2-1-1-300x266.png 300w, https:\/\/www.novotek.com\/ch\/wp-content\/uploads\/sites\/3\/GEVernova_proficy_iFIX2-1-1-86x76.png 86w, https:\/\/www.novotek.com\/ch\/wp-content\/uploads\/sites\/3\/GEVernova_proficy_iFIX2-1-1-306x271.png 306w\" sizes=\"auto, (max-width: 600px) 100vw, 600px\" \/><\/figure><\/div>\n<\/div>\n\n<div class=\"container-md heading  \">\n<h4 class=\"wp-block-heading\" id=\"h-funktionen\">Fonctions<\/h4>\n<\/div>\n\n<div class=\"container-md list  \">\n<ul id=\"block-80e69f4b-3bf4-40f6-b0df-ae6d38fda8ac\" class=\"wp-block-list\"><div class=\"container-md list-item  \">\n<li>Aper\u00e7u complet de la production en temps r\u00e9el. Possibilit\u00e9 d&#8217;\u00e9changer des donn\u00e9es avec des utilisateurs dans toute l&#8217;entreprise. <\/li>\n<\/div>\n\n<div class=\"container-md list-item  \">\n<li>Architecture client\/serveur avanc\u00e9e pour une entr\u00e9e et une sortie flexibles.<\/li>\n<\/div>\n\n<div class=\"container-md list-item  \">\n<li>D\u00e9veloppement de l&#8217;application bas\u00e9 sur le web.<\/li>\n<\/div>\n\n<div class=\"container-md list-item  \">\n<li>Possibilit\u00e9 de relier le syst\u00e8me Shop-Floor au syst\u00e8me de production (MES) et au syst\u00e8me d&#8217;entreprise (ERP).<\/li>\n<\/div>\n\n<div class=\"container-md list-item  \">\n<li>Int\u00e9gration dans d&#8217;autres produits Proficy de GE Vernova, syst\u00e8mes de maintenance IDUS et autres applications.<\/li>\n<\/div>\n\n<div class=\"container-md list-item  \">\n<li>Rapports complets et gestion des alertes.<\/li>\n<\/div>\n\n<div class=\"container-md list-item  \">\n<li>Planification bas\u00e9e sur les \u00e9v\u00e9nements gr\u00e2ce \u00e0 l&#8217;analyse des donn\u00e9es historiques.<\/li>\n<\/div>\n\n<div class=\"container-md list-item  \">\n<li>Interface utilisateur graphique avec une IHM performante.<\/li>\n<\/div>\n\n<div class=\"container-md list-item  \">\n<li>Acc\u00e8s direct avec un PC, une tablette ou un smartphone.<\/li>\n<\/div>\n\n<div class=\"container-md list-item  \">\n<li>S&#8217;appuie sur les syst\u00e8mes mat\u00e9riels et logiciels existants<\/li>\n<\/div><\/ul>\n<\/div>\n\n<div class=\"container-md spacer  \">\n<div style=\"height:10px\" aria-hidden=\"true\" class=\"wp-block-spacer\"><\/div>\n<\/div>\n\n<div class=\"container-md heading  \">\n<h4 class=\"wp-block-heading\" id=\"h-technische-informationen\">Informations techniques<\/h4>\n<\/div>\n\n<div class=\"container-md paragraph  \">\n<p>Les programmes et syst\u00e8mes suivants sont pris en charge :<\/p>\n<\/div>\n\n<div class=\"container-md list  \">\n<ul class=\"wp-block-list\"><div class=\"container-md list-item  \">\n<li>GE Historian Essential Base de donn\u00e9es<\/li>\n<\/div>\n\n<div class=\"container-md list-item  \">\n<li>ActiveX und .net Control Support<\/li>\n<\/div>\n\n<div class=\"container-md list-item  \">\n<li>Secure Containment pour ActiveX et .net Controls<\/li>\n<\/div>\n\n<div class=\"container-md list-item  \">\n<li>Embedded Visual Basic for Applications (VBA)<\/li>\n<\/div>\n\n<div class=\"container-md list-item  \">\n<li>iClientTS pour les services terminaux, l&#8217;espace Web (HTML5) et les connexions client l\u00e9ger<\/li>\n<\/div>\n\n<div class=\"container-md list-item  \">\n<li>\u00c9largissement de la r\u00e9glementation 21 CFR Part 11 sur les m\u00e9dicaments et les aliments<\/li>\n<\/div><\/ul>\n<\/div>\n\n<div class=\"container media-text  alignwide\">\n<div class=\"wp-block-media-text alignwide has-media-on-the-right is-stacked-on-mobile\" style=\"grid-template-columns:auto 40%\"><div class=\"wp-block-media-text__content\"><div class=\"container-md heading  \">\n<h2 class=\"wp-block-heading\" id=\"h-eine-sichere-und-innovative-losung\">Une solution s\u00fbre et innovante<\/h2>\n<\/div>\n\n<div class=\"container-md paragraph  \">\n<p>Proficy iFIX est bas\u00e9 sur des standards industriels ouverts de Microsoft tels que .net, HTML5, Windows, SQL Server et OPC. Avec ce logiciel, vous disposez d&#8217;une solution qui constitue un investissement s\u00fbr pour votre entreprise, aussi bien aujourd&#8217;hui que dans le futur.<\/p>\n<\/div><\/div><figure class=\"wp-block-media-text__media\"><img loading=\"lazy\" decoding=\"async\" width=\"1024\" height=\"707\" src=\"https:\/\/www.novotek.com\/ch\/wp-content\/uploads\/sites\/3\/Proficy_iFIX_mockup-1024x707-1.jpg\" alt=\"\" class=\"wp-image-17454 size-full\" srcset=\"https:\/\/www.novotek.com\/ch\/wp-content\/uploads\/sites\/3\/Proficy_iFIX_mockup-1024x707-1.jpg 1024w, https:\/\/www.novotek.com\/ch\/wp-content\/uploads\/sites\/3\/Proficy_iFIX_mockup-1024x707-1-300x207.jpg 300w, https:\/\/www.novotek.com\/ch\/wp-content\/uploads\/sites\/3\/Proficy_iFIX_mockup-1024x707-1-768x530.jpg 768w\" sizes=\"auto, (max-width: 1024px) 100vw, 1024px\" \/><\/figure><\/div>\n<\/div>\n\n<div class=\"container-md paragraph  \">\n<p>Novotek est un fournisseur de solutions IHM\/SCADA depuis plus de 35 ans. Nos experts vous aideront \u00e0 mettre en \u0153uvre Proficy iFIX dans votre entreprise. <\/p>\n<\/div>\n\n<div class=\"container-md spacer  \">\n<div style=\"height:50px\" aria-hidden=\"true\" class=\"wp-block-spacer\"><\/div>\n<\/div>\n\n<div class=\"container-md group  alignfull\">\n<div class=\"wp-block-group alignfull\"><div class=\"wp-block-group__inner-container is-layout-constrained wp-block-group-is-layout-constrained\"><div class=\"container-md spacer  \">\n<div style=\"height:100px\" aria-hidden=\"true\" id=\"industrielle-protokolle\" class=\"wp-block-spacer\"><\/div>\n<\/div>\n\n<div class=\"container-md heading  \">\n<h2 class=\"wp-block-heading\">En savoir plus sur Proficy iFIX<strong>  &gt;<\/strong><\/h2>\n<\/div><\/div>\n<\/div><\/div>\n\n<div class=\"posts-columns \">\n  <div class=\"container\">\n  <div class=\"row\">\n    <div class=\"col-12 col-md-4\">\n<article class=\"basic \">\n    <div class=\"image\">\n      <a href=\"https:\/\/www.novotek.com\/ch\/fr\/insight\/plus-de-durabilite-dans-la-production-avec-les-bons-outils\/\">\n                  <img loading=\"lazy\" decoding=\"async\" width=\"306\" height=\"204\" src=\"https:\/\/www.novotek.com\/ch\/wp-content\/uploads\/sites\/3\/nachhaltigkeit-produktion-sustainability-1.jpg.webp\" class=\"attachment-sm size-sm\" alt=\"\" srcset=\"https:\/\/www.novotek.com\/ch\/wp-content\/uploads\/sites\/3\/nachhaltigkeit-produktion-sustainability-1.jpg.webp 392w, https:\/\/www.novotek.com\/ch\/wp-content\/uploads\/sites\/3\/nachhaltigkeit-produktion-sustainability-1-300x200.jpg.webp 300w\" sizes=\"auto, (max-width: 306px) 100vw, 306px\" \/>              <\/a>\n    <\/div>\n\n    <div>\n              <h4>Plus de durabilit\u00e9 dans la production avec les bons outils<\/h4>\n      \n              <p>D\u00e9couvrez comment des outils intelligents et une vue d&#8217;ensemble centralis\u00e9e des processus vous permettent non seulement d&#8217;augmenter votre efficacit\u00e9, mais aussi de contribuer de mani\u00e8re significative \u00e0 une production plus durable.<\/p>\n      \n      <div>\n        <a href=\"https:\/\/www.novotek.com\/ch\/fr\/insight\/plus-de-durabilite-dans-la-production-avec-les-bons-outils\/\">\n          Lire plus        <\/a>\n      <\/div>\n    <\/div>\n<\/article>\n<\/div><div class=\"col-12 col-md-4\">\n<article class=\"basic \">\n    <div class=\"image\">\n      <a href=\"https:\/\/www.novotek.com\/ch\/fr\/hmi-scada\/proficy-ifix\/historique-des-clients-inbev\/\">\n                  <img loading=\"lazy\" decoding=\"async\" width=\"306\" height=\"234\" src=\"https:\/\/www.novotek.com\/ch\/wp-content\/uploads\/sites\/3\/2025\/02\/kundengeschichte-inbev-306x234.jpg.webp\" class=\"attachment-sm size-sm\" alt=\"\" srcset=\"https:\/\/www.novotek.com\/ch\/wp-content\/uploads\/sites\/3\/2025\/02\/kundengeschichte-inbev-306x234.jpg.webp 306w, https:\/\/www.novotek.com\/ch\/wp-content\/uploads\/sites\/3\/2025\/02\/kundengeschichte-inbev-300x230.jpg.webp 300w, https:\/\/www.novotek.com\/ch\/wp-content\/uploads\/sites\/3\/2025\/02\/kundengeschichte-inbev-86x66.jpg.webp 86w, https:\/\/www.novotek.com\/ch\/wp-content\/uploads\/sites\/3\/2025\/02\/kundengeschichte-inbev.jpg.webp 600w\" sizes=\"auto, (max-width: 306px) 100vw, 306px\" \/>              <\/a>\n    <\/div>\n\n    <div>\n              <h4>Historique des clients :InBev<\/h4>\n      \n              <p>\u00c9conomiser de l&#8217;\u00e9nergie, r\u00e9duire les co\u00fbts, am\u00e9liorer les processus : InBev montre comment des outils intelligents peuvent faire la diff\u00e9rence &#8211; et comment des d\u00e9cisions bas\u00e9es sur des donn\u00e9es peuvent rendre la production plus durable et plus efficace. Lisez maintenant l&#8217;histoire compl\u00e8te.<\/p>\n      \n      <div>\n        <a href=\"https:\/\/www.novotek.com\/ch\/fr\/hmi-scada\/proficy-ifix\/historique-des-clients-inbev\/\">\n          Lire plus        <\/a>\n      <\/div>\n    <\/div>\n<\/article>\n<\/div>  <\/div>\n\n  <\/div><\/div>\n","protected":false},"excerpt":{"rendered":"<p>Surveillez et pilotez votre production avec la solution HMI\/SCADA la plus compl\u00e8te du march\u00e9.<\/p>\n","protected":false},"author":35,"featured_media":0,"parent":13676,"menu_order":1,"comment_status":"closed","ping_status":"closed","template":"","meta":{"_acf_changed":false,"_relevanssi_hide_post":"","_relevanssi_pin_for_all":"","_relevanssi_pin_keywords":"","_relevanssi_unpin_keywords":"","_relevanssi_related_keywords":"","_relevanssi_related_include_ids":"","_relevanssi_related_exclude_ids":"","_relevanssi_related_no_append":"","_relevanssi_related_not_related":"","_relevanssi_related_posts":"13219,6198,12307,12409,13569,13573","_relevanssi_noindex_reason":"","content-type":"","footnotes":""},"class_list":["post-13637","page","type-page","status-publish","hentry"],"acf":[],"yoast_head":"<!-- This site is optimized with the Yoast SEO plugin v27.4 - https:\/\/yoast.com\/product\/yoast-seo-wordpress\/ -->\n<title>Proficy iFIX - Novotek CH<\/title>\n<meta name=\"description\" content=\"Surveillez et contr\u00f4lez votre production avec la solution IHM\/SCADA la plus compl\u00e8te du march\u00e9. Nous vous soutenons dans l&#039;impl\u00e9mentation\" \/>\n<meta name=\"robots\" content=\"index, follow, max-snippet:-1, max-image-preview:large, max-video-preview:-1\" \/>\n<link rel=\"canonical\" href=\"https:\/\/www.novotek.com\/ch\/fr\/hmi-scada\/proficy-ifix\/\" \/>\n<meta property=\"og:locale\" content=\"fr_FR\" \/>\n<meta property=\"og:type\" content=\"article\" \/>\n<meta property=\"og:title\" content=\"Proficy iFIX - Novotek CH\" \/>\n<meta property=\"og:description\" content=\"Surveillez et contr\u00f4lez votre production avec la solution IHM\/SCADA la plus compl\u00e8te du march\u00e9. Nous vous soutenons dans l&#039;impl\u00e9mentation\" \/>\n<meta property=\"og:url\" content=\"https:\/\/www.novotek.com\/ch\/fr\/hmi-scada\/proficy-ifix\/\" \/>\n<meta property=\"og:site_name\" content=\"Novotek CH\" \/>\n<meta property=\"article:modified_time\" content=\"2025-10-21T15:15:12+00:00\" \/>\n<meta property=\"og:image\" content=\"https:\/\/www.novotek.com\/ch\/wp-content\/uploads\/sites\/3\/GEVernova_Proficy_iFIX-1.jpg\" \/>\n<meta name=\"twitter:card\" content=\"summary_large_image\" \/>\n<meta name=\"twitter:label1\" content=\"Est. reading time\" \/>\n\t<meta name=\"twitter:data1\" content=\"4 minutes\" \/>\n<script type=\"application\/ld+json\" class=\"yoast-schema-graph\">{\"@context\":\"https:\\\/\\\/schema.org\",\"@graph\":[{\"@type\":\"WebPage\",\"@id\":\"https:\\\/\\\/www.novotek.com\\\/ch\\\/fr\\\/hmi-scada\\\/proficy-ifix\\\/\",\"url\":\"https:\\\/\\\/www.novotek.com\\\/ch\\\/fr\\\/hmi-scada\\\/proficy-ifix\\\/\",\"name\":\"Proficy iFIX - Novotek CH\",\"isPartOf\":{\"@id\":\"https:\\\/\\\/www.novotek.com\\\/ch\\\/#website\"},\"primaryImageOfPage\":{\"@id\":\"https:\\\/\\\/www.novotek.com\\\/ch\\\/fr\\\/hmi-scada\\\/proficy-ifix\\\/#primaryimage\"},\"image\":{\"@id\":\"https:\\\/\\\/www.novotek.com\\\/ch\\\/fr\\\/hmi-scada\\\/proficy-ifix\\\/#primaryimage\"},\"thumbnailUrl\":\"https:\\\/\\\/www.novotek.com\\\/ch\\\/wp-content\\\/uploads\\\/sites\\\/3\\\/GEVernova_Proficy_iFIX-1.jpg\",\"datePublished\":\"2023-01-05T10:30:42+00:00\",\"dateModified\":\"2025-10-21T15:15:12+00:00\",\"description\":\"Surveillez et contr\u00f4lez votre production avec la solution IHM\\\/SCADA la plus compl\u00e8te du march\u00e9. Nous vous soutenons dans l'impl\u00e9mentation\",\"breadcrumb\":{\"@id\":\"https:\\\/\\\/www.novotek.com\\\/ch\\\/fr\\\/hmi-scada\\\/proficy-ifix\\\/#breadcrumb\"},\"inLanguage\":\"fr-CH\",\"potentialAction\":[{\"@type\":\"ReadAction\",\"target\":[\"https:\\\/\\\/www.novotek.com\\\/ch\\\/fr\\\/hmi-scada\\\/proficy-ifix\\\/\"]}]},{\"@type\":\"ImageObject\",\"inLanguage\":\"fr-CH\",\"@id\":\"https:\\\/\\\/www.novotek.com\\\/ch\\\/fr\\\/hmi-scada\\\/proficy-ifix\\\/#primaryimage\",\"url\":\"https:\\\/\\\/www.novotek.com\\\/ch\\\/wp-content\\\/uploads\\\/sites\\\/3\\\/GEVernova_Proficy_iFIX-1.jpg\",\"contentUrl\":\"https:\\\/\\\/www.novotek.com\\\/ch\\\/wp-content\\\/uploads\\\/sites\\\/3\\\/GEVernova_Proficy_iFIX-1.jpg\"},{\"@type\":\"BreadcrumbList\",\"@id\":\"https:\\\/\\\/www.novotek.com\\\/ch\\\/fr\\\/hmi-scada\\\/proficy-ifix\\\/#breadcrumb\",\"itemListElement\":[{\"@type\":\"ListItem\",\"position\":1,\"name\":\"Home\",\"item\":\"https:\\\/\\\/www.novotek.com\\\/ch\\\/fr\\\/\"},{\"@type\":\"ListItem\",\"position\":2,\"name\":\"HMI \\\/ SCADA\",\"item\":\"https:\\\/\\\/www.novotek.com\\\/ch\\\/fr\\\/hmi-scada\\\/\"},{\"@type\":\"ListItem\",\"position\":3,\"name\":\"Proficy iFIX\"}]},{\"@type\":\"WebSite\",\"@id\":\"https:\\\/\\\/www.novotek.com\\\/ch\\\/#website\",\"url\":\"https:\\\/\\\/www.novotek.com\\\/ch\\\/\",\"name\":\"Novotek Switzerland AG\",\"description\":\"Connect - Digitalize - Optimize\",\"publisher\":{\"@id\":\"https:\\\/\\\/www.novotek.com\\\/ch\\\/#organization\"},\"potentialAction\":[{\"@type\":\"SearchAction\",\"target\":{\"@type\":\"EntryPoint\",\"urlTemplate\":\"https:\\\/\\\/www.novotek.com\\\/ch\\\/?s={search_term_string}\"},\"query-input\":{\"@type\":\"PropertyValueSpecification\",\"valueRequired\":true,\"valueName\":\"search_term_string\"}}],\"inLanguage\":\"fr-CH\"},{\"@type\":\"Organization\",\"@id\":\"https:\\\/\\\/www.novotek.com\\\/ch\\\/#organization\",\"name\":\"Novotek Switzerland AG\",\"url\":\"https:\\\/\\\/www.novotek.com\\\/ch\\\/\",\"logo\":{\"@type\":\"ImageObject\",\"inLanguage\":\"fr-CH\",\"@id\":\"https:\\\/\\\/www.novotek.com\\\/ch\\\/#\\\/schema\\\/logo\\\/image\\\/\",\"url\":\"https:\\\/\\\/www.novotek.com\\\/ch\\\/wp-content\\\/uploads\\\/sites\\\/3\\\/novotek-symbol-rgb-pos-white-border-512x512-1.png\",\"contentUrl\":\"https:\\\/\\\/www.novotek.com\\\/ch\\\/wp-content\\\/uploads\\\/sites\\\/3\\\/novotek-symbol-rgb-pos-white-border-512x512-1.png\",\"width\":512,\"height\":512,\"caption\":\"Novotek Switzerland AG\"},\"image\":{\"@id\":\"https:\\\/\\\/www.novotek.com\\\/ch\\\/#\\\/schema\\\/logo\\\/image\\\/\"}}]}<\/script>\n<!-- \/ Yoast SEO plugin. -->","yoast_head_json":{"title":"Proficy iFIX - Novotek CH","description":"Surveillez et contr\u00f4lez votre production avec la solution IHM\/SCADA la plus compl\u00e8te du march\u00e9. Nous vous soutenons dans l'impl\u00e9mentation","robots":{"index":"index","follow":"follow","max-snippet":"max-snippet:-1","max-image-preview":"max-image-preview:large","max-video-preview":"max-video-preview:-1"},"canonical":"https:\/\/www.novotek.com\/ch\/fr\/hmi-scada\/proficy-ifix\/","og_locale":"fr_FR","og_type":"article","og_title":"Proficy iFIX - Novotek CH","og_description":"Surveillez et contr\u00f4lez votre production avec la solution IHM\/SCADA la plus compl\u00e8te du march\u00e9. Nous vous soutenons dans l'impl\u00e9mentation","og_url":"https:\/\/www.novotek.com\/ch\/fr\/hmi-scada\/proficy-ifix\/","og_site_name":"Novotek CH","article_modified_time":"2025-10-21T15:15:12+00:00","og_image":[{"url":"https:\/\/www.novotek.com\/ch\/wp-content\/uploads\/sites\/3\/GEVernova_Proficy_iFIX-1.jpg","type":"","width":"","height":""}],"twitter_card":"summary_large_image","twitter_misc":{"Est. reading time":"4 minutes"},"schema":{"@context":"https:\/\/schema.org","@graph":[{"@type":"WebPage","@id":"https:\/\/www.novotek.com\/ch\/fr\/hmi-scada\/proficy-ifix\/","url":"https:\/\/www.novotek.com\/ch\/fr\/hmi-scada\/proficy-ifix\/","name":"Proficy iFIX - Novotek CH","isPartOf":{"@id":"https:\/\/www.novotek.com\/ch\/#website"},"primaryImageOfPage":{"@id":"https:\/\/www.novotek.com\/ch\/fr\/hmi-scada\/proficy-ifix\/#primaryimage"},"image":{"@id":"https:\/\/www.novotek.com\/ch\/fr\/hmi-scada\/proficy-ifix\/#primaryimage"},"thumbnailUrl":"https:\/\/www.novotek.com\/ch\/wp-content\/uploads\/sites\/3\/GEVernova_Proficy_iFIX-1.jpg","datePublished":"2023-01-05T10:30:42+00:00","dateModified":"2025-10-21T15:15:12+00:00","description":"Surveillez et contr\u00f4lez votre production avec la solution IHM\/SCADA la plus compl\u00e8te du march\u00e9. Nous vous soutenons dans l'impl\u00e9mentation","breadcrumb":{"@id":"https:\/\/www.novotek.com\/ch\/fr\/hmi-scada\/proficy-ifix\/#breadcrumb"},"inLanguage":"fr-CH","potentialAction":[{"@type":"ReadAction","target":["https:\/\/www.novotek.com\/ch\/fr\/hmi-scada\/proficy-ifix\/"]}]},{"@type":"ImageObject","inLanguage":"fr-CH","@id":"https:\/\/www.novotek.com\/ch\/fr\/hmi-scada\/proficy-ifix\/#primaryimage","url":"https:\/\/www.novotek.com\/ch\/wp-content\/uploads\/sites\/3\/GEVernova_Proficy_iFIX-1.jpg","contentUrl":"https:\/\/www.novotek.com\/ch\/wp-content\/uploads\/sites\/3\/GEVernova_Proficy_iFIX-1.jpg"},{"@type":"BreadcrumbList","@id":"https:\/\/www.novotek.com\/ch\/fr\/hmi-scada\/proficy-ifix\/#breadcrumb","itemListElement":[{"@type":"ListItem","position":1,"name":"Home","item":"https:\/\/www.novotek.com\/ch\/fr\/"},{"@type":"ListItem","position":2,"name":"HMI \/ SCADA","item":"https:\/\/www.novotek.com\/ch\/fr\/hmi-scada\/"},{"@type":"ListItem","position":3,"name":"Proficy iFIX"}]},{"@type":"WebSite","@id":"https:\/\/www.novotek.com\/ch\/#website","url":"https:\/\/www.novotek.com\/ch\/","name":"Novotek Switzerland AG","description":"Connect - Digitalize - Optimize","publisher":{"@id":"https:\/\/www.novotek.com\/ch\/#organization"},"potentialAction":[{"@type":"SearchAction","target":{"@type":"EntryPoint","urlTemplate":"https:\/\/www.novotek.com\/ch\/?s={search_term_string}"},"query-input":{"@type":"PropertyValueSpecification","valueRequired":true,"valueName":"search_term_string"}}],"inLanguage":"fr-CH"},{"@type":"Organization","@id":"https:\/\/www.novotek.com\/ch\/#organization","name":"Novotek Switzerland AG","url":"https:\/\/www.novotek.com\/ch\/","logo":{"@type":"ImageObject","inLanguage":"fr-CH","@id":"https:\/\/www.novotek.com\/ch\/#\/schema\/logo\/image\/","url":"https:\/\/www.novotek.com\/ch\/wp-content\/uploads\/sites\/3\/novotek-symbol-rgb-pos-white-border-512x512-1.png","contentUrl":"https:\/\/www.novotek.com\/ch\/wp-content\/uploads\/sites\/3\/novotek-symbol-rgb-pos-white-border-512x512-1.png","width":512,"height":512,"caption":"Novotek Switzerland AG"},"image":{"@id":"https:\/\/www.novotek.com\/ch\/#\/schema\/logo\/image\/"}}]}},"_links":{"self":[{"href":"https:\/\/www.novotek.com\/ch\/fr\/wp-json\/wp\/v2\/pages\/13637","targetHints":{"allow":["GET"]}}],"collection":[{"href":"https:\/\/www.novotek.com\/ch\/fr\/wp-json\/wp\/v2\/pages"}],"about":[{"href":"https:\/\/www.novotek.com\/ch\/fr\/wp-json\/wp\/v2\/types\/page"}],"author":[{"embeddable":true,"href":"https:\/\/www.novotek.com\/ch\/fr\/wp-json\/wp\/v2\/users\/35"}],"replies":[{"embeddable":true,"href":"https:\/\/www.novotek.com\/ch\/fr\/wp-json\/wp\/v2\/comments?post=13637"}],"version-history":[{"count":19,"href":"https:\/\/www.novotek.com\/ch\/fr\/wp-json\/wp\/v2\/pages\/13637\/revisions"}],"predecessor-version":[{"id":28235,"href":"https:\/\/www.novotek.com\/ch\/fr\/wp-json\/wp\/v2\/pages\/13637\/revisions\/28235"}],"up":[{"embeddable":true,"href":"https:\/\/www.novotek.com\/ch\/fr\/wp-json\/wp\/v2\/pages\/13676"}],"wp:attachment":[{"href":"https:\/\/www.novotek.com\/ch\/fr\/wp-json\/wp\/v2\/media?parent=13637"}],"curies":[{"name":"wp","href":"https:\/\/api.w.org\/{rel}","templated":true}]}}