{"id":13645,"date":"2023-01-05T10:31:38","date_gmt":"2023-01-05T10:31:38","guid":{"rendered":"https:\/\/www.novotek.com\/ch\/dashboard-reporting\/"},"modified":"2025-09-30T15:18:49","modified_gmt":"2025-09-30T15:18:49","slug":"dashboard-reporting","status":"publish","type":"page","link":"https:\/\/www.novotek.com\/ch\/fr\/dashboard-reporting\/","title":{"rendered":"Dashboard Reporting"},"content":{"rendered":"  <div class=\"hero\">\n    <div class=\"carousel hero-slider small\" data-flickity data-flickity-options='{\"prevNextButtons\": false}'>\n              <div class=\"carousel-cell\">\n          <div class=\"container\">\n            <div class=\"hero-content\">\n                              <h2>Dashboard Reporting &#8211; Visualiser les donn\u00e9es de mani\u00e8re compr\u00e9hensible<\/h2>\n<p>Les informations et les analyses vous aident \u00e0 documenter et \u00e0 optimiser vos processus. Avec des informations pertinentes au bon moment, vous prenez des d\u00e9cisions importantes de mani\u00e8re efficace et cibl\u00e9e.<\/p>\n              \n                          <\/div>\n          <\/div>\n\n          <img decoding=\"async\" width=\"1024\" height=\"684\" src=\"https:\/\/www.novotek.com\/ch\/wp-content\/uploads\/sites\/3\/Data_collection_duotone_1200x800-1024x684-1.jpg.webp\" class=\"hero-bg\" alt=\"Hero Img\" fetchpriority=\"high\" srcset=\"https:\/\/www.novotek.com\/ch\/wp-content\/uploads\/sites\/3\/Data_collection_duotone_1200x800-1024x684-1.jpg.webp 1024w, https:\/\/www.novotek.com\/ch\/wp-content\/uploads\/sites\/3\/Data_collection_duotone_1200x800-1024x684-1-300x200.jpg.webp 300w, https:\/\/www.novotek.com\/ch\/wp-content\/uploads\/sites\/3\/Data_collection_duotone_1200x800-1024x684-1-768x513.jpg.webp 768w\" sizes=\"(max-width: 1024px) 100vw, 1024px\" \/>                  <\/div>\n          <\/div>\n\n      <\/div>\n\n   \n\n\n<div class=\"container-md paragraph  \">\n<p>Un syst\u00e8me de collecte de donn\u00e9es et de reporting est un outil essentiel pour toute entreprise de production. Il permet d\u2019acc\u00e9der automatiquement aux informations utiles sur la production. Pour ce faire, le syst\u00e8me extrait les donn\u00e9es de PLC, HMI\/SCADA, MES et solutions BI via l\u2019OPC Server. Ces connaissances vous permettent de r\u00e9duire les temps d&#8217;arr\u00eat et d\u2019augmenter les performances et la qualit\u00e9.<\/p>\n<\/div>\n\n<div class=\"container-md paragraph  \">\n<p>En \u00e9vitant l\u2019enregistrement manuel, vous gagnez du temps et r\u00e9duisez le risque d\u2019erreur humaine. <\/p>\n<\/div>\n\n<div class=\"container-md paragraph  \">\n<p>Avec nos solutions sur base Web, vous pouvez acc\u00e9der \u00e0 des rapports actualis\u00e9s pour les donn\u00e9es les plus diverses, \u00e0 tout moment, ou que vous soyez et pour une dur\u00e9e d\u00e9finie.<\/p>\n<\/div>\n\n<div class=\"container-md spacer  \">\n<div style=\"height:10px\" aria-hidden=\"true\" class=\"wp-block-spacer\"><\/div>\n<\/div>\n\n<div class=\"container media-text  alignwide\">\n<div class=\"wp-block-media-text alignwide is-stacked-on-mobile\" style=\"grid-template-columns:40% auto\"><figure class=\"wp-block-media-text__media\"><img loading=\"lazy\" decoding=\"async\" width=\"800\" height=\"600\" src=\"https:\/\/www.novotek.com\/ch\/wp-content\/uploads\/sites\/3\/Novotek_Productionplanning_duotone-1024x683-1.jpg\" alt=\"\" class=\"wp-image-9614 size-full\" srcset=\"https:\/\/www.novotek.com\/ch\/wp-content\/uploads\/sites\/3\/Novotek_Productionplanning_duotone-1024x683-1.jpg 800w, https:\/\/www.novotek.com\/ch\/wp-content\/uploads\/sites\/3\/Novotek_Productionplanning_duotone-1024x683-1-300x225.jpg 300w, https:\/\/www.novotek.com\/ch\/wp-content\/uploads\/sites\/3\/Novotek_Productionplanning_duotone-1024x683-1-768x576.jpg 768w\" sizes=\"auto, (max-width: 800px) 100vw, 800px\" \/><\/figure><div class=\"wp-block-media-text__content\"><div class=\"container-md heading  \">\n<h1 class=\"wp-block-heading\" id=\"h-der-schlussel-zur-optimalen-produktion\">La cl\u00e9 d\u2019une production optimale<\/h1>\n<\/div>\n\n<div class=\"container-md paragraph  \">\n<p>Nos solutions \u00e9volutives de reporting de production sont construites avec des composants provenant de leaders mondiaux comme GE Vernova.<strong> <\/strong>Ils conviennent aussi bien aux petites qu&#8217;aux grandes productions dans tous les secteurs.<\/p>\n<\/div><\/div><\/div>\n<\/div>\n\n<div class=\"container-md spacer  \">\n<div style=\"height:50px\" aria-hidden=\"true\" class=\"wp-block-spacer\"><\/div>\n<\/div>\n\n  <div class=\"slider-column-parent\">\n    <div class=\"container\">\n      <div class=\"slider-column-title\">Nos produits pour le reporting de tableaux de bord<\/div>\n\n      <div class=\"slider-column\">\n        <div class=\"slider-cell carousel-cell large\"><div class=\"column-box\">\n  \n      <div class=\"title\">\n      Proficy Operations Hub<br>GE Vernova    <\/div>\n  \n      <div class=\"text\">\n      <p>Visualisation moderne et d\u00e9veloppement d&#8217;applications pour les donn\u00e9es OT.<\/p>\n    <\/div>\n  \n      <a class=\"link\"  href=\"https:\/\/www.novotek.com\/ch\/hmi-scada\/proficy-operations-hub\/\" target=\"\">\n      Proficy Operations Hub    <\/a>\n  \n  <\/div>\n\n<\/div><div class=\"slider-cell carousel-cell large\"><div class=\"column-box\">\n  \n      <div class=\"title\">\n      Dream Report for Proficy<br> GE Vernova    <\/div>\n  \n      <div class=\"text\">\n      <p>Des rapports et des tableaux de bord puissants pour am\u00e9liorer les performances et atteindre les objectifs op\u00e9rationnels.<\/p>\n    <\/div>\n  \n      <a class=\"link\"  href=\"https:\/\/www.novotek.com\/ch\/produktionsreporting\/dream-report-proficy\/\" target=\"\">\n      Dream Report    <\/a>\n  \n  <\/div>\n\n<\/div><div class=\"slider-cell carousel-cell large\"><div class=\"column-box\">\n  \n      <div class=\"title\">\n      June5<\/br>Videc    <\/div>\n  \n      <div class=\"text\">\n      <p>Obtenez un acc\u00e8s mobile aux donn\u00e9es et informations en temps r\u00e9el de votre installation.<\/p>\n    <\/div>\n  \n      <a class=\"link\"  href=\"https:\/\/www.novotek.com\/ch\/anlagen-prozessoptimierung\/june5\/\" target=\"\">\n      JUNE5    <\/a>\n  \n  <\/div>\n\n<\/div>      <\/div>\n    <\/div>\n  <\/div>\n\n\n<div class=\"container-md spacer  \">\n<div style=\"height:20px\" aria-hidden=\"true\" class=\"wp-block-spacer\"><\/div>\n<\/div>","protected":false},"excerpt":{"rendered":"<p>Business Intelligence &#8211;<br \/>\nLes informations et les analyses vous aident \u00e0 documenter et \u00e0 optimiser vos processus. Avec des informations pertinentes au bon moment, vous prenez des d\u00e9cisions importantes de mani\u00e8re efficace et cibl\u00e9e. <\/p>\n","protected":false},"author":35,"featured_media":6053,"parent":0,"menu_order":5,"comment_status":"closed","ping_status":"closed","template":"","meta":{"_acf_changed":false,"_relevanssi_hide_post":"","_relevanssi_pin_for_all":"","_relevanssi_pin_keywords":"","_relevanssi_unpin_keywords":"","_relevanssi_related_keywords":"","_relevanssi_related_include_ids":"","_relevanssi_related_exclude_ids":"","_relevanssi_related_no_append":"","_relevanssi_related_not_related":"","_relevanssi_related_posts":"12409,13567,13573,12884,13571,13565","_relevanssi_noindex_reason":"","content-type":"","footnotes":""},"class_list":["post-13645","page","type-page","status-publish","has-post-thumbnail","hentry"],"acf":[],"yoast_head":"<!-- This site is optimized with the Yoast SEO plugin v27.4 - https:\/\/yoast.com\/product\/yoast-seo-wordpress\/ -->\n<title>Dashboard Reporting - des insights en un coup d&#039;\u0153il<\/title>\n<meta name=\"description\" content=\"Les donn\u00e9es vous aident \u00e0 optimiser vos processus, car des analyses pertinentes vous permettent de prendre des d\u00e9cisions cibl\u00e9es.\" \/>\n<meta name=\"robots\" content=\"index, follow, max-snippet:-1, max-image-preview:large, max-video-preview:-1\" \/>\n<link rel=\"canonical\" href=\"https:\/\/www.novotek.com\/ch\/fr\/dashboard-reporting\/\" \/>\n<meta property=\"og:locale\" content=\"fr_FR\" \/>\n<meta property=\"og:type\" content=\"article\" \/>\n<meta property=\"og:title\" content=\"Dashboard Reporting - des insights en un coup d&#039;\u0153il\" \/>\n<meta property=\"og:description\" content=\"Les donn\u00e9es vous aident \u00e0 optimiser vos processus, car des analyses pertinentes vous permettent de prendre des d\u00e9cisions cibl\u00e9es.\" \/>\n<meta property=\"og:url\" content=\"https:\/\/www.novotek.com\/ch\/fr\/dashboard-reporting\/\" \/>\n<meta property=\"og:site_name\" content=\"Novotek CH\" \/>\n<meta property=\"article:modified_time\" content=\"2025-09-30T15:18:49+00:00\" \/>\n<meta property=\"og:image\" content=\"https:\/\/www.novotek.com\/ch\/wp-content\/uploads\/sites\/3\/Data_collection_duotone_1200x800-1024x684-1.jpg.webp\" \/>\n\t<meta property=\"og:image:width\" content=\"1024\" \/>\n\t<meta property=\"og:image:height\" content=\"684\" \/>\n\t<meta property=\"og:image:type\" content=\"image\/jpeg\" \/>\n<meta name=\"twitter:card\" content=\"summary_large_image\" \/>\n<meta name=\"twitter:label1\" content=\"Est. reading time\" \/>\n\t<meta name=\"twitter:data1\" content=\"2 minutes\" \/>\n<script type=\"application\/ld+json\" class=\"yoast-schema-graph\">{\"@context\":\"https:\\\/\\\/schema.org\",\"@graph\":[{\"@type\":\"WebPage\",\"@id\":\"https:\\\/\\\/www.novotek.com\\\/ch\\\/fr\\\/dashboard-reporting\\\/\",\"url\":\"https:\\\/\\\/www.novotek.com\\\/ch\\\/fr\\\/dashboard-reporting\\\/\",\"name\":\"Dashboard Reporting - des insights en un coup d'\u0153il\",\"isPartOf\":{\"@id\":\"https:\\\/\\\/www.novotek.com\\\/ch\\\/#website\"},\"primaryImageOfPage\":{\"@id\":\"https:\\\/\\\/www.novotek.com\\\/ch\\\/fr\\\/dashboard-reporting\\\/#primaryimage\"},\"image\":{\"@id\":\"https:\\\/\\\/www.novotek.com\\\/ch\\\/fr\\\/dashboard-reporting\\\/#primaryimage\"},\"thumbnailUrl\":\"https:\\\/\\\/www.novotek.com\\\/ch\\\/wp-content\\\/uploads\\\/sites\\\/3\\\/Data_collection_duotone_1200x800-1024x684-1.jpg.webp\",\"datePublished\":\"2023-01-05T10:31:38+00:00\",\"dateModified\":\"2025-09-30T15:18:49+00:00\",\"description\":\"Les donn\u00e9es vous aident \u00e0 optimiser vos processus, car des analyses pertinentes vous permettent de prendre des d\u00e9cisions cibl\u00e9es.\",\"breadcrumb\":{\"@id\":\"https:\\\/\\\/www.novotek.com\\\/ch\\\/fr\\\/dashboard-reporting\\\/#breadcrumb\"},\"inLanguage\":\"fr-CH\",\"potentialAction\":[{\"@type\":\"ReadAction\",\"target\":[\"https:\\\/\\\/www.novotek.com\\\/ch\\\/fr\\\/dashboard-reporting\\\/\"]}]},{\"@type\":\"ImageObject\",\"inLanguage\":\"fr-CH\",\"@id\":\"https:\\\/\\\/www.novotek.com\\\/ch\\\/fr\\\/dashboard-reporting\\\/#primaryimage\",\"url\":\"https:\\\/\\\/www.novotek.com\\\/ch\\\/wp-content\\\/uploads\\\/sites\\\/3\\\/Data_collection_duotone_1200x800-1024x684-1.jpg.webp\",\"contentUrl\":\"https:\\\/\\\/www.novotek.com\\\/ch\\\/wp-content\\\/uploads\\\/sites\\\/3\\\/Data_collection_duotone_1200x800-1024x684-1.jpg.webp\",\"width\":1024,\"height\":684,\"caption\":\"Dashboard Reporting\"},{\"@type\":\"BreadcrumbList\",\"@id\":\"https:\\\/\\\/www.novotek.com\\\/ch\\\/fr\\\/dashboard-reporting\\\/#breadcrumb\",\"itemListElement\":[{\"@type\":\"ListItem\",\"position\":1,\"name\":\"Home\",\"item\":\"https:\\\/\\\/www.novotek.com\\\/ch\\\/fr\\\/\"},{\"@type\":\"ListItem\",\"position\":2,\"name\":\"Dashboard Reporting\"}]},{\"@type\":\"WebSite\",\"@id\":\"https:\\\/\\\/www.novotek.com\\\/ch\\\/#website\",\"url\":\"https:\\\/\\\/www.novotek.com\\\/ch\\\/\",\"name\":\"Novotek Switzerland AG\",\"description\":\"Connect - Digitalize - Optimize\",\"publisher\":{\"@id\":\"https:\\\/\\\/www.novotek.com\\\/ch\\\/#organization\"},\"potentialAction\":[{\"@type\":\"SearchAction\",\"target\":{\"@type\":\"EntryPoint\",\"urlTemplate\":\"https:\\\/\\\/www.novotek.com\\\/ch\\\/?s={search_term_string}\"},\"query-input\":{\"@type\":\"PropertyValueSpecification\",\"valueRequired\":true,\"valueName\":\"search_term_string\"}}],\"inLanguage\":\"fr-CH\"},{\"@type\":\"Organization\",\"@id\":\"https:\\\/\\\/www.novotek.com\\\/ch\\\/#organization\",\"name\":\"Novotek Switzerland AG\",\"url\":\"https:\\\/\\\/www.novotek.com\\\/ch\\\/\",\"logo\":{\"@type\":\"ImageObject\",\"inLanguage\":\"fr-CH\",\"@id\":\"https:\\\/\\\/www.novotek.com\\\/ch\\\/#\\\/schema\\\/logo\\\/image\\\/\",\"url\":\"https:\\\/\\\/www.novotek.com\\\/ch\\\/wp-content\\\/uploads\\\/sites\\\/3\\\/novotek-symbol-rgb-pos-white-border-512x512-1.png\",\"contentUrl\":\"https:\\\/\\\/www.novotek.com\\\/ch\\\/wp-content\\\/uploads\\\/sites\\\/3\\\/novotek-symbol-rgb-pos-white-border-512x512-1.png\",\"width\":512,\"height\":512,\"caption\":\"Novotek Switzerland AG\"},\"image\":{\"@id\":\"https:\\\/\\\/www.novotek.com\\\/ch\\\/#\\\/schema\\\/logo\\\/image\\\/\"}}]}<\/script>\n<!-- \/ Yoast SEO plugin. -->","yoast_head_json":{"title":"Dashboard Reporting - des insights en un coup d'\u0153il","description":"Les donn\u00e9es vous aident \u00e0 optimiser vos processus, car des analyses pertinentes vous permettent de prendre des d\u00e9cisions cibl\u00e9es.","robots":{"index":"index","follow":"follow","max-snippet":"max-snippet:-1","max-image-preview":"max-image-preview:large","max-video-preview":"max-video-preview:-1"},"canonical":"https:\/\/www.novotek.com\/ch\/fr\/dashboard-reporting\/","og_locale":"fr_FR","og_type":"article","og_title":"Dashboard Reporting - des insights en un coup d'\u0153il","og_description":"Les donn\u00e9es vous aident \u00e0 optimiser vos processus, car des analyses pertinentes vous permettent de prendre des d\u00e9cisions cibl\u00e9es.","og_url":"https:\/\/www.novotek.com\/ch\/fr\/dashboard-reporting\/","og_site_name":"Novotek CH","article_modified_time":"2025-09-30T15:18:49+00:00","og_image":[{"width":1024,"height":684,"url":"https:\/\/www.novotek.com\/ch\/wp-content\/uploads\/sites\/3\/Data_collection_duotone_1200x800-1024x684-1.jpg.webp","type":"image\/jpeg"}],"twitter_card":"summary_large_image","twitter_misc":{"Est. reading time":"2 minutes"},"schema":{"@context":"https:\/\/schema.org","@graph":[{"@type":"WebPage","@id":"https:\/\/www.novotek.com\/ch\/fr\/dashboard-reporting\/","url":"https:\/\/www.novotek.com\/ch\/fr\/dashboard-reporting\/","name":"Dashboard Reporting - des insights en un coup d'\u0153il","isPartOf":{"@id":"https:\/\/www.novotek.com\/ch\/#website"},"primaryImageOfPage":{"@id":"https:\/\/www.novotek.com\/ch\/fr\/dashboard-reporting\/#primaryimage"},"image":{"@id":"https:\/\/www.novotek.com\/ch\/fr\/dashboard-reporting\/#primaryimage"},"thumbnailUrl":"https:\/\/www.novotek.com\/ch\/wp-content\/uploads\/sites\/3\/Data_collection_duotone_1200x800-1024x684-1.jpg.webp","datePublished":"2023-01-05T10:31:38+00:00","dateModified":"2025-09-30T15:18:49+00:00","description":"Les donn\u00e9es vous aident \u00e0 optimiser vos processus, car des analyses pertinentes vous permettent de prendre des d\u00e9cisions cibl\u00e9es.","breadcrumb":{"@id":"https:\/\/www.novotek.com\/ch\/fr\/dashboard-reporting\/#breadcrumb"},"inLanguage":"fr-CH","potentialAction":[{"@type":"ReadAction","target":["https:\/\/www.novotek.com\/ch\/fr\/dashboard-reporting\/"]}]},{"@type":"ImageObject","inLanguage":"fr-CH","@id":"https:\/\/www.novotek.com\/ch\/fr\/dashboard-reporting\/#primaryimage","url":"https:\/\/www.novotek.com\/ch\/wp-content\/uploads\/sites\/3\/Data_collection_duotone_1200x800-1024x684-1.jpg.webp","contentUrl":"https:\/\/www.novotek.com\/ch\/wp-content\/uploads\/sites\/3\/Data_collection_duotone_1200x800-1024x684-1.jpg.webp","width":1024,"height":684,"caption":"Dashboard Reporting"},{"@type":"BreadcrumbList","@id":"https:\/\/www.novotek.com\/ch\/fr\/dashboard-reporting\/#breadcrumb","itemListElement":[{"@type":"ListItem","position":1,"name":"Home","item":"https:\/\/www.novotek.com\/ch\/fr\/"},{"@type":"ListItem","position":2,"name":"Dashboard Reporting"}]},{"@type":"WebSite","@id":"https:\/\/www.novotek.com\/ch\/#website","url":"https:\/\/www.novotek.com\/ch\/","name":"Novotek Switzerland AG","description":"Connect - Digitalize - Optimize","publisher":{"@id":"https:\/\/www.novotek.com\/ch\/#organization"},"potentialAction":[{"@type":"SearchAction","target":{"@type":"EntryPoint","urlTemplate":"https:\/\/www.novotek.com\/ch\/?s={search_term_string}"},"query-input":{"@type":"PropertyValueSpecification","valueRequired":true,"valueName":"search_term_string"}}],"inLanguage":"fr-CH"},{"@type":"Organization","@id":"https:\/\/www.novotek.com\/ch\/#organization","name":"Novotek Switzerland AG","url":"https:\/\/www.novotek.com\/ch\/","logo":{"@type":"ImageObject","inLanguage":"fr-CH","@id":"https:\/\/www.novotek.com\/ch\/#\/schema\/logo\/image\/","url":"https:\/\/www.novotek.com\/ch\/wp-content\/uploads\/sites\/3\/novotek-symbol-rgb-pos-white-border-512x512-1.png","contentUrl":"https:\/\/www.novotek.com\/ch\/wp-content\/uploads\/sites\/3\/novotek-symbol-rgb-pos-white-border-512x512-1.png","width":512,"height":512,"caption":"Novotek Switzerland AG"},"image":{"@id":"https:\/\/www.novotek.com\/ch\/#\/schema\/logo\/image\/"}}]}},"_links":{"self":[{"href":"https:\/\/www.novotek.com\/ch\/fr\/wp-json\/wp\/v2\/pages\/13645","targetHints":{"allow":["GET"]}}],"collection":[{"href":"https:\/\/www.novotek.com\/ch\/fr\/wp-json\/wp\/v2\/pages"}],"about":[{"href":"https:\/\/www.novotek.com\/ch\/fr\/wp-json\/wp\/v2\/types\/page"}],"author":[{"embeddable":true,"href":"https:\/\/www.novotek.com\/ch\/fr\/wp-json\/wp\/v2\/users\/35"}],"replies":[{"embeddable":true,"href":"https:\/\/www.novotek.com\/ch\/fr\/wp-json\/wp\/v2\/comments?post=13645"}],"version-history":[{"count":20,"href":"https:\/\/www.novotek.com\/ch\/fr\/wp-json\/wp\/v2\/pages\/13645\/revisions"}],"predecessor-version":[{"id":27964,"href":"https:\/\/www.novotek.com\/ch\/fr\/wp-json\/wp\/v2\/pages\/13645\/revisions\/27964"}],"wp:featuredmedia":[{"embeddable":true,"href":"https:\/\/www.novotek.com\/ch\/fr\/wp-json\/wp\/v2\/media\/6053"}],"wp:attachment":[{"href":"https:\/\/www.novotek.com\/ch\/fr\/wp-json\/wp\/v2\/media?parent=13645"}],"curies":[{"name":"wp","href":"https:\/\/api.w.org\/{rel}","templated":true}]}}