{"id":13651,"date":"2023-01-05T10:32:44","date_gmt":"2023-01-05T10:32:44","guid":{"rendered":"https:\/\/www.novotek.com\/ch\/gestion-des-versions\/"},"modified":"2024-03-15T15:10:23","modified_gmt":"2024-03-15T15:10:23","slug":"gestion-des-versions","status":"publish","type":"page","link":"https:\/\/www.novotek.com\/ch\/fr\/gestion-des-versions\/","title":{"rendered":"Gestion des versions"},"content":{"rendered":"  <div class=\"hero\">\n    <div class=\"carousel hero-slider small\" data-flickity data-flickity-options='{\"prevNextButtons\": false}'>\n              <div class=\"carousel-cell\">\n          <div class=\"container\">\n            <div class=\"hero-content\">\n                              <h1>Gestion des versions et sauvegardes automatiques<\/h1>\n<p><strong>Transparence totale dans la production\u00a0<\/strong><br \/>\nGr\u00e2ce \u00e0 un contr\u00f4le optimal des versions, vous avez toujours un \u0153il sur les modifications et les risques de vos syst\u00e8mes de commande et \u00e9vitez ainsi les temps d&#8217;arr\u00eat co\u00fbteux.<\/p>\n              \n                          <\/div>\n          <\/div>\n\n          <img decoding=\"async\" width=\"1024\" height=\"427\" src=\"https:\/\/www.novotek.com\/ch\/wp-content\/uploads\/sites\/3\/Wiring_header_1920x800-1024x427.jpg.webp\" class=\"hero-bg\" alt=\"Hero Img\" fetchpriority=\"high\" srcset=\"https:\/\/www.novotek.com\/ch\/wp-content\/uploads\/sites\/3\/Wiring_header_1920x800-1024x427.jpg.webp 1024w, https:\/\/www.novotek.com\/ch\/wp-content\/uploads\/sites\/3\/Wiring_header_1920x800-300x125.jpg.webp 300w, https:\/\/www.novotek.com\/ch\/wp-content\/uploads\/sites\/3\/Wiring_header_1920x800-768x320.jpg.webp 768w, https:\/\/www.novotek.com\/ch\/wp-content\/uploads\/sites\/3\/Wiring_header_1920x800-1536x640.jpg.webp 1536w, https:\/\/www.novotek.com\/ch\/wp-content\/uploads\/sites\/3\/Wiring_header_1920x800.jpg.webp 1920w\" sizes=\"(max-width: 1024px) 100vw, 1024px\" \/>                  <\/div>\n          <\/div>\n\n      <\/div>\n\n   \n\n\n<div class=\"container-md paragraph  \">\n<p>Avez-vous d\u00e9j\u00e0 recherch\u00e9 la version actuelle d\u2019un programme PLC ou d\u2019une configuration de syst\u00e8me&nbsp;? Il s\u2019agit l\u00e0 d\u2019un cas de figure fr\u00e9quent lorsque le syst\u00e8me se plante, les batteries tampons rendent l\u2019\u00e2me, des valeurs ou des donn\u00e9es sont supprim\u00e9es par inadvertance ou des programmes et des param\u00e8tres ont \u00e9t\u00e9 modifi\u00e9s sans notification pr\u00e9alable.&nbsp;<\/p>\n<\/div>\n\n<div class=\"container-md paragraph  \">\n<p>Garder une vue d\u2019ensemble de tous les \u00e9l\u00e9ments d\u2019un syst\u00e8me de commande industriel est assez complexe, surtout \u00e0 l\u2019heure actuelle o\u00f9 les choses \u00e9voluent rapidement. Les syst\u00e8mes \u00e9voluent, changent constamment et les adaptations passent souvent inaper\u00e7ues. Tant les mises \u00e0 jour non document\u00e9es que les changements apparemment mineurs peuvent avoir un impact important sur le fonctionnement des syst\u00e8mes d\u2019exploitation. La gestion des versions r\u00e9sout ces d\u00e9fis gr\u00e2ce \u00e0 une sauvegarde et un contr\u00f4le des versions automatiques de votre base d\u2019automatisation install\u00e9e.&nbsp;<\/p>\n<\/div>\n\n<div class=\"container-md paragraph  \">\n<p>Novotek propose avec octoplant une solution logicielle pour le contr\u00f4le des versions, sp\u00e9cialement adapt\u00e9e aux syst\u00e8mes d\u2019automatisation industriels comme par ex. les&nbsp;<strong>PLC<\/strong>, <strong>robots<\/strong>&nbsp;ou <strong><a href=\"https:\/\/www.novotek.com\/ch\/fr\/hmi-scada\/\">syst\u00e8mes SCADA<\/a><\/strong>.<\/p>\n<\/div>\n\n<div class=\"container-md spacer  \">\n<div style=\"height:100px\" aria-hidden=\"true\" class=\"wp-block-spacer\"><\/div>\n<\/div>\n\n<div class=\"container media-text  align\">\n<div class=\"wp-block-media-text is-stacked-on-mobile\"><figure class=\"wp-block-media-text__media\"><img loading=\"lazy\" decoding=\"async\" width=\"829\" height=\"830\" src=\"https:\/\/www.novotek.com\/ch\/wp-content\/uploads\/sites\/3\/Versionskontrolle-Uebersicht.jpg\" alt=\"Vue d'ensemble d\u2019un contr\u00f4le des versions central\" class=\"wp-image-8227 size-full\" srcset=\"https:\/\/www.novotek.com\/ch\/wp-content\/uploads\/sites\/3\/Versionskontrolle-Uebersicht.jpg 829w, https:\/\/www.novotek.com\/ch\/wp-content\/uploads\/sites\/3\/Versionskontrolle-Uebersicht-300x300.jpg 300w, https:\/\/www.novotek.com\/ch\/wp-content\/uploads\/sites\/3\/Versionskontrolle-Uebersicht-150x150.jpg 150w, https:\/\/www.novotek.com\/ch\/wp-content\/uploads\/sites\/3\/Versionskontrolle-Uebersicht-768x769.jpg 768w\" sizes=\"auto, (max-width: 829px) 100vw, 829px\" \/><\/figure><div class=\"wp-block-media-text__content\"><div class=\"container-md heading  \">\n<h2 class=\"wp-block-heading\" id=\"h-et-comment-fonctionne-le-controle-des-versions\">Et comment fonctionne le contr\u00f4le des versions&nbsp;?<\/h2>\n<\/div>\n\n<div class=\"container-md paragraph  \">\n<p>Lors de la mise \u00e0 jour d\u2019un logiciel &#8211; par ex. un syst\u00e8me SCADA -, la version pr\u00e9c\u00e9dente est automatiquement enregistr\u00e9e dans une base de donn\u00e9es par le syst\u00e8me de contr\u00f4le des versions.&nbsp;Les diff\u00e9rentes versions sont clairement identifi\u00e9es par un code de version comme par ex. \u00ab&nbsp;SCADA Version 1&nbsp;\u00bb, \u00ab&nbsp;SCADA Version 2&nbsp;\u00bb, etc. Chaque version est li\u00e9e \u00e0 un horodatage et \u00e0 la personne qui a proc\u00e9d\u00e9 au changement.<\/p>\n<\/div>\n\n<div class=\"container-md paragraph  \">\n<p>Si une erreur survient apr\u00e8s les modifications, vous pouvez comparer la version existante avec les versions pr\u00e9c\u00e9dentes afin de d\u00e9terminer la cause du probl\u00e8me.&nbsp;Si l\u2019analyse des d\u00e9fauts s\u2019av\u00e8re complexe, la version pr\u00e9c\u00e9dente peut \u00eatre ais\u00e9ment restaur\u00e9e.&nbsp;Ceci r\u00e9duit le temps requis pour l\u2019\u00e9limination des d\u00e9fauts et le syst\u00e8me peut \u00e0 nouveau tourner sans d\u00e9lai.&nbsp;<\/p>\n<\/div>\n\n<div class=\"container-md paragraph  \">\n<p>Un syst\u00e8me de contr\u00f4le des versions est \u00e9galement utile en cas d\u2019\u00e9v\u00e9nements externes comme par ex. des cyberattaques, des pannes de courant, des erreurs et pannes de p\u00e9riph\u00e9riques et &#8211; plus rarement &#8211; des catastrophes naturelles telles que les inondations ou les glissements de terrain.&nbsp;<\/p>\n<\/div>\n\n<div class=\"container-md paragraph  \">\n<p>Nous op\u00e9rons une distinction entre deux syst\u00e8mes diff\u00e9rents de contr\u00f4le des versions&nbsp;: le contr\u00f4le des versions centralis\u00e9 qui tourne sur un serveur et le contr\u00f4le des versions distribu\u00e9 qui fonctionne sur plusieurs ordinateurs.&nbsp;<\/p>\n<\/div><\/div><\/div>\n<\/div>\n\n<div class=\"container-md spacer  \">\n<div style=\"height:50px\" aria-hidden=\"true\" class=\"wp-block-spacer\"><\/div>\n<\/div>\n\n  <div class=\"slider-column-parent\">\n    <div class=\"container\">\n      <div class=\"slider-column-title\">Avantages du contr\u00f4le de version<\/div>\n\n      <div class=\"slider-column\">\n        <div class=\"slider-cell carousel-cell large\"><div class=\"column-box\">\n      <div class=\"icon \">\n      <img loading=\"lazy\" decoding=\"async\" width=\"150\" height=\"150\" src=\"https:\/\/www.novotek.com\/ch\/wp-content\/uploads\/sites\/3\/Ikon-Database-150x150-1.png.webp\" class=\"attachment-thumbnail size-thumbnail\" alt=\"\" \/>    <\/div>\n  \n      <div class=\"title\">\n      Sauvegarde automatique &amp; stockage centralis\u00e9    <\/div>\n  \n      <div class=\"text\">\n      <p>Toutes les versions sont automatiquement enregistr\u00e9es au m\u00eame endroit pour une meilleure vue d&#8217;ensemble et un meilleur contr\u00f4le.<\/p>\n    <\/div>\n  \n  \n  <\/div>\n\n<\/div><div class=\"slider-cell carousel-cell large\"><div class=\"column-box\">\n      <div class=\"icon \">\n      <img loading=\"lazy\" decoding=\"async\" width=\"150\" height=\"150\" src=\"https:\/\/www.novotek.com\/ch\/wp-content\/uploads\/sites\/3\/Ikon-speedometer_-150x150-1.png.webp\" class=\"attachment-thumbnail size-thumbnail\" alt=\"\" \/>    <\/div>\n  \n      <div class=\"title\">\n      Restauration plus rapide en cas d&#8217;urgence    <\/div>\n  \n      <div class=\"text\">\n      <p>Restaurez un logiciel ou un code dans la bonne version en appuyant sur un bouton.<\/p>\n    <\/div>\n  \n  \n  <\/div>\n\n<\/div><div class=\"slider-cell carousel-cell large\"><div class=\"column-box\">\n      <div class=\"icon \">\n      <img loading=\"lazy\" decoding=\"async\" width=\"150\" height=\"150\" src=\"https:\/\/www.novotek.com\/ch\/wp-content\/uploads\/sites\/3\/Ikon-Versionskontrolle-150x150-1.png.webp\" class=\"attachment-thumbnail size-thumbnail\" alt=\"\" \/>    <\/div>\n  \n      <div class=\"title\">\n      Augmentation de la productivit\u00e9 et r\u00e9duction des temps d&#8217;arr\u00eat    <\/div>\n  \n      <div class=\"text\">\n      <p>\u00c9vitez de chercher la bonne version et lancez la production plus rapidement.<\/p>\n    <\/div>\n  \n  \n  <\/div>\n\n<\/div>      <\/div>\n    <\/div>\n  <\/div>\n\n\n<div class=\"container-md spacer  \">\n<div style=\"height:50px\" aria-hidden=\"true\" class=\"wp-block-spacer\"><\/div>\n<\/div>\n\n<div class=\"container-md heading  \">\n<h2 class=\"wp-block-heading\" id=\"h-produire-en-toute-securite-et-efficacite\">Produire en toute s\u00e9curit\u00e9 et efficacit\u00e9<\/h2>\n<\/div>\n\n<div class=\"container-md paragraph  \">\n<p>La gestion des versions vous donne un syst\u00e8me qui cr\u00e9e automatiquement des sauvegardes de vos solutions d\u2019automatisation et vous tient au courant des modifications intempestives. La proc\u00e9dure appliqu\u00e9e est enti\u00e8rement tra\u00e7able et documente tous les incidents et changements.<\/p>\n<\/div>\n\n<div class=\"container-md paragraph  \">\n<p>Avec cette tra\u00e7abilit\u00e9 compl\u00e8te, la gestion des versions s\u2019av\u00e8re tr\u00e8s utile pour les entreprises soumises \u00e0 des obligations r\u00e9glementaires. Par ex. dans les domaines des denr\u00e9es alimentaires, de l\u2019industrie pharmaceutique, de l\u2019eau et des eaux us\u00e9es ou de l\u2019\u00e9nergie. La gestion des versions est une solution \u00e9volutive qui fonctionne tant pour les petites entreprises qui ne doivent surveiller que peu de syst\u00e8mes, que pour les grandes entreprises qui disposent de plusieurs sites de production.<\/p>\n<\/div>\n\n<div class=\"container-md spacer  \">\n<div style=\"height:100px\" aria-hidden=\"true\" class=\"wp-block-spacer\"><\/div>\n<\/div>\n\n  <div class=\"slider-column-parent\">\n    <div class=\"container\">\n      <div class=\"slider-column-title\">Nos produits pour le contr\u00f4le de version<\/div>\n\n      <div class=\"slider-column\">\n        <div class=\"slider-cell carousel-cell large\"><div class=\"column-box\">\n  \n      <div class=\"title\">\n      octoplant<\/br>AUVESY-MDT    <\/div>\n  \n      <div class=\"text\">\n      <p>Obtenez une sauvegarde et un contr\u00f4le de version automatiques de vos syst\u00e8mes d&#8217;automatisation industrielle, tout en maintenant la cybers\u00e9curit\u00e9 pour l&#8217;ensemble de l&#8217;usine de production.<\/p>\n    <\/div>\n  \n      <a class=\"link\"  href=\"https:\/\/www.novotek.com\/ch\/fr\/gestion-des-versions\/octoplant\/\" target=\"\">\n      octoplant    <\/a>\n  \n  <\/div>\n\n<\/div>      <\/div>\n    <\/div>\n  <\/div>\n","protected":false},"excerpt":{"rendered":"<p>La transparence totale dans la production&nbsp;!&nbsp; Avec un contr&ocirc;le optimal des versions, vous avez &agrave; tout moment les changements et les risques de vos syst&egrave;mes de commande sous les yeux et &eacute;vitez ainsi les temps d&apos;arr&ecirc;t co&ucirc;teux.<\/p>\n","protected":false},"author":15,"featured_media":12464,"parent":0,"menu_order":6,"comment_status":"closed","ping_status":"closed","template":"","meta":{"_acf_changed":false,"_relevanssi_hide_post":"","_relevanssi_pin_for_all":"","_relevanssi_pin_keywords":"","_relevanssi_unpin_keywords":"","_relevanssi_related_keywords":"","_relevanssi_related_include_ids":"","_relevanssi_related_exclude_ids":"","_relevanssi_related_no_append":"","_relevanssi_related_not_related":"","_relevanssi_related_posts":"12409,13565,11774,13219,13567,13565","_relevanssi_noindex_reason":"","content-type":"","footnotes":""},"class_list":["post-13651","page","type-page","status-publish","has-post-thumbnail","hentry"],"acf":[],"yoast_head":"<!-- This site is optimized with the Yoast SEO plugin v27.4 - https:\/\/yoast.com\/product\/yoast-seo-wordpress\/ -->\n<title>Gestion des versions et sauvegarde automatique<\/title>\n<meta name=\"description\" content=\"Gardez une vue d&amp;apos;ensemble sur les mises \u00e0 jour et les modifications de vos installations et \u00e9vitez du coup les temps d\u2019arr\u00eat co\u00fbteux.\" \/>\n<meta name=\"robots\" content=\"index, follow, max-snippet:-1, max-image-preview:large, max-video-preview:-1\" \/>\n<link rel=\"canonical\" href=\"https:\/\/www.novotek.com\/ch\/fr\/gestion-des-versions\/\" \/>\n<meta property=\"og:locale\" content=\"fr_FR\" \/>\n<meta property=\"og:type\" content=\"article\" \/>\n<meta property=\"og:title\" content=\"Gestion des versions et sauvegarde automatique\" \/>\n<meta property=\"og:description\" content=\"Gardez une vue d&amp;apos;ensemble sur les mises \u00e0 jour et les modifications de vos installations et \u00e9vitez du coup les temps d\u2019arr\u00eat co\u00fbteux.\" \/>\n<meta property=\"og:url\" content=\"https:\/\/www.novotek.com\/ch\/fr\/gestion-des-versions\/\" \/>\n<meta property=\"og:site_name\" content=\"Novotek CH\" \/>\n<meta property=\"article:modified_time\" content=\"2024-03-15T15:10:23+00:00\" \/>\n<meta property=\"og:image\" content=\"https:\/\/www.novotek.com\/ch\/wp-content\/uploads\/sites\/3\/Wiring_header_1920x800.jpg\" \/>\n\t<meta property=\"og:image:width\" content=\"1920\" \/>\n\t<meta property=\"og:image:height\" content=\"800\" \/>\n\t<meta property=\"og:image:type\" content=\"image\/jpeg\" \/>\n<meta name=\"twitter:card\" content=\"summary_large_image\" \/>\n<meta name=\"twitter:label1\" content=\"Est. reading time\" \/>\n\t<meta name=\"twitter:data1\" content=\"3 minutes\" \/>\n<script type=\"application\/ld+json\" class=\"yoast-schema-graph\">{\"@context\":\"https:\\\/\\\/schema.org\",\"@graph\":[{\"@type\":\"WebPage\",\"@id\":\"https:\\\/\\\/www.novotek.com\\\/ch\\\/fr\\\/gestion-des-versions\\\/\",\"url\":\"https:\\\/\\\/www.novotek.com\\\/ch\\\/fr\\\/gestion-des-versions\\\/\",\"name\":\"Gestion des versions et sauvegarde automatique\",\"isPartOf\":{\"@id\":\"https:\\\/\\\/www.novotek.com\\\/ch\\\/#website\"},\"primaryImageOfPage\":{\"@id\":\"https:\\\/\\\/www.novotek.com\\\/ch\\\/fr\\\/gestion-des-versions\\\/#primaryimage\"},\"image\":{\"@id\":\"https:\\\/\\\/www.novotek.com\\\/ch\\\/fr\\\/gestion-des-versions\\\/#primaryimage\"},\"thumbnailUrl\":\"https:\\\/\\\/www.novotek.com\\\/ch\\\/wp-content\\\/uploads\\\/sites\\\/3\\\/Wiring_header_1920x800.jpg.webp\",\"datePublished\":\"2023-01-05T10:32:44+00:00\",\"dateModified\":\"2024-03-15T15:10:23+00:00\",\"description\":\"Gardez une vue d&apos;ensemble sur les mises \u00e0 jour et les modifications de vos installations et \u00e9vitez du coup les temps d\u2019arr\u00eat co\u00fbteux.\",\"breadcrumb\":{\"@id\":\"https:\\\/\\\/www.novotek.com\\\/ch\\\/fr\\\/gestion-des-versions\\\/#breadcrumb\"},\"inLanguage\":\"fr-CH\",\"potentialAction\":[{\"@type\":\"ReadAction\",\"target\":[\"https:\\\/\\\/www.novotek.com\\\/ch\\\/fr\\\/gestion-des-versions\\\/\"]}]},{\"@type\":\"ImageObject\",\"inLanguage\":\"fr-CH\",\"@id\":\"https:\\\/\\\/www.novotek.com\\\/ch\\\/fr\\\/gestion-des-versions\\\/#primaryimage\",\"url\":\"https:\\\/\\\/www.novotek.com\\\/ch\\\/wp-content\\\/uploads\\\/sites\\\/3\\\/Wiring_header_1920x800.jpg.webp\",\"contentUrl\":\"https:\\\/\\\/www.novotek.com\\\/ch\\\/wp-content\\\/uploads\\\/sites\\\/3\\\/Wiring_header_1920x800.jpg.webp\",\"width\":1920,\"height\":800,\"caption\":\"Versionierung\"},{\"@type\":\"BreadcrumbList\",\"@id\":\"https:\\\/\\\/www.novotek.com\\\/ch\\\/fr\\\/gestion-des-versions\\\/#breadcrumb\",\"itemListElement\":[{\"@type\":\"ListItem\",\"position\":1,\"name\":\"Home\",\"item\":\"https:\\\/\\\/www.novotek.com\\\/ch\\\/fr\\\/\"},{\"@type\":\"ListItem\",\"position\":2,\"name\":\"Gestion des versions\"}]},{\"@type\":\"WebSite\",\"@id\":\"https:\\\/\\\/www.novotek.com\\\/ch\\\/#website\",\"url\":\"https:\\\/\\\/www.novotek.com\\\/ch\\\/\",\"name\":\"Novotek Switzerland AG\",\"description\":\"Connect - Digitalize - Optimize\",\"publisher\":{\"@id\":\"https:\\\/\\\/www.novotek.com\\\/ch\\\/#organization\"},\"potentialAction\":[{\"@type\":\"SearchAction\",\"target\":{\"@type\":\"EntryPoint\",\"urlTemplate\":\"https:\\\/\\\/www.novotek.com\\\/ch\\\/?s={search_term_string}\"},\"query-input\":{\"@type\":\"PropertyValueSpecification\",\"valueRequired\":true,\"valueName\":\"search_term_string\"}}],\"inLanguage\":\"fr-CH\"},{\"@type\":\"Organization\",\"@id\":\"https:\\\/\\\/www.novotek.com\\\/ch\\\/#organization\",\"name\":\"Novotek Switzerland AG\",\"url\":\"https:\\\/\\\/www.novotek.com\\\/ch\\\/\",\"logo\":{\"@type\":\"ImageObject\",\"inLanguage\":\"fr-CH\",\"@id\":\"https:\\\/\\\/www.novotek.com\\\/ch\\\/#\\\/schema\\\/logo\\\/image\\\/\",\"url\":\"https:\\\/\\\/www.novotek.com\\\/ch\\\/wp-content\\\/uploads\\\/sites\\\/3\\\/novotek-symbol-rgb-pos-white-border-512x512-1.png\",\"contentUrl\":\"https:\\\/\\\/www.novotek.com\\\/ch\\\/wp-content\\\/uploads\\\/sites\\\/3\\\/novotek-symbol-rgb-pos-white-border-512x512-1.png\",\"width\":512,\"height\":512,\"caption\":\"Novotek Switzerland AG\"},\"image\":{\"@id\":\"https:\\\/\\\/www.novotek.com\\\/ch\\\/#\\\/schema\\\/logo\\\/image\\\/\"}}]}<\/script>\n<!-- \/ Yoast SEO plugin. -->","yoast_head_json":{"title":"Gestion des versions et sauvegarde automatique","description":"Gardez une vue d&apos;ensemble sur les mises \u00e0 jour et les modifications de vos installations et \u00e9vitez du coup les temps d\u2019arr\u00eat co\u00fbteux.","robots":{"index":"index","follow":"follow","max-snippet":"max-snippet:-1","max-image-preview":"max-image-preview:large","max-video-preview":"max-video-preview:-1"},"canonical":"https:\/\/www.novotek.com\/ch\/fr\/gestion-des-versions\/","og_locale":"fr_FR","og_type":"article","og_title":"Gestion des versions et sauvegarde automatique","og_description":"Gardez une vue d&apos;ensemble sur les mises \u00e0 jour et les modifications de vos installations et \u00e9vitez du coup les temps d\u2019arr\u00eat co\u00fbteux.","og_url":"https:\/\/www.novotek.com\/ch\/fr\/gestion-des-versions\/","og_site_name":"Novotek CH","article_modified_time":"2024-03-15T15:10:23+00:00","og_image":[{"width":1920,"height":800,"url":"https:\/\/www.novotek.com\/ch\/wp-content\/uploads\/sites\/3\/Wiring_header_1920x800.jpg","type":"image\/jpeg"}],"twitter_card":"summary_large_image","twitter_misc":{"Est. reading time":"3 minutes"},"schema":{"@context":"https:\/\/schema.org","@graph":[{"@type":"WebPage","@id":"https:\/\/www.novotek.com\/ch\/fr\/gestion-des-versions\/","url":"https:\/\/www.novotek.com\/ch\/fr\/gestion-des-versions\/","name":"Gestion des versions et sauvegarde automatique","isPartOf":{"@id":"https:\/\/www.novotek.com\/ch\/#website"},"primaryImageOfPage":{"@id":"https:\/\/www.novotek.com\/ch\/fr\/gestion-des-versions\/#primaryimage"},"image":{"@id":"https:\/\/www.novotek.com\/ch\/fr\/gestion-des-versions\/#primaryimage"},"thumbnailUrl":"https:\/\/www.novotek.com\/ch\/wp-content\/uploads\/sites\/3\/Wiring_header_1920x800.jpg.webp","datePublished":"2023-01-05T10:32:44+00:00","dateModified":"2024-03-15T15:10:23+00:00","description":"Gardez une vue d&apos;ensemble sur les mises \u00e0 jour et les modifications de vos installations et \u00e9vitez du coup les temps d\u2019arr\u00eat co\u00fbteux.","breadcrumb":{"@id":"https:\/\/www.novotek.com\/ch\/fr\/gestion-des-versions\/#breadcrumb"},"inLanguage":"fr-CH","potentialAction":[{"@type":"ReadAction","target":["https:\/\/www.novotek.com\/ch\/fr\/gestion-des-versions\/"]}]},{"@type":"ImageObject","inLanguage":"fr-CH","@id":"https:\/\/www.novotek.com\/ch\/fr\/gestion-des-versions\/#primaryimage","url":"https:\/\/www.novotek.com\/ch\/wp-content\/uploads\/sites\/3\/Wiring_header_1920x800.jpg.webp","contentUrl":"https:\/\/www.novotek.com\/ch\/wp-content\/uploads\/sites\/3\/Wiring_header_1920x800.jpg.webp","width":1920,"height":800,"caption":"Versionierung"},{"@type":"BreadcrumbList","@id":"https:\/\/www.novotek.com\/ch\/fr\/gestion-des-versions\/#breadcrumb","itemListElement":[{"@type":"ListItem","position":1,"name":"Home","item":"https:\/\/www.novotek.com\/ch\/fr\/"},{"@type":"ListItem","position":2,"name":"Gestion des versions"}]},{"@type":"WebSite","@id":"https:\/\/www.novotek.com\/ch\/#website","url":"https:\/\/www.novotek.com\/ch\/","name":"Novotek Switzerland AG","description":"Connect - Digitalize - Optimize","publisher":{"@id":"https:\/\/www.novotek.com\/ch\/#organization"},"potentialAction":[{"@type":"SearchAction","target":{"@type":"EntryPoint","urlTemplate":"https:\/\/www.novotek.com\/ch\/?s={search_term_string}"},"query-input":{"@type":"PropertyValueSpecification","valueRequired":true,"valueName":"search_term_string"}}],"inLanguage":"fr-CH"},{"@type":"Organization","@id":"https:\/\/www.novotek.com\/ch\/#organization","name":"Novotek Switzerland AG","url":"https:\/\/www.novotek.com\/ch\/","logo":{"@type":"ImageObject","inLanguage":"fr-CH","@id":"https:\/\/www.novotek.com\/ch\/#\/schema\/logo\/image\/","url":"https:\/\/www.novotek.com\/ch\/wp-content\/uploads\/sites\/3\/novotek-symbol-rgb-pos-white-border-512x512-1.png","contentUrl":"https:\/\/www.novotek.com\/ch\/wp-content\/uploads\/sites\/3\/novotek-symbol-rgb-pos-white-border-512x512-1.png","width":512,"height":512,"caption":"Novotek Switzerland AG"},"image":{"@id":"https:\/\/www.novotek.com\/ch\/#\/schema\/logo\/image\/"}}]}},"_links":{"self":[{"href":"https:\/\/www.novotek.com\/ch\/fr\/wp-json\/wp\/v2\/pages\/13651","targetHints":{"allow":["GET"]}}],"collection":[{"href":"https:\/\/www.novotek.com\/ch\/fr\/wp-json\/wp\/v2\/pages"}],"about":[{"href":"https:\/\/www.novotek.com\/ch\/fr\/wp-json\/wp\/v2\/types\/page"}],"author":[{"embeddable":true,"href":"https:\/\/www.novotek.com\/ch\/fr\/wp-json\/wp\/v2\/users\/15"}],"replies":[{"embeddable":true,"href":"https:\/\/www.novotek.com\/ch\/fr\/wp-json\/wp\/v2\/comments?post=13651"}],"version-history":[{"count":13,"href":"https:\/\/www.novotek.com\/ch\/fr\/wp-json\/wp\/v2\/pages\/13651\/revisions"}],"predecessor-version":[{"id":20352,"href":"https:\/\/www.novotek.com\/ch\/fr\/wp-json\/wp\/v2\/pages\/13651\/revisions\/20352"}],"wp:featuredmedia":[{"embeddable":true,"href":"https:\/\/www.novotek.com\/ch\/fr\/wp-json\/wp\/v2\/media\/12464"}],"wp:attachment":[{"href":"https:\/\/www.novotek.com\/ch\/fr\/wp-json\/wp\/v2\/media?parent=13651"}],"curies":[{"name":"wp","href":"https:\/\/api.w.org\/{rel}","templated":true}]}}