{"id":13655,"date":"2023-01-05T10:33:30","date_gmt":"2023-01-05T10:33:30","guid":{"rendered":"https:\/\/www.novotek.com\/ch\/proficy-cimplicity\/"},"modified":"2025-11-24T08:06:51","modified_gmt":"2025-11-24T08:06:51","slug":"proficy-cimplicity","status":"publish","type":"page","link":"https:\/\/www.novotek.com\/ch\/fr\/hmi-scada\/proficy-cimplicity\/","title":{"rendered":"Proficy CIMPLICITY"},"content":{"rendered":"  <div class=\"hero\">\n    <div class=\"carousel hero-slider small\" data-flickity data-flickity-options='{\"prevNextButtons\": false}'>\n              <div class=\"carousel-cell\">\n          <div class=\"container\">\n            <div class=\"hero-content\">\n                              <h1><b>Proficy CIMPLICITY<\/b><\/h1>\n<p>Contr\u00f4lez votre production avec l&#8217;une des solutions IHM\/SCADA leaders du march\u00e9 pour la fabrication de charges isol\u00e9es.<\/p>\n              \n                          <\/div>\n          <\/div>\n\n          <img decoding=\"async\" width=\"1024\" height=\"427\" src=\"https:\/\/www.novotek.com\/ch\/wp-content\/uploads\/sites\/3\/Novotek_digitilize_duplex_cyan_1920x800px-1-1024x427.png.webp\" class=\"hero-bg\" alt=\"Hero Img\" fetchpriority=\"high\" srcset=\"https:\/\/www.novotek.com\/ch\/wp-content\/uploads\/sites\/3\/Novotek_digitilize_duplex_cyan_1920x800px-1-1024x427.png.webp 1024w, https:\/\/www.novotek.com\/ch\/wp-content\/uploads\/sites\/3\/Novotek_digitilize_duplex_cyan_1920x800px-1-300x125.png.webp 300w, https:\/\/www.novotek.com\/ch\/wp-content\/uploads\/sites\/3\/Novotek_digitilize_duplex_cyan_1920x800px-1-768x320.png.webp 768w, https:\/\/www.novotek.com\/ch\/wp-content\/uploads\/sites\/3\/Novotek_digitilize_duplex_cyan_1920x800px-1-1536x640.png.webp 1536w, https:\/\/www.novotek.com\/ch\/wp-content\/uploads\/sites\/3\/Novotek_digitilize_duplex_cyan_1920x800px-1.png.webp 1920w\" sizes=\"(max-width: 1024px) 100vw, 1024px\" \/>                  <\/div>\n          <\/div>\n\n      <\/div>\n\n   <div class=\"floating-breadcrumb\"><div class=\"container\"><span><span><a href=\"https:\/\/www.novotek.com\/ch\/fr\/\" class=\"breadcrumb-frontpage\">Home<\/a><\/span><\/span><\/div><\/div>\n\n\n<div class=\"container-md paragraph  \">\n<p>Proficy CIMPLICITY de GE Vernova est une puissante<a href=\"https:\/\/www.novotek.com\/ch\/fr\/hmi-scada\/\">&nbsp;<strong>solution SCADA<\/strong><\/a> sur base client \/ serveur qui convient parfaitement aux environnements de production avec fabrication \u00e0 la pi\u00e8ce.&nbsp;Fruit de dizaines d\u2019ann\u00e9es de recherche et d\u00e9veloppement par GE Vernova, Proficy CIMPLICITY constitue une des solutions majeures les plus anciennes sur le march\u00e9 de l\u2019automatisation.&nbsp;La solution convient avant tout pour des secteurs industriels comme par ex. l\u2019automobile, l\u2019a\u00e9ronautique, la construction de machines, l\u2019\u00e9lectronique et la CNC.&nbsp;<\/p>\n<\/div>\n\n<div class=\"container-md spacer  \">\n<div style=\"height:50px\" aria-hidden=\"true\" class=\"wp-block-spacer\"><\/div>\n<\/div>\n\n<div class=\"container media-text  alignwide\">\n<div class=\"wp-block-media-text alignwide is-stacked-on-mobile\" style=\"grid-template-columns:40% auto\"><figure class=\"wp-block-media-text__media\"><img loading=\"lazy\" decoding=\"async\" width=\"600\" height=\"429\" src=\"https:\/\/www.novotek.com\/ch\/wp-content\/uploads\/sites\/3\/GEVernova_Cimplicity_600x429-1-3.png\" alt=\"\" class=\"wp-image-28863 size-full\" srcset=\"https:\/\/www.novotek.com\/ch\/wp-content\/uploads\/sites\/3\/GEVernova_Cimplicity_600x429-1-3.png 600w, https:\/\/www.novotek.com\/ch\/wp-content\/uploads\/sites\/3\/GEVernova_Cimplicity_600x429-1-3-300x215.png 300w, https:\/\/www.novotek.com\/ch\/wp-content\/uploads\/sites\/3\/GEVernova_Cimplicity_600x429-1-3-86x61.png 86w, https:\/\/www.novotek.com\/ch\/wp-content\/uploads\/sites\/3\/GEVernova_Cimplicity_600x429-1-3-306x219.png 306w\" sizes=\"auto, (max-width: 600px) 100vw, 600px\" \/><\/figure><div class=\"wp-block-media-text__content\"><div class=\"container-md heading  \">\n<h2 class=\"wp-block-heading\" id=\"h-une-commande-minutieuse-avec-proficy-cimplicity\">Une commande minutieuse avec Proficy CIMPLICITY<\/h2>\n<\/div>\n\n<div class=\"container-md paragraph  \">\n<p>Donnez \u00e0 vos utilisateurs et ing\u00e9nieurs la possibilit\u00e9 de contr\u00f4ler et surveiller minutieusement tous les aspects de la production.&nbsp;<\/p>\n<\/div>\n\n<div class=\"container-md paragraph  \">\n<p>Le r\u00e9sultat&nbsp;:<\/p>\n<\/div>\n\n<div class=\"container-md list  \">\n<ul class=\"wp-block-list\"><div class=\"container-md list-item  \">\n<li>r\u00e9action plus rapide aux probl\u00e8mes op\u00e9rationnels<\/li>\n<\/div>\n\n<div class=\"container-md list-item  \">\n<li>temps d&#8217;arr\u00eat et co\u00fbts r\u00e9duits<\/li>\n<\/div>\n\n<div class=\"container-md list-item  \">\n<li>meilleure qualit\u00e9<\/li>\n<\/div>\n\n<div class=\"container-md list-item  \">\n<li>d\u00e9lais de mise sur le march\u00e9 plus court<\/li>\n<\/div>\n\n<div class=\"container-md list-item  \">\n<li>rentabilit\u00e9 accrue<\/li>\n<\/div><\/ul>\n<\/div>\n\n<div class=\"container-md paragraph  \">\n<p>L\u2019interface utilisateur moderne et aboutie facilite les t\u00e2ches quotidiennes de l\u2019utilisateur tout en r\u00e9duisant le risque de mauvaise d\u00e9cision.&nbsp;Vous avez acc\u00e8s \u00e0 des fonctions qui permettent d\u2019optimiser votre production&nbsp;: d\u00e9tection d\u2019alarmes et de tendances, r\u00e9duction des temps d&#8217;arr\u00eat et augmentation de l\u2019efficacit\u00e9.<\/p>\n<\/div><\/div><\/div>\n<\/div>\n\n<div class=\"container-md spacer  \">\n<div style=\"height:50px\" aria-hidden=\"true\" class=\"wp-block-spacer\"><\/div>\n<\/div>\n\n<div class=\"container-md heading  \">\n<h3 class=\"wp-block-heading\" id=\"h-fonctions\">Fonctions<\/h3>\n<\/div>\n\n<div class=\"container-md list  \">\n<ul class=\"wp-block-list\"><div class=\"container-md list-item  \">\n<li>Technologie Thin Client \/ serveur puissante<\/li>\n<\/div>\n\n<div class=\"container-md list-item  \">\n<li>Visualisations et commandes client \/ serveur depuis les machines individuelles jusqu\u2019aux installations de production r\u00e9parties dans le monde entier<\/li>\n<\/div>\n\n<div class=\"container-md list-item  \">\n<li>Fonctions pour alarmes et tendances<\/li>\n<\/div>\n\n<div class=\"container-md list-item  \">\n<li>\u00c9volutivit\u00e9 ais\u00e9e<\/li>\n<\/div>\n\n<div class=\"container-md list-item  \">\n<li>Construction rapide de bases de donn\u00e9es structur\u00e9es gr\u00e2ce aux classes et objets<\/li>\n<\/div>\n\n<div class=\"container-md list-item  \">\n<li>Configuration rapide<\/li>\n<\/div>\n\n<div class=\"container-md list-item  \">\n<li>Int\u00e9gration fluide \u00e0 d\u2019autres applications&nbsp;: reliez les logiciels, les syst\u00e8mes ou les p\u00e9riph\u00e9riques.<\/li>\n<\/div>\n\n<div class=\"container-md list-item  \">\n<li>Nouvelle version avec&nbsp;<strong><a href=\"https:\/\/www.novotek.com\/ch\/fr\/hmi-scada\/proficy-operations-hub\/\">Proficy Operations Hub<\/a><\/strong>&nbsp;et&nbsp;<strong><a href=\"https:\/\/www.novotek.com\/ch\/fr\/smart-factory-mes\/proficy-historian\/\">Proficy Historian<\/a><\/strong>&nbsp;pour acc\u00e8s Web et stockage de donn\u00e9es centralis\u00e9s<\/li>\n<\/div>\n\n<div class=\"container-md list-item  \">\n<li>S\u00e9curit\u00e9 accrue avec la communication certifi\u00e9e<\/li>\n<\/div>\n\n<div class=\"container-md list-item  \">\n<li>Interface utilisateur graphique avec HMI haute performance<\/li>\n<\/div>\n\n<div class=\"container-md list-item  \">\n<li>Acc\u00e8s via PC, smartphone et tablette<\/li>\n<\/div><\/ul>\n<\/div>\n\n<div class=\"container-md spacer  \">\n<div style=\"height:100px\" aria-hidden=\"true\" class=\"wp-block-spacer\"><\/div>\n<\/div>\n\n<div class=\"container media-text  alignwide\">\n<div class=\"wp-block-media-text alignwide has-media-on-the-right is-stacked-on-mobile\" style=\"grid-template-columns:auto 40%\"><div class=\"wp-block-media-text__content\"><div class=\"container-md heading  \">\n<h2 class=\"wp-block-heading\" id=\"h-la-convivialite-avec-acces-aise\">La convivialit\u00e9 avec acc\u00e8s ais\u00e9<\/h2>\n<\/div>\n\n<div class=\"container-md paragraph  \">\n<p>L\u2019interface utilisateur graphique et la navigation garantissent une utilit\u00e9 optimale tant pour les nouveaux utilisateurs que pour les utilisateurs exp\u00e9riment\u00e9s.&nbsp;L\u2019acc\u00e8s via PC, smartphone et tablette permet aux utilisateurs d\u2019acc\u00e9der aux donn\u00e9es \u00e0 tout moment et partout.&nbsp;<\/p>\n<\/div>\n\n<div class=\"container-md paragraph  \">\n<p>La solution est fournie par GE Vernova, un des plus grands fournisseurs mondiaux de solutions pour l\u2019automatisation industrielle et la num\u00e9risation.<\/p>\n<\/div>\n\n<div class=\"container-md paragraph  \">\n<p>Novotek fournit des solutions HMI\/SCADA depuis plus de 35 ann\u00e9es.&nbsp;Nos experts vous aident \u00e0 trouver la voie optimale pour l\u2019impl\u00e9mentation de Proficy CIMPLICITY dans votre entreprise.<\/p>\n<\/div><\/div><figure class=\"wp-block-media-text__media\"><img loading=\"lazy\" decoding=\"async\" width=\"600\" height=\"429\" src=\"https:\/\/www.novotek.com\/ch\/wp-content\/uploads\/sites\/3\/GEVernova_Cimplicity_operatorview-1.png\" alt=\"\" class=\"wp-image-28867 size-full\" srcset=\"https:\/\/www.novotek.com\/ch\/wp-content\/uploads\/sites\/3\/GEVernova_Cimplicity_operatorview-1.png 600w, https:\/\/www.novotek.com\/ch\/wp-content\/uploads\/sites\/3\/GEVernova_Cimplicity_operatorview-1-300x215.png 300w, https:\/\/www.novotek.com\/ch\/wp-content\/uploads\/sites\/3\/GEVernova_Cimplicity_operatorview-1-86x61.png 86w, https:\/\/www.novotek.com\/ch\/wp-content\/uploads\/sites\/3\/GEVernova_Cimplicity_operatorview-1-306x219.png 306w\" sizes=\"auto, (max-width: 600px) 100vw, 600px\" \/><\/figure><\/div>\n<\/div>\n\n<div class=\"container-md spacer  \">\n<div style=\"height:100px\" aria-hidden=\"true\" class=\"wp-block-spacer\"><\/div>\n<\/div>","protected":false},"excerpt":{"rendered":"<p>Pilotez votre production avec l\u2019une des solutions HMI\/SCADA de r\u00e9f\u00e9rence pour la fabrication discr\u00e8te.<\/p>\n","protected":false},"author":35,"featured_media":0,"parent":13676,"menu_order":2,"comment_status":"closed","ping_status":"closed","template":"","meta":{"_acf_changed":false,"_relevanssi_hide_post":"","_relevanssi_pin_for_all":"","_relevanssi_pin_keywords":"","_relevanssi_unpin_keywords":"","_relevanssi_related_keywords":"","_relevanssi_related_include_ids":"","_relevanssi_related_exclude_ids":"","_relevanssi_related_no_append":"","_relevanssi_related_not_related":"","_relevanssi_related_posts":"13219,6198,12307,12409,13569,13573","_relevanssi_noindex_reason":"","content-type":"","footnotes":""},"class_list":["post-13655","page","type-page","status-publish","hentry"],"acf":[],"yoast_head":"<!-- This site is optimized with the Yoast SEO plugin v27.4 - https:\/\/yoast.com\/product\/yoast-seo-wordpress\/ -->\n<title>Proficy CIMPLICITY - Novotek CH<\/title>\n<meta name=\"description\" content=\"Proficy CIMPLICITY est la puissante solution SCADA sur base client \/ serveur qui convient parfaitement \u00e0 la production \u00e0 la pi\u00e8ce.\" \/>\n<meta name=\"robots\" content=\"index, follow, max-snippet:-1, max-image-preview:large, max-video-preview:-1\" \/>\n<link rel=\"canonical\" href=\"https:\/\/www.novotek.com\/ch\/fr\/hmi-scada\/proficy-cimplicity\/\" \/>\n<meta property=\"og:locale\" content=\"fr_FR\" \/>\n<meta property=\"og:type\" content=\"article\" \/>\n<meta property=\"og:title\" content=\"Proficy CIMPLICITY - Novotek CH\" \/>\n<meta property=\"og:description\" content=\"Proficy CIMPLICITY est la puissante solution SCADA sur base client \/ serveur qui convient parfaitement \u00e0 la production \u00e0 la pi\u00e8ce.\" \/>\n<meta property=\"og:url\" content=\"https:\/\/www.novotek.com\/ch\/fr\/hmi-scada\/proficy-cimplicity\/\" \/>\n<meta property=\"og:site_name\" content=\"Novotek CH\" \/>\n<meta property=\"article:modified_time\" content=\"2025-11-24T08:06:51+00:00\" \/>\n<meta property=\"og:image\" content=\"https:\/\/www.novotek.com\/ch\/wp-content\/uploads\/sites\/3\/GEVernova_Cimplicity_600x429-1-3.png\" \/>\n<meta name=\"twitter:card\" content=\"summary_large_image\" \/>\n<meta name=\"twitter:label1\" content=\"Est. reading time\" \/>\n\t<meta name=\"twitter:data1\" content=\"3 minutes\" \/>\n<script type=\"application\/ld+json\" class=\"yoast-schema-graph\">{\"@context\":\"https:\\\/\\\/schema.org\",\"@graph\":[{\"@type\":\"WebPage\",\"@id\":\"https:\\\/\\\/www.novotek.com\\\/ch\\\/fr\\\/hmi-scada\\\/proficy-cimplicity\\\/\",\"url\":\"https:\\\/\\\/www.novotek.com\\\/ch\\\/fr\\\/hmi-scada\\\/proficy-cimplicity\\\/\",\"name\":\"Proficy CIMPLICITY - Novotek CH\",\"isPartOf\":{\"@id\":\"https:\\\/\\\/www.novotek.com\\\/ch\\\/#website\"},\"primaryImageOfPage\":{\"@id\":\"https:\\\/\\\/www.novotek.com\\\/ch\\\/fr\\\/hmi-scada\\\/proficy-cimplicity\\\/#primaryimage\"},\"image\":{\"@id\":\"https:\\\/\\\/www.novotek.com\\\/ch\\\/fr\\\/hmi-scada\\\/proficy-cimplicity\\\/#primaryimage\"},\"thumbnailUrl\":\"https:\\\/\\\/www.novotek.com\\\/ch\\\/wp-content\\\/uploads\\\/sites\\\/3\\\/GEVernova_Cimplicity_600x429-1-3.png\",\"datePublished\":\"2023-01-05T10:33:30+00:00\",\"dateModified\":\"2025-11-24T08:06:51+00:00\",\"description\":\"Proficy CIMPLICITY est la puissante solution SCADA sur base client \\\/ serveur qui convient parfaitement \u00e0 la production \u00e0 la pi\u00e8ce.\",\"breadcrumb\":{\"@id\":\"https:\\\/\\\/www.novotek.com\\\/ch\\\/fr\\\/hmi-scada\\\/proficy-cimplicity\\\/#breadcrumb\"},\"inLanguage\":\"fr-CH\",\"potentialAction\":[{\"@type\":\"ReadAction\",\"target\":[\"https:\\\/\\\/www.novotek.com\\\/ch\\\/fr\\\/hmi-scada\\\/proficy-cimplicity\\\/\"]}]},{\"@type\":\"ImageObject\",\"inLanguage\":\"fr-CH\",\"@id\":\"https:\\\/\\\/www.novotek.com\\\/ch\\\/fr\\\/hmi-scada\\\/proficy-cimplicity\\\/#primaryimage\",\"url\":\"https:\\\/\\\/www.novotek.com\\\/ch\\\/wp-content\\\/uploads\\\/sites\\\/3\\\/GEVernova_Cimplicity_600x429-1-3.png\",\"contentUrl\":\"https:\\\/\\\/www.novotek.com\\\/ch\\\/wp-content\\\/uploads\\\/sites\\\/3\\\/GEVernova_Cimplicity_600x429-1-3.png\"},{\"@type\":\"BreadcrumbList\",\"@id\":\"https:\\\/\\\/www.novotek.com\\\/ch\\\/fr\\\/hmi-scada\\\/proficy-cimplicity\\\/#breadcrumb\",\"itemListElement\":[{\"@type\":\"ListItem\",\"position\":1,\"name\":\"Home\",\"item\":\"https:\\\/\\\/www.novotek.com\\\/ch\\\/fr\\\/\"},{\"@type\":\"ListItem\",\"position\":2,\"name\":\"HMI \\\/ SCADA\",\"item\":\"https:\\\/\\\/www.novotek.com\\\/ch\\\/fr\\\/hmi-scada\\\/\"},{\"@type\":\"ListItem\",\"position\":3,\"name\":\"Proficy CIMPLICITY\"}]},{\"@type\":\"WebSite\",\"@id\":\"https:\\\/\\\/www.novotek.com\\\/ch\\\/#website\",\"url\":\"https:\\\/\\\/www.novotek.com\\\/ch\\\/\",\"name\":\"Novotek Switzerland AG\",\"description\":\"Connect - Digitalize - Optimize\",\"publisher\":{\"@id\":\"https:\\\/\\\/www.novotek.com\\\/ch\\\/#organization\"},\"potentialAction\":[{\"@type\":\"SearchAction\",\"target\":{\"@type\":\"EntryPoint\",\"urlTemplate\":\"https:\\\/\\\/www.novotek.com\\\/ch\\\/?s={search_term_string}\"},\"query-input\":{\"@type\":\"PropertyValueSpecification\",\"valueRequired\":true,\"valueName\":\"search_term_string\"}}],\"inLanguage\":\"fr-CH\"},{\"@type\":\"Organization\",\"@id\":\"https:\\\/\\\/www.novotek.com\\\/ch\\\/#organization\",\"name\":\"Novotek Switzerland AG\",\"url\":\"https:\\\/\\\/www.novotek.com\\\/ch\\\/\",\"logo\":{\"@type\":\"ImageObject\",\"inLanguage\":\"fr-CH\",\"@id\":\"https:\\\/\\\/www.novotek.com\\\/ch\\\/#\\\/schema\\\/logo\\\/image\\\/\",\"url\":\"https:\\\/\\\/www.novotek.com\\\/ch\\\/wp-content\\\/uploads\\\/sites\\\/3\\\/novotek-symbol-rgb-pos-white-border-512x512-1.png\",\"contentUrl\":\"https:\\\/\\\/www.novotek.com\\\/ch\\\/wp-content\\\/uploads\\\/sites\\\/3\\\/novotek-symbol-rgb-pos-white-border-512x512-1.png\",\"width\":512,\"height\":512,\"caption\":\"Novotek Switzerland AG\"},\"image\":{\"@id\":\"https:\\\/\\\/www.novotek.com\\\/ch\\\/#\\\/schema\\\/logo\\\/image\\\/\"}}]}<\/script>\n<!-- \/ Yoast SEO plugin. -->","yoast_head_json":{"title":"Proficy CIMPLICITY - Novotek CH","description":"Proficy CIMPLICITY est la puissante solution SCADA sur base client \/ serveur qui convient parfaitement \u00e0 la production \u00e0 la pi\u00e8ce.","robots":{"index":"index","follow":"follow","max-snippet":"max-snippet:-1","max-image-preview":"max-image-preview:large","max-video-preview":"max-video-preview:-1"},"canonical":"https:\/\/www.novotek.com\/ch\/fr\/hmi-scada\/proficy-cimplicity\/","og_locale":"fr_FR","og_type":"article","og_title":"Proficy CIMPLICITY - Novotek CH","og_description":"Proficy CIMPLICITY est la puissante solution SCADA sur base client \/ serveur qui convient parfaitement \u00e0 la production \u00e0 la pi\u00e8ce.","og_url":"https:\/\/www.novotek.com\/ch\/fr\/hmi-scada\/proficy-cimplicity\/","og_site_name":"Novotek CH","article_modified_time":"2025-11-24T08:06:51+00:00","og_image":[{"url":"https:\/\/www.novotek.com\/ch\/wp-content\/uploads\/sites\/3\/GEVernova_Cimplicity_600x429-1-3.png","type":"","width":"","height":""}],"twitter_card":"summary_large_image","twitter_misc":{"Est. reading time":"3 minutes"},"schema":{"@context":"https:\/\/schema.org","@graph":[{"@type":"WebPage","@id":"https:\/\/www.novotek.com\/ch\/fr\/hmi-scada\/proficy-cimplicity\/","url":"https:\/\/www.novotek.com\/ch\/fr\/hmi-scada\/proficy-cimplicity\/","name":"Proficy CIMPLICITY - Novotek CH","isPartOf":{"@id":"https:\/\/www.novotek.com\/ch\/#website"},"primaryImageOfPage":{"@id":"https:\/\/www.novotek.com\/ch\/fr\/hmi-scada\/proficy-cimplicity\/#primaryimage"},"image":{"@id":"https:\/\/www.novotek.com\/ch\/fr\/hmi-scada\/proficy-cimplicity\/#primaryimage"},"thumbnailUrl":"https:\/\/www.novotek.com\/ch\/wp-content\/uploads\/sites\/3\/GEVernova_Cimplicity_600x429-1-3.png","datePublished":"2023-01-05T10:33:30+00:00","dateModified":"2025-11-24T08:06:51+00:00","description":"Proficy CIMPLICITY est la puissante solution SCADA sur base client \/ serveur qui convient parfaitement \u00e0 la production \u00e0 la pi\u00e8ce.","breadcrumb":{"@id":"https:\/\/www.novotek.com\/ch\/fr\/hmi-scada\/proficy-cimplicity\/#breadcrumb"},"inLanguage":"fr-CH","potentialAction":[{"@type":"ReadAction","target":["https:\/\/www.novotek.com\/ch\/fr\/hmi-scada\/proficy-cimplicity\/"]}]},{"@type":"ImageObject","inLanguage":"fr-CH","@id":"https:\/\/www.novotek.com\/ch\/fr\/hmi-scada\/proficy-cimplicity\/#primaryimage","url":"https:\/\/www.novotek.com\/ch\/wp-content\/uploads\/sites\/3\/GEVernova_Cimplicity_600x429-1-3.png","contentUrl":"https:\/\/www.novotek.com\/ch\/wp-content\/uploads\/sites\/3\/GEVernova_Cimplicity_600x429-1-3.png"},{"@type":"BreadcrumbList","@id":"https:\/\/www.novotek.com\/ch\/fr\/hmi-scada\/proficy-cimplicity\/#breadcrumb","itemListElement":[{"@type":"ListItem","position":1,"name":"Home","item":"https:\/\/www.novotek.com\/ch\/fr\/"},{"@type":"ListItem","position":2,"name":"HMI \/ SCADA","item":"https:\/\/www.novotek.com\/ch\/fr\/hmi-scada\/"},{"@type":"ListItem","position":3,"name":"Proficy CIMPLICITY"}]},{"@type":"WebSite","@id":"https:\/\/www.novotek.com\/ch\/#website","url":"https:\/\/www.novotek.com\/ch\/","name":"Novotek Switzerland AG","description":"Connect - Digitalize - Optimize","publisher":{"@id":"https:\/\/www.novotek.com\/ch\/#organization"},"potentialAction":[{"@type":"SearchAction","target":{"@type":"EntryPoint","urlTemplate":"https:\/\/www.novotek.com\/ch\/?s={search_term_string}"},"query-input":{"@type":"PropertyValueSpecification","valueRequired":true,"valueName":"search_term_string"}}],"inLanguage":"fr-CH"},{"@type":"Organization","@id":"https:\/\/www.novotek.com\/ch\/#organization","name":"Novotek Switzerland AG","url":"https:\/\/www.novotek.com\/ch\/","logo":{"@type":"ImageObject","inLanguage":"fr-CH","@id":"https:\/\/www.novotek.com\/ch\/#\/schema\/logo\/image\/","url":"https:\/\/www.novotek.com\/ch\/wp-content\/uploads\/sites\/3\/novotek-symbol-rgb-pos-white-border-512x512-1.png","contentUrl":"https:\/\/www.novotek.com\/ch\/wp-content\/uploads\/sites\/3\/novotek-symbol-rgb-pos-white-border-512x512-1.png","width":512,"height":512,"caption":"Novotek Switzerland AG"},"image":{"@id":"https:\/\/www.novotek.com\/ch\/#\/schema\/logo\/image\/"}}]}},"_links":{"self":[{"href":"https:\/\/www.novotek.com\/ch\/fr\/wp-json\/wp\/v2\/pages\/13655","targetHints":{"allow":["GET"]}}],"collection":[{"href":"https:\/\/www.novotek.com\/ch\/fr\/wp-json\/wp\/v2\/pages"}],"about":[{"href":"https:\/\/www.novotek.com\/ch\/fr\/wp-json\/wp\/v2\/types\/page"}],"author":[{"embeddable":true,"href":"https:\/\/www.novotek.com\/ch\/fr\/wp-json\/wp\/v2\/users\/35"}],"replies":[{"embeddable":true,"href":"https:\/\/www.novotek.com\/ch\/fr\/wp-json\/wp\/v2\/comments?post=13655"}],"version-history":[{"count":10,"href":"https:\/\/www.novotek.com\/ch\/fr\/wp-json\/wp\/v2\/pages\/13655\/revisions"}],"predecessor-version":[{"id":28893,"href":"https:\/\/www.novotek.com\/ch\/fr\/wp-json\/wp\/v2\/pages\/13655\/revisions\/28893"}],"up":[{"embeddable":true,"href":"https:\/\/www.novotek.com\/ch\/fr\/wp-json\/wp\/v2\/pages\/13676"}],"wp:attachment":[{"href":"https:\/\/www.novotek.com\/ch\/fr\/wp-json\/wp\/v2\/media?parent=13655"}],"curies":[{"name":"wp","href":"https:\/\/api.w.org\/{rel}","templated":true}]}}