{"id":13661,"date":"2023-01-05T10:34:52","date_gmt":"2023-01-05T10:34:52","guid":{"rendered":"https:\/\/www.novotek.com\/ch\/gestion-des-versions\/versiondog\/"},"modified":"2024-02-23T09:18:08","modified_gmt":"2024-02-23T09:18:08","slug":"versiondog","status":"publish","type":"page","link":"https:\/\/www.novotek.com\/ch\/fr\/gestion-des-versions\/versiondog\/","title":{"rendered":"Versiondog"},"content":{"rendered":"  <div class=\"hero\">\n    <div class=\"carousel hero-slider small\" data-flickity data-flickity-options='{\"prevNextButtons\": false}'>\n              <div class=\"carousel-cell\">\n          <div class=\"container\">\n            <div class=\"hero-content\">\n                              <h1><span><span class=\"\">versiondog ist vollst\u00e4ndig in octoplant integriert<\/span><\/span><\/h1>\n<p>Unser Lieferant AUVESY-MDT hat bekannt gegeben, dass sie die Entwicklung des Versionsverwaltungssystems versiondog einstellen und die Funktionalit\u00e4t des Systems vollst\u00e4ndig auf octoplant \u00fcbertragen werden. Damit konzentriert sich AUVESY-MDT voll auf den Ausbau und die Weiterentwicklung der unternehmensweiten Asset-Management-Plattform <strong><a href=\"https:\/\/www.novotek.com\/ch\/versionskontrolle\/octoplant\/\">octoplant<\/a><\/strong>.<\/p>\n              \n                          <\/div>\n          <\/div>\n\n          <img decoding=\"async\" width=\"1024\" height=\"320\" src=\"https:\/\/www.novotek.com\/ch\/wp-content\/uploads\/sites\/3\/Novotek_Versiondog_duotone-1024x320.jpg.webp\" class=\"hero-bg\" alt=\"Hero Img\" fetchpriority=\"high\" srcset=\"https:\/\/www.novotek.com\/ch\/wp-content\/uploads\/sites\/3\/Novotek_Versiondog_duotone-1024x320.jpg.webp 1024w, https:\/\/www.novotek.com\/ch\/wp-content\/uploads\/sites\/3\/Novotek_Versiondog_duotone-300x94.jpg.webp 300w, https:\/\/www.novotek.com\/ch\/wp-content\/uploads\/sites\/3\/Novotek_Versiondog_duotone-768x240.jpg.webp 768w, https:\/\/www.novotek.com\/ch\/wp-content\/uploads\/sites\/3\/Novotek_Versiondog_duotone-1536x480.jpg.webp 1536w, https:\/\/www.novotek.com\/ch\/wp-content\/uploads\/sites\/3\/Novotek_Versiondog_duotone.jpg.webp 1920w\" sizes=\"(max-width: 1024px) 100vw, 1024px\" \/>                  <\/div>\n          <\/div>\n\n      <\/div>\n\n   \n\n\n<div class=\"container-md spacer  \">\n<div style=\"height:50px\" aria-hidden=\"true\" class=\"wp-block-spacer\"><\/div>\n<\/div>\n\n<div class=\"container-md heading  \">\n<h2 class=\"wp-block-heading\">Pourquoi AUVESY-MDT arr\u00eate-t-il le d\u00e9veloppement de versiondog?<\/h2>\n<\/div>\n\n<div class=\"container-md paragraph  \">\n<p>D\u00e9velopper plusieurs solutions pour la m\u00eame application demande un effort consid\u00e9rable. Pour le client final, cela signifie en fin de compte une perte de qualit\u00e9 et des cycles d&#8217;innovation plus longs.<\/p>\n<\/div>\n\n<div class=\"container-md paragraph  \">\n<p>Actuellement, AUVESY-MDT propose elle-m\u00eame trois solutions pour le contr\u00f4le de version des logiciels API: versiondog, AutoSave et octoplant. Les d\u00e9veloppeurs de produits et de logiciels d&#8217;AUVESY-MDT veulent \u00e0 l&#8217;avenir se concentrer enti\u00e8rement sur la solution d&#8217;avenir octoplant.<\/p>\n<\/div>\n\n<div class=\"container-md spacer  \">\n<div style=\"height:50px\" aria-hidden=\"true\" class=\"wp-block-spacer\"><\/div>\n<\/div>\n\n<div class=\"container-md embed  alignwide\">\n<figure class=\"wp-block-embed alignwide is-type-video is-provider-youtube wp-block-embed-youtube wp-embed-aspect-16-9 wp-has-aspect-ratio\"><div class=\"wp-block-embed__wrapper\">\n<iframe loading=\"lazy\" title=\"ocotoplant \u2013 Why the Switch is Worthwhile\" width=\"1440\" height=\"810\" src=\"https:\/\/www.youtube.com\/embed\/Gd95qnbvzk0?feature=oembed\" frameborder=\"0\" allow=\"accelerometer; autoplay; clipboard-write; encrypted-media; gyroscope; picture-in-picture; web-share\" allowfullscreen><\/iframe>\n<\/div><figcaption class=\"wp-element-caption\"><a href=\"https:\/\/youtu.be\/Gd95qnbvzk0?si=hvTV59d_dAE6DgNC\" target=\"_blank\" rel=\"noreferrer noopener\">YouTube: octoplant &#8211; Why teh Switch is Worthwhile<\/a><\/figcaption><\/figure>\n<\/div>\n\n<div class=\"container-md spacer  \">\n<div style=\"height:50px\" aria-hidden=\"true\" class=\"wp-block-spacer\"><\/div>\n<\/div>\n\n<div class=\"container-md heading  \">\n<h3 class=\"wp-block-heading\" id=\"h-kann-versiondog-weiterhin-verwendet-werden\">Peut-on continuer \u00e0 utiliser versiondog?<\/h3>\n<\/div>\n\n<div class=\"container-md paragraph  \">\n<p>Cela va de soi ! Vous pouvez compter sur versiondog jusqu&#8217;\u00e0 la fin de son cycle de vie. Concr\u00e8tement, cela signifie<\/p>\n<\/div>\n\n<div class=\"container-md list  \">\n<ul class=\"wp-block-list\"><div class=\"container-md list-item  \">\n<li>Jusqu&#8217;\u00e0 fin 2024, AUVESY-MDT offre un support et une maintenance complets pour les fonctions existantes.<\/li>\n<\/div>\n\n<div class=\"container-md list-item  \">\n<li>D&#8217;ici fin 2025, AUVESY-MDT ne proposera plus que des patchs critiques pour la s\u00e9curit\u00e9 et un support limit\u00e9.<\/li>\n<\/div><\/ul>\n<\/div>\n\n<div class=\"container-md spacer  \">\n<div style=\"height:30px\" aria-hidden=\"true\" class=\"wp-block-spacer\"><\/div>\n<\/div>\n\n<div class=\"container-md heading  \">\n<h3 class=\"wp-block-heading\" id=\"h-was-kommt-nach-versiondog\">Qu&#8217;est-ce qui vient apr\u00e8s versiondog?<\/h3>\n<\/div>\n\n<div class=\"container-md paragraph  \">\n<p>Pour pouvoir profiter des innovations futures comme la cybers\u00e9curit\u00e9 et l&#8217;inventaire, nous recommandons d&#8217;envisager un \u00e9ventuel passage \u00e0 octoplant.<\/p>\n<\/div>\n\n<div class=\"container-md paragraph  \">\n<p>octoplant offre d\u00e9j\u00e0 toutes les fonctions de versiondog et tient en outre compte des nouvelles exigences et des innovations technologiques dans le domaine de l&#8217;automatisation industrielle.<\/p>\n<\/div>\n\n<div class=\"container-md spacer  \">\n<div style=\"height:80px\" aria-hidden=\"true\" class=\"wp-block-spacer\"><\/div>\n<\/div>\n\n<div class=\"cta-block\">\n  <div class=\"container\">\n          <h2>Haben Sie Fragen?<\/h2>\n    \n          <div><p>Wir erz\u00e4hlen Ihnen gerne mehr zu octoplant von AUVESY-MDT<br \/>\nund wie sie die modulare Softwareplattform erfolgreich in<br \/>\nIhrer Produktion einsetzen k\u00f6nnen.<\/p>\n<\/div>\n    \n          <a class=\"btn btn-primary\" href=\"https:\/\/www.novotek.com\/ch\/kontakt\/\">Kontaktieren Sie uns<\/a>\n      <\/div>\n<\/div>\n\n\n<div class=\"container-md spacer  \">\n<div style=\"height:10px\" aria-hidden=\"true\" class=\"wp-block-spacer\"><\/div>\n<\/div>","protected":false},"excerpt":{"rendered":"<p>Pourquoi AUVESY-MDT arr\u00eate-t-il le d\u00e9veloppement de versiondog? D\u00e9velopper plusieurs solutions pour la m\u00eame application demande un effort consid\u00e9rable. Pour le client final, cela signifie en fin de compte une perte de qualit\u00e9 et des cycles d&#8217;innovation plus longs. Actuellement, AUVESY-MDT propose elle-m\u00eame trois solutions pour le contr\u00f4le de version des logiciels API: versiondog, AutoSave et [&hellip;]<\/p>\n","protected":false},"author":15,"featured_media":0,"parent":13651,"menu_order":2,"comment_status":"closed","ping_status":"closed","template":"","meta":{"_acf_changed":false,"_relevanssi_hide_post":"","_relevanssi_pin_for_all":"","_relevanssi_pin_keywords":"","_relevanssi_unpin_keywords":"","_relevanssi_related_keywords":"","_relevanssi_related_include_ids":"","_relevanssi_related_exclude_ids":"","_relevanssi_related_no_append":"","_relevanssi_related_not_related":"","_relevanssi_related_posts":"12409,13573,13571,15439,15710,13567","_relevanssi_noindex_reason":"","content-type":"","footnotes":""},"class_list":["post-13661","page","type-page","status-publish","hentry"],"acf":[],"yoast_head":"<!-- This site is optimized with the Yoast SEO plugin v27.4 - https:\/\/yoast.com\/product\/yoast-seo-wordpress\/ -->\n<title>Versiondog - Novotek CH<\/title>\n<meta name=\"description\" content=\"La maintenance moderne des installations et machines gr\u00e2ce \u00e0 la gestion des versions et la gestion des modifications de Versiondog.\" \/>\n<meta name=\"robots\" content=\"index, follow, max-snippet:-1, max-image-preview:large, max-video-preview:-1\" \/>\n<link rel=\"canonical\" href=\"https:\/\/www.novotek.com\/ch\/fr\/gestion-des-versions\/versiondog\/\" \/>\n<meta property=\"og:locale\" content=\"fr_FR\" \/>\n<meta property=\"og:type\" content=\"article\" \/>\n<meta property=\"og:title\" content=\"Versiondog - Novotek CH\" \/>\n<meta property=\"og:description\" content=\"La maintenance moderne des installations et machines gr\u00e2ce \u00e0 la gestion des versions et la gestion des modifications de Versiondog.\" \/>\n<meta property=\"og:url\" content=\"https:\/\/www.novotek.com\/ch\/fr\/gestion-des-versions\/versiondog\/\" \/>\n<meta property=\"og:site_name\" content=\"Novotek CH\" \/>\n<meta property=\"article:modified_time\" content=\"2024-02-23T09:18:08+00:00\" \/>\n<meta name=\"twitter:card\" content=\"summary_large_image\" \/>\n<meta name=\"twitter:label1\" content=\"Est. reading time\" \/>\n\t<meta name=\"twitter:data1\" content=\"1 minute\" \/>\n<script type=\"application\/ld+json\" class=\"yoast-schema-graph\">{\"@context\":\"https:\\\/\\\/schema.org\",\"@graph\":[{\"@type\":\"WebPage\",\"@id\":\"https:\\\/\\\/www.novotek.com\\\/ch\\\/fr\\\/gestion-des-versions\\\/versiondog\\\/\",\"url\":\"https:\\\/\\\/www.novotek.com\\\/ch\\\/fr\\\/gestion-des-versions\\\/versiondog\\\/\",\"name\":\"Versiondog - Novotek CH\",\"isPartOf\":{\"@id\":\"https:\\\/\\\/www.novotek.com\\\/ch\\\/#website\"},\"datePublished\":\"2023-01-05T10:34:52+00:00\",\"dateModified\":\"2024-02-23T09:18:08+00:00\",\"description\":\"La maintenance moderne des installations et machines gr\u00e2ce \u00e0 la gestion des versions et la gestion des modifications de Versiondog.\",\"breadcrumb\":{\"@id\":\"https:\\\/\\\/www.novotek.com\\\/ch\\\/fr\\\/gestion-des-versions\\\/versiondog\\\/#breadcrumb\"},\"inLanguage\":\"fr-CH\",\"potentialAction\":[{\"@type\":\"ReadAction\",\"target\":[\"https:\\\/\\\/www.novotek.com\\\/ch\\\/fr\\\/gestion-des-versions\\\/versiondog\\\/\"]}]},{\"@type\":\"BreadcrumbList\",\"@id\":\"https:\\\/\\\/www.novotek.com\\\/ch\\\/fr\\\/gestion-des-versions\\\/versiondog\\\/#breadcrumb\",\"itemListElement\":[{\"@type\":\"ListItem\",\"position\":1,\"name\":\"Home\",\"item\":\"https:\\\/\\\/www.novotek.com\\\/ch\\\/fr\\\/\"},{\"@type\":\"ListItem\",\"position\":2,\"name\":\"Gestion des versions\",\"item\":\"https:\\\/\\\/www.novotek.com\\\/ch\\\/fr\\\/gestion-des-versions\\\/\"},{\"@type\":\"ListItem\",\"position\":3,\"name\":\"Versiondog\"}]},{\"@type\":\"WebSite\",\"@id\":\"https:\\\/\\\/www.novotek.com\\\/ch\\\/#website\",\"url\":\"https:\\\/\\\/www.novotek.com\\\/ch\\\/\",\"name\":\"Novotek Switzerland AG\",\"description\":\"Connect - Digitalize - Optimize\",\"publisher\":{\"@id\":\"https:\\\/\\\/www.novotek.com\\\/ch\\\/#organization\"},\"potentialAction\":[{\"@type\":\"SearchAction\",\"target\":{\"@type\":\"EntryPoint\",\"urlTemplate\":\"https:\\\/\\\/www.novotek.com\\\/ch\\\/?s={search_term_string}\"},\"query-input\":{\"@type\":\"PropertyValueSpecification\",\"valueRequired\":true,\"valueName\":\"search_term_string\"}}],\"inLanguage\":\"fr-CH\"},{\"@type\":\"Organization\",\"@id\":\"https:\\\/\\\/www.novotek.com\\\/ch\\\/#organization\",\"name\":\"Novotek Switzerland AG\",\"url\":\"https:\\\/\\\/www.novotek.com\\\/ch\\\/\",\"logo\":{\"@type\":\"ImageObject\",\"inLanguage\":\"fr-CH\",\"@id\":\"https:\\\/\\\/www.novotek.com\\\/ch\\\/#\\\/schema\\\/logo\\\/image\\\/\",\"url\":\"https:\\\/\\\/www.novotek.com\\\/ch\\\/wp-content\\\/uploads\\\/sites\\\/3\\\/novotek-symbol-rgb-pos-white-border-512x512-1.png\",\"contentUrl\":\"https:\\\/\\\/www.novotek.com\\\/ch\\\/wp-content\\\/uploads\\\/sites\\\/3\\\/novotek-symbol-rgb-pos-white-border-512x512-1.png\",\"width\":512,\"height\":512,\"caption\":\"Novotek Switzerland AG\"},\"image\":{\"@id\":\"https:\\\/\\\/www.novotek.com\\\/ch\\\/#\\\/schema\\\/logo\\\/image\\\/\"}}]}<\/script>\n<!-- \/ Yoast SEO plugin. -->","yoast_head_json":{"title":"Versiondog - Novotek CH","description":"La maintenance moderne des installations et machines gr\u00e2ce \u00e0 la gestion des versions et la gestion des modifications de Versiondog.","robots":{"index":"index","follow":"follow","max-snippet":"max-snippet:-1","max-image-preview":"max-image-preview:large","max-video-preview":"max-video-preview:-1"},"canonical":"https:\/\/www.novotek.com\/ch\/fr\/gestion-des-versions\/versiondog\/","og_locale":"fr_FR","og_type":"article","og_title":"Versiondog - Novotek CH","og_description":"La maintenance moderne des installations et machines gr\u00e2ce \u00e0 la gestion des versions et la gestion des modifications de Versiondog.","og_url":"https:\/\/www.novotek.com\/ch\/fr\/gestion-des-versions\/versiondog\/","og_site_name":"Novotek CH","article_modified_time":"2024-02-23T09:18:08+00:00","twitter_card":"summary_large_image","twitter_misc":{"Est. reading time":"1 minute"},"schema":{"@context":"https:\/\/schema.org","@graph":[{"@type":"WebPage","@id":"https:\/\/www.novotek.com\/ch\/fr\/gestion-des-versions\/versiondog\/","url":"https:\/\/www.novotek.com\/ch\/fr\/gestion-des-versions\/versiondog\/","name":"Versiondog - Novotek CH","isPartOf":{"@id":"https:\/\/www.novotek.com\/ch\/#website"},"datePublished":"2023-01-05T10:34:52+00:00","dateModified":"2024-02-23T09:18:08+00:00","description":"La maintenance moderne des installations et machines gr\u00e2ce \u00e0 la gestion des versions et la gestion des modifications de Versiondog.","breadcrumb":{"@id":"https:\/\/www.novotek.com\/ch\/fr\/gestion-des-versions\/versiondog\/#breadcrumb"},"inLanguage":"fr-CH","potentialAction":[{"@type":"ReadAction","target":["https:\/\/www.novotek.com\/ch\/fr\/gestion-des-versions\/versiondog\/"]}]},{"@type":"BreadcrumbList","@id":"https:\/\/www.novotek.com\/ch\/fr\/gestion-des-versions\/versiondog\/#breadcrumb","itemListElement":[{"@type":"ListItem","position":1,"name":"Home","item":"https:\/\/www.novotek.com\/ch\/fr\/"},{"@type":"ListItem","position":2,"name":"Gestion des versions","item":"https:\/\/www.novotek.com\/ch\/fr\/gestion-des-versions\/"},{"@type":"ListItem","position":3,"name":"Versiondog"}]},{"@type":"WebSite","@id":"https:\/\/www.novotek.com\/ch\/#website","url":"https:\/\/www.novotek.com\/ch\/","name":"Novotek Switzerland AG","description":"Connect - Digitalize - Optimize","publisher":{"@id":"https:\/\/www.novotek.com\/ch\/#organization"},"potentialAction":[{"@type":"SearchAction","target":{"@type":"EntryPoint","urlTemplate":"https:\/\/www.novotek.com\/ch\/?s={search_term_string}"},"query-input":{"@type":"PropertyValueSpecification","valueRequired":true,"valueName":"search_term_string"}}],"inLanguage":"fr-CH"},{"@type":"Organization","@id":"https:\/\/www.novotek.com\/ch\/#organization","name":"Novotek Switzerland AG","url":"https:\/\/www.novotek.com\/ch\/","logo":{"@type":"ImageObject","inLanguage":"fr-CH","@id":"https:\/\/www.novotek.com\/ch\/#\/schema\/logo\/image\/","url":"https:\/\/www.novotek.com\/ch\/wp-content\/uploads\/sites\/3\/novotek-symbol-rgb-pos-white-border-512x512-1.png","contentUrl":"https:\/\/www.novotek.com\/ch\/wp-content\/uploads\/sites\/3\/novotek-symbol-rgb-pos-white-border-512x512-1.png","width":512,"height":512,"caption":"Novotek Switzerland AG"},"image":{"@id":"https:\/\/www.novotek.com\/ch\/#\/schema\/logo\/image\/"}}]}},"_links":{"self":[{"href":"https:\/\/www.novotek.com\/ch\/fr\/wp-json\/wp\/v2\/pages\/13661","targetHints":{"allow":["GET"]}}],"collection":[{"href":"https:\/\/www.novotek.com\/ch\/fr\/wp-json\/wp\/v2\/pages"}],"about":[{"href":"https:\/\/www.novotek.com\/ch\/fr\/wp-json\/wp\/v2\/types\/page"}],"author":[{"embeddable":true,"href":"https:\/\/www.novotek.com\/ch\/fr\/wp-json\/wp\/v2\/users\/15"}],"replies":[{"embeddable":true,"href":"https:\/\/www.novotek.com\/ch\/fr\/wp-json\/wp\/v2\/comments?post=13661"}],"version-history":[{"count":15,"href":"https:\/\/www.novotek.com\/ch\/fr\/wp-json\/wp\/v2\/pages\/13661\/revisions"}],"predecessor-version":[{"id":20208,"href":"https:\/\/www.novotek.com\/ch\/fr\/wp-json\/wp\/v2\/pages\/13661\/revisions\/20208"}],"up":[{"embeddable":true,"href":"https:\/\/www.novotek.com\/ch\/fr\/wp-json\/wp\/v2\/pages\/13651"}],"wp:attachment":[{"href":"https:\/\/www.novotek.com\/ch\/fr\/wp-json\/wp\/v2\/media?parent=13661"}],"curies":[{"name":"wp","href":"https:\/\/api.w.org\/{rel}","templated":true}]}}