{"id":13667,"date":"2023-01-05T10:36:28","date_gmt":"2023-01-05T10:36:28","guid":{"rendered":"https:\/\/www.novotek.com\/ch\/systmes-e-s\/"},"modified":"2023-02-27T07:59:44","modified_gmt":"2023-02-27T07:59:44","slug":"systmes-e-s","status":"publish","type":"page","link":"https:\/\/www.novotek.com\/ch\/fr\/materiel-industriel\/systmes-e-s\/","title":{"rendered":"Syst&egrave;mes E\/S"},"content":{"rendered":"  <div class=\"hero\">\n    <div class=\"carousel hero-slider small\" data-flickity data-flickity-options='{\"prevNextButtons\": false}'>\n              <div class=\"carousel-cell\">\n          <div class=\"container\">\n            <div class=\"hero-content\">\n                              <h1>Syst\u00e8mes E\/S<\/h1>\n<p>La solution compacte pour les n\u0153uds d&#8217;E\/S d\u00e9centralis\u00e9s. Simple dans la configuration, modulaire dans la communication et intuitive dans l&#8217;utilisation.<\/p>\n              \n                          <\/div>\n          <\/div>\n\n          <img decoding=\"async\" width=\"1024\" height=\"427\" src=\"https:\/\/www.novotek.com\/ch\/wp-content\/uploads\/sites\/3\/2021\/Novotek_UK\/Solutions_and_Products\/VersaMax\/PLS_styresystemer_duotone_1980x800-1024x427.jpg\" class=\"hero-bg\" alt=\"Hero Img\" fetchpriority=\"high\" srcset=\"https:\/\/www.novotek.com\/ch\/wp-content\/uploads\/sites\/3\/2021\/Novotek_UK\/Solutions_and_Products\/VersaMax\/PLS_styresystemer_duotone_1980x800-1024x427.jpg 1024w, https:\/\/www.novotek.com\/ch\/wp-content\/uploads\/sites\/3\/2021\/Novotek_UK\/Solutions_and_Products\/VersaMax\/PLS_styresystemer_duotone_1980x800-300x125.jpg 300w, https:\/\/www.novotek.com\/ch\/wp-content\/uploads\/sites\/3\/2021\/Novotek_UK\/Solutions_and_Products\/VersaMax\/PLS_styresystemer_duotone_1980x800-768x320.jpg 768w, https:\/\/www.novotek.com\/ch\/wp-content\/uploads\/sites\/3\/2021\/Novotek_UK\/Solutions_and_Products\/VersaMax\/PLS_styresystemer_duotone_1980x800-1536x640.jpg 1536w, https:\/\/www.novotek.com\/ch\/wp-content\/uploads\/sites\/3\/2021\/Novotek_UK\/Solutions_and_Products\/VersaMax\/PLS_styresystemer_duotone_1980x800.jpg 1920w\" sizes=\"(max-width: 1024px) 100vw, 1024px\" \/>                  <\/div>\n          <\/div>\n\n      <\/div>\n\n   \n\n\n<div class=\"container-md paragraph  \">\n<p>La s\u00e9rie E\/S sur base Ethernet RSTi d\u2019Emerson propose une communication haute vitesse pour am\u00e9liorer le traitement de grandes quantit\u00e9s de donn\u00e9es \u00e9manant de p\u00e9riph\u00e9riques d\u00e9centralis\u00e9s comme par ex. des capteurs, des convertisseurs de fr\u00e9quence ou des commandes d\u00e9port\u00e9es. RSTi E\/S assure la continuit\u00e9, la connectivit\u00e9 et la coop\u00e9ration des syst\u00e8mes de commande \u00e0 structure d\u00e9centralis\u00e9e.<\/p>\n<\/div>\n\n<div class=\"container-md spacer  \">\n<div style=\"height:50px\" aria-hidden=\"true\" class=\"wp-block-spacer\"><\/div>\n<\/div>\n\n<div class=\"container-md heading  \">\n<h2 class=\"wp-block-heading\" id=\"h-l-architecture-intelligente\">L\u2019architecture intelligente<\/h2>\n<\/div>\n\n<div class=\"container-md paragraph  \">\n<p>De nos jours, les machines mises en r\u00e9seau exigent des syst\u00e8mes de commande innovants et performants. PACSystems RSTi-EP combine une technologie de pointe avec une conception modulaire et compacte. RSTi-EP propose une connectivit\u00e9 et op\u00e9rabilit\u00e9 sup\u00e9rieures dans le domaine industriel, combin\u00e9es \u00e0 des performances \u00e9lev\u00e9es \u2013 le tout avec un encombrement minime.<\/p>\n<\/div>\n\n<div class=\"container-md spacer  \">\n<div style=\"height:50px\" aria-hidden=\"true\" class=\"wp-block-spacer\"><\/div>\n<\/div>\n\n<div class=\"container media-text  \">\n<div class=\"wp-block-media-text alignwide is-stacked-on-mobile\" style=\"grid-template-columns:30% auto\"><figure class=\"wp-block-media-text__media\"><img loading=\"lazy\" decoding=\"async\" width=\"538\" height=\"470\" src=\"https:\/\/www.novotek.com\/ch\/wp-content\/uploads\/sites\/3\/RSTI-EP-Power-Module-Emerson.jpg\" alt=\"RSTI-EP Power Module Emerson\" class=\"wp-image-8910 size-full\" srcset=\"https:\/\/www.novotek.com\/ch\/wp-content\/uploads\/sites\/3\/RSTI-EP-Power-Module-Emerson.jpg 538w, https:\/\/www.novotek.com\/ch\/wp-content\/uploads\/sites\/3\/RSTI-EP-Power-Module-Emerson-300x262.jpg 300w\" sizes=\"auto, (max-width: 538px) 100vw, 538px\" \/><\/figure><div class=\"wp-block-media-text__content\"><div class=\"container-md heading  \">\n<h3 class=\"wp-block-heading\" id=\"h-pacsystems-rsti-ep-e-s\">PACSystems RSTi-EP E\/S<\/h3>\n<\/div>\n\n<div class=\"container-md paragraph  \">\n<p>Le syst\u00e8me E\/S distant RSTi-EP est taill\u00e9 pour les applications industrielles pr\u00e9sentant des exigences s\u00e9v\u00e8res sur le plan de la communication. Il dispose de fonctions de diagnostic optimis\u00e9es, de la connectivit\u00e9 Plug and Play, d\u2019une grande densit\u00e9 de canaux et d\u2019une plage de temp\u00e9ratures de service \u00e9tendue. Ce sont l\u00e0 des propri\u00e9t\u00e9s absolument indispensables dans la construction de machines. Le diagnostic \u00e9tendu prend \u00e9galement en charge la t\u00e9l\u00e9maintenance, en particulier pour les applications dans lesquelles les E\/S, capteurs et actionneurs sont difficilement accessibles. RSTi-EP E\/S est pleinement \u00e9volutif et grandit au fil de vos exigences li\u00e9es au syst\u00e8me.<\/p>\n<\/div>\n\n<div class=\"container-md heading  \">\n<h4 class=\"wp-block-heading\" id=\"h-points-forts\"><strong>Points forts<\/strong><\/h4>\n<\/div>\n\n<div class=\"container-md list  \">\n<ul class=\"wp-block-list\"><div class=\"container-md list-item  \">\n<li>Construction compacte<\/li>\n<\/div>\n\n<div class=\"container-md list-item  \">\n<li>Conception \u00ab&nbsp;Hot Swap&nbsp;\u00bb \u2013 remplacement ais\u00e9 des modules d\u00e9faillants<\/li>\n<\/div>\n\n<div class=\"container-md list-item  \">\n<li>Serveur Web int\u00e9gr\u00e9 pour la mise en service, le diagnostic et la mise \u00e0 niveau du micrologiciel<\/li>\n<\/div>\n\n<div class=\"container-md list-item  \">\n<li>Adaptateur r\u00e9seau&nbsp;: prise en charge de PROFINET RT, PROFIBUS, Modbus TCP et EtherCAT<\/li>\n<\/div>\n\n<div class=\"container-md list-item  \">\n<li>Ethernet 100Mbps<\/li>\n<\/div>\n\n<div class=\"container-md list-item  \">\n<li>Diagnostics d\u2019erreur facilit\u00e9s par les LED sur les E\/S<\/li>\n<\/div>\n\n<div class=\"container-md list-item  \">\n<li>Installation \u00ab&nbsp;Plug and Play&nbsp;\u00bb et maintenance ais\u00e9e<\/li>\n<\/div>\n\n<div class=\"container-md list-item  \">\n<li>Plage de temp\u00e9ratures \u00e9tendue<\/li>\n<\/div><\/ul>\n<\/div><\/div><\/div>\n<\/div>\n\n<div class=\"container-md spacer  \">\n<div style=\"height:100px\" aria-hidden=\"true\" class=\"wp-block-spacer\"><\/div>\n<\/div>\n\n<div class=\"container-md heading  \">\n<h3 class=\"wp-block-heading\" id=\"h-e-s-sur-base-rack-d-emerson\">E\/S sur base rack d\u2019Emerson<\/h3>\n<\/div>\n\n<div class=\"container-md paragraph  \">\n<p>La famille d\u2019E\/S sur base rack d\u2019Emerson comprend deux s\u00e9ries de produits avec une large palette des modules E\/S discrets, analogiques, mixtes ou sp\u00e9ciaux, y compris des thermocouples et des RTD. Tous les modules peuvent \u00eatre enfich\u00e9s sans outils et sont compatibles Hot Plug. La s\u00e9rie VersaMax convient plut\u00f4t pour des petites machines et des applications de processus simples, tandis que la s\u00e9rie RX3i propose des fonctions de diagnostic \u00e9tendues et des fonctions E\/S puissantes avec plusieurs options d\u2019extension, y compris une gestion \u00e9tendue de l\u2019\u00e9nergie.<\/p>\n<\/div>\n\n<div class=\"container-md paragraph  \">\n<p><a href=\"https:\/\/www.emerson.com\/en-us\/automation\/control-and-safety-systems\/programmable-automation-control-systems\/industrial-io\/chassis-based-io\" target=\"_blank\" rel=\"noreferrer noopener\"><strong>Vous trouverez de plus amples informations sur les s\u00e9ries E\/S sur le site Web d\u2019Emerson.<\/strong><\/a><\/p>\n<\/div>\n\n<div class=\"container-md spacer  \">\n<div style=\"height:100px\" aria-hidden=\"true\" class=\"wp-block-spacer\"><\/div>\n<\/div>\n\n<div class=\"container media-text  \">\n<div class=\"wp-block-media-text alignwide is-stacked-on-mobile\" style=\"grid-template-columns:30% auto\"><figure class=\"wp-block-media-text__media\"><img loading=\"lazy\" decoding=\"async\" width=\"600\" height=\"600\" src=\"https:\/\/www.novotek.com\/ch\/wp-content\/uploads\/sites\/3\/pacsystems-rx3i-cpe330-e1580394141801-300x196-1.jpg\" alt=\"\" class=\"wp-image-10212 size-full\" srcset=\"https:\/\/www.novotek.com\/ch\/wp-content\/uploads\/sites\/3\/pacsystems-rx3i-cpe330-e1580394141801-300x196-1.jpg 600w, https:\/\/www.novotek.com\/ch\/wp-content\/uploads\/sites\/3\/pacsystems-rx3i-cpe330-e1580394141801-300x196-1-300x300.jpg 300w, https:\/\/www.novotek.com\/ch\/wp-content\/uploads\/sites\/3\/pacsystems-rx3i-cpe330-e1580394141801-300x196-1-150x150.jpg 150w\" sizes=\"auto, (max-width: 600px) 100vw, 600px\" \/><\/figure><div class=\"wp-block-media-text__content\"><div class=\"container-md heading  \">\n<h3 class=\"wp-block-heading\" id=\"h-e-s-rx3i\">E\/S RX3i<\/h3>\n<\/div>\n\n<div class=\"container-md paragraph  \">\n<p>La s\u00e9rie d\u2019E\/S RX3i a \u00e9t\u00e9 d\u00e9velopp\u00e9e pour les applications discr\u00e8tes et de processus sensibles sur le plan commercial. Les E\/S sur base rack proposent des possibilit\u00e9s de diagnostic \u00e9tendues et une flexibilit\u00e9 optimale gr\u00e2ce \u00e0 la large palette de modules standard et \u00e9tendus.<\/p>\n<\/div><\/div><\/div>\n<\/div>\n\n<div class=\"container media-text  \">\n<div class=\"wp-block-media-text alignwide is-stacked-on-mobile\" style=\"grid-template-columns:30% auto\"><figure class=\"wp-block-media-text__media\"><img loading=\"lazy\" decoding=\"async\" width=\"600\" height=\"307\" src=\"https:\/\/www.novotek.com\/ch\/wp-content\/uploads\/sites\/3\/versamax-300x118-1-e1660916400352.jpg\" alt=\"\" class=\"wp-image-10216 size-full\" srcset=\"https:\/\/www.novotek.com\/ch\/wp-content\/uploads\/sites\/3\/versamax-300x118-1-e1660916400352.jpg 600w, https:\/\/www.novotek.com\/ch\/wp-content\/uploads\/sites\/3\/versamax-300x118-1-e1660916400352-300x154.jpg 300w\" sizes=\"auto, (max-width: 600px) 100vw, 600px\" \/><\/figure><div class=\"wp-block-media-text__content\"><div class=\"container-md heading  \">\n<h3 class=\"wp-block-heading\" id=\"h-e-s-versamax\">E\/S Versamax<\/h3>\n<\/div>\n\n<div class=\"container-md paragraph  \">\n<p>Les E\/S Versamax sont de construction modulaire et peuvent \u00eatre assembl\u00e9es en fonction des besoins. Chaque module se compose du support (Carrier) et du module logique lui-m\u00eame. En cas de d\u00e9faillance, il est possible de remplacer un module logique sans qu\u2019il ne faille interrompre la communication.<\/p>\n<\/div><\/div><\/div>\n<\/div>\n\n<div class=\"container-md spacer  \">\n<div style=\"height:100px\" aria-hidden=\"true\" class=\"wp-block-spacer\"><\/div>\n<\/div>","protected":false},"excerpt":{"rendered":"<p>La s\u00e9rie E\/S sur base Ethernet RSTi d\u2019Emerson propose une communication haute vitesse pour am\u00e9liorer le traitement de grandes quantit\u00e9s de donn\u00e9es \u00e9manant de p\u00e9riph\u00e9riques d\u00e9centralis\u00e9s comme par ex. des capteurs, des convertisseurs de fr\u00e9quence ou des commandes d\u00e9port\u00e9es. RSTi E\/S assure la continuit\u00e9, la connectivit\u00e9 et la coop\u00e9ration des syst\u00e8mes de commande \u00e0 structure [&hellip;]<\/p>\n","protected":false},"author":15,"featured_media":0,"parent":15007,"menu_order":2,"comment_status":"closed","ping_status":"closed","template":"","meta":{"_acf_changed":false,"_relevanssi_hide_post":"","_relevanssi_pin_for_all":"","_relevanssi_pin_keywords":"","_relevanssi_unpin_keywords":"","_relevanssi_related_keywords":"","_relevanssi_related_include_ids":"","_relevanssi_related_exclude_ids":"","_relevanssi_related_no_append":"","_relevanssi_related_not_related":"","_relevanssi_related_posts":"13569,13565,13573,13567,12884,13571","_relevanssi_noindex_reason":"","content-type":"","footnotes":""},"class_list":["post-13667","page","type-page","status-publish","hentry"],"acf":[],"yoast_head":"<!-- This site is optimized with the Yoast SEO plugin v27.4 - https:\/\/yoast.com\/product\/yoast-seo-wordpress\/ -->\n<title>Syst&egrave;mes E\/S - Novotek CH<\/title>\n<meta name=\"description\" content=\"Configurez, g\u00e9rez et actualisez les E\/S compactes et modulaires d\u2019Emerson, en toute rapidit\u00e9 et simplicit\u00e9.\" \/>\n<meta name=\"robots\" content=\"index, follow, max-snippet:-1, max-image-preview:large, max-video-preview:-1\" \/>\n<link rel=\"canonical\" href=\"https:\/\/www.novotek.com\/ch\/fr\/materiel-industriel\/systmes-e-s\/\" \/>\n<meta property=\"og:locale\" content=\"fr_FR\" \/>\n<meta property=\"og:type\" content=\"article\" \/>\n<meta property=\"og:title\" content=\"Syst&egrave;mes E\/S - Novotek CH\" \/>\n<meta property=\"og:description\" content=\"Configurez, g\u00e9rez et actualisez les E\/S compactes et modulaires d\u2019Emerson, en toute rapidit\u00e9 et simplicit\u00e9.\" \/>\n<meta property=\"og:url\" content=\"https:\/\/www.novotek.com\/ch\/fr\/materiel-industriel\/systmes-e-s\/\" \/>\n<meta property=\"og:site_name\" content=\"Novotek CH\" \/>\n<meta property=\"article:modified_time\" content=\"2023-02-27T07:59:44+00:00\" \/>\n<meta property=\"og:image\" content=\"https:\/\/www.novotek.com\/ch\/wp-content\/uploads\/sites\/3\/RSTI-EP-Power-Module-Emerson.jpg\" \/>\n<meta name=\"twitter:card\" content=\"summary_large_image\" \/>\n<meta name=\"twitter:label1\" content=\"Est. reading time\" \/>\n\t<meta name=\"twitter:data1\" content=\"4 minutes\" \/>\n<script type=\"application\/ld+json\" class=\"yoast-schema-graph\">{\"@context\":\"https:\\\/\\\/schema.org\",\"@graph\":[{\"@type\":\"WebPage\",\"@id\":\"https:\\\/\\\/www.novotek.com\\\/ch\\\/fr\\\/materiel-industriel\\\/systmes-e-s\\\/\",\"url\":\"https:\\\/\\\/www.novotek.com\\\/ch\\\/fr\\\/materiel-industriel\\\/systmes-e-s\\\/\",\"name\":\"Syst&egrave;mes E\\\/S - Novotek CH\",\"isPartOf\":{\"@id\":\"https:\\\/\\\/www.novotek.com\\\/ch\\\/#website\"},\"primaryImageOfPage\":{\"@id\":\"https:\\\/\\\/www.novotek.com\\\/ch\\\/fr\\\/materiel-industriel\\\/systmes-e-s\\\/#primaryimage\"},\"image\":{\"@id\":\"https:\\\/\\\/www.novotek.com\\\/ch\\\/fr\\\/materiel-industriel\\\/systmes-e-s\\\/#primaryimage\"},\"thumbnailUrl\":\"https:\\\/\\\/www.novotek.com\\\/ch\\\/wp-content\\\/uploads\\\/sites\\\/3\\\/RSTI-EP-Power-Module-Emerson.jpg\",\"datePublished\":\"2023-01-05T10:36:28+00:00\",\"dateModified\":\"2023-02-27T07:59:44+00:00\",\"description\":\"Configurez, g\u00e9rez et actualisez les E\\\/S compactes et modulaires d\u2019Emerson, en toute rapidit\u00e9 et simplicit\u00e9.\",\"breadcrumb\":{\"@id\":\"https:\\\/\\\/www.novotek.com\\\/ch\\\/fr\\\/materiel-industriel\\\/systmes-e-s\\\/#breadcrumb\"},\"inLanguage\":\"fr-CH\",\"potentialAction\":[{\"@type\":\"ReadAction\",\"target\":[\"https:\\\/\\\/www.novotek.com\\\/ch\\\/fr\\\/materiel-industriel\\\/systmes-e-s\\\/\"]}]},{\"@type\":\"ImageObject\",\"inLanguage\":\"fr-CH\",\"@id\":\"https:\\\/\\\/www.novotek.com\\\/ch\\\/fr\\\/materiel-industriel\\\/systmes-e-s\\\/#primaryimage\",\"url\":\"https:\\\/\\\/www.novotek.com\\\/ch\\\/wp-content\\\/uploads\\\/sites\\\/3\\\/RSTI-EP-Power-Module-Emerson.jpg\",\"contentUrl\":\"https:\\\/\\\/www.novotek.com\\\/ch\\\/wp-content\\\/uploads\\\/sites\\\/3\\\/RSTI-EP-Power-Module-Emerson.jpg\"},{\"@type\":\"BreadcrumbList\",\"@id\":\"https:\\\/\\\/www.novotek.com\\\/ch\\\/fr\\\/materiel-industriel\\\/systmes-e-s\\\/#breadcrumb\",\"itemListElement\":[{\"@type\":\"ListItem\",\"position\":1,\"name\":\"Home\",\"item\":\"https:\\\/\\\/www.novotek.com\\\/ch\\\/fr\\\/\"},{\"@type\":\"ListItem\",\"position\":2,\"name\":\"Mat\u00e9riel industriel\",\"item\":\"https:\\\/\\\/www.novotek.com\\\/ch\\\/fr\\\/materiel-industriel\\\/\"},{\"@type\":\"ListItem\",\"position\":3,\"name\":\"Syst&egrave;mes E\\\/S\"}]},{\"@type\":\"WebSite\",\"@id\":\"https:\\\/\\\/www.novotek.com\\\/ch\\\/#website\",\"url\":\"https:\\\/\\\/www.novotek.com\\\/ch\\\/\",\"name\":\"Novotek Switzerland AG\",\"description\":\"Connect - Digitalize - Optimize\",\"publisher\":{\"@id\":\"https:\\\/\\\/www.novotek.com\\\/ch\\\/#organization\"},\"potentialAction\":[{\"@type\":\"SearchAction\",\"target\":{\"@type\":\"EntryPoint\",\"urlTemplate\":\"https:\\\/\\\/www.novotek.com\\\/ch\\\/?s={search_term_string}\"},\"query-input\":{\"@type\":\"PropertyValueSpecification\",\"valueRequired\":true,\"valueName\":\"search_term_string\"}}],\"inLanguage\":\"fr-CH\"},{\"@type\":\"Organization\",\"@id\":\"https:\\\/\\\/www.novotek.com\\\/ch\\\/#organization\",\"name\":\"Novotek Switzerland AG\",\"url\":\"https:\\\/\\\/www.novotek.com\\\/ch\\\/\",\"logo\":{\"@type\":\"ImageObject\",\"inLanguage\":\"fr-CH\",\"@id\":\"https:\\\/\\\/www.novotek.com\\\/ch\\\/#\\\/schema\\\/logo\\\/image\\\/\",\"url\":\"https:\\\/\\\/www.novotek.com\\\/ch\\\/wp-content\\\/uploads\\\/sites\\\/3\\\/novotek-symbol-rgb-pos-white-border-512x512-1.png\",\"contentUrl\":\"https:\\\/\\\/www.novotek.com\\\/ch\\\/wp-content\\\/uploads\\\/sites\\\/3\\\/novotek-symbol-rgb-pos-white-border-512x512-1.png\",\"width\":512,\"height\":512,\"caption\":\"Novotek Switzerland AG\"},\"image\":{\"@id\":\"https:\\\/\\\/www.novotek.com\\\/ch\\\/#\\\/schema\\\/logo\\\/image\\\/\"}}]}<\/script>\n<!-- \/ Yoast SEO plugin. -->","yoast_head_json":{"title":"Syst&egrave;mes E\/S - Novotek CH","description":"Configurez, g\u00e9rez et actualisez les E\/S compactes et modulaires d\u2019Emerson, en toute rapidit\u00e9 et simplicit\u00e9.","robots":{"index":"index","follow":"follow","max-snippet":"max-snippet:-1","max-image-preview":"max-image-preview:large","max-video-preview":"max-video-preview:-1"},"canonical":"https:\/\/www.novotek.com\/ch\/fr\/materiel-industriel\/systmes-e-s\/","og_locale":"fr_FR","og_type":"article","og_title":"Syst&egrave;mes E\/S - Novotek CH","og_description":"Configurez, g\u00e9rez et actualisez les E\/S compactes et modulaires d\u2019Emerson, en toute rapidit\u00e9 et simplicit\u00e9.","og_url":"https:\/\/www.novotek.com\/ch\/fr\/materiel-industriel\/systmes-e-s\/","og_site_name":"Novotek CH","article_modified_time":"2023-02-27T07:59:44+00:00","og_image":[{"url":"https:\/\/www.novotek.com\/ch\/wp-content\/uploads\/sites\/3\/RSTI-EP-Power-Module-Emerson.jpg","type":"","width":"","height":""}],"twitter_card":"summary_large_image","twitter_misc":{"Est. reading time":"4 minutes"},"schema":{"@context":"https:\/\/schema.org","@graph":[{"@type":"WebPage","@id":"https:\/\/www.novotek.com\/ch\/fr\/materiel-industriel\/systmes-e-s\/","url":"https:\/\/www.novotek.com\/ch\/fr\/materiel-industriel\/systmes-e-s\/","name":"Syst&egrave;mes E\/S - Novotek CH","isPartOf":{"@id":"https:\/\/www.novotek.com\/ch\/#website"},"primaryImageOfPage":{"@id":"https:\/\/www.novotek.com\/ch\/fr\/materiel-industriel\/systmes-e-s\/#primaryimage"},"image":{"@id":"https:\/\/www.novotek.com\/ch\/fr\/materiel-industriel\/systmes-e-s\/#primaryimage"},"thumbnailUrl":"https:\/\/www.novotek.com\/ch\/wp-content\/uploads\/sites\/3\/RSTI-EP-Power-Module-Emerson.jpg","datePublished":"2023-01-05T10:36:28+00:00","dateModified":"2023-02-27T07:59:44+00:00","description":"Configurez, g\u00e9rez et actualisez les E\/S compactes et modulaires d\u2019Emerson, en toute rapidit\u00e9 et simplicit\u00e9.","breadcrumb":{"@id":"https:\/\/www.novotek.com\/ch\/fr\/materiel-industriel\/systmes-e-s\/#breadcrumb"},"inLanguage":"fr-CH","potentialAction":[{"@type":"ReadAction","target":["https:\/\/www.novotek.com\/ch\/fr\/materiel-industriel\/systmes-e-s\/"]}]},{"@type":"ImageObject","inLanguage":"fr-CH","@id":"https:\/\/www.novotek.com\/ch\/fr\/materiel-industriel\/systmes-e-s\/#primaryimage","url":"https:\/\/www.novotek.com\/ch\/wp-content\/uploads\/sites\/3\/RSTI-EP-Power-Module-Emerson.jpg","contentUrl":"https:\/\/www.novotek.com\/ch\/wp-content\/uploads\/sites\/3\/RSTI-EP-Power-Module-Emerson.jpg"},{"@type":"BreadcrumbList","@id":"https:\/\/www.novotek.com\/ch\/fr\/materiel-industriel\/systmes-e-s\/#breadcrumb","itemListElement":[{"@type":"ListItem","position":1,"name":"Home","item":"https:\/\/www.novotek.com\/ch\/fr\/"},{"@type":"ListItem","position":2,"name":"Mat\u00e9riel industriel","item":"https:\/\/www.novotek.com\/ch\/fr\/materiel-industriel\/"},{"@type":"ListItem","position":3,"name":"Syst&egrave;mes E\/S"}]},{"@type":"WebSite","@id":"https:\/\/www.novotek.com\/ch\/#website","url":"https:\/\/www.novotek.com\/ch\/","name":"Novotek Switzerland AG","description":"Connect - Digitalize - Optimize","publisher":{"@id":"https:\/\/www.novotek.com\/ch\/#organization"},"potentialAction":[{"@type":"SearchAction","target":{"@type":"EntryPoint","urlTemplate":"https:\/\/www.novotek.com\/ch\/?s={search_term_string}"},"query-input":{"@type":"PropertyValueSpecification","valueRequired":true,"valueName":"search_term_string"}}],"inLanguage":"fr-CH"},{"@type":"Organization","@id":"https:\/\/www.novotek.com\/ch\/#organization","name":"Novotek Switzerland AG","url":"https:\/\/www.novotek.com\/ch\/","logo":{"@type":"ImageObject","inLanguage":"fr-CH","@id":"https:\/\/www.novotek.com\/ch\/#\/schema\/logo\/image\/","url":"https:\/\/www.novotek.com\/ch\/wp-content\/uploads\/sites\/3\/novotek-symbol-rgb-pos-white-border-512x512-1.png","contentUrl":"https:\/\/www.novotek.com\/ch\/wp-content\/uploads\/sites\/3\/novotek-symbol-rgb-pos-white-border-512x512-1.png","width":512,"height":512,"caption":"Novotek Switzerland AG"},"image":{"@id":"https:\/\/www.novotek.com\/ch\/#\/schema\/logo\/image\/"}}]}},"_links":{"self":[{"href":"https:\/\/www.novotek.com\/ch\/fr\/wp-json\/wp\/v2\/pages\/13667","targetHints":{"allow":["GET"]}}],"collection":[{"href":"https:\/\/www.novotek.com\/ch\/fr\/wp-json\/wp\/v2\/pages"}],"about":[{"href":"https:\/\/www.novotek.com\/ch\/fr\/wp-json\/wp\/v2\/types\/page"}],"author":[{"embeddable":true,"href":"https:\/\/www.novotek.com\/ch\/fr\/wp-json\/wp\/v2\/users\/15"}],"replies":[{"embeddable":true,"href":"https:\/\/www.novotek.com\/ch\/fr\/wp-json\/wp\/v2\/comments?post=13667"}],"version-history":[{"count":6,"href":"https:\/\/www.novotek.com\/ch\/fr\/wp-json\/wp\/v2\/pages\/13667\/revisions"}],"predecessor-version":[{"id":15373,"href":"https:\/\/www.novotek.com\/ch\/fr\/wp-json\/wp\/v2\/pages\/13667\/revisions\/15373"}],"up":[{"embeddable":true,"href":"https:\/\/www.novotek.com\/ch\/fr\/wp-json\/wp\/v2\/pages\/15007"}],"wp:attachment":[{"href":"https:\/\/www.novotek.com\/ch\/fr\/wp-json\/wp\/v2\/media?parent=13667"}],"curies":[{"name":"wp","href":"https:\/\/api.w.org\/{rel}","templated":true}]}}