{"id":13669,"date":"2023-01-05T10:37:04","date_gmt":"2023-01-05T10:37:04","guid":{"rendered":"https:\/\/www.novotek.com\/ch\/ipc-webpanel-displays\/"},"modified":"2023-02-27T08:03:01","modified_gmt":"2023-02-27T08:03:01","slug":"ipc-webpanel-displays","status":"publish","type":"page","link":"https:\/\/www.novotek.com\/ch\/fr\/materiel-industriel\/ipc-webpanel-displays\/","title":{"rendered":"IPC, Webpanel &amp; Displays"},"content":{"rendered":"  <div class=\"hero\">\n    <div class=\"carousel hero-slider small\" data-flickity data-flickity-options='{\"prevNextButtons\": false}'>\n              <div class=\"carousel-cell\">\n          <div class=\"container\">\n            <div class=\"hero-content\">\n                              <h1>Industrial PC (IPC)<br \/>\n&amp; Display (HMI)<\/h1>\n<p>Des PC industriels, des panneaux web et des \u00e9crans robustes et performants, con\u00e7us pour les environnements de production difficiles.<\/p>\n              \n                          <\/div>\n          <\/div>\n\n          <img decoding=\"async\" width=\"1024\" height=\"427\" src=\"https:\/\/www.novotek.com\/ch\/wp-content\/uploads\/sites\/3\/2021\/Novotek_UK\/Solutions_and_Products\/Industrial_PC\/PC_duotone_1920x800-1024x427.jpg\" class=\"hero-bg\" alt=\"Hero Img\" fetchpriority=\"high\" srcset=\"https:\/\/www.novotek.com\/ch\/wp-content\/uploads\/sites\/3\/2021\/Novotek_UK\/Solutions_and_Products\/Industrial_PC\/PC_duotone_1920x800-1024x427.jpg 1024w, https:\/\/www.novotek.com\/ch\/wp-content\/uploads\/sites\/3\/2021\/Novotek_UK\/Solutions_and_Products\/Industrial_PC\/PC_duotone_1920x800-300x125.jpg 300w, https:\/\/www.novotek.com\/ch\/wp-content\/uploads\/sites\/3\/2021\/Novotek_UK\/Solutions_and_Products\/Industrial_PC\/PC_duotone_1920x800-768x320.jpg 768w, https:\/\/www.novotek.com\/ch\/wp-content\/uploads\/sites\/3\/2021\/Novotek_UK\/Solutions_and_Products\/Industrial_PC\/PC_duotone_1920x800-1536x640.jpg 1536w, https:\/\/www.novotek.com\/ch\/wp-content\/uploads\/sites\/3\/2021\/Novotek_UK\/Solutions_and_Products\/Industrial_PC\/PC_duotone_1920x800.jpg 1920w\" sizes=\"(max-width: 1024px) 100vw, 1024px\" \/>                  <\/div>\n          <\/div>\n\n      <\/div>\n\n   <div class=\"floating-breadcrumb\"><div class=\"container\"><span><span><a href=\"https:\/\/www.novotek.com\/ch\/fr\/\" class=\"breadcrumb-frontpage\">Home<\/a><\/span><\/span><\/div><\/div>\n\n\n<div class=\"container-md paragraph  \">\n<p>Notre industrie actuelle exige des technologies de haut de gamme capables d\u2019une part de g\u00e9rer tous les types d\u2019environnements de production et d\u2019autre part de ma\u00eetriser les applications les plus gourmandes. Les robustes et performants produits HMI et IPC d\u2019Emerson permettent de r\u00e9aliser ce grand \u00e9cart.&nbsp;La gamme RXi d\u2019Emerson est con\u00e7ue pour fonctionner en toute efficacit\u00e9 dans les rudes environnements industriels.&nbsp;Les moniteurs industriels, panneaux Web et PC industriels vous aident \u00e0 garder \u00e0 tout moment le contr\u00f4le de vos processus et machines.&nbsp;<\/p>\n<\/div>\n\n<div class=\"container-md spacer  \">\n<div style=\"height:30px\" aria-hidden=\"true\" class=\"wp-block-spacer\"><\/div>\n<\/div>\n\n<div class=\"container-md embed  \">\n<figure class=\"wp-block-embed is-type-video is-provider-youtube wp-block-embed-youtube wp-embed-aspect-16-9 wp-has-aspect-ratio\"><div class=\"wp-block-embed__wrapper\">\n<iframe loading=\"lazy\" title=\"RXi Industrial Displays - Better Visualize Your Process\" width=\"1440\" height=\"810\" src=\"https:\/\/www.youtube.com\/embed\/fIw_xZo2g8g?feature=oembed\" frameborder=\"0\" allow=\"accelerometer; autoplay; clipboard-write; encrypted-media; gyroscope; picture-in-picture; web-share\" allowfullscreen><\/iframe>\n<\/div><\/figure>\n<\/div>\n\n<div class=\"container-md paragraph  \">\n<p><strong><a href=\"https:\/\/www.emerson.com\/no-no\/automation\/control-and-safety-systems\/industrial-computing\" target=\"_blank\" rel=\"noreferrer noopener\">D\u00e9couvrez de plus amples informations sur les PC Industriels sur le site Web d\u2019Emerson.<\/a><\/strong><\/p>\n<\/div>\n\n<div class=\"container-md paragraph  \">\n<p>Faites votre choix parmi les PC Industriels, les moniteurs industriels, les Panel PC et les panneaux Web industriels \u2013 Novotek vous aide \u00e0 trouver le produit adapt\u00e9 \u00e0 vos exigences.&nbsp;<\/p>\n<\/div>\n\n<div class=\"container-md spacer  \">\n<div style=\"height:50px\" aria-hidden=\"true\" class=\"wp-block-spacer\"><\/div>\n<\/div>\n\n<div class=\"container media-text  \">\n<div class=\"wp-block-media-text alignwide has-media-on-the-right is-stacked-on-mobile\" style=\"grid-template-columns:auto 40%\"><div class=\"wp-block-media-text__content\"><div class=\"container-md heading  \">\n<h2 class=\"wp-block-heading\" id=\"h-pc-industriel\">PC Industriel<\/h2>\n<\/div>\n\n<div class=\"container-md paragraph  \">\n<p>Tout PC Industriel doit \u00eatre en mesure de fournir des performances constantes, que ce soit \u00e0 pleine charge ou en pr\u00e9sence de temp\u00e9ratures \u00e9lev\u00e9es.&nbsp;Les IPC d\u2019Emerson combinent une puissance de traitement \u00e9lev\u00e9e avec la solidit\u00e9 industrielle et sont con\u00e7us pour la durabilit\u00e9.&nbsp;La technologie de processeur \u00e0 deux ou quatre c\u0153urs, sans ventilateur et les composants r\u00e9sistants aux chocs prolongent largement la dur\u00e9e de vie du PC Industriel.&nbsp;<\/p>\n<\/div>\n\n<div class=\"container-md paragraph  \">\n<p>Les PC Industriels d\u2019Emerson sont livr\u00e9s avec une grande puissance de calcul pour des applications qui doivent charger, traiter et enregistrer de grandes quantit\u00e9s de donn\u00e9es. Par ex. les visualisations complexes HMI\/SCADA, les applications Historian gourmandes ou les applications d\u2019analyse \u00e0 plusieurs niveaux.&nbsp;Les ports Ethernet haute vitesse offrent une communication puissante et les nouveaux ports USB 3.0 assurent la transmission rapide des donn\u00e9es et une s\u00e9curit\u00e9 accrue.&nbsp;<\/p>\n<\/div><\/div><figure class=\"wp-block-media-text__media\"><img loading=\"lazy\" decoding=\"async\" width=\"555\" height=\"555\" src=\"https:\/\/www.novotek.com\/ch\/wp-content\/uploads\/sites\/3\/Emerson_RXi2BP_IPC.jpg\" alt=\"\" class=\"wp-image-8886 size-full\" srcset=\"https:\/\/www.novotek.com\/ch\/wp-content\/uploads\/sites\/3\/Emerson_RXi2BP_IPC.jpg 555w, https:\/\/www.novotek.com\/ch\/wp-content\/uploads\/sites\/3\/Emerson_RXi2BP_IPC-300x300.jpg 300w, https:\/\/www.novotek.com\/ch\/wp-content\/uploads\/sites\/3\/Emerson_RXi2BP_IPC-150x150.jpg 150w\" sizes=\"auto, (max-width: 555px) 100vw, 555px\" \/><\/figure><\/div>\n<\/div>\n\n<div class=\"container-md spacer  \">\n<div style=\"height:30px\" aria-hidden=\"true\" class=\"wp-block-spacer\"><\/div>\n<\/div>\n\n<div class=\"container media-text  \">\n<div class=\"wp-block-media-text alignwide is-stacked-on-mobile\" style=\"grid-template-columns:40% auto\"><figure class=\"wp-block-media-text__media\"><img loading=\"lazy\" decoding=\"async\" width=\"555\" height=\"555\" src=\"https:\/\/www.novotek.com\/ch\/wp-content\/uploads\/sites\/3\/Emerson_industrial_monitor_hmi.jpg\" alt=\"\" class=\"wp-image-10509 size-full\" srcset=\"https:\/\/www.novotek.com\/ch\/wp-content\/uploads\/sites\/3\/Emerson_industrial_monitor_hmi.jpg 555w, https:\/\/www.novotek.com\/ch\/wp-content\/uploads\/sites\/3\/Emerson_industrial_monitor_hmi-300x300.jpg 300w, https:\/\/www.novotek.com\/ch\/wp-content\/uploads\/sites\/3\/Emerson_industrial_monitor_hmi-150x150.jpg 150w\" sizes=\"auto, (max-width: 555px) 100vw, 555px\" \/><\/figure><div class=\"wp-block-media-text__content\"><div class=\"container-md heading  \">\n<h2 class=\"wp-block-heading\" id=\"h-panel-pc-rxi\">Panel PC RXi<\/h2>\n<\/div>\n\n<div class=\"container-md paragraph  \">\n<p>Les Panel PC RXi d\u2019Emerson sont des p\u00e9riph\u00e9riques modulaires con\u00e7us pour les conditions rudes de l\u2019industrie. Avec une taille d\u2019\u00e9cran entre 7&#8243; et 24&#8243;, l\u2019option de lisibilit\u00e9 optimale \u00e0 la lumi\u00e8re du soleil et une construction ultra mince, le Panel PC reste un choix privil\u00e9gi\u00e9 pour les applications sp\u00e9ciales. L\u2019\u00e9cran tactile de la toute derni\u00e8re g\u00e9n\u00e9ration prend en charge la commande avec des gants et sa r\u00e9solution extr\u00eamement nette vient s\u2019ajouter \u00e0 l\u2019exp\u00e9rience utilisateur.<\/p>\n<\/div>\n\n<div class=\"container-md paragraph  \">\n<p>Le Panel PC RXi est \u00e9quip\u00e9 d\u2019un processeur \u00e0 deux c\u0153urs 1,0&nbsp;GHz ou d\u2019un processeur \u00e0 quatre c\u0153urs 1,2&nbsp;GHz, d\u2019une m\u00e9moire DDR3 RAM 4 ou 8&nbsp;Go et d\u2019un syst\u00e8me d\u2019exploitation Windows 10 IoT Enterprise. Le Panel PC r\u00e9pond ainsi \u00e0 toutes les exigences des logiciels industriels usuels. Et gr\u00e2ce \u00e0 la construction modulaire, la partie ordinateur peut \u00e0 tout moment \u00eatre remplac\u00e9e ind\u00e9pendamment de l\u2019\u00e9cran, selon les besoins changeants.<\/p>\n<\/div><\/div><\/div>\n<\/div>\n\n<div class=\"container-md spacer  \">\n<div style=\"height:50px\" aria-hidden=\"true\" class=\"wp-block-spacer\"><\/div>\n<\/div>\n\n<div class=\"container media-text  \">\n<div class=\"wp-block-media-text alignwide has-media-on-the-right is-stacked-on-mobile\" style=\"grid-template-columns:auto 40%\"><div class=\"wp-block-media-text__content\"><div class=\"container-md heading  \">\n<h2 class=\"wp-block-heading\" id=\"h-panneaux-web-industriels\">Panneaux Web industriels<\/h2>\n<\/div>\n\n<div class=\"container-md paragraph  \">\n<p>Les panneaux Web industriels d\u2019Emerson forment une alternative avantageuse pour l\u2019affichage de pages sur base HTML sur un poste de commande industriel. Les \u00ab&nbsp;Thin Clients&nbsp;\u00bb sont une solution moderne et \u00e9lanc\u00e9e pour enrichir les postes de commande anim\u00e9s avec des informations multidisciplinaires sans devoir installer in situ des logiciels co\u00fbteux et gourmands en ressources. Il s\u2019agit l\u00e0 de la condition de base pour toute strat\u00e9gie de virtualisation.<\/p>\n<\/div>\n\n<div class=\"container-md paragraph  \">\n<p>La gamme de panneaux Web RXi propose des \u00e9crans industriels 7\u2033- 24\u2033 au format large, avec en option un \u00e9cran parfaitement lisible \u00e0 la lumi\u00e8re du soleil pour une utilisation \u00e0 l\u2019int\u00e9rieur et \u00e0 l\u2019ext\u00e9rieur.&nbsp;L\u2019\u00e9cran est prot\u00e9g\u00e9 contre les poussi\u00e8res, l\u2019humidit\u00e9 et les projections directes d\u2019eau, ce qui permet une utilisation polyvalente dans les rudes environnements industriels.&nbsp;Le panneau Web RXi combine du coup la convivialit\u00e9 et la durabilit\u00e9 industrielle \u00e0 un tr\u00e8s haut niveau.<\/p>\n<\/div><\/div><figure class=\"wp-block-media-text__media\"><img loading=\"lazy\" decoding=\"async\" width=\"555\" height=\"555\" src=\"https:\/\/www.novotek.com\/ch\/wp-content\/uploads\/sites\/3\/Emerson_industrial_monitor_hub.jpg\" alt=\"\" class=\"wp-image-10513 size-full\" srcset=\"https:\/\/www.novotek.com\/ch\/wp-content\/uploads\/sites\/3\/Emerson_industrial_monitor_hub.jpg 555w, https:\/\/www.novotek.com\/ch\/wp-content\/uploads\/sites\/3\/Emerson_industrial_monitor_hub-300x300.jpg 300w, https:\/\/www.novotek.com\/ch\/wp-content\/uploads\/sites\/3\/Emerson_industrial_monitor_hub-150x150.jpg 150w\" sizes=\"auto, (max-width: 555px) 100vw, 555px\" \/><\/figure><\/div>\n<\/div>\n\n<div class=\"container-md spacer  \">\n<div style=\"height:50px\" aria-hidden=\"true\" class=\"wp-block-spacer\"><\/div>\n<\/div>\n\n<div class=\"container media-text  \">\n<div class=\"wp-block-media-text alignwide is-stacked-on-mobile\" style=\"grid-template-columns:40% auto\"><figure class=\"wp-block-media-text__media\"><img loading=\"lazy\" decoding=\"async\" width=\"555\" height=\"555\" src=\"https:\/\/www.novotek.com\/ch\/wp-content\/uploads\/sites\/3\/Emerson_industrial_monitor-hmi.jpg\" alt=\"\" class=\"wp-image-10524 size-full\" srcset=\"https:\/\/www.novotek.com\/ch\/wp-content\/uploads\/sites\/3\/Emerson_industrial_monitor-hmi.jpg 555w, https:\/\/www.novotek.com\/ch\/wp-content\/uploads\/sites\/3\/Emerson_industrial_monitor-hmi-300x300.jpg 300w, https:\/\/www.novotek.com\/ch\/wp-content\/uploads\/sites\/3\/Emerson_industrial_monitor-hmi-150x150.jpg 150w\" sizes=\"auto, (max-width: 555px) 100vw, 555px\" \/><\/figure><div class=\"wp-block-media-text__content\"><div class=\"container-md heading  \">\n<h2 class=\"wp-block-heading\" id=\"h-ecran-industriel-hmi\">\u00c9cran industriel (HMI)<\/h2>\n<\/div>\n\n<div class=\"container-md paragraph  \">\n<p>Les \u00e9crans industriels RXi d\u2019Emerson sont des \u00e9crans HMI classiques pour la commande de machines et installations. Les \u00e9crans tactiles robustes et modulaires sont con\u00e7us pour une utilisation dans des environnements industriels tr\u00e8s exigeants.<\/p>\n<\/div>\n\n<div class=\"container-md paragraph  \">\n<p>La gamme RXi Industrial Display propose des \u00e9crans industriels 7\u2033- 24\u2033 au format large.&nbsp;Une variante sp\u00e9ciale pour les applications ext\u00e9rieures pr\u00e9sente un \u00e9cran parfaitement lisible \u00e0 la lumi\u00e8re du soleil. Outre les performances visuelles optimis\u00e9es, d\u2019autres fonctions comme par ex. MST Daisy Chaining pour un c\u00e2blage en boucle, viennent encore am\u00e9liorer la manipulation et l\u2019installation. L\u2019\u00e9cran tactile permet une commande ergonomique et s\u2019approprie la convivialit\u00e9 des smartphones actuels.<\/p>\n<\/div><\/div><\/div>\n<\/div>\n\n<div class=\"container-md spacer  \">\n<div style=\"height:100px\" aria-hidden=\"true\" class=\"wp-block-spacer\"><\/div>\n<\/div>","protected":false},"excerpt":{"rendered":"<p>Notre industrie actuelle exige des technologies de haut de gamme capables d\u2019une part de g\u00e9rer tous les types d\u2019environnements de production et d\u2019autre part de ma\u00eetriser les applications les plus gourmandes. Les robustes et performants produits HMI et IPC d\u2019Emerson permettent de r\u00e9aliser ce grand \u00e9cart.&nbsp;La gamme RXi d\u2019Emerson est con\u00e7ue pour fonctionner en toute [&hellip;]<\/p>\n","protected":false},"author":15,"featured_media":0,"parent":15007,"menu_order":1,"comment_status":"closed","ping_status":"closed","template":"","meta":{"_acf_changed":false,"_relevanssi_hide_post":"","_relevanssi_pin_for_all":"","_relevanssi_pin_keywords":"","_relevanssi_unpin_keywords":"","_relevanssi_related_keywords":"","_relevanssi_related_include_ids":"","_relevanssi_related_exclude_ids":"","_relevanssi_related_no_append":"","_relevanssi_related_not_related":"","_relevanssi_related_posts":"13565,13571,13569,13567,12884,13573","_relevanssi_noindex_reason":"","content-type":"","footnotes":""},"class_list":["post-13669","page","type-page","status-publish","hentry"],"acf":[],"yoast_head":"<!-- This site is optimized with the Yoast SEO plugin v27.4 - https:\/\/yoast.com\/product\/yoast-seo-wordpress\/ -->\n<title>IPC, Webpanel &amp; Displays - Novotek CH<\/title>\n<meta name=\"description\" content=\"Nous vous proposons les puissants PC Industriels et \u00e9crans HMI d\u2019Emerson qui ont \u00e9t\u00e9 sp\u00e9cialement d\u00e9velopp\u00e9s pour les environnements de production.\" \/>\n<meta name=\"robots\" content=\"index, follow, max-snippet:-1, max-image-preview:large, max-video-preview:-1\" \/>\n<link rel=\"canonical\" href=\"https:\/\/www.novotek.com\/ch\/fr\/materiel-industriel\/ipc-webpanel-displays\/\" \/>\n<meta property=\"og:locale\" content=\"fr_FR\" \/>\n<meta property=\"og:type\" content=\"article\" \/>\n<meta property=\"og:title\" content=\"IPC, Webpanel &amp; Displays - Novotek CH\" \/>\n<meta property=\"og:description\" content=\"Nous vous proposons les puissants PC Industriels et \u00e9crans HMI d\u2019Emerson qui ont \u00e9t\u00e9 sp\u00e9cialement d\u00e9velopp\u00e9s pour les environnements de production.\" \/>\n<meta property=\"og:url\" content=\"https:\/\/www.novotek.com\/ch\/fr\/materiel-industriel\/ipc-webpanel-displays\/\" \/>\n<meta property=\"og:site_name\" content=\"Novotek CH\" \/>\n<meta property=\"article:modified_time\" content=\"2023-02-27T08:03:01+00:00\" \/>\n<meta property=\"og:image\" content=\"https:\/\/www.novotek.com\/ch\/wp-content\/uploads\/sites\/3\/Emerson_RXi2BP_IPC.jpg\" \/>\n<meta name=\"twitter:card\" content=\"summary_large_image\" \/>\n<meta name=\"twitter:label1\" content=\"Est. reading time\" \/>\n\t<meta name=\"twitter:data1\" content=\"5 minutes\" \/>\n<script type=\"application\/ld+json\" class=\"yoast-schema-graph\">{\"@context\":\"https:\\\/\\\/schema.org\",\"@graph\":[{\"@type\":\"WebPage\",\"@id\":\"https:\\\/\\\/www.novotek.com\\\/ch\\\/fr\\\/materiel-industriel\\\/ipc-webpanel-displays\\\/\",\"url\":\"https:\\\/\\\/www.novotek.com\\\/ch\\\/fr\\\/materiel-industriel\\\/ipc-webpanel-displays\\\/\",\"name\":\"IPC, Webpanel &amp; Displays - Novotek CH\",\"isPartOf\":{\"@id\":\"https:\\\/\\\/www.novotek.com\\\/ch\\\/#website\"},\"primaryImageOfPage\":{\"@id\":\"https:\\\/\\\/www.novotek.com\\\/ch\\\/fr\\\/materiel-industriel\\\/ipc-webpanel-displays\\\/#primaryimage\"},\"image\":{\"@id\":\"https:\\\/\\\/www.novotek.com\\\/ch\\\/fr\\\/materiel-industriel\\\/ipc-webpanel-displays\\\/#primaryimage\"},\"thumbnailUrl\":\"https:\\\/\\\/www.novotek.com\\\/ch\\\/wp-content\\\/uploads\\\/sites\\\/3\\\/Emerson_RXi2BP_IPC.jpg\",\"datePublished\":\"2023-01-05T10:37:04+00:00\",\"dateModified\":\"2023-02-27T08:03:01+00:00\",\"description\":\"Nous vous proposons les puissants PC Industriels et \u00e9crans HMI d\u2019Emerson qui ont \u00e9t\u00e9 sp\u00e9cialement d\u00e9velopp\u00e9s pour les environnements de production.\",\"breadcrumb\":{\"@id\":\"https:\\\/\\\/www.novotek.com\\\/ch\\\/fr\\\/materiel-industriel\\\/ipc-webpanel-displays\\\/#breadcrumb\"},\"inLanguage\":\"fr-CH\",\"potentialAction\":[{\"@type\":\"ReadAction\",\"target\":[\"https:\\\/\\\/www.novotek.com\\\/ch\\\/fr\\\/materiel-industriel\\\/ipc-webpanel-displays\\\/\"]}]},{\"@type\":\"ImageObject\",\"inLanguage\":\"fr-CH\",\"@id\":\"https:\\\/\\\/www.novotek.com\\\/ch\\\/fr\\\/materiel-industriel\\\/ipc-webpanel-displays\\\/#primaryimage\",\"url\":\"https:\\\/\\\/www.novotek.com\\\/ch\\\/wp-content\\\/uploads\\\/sites\\\/3\\\/Emerson_RXi2BP_IPC.jpg\",\"contentUrl\":\"https:\\\/\\\/www.novotek.com\\\/ch\\\/wp-content\\\/uploads\\\/sites\\\/3\\\/Emerson_RXi2BP_IPC.jpg\"},{\"@type\":\"BreadcrumbList\",\"@id\":\"https:\\\/\\\/www.novotek.com\\\/ch\\\/fr\\\/materiel-industriel\\\/ipc-webpanel-displays\\\/#breadcrumb\",\"itemListElement\":[{\"@type\":\"ListItem\",\"position\":1,\"name\":\"Home\",\"item\":\"https:\\\/\\\/www.novotek.com\\\/ch\\\/fr\\\/\"},{\"@type\":\"ListItem\",\"position\":2,\"name\":\"Mat\u00e9riel industriel\",\"item\":\"https:\\\/\\\/www.novotek.com\\\/ch\\\/fr\\\/materiel-industriel\\\/\"},{\"@type\":\"ListItem\",\"position\":3,\"name\":\"IPC, Webpanel &amp; Displays\"}]},{\"@type\":\"WebSite\",\"@id\":\"https:\\\/\\\/www.novotek.com\\\/ch\\\/#website\",\"url\":\"https:\\\/\\\/www.novotek.com\\\/ch\\\/\",\"name\":\"Novotek Switzerland AG\",\"description\":\"Connect - Digitalize - Optimize\",\"publisher\":{\"@id\":\"https:\\\/\\\/www.novotek.com\\\/ch\\\/#organization\"},\"potentialAction\":[{\"@type\":\"SearchAction\",\"target\":{\"@type\":\"EntryPoint\",\"urlTemplate\":\"https:\\\/\\\/www.novotek.com\\\/ch\\\/?s={search_term_string}\"},\"query-input\":{\"@type\":\"PropertyValueSpecification\",\"valueRequired\":true,\"valueName\":\"search_term_string\"}}],\"inLanguage\":\"fr-CH\"},{\"@type\":\"Organization\",\"@id\":\"https:\\\/\\\/www.novotek.com\\\/ch\\\/#organization\",\"name\":\"Novotek Switzerland AG\",\"url\":\"https:\\\/\\\/www.novotek.com\\\/ch\\\/\",\"logo\":{\"@type\":\"ImageObject\",\"inLanguage\":\"fr-CH\",\"@id\":\"https:\\\/\\\/www.novotek.com\\\/ch\\\/#\\\/schema\\\/logo\\\/image\\\/\",\"url\":\"https:\\\/\\\/www.novotek.com\\\/ch\\\/wp-content\\\/uploads\\\/sites\\\/3\\\/novotek-symbol-rgb-pos-white-border-512x512-1.png\",\"contentUrl\":\"https:\\\/\\\/www.novotek.com\\\/ch\\\/wp-content\\\/uploads\\\/sites\\\/3\\\/novotek-symbol-rgb-pos-white-border-512x512-1.png\",\"width\":512,\"height\":512,\"caption\":\"Novotek Switzerland AG\"},\"image\":{\"@id\":\"https:\\\/\\\/www.novotek.com\\\/ch\\\/#\\\/schema\\\/logo\\\/image\\\/\"}}]}<\/script>\n<!-- \/ Yoast SEO plugin. -->","yoast_head_json":{"title":"IPC, Webpanel &amp; Displays - Novotek CH","description":"Nous vous proposons les puissants PC Industriels et \u00e9crans HMI d\u2019Emerson qui ont \u00e9t\u00e9 sp\u00e9cialement d\u00e9velopp\u00e9s pour les environnements de production.","robots":{"index":"index","follow":"follow","max-snippet":"max-snippet:-1","max-image-preview":"max-image-preview:large","max-video-preview":"max-video-preview:-1"},"canonical":"https:\/\/www.novotek.com\/ch\/fr\/materiel-industriel\/ipc-webpanel-displays\/","og_locale":"fr_FR","og_type":"article","og_title":"IPC, Webpanel &amp; Displays - Novotek CH","og_description":"Nous vous proposons les puissants PC Industriels et \u00e9crans HMI d\u2019Emerson qui ont \u00e9t\u00e9 sp\u00e9cialement d\u00e9velopp\u00e9s pour les environnements de production.","og_url":"https:\/\/www.novotek.com\/ch\/fr\/materiel-industriel\/ipc-webpanel-displays\/","og_site_name":"Novotek CH","article_modified_time":"2023-02-27T08:03:01+00:00","og_image":[{"url":"https:\/\/www.novotek.com\/ch\/wp-content\/uploads\/sites\/3\/Emerson_RXi2BP_IPC.jpg","type":"","width":"","height":""}],"twitter_card":"summary_large_image","twitter_misc":{"Est. reading time":"5 minutes"},"schema":{"@context":"https:\/\/schema.org","@graph":[{"@type":"WebPage","@id":"https:\/\/www.novotek.com\/ch\/fr\/materiel-industriel\/ipc-webpanel-displays\/","url":"https:\/\/www.novotek.com\/ch\/fr\/materiel-industriel\/ipc-webpanel-displays\/","name":"IPC, Webpanel &amp; Displays - Novotek CH","isPartOf":{"@id":"https:\/\/www.novotek.com\/ch\/#website"},"primaryImageOfPage":{"@id":"https:\/\/www.novotek.com\/ch\/fr\/materiel-industriel\/ipc-webpanel-displays\/#primaryimage"},"image":{"@id":"https:\/\/www.novotek.com\/ch\/fr\/materiel-industriel\/ipc-webpanel-displays\/#primaryimage"},"thumbnailUrl":"https:\/\/www.novotek.com\/ch\/wp-content\/uploads\/sites\/3\/Emerson_RXi2BP_IPC.jpg","datePublished":"2023-01-05T10:37:04+00:00","dateModified":"2023-02-27T08:03:01+00:00","description":"Nous vous proposons les puissants PC Industriels et \u00e9crans HMI d\u2019Emerson qui ont \u00e9t\u00e9 sp\u00e9cialement d\u00e9velopp\u00e9s pour les environnements de production.","breadcrumb":{"@id":"https:\/\/www.novotek.com\/ch\/fr\/materiel-industriel\/ipc-webpanel-displays\/#breadcrumb"},"inLanguage":"fr-CH","potentialAction":[{"@type":"ReadAction","target":["https:\/\/www.novotek.com\/ch\/fr\/materiel-industriel\/ipc-webpanel-displays\/"]}]},{"@type":"ImageObject","inLanguage":"fr-CH","@id":"https:\/\/www.novotek.com\/ch\/fr\/materiel-industriel\/ipc-webpanel-displays\/#primaryimage","url":"https:\/\/www.novotek.com\/ch\/wp-content\/uploads\/sites\/3\/Emerson_RXi2BP_IPC.jpg","contentUrl":"https:\/\/www.novotek.com\/ch\/wp-content\/uploads\/sites\/3\/Emerson_RXi2BP_IPC.jpg"},{"@type":"BreadcrumbList","@id":"https:\/\/www.novotek.com\/ch\/fr\/materiel-industriel\/ipc-webpanel-displays\/#breadcrumb","itemListElement":[{"@type":"ListItem","position":1,"name":"Home","item":"https:\/\/www.novotek.com\/ch\/fr\/"},{"@type":"ListItem","position":2,"name":"Mat\u00e9riel industriel","item":"https:\/\/www.novotek.com\/ch\/fr\/materiel-industriel\/"},{"@type":"ListItem","position":3,"name":"IPC, Webpanel &amp; Displays"}]},{"@type":"WebSite","@id":"https:\/\/www.novotek.com\/ch\/#website","url":"https:\/\/www.novotek.com\/ch\/","name":"Novotek Switzerland AG","description":"Connect - Digitalize - Optimize","publisher":{"@id":"https:\/\/www.novotek.com\/ch\/#organization"},"potentialAction":[{"@type":"SearchAction","target":{"@type":"EntryPoint","urlTemplate":"https:\/\/www.novotek.com\/ch\/?s={search_term_string}"},"query-input":{"@type":"PropertyValueSpecification","valueRequired":true,"valueName":"search_term_string"}}],"inLanguage":"fr-CH"},{"@type":"Organization","@id":"https:\/\/www.novotek.com\/ch\/#organization","name":"Novotek Switzerland AG","url":"https:\/\/www.novotek.com\/ch\/","logo":{"@type":"ImageObject","inLanguage":"fr-CH","@id":"https:\/\/www.novotek.com\/ch\/#\/schema\/logo\/image\/","url":"https:\/\/www.novotek.com\/ch\/wp-content\/uploads\/sites\/3\/novotek-symbol-rgb-pos-white-border-512x512-1.png","contentUrl":"https:\/\/www.novotek.com\/ch\/wp-content\/uploads\/sites\/3\/novotek-symbol-rgb-pos-white-border-512x512-1.png","width":512,"height":512,"caption":"Novotek Switzerland AG"},"image":{"@id":"https:\/\/www.novotek.com\/ch\/#\/schema\/logo\/image\/"}}]}},"_links":{"self":[{"href":"https:\/\/www.novotek.com\/ch\/fr\/wp-json\/wp\/v2\/pages\/13669","targetHints":{"allow":["GET"]}}],"collection":[{"href":"https:\/\/www.novotek.com\/ch\/fr\/wp-json\/wp\/v2\/pages"}],"about":[{"href":"https:\/\/www.novotek.com\/ch\/fr\/wp-json\/wp\/v2\/types\/page"}],"author":[{"embeddable":true,"href":"https:\/\/www.novotek.com\/ch\/fr\/wp-json\/wp\/v2\/users\/15"}],"replies":[{"embeddable":true,"href":"https:\/\/www.novotek.com\/ch\/fr\/wp-json\/wp\/v2\/comments?post=13669"}],"version-history":[{"count":11,"href":"https:\/\/www.novotek.com\/ch\/fr\/wp-json\/wp\/v2\/pages\/13669\/revisions"}],"predecessor-version":[{"id":15385,"href":"https:\/\/www.novotek.com\/ch\/fr\/wp-json\/wp\/v2\/pages\/13669\/revisions\/15385"}],"up":[{"embeddable":true,"href":"https:\/\/www.novotek.com\/ch\/fr\/wp-json\/wp\/v2\/pages\/15007"}],"wp:attachment":[{"href":"https:\/\/www.novotek.com\/ch\/fr\/wp-json\/wp\/v2\/media?parent=13669"}],"curies":[{"name":"wp","href":"https:\/\/api.w.org\/{rel}","templated":true}]}}