{"id":13673,"date":"2023-01-05T10:37:39","date_gmt":"2023-01-05T10:37:39","guid":{"rendered":"https:\/\/www.novotek.com\/ch\/industry-analytics\/"},"modified":"2025-09-30T15:28:54","modified_gmt":"2025-09-30T15:28:54","slug":"industry-analytics","status":"publish","type":"page","link":"https:\/\/www.novotek.com\/ch\/fr\/industry-analytics\/","title":{"rendered":"Industry Analytics"},"content":{"rendered":"  <div class=\"hero\">\n    <div class=\"carousel hero-slider small\" data-flickity data-flickity-options='{\"prevNextButtons\": false}'>\n              <div class=\"carousel-cell\">\n          <div class=\"container\">\n            <div class=\"hero-content\">\n                              <h1>Optimisation des installations &amp; des processus<\/h1>\n<p><strong>Des pr\u00e9visions fiables gr\u00e2ce \u00e0 l&#8217;analyse des donn\u00e9es<\/strong><br \/>\nLes bonnes informations au bon moment vous permettent de prendre des d\u00e9cisions importantes de mani\u00e8re efficace et cibl\u00e9e.<\/p>\n              \n                          <\/div>\n          <\/div>\n\n          <img decoding=\"async\" width=\"1024\" height=\"427\" src=\"https:\/\/www.novotek.com\/ch\/wp-content\/uploads\/sites\/3\/2021\/Novotek_UK\/Solutions_and_Products\/Analytics\/Novotek_solutions_Analytics_header_1920x800px-1024x427.jpg\" class=\"hero-bg\" alt=\"Hero Img\" fetchpriority=\"high\" srcset=\"https:\/\/www.novotek.com\/ch\/wp-content\/uploads\/sites\/3\/2021\/Novotek_UK\/Solutions_and_Products\/Analytics\/Novotek_solutions_Analytics_header_1920x800px-1024x427.jpg 1024w, https:\/\/www.novotek.com\/ch\/wp-content\/uploads\/sites\/3\/2021\/Novotek_UK\/Solutions_and_Products\/Analytics\/Novotek_solutions_Analytics_header_1920x800px-300x125.jpg 300w, https:\/\/www.novotek.com\/ch\/wp-content\/uploads\/sites\/3\/2021\/Novotek_UK\/Solutions_and_Products\/Analytics\/Novotek_solutions_Analytics_header_1920x800px-768x320.jpg 768w, https:\/\/www.novotek.com\/ch\/wp-content\/uploads\/sites\/3\/2021\/Novotek_UK\/Solutions_and_Products\/Analytics\/Novotek_solutions_Analytics_header_1920x800px-1536x640.jpg 1536w, https:\/\/www.novotek.com\/ch\/wp-content\/uploads\/sites\/3\/2021\/Novotek_UK\/Solutions_and_Products\/Analytics\/Novotek_solutions_Analytics_header_1920x800px.jpg 1920w\" sizes=\"(max-width: 1024px) 100vw, 1024px\" \/>                  <\/div>\n          <\/div>\n\n      <\/div>\n\n   \n\n\n<div class=\"container-md paragraph  \">\n<p>Il y a certainement beaucoup d\u2019\u00e9v\u00e9nements dans vos processus de production que vous auriez pr\u00e9f\u00e9r\u00e9 anticiper plut\u00f4t que de devoir les g\u00e9rer apr\u00e8s coup. Data Analytics, l\u2019intelligence artificielle (AI) et l\u2019apprentissage automatique (ML) permettent de d\u00e9tecter rapidement tout \u00e9cart dans les processus, les machines ou les installations et de r\u00e9agir en temps utile.&nbsp;Data Analytics vous pr\u00e9vient en temps utile de situations pouvant entra\u00eener des pannes, par ex. les vibrations accrues d\u2019un moteur, une consommation anormale de l\u2019\u00e9nergie et des ressources ou encore des charges plus fortes.&nbsp;La base est fournie par des donn\u00e9es de processus historiques g\u00e9n\u00e9r\u00e9es au moyen de valeurs de r\u00e9f\u00e9rence AI et ML. Si des divergences surviennent, les responsables sont directement mis au courant.&nbsp;Ceci d\u00e9bouche sur des temps d&#8217;arr\u00eat r\u00e9duits et une meilleure qualit\u00e9 tout au long du processus.<\/p>\n<\/div>\n\n<div class=\"container-md spacer  \">\n<div style=\"height:50px\" aria-hidden=\"true\" class=\"wp-block-spacer\"><\/div>\n<\/div>\n\n<div class=\"container media-text  alignwide\">\n<div class=\"wp-block-media-text alignwide has-media-on-the-right is-stacked-on-mobile\" style=\"grid-template-columns:auto 40%\"><div class=\"wp-block-media-text__content\"><div class=\"container-md heading  \">\n<h2 class=\"wp-block-heading\" id=\"h-le-coeur-d-analytics-est-l-apprentissage-automatique\">Le c\u0153ur d\u2019Analytics est l\u2019apprentissage automatique<\/h2>\n<\/div>\n\n<div class=\"container-md paragraph  \">\n<p>Analytics, AI et l\u2019apprentissage automatique sont repr\u00e9sentatifs de l\u2019analyse de donn\u00e9es automatis\u00e9e.&nbsp;Ces termes signifient qu\u2019avec une intervention humaine minime, des mod\u00e8les et anomalies peuvent \u00eatre d\u00e9tect\u00e9s \u00e0 un stade pr\u00e9coce. Ceci permet en retour d\u2019optimiser les processus, de simuler des adaptations et d\u2019\u00e9liminer les probl\u00e8mes \u00e0 leur source en temps utile.<\/p>\n<\/div><\/div><figure class=\"wp-block-media-text__media\"><img loading=\"lazy\" decoding=\"async\" width=\"1024\" height=\"446\" src=\"https:\/\/www.novotek.com\/ch\/wp-content\/uploads\/sites\/3\/Novotek_AI_Analytics_MachineLearning_1024x446.png\" alt=\"Graphique\u00a0: analyse de donn\u00e9es avec AI et l\u2019apprentissage automatique\" class=\"wp-image-7211 size-full\" srcset=\"https:\/\/www.novotek.com\/ch\/wp-content\/uploads\/sites\/3\/Novotek_AI_Analytics_MachineLearning_1024x446.png 1024w, https:\/\/www.novotek.com\/ch\/wp-content\/uploads\/sites\/3\/Novotek_AI_Analytics_MachineLearning_1024x446-300x131.png 300w, https:\/\/www.novotek.com\/ch\/wp-content\/uploads\/sites\/3\/Novotek_AI_Analytics_MachineLearning_1024x446-768x335.png 768w\" sizes=\"auto, (max-width: 1024px) 100vw, 1024px\" \/><\/figure><\/div>\n<\/div>\n\n<div class=\"container-md spacer  \">\n<div style=\"height:100px\" aria-hidden=\"true\" class=\"wp-block-spacer\"><\/div>\n<\/div>\n\n<div class=\"container-md heading  \">\n<h3 class=\"wp-block-heading\" id=\"h-qu-est-ce-qu-un-jumeau-numerique\">Qu\u2019est-ce qu\u2019un jumeau num\u00e9rique&nbsp;?<\/h3>\n<\/div>\n\n<div class=\"container-md paragraph  \">\n<p>Un jumeau num\u00e9rique d\u00e9signe une possibilit\u00e9 performante de cr\u00e9er un mod\u00e8le num\u00e9rique \u00e0 partir de toutes les donn\u00e9es disponibles pour un produit, un processus ou une installation.&nbsp;Moyennant une quantit\u00e9 suffisante de donn\u00e9es, les outils AI modernes peuvent les comparer et les analyser sur la base de mod\u00e8les de travail et de r\u00e9sultats.&nbsp;<\/p>\n<\/div>\n\n<div class=\"container-md paragraph  \">\n<p>Le jumeau num\u00e9rique sert \u00e9galement de \u00ab&nbsp;bac \u00e0 sable&nbsp;\u00bb s\u00fbr pour simuler fid\u00e8lement des adaptations de produit ou des modifications de processus sans interrompre la production.<\/p>\n<\/div>\n\n<div class=\"container-md spacer  \">\n<div style=\"height:50px\" aria-hidden=\"true\" class=\"wp-block-spacer\"><\/div>\n<\/div>\n\n<div class=\"container-md heading  \">\n<h3 class=\"wp-block-heading\" id=\"h-decouvrez-toute-la-polyvalence-des-outils-d-analyse-des-donnees\">D\u00e9couvrez toute la polyvalence des outils d\u2019analyse des donn\u00e9es<\/h3>\n<\/div>\n\n<div class=\"container-md paragraph  \">\n<p>Nous avons rassembl\u00e9 les principaux outils pour vous.&nbsp;Ceux-ci comprennent l\u2019analyse de tendances, la mod\u00e9lisation sur base statistique, la mod\u00e9lisation sur base de mod\u00e8les et les derni\u00e8res technologies AI.&nbsp;L\u2019apprentissage automatique rev\u00eat de nombreuses facettes&nbsp;: depuis l\u2019analyse hors ligne et l\u2019identification de tendances jusqu\u2019\u00e0 la mod\u00e9lisation int\u00e9grale en ligne d\u2019un jumeau num\u00e9rique.&nbsp;<\/p>\n<\/div>\n\n<div class=\"container-md spacer  \">\n<div style=\"height:50px\" aria-hidden=\"true\" class=\"wp-block-spacer\"><\/div>\n<\/div>\n\n<div class=\"container-md heading  \">\n<h3 class=\"wp-block-heading\" id=\"h-nous-vous-aidons-a-optimiser-vos-installations-processus\">Nous vous aidons \u00e0 optimiser vos installations &amp; processus<\/h3>\n<\/div>\n\n<div class=\"container-md paragraph  \">\n<p>Vous \u00eates confront\u00e9 \u00e0 certains probl\u00e8mes qui surviennent de mani\u00e8re purement al\u00e9atoire et dont personne ne conna\u00eet le fond&nbsp;? Votre cha\u00eene de fabrication consomme-t-elle plus de ressources qu\u2019une autre cha\u00eene identique&nbsp;? Ou souhaitez-vous exploiter davantage toutes les donn\u00e9es disponibles&nbsp;?<\/p>\n<\/div>\n\n<div class=\"container-md paragraph  \">\n<p>Novotek vous propose tous les outils depuis les solutions d\u2019analyse classiques jusqu\u2019aux technologies sur base Cloud exploitant l\u2019AI et l\u2019apprentissage automatique, y compris&nbsp;Proficy CSense.&nbsp;Nos experts vous aident \u00e0 trouver la solution adapt\u00e9e \u00e0 votre entreprise.&nbsp;<\/p>\n<\/div>\n\n<div class=\"container-md spacer  \">\n<div style=\"height:100px\" aria-hidden=\"true\" class=\"wp-block-spacer\"><\/div>\n<\/div>\n\n  <div class=\"slider-column-parent\">\n    <div class=\"container\">\n      <div class=\"slider-column-title\">Nos produits pour l&#8217;analyse de donn\u00e9es<\/div>\n\n      <div class=\"slider-column\">\n        <div class=\"slider-cell carousel-cell large\"><div class=\"column-box\">\n  \n      <div class=\"title\">\n      Proficy CSense<\/br>GE Vernova    <\/div>\n  \n      <div class=\"text\">\n      <p>Gr\u00e2ce \u00e0 des outils d&#8217;analyse intelligents, identifiez les points faibles de vos processus de production et optimisez les performances de vos installations et de vos processus.<\/p>\n    <\/div>\n  \n      <a class=\"link\"  href=\"https:\/\/www.novotek.com\/ch\/fr\/industry-analytics\/proficy-csense\/\" target=\"\">\n      Proficy CSense    <\/a>\n  \n  <\/div>\n\n<\/div><div class=\"slider-cell carousel-cell large\"><div class=\"column-box\">\n  \n      <div class=\"title\">\n      Proficy Operations Analytics<\/br>GE Vernova    <\/div>\n  \n      <div class=\"text\">\n      <p>Utilisez l&#8217;IA et l&#8217;apprentissage automatique pour surveiller et optimiser la production.<\/p>\n    <\/div>\n  \n      <a class=\"link\"  href=\"https:\/\/www.novotek.com\/ch\/fr\/industry-analytics\/proficy-operations-analytics\/\" target=\"\">\n      Proficy Operations Analytics    <\/a>\n  \n  <\/div>\n\n<\/div>      <\/div>\n    <\/div>\n  <\/div>\n","protected":false},"excerpt":{"rendered":"<p>Analytics est un des principaux acc&eacute;l&eacute;rateurs de la num&eacute;risation. La d&eacute;tection de mod&egrave;les et de tendances dans les donn&eacute;es historiques combin&eacute;e avec les bons algorithmes permet de faire des pr&eacute;visions pour am&eacute;liorer les processus et optimiser les installations industrielles.<\/p>\n","protected":false},"author":15,"featured_media":4416,"parent":0,"menu_order":8,"comment_status":"closed","ping_status":"closed","template":"","meta":{"_acf_changed":false,"_relevanssi_hide_post":"","_relevanssi_pin_for_all":"","_relevanssi_pin_keywords":"","_relevanssi_unpin_keywords":"","_relevanssi_related_keywords":"","_relevanssi_related_include_ids":"","_relevanssi_related_exclude_ids":"","_relevanssi_related_no_append":"","_relevanssi_related_not_related":"","_relevanssi_related_posts":"12409,11944,12096,12884,13573,13565","_relevanssi_noindex_reason":"","content-type":"","footnotes":""},"class_list":["post-13673","page","type-page","status-publish","has-post-thumbnail","hentry"],"acf":[],"yoast_head":"<!-- This site is optimized with the Yoast SEO plugin v27.4 - https:\/\/yoast.com\/product\/yoast-seo-wordpress\/ -->\n<title>Optimisation des installations et des processus industriels<\/title>\n<meta name=\"description\" content=\"Avec les bonnes informations issues d\u2019analyses et de rapports, vous prenez les d\u00e9cisions importantes en toute efficacit\u00e9 et de mani\u00e8re cibl\u00e9e.\" \/>\n<meta name=\"robots\" content=\"index, follow, max-snippet:-1, max-image-preview:large, max-video-preview:-1\" \/>\n<link rel=\"canonical\" href=\"https:\/\/www.novotek.com\/ch\/fr\/industry-analytics\/\" \/>\n<meta property=\"og:locale\" content=\"fr_FR\" \/>\n<meta property=\"og:type\" content=\"article\" \/>\n<meta property=\"og:title\" content=\"Optimisation des installations et des processus industriels\" \/>\n<meta property=\"og:description\" content=\"Avec les bonnes informations issues d\u2019analyses et de rapports, vous prenez les d\u00e9cisions importantes en toute efficacit\u00e9 et de mani\u00e8re cibl\u00e9e.\" \/>\n<meta property=\"og:url\" content=\"https:\/\/www.novotek.com\/ch\/fr\/industry-analytics\/\" \/>\n<meta property=\"og:site_name\" content=\"Novotek CH\" \/>\n<meta property=\"article:modified_time\" content=\"2025-09-30T15:28:54+00:00\" \/>\n<meta property=\"og:image\" content=\"https:\/\/www.novotek.com\/ch\/wp-content\/uploads\/sites\/3\/2021\/Novotek_UK\/Solutions_and_Products\/Analytics\/Novotek_solutions_Analytics_header_1920x800px.jpg\" \/>\n\t<meta property=\"og:image:width\" content=\"1920\" \/>\n\t<meta property=\"og:image:height\" content=\"800\" \/>\n\t<meta property=\"og:image:type\" content=\"image\/jpeg\" \/>\n<meta name=\"twitter:card\" content=\"summary_large_image\" \/>\n<meta name=\"twitter:label1\" content=\"Est. reading time\" \/>\n\t<meta name=\"twitter:data1\" content=\"3 minutes\" \/>\n<script type=\"application\/ld+json\" class=\"yoast-schema-graph\">{\"@context\":\"https:\\\/\\\/schema.org\",\"@graph\":[{\"@type\":\"WebPage\",\"@id\":\"https:\\\/\\\/www.novotek.com\\\/ch\\\/fr\\\/industry-analytics\\\/\",\"url\":\"https:\\\/\\\/www.novotek.com\\\/ch\\\/fr\\\/industry-analytics\\\/\",\"name\":\"Optimisation des installations et des processus industriels\",\"isPartOf\":{\"@id\":\"https:\\\/\\\/www.novotek.com\\\/ch\\\/#website\"},\"primaryImageOfPage\":{\"@id\":\"https:\\\/\\\/www.novotek.com\\\/ch\\\/fr\\\/industry-analytics\\\/#primaryimage\"},\"image\":{\"@id\":\"https:\\\/\\\/www.novotek.com\\\/ch\\\/fr\\\/industry-analytics\\\/#primaryimage\"},\"thumbnailUrl\":\"https:\\\/\\\/www.novotek.com\\\/ch\\\/wp-content\\\/uploads\\\/sites\\\/3\\\/2021\\\/Novotek_UK\\\/Solutions_and_Products\\\/Analytics\\\/Novotek_solutions_Analytics_header_1920x800px.jpg\",\"datePublished\":\"2023-01-05T10:37:39+00:00\",\"dateModified\":\"2025-09-30T15:28:54+00:00\",\"description\":\"Avec les bonnes informations issues d\u2019analyses et de rapports, vous prenez les d\u00e9cisions importantes en toute efficacit\u00e9 et de mani\u00e8re cibl\u00e9e.\",\"breadcrumb\":{\"@id\":\"https:\\\/\\\/www.novotek.com\\\/ch\\\/fr\\\/industry-analytics\\\/#breadcrumb\"},\"inLanguage\":\"fr-CH\",\"potentialAction\":[{\"@type\":\"ReadAction\",\"target\":[\"https:\\\/\\\/www.novotek.com\\\/ch\\\/fr\\\/industry-analytics\\\/\"]}]},{\"@type\":\"ImageObject\",\"inLanguage\":\"fr-CH\",\"@id\":\"https:\\\/\\\/www.novotek.com\\\/ch\\\/fr\\\/industry-analytics\\\/#primaryimage\",\"url\":\"https:\\\/\\\/www.novotek.com\\\/ch\\\/wp-content\\\/uploads\\\/sites\\\/3\\\/2021\\\/Novotek_UK\\\/Solutions_and_Products\\\/Analytics\\\/Novotek_solutions_Analytics_header_1920x800px.jpg\",\"contentUrl\":\"https:\\\/\\\/www.novotek.com\\\/ch\\\/wp-content\\\/uploads\\\/sites\\\/3\\\/2021\\\/Novotek_UK\\\/Solutions_and_Products\\\/Analytics\\\/Novotek_solutions_Analytics_header_1920x800px.jpg\",\"width\":1920,\"height\":800},{\"@type\":\"BreadcrumbList\",\"@id\":\"https:\\\/\\\/www.novotek.com\\\/ch\\\/fr\\\/industry-analytics\\\/#breadcrumb\",\"itemListElement\":[{\"@type\":\"ListItem\",\"position\":1,\"name\":\"Home\",\"item\":\"https:\\\/\\\/www.novotek.com\\\/ch\\\/fr\\\/\"},{\"@type\":\"ListItem\",\"position\":2,\"name\":\"Industry Analytics\"}]},{\"@type\":\"WebSite\",\"@id\":\"https:\\\/\\\/www.novotek.com\\\/ch\\\/#website\",\"url\":\"https:\\\/\\\/www.novotek.com\\\/ch\\\/\",\"name\":\"Novotek Switzerland AG\",\"description\":\"Connect - Digitalize - Optimize\",\"publisher\":{\"@id\":\"https:\\\/\\\/www.novotek.com\\\/ch\\\/#organization\"},\"potentialAction\":[{\"@type\":\"SearchAction\",\"target\":{\"@type\":\"EntryPoint\",\"urlTemplate\":\"https:\\\/\\\/www.novotek.com\\\/ch\\\/?s={search_term_string}\"},\"query-input\":{\"@type\":\"PropertyValueSpecification\",\"valueRequired\":true,\"valueName\":\"search_term_string\"}}],\"inLanguage\":\"fr-CH\"},{\"@type\":\"Organization\",\"@id\":\"https:\\\/\\\/www.novotek.com\\\/ch\\\/#organization\",\"name\":\"Novotek Switzerland AG\",\"url\":\"https:\\\/\\\/www.novotek.com\\\/ch\\\/\",\"logo\":{\"@type\":\"ImageObject\",\"inLanguage\":\"fr-CH\",\"@id\":\"https:\\\/\\\/www.novotek.com\\\/ch\\\/#\\\/schema\\\/logo\\\/image\\\/\",\"url\":\"https:\\\/\\\/www.novotek.com\\\/ch\\\/wp-content\\\/uploads\\\/sites\\\/3\\\/novotek-symbol-rgb-pos-white-border-512x512-1.png\",\"contentUrl\":\"https:\\\/\\\/www.novotek.com\\\/ch\\\/wp-content\\\/uploads\\\/sites\\\/3\\\/novotek-symbol-rgb-pos-white-border-512x512-1.png\",\"width\":512,\"height\":512,\"caption\":\"Novotek Switzerland AG\"},\"image\":{\"@id\":\"https:\\\/\\\/www.novotek.com\\\/ch\\\/#\\\/schema\\\/logo\\\/image\\\/\"}}]}<\/script>\n<!-- \/ Yoast SEO plugin. -->","yoast_head_json":{"title":"Optimisation des installations et des processus industriels","description":"Avec les bonnes informations issues d\u2019analyses et de rapports, vous prenez les d\u00e9cisions importantes en toute efficacit\u00e9 et de mani\u00e8re cibl\u00e9e.","robots":{"index":"index","follow":"follow","max-snippet":"max-snippet:-1","max-image-preview":"max-image-preview:large","max-video-preview":"max-video-preview:-1"},"canonical":"https:\/\/www.novotek.com\/ch\/fr\/industry-analytics\/","og_locale":"fr_FR","og_type":"article","og_title":"Optimisation des installations et des processus industriels","og_description":"Avec les bonnes informations issues d\u2019analyses et de rapports, vous prenez les d\u00e9cisions importantes en toute efficacit\u00e9 et de mani\u00e8re cibl\u00e9e.","og_url":"https:\/\/www.novotek.com\/ch\/fr\/industry-analytics\/","og_site_name":"Novotek CH","article_modified_time":"2025-09-30T15:28:54+00:00","og_image":[{"width":1920,"height":800,"url":"https:\/\/www.novotek.com\/ch\/wp-content\/uploads\/sites\/3\/2021\/Novotek_UK\/Solutions_and_Products\/Analytics\/Novotek_solutions_Analytics_header_1920x800px.jpg","type":"image\/jpeg"}],"twitter_card":"summary_large_image","twitter_misc":{"Est. reading time":"3 minutes"},"schema":{"@context":"https:\/\/schema.org","@graph":[{"@type":"WebPage","@id":"https:\/\/www.novotek.com\/ch\/fr\/industry-analytics\/","url":"https:\/\/www.novotek.com\/ch\/fr\/industry-analytics\/","name":"Optimisation des installations et des processus industriels","isPartOf":{"@id":"https:\/\/www.novotek.com\/ch\/#website"},"primaryImageOfPage":{"@id":"https:\/\/www.novotek.com\/ch\/fr\/industry-analytics\/#primaryimage"},"image":{"@id":"https:\/\/www.novotek.com\/ch\/fr\/industry-analytics\/#primaryimage"},"thumbnailUrl":"https:\/\/www.novotek.com\/ch\/wp-content\/uploads\/sites\/3\/2021\/Novotek_UK\/Solutions_and_Products\/Analytics\/Novotek_solutions_Analytics_header_1920x800px.jpg","datePublished":"2023-01-05T10:37:39+00:00","dateModified":"2025-09-30T15:28:54+00:00","description":"Avec les bonnes informations issues d\u2019analyses et de rapports, vous prenez les d\u00e9cisions importantes en toute efficacit\u00e9 et de mani\u00e8re cibl\u00e9e.","breadcrumb":{"@id":"https:\/\/www.novotek.com\/ch\/fr\/industry-analytics\/#breadcrumb"},"inLanguage":"fr-CH","potentialAction":[{"@type":"ReadAction","target":["https:\/\/www.novotek.com\/ch\/fr\/industry-analytics\/"]}]},{"@type":"ImageObject","inLanguage":"fr-CH","@id":"https:\/\/www.novotek.com\/ch\/fr\/industry-analytics\/#primaryimage","url":"https:\/\/www.novotek.com\/ch\/wp-content\/uploads\/sites\/3\/2021\/Novotek_UK\/Solutions_and_Products\/Analytics\/Novotek_solutions_Analytics_header_1920x800px.jpg","contentUrl":"https:\/\/www.novotek.com\/ch\/wp-content\/uploads\/sites\/3\/2021\/Novotek_UK\/Solutions_and_Products\/Analytics\/Novotek_solutions_Analytics_header_1920x800px.jpg","width":1920,"height":800},{"@type":"BreadcrumbList","@id":"https:\/\/www.novotek.com\/ch\/fr\/industry-analytics\/#breadcrumb","itemListElement":[{"@type":"ListItem","position":1,"name":"Home","item":"https:\/\/www.novotek.com\/ch\/fr\/"},{"@type":"ListItem","position":2,"name":"Industry Analytics"}]},{"@type":"WebSite","@id":"https:\/\/www.novotek.com\/ch\/#website","url":"https:\/\/www.novotek.com\/ch\/","name":"Novotek Switzerland AG","description":"Connect - Digitalize - Optimize","publisher":{"@id":"https:\/\/www.novotek.com\/ch\/#organization"},"potentialAction":[{"@type":"SearchAction","target":{"@type":"EntryPoint","urlTemplate":"https:\/\/www.novotek.com\/ch\/?s={search_term_string}"},"query-input":{"@type":"PropertyValueSpecification","valueRequired":true,"valueName":"search_term_string"}}],"inLanguage":"fr-CH"},{"@type":"Organization","@id":"https:\/\/www.novotek.com\/ch\/#organization","name":"Novotek Switzerland AG","url":"https:\/\/www.novotek.com\/ch\/","logo":{"@type":"ImageObject","inLanguage":"fr-CH","@id":"https:\/\/www.novotek.com\/ch\/#\/schema\/logo\/image\/","url":"https:\/\/www.novotek.com\/ch\/wp-content\/uploads\/sites\/3\/novotek-symbol-rgb-pos-white-border-512x512-1.png","contentUrl":"https:\/\/www.novotek.com\/ch\/wp-content\/uploads\/sites\/3\/novotek-symbol-rgb-pos-white-border-512x512-1.png","width":512,"height":512,"caption":"Novotek Switzerland AG"},"image":{"@id":"https:\/\/www.novotek.com\/ch\/#\/schema\/logo\/image\/"}}]}},"_links":{"self":[{"href":"https:\/\/www.novotek.com\/ch\/fr\/wp-json\/wp\/v2\/pages\/13673","targetHints":{"allow":["GET"]}}],"collection":[{"href":"https:\/\/www.novotek.com\/ch\/fr\/wp-json\/wp\/v2\/pages"}],"about":[{"href":"https:\/\/www.novotek.com\/ch\/fr\/wp-json\/wp\/v2\/types\/page"}],"author":[{"embeddable":true,"href":"https:\/\/www.novotek.com\/ch\/fr\/wp-json\/wp\/v2\/users\/15"}],"replies":[{"embeddable":true,"href":"https:\/\/www.novotek.com\/ch\/fr\/wp-json\/wp\/v2\/comments?post=13673"}],"version-history":[{"count":12,"href":"https:\/\/www.novotek.com\/ch\/fr\/wp-json\/wp\/v2\/pages\/13673\/revisions"}],"predecessor-version":[{"id":27971,"href":"https:\/\/www.novotek.com\/ch\/fr\/wp-json\/wp\/v2\/pages\/13673\/revisions\/27971"}],"wp:featuredmedia":[{"embeddable":true,"href":"https:\/\/www.novotek.com\/ch\/fr\/wp-json\/wp\/v2\/media\/4416"}],"wp:attachment":[{"href":"https:\/\/www.novotek.com\/ch\/fr\/wp-json\/wp\/v2\/media?parent=13673"}],"curies":[{"name":"wp","href":"https:\/\/api.w.org\/{rel}","templated":true}]}}