{"id":13675,"date":"2023-01-05T10:38:14","date_gmt":"2023-01-05T10:38:14","guid":{"rendered":"https:\/\/www.novotek.com\/ch\/industry-analytics\/june5\/"},"modified":"2025-10-21T15:22:54","modified_gmt":"2025-10-21T15:22:54","slug":"june5","status":"publish","type":"page","link":"https:\/\/www.novotek.com\/ch\/fr\/industry-analytics\/june5\/","title":{"rendered":"JUNE5"},"content":{"rendered":"  <div class=\"hero\">\n    <div class=\"carousel hero-slider small\" data-flickity data-flickity-options='{\"prevNextButtons\": false}'>\n              <div class=\"carousel-cell\">\n          <div class=\"container\">\n            <div class=\"hero-content\">\n                              <h1 class=\"elementor-heading-title elementor-size-default\">JUNE5<\/h1>\n<p class=\"elementor-heading-title elementor-size-default\">Obtenez un acc\u00e8s mobile aux donn\u00e9es et informations en temps r\u00e9el de votre installation.<\/p>\n              \n                          <\/div>\n          <\/div>\n\n          <img decoding=\"async\" width=\"1024\" height=\"427\" src=\"https:\/\/www.novotek.com\/ch\/wp-content\/uploads\/sites\/3\/Idus_Uddevalla_Energi_NEW-1024x427.jpg.webp\" class=\"hero-bg\" alt=\"Hero Img\" fetchpriority=\"high\" srcset=\"https:\/\/www.novotek.com\/ch\/wp-content\/uploads\/sites\/3\/Idus_Uddevalla_Energi_NEW-1024x427.jpg.webp 1024w, https:\/\/www.novotek.com\/ch\/wp-content\/uploads\/sites\/3\/Idus_Uddevalla_Energi_NEW-300x125.jpg.webp 300w, https:\/\/www.novotek.com\/ch\/wp-content\/uploads\/sites\/3\/Idus_Uddevalla_Energi_NEW-768x320.jpg.webp 768w, https:\/\/www.novotek.com\/ch\/wp-content\/uploads\/sites\/3\/Idus_Uddevalla_Energi_NEW-1536x640.jpg.webp 1536w, https:\/\/www.novotek.com\/ch\/wp-content\/uploads\/sites\/3\/Idus_Uddevalla_Energi_NEW.jpg.webp 1920w\" sizes=\"(max-width: 1024px) 100vw, 1024px\" \/>                  <\/div>\n          <\/div>\n\n      <\/div>\n\n   \n\n\n<div class=\"container-md paragraph  \">\n<p>JUNE5 vous donne acc\u00e8s en temps r\u00e9el \u00e0 toutes les donn\u00e9es et informations de vos installations. Vous acc\u00e9dez aux donn\u00e9es souhait\u00e9es via l\u2019interface utilisateur intuitive sur votre smartphone ou tablette et vous pouvez les \u00e9valuer selon vos propres crit\u00e8res. Pilotez et contr\u00f4lez int\u00e9gralement vos processus gr\u00e2ce \u00e0 la repr\u00e9sentation claire \u00e0 l\u2019aide de graphiques et de diagrammes. R\u00e9digez instantan\u00e9ment des rapports pour \u00e9valuation et analyse ult\u00e9rieures \u2013 le tout en fonction de vos exigences individuelles.&nbsp;<\/p>\n<\/div>\n\n<div class=\"container-md spacer  \">\n<div style=\"height:50px\" aria-hidden=\"true\" class=\"wp-block-spacer\"><\/div>\n<\/div>\n\n<div class=\"container-md image  \">\n<figure class=\"wp-block-image size-large\"><img loading=\"lazy\" decoding=\"async\" width=\"1024\" height=\"655\" src=\"https:\/\/www.novotek.com\/ch\/wp-content\/uploads\/sites\/3\/\/videc-june5-eco-system-aufbau-de-1140x729-1-1024x655.jpg\" alt=\"Structure JUNE5\" class=\"wp-image-8830\" srcset=\"https:\/\/www.novotek.com\/ch\/wp-content\/uploads\/sites\/3\/videc-june5-eco-system-aufbau-de-1140x729-1-1024x655.jpg 1024w, https:\/\/www.novotek.com\/ch\/wp-content\/uploads\/sites\/3\/videc-june5-eco-system-aufbau-de-1140x729-1-300x192.jpg 300w, https:\/\/www.novotek.com\/ch\/wp-content\/uploads\/sites\/3\/videc-june5-eco-system-aufbau-de-1140x729-1-768x491.jpg 768w, https:\/\/www.novotek.com\/ch\/wp-content\/uploads\/sites\/3\/videc-june5-eco-system-aufbau-de-1140x729-1.jpg 1140w\" sizes=\"auto, (max-width: 1024px) 100vw, 1024px\" \/><\/figure>\n<\/div>\n\n<div class=\"container-md spacer  \">\n<div style=\"height:100px\" aria-hidden=\"true\" class=\"wp-block-spacer\"><\/div>\n<\/div>\n\n<div class=\"container-md heading  \">\n<h2 class=\"wp-block-heading\" id=\"h-possibilites-donnees-par-june5\">Possibilit\u00e9s donn\u00e9es par JUNE5&nbsp;:<\/h2>\n<\/div>\n\n<div class=\"container-md list  \">\n<ul class=\"wp-block-list\"><div class=\"container-md list-item  \">\n<li>Analyser, contr\u00f4ler et \u00e9valuer les donn\u00e9es en temps r\u00e9el.<\/li>\n<\/div>\n\n<div class=\"container-md list-item  \">\n<li>Cr\u00e9er et enregistrer des diagrammes.<\/li>\n<\/div>\n\n<div class=\"container-md list-item  \">\n<li>Reprendre les rapports d&#8217;ACRON et les transf\u00e9rer au format PDF.<\/li>\n<\/div>\n\n<div class=\"container-md list-item  \">\n<li>Saisir des valeurs manuelles &#8211; m\u00eame en mode hors ligne.<\/li>\n<\/div>\n\n<div class=\"container-md list-item  \">\n<li>Attribuer des droits d&#8217;acc\u00e8s aux mandants, groupes et objets.<\/li>\n<\/div>\n\n<div class=\"container-md list-item  \">\n<li>Int\u00e9grer d&#8217;autres applications web.<\/li>\n<\/div><\/ul>\n<\/div>\n\n<div class=\"container-md spacer  \">\n<div style=\"height:50px\" aria-hidden=\"true\" class=\"wp-block-spacer\"><\/div>\n<\/div>\n\n<div class=\"container media-text  alignwide\">\n<div class=\"wp-block-media-text alignwide is-stacked-on-mobile is-vertically-aligned-center\" style=\"grid-template-columns:40% auto\"><figure class=\"wp-block-media-text__media\"><img loading=\"lazy\" decoding=\"async\" width=\"345\" height=\"194\" src=\"https:\/\/www.novotek.com\/ch\/wp-content\/uploads\/sites\/3\/videc-produktnews-june5-1920x1200-2-345x194-1.jpg\" alt=\"\" class=\"wp-image-10414 size-full\" srcset=\"https:\/\/www.novotek.com\/ch\/wp-content\/uploads\/sites\/3\/videc-produktnews-june5-1920x1200-2-345x194-1.jpg 345w, https:\/\/www.novotek.com\/ch\/wp-content\/uploads\/sites\/3\/videc-produktnews-june5-1920x1200-2-345x194-1-300x169.jpg 300w\" sizes=\"auto, (max-width: 345px) 100vw, 345px\" \/><\/figure><div class=\"wp-block-media-text__content\"><div class=\"container-md heading  \">\n<h3 class=\"wp-block-heading\" id=\"h-couplages-toutes-combinaisons-possibles\">Couplages (toutes combinaisons possibles)&nbsp;:<\/h3>\n<\/div>\n\n<div class=\"container-md list  \">\n<ul class=\"wp-block-list\"><div class=\"container-md list-item  \">\n<li>ACRON&nbsp;\u00e0 partir de 7.3 SP 2<\/li>\n<\/div>\n\n<div class=\"container-md list-item  \">\n<li>OPC UA HDA Server<\/li>\n<\/div>\n\n<div class=\"container-md list-item  \">\n<li>OSI PI Connector<\/li>\n<\/div>\n\n<div class=\"container-md list-item  \">\n<li>Proficy Historian de GE Vernova<\/li>\n<\/div>\n\n<div class=\"container-md list-item  \">\n<li>SIMATIC Process Historian<\/li>\n<\/div>\n\n<div class=\"container-md list-item  \">\n<li>via OLE DB Provider<\/li>\n<\/div>\n\n<div class=\"container-md list-item  \">\n<li>WinCC\/PCS7 via OLE DB-Provider<\/li>\n<\/div>\n\n<div class=\"container-md list-item  \">\n<li>Wonderware Historian et Honeywell PHD sur demande<\/li>\n<\/div><\/ul>\n<\/div><\/div><\/div>\n<\/div>\n\n<div class=\"container-md spacer  \">\n<div style=\"height:100px\" aria-hidden=\"true\" class=\"wp-block-spacer\"><\/div>\n<\/div>","protected":false},"excerpt":{"rendered":"<p>Acc\u00e9dez \u00e0 distance et en mobilit\u00e9 aux donn\u00e9es et informations en temps r\u00e9el de vos installations.<\/p>\n","protected":false},"author":15,"featured_media":0,"parent":13673,"menu_order":4,"comment_status":"closed","ping_status":"closed","template":"","meta":{"_acf_changed":false,"_relevanssi_hide_post":"","_relevanssi_pin_for_all":"","_relevanssi_pin_keywords":"","_relevanssi_unpin_keywords":"","_relevanssi_related_keywords":"","_relevanssi_related_include_ids":"","_relevanssi_related_exclude_ids":"","_relevanssi_related_no_append":"","_relevanssi_related_not_related":"","_relevanssi_related_posts":"12884,13567,13571,13565,13573,13569","_relevanssi_noindex_reason":"","content-type":"","footnotes":""},"class_list":["post-13675","page","type-page","status-publish","hentry"],"acf":[],"yoast_head":"<!-- This site is optimized with the Yoast SEO plugin v27.4 - https:\/\/yoast.com\/product\/yoast-seo-wordpress\/ -->\n<title>JUNE5 - Novotek Switzerland<\/title>\n<meta name=\"description\" content=\"JUNE5 vous donne un acc\u00e8s mobile aux donn\u00e9es et informations en temps r\u00e9el issues de vos installations.\" \/>\n<meta name=\"robots\" content=\"index, follow, max-snippet:-1, max-image-preview:large, max-video-preview:-1\" \/>\n<link rel=\"canonical\" href=\"https:\/\/www.novotek.com\/ch\/fr\/industry-analytics\/june5\/\" \/>\n<meta property=\"og:locale\" content=\"fr_FR\" \/>\n<meta property=\"og:type\" content=\"article\" \/>\n<meta property=\"og:title\" content=\"JUNE5 - Novotek Switzerland\" \/>\n<meta property=\"og:description\" content=\"JUNE5 vous donne un acc\u00e8s mobile aux donn\u00e9es et informations en temps r\u00e9el issues de vos installations.\" \/>\n<meta property=\"og:url\" content=\"https:\/\/www.novotek.com\/ch\/fr\/industry-analytics\/june5\/\" \/>\n<meta property=\"og:site_name\" content=\"Novotek CH\" \/>\n<meta property=\"article:modified_time\" content=\"2025-10-21T15:22:54+00:00\" \/>\n<meta property=\"og:image\" content=\"https:\/\/www.novotek.com\/ch\/wp-content\/uploads\/sites\/3\/\/videc-june5-eco-system-aufbau-de-1140x729-1-1024x655.jpg\" \/>\n<meta name=\"twitter:card\" content=\"summary_large_image\" \/>\n<meta name=\"twitter:label1\" content=\"Est. reading time\" \/>\n\t<meta name=\"twitter:data1\" content=\"2 minutes\" \/>\n<script type=\"application\/ld+json\" class=\"yoast-schema-graph\">{\"@context\":\"https:\\\/\\\/schema.org\",\"@graph\":[{\"@type\":\"WebPage\",\"@id\":\"https:\\\/\\\/www.novotek.com\\\/ch\\\/fr\\\/industry-analytics\\\/june5\\\/\",\"url\":\"https:\\\/\\\/www.novotek.com\\\/ch\\\/fr\\\/industry-analytics\\\/june5\\\/\",\"name\":\"JUNE5 - Novotek Switzerland\",\"isPartOf\":{\"@id\":\"https:\\\/\\\/www.novotek.com\\\/ch\\\/#website\"},\"primaryImageOfPage\":{\"@id\":\"https:\\\/\\\/www.novotek.com\\\/ch\\\/fr\\\/industry-analytics\\\/june5\\\/#primaryimage\"},\"image\":{\"@id\":\"https:\\\/\\\/www.novotek.com\\\/ch\\\/fr\\\/industry-analytics\\\/june5\\\/#primaryimage\"},\"thumbnailUrl\":\"https:\\\/\\\/www.novotek.com\\\/ch\\\/wp-content\\\/uploads\\\/sites\\\/3\\\/\\\/videc-june5-eco-system-aufbau-de-1140x729-1-1024x655.jpg\",\"datePublished\":\"2023-01-05T10:38:14+00:00\",\"dateModified\":\"2025-10-21T15:22:54+00:00\",\"description\":\"JUNE5 vous donne un acc\u00e8s mobile aux donn\u00e9es et informations en temps r\u00e9el issues de vos installations.\",\"breadcrumb\":{\"@id\":\"https:\\\/\\\/www.novotek.com\\\/ch\\\/fr\\\/industry-analytics\\\/june5\\\/#breadcrumb\"},\"inLanguage\":\"fr-CH\",\"potentialAction\":[{\"@type\":\"ReadAction\",\"target\":[\"https:\\\/\\\/www.novotek.com\\\/ch\\\/fr\\\/industry-analytics\\\/june5\\\/\"]}]},{\"@type\":\"ImageObject\",\"inLanguage\":\"fr-CH\",\"@id\":\"https:\\\/\\\/www.novotek.com\\\/ch\\\/fr\\\/industry-analytics\\\/june5\\\/#primaryimage\",\"url\":\"https:\\\/\\\/www.novotek.com\\\/ch\\\/wp-content\\\/uploads\\\/sites\\\/3\\\/\\\/videc-june5-eco-system-aufbau-de-1140x729-1-1024x655.jpg\",\"contentUrl\":\"https:\\\/\\\/www.novotek.com\\\/ch\\\/wp-content\\\/uploads\\\/sites\\\/3\\\/\\\/videc-june5-eco-system-aufbau-de-1140x729-1-1024x655.jpg\"},{\"@type\":\"BreadcrumbList\",\"@id\":\"https:\\\/\\\/www.novotek.com\\\/ch\\\/fr\\\/industry-analytics\\\/june5\\\/#breadcrumb\",\"itemListElement\":[{\"@type\":\"ListItem\",\"position\":1,\"name\":\"Home\",\"item\":\"https:\\\/\\\/www.novotek.com\\\/ch\\\/fr\\\/\"},{\"@type\":\"ListItem\",\"position\":2,\"name\":\"Industry Analytics\",\"item\":\"https:\\\/\\\/www.novotek.com\\\/ch\\\/fr\\\/industry-analytics\\\/\"},{\"@type\":\"ListItem\",\"position\":3,\"name\":\"JUNE5\"}]},{\"@type\":\"WebSite\",\"@id\":\"https:\\\/\\\/www.novotek.com\\\/ch\\\/#website\",\"url\":\"https:\\\/\\\/www.novotek.com\\\/ch\\\/\",\"name\":\"Novotek Switzerland AG\",\"description\":\"Connect - Digitalize - Optimize\",\"publisher\":{\"@id\":\"https:\\\/\\\/www.novotek.com\\\/ch\\\/#organization\"},\"potentialAction\":[{\"@type\":\"SearchAction\",\"target\":{\"@type\":\"EntryPoint\",\"urlTemplate\":\"https:\\\/\\\/www.novotek.com\\\/ch\\\/?s={search_term_string}\"},\"query-input\":{\"@type\":\"PropertyValueSpecification\",\"valueRequired\":true,\"valueName\":\"search_term_string\"}}],\"inLanguage\":\"fr-CH\"},{\"@type\":\"Organization\",\"@id\":\"https:\\\/\\\/www.novotek.com\\\/ch\\\/#organization\",\"name\":\"Novotek Switzerland AG\",\"url\":\"https:\\\/\\\/www.novotek.com\\\/ch\\\/\",\"logo\":{\"@type\":\"ImageObject\",\"inLanguage\":\"fr-CH\",\"@id\":\"https:\\\/\\\/www.novotek.com\\\/ch\\\/#\\\/schema\\\/logo\\\/image\\\/\",\"url\":\"https:\\\/\\\/www.novotek.com\\\/ch\\\/wp-content\\\/uploads\\\/sites\\\/3\\\/novotek-symbol-rgb-pos-white-border-512x512-1.png\",\"contentUrl\":\"https:\\\/\\\/www.novotek.com\\\/ch\\\/wp-content\\\/uploads\\\/sites\\\/3\\\/novotek-symbol-rgb-pos-white-border-512x512-1.png\",\"width\":512,\"height\":512,\"caption\":\"Novotek Switzerland AG\"},\"image\":{\"@id\":\"https:\\\/\\\/www.novotek.com\\\/ch\\\/#\\\/schema\\\/logo\\\/image\\\/\"}}]}<\/script>\n<!-- \/ Yoast SEO plugin. -->","yoast_head_json":{"title":"JUNE5 - Novotek Switzerland","description":"JUNE5 vous donne un acc\u00e8s mobile aux donn\u00e9es et informations en temps r\u00e9el issues de vos installations.","robots":{"index":"index","follow":"follow","max-snippet":"max-snippet:-1","max-image-preview":"max-image-preview:large","max-video-preview":"max-video-preview:-1"},"canonical":"https:\/\/www.novotek.com\/ch\/fr\/industry-analytics\/june5\/","og_locale":"fr_FR","og_type":"article","og_title":"JUNE5 - Novotek Switzerland","og_description":"JUNE5 vous donne un acc\u00e8s mobile aux donn\u00e9es et informations en temps r\u00e9el issues de vos installations.","og_url":"https:\/\/www.novotek.com\/ch\/fr\/industry-analytics\/june5\/","og_site_name":"Novotek CH","article_modified_time":"2025-10-21T15:22:54+00:00","og_image":[{"url":"https:\/\/www.novotek.com\/ch\/wp-content\/uploads\/sites\/3\/\/videc-june5-eco-system-aufbau-de-1140x729-1-1024x655.jpg","type":"","width":"","height":""}],"twitter_card":"summary_large_image","twitter_misc":{"Est. reading time":"2 minutes"},"schema":{"@context":"https:\/\/schema.org","@graph":[{"@type":"WebPage","@id":"https:\/\/www.novotek.com\/ch\/fr\/industry-analytics\/june5\/","url":"https:\/\/www.novotek.com\/ch\/fr\/industry-analytics\/june5\/","name":"JUNE5 - Novotek Switzerland","isPartOf":{"@id":"https:\/\/www.novotek.com\/ch\/#website"},"primaryImageOfPage":{"@id":"https:\/\/www.novotek.com\/ch\/fr\/industry-analytics\/june5\/#primaryimage"},"image":{"@id":"https:\/\/www.novotek.com\/ch\/fr\/industry-analytics\/june5\/#primaryimage"},"thumbnailUrl":"https:\/\/www.novotek.com\/ch\/wp-content\/uploads\/sites\/3\/\/videc-june5-eco-system-aufbau-de-1140x729-1-1024x655.jpg","datePublished":"2023-01-05T10:38:14+00:00","dateModified":"2025-10-21T15:22:54+00:00","description":"JUNE5 vous donne un acc\u00e8s mobile aux donn\u00e9es et informations en temps r\u00e9el issues de vos installations.","breadcrumb":{"@id":"https:\/\/www.novotek.com\/ch\/fr\/industry-analytics\/june5\/#breadcrumb"},"inLanguage":"fr-CH","potentialAction":[{"@type":"ReadAction","target":["https:\/\/www.novotek.com\/ch\/fr\/industry-analytics\/june5\/"]}]},{"@type":"ImageObject","inLanguage":"fr-CH","@id":"https:\/\/www.novotek.com\/ch\/fr\/industry-analytics\/june5\/#primaryimage","url":"https:\/\/www.novotek.com\/ch\/wp-content\/uploads\/sites\/3\/\/videc-june5-eco-system-aufbau-de-1140x729-1-1024x655.jpg","contentUrl":"https:\/\/www.novotek.com\/ch\/wp-content\/uploads\/sites\/3\/\/videc-june5-eco-system-aufbau-de-1140x729-1-1024x655.jpg"},{"@type":"BreadcrumbList","@id":"https:\/\/www.novotek.com\/ch\/fr\/industry-analytics\/june5\/#breadcrumb","itemListElement":[{"@type":"ListItem","position":1,"name":"Home","item":"https:\/\/www.novotek.com\/ch\/fr\/"},{"@type":"ListItem","position":2,"name":"Industry Analytics","item":"https:\/\/www.novotek.com\/ch\/fr\/industry-analytics\/"},{"@type":"ListItem","position":3,"name":"JUNE5"}]},{"@type":"WebSite","@id":"https:\/\/www.novotek.com\/ch\/#website","url":"https:\/\/www.novotek.com\/ch\/","name":"Novotek Switzerland AG","description":"Connect - Digitalize - Optimize","publisher":{"@id":"https:\/\/www.novotek.com\/ch\/#organization"},"potentialAction":[{"@type":"SearchAction","target":{"@type":"EntryPoint","urlTemplate":"https:\/\/www.novotek.com\/ch\/?s={search_term_string}"},"query-input":{"@type":"PropertyValueSpecification","valueRequired":true,"valueName":"search_term_string"}}],"inLanguage":"fr-CH"},{"@type":"Organization","@id":"https:\/\/www.novotek.com\/ch\/#organization","name":"Novotek Switzerland AG","url":"https:\/\/www.novotek.com\/ch\/","logo":{"@type":"ImageObject","inLanguage":"fr-CH","@id":"https:\/\/www.novotek.com\/ch\/#\/schema\/logo\/image\/","url":"https:\/\/www.novotek.com\/ch\/wp-content\/uploads\/sites\/3\/novotek-symbol-rgb-pos-white-border-512x512-1.png","contentUrl":"https:\/\/www.novotek.com\/ch\/wp-content\/uploads\/sites\/3\/novotek-symbol-rgb-pos-white-border-512x512-1.png","width":512,"height":512,"caption":"Novotek Switzerland AG"},"image":{"@id":"https:\/\/www.novotek.com\/ch\/#\/schema\/logo\/image\/"}}]}},"_links":{"self":[{"href":"https:\/\/www.novotek.com\/ch\/fr\/wp-json\/wp\/v2\/pages\/13675","targetHints":{"allow":["GET"]}}],"collection":[{"href":"https:\/\/www.novotek.com\/ch\/fr\/wp-json\/wp\/v2\/pages"}],"about":[{"href":"https:\/\/www.novotek.com\/ch\/fr\/wp-json\/wp\/v2\/types\/page"}],"author":[{"embeddable":true,"href":"https:\/\/www.novotek.com\/ch\/fr\/wp-json\/wp\/v2\/users\/15"}],"replies":[{"embeddable":true,"href":"https:\/\/www.novotek.com\/ch\/fr\/wp-json\/wp\/v2\/comments?post=13675"}],"version-history":[{"count":9,"href":"https:\/\/www.novotek.com\/ch\/fr\/wp-json\/wp\/v2\/pages\/13675\/revisions"}],"predecessor-version":[{"id":28258,"href":"https:\/\/www.novotek.com\/ch\/fr\/wp-json\/wp\/v2\/pages\/13675\/revisions\/28258"}],"up":[{"embeddable":true,"href":"https:\/\/www.novotek.com\/ch\/fr\/wp-json\/wp\/v2\/pages\/13673"}],"wp:attachment":[{"href":"https:\/\/www.novotek.com\/ch\/fr\/wp-json\/wp\/v2\/media?parent=13675"}],"curies":[{"name":"wp","href":"https:\/\/api.w.org\/{rel}","templated":true}]}}